{"id":67742,"date":"2024-01-19T08:26:11","date_gmt":"2025-12-09T14:54:42","guid":{"rendered":"https:\/\/www.meliconi.com\/?post_type=product&#038;p=67742"},"modified":"2025-12-09T15:54:42","modified_gmt":"2025-12-09T14:54:42","slug":"slimstyle-plus-400-sdr","status":"publish","type":"product","link":"https:\/\/www.meliconi.com\/pt-pt\/produto\/slimstyle-plus-400-sdr\/","title":{"rendered":"SLIMSTYLE PLUS 400 SDR"},"content":{"rendered":"<p data-start=\"80\" data-end=\"560\">SLIMSTYLE PLUS \u00e9 a nova linha de suportes de TV ultrafinos da Meliconi S.p.A., a combina\u00e7\u00e3o perfeita de tecnologia de ponta, materiais de \u00faltima gera\u00e7\u00e3o e design atrativo. A adi\u00e7\u00e3o de um revestimento protetor em borracha em todos os suportes de TV proteger\u00e1 a sua TV ao longo do tempo, sem abdicar de um volume m\u00ednimo (at\u00e9 apenas 2 cm da parede) e com total seguran\u00e7a. Todos os suportes SLIMSTYLE PLUS s\u00e3o 100% Made in Italy, com qualidade certificada TUV e 10 anos de garantia.<\/p>\n<p data-start=\"562\" data-end=\"945\">O modelo 400 SDR \u00e9 um suporte de TV Meliconi de duas articula\u00e7\u00f5es para TVs com perfura\u00e7\u00f5es VESA de 200-300-400 mm, adequado para TVs de grande formato (40&#8243;-82&#8243;). A fun\u00e7\u00e3o EASY TILT PRO, al\u00e9m de permitir alterar livremente a inclina\u00e7\u00e3o vertical do televisor, garante que a TV fique nivelada mesmo ap\u00f3s fixar o suporte de parede, sem necessidade de utilizar qualquer chave de fendas.<\/p>\n<p data-start=\"947\" data-end=\"1244\">O novo sistema de bloqueio FAST BLOCK torna a instala\u00e7\u00e3o f\u00e1cil, segura e r\u00e1pida. Instale a TV em poucos passos: aparafuse os suportes na parte traseira da TV, enganche-a \u00e0 placa e, com um &#8220;clic&#8221;, a TV estar\u00e1 corretamente posicionada! O FAST BLOCK permite a instala\u00e7\u00e3o mesmo por uma \u00fanica pessoa.<\/p>\n<p data-start=\"1246\" data-end=\"1593\" data-is-last-node=\"\" data-is-only-node=\"\">EASY FIX Up&amp;Down \u00e9 o \u00fanico sistema completo de ajuste p\u00f3s-instala\u00e7\u00e3o da TV. Gra\u00e7as a esta tecnologia, os suportes Meliconi permitem ajustes horizontais e verticais ap\u00f3s a instala\u00e7\u00e3o, para corrigir qualquer erro de montagem sem desmontar o suporte e perfurar novamente a parede. Escolha o suporte de TV Meliconi para uma solu\u00e7\u00e3o pr\u00e1tica e elegante.<\/p>\n","protected":false},"excerpt":{"rendered":"<p>Suporte de parede para TV dupla rota\u00e7\u00e3o<\/p>\n","protected":false},"featured_media":67748,"template":"","meta":{"_acf_changed":false},"product_cat":[1713],"product_tag":[],"class_list":{"0":"post-67742","1":"product","2":"type-product","3":"status-publish","4":"has-post-thumbnail","6":"product_cat-slimstyle-plus-pt-pt","7":"pa_movimento-supporto-double-rotation-pt-pt","9":"first","10":"instock","11":"taxable","12":"shipping-taxable","13":"purchasable","14":"product-type-simple"},"acf":[],"yoast_head":"<!-- This site is optimized with the Yoast SEO plugin v26.1.1 - https:\/\/yoast.com\/wordpress\/plugins\/seo\/ -->\n<title>SLIMSTYLE PLUS 400 SDR - Meliconi<\/title>\n<meta name=\"robots\" content=\"index, follow, max-snippet:-1, max-image-preview:large, max-video-preview:-1\" \/>\n<link rel=\"canonical\" href=\"https:\/\/www.meliconi.com\/pt-pt\/produto\/slimstyle-plus-400-sdr\/\" \/>\n<meta property=\"og:locale\" content=\"pt_PT\" \/>\n<meta property=\"og:type\" content=\"article\" \/>\n<meta property=\"og:title\" content=\"SLIMSTYLE PLUS 400 SDR - Meliconi\" \/>\n<meta property=\"og:description\" content=\"Suporte de parede para TV dupla rota\u00e7\u00e3o\" \/>\n<meta property=\"og:url\" content=\"https:\/\/www.meliconi.com\/pt-pt\/produto\/slimstyle-plus-400-sdr\/\" \/>\n<meta property=\"og:site_name\" content=\"Meliconi\" \/>\n<meta property=\"og:image\" content=\"https:\/\/www.meliconi.com\/wp-content\/uploads\/2024\/01\/480994_SLIM-STYLE-Plus-400-SDR-2023-k-1-1-1-1024x724.png\" \/>\n\t<meta property=\"og:image:width\" content=\"1024\" \/>\n\t<meta property=\"og:image:height\" content=\"724\" \/>\n\t<meta property=\"og:image:type\" content=\"image\/png\" \/>\n<meta name=\"twitter:card\" content=\"summary_large_image\" \/>\n<meta name=\"twitter:label1\" content=\"Tempo estimado de leitura\" \/>\n\t<meta name=\"twitter:data1\" content=\"1 minuto\" \/>\n<script type=\"application\/ld+json\" class=\"yoast-schema-graph\">{\"@context\":\"https:\/\/schema.org\",\"@graph\":[{\"@type\":\"WebPage\",\"@id\":\"https:\/\/www.meliconi.com\/pt-pt\/produto\/slimstyle-plus-400-sdr\/\",\"url\":\"https:\/\/www.meliconi.com\/pt-pt\/produto\/slimstyle-plus-400-sdr\/\",\"name\":\"SLIMSTYLE PLUS 400 SDR - Meliconi\",\"isPartOf\":{\"@id\":\"https:\/\/www.meliconi.com\/pt-pt\/#website\"},\"primaryImageOfPage\":{\"@id\":\"https:\/\/www.meliconi.com\/pt-pt\/produto\/slimstyle-plus-400-sdr\/#primaryimage\"},\"image\":{\"@id\":\"https:\/\/www.meliconi.com\/pt-pt\/produto\/slimstyle-plus-400-sdr\/#primaryimage\"},\"thumbnailUrl\":\"https:\/\/www.meliconi.com\/wp-content\/uploads\/2024\/01\/480994_SLIM-STYLE-Plus-400-SDR-2023-k-1-1-1.png\",\"datePublished\":\"2025-12-09T14:54:42+00:00\",\"breadcrumb\":{\"@id\":\"https:\/\/www.meliconi.com\/pt-pt\/produto\/slimstyle-plus-400-sdr\/#breadcrumb\"},\"inLanguage\":\"pt-PT\",\"potentialAction\":[{\"@type\":\"ReadAction\",\"target\":[\"https:\/\/www.meliconi.com\/pt-pt\/produto\/slimstyle-plus-400-sdr\/\"]}]},{\"@type\":\"ImageObject\",\"inLanguage\":\"pt-PT\",\"@id\":\"https:\/\/www.meliconi.com\/pt-pt\/produto\/slimstyle-plus-400-sdr\/#primaryimage\",\"url\":\"https:\/\/www.meliconi.com\/wp-content\/uploads\/2024\/01\/480994_SLIM-STYLE-Plus-400-SDR-2023-k-1-1-1.png\",\"contentUrl\":\"https:\/\/www.meliconi.com\/wp-content\/uploads\/2024\/01\/480994_SLIM-STYLE-Plus-400-SDR-2023-k-1-1-1.png\",\"width\":5000,\"height\":3535},{\"@type\":\"BreadcrumbList\",\"@id\":\"https:\/\/www.meliconi.com\/pt-pt\/produto\/slimstyle-plus-400-sdr\/#breadcrumb\",\"itemListElement\":[{\"@type\":\"ListItem\",\"position\":1,\"name\":\"Home\",\"item\":\"https:\/\/www.meliconi.com\/pt-pt\/\"},{\"@type\":\"ListItem\",\"position\":2,\"name\":\"Shop\",\"item\":\"https:\/\/www.meliconi.com\/pt-pt\/shop-pt\/\"},{\"@type\":\"ListItem\",\"position\":3,\"name\":\"SLIMSTYLE PLUS 400 SDR\"}]},{\"@type\":\"WebSite\",\"@id\":\"https:\/\/www.meliconi.com\/pt-pt\/#website\",\"url\":\"https:\/\/www.meliconi.com\/pt-pt\/\",\"name\":\"Meliconi\",\"description\":\"Lo specialista dell&#039;accessorio\",\"publisher\":{\"@id\":\"https:\/\/www.meliconi.com\/pt-pt\/#organization\"},\"potentialAction\":[{\"@type\":\"SearchAction\",\"target\":{\"@type\":\"EntryPoint\",\"urlTemplate\":\"https:\/\/www.meliconi.com\/pt-pt\/?s={search_term_string}\"},\"query-input\":{\"@type\":\"PropertyValueSpecification\",\"valueRequired\":true,\"valueName\":\"search_term_string\"}}],\"inLanguage\":\"pt-PT\"},{\"@type\":\"Organization\",\"@id\":\"https:\/\/www.meliconi.com\/pt-pt\/#organization\",\"name\":\"Meliconi\",\"url\":\"https:\/\/www.meliconi.com\/pt-pt\/\",\"logo\":{\"@type\":\"ImageObject\",\"inLanguage\":\"pt-PT\",\"@id\":\"https:\/\/www.meliconi.com\/pt-pt\/#\/schema\/logo\/image\/\",\"url\":\"https:\/\/www.meliconi.com\/wp-content\/uploads\/2021\/06\/logo-meliconi.png\",\"contentUrl\":\"https:\/\/www.meliconi.com\/wp-content\/uploads\/2021\/06\/logo-meliconi.png\",\"width\":338,\"height\":102,\"caption\":\"Meliconi\"},\"image\":{\"@id\":\"https:\/\/www.meliconi.com\/pt-pt\/#\/schema\/logo\/image\/\"}}]}<\/script>\n<!-- \/ Yoast SEO plugin. -->","yoast_head_json":{"title":"SLIMSTYLE PLUS 400 SDR - Meliconi","robots":{"index":"index","follow":"follow","max-snippet":"max-snippet:-1","max-image-preview":"max-image-preview:large","max-video-preview":"max-video-preview:-1"},"canonical":"https:\/\/www.meliconi.com\/pt-pt\/produto\/slimstyle-plus-400-sdr\/","og_locale":"pt_PT","og_type":"article","og_title":"SLIMSTYLE PLUS 400 SDR - Meliconi","og_description":"Suporte de parede para TV dupla rota\u00e7\u00e3o","og_url":"https:\/\/www.meliconi.com\/pt-pt\/produto\/slimstyle-plus-400-sdr\/","og_site_name":"Meliconi","og_image":[{"width":1024,"height":724,"url":"https:\/\/www.meliconi.com\/wp-content\/uploads\/2024\/01\/480994_SLIM-STYLE-Plus-400-SDR-2023-k-1-1-1-1024x724.png","type":"image\/png"}],"twitter_card":"summary_large_image","twitter_misc":{"Tempo estimado de leitura":"1 minuto"},"schema":{"@context":"https:\/\/schema.org","@graph":[{"@type":"WebPage","@id":"https:\/\/www.meliconi.com\/pt-pt\/produto\/slimstyle-plus-400-sdr\/","url":"https:\/\/www.meliconi.com\/pt-pt\/produto\/slimstyle-plus-400-sdr\/","name":"SLIMSTYLE PLUS 400 SDR - Meliconi","isPartOf":{"@id":"https:\/\/www.meliconi.com\/pt-pt\/#website"},"primaryImageOfPage":{"@id":"https:\/\/www.meliconi.com\/pt-pt\/produto\/slimstyle-plus-400-sdr\/#primaryimage"},"image":{"@id":"https:\/\/www.meliconi.com\/pt-pt\/produto\/slimstyle-plus-400-sdr\/#primaryimage"},"thumbnailUrl":"https:\/\/www.meliconi.com\/wp-content\/uploads\/2024\/01\/480994_SLIM-STYLE-Plus-400-SDR-2023-k-1-1-1.png","datePublished":"2025-12-09T14:54:42+00:00","breadcrumb":{"@id":"https:\/\/www.meliconi.com\/pt-pt\/produto\/slimstyle-plus-400-sdr\/#breadcrumb"},"inLanguage":"pt-PT","potentialAction":[{"@type":"ReadAction","target":["https:\/\/www.meliconi.com\/pt-pt\/produto\/slimstyle-plus-400-sdr\/"]}]},{"@type":"ImageObject","inLanguage":"pt-PT","@id":"https:\/\/www.meliconi.com\/pt-pt\/produto\/slimstyle-plus-400-sdr\/#primaryimage","url":"https:\/\/www.meliconi.com\/wp-content\/uploads\/2024\/01\/480994_SLIM-STYLE-Plus-400-SDR-2023-k-1-1-1.png","contentUrl":"https:\/\/www.meliconi.com\/wp-content\/uploads\/2024\/01\/480994_SLIM-STYLE-Plus-400-SDR-2023-k-1-1-1.png","width":5000,"height":3535},{"@type":"BreadcrumbList","@id":"https:\/\/www.meliconi.com\/pt-pt\/produto\/slimstyle-plus-400-sdr\/#breadcrumb","itemListElement":[{"@type":"ListItem","position":1,"name":"Home","item":"https:\/\/www.meliconi.com\/pt-pt\/"},{"@type":"ListItem","position":2,"name":"Shop","item":"https:\/\/www.meliconi.com\/pt-pt\/shop-pt\/"},{"@type":"ListItem","position":3,"name":"SLIMSTYLE PLUS 400 SDR"}]},{"@type":"WebSite","@id":"https:\/\/www.meliconi.com\/pt-pt\/#website","url":"https:\/\/www.meliconi.com\/pt-pt\/","name":"Meliconi","description":"Lo specialista dell&#039;accessorio","publisher":{"@id":"https:\/\/www.meliconi.com\/pt-pt\/#organization"},"potentialAction":[{"@type":"SearchAction","target":{"@type":"EntryPoint","urlTemplate":"https:\/\/www.meliconi.com\/pt-pt\/?s={search_term_string}"},"query-input":{"@type":"PropertyValueSpecification","valueRequired":true,"valueName":"search_term_string"}}],"inLanguage":"pt-PT"},{"@type":"Organization","@id":"https:\/\/www.meliconi.com\/pt-pt\/#organization","name":"Meliconi","url":"https:\/\/www.meliconi.com\/pt-pt\/","logo":{"@type":"ImageObject","inLanguage":"pt-PT","@id":"https:\/\/www.meliconi.com\/pt-pt\/#\/schema\/logo\/image\/","url":"https:\/\/www.meliconi.com\/wp-content\/uploads\/2021\/06\/logo-meliconi.png","contentUrl":"https:\/\/www.meliconi.com\/wp-content\/uploads\/2021\/06\/logo-meliconi.png","width":338,"height":102,"caption":"Meliconi"},"image":{"@id":"https:\/\/www.meliconi.com\/pt-pt\/#\/schema\/logo\/image\/"}}]}},"_links":{"self":[{"href":"https:\/\/www.meliconi.com\/pt-pt\/wp-json\/wp\/v2\/product\/67742","targetHints":{"allow":["GET"]}}],"collection":[{"href":"https:\/\/www.meliconi.com\/pt-pt\/wp-json\/wp\/v2\/product"}],"about":[{"href":"https:\/\/www.meliconi.com\/pt-pt\/wp-json\/wp\/v2\/types\/product"}],"wp:featuredmedia":[{"embeddable":true,"href":"https:\/\/www.meliconi.com\/pt-pt\/wp-json\/wp\/v2\/media\/67748"}],"wp:attachment":[{"href":"https:\/\/www.meliconi.com\/pt-pt\/wp-json\/wp\/v2\/media?parent=67742"}],"wp:term":[{"taxonomy":"product_cat","embeddable":true,"href":"https:\/\/www.meliconi.com\/pt-pt\/wp-json\/wp\/v2\/product_cat?post=67742"},{"taxonomy":"product_tag","embeddable":true,"href":"https:\/\/www.meliconi.com\/pt-pt\/wp-json\/wp\/v2\/product_tag?post=67742"}],"curies":[{"name":"wp","href":"https:\/\/api.w.org\/{rel}","templated":true}]}}