{"id":67727,"date":"2023-10-03T12:03:12","date_gmt":"2025-12-09T14:52:03","guid":{"rendered":"https:\/\/www.meliconi.com\/?post_type=product&#038;p=67727"},"modified":"2025-12-09T15:52:03","modified_gmt":"2025-12-09T14:52:03","slug":"hp-flash-evo","status":"publish","type":"product","link":"https:\/\/www.meliconi.com\/pt-pt\/produto\/hp-flash-evo\/","title":{"rendered":"HP FLASH EVO"},"content":{"rendered":"<ul>\n<li data-start=\"80\" data-end=\"216\">\n<p data-start=\"82\" data-end=\"216\">Auscultadores sem fios que permitem ouvir programas e m\u00fasica sem o inc\u00f3modo dos cabos, proporcionando total liberdade de movimentos.<\/p>\n<\/li>\n<li data-start=\"217\" data-end=\"289\">\n<p data-start=\"219\" data-end=\"289\">O sinal sem fios tem um alcance m\u00e1ximo de 10 metros em campo aberto.<\/p>\n<\/li>\n<li data-start=\"290\" data-end=\"458\">\n<p data-start=\"292\" data-end=\"458\">Podem ser ligados \u00e0 televis\u00e3o e a outras fontes de \u00e1udio compat\u00edveis com Bluetooth\u00ae (tamb\u00e9m podem ser utilizados com equipamentos de m\u00fasica, smartphones e tablets).<\/p>\n<\/li>\n<li data-start=\"459\" data-end=\"636\">\n<p data-start=\"461\" data-end=\"636\">Bateria de pol\u00edmero de l\u00edtio integrada, recarrega rapidamente atrav\u00e9s de cabo USB-C (2h30 para carga completa). Aproximadamente 20 horas de uso cont\u00ednuo com uma \u00fanica carga.<\/p>\n<\/li>\n<li data-start=\"637\" data-end=\"679\">\n<p data-start=\"639\" data-end=\"679\">3 n\u00edveis de equaliza\u00e7\u00e3o selecion\u00e1veis.<\/p>\n<\/li>\n<li data-start=\"680\" data-end=\"802\">\n<p data-start=\"682\" data-end=\"802\">Ultraligeiros (aprox. 180 g), ergon\u00f3micos e confort\u00e1veis, os auscultadores adaptam-se perfeitamente \u00e0 forma da orelha.<\/p>\n<\/li>\n<li data-start=\"803\" data-end=\"927\">\n<p data-start=\"805\" data-end=\"927\">Dobr\u00e1veis, podem ser guardados no suporte para auscultadores ou na bolsa para auscultadores (ambos inclu\u00eddos no pacote).<\/p>\n<\/li>\n<li data-start=\"928\" data-end=\"1043\">\n<p data-start=\"930\" data-end=\"1043\">Tamb\u00e9m podem ser utilizados como auscultadores normais com cabo (cabo de \u00e1udio de 3 m inclu\u00eddo, ideal para TV).<\/p>\n<\/li>\n<li data-start=\"1044\" data-end=\"1188\" data-is-last-node=\"\">\n<p data-start=\"1046\" data-end=\"1188\" data-is-last-node=\"\">Conte\u00fado do pacote: auscultadores, suporte, bolsa para auscultadores, cabo AUX de 3 m, cabo de carregamento USB \/ USB-C, manual de instru\u00e7\u00f5es.<\/p>\n<\/li>\n<\/ul>\n","protected":false},"excerpt":{"rendered":"<p>Auriculares para TV com tecnologia Bluetooth 5.3<\/p>\n","protected":false},"featured_media":67728,"template":"","meta":{"_acf_changed":false},"product_cat":[1690],"product_tag":[],"class_list":{"0":"post-67727","1":"product","2":"type-product","3":"status-publish","4":"has-post-thumbnail","6":"product_cat-auscultadores-tv-bluetooth","8":"first","9":"instock","10":"taxable","11":"shipping-taxable","12":"purchasable","13":"product-type-simple"},"acf":[],"yoast_head":"<!-- This site is optimized with the Yoast SEO plugin v26.1.1 - https:\/\/yoast.com\/wordpress\/plugins\/seo\/ -->\n<title>HP FLASH EVO - Meliconi<\/title>\n<meta name=\"robots\" content=\"index, follow, max-snippet:-1, max-image-preview:large, max-video-preview:-1\" \/>\n<link rel=\"canonical\" href=\"https:\/\/www.meliconi.com\/pt-pt\/produto\/hp-flash-evo\/\" \/>\n<meta property=\"og:locale\" content=\"pt_PT\" \/>\n<meta property=\"og:type\" content=\"article\" \/>\n<meta property=\"og:title\" content=\"HP FLASH EVO - Meliconi\" \/>\n<meta property=\"og:description\" content=\"Auriculares para TV com tecnologia Bluetooth 5.3\" \/>\n<meta property=\"og:url\" content=\"https:\/\/www.meliconi.com\/pt-pt\/produto\/hp-flash-evo\/\" \/>\n<meta property=\"og:site_name\" content=\"Meliconi\" \/>\n<meta property=\"og:image\" content=\"https:\/\/www.meliconi.com\/wp-content\/uploads\/2023\/10\/497334_EVO-7-677x1024.png\" \/>\n\t<meta property=\"og:image:width\" content=\"677\" \/>\n\t<meta property=\"og:image:height\" content=\"1024\" \/>\n\t<meta property=\"og:image:type\" content=\"image\/png\" \/>\n<meta name=\"twitter:card\" content=\"summary_large_image\" \/>\n<meta name=\"twitter:label1\" content=\"Tempo estimado de leitura\" \/>\n\t<meta name=\"twitter:data1\" content=\"1 minuto\" \/>\n<script type=\"application\/ld+json\" class=\"yoast-schema-graph\">{\"@context\":\"https:\/\/schema.org\",\"@graph\":[{\"@type\":\"WebPage\",\"@id\":\"https:\/\/www.meliconi.com\/pt-pt\/produto\/hp-flash-evo\/\",\"url\":\"https:\/\/www.meliconi.com\/pt-pt\/produto\/hp-flash-evo\/\",\"name\":\"HP FLASH EVO - Meliconi\",\"isPartOf\":{\"@id\":\"https:\/\/www.meliconi.com\/pt-pt\/#website\"},\"primaryImageOfPage\":{\"@id\":\"https:\/\/www.meliconi.com\/pt-pt\/produto\/hp-flash-evo\/#primaryimage\"},\"image\":{\"@id\":\"https:\/\/www.meliconi.com\/pt-pt\/produto\/hp-flash-evo\/#primaryimage\"},\"thumbnailUrl\":\"https:\/\/www.meliconi.com\/wp-content\/uploads\/2023\/10\/497334_EVO-7.png\",\"datePublished\":\"2025-12-09T14:52:03+00:00\",\"breadcrumb\":{\"@id\":\"https:\/\/www.meliconi.com\/pt-pt\/produto\/hp-flash-evo\/#breadcrumb\"},\"inLanguage\":\"pt-PT\",\"potentialAction\":[{\"@type\":\"ReadAction\",\"target\":[\"https:\/\/www.meliconi.com\/pt-pt\/produto\/hp-flash-evo\/\"]}]},{\"@type\":\"ImageObject\",\"inLanguage\":\"pt-PT\",\"@id\":\"https:\/\/www.meliconi.com\/pt-pt\/produto\/hp-flash-evo\/#primaryimage\",\"url\":\"https:\/\/www.meliconi.com\/wp-content\/uploads\/2023\/10\/497334_EVO-7.png\",\"contentUrl\":\"https:\/\/www.meliconi.com\/wp-content\/uploads\/2023\/10\/497334_EVO-7.png\",\"width\":2321,\"height\":3510},{\"@type\":\"BreadcrumbList\",\"@id\":\"https:\/\/www.meliconi.com\/pt-pt\/produto\/hp-flash-evo\/#breadcrumb\",\"itemListElement\":[{\"@type\":\"ListItem\",\"position\":1,\"name\":\"Home\",\"item\":\"https:\/\/www.meliconi.com\/pt-pt\/\"},{\"@type\":\"ListItem\",\"position\":2,\"name\":\"Shop\",\"item\":\"https:\/\/www.meliconi.com\/pt-pt\/shop-pt\/\"},{\"@type\":\"ListItem\",\"position\":3,\"name\":\"HP FLASH EVO\"}]},{\"@type\":\"WebSite\",\"@id\":\"https:\/\/www.meliconi.com\/pt-pt\/#website\",\"url\":\"https:\/\/www.meliconi.com\/pt-pt\/\",\"name\":\"Meliconi\",\"description\":\"Lo specialista dell&#039;accessorio\",\"publisher\":{\"@id\":\"https:\/\/www.meliconi.com\/pt-pt\/#organization\"},\"potentialAction\":[{\"@type\":\"SearchAction\",\"target\":{\"@type\":\"EntryPoint\",\"urlTemplate\":\"https:\/\/www.meliconi.com\/pt-pt\/?s={search_term_string}\"},\"query-input\":{\"@type\":\"PropertyValueSpecification\",\"valueRequired\":true,\"valueName\":\"search_term_string\"}}],\"inLanguage\":\"pt-PT\"},{\"@type\":\"Organization\",\"@id\":\"https:\/\/www.meliconi.com\/pt-pt\/#organization\",\"name\":\"Meliconi\",\"url\":\"https:\/\/www.meliconi.com\/pt-pt\/\",\"logo\":{\"@type\":\"ImageObject\",\"inLanguage\":\"pt-PT\",\"@id\":\"https:\/\/www.meliconi.com\/pt-pt\/#\/schema\/logo\/image\/\",\"url\":\"https:\/\/www.meliconi.com\/wp-content\/uploads\/2021\/06\/logo-meliconi.png\",\"contentUrl\":\"https:\/\/www.meliconi.com\/wp-content\/uploads\/2021\/06\/logo-meliconi.png\",\"width\":338,\"height\":102,\"caption\":\"Meliconi\"},\"image\":{\"@id\":\"https:\/\/www.meliconi.com\/pt-pt\/#\/schema\/logo\/image\/\"}}]}<\/script>\n<!-- \/ Yoast SEO plugin. -->","yoast_head_json":{"title":"HP FLASH EVO - Meliconi","robots":{"index":"index","follow":"follow","max-snippet":"max-snippet:-1","max-image-preview":"max-image-preview:large","max-video-preview":"max-video-preview:-1"},"canonical":"https:\/\/www.meliconi.com\/pt-pt\/produto\/hp-flash-evo\/","og_locale":"pt_PT","og_type":"article","og_title":"HP FLASH EVO - Meliconi","og_description":"Auriculares para TV com tecnologia Bluetooth 5.3","og_url":"https:\/\/www.meliconi.com\/pt-pt\/produto\/hp-flash-evo\/","og_site_name":"Meliconi","og_image":[{"width":677,"height":1024,"url":"https:\/\/www.meliconi.com\/wp-content\/uploads\/2023\/10\/497334_EVO-7-677x1024.png","type":"image\/png"}],"twitter_card":"summary_large_image","twitter_misc":{"Tempo estimado de leitura":"1 minuto"},"schema":{"@context":"https:\/\/schema.org","@graph":[{"@type":"WebPage","@id":"https:\/\/www.meliconi.com\/pt-pt\/produto\/hp-flash-evo\/","url":"https:\/\/www.meliconi.com\/pt-pt\/produto\/hp-flash-evo\/","name":"HP FLASH EVO - Meliconi","isPartOf":{"@id":"https:\/\/www.meliconi.com\/pt-pt\/#website"},"primaryImageOfPage":{"@id":"https:\/\/www.meliconi.com\/pt-pt\/produto\/hp-flash-evo\/#primaryimage"},"image":{"@id":"https:\/\/www.meliconi.com\/pt-pt\/produto\/hp-flash-evo\/#primaryimage"},"thumbnailUrl":"https:\/\/www.meliconi.com\/wp-content\/uploads\/2023\/10\/497334_EVO-7.png","datePublished":"2025-12-09T14:52:03+00:00","breadcrumb":{"@id":"https:\/\/www.meliconi.com\/pt-pt\/produto\/hp-flash-evo\/#breadcrumb"},"inLanguage":"pt-PT","potentialAction":[{"@type":"ReadAction","target":["https:\/\/www.meliconi.com\/pt-pt\/produto\/hp-flash-evo\/"]}]},{"@type":"ImageObject","inLanguage":"pt-PT","@id":"https:\/\/www.meliconi.com\/pt-pt\/produto\/hp-flash-evo\/#primaryimage","url":"https:\/\/www.meliconi.com\/wp-content\/uploads\/2023\/10\/497334_EVO-7.png","contentUrl":"https:\/\/www.meliconi.com\/wp-content\/uploads\/2023\/10\/497334_EVO-7.png","width":2321,"height":3510},{"@type":"BreadcrumbList","@id":"https:\/\/www.meliconi.com\/pt-pt\/produto\/hp-flash-evo\/#breadcrumb","itemListElement":[{"@type":"ListItem","position":1,"name":"Home","item":"https:\/\/www.meliconi.com\/pt-pt\/"},{"@type":"ListItem","position":2,"name":"Shop","item":"https:\/\/www.meliconi.com\/pt-pt\/shop-pt\/"},{"@type":"ListItem","position":3,"name":"HP FLASH EVO"}]},{"@type":"WebSite","@id":"https:\/\/www.meliconi.com\/pt-pt\/#website","url":"https:\/\/www.meliconi.com\/pt-pt\/","name":"Meliconi","description":"Lo specialista dell&#039;accessorio","publisher":{"@id":"https:\/\/www.meliconi.com\/pt-pt\/#organization"},"potentialAction":[{"@type":"SearchAction","target":{"@type":"EntryPoint","urlTemplate":"https:\/\/www.meliconi.com\/pt-pt\/?s={search_term_string}"},"query-input":{"@type":"PropertyValueSpecification","valueRequired":true,"valueName":"search_term_string"}}],"inLanguage":"pt-PT"},{"@type":"Organization","@id":"https:\/\/www.meliconi.com\/pt-pt\/#organization","name":"Meliconi","url":"https:\/\/www.meliconi.com\/pt-pt\/","logo":{"@type":"ImageObject","inLanguage":"pt-PT","@id":"https:\/\/www.meliconi.com\/pt-pt\/#\/schema\/logo\/image\/","url":"https:\/\/www.meliconi.com\/wp-content\/uploads\/2021\/06\/logo-meliconi.png","contentUrl":"https:\/\/www.meliconi.com\/wp-content\/uploads\/2021\/06\/logo-meliconi.png","width":338,"height":102,"caption":"Meliconi"},"image":{"@id":"https:\/\/www.meliconi.com\/pt-pt\/#\/schema\/logo\/image\/"}}]}},"_links":{"self":[{"href":"https:\/\/www.meliconi.com\/pt-pt\/wp-json\/wp\/v2\/product\/67727","targetHints":{"allow":["GET"]}}],"collection":[{"href":"https:\/\/www.meliconi.com\/pt-pt\/wp-json\/wp\/v2\/product"}],"about":[{"href":"https:\/\/www.meliconi.com\/pt-pt\/wp-json\/wp\/v2\/types\/product"}],"wp:featuredmedia":[{"embeddable":true,"href":"https:\/\/www.meliconi.com\/pt-pt\/wp-json\/wp\/v2\/media\/67728"}],"wp:attachment":[{"href":"https:\/\/www.meliconi.com\/pt-pt\/wp-json\/wp\/v2\/media?parent=67727"}],"wp:term":[{"taxonomy":"product_cat","embeddable":true,"href":"https:\/\/www.meliconi.com\/pt-pt\/wp-json\/wp\/v2\/product_cat?post=67727"},{"taxonomy":"product_tag","embeddable":true,"href":"https:\/\/www.meliconi.com\/pt-pt\/wp-json\/wp\/v2\/product_tag?post=67727"}],"curies":[{"name":"wp","href":"https:\/\/api.w.org\/{rel}","templated":true}]}}