{"id":67720,"date":"2024-10-22T11:54:32","date_gmt":"2025-12-09T14:50:11","guid":{"rendered":"https:\/\/www.meliconi.com\/?post_type=product&#038;p=67720"},"modified":"2025-12-09T15:50:11","modified_gmt":"2025-12-09T14:50:11","slug":"hp-flash-base","status":"publish","type":"product","link":"https:\/\/www.meliconi.com\/pt-pt\/produto\/hp-flash-base\/","title":{"rendered":"HP FLASH BASE"},"content":{"rendered":"<p data-start=\"80\" data-end=\"303\">\u2022 <strong data-start=\"82\" data-end=\"129\">Auscultadores sem fios espec\u00edficos para TV:<\/strong> permitem ouvir programas e m\u00fasica sem o inc\u00f3modo dos cabos, oferecendo total liberdade de movimentos. O sinal sem fios tem um alcance superior a 10 metros em campo aberto.<\/p>\n<p data-start=\"305\" data-end=\"498\">\u2022 <strong data-start=\"307\" data-end=\"335\">Conectividade Bluetooth:<\/strong> os auscultadores podem ser ligados a um televisor com Bluetooth ou a outras fontes de \u00e1udio com Bluetooth (por exemplo, sistemas de som, smartphones e tablets).<\/p>\n<p data-start=\"500\" data-end=\"659\">\u2022 <strong data-start=\"502\" data-end=\"524\">Fun\u00e7\u00e3o Multipoint:<\/strong> um par de auscultadores HP FLASH BASE pode ser ligado a dois dispositivos em simult\u00e2neo (por exemplo, um televisor e um smartphone).<\/p>\n<p data-start=\"661\" data-end=\"945\">\u2022 <strong data-start=\"663\" data-end=\"688\">Base de carregamento:<\/strong> permite guardar e recarregar os auscultadores ap\u00f3s a utiliza\u00e7\u00e3o. O auricular, equipado com uma bateria de pol\u00edmero de l\u00edtio integrada, recarrega-se em pouco mais de 2 horas. Oferece aproximadamente <strong data-start=\"887\" data-end=\"922\">75 horas de utiliza\u00e7\u00e3o cont\u00ednua<\/strong> com uma \u00fanica carga.<\/p>\n<p data-start=\"947\" data-end=\"1121\">\u2022 <strong data-start=\"949\" data-end=\"1000\">Ultraleves (186 g), ergon\u00f3micos e confort\u00e1veis:<\/strong> os auscultadores circumaurais adaptam-se perfeitamente \u00e0 forma da orelha, garantindo um excelente isolamento ac\u00fastico.<\/p>\n<p data-start=\"1123\" data-end=\"1236\">\u2022 <strong data-start=\"1125\" data-end=\"1149\">Utiliza\u00e7\u00e3o com cabo:<\/strong> tamb\u00e9m podem ser usados como auscultadores com fio (cabo de \u00e1udio AUX n\u00e3o inclu\u00eddo).<\/p>\n<p data-start=\"1238\" data-end=\"1297\" data-is-last-node=\"\" data-is-only-node=\"\">\u2022 <strong data-start=\"1240\" data-end=\"1276\">Compat\u00edvel com assistente de voz<\/strong> (quando dispon\u00edvel).<\/p>\n","protected":false},"excerpt":{"rendered":"<p>auscultadores para TV com tecnologia Bluetooth 5.3<\/p>\n","protected":false},"featured_media":67726,"template":"","meta":{"_acf_changed":false},"product_cat":[1690],"product_tag":[],"class_list":{"0":"post-67720","1":"product","2":"type-product","3":"status-publish","4":"has-post-thumbnail","6":"product_cat-auscultadores-tv-bluetooth","8":"first","9":"instock","10":"taxable","11":"shipping-taxable","12":"purchasable","13":"product-type-simple"},"acf":[],"yoast_head":"<!-- This site is optimized with the Yoast SEO plugin v26.1.1 - https:\/\/yoast.com\/wordpress\/plugins\/seo\/ -->\n<title>HP FLASH BASE - Meliconi<\/title>\n<meta name=\"robots\" content=\"index, follow, max-snippet:-1, max-image-preview:large, max-video-preview:-1\" \/>\n<link rel=\"canonical\" href=\"https:\/\/www.meliconi.com\/pt-pt\/produto\/hp-flash-base\/\" \/>\n<meta property=\"og:locale\" content=\"pt_PT\" \/>\n<meta property=\"og:type\" content=\"article\" \/>\n<meta property=\"og:title\" content=\"HP FLASH BASE - Meliconi\" \/>\n<meta property=\"og:description\" content=\"auscultadores para TV com tecnologia Bluetooth 5.3\" \/>\n<meta property=\"og:url\" content=\"https:\/\/www.meliconi.com\/pt-pt\/produto\/hp-flash-base\/\" \/>\n<meta property=\"og:site_name\" content=\"Meliconi\" \/>\n<meta property=\"og:image\" content=\"https:\/\/www.meliconi.com\/wp-content\/uploads\/2024\/10\/497338_STILL-LIFE-8_ombra-1024x724.png\" \/>\n\t<meta property=\"og:image:width\" content=\"1024\" \/>\n\t<meta property=\"og:image:height\" content=\"724\" \/>\n\t<meta property=\"og:image:type\" content=\"image\/png\" \/>\n<meta name=\"twitter:card\" content=\"summary_large_image\" \/>\n<meta name=\"twitter:label1\" content=\"Tempo estimado de leitura\" \/>\n\t<meta name=\"twitter:data1\" content=\"1 minuto\" \/>\n<script type=\"application\/ld+json\" class=\"yoast-schema-graph\">{\"@context\":\"https:\/\/schema.org\",\"@graph\":[{\"@type\":\"WebPage\",\"@id\":\"https:\/\/www.meliconi.com\/pt-pt\/produto\/hp-flash-base\/\",\"url\":\"https:\/\/www.meliconi.com\/pt-pt\/produto\/hp-flash-base\/\",\"name\":\"HP FLASH BASE - Meliconi\",\"isPartOf\":{\"@id\":\"https:\/\/www.meliconi.com\/pt-pt\/#website\"},\"primaryImageOfPage\":{\"@id\":\"https:\/\/www.meliconi.com\/pt-pt\/produto\/hp-flash-base\/#primaryimage\"},\"image\":{\"@id\":\"https:\/\/www.meliconi.com\/pt-pt\/produto\/hp-flash-base\/#primaryimage\"},\"thumbnailUrl\":\"https:\/\/www.meliconi.com\/wp-content\/uploads\/2024\/10\/497338_STILL-LIFE-8_ombra.png\",\"datePublished\":\"2025-12-09T14:50:11+00:00\",\"breadcrumb\":{\"@id\":\"https:\/\/www.meliconi.com\/pt-pt\/produto\/hp-flash-base\/#breadcrumb\"},\"inLanguage\":\"pt-PT\",\"potentialAction\":[{\"@type\":\"ReadAction\",\"target\":[\"https:\/\/www.meliconi.com\/pt-pt\/produto\/hp-flash-base\/\"]}]},{\"@type\":\"ImageObject\",\"inLanguage\":\"pt-PT\",\"@id\":\"https:\/\/www.meliconi.com\/pt-pt\/produto\/hp-flash-base\/#primaryimage\",\"url\":\"https:\/\/www.meliconi.com\/wp-content\/uploads\/2024\/10\/497338_STILL-LIFE-8_ombra.png\",\"contentUrl\":\"https:\/\/www.meliconi.com\/wp-content\/uploads\/2024\/10\/497338_STILL-LIFE-8_ombra.png\",\"width\":6000,\"height\":4242},{\"@type\":\"BreadcrumbList\",\"@id\":\"https:\/\/www.meliconi.com\/pt-pt\/produto\/hp-flash-base\/#breadcrumb\",\"itemListElement\":[{\"@type\":\"ListItem\",\"position\":1,\"name\":\"Home\",\"item\":\"https:\/\/www.meliconi.com\/pt-pt\/\"},{\"@type\":\"ListItem\",\"position\":2,\"name\":\"Shop\",\"item\":\"https:\/\/www.meliconi.com\/pt-pt\/shop-pt\/\"},{\"@type\":\"ListItem\",\"position\":3,\"name\":\"HP FLASH BASE\"}]},{\"@type\":\"WebSite\",\"@id\":\"https:\/\/www.meliconi.com\/pt-pt\/#website\",\"url\":\"https:\/\/www.meliconi.com\/pt-pt\/\",\"name\":\"Meliconi\",\"description\":\"Lo specialista dell&#039;accessorio\",\"publisher\":{\"@id\":\"https:\/\/www.meliconi.com\/pt-pt\/#organization\"},\"potentialAction\":[{\"@type\":\"SearchAction\",\"target\":{\"@type\":\"EntryPoint\",\"urlTemplate\":\"https:\/\/www.meliconi.com\/pt-pt\/?s={search_term_string}\"},\"query-input\":{\"@type\":\"PropertyValueSpecification\",\"valueRequired\":true,\"valueName\":\"search_term_string\"}}],\"inLanguage\":\"pt-PT\"},{\"@type\":\"Organization\",\"@id\":\"https:\/\/www.meliconi.com\/pt-pt\/#organization\",\"name\":\"Meliconi\",\"url\":\"https:\/\/www.meliconi.com\/pt-pt\/\",\"logo\":{\"@type\":\"ImageObject\",\"inLanguage\":\"pt-PT\",\"@id\":\"https:\/\/www.meliconi.com\/pt-pt\/#\/schema\/logo\/image\/\",\"url\":\"https:\/\/www.meliconi.com\/wp-content\/uploads\/2021\/06\/logo-meliconi.png\",\"contentUrl\":\"https:\/\/www.meliconi.com\/wp-content\/uploads\/2021\/06\/logo-meliconi.png\",\"width\":338,\"height\":102,\"caption\":\"Meliconi\"},\"image\":{\"@id\":\"https:\/\/www.meliconi.com\/pt-pt\/#\/schema\/logo\/image\/\"}}]}<\/script>\n<!-- \/ Yoast SEO plugin. -->","yoast_head_json":{"title":"HP FLASH BASE - Meliconi","robots":{"index":"index","follow":"follow","max-snippet":"max-snippet:-1","max-image-preview":"max-image-preview:large","max-video-preview":"max-video-preview:-1"},"canonical":"https:\/\/www.meliconi.com\/pt-pt\/produto\/hp-flash-base\/","og_locale":"pt_PT","og_type":"article","og_title":"HP FLASH BASE - Meliconi","og_description":"auscultadores para TV com tecnologia Bluetooth 5.3","og_url":"https:\/\/www.meliconi.com\/pt-pt\/produto\/hp-flash-base\/","og_site_name":"Meliconi","og_image":[{"width":1024,"height":724,"url":"https:\/\/www.meliconi.com\/wp-content\/uploads\/2024\/10\/497338_STILL-LIFE-8_ombra-1024x724.png","type":"image\/png"}],"twitter_card":"summary_large_image","twitter_misc":{"Tempo estimado de leitura":"1 minuto"},"schema":{"@context":"https:\/\/schema.org","@graph":[{"@type":"WebPage","@id":"https:\/\/www.meliconi.com\/pt-pt\/produto\/hp-flash-base\/","url":"https:\/\/www.meliconi.com\/pt-pt\/produto\/hp-flash-base\/","name":"HP FLASH BASE - Meliconi","isPartOf":{"@id":"https:\/\/www.meliconi.com\/pt-pt\/#website"},"primaryImageOfPage":{"@id":"https:\/\/www.meliconi.com\/pt-pt\/produto\/hp-flash-base\/#primaryimage"},"image":{"@id":"https:\/\/www.meliconi.com\/pt-pt\/produto\/hp-flash-base\/#primaryimage"},"thumbnailUrl":"https:\/\/www.meliconi.com\/wp-content\/uploads\/2024\/10\/497338_STILL-LIFE-8_ombra.png","datePublished":"2025-12-09T14:50:11+00:00","breadcrumb":{"@id":"https:\/\/www.meliconi.com\/pt-pt\/produto\/hp-flash-base\/#breadcrumb"},"inLanguage":"pt-PT","potentialAction":[{"@type":"ReadAction","target":["https:\/\/www.meliconi.com\/pt-pt\/produto\/hp-flash-base\/"]}]},{"@type":"ImageObject","inLanguage":"pt-PT","@id":"https:\/\/www.meliconi.com\/pt-pt\/produto\/hp-flash-base\/#primaryimage","url":"https:\/\/www.meliconi.com\/wp-content\/uploads\/2024\/10\/497338_STILL-LIFE-8_ombra.png","contentUrl":"https:\/\/www.meliconi.com\/wp-content\/uploads\/2024\/10\/497338_STILL-LIFE-8_ombra.png","width":6000,"height":4242},{"@type":"BreadcrumbList","@id":"https:\/\/www.meliconi.com\/pt-pt\/produto\/hp-flash-base\/#breadcrumb","itemListElement":[{"@type":"ListItem","position":1,"name":"Home","item":"https:\/\/www.meliconi.com\/pt-pt\/"},{"@type":"ListItem","position":2,"name":"Shop","item":"https:\/\/www.meliconi.com\/pt-pt\/shop-pt\/"},{"@type":"ListItem","position":3,"name":"HP FLASH BASE"}]},{"@type":"WebSite","@id":"https:\/\/www.meliconi.com\/pt-pt\/#website","url":"https:\/\/www.meliconi.com\/pt-pt\/","name":"Meliconi","description":"Lo specialista dell&#039;accessorio","publisher":{"@id":"https:\/\/www.meliconi.com\/pt-pt\/#organization"},"potentialAction":[{"@type":"SearchAction","target":{"@type":"EntryPoint","urlTemplate":"https:\/\/www.meliconi.com\/pt-pt\/?s={search_term_string}"},"query-input":{"@type":"PropertyValueSpecification","valueRequired":true,"valueName":"search_term_string"}}],"inLanguage":"pt-PT"},{"@type":"Organization","@id":"https:\/\/www.meliconi.com\/pt-pt\/#organization","name":"Meliconi","url":"https:\/\/www.meliconi.com\/pt-pt\/","logo":{"@type":"ImageObject","inLanguage":"pt-PT","@id":"https:\/\/www.meliconi.com\/pt-pt\/#\/schema\/logo\/image\/","url":"https:\/\/www.meliconi.com\/wp-content\/uploads\/2021\/06\/logo-meliconi.png","contentUrl":"https:\/\/www.meliconi.com\/wp-content\/uploads\/2021\/06\/logo-meliconi.png","width":338,"height":102,"caption":"Meliconi"},"image":{"@id":"https:\/\/www.meliconi.com\/pt-pt\/#\/schema\/logo\/image\/"}}]}},"_links":{"self":[{"href":"https:\/\/www.meliconi.com\/pt-pt\/wp-json\/wp\/v2\/product\/67720","targetHints":{"allow":["GET"]}}],"collection":[{"href":"https:\/\/www.meliconi.com\/pt-pt\/wp-json\/wp\/v2\/product"}],"about":[{"href":"https:\/\/www.meliconi.com\/pt-pt\/wp-json\/wp\/v2\/types\/product"}],"wp:featuredmedia":[{"embeddable":true,"href":"https:\/\/www.meliconi.com\/pt-pt\/wp-json\/wp\/v2\/media\/67726"}],"wp:attachment":[{"href":"https:\/\/www.meliconi.com\/pt-pt\/wp-json\/wp\/v2\/media?parent=67720"}],"wp:term":[{"taxonomy":"product_cat","embeddable":true,"href":"https:\/\/www.meliconi.com\/pt-pt\/wp-json\/wp\/v2\/product_cat?post=67720"},{"taxonomy":"product_tag","embeddable":true,"href":"https:\/\/www.meliconi.com\/pt-pt\/wp-json\/wp\/v2\/product_tag?post=67720"}],"curies":[{"name":"wp","href":"https:\/\/api.w.org\/{rel}","templated":true}]}}