{"id":67714,"date":"2024-08-07T14:11:57","date_gmt":"2025-12-09T14:47:03","guid":{"rendered":"https:\/\/www.meliconi.com\/?post_type=product&#038;p=67714"},"modified":"2025-12-09T15:47:03","modified_gmt":"2025-12-09T14:47:03","slug":"slimstyle-plus-100-sdr","status":"publish","type":"product","link":"https:\/\/www.meliconi.com\/pt-pt\/produto\/slimstyle-plus-100-sdr\/","title":{"rendered":"SLIMSTYLE PLUS 100 SDR"},"content":{"rendered":"<p data-start=\"80\" data-end=\"566\">SLIMSTYLE PLUS \u00e9 a nova linha de suportes de parede ultrafinos para TV da Meliconi S.p.A., a combina\u00e7\u00e3o perfeita de tecnologia de ponta, materiais de \u00faltima gera\u00e7\u00e3o e design atrativo. A adi\u00e7\u00e3o de um revestimento protetor em borracha em todos os suportes proteger\u00e1 a sua TV ao longo do tempo, sem abdicar de um volume m\u00ednimo (at\u00e9 apenas 6 cm da parede) e com total seguran\u00e7a. Todos os suportes SLIMSTYLE PLUS s\u00e3o 100% Made in Italy, com qualidade certificada TUV e 10 anos de garantia.<\/p>\n<p data-start=\"568\" data-end=\"758\">100 SDR \u00e9 um suporte girat\u00f3rio de duas articula\u00e7\u00f5es para TV (suporte de parede para TV de dupla rota\u00e7\u00e3o) com perfura\u00e7\u00f5es VESA de 50-75-100 mm, adequado para TVs de formato m\u00e9dio (14&#8243;-32&#8243;).<\/p>\n<p data-start=\"760\" data-end=\"897\">A fun\u00e7\u00e3o EASY TILT permite alterar a inclina\u00e7\u00e3o vertical do televisor livremente, sem necessidade de utilizar qualquer chave de fendas.<\/p>\n<p data-start=\"899\" data-end=\"1281\" data-is-last-node=\"\" data-is-only-node=\"\">Estes suportes para TV s\u00e3o ideais para quem procura um suporte inclin\u00e1vel e girat\u00f3rio, um suporte de parede para TV de dupla rota\u00e7\u00e3o ou um bra\u00e7o para TV que ofere\u00e7a flexibilidade e seguran\u00e7a. A linha SLIMSTYLE PLUS e o modelo 100 SDR representam solu\u00e7\u00f5es inovadoras para a montagem da sua TV na parede, oferecendo design e funcionalidade avan\u00e7ada para uma experi\u00eancia visual \u00f3ptima.<\/p>\n","protected":false},"excerpt":{"rendered":"<p>Suporte de parede para TV dupla rota\u00e7\u00e3o<\/p>\n","protected":false},"featured_media":67719,"template":"","meta":{"_acf_changed":false},"product_cat":[1713],"product_tag":[],"class_list":{"0":"post-67714","1":"product","2":"type-product","3":"status-publish","4":"has-post-thumbnail","6":"product_cat-slimstyle-plus-pt-pt","7":"pa_movimento-supporto-double-rotation-pt-pt","9":"first","10":"instock","11":"taxable","12":"shipping-taxable","13":"purchasable","14":"product-type-simple"},"acf":[],"yoast_head":"<!-- This site is optimized with the Yoast SEO plugin v26.1.1 - https:\/\/yoast.com\/wordpress\/plugins\/seo\/ -->\n<title>SLIMSTYLE PLUS 100 SDR - Meliconi<\/title>\n<meta name=\"robots\" content=\"index, follow, max-snippet:-1, max-image-preview:large, max-video-preview:-1\" \/>\n<link rel=\"canonical\" href=\"https:\/\/www.meliconi.com\/pt-pt\/produto\/slimstyle-plus-100-sdr\/\" \/>\n<meta property=\"og:locale\" content=\"pt_PT\" \/>\n<meta property=\"og:type\" content=\"article\" \/>\n<meta property=\"og:title\" content=\"SLIMSTYLE PLUS 100 SDR - Meliconi\" \/>\n<meta property=\"og:description\" content=\"Suporte de parede para TV dupla rota\u00e7\u00e3o\" \/>\n<meta property=\"og:url\" content=\"https:\/\/www.meliconi.com\/pt-pt\/produto\/slimstyle-plus-100-sdr\/\" \/>\n<meta property=\"og:site_name\" content=\"Meliconi\" \/>\n<meta property=\"og:image\" content=\"https:\/\/www.meliconi.com\/wp-content\/uploads\/2024\/09\/480979_Slimstyle-Plus-100SDR-5-1024x724.png\" \/>\n\t<meta property=\"og:image:width\" content=\"1024\" \/>\n\t<meta property=\"og:image:height\" content=\"724\" \/>\n\t<meta property=\"og:image:type\" content=\"image\/png\" \/>\n<meta name=\"twitter:card\" content=\"summary_large_image\" \/>\n<meta name=\"twitter:label1\" content=\"Tempo estimado de leitura\" \/>\n\t<meta name=\"twitter:data1\" content=\"1 minuto\" \/>\n<script type=\"application\/ld+json\" class=\"yoast-schema-graph\">{\"@context\":\"https:\/\/schema.org\",\"@graph\":[{\"@type\":\"WebPage\",\"@id\":\"https:\/\/www.meliconi.com\/pt-pt\/produto\/slimstyle-plus-100-sdr\/\",\"url\":\"https:\/\/www.meliconi.com\/pt-pt\/produto\/slimstyle-plus-100-sdr\/\",\"name\":\"SLIMSTYLE PLUS 100 SDR - Meliconi\",\"isPartOf\":{\"@id\":\"https:\/\/www.meliconi.com\/pt-pt\/#website\"},\"primaryImageOfPage\":{\"@id\":\"https:\/\/www.meliconi.com\/pt-pt\/produto\/slimstyle-plus-100-sdr\/#primaryimage\"},\"image\":{\"@id\":\"https:\/\/www.meliconi.com\/pt-pt\/produto\/slimstyle-plus-100-sdr\/#primaryimage\"},\"thumbnailUrl\":\"https:\/\/www.meliconi.com\/wp-content\/uploads\/2024\/09\/480979_Slimstyle-Plus-100SDR-5.png\",\"datePublished\":\"2025-12-09T14:47:03+00:00\",\"breadcrumb\":{\"@id\":\"https:\/\/www.meliconi.com\/pt-pt\/produto\/slimstyle-plus-100-sdr\/#breadcrumb\"},\"inLanguage\":\"pt-PT\",\"potentialAction\":[{\"@type\":\"ReadAction\",\"target\":[\"https:\/\/www.meliconi.com\/pt-pt\/produto\/slimstyle-plus-100-sdr\/\"]}]},{\"@type\":\"ImageObject\",\"inLanguage\":\"pt-PT\",\"@id\":\"https:\/\/www.meliconi.com\/pt-pt\/produto\/slimstyle-plus-100-sdr\/#primaryimage\",\"url\":\"https:\/\/www.meliconi.com\/wp-content\/uploads\/2024\/09\/480979_Slimstyle-Plus-100SDR-5.png\",\"contentUrl\":\"https:\/\/www.meliconi.com\/wp-content\/uploads\/2024\/09\/480979_Slimstyle-Plus-100SDR-5.png\",\"width\":5000,\"height\":3535},{\"@type\":\"BreadcrumbList\",\"@id\":\"https:\/\/www.meliconi.com\/pt-pt\/produto\/slimstyle-plus-100-sdr\/#breadcrumb\",\"itemListElement\":[{\"@type\":\"ListItem\",\"position\":1,\"name\":\"Home\",\"item\":\"https:\/\/www.meliconi.com\/pt-pt\/\"},{\"@type\":\"ListItem\",\"position\":2,\"name\":\"Shop\",\"item\":\"https:\/\/www.meliconi.com\/pt-pt\/shop-pt\/\"},{\"@type\":\"ListItem\",\"position\":3,\"name\":\"SLIMSTYLE PLUS 100 SDR\"}]},{\"@type\":\"WebSite\",\"@id\":\"https:\/\/www.meliconi.com\/pt-pt\/#website\",\"url\":\"https:\/\/www.meliconi.com\/pt-pt\/\",\"name\":\"Meliconi\",\"description\":\"Lo specialista dell&#039;accessorio\",\"publisher\":{\"@id\":\"https:\/\/www.meliconi.com\/pt-pt\/#organization\"},\"potentialAction\":[{\"@type\":\"SearchAction\",\"target\":{\"@type\":\"EntryPoint\",\"urlTemplate\":\"https:\/\/www.meliconi.com\/pt-pt\/?s={search_term_string}\"},\"query-input\":{\"@type\":\"PropertyValueSpecification\",\"valueRequired\":true,\"valueName\":\"search_term_string\"}}],\"inLanguage\":\"pt-PT\"},{\"@type\":\"Organization\",\"@id\":\"https:\/\/www.meliconi.com\/pt-pt\/#organization\",\"name\":\"Meliconi\",\"url\":\"https:\/\/www.meliconi.com\/pt-pt\/\",\"logo\":{\"@type\":\"ImageObject\",\"inLanguage\":\"pt-PT\",\"@id\":\"https:\/\/www.meliconi.com\/pt-pt\/#\/schema\/logo\/image\/\",\"url\":\"https:\/\/www.meliconi.com\/wp-content\/uploads\/2021\/06\/logo-meliconi.png\",\"contentUrl\":\"https:\/\/www.meliconi.com\/wp-content\/uploads\/2021\/06\/logo-meliconi.png\",\"width\":338,\"height\":102,\"caption\":\"Meliconi\"},\"image\":{\"@id\":\"https:\/\/www.meliconi.com\/pt-pt\/#\/schema\/logo\/image\/\"}}]}<\/script>\n<!-- \/ Yoast SEO plugin. -->","yoast_head_json":{"title":"SLIMSTYLE PLUS 100 SDR - Meliconi","robots":{"index":"index","follow":"follow","max-snippet":"max-snippet:-1","max-image-preview":"max-image-preview:large","max-video-preview":"max-video-preview:-1"},"canonical":"https:\/\/www.meliconi.com\/pt-pt\/produto\/slimstyle-plus-100-sdr\/","og_locale":"pt_PT","og_type":"article","og_title":"SLIMSTYLE PLUS 100 SDR - Meliconi","og_description":"Suporte de parede para TV dupla rota\u00e7\u00e3o","og_url":"https:\/\/www.meliconi.com\/pt-pt\/produto\/slimstyle-plus-100-sdr\/","og_site_name":"Meliconi","og_image":[{"width":1024,"height":724,"url":"https:\/\/www.meliconi.com\/wp-content\/uploads\/2024\/09\/480979_Slimstyle-Plus-100SDR-5-1024x724.png","type":"image\/png"}],"twitter_card":"summary_large_image","twitter_misc":{"Tempo estimado de leitura":"1 minuto"},"schema":{"@context":"https:\/\/schema.org","@graph":[{"@type":"WebPage","@id":"https:\/\/www.meliconi.com\/pt-pt\/produto\/slimstyle-plus-100-sdr\/","url":"https:\/\/www.meliconi.com\/pt-pt\/produto\/slimstyle-plus-100-sdr\/","name":"SLIMSTYLE PLUS 100 SDR - Meliconi","isPartOf":{"@id":"https:\/\/www.meliconi.com\/pt-pt\/#website"},"primaryImageOfPage":{"@id":"https:\/\/www.meliconi.com\/pt-pt\/produto\/slimstyle-plus-100-sdr\/#primaryimage"},"image":{"@id":"https:\/\/www.meliconi.com\/pt-pt\/produto\/slimstyle-plus-100-sdr\/#primaryimage"},"thumbnailUrl":"https:\/\/www.meliconi.com\/wp-content\/uploads\/2024\/09\/480979_Slimstyle-Plus-100SDR-5.png","datePublished":"2025-12-09T14:47:03+00:00","breadcrumb":{"@id":"https:\/\/www.meliconi.com\/pt-pt\/produto\/slimstyle-plus-100-sdr\/#breadcrumb"},"inLanguage":"pt-PT","potentialAction":[{"@type":"ReadAction","target":["https:\/\/www.meliconi.com\/pt-pt\/produto\/slimstyle-plus-100-sdr\/"]}]},{"@type":"ImageObject","inLanguage":"pt-PT","@id":"https:\/\/www.meliconi.com\/pt-pt\/produto\/slimstyle-plus-100-sdr\/#primaryimage","url":"https:\/\/www.meliconi.com\/wp-content\/uploads\/2024\/09\/480979_Slimstyle-Plus-100SDR-5.png","contentUrl":"https:\/\/www.meliconi.com\/wp-content\/uploads\/2024\/09\/480979_Slimstyle-Plus-100SDR-5.png","width":5000,"height":3535},{"@type":"BreadcrumbList","@id":"https:\/\/www.meliconi.com\/pt-pt\/produto\/slimstyle-plus-100-sdr\/#breadcrumb","itemListElement":[{"@type":"ListItem","position":1,"name":"Home","item":"https:\/\/www.meliconi.com\/pt-pt\/"},{"@type":"ListItem","position":2,"name":"Shop","item":"https:\/\/www.meliconi.com\/pt-pt\/shop-pt\/"},{"@type":"ListItem","position":3,"name":"SLIMSTYLE PLUS 100 SDR"}]},{"@type":"WebSite","@id":"https:\/\/www.meliconi.com\/pt-pt\/#website","url":"https:\/\/www.meliconi.com\/pt-pt\/","name":"Meliconi","description":"Lo specialista dell&#039;accessorio","publisher":{"@id":"https:\/\/www.meliconi.com\/pt-pt\/#organization"},"potentialAction":[{"@type":"SearchAction","target":{"@type":"EntryPoint","urlTemplate":"https:\/\/www.meliconi.com\/pt-pt\/?s={search_term_string}"},"query-input":{"@type":"PropertyValueSpecification","valueRequired":true,"valueName":"search_term_string"}}],"inLanguage":"pt-PT"},{"@type":"Organization","@id":"https:\/\/www.meliconi.com\/pt-pt\/#organization","name":"Meliconi","url":"https:\/\/www.meliconi.com\/pt-pt\/","logo":{"@type":"ImageObject","inLanguage":"pt-PT","@id":"https:\/\/www.meliconi.com\/pt-pt\/#\/schema\/logo\/image\/","url":"https:\/\/www.meliconi.com\/wp-content\/uploads\/2021\/06\/logo-meliconi.png","contentUrl":"https:\/\/www.meliconi.com\/wp-content\/uploads\/2021\/06\/logo-meliconi.png","width":338,"height":102,"caption":"Meliconi"},"image":{"@id":"https:\/\/www.meliconi.com\/pt-pt\/#\/schema\/logo\/image\/"}}]}},"_links":{"self":[{"href":"https:\/\/www.meliconi.com\/pt-pt\/wp-json\/wp\/v2\/product\/67714","targetHints":{"allow":["GET"]}}],"collection":[{"href":"https:\/\/www.meliconi.com\/pt-pt\/wp-json\/wp\/v2\/product"}],"about":[{"href":"https:\/\/www.meliconi.com\/pt-pt\/wp-json\/wp\/v2\/types\/product"}],"wp:featuredmedia":[{"embeddable":true,"href":"https:\/\/www.meliconi.com\/pt-pt\/wp-json\/wp\/v2\/media\/67719"}],"wp:attachment":[{"href":"https:\/\/www.meliconi.com\/pt-pt\/wp-json\/wp\/v2\/media?parent=67714"}],"wp:term":[{"taxonomy":"product_cat","embeddable":true,"href":"https:\/\/www.meliconi.com\/pt-pt\/wp-json\/wp\/v2\/product_cat?post=67714"},{"taxonomy":"product_tag","embeddable":true,"href":"https:\/\/www.meliconi.com\/pt-pt\/wp-json\/wp\/v2\/product_tag?post=67714"}],"curies":[{"name":"wp","href":"https:\/\/api.w.org\/{rel}","templated":true}]}}