{"id":67647,"date":"2024-08-29T09:45:13","date_gmt":"2025-12-09T14:40:43","guid":{"rendered":"https:\/\/www.meliconi.com\/?post_type=product&#038;p=67647"},"modified":"2025-12-09T15:40:43","modified_gmt":"2025-12-09T14:40:43","slug":"hp-digital-plus","status":"publish","type":"product","link":"https:\/\/www.meliconi.com\/pt-pt\/produto\/hp-digital-plus\/","title":{"rendered":"HP DIGITAL PLUS"},"content":{"rendered":"<ul>\n<li data-start=\"80\" data-end=\"213\">\n<p data-start=\"82\" data-end=\"213\">Sistema sem fios (863 MHz) que permite ouvir os programas sem o inc\u00f3modo dos cabos, proporcionando total liberdade de movimentos.<\/p>\n<\/li>\n<li data-start=\"214\" data-end=\"288\">\n<p data-start=\"216\" data-end=\"288\">O sinal atravessa as paredes. Alcance m\u00e1ximo de 100 m em campo aberto.<\/p>\n<\/li>\n<li data-start=\"289\" data-end=\"486\">\n<p data-start=\"291\" data-end=\"486\">Os auscultadores possuem 3 entradas de \u00e1udio \u2013 digital \u00f3ptica (Toslink), digital coaxial e anal\u00f3gica AUX (jack de 3,5 mm) \u2013 sendo compat\u00edveis com praticamente todos os modelos de TV do mercado.<\/p>\n<\/li>\n<li data-start=\"487\" data-end=\"599\">\n<p data-start=\"489\" data-end=\"599\">Pr\u00e1tico e elegante suporte para guardar os auscultadores ap\u00f3s o uso e carreg\u00e1-los para utiliza\u00e7\u00e3o posterior.<\/p>\n<\/li>\n<li data-start=\"600\" data-end=\"677\">\n<p data-start=\"602\" data-end=\"677\">Aproximadamente 8 horas de uso cont\u00ednuo com bateria de pol\u00edmero de l\u00edtio.<\/p>\n<\/li>\n<li data-start=\"678\" data-end=\"744\">\n<p data-start=\"680\" data-end=\"744\">Bateria de l\u00edtio refor\u00e7ada: +70% em rela\u00e7\u00e3o \u00e0 vers\u00e3o anterior.<\/p>\n<\/li>\n<li data-start=\"745\" data-end=\"788\">\n<p data-start=\"747\" data-end=\"788\">Excelente isolamento do ru\u00eddo ambiente.<\/p>\n<\/li>\n<li data-start=\"789\" data-end=\"881\">\n<p data-start=\"791\" data-end=\"881\">Leves, ergon\u00f3micos e confort\u00e1veis, com conchas ovais que se adaptam \u00e0 forma das orelhas.<\/p>\n<\/li>\n<li data-start=\"882\" data-end=\"950\" data-is-last-node=\"\">\n<p data-start=\"884\" data-end=\"950\" data-is-last-node=\"\">Tr\u00eas canais de transmiss\u00e3o dispon\u00edveis para evitar interfer\u00eancias.<\/p>\n<\/li>\n<\/ul>\n","protected":false},"excerpt":{"rendered":"<p>Auscultadores sem fios universais para TV com base de carregamento e entrada de \u00e1udio anal\u00f3gica (conector 3,5 mm) e digital (Toslink + digital coaxial)<\/p>\n","protected":false},"featured_media":67648,"template":"","meta":{"_acf_changed":false},"product_cat":[1691],"product_tag":[],"class_list":{"0":"post-67647","1":"product","2":"type-product","3":"status-publish","4":"has-post-thumbnail","6":"product_cat-auscultadores-tv-sem-fio","8":"first","9":"instock","10":"taxable","11":"shipping-taxable","12":"purchasable","13":"product-type-simple"},"acf":[],"yoast_head":"<!-- This site is optimized with the Yoast SEO plugin v26.1.1 - https:\/\/yoast.com\/wordpress\/plugins\/seo\/ -->\n<title>HP DIGITAL PLUS - Meliconi<\/title>\n<meta name=\"robots\" content=\"index, follow, max-snippet:-1, max-image-preview:large, max-video-preview:-1\" \/>\n<link rel=\"canonical\" href=\"https:\/\/www.meliconi.com\/pt-pt\/produto\/hp-digital-plus\/\" \/>\n<meta property=\"og:locale\" content=\"pt_PT\" \/>\n<meta property=\"og:type\" content=\"article\" \/>\n<meta property=\"og:title\" content=\"HP DIGITAL PLUS - Meliconi\" \/>\n<meta property=\"og:description\" content=\"Auscultadores sem fios universais para TV com base de carregamento e entrada de \u00e1udio anal\u00f3gica (conector 3,5 mm) e digital (Toslink + digital coaxial)\" \/>\n<meta property=\"og:url\" content=\"https:\/\/www.meliconi.com\/pt-pt\/produto\/hp-digital-plus\/\" \/>\n<meta property=\"og:site_name\" content=\"Meliconi\" \/>\n<meta property=\"og:image\" content=\"https:\/\/www.meliconi.com\/wp-content\/uploads\/2024\/08\/497335_HP_DIGITAL_PLUS-2-865x1024.png\" \/>\n\t<meta property=\"og:image:width\" content=\"865\" \/>\n\t<meta property=\"og:image:height\" content=\"1024\" \/>\n\t<meta property=\"og:image:type\" content=\"image\/png\" \/>\n<meta name=\"twitter:card\" content=\"summary_large_image\" \/>\n<meta name=\"twitter:label1\" content=\"Tempo estimado de leitura\" \/>\n\t<meta name=\"twitter:data1\" content=\"1 minuto\" \/>\n<script type=\"application\/ld+json\" class=\"yoast-schema-graph\">{\"@context\":\"https:\/\/schema.org\",\"@graph\":[{\"@type\":\"WebPage\",\"@id\":\"https:\/\/www.meliconi.com\/pt-pt\/produto\/hp-digital-plus\/\",\"url\":\"https:\/\/www.meliconi.com\/pt-pt\/produto\/hp-digital-plus\/\",\"name\":\"HP DIGITAL PLUS - Meliconi\",\"isPartOf\":{\"@id\":\"https:\/\/www.meliconi.com\/pt-pt\/#website\"},\"primaryImageOfPage\":{\"@id\":\"https:\/\/www.meliconi.com\/pt-pt\/produto\/hp-digital-plus\/#primaryimage\"},\"image\":{\"@id\":\"https:\/\/www.meliconi.com\/pt-pt\/produto\/hp-digital-plus\/#primaryimage\"},\"thumbnailUrl\":\"https:\/\/www.meliconi.com\/wp-content\/uploads\/2024\/08\/497335_HP_DIGITAL_PLUS-2.png\",\"datePublished\":\"2025-12-09T14:40:43+00:00\",\"breadcrumb\":{\"@id\":\"https:\/\/www.meliconi.com\/pt-pt\/produto\/hp-digital-plus\/#breadcrumb\"},\"inLanguage\":\"pt-PT\",\"potentialAction\":[{\"@type\":\"ReadAction\",\"target\":[\"https:\/\/www.meliconi.com\/pt-pt\/produto\/hp-digital-plus\/\"]}]},{\"@type\":\"ImageObject\",\"inLanguage\":\"pt-PT\",\"@id\":\"https:\/\/www.meliconi.com\/pt-pt\/produto\/hp-digital-plus\/#primaryimage\",\"url\":\"https:\/\/www.meliconi.com\/wp-content\/uploads\/2024\/08\/497335_HP_DIGITAL_PLUS-2.png\",\"contentUrl\":\"https:\/\/www.meliconi.com\/wp-content\/uploads\/2024\/08\/497335_HP_DIGITAL_PLUS-2.png\",\"width\":3543,\"height\":4192},{\"@type\":\"BreadcrumbList\",\"@id\":\"https:\/\/www.meliconi.com\/pt-pt\/produto\/hp-digital-plus\/#breadcrumb\",\"itemListElement\":[{\"@type\":\"ListItem\",\"position\":1,\"name\":\"Home\",\"item\":\"https:\/\/www.meliconi.com\/pt-pt\/\"},{\"@type\":\"ListItem\",\"position\":2,\"name\":\"Shop\",\"item\":\"https:\/\/www.meliconi.com\/pt-pt\/shop-pt\/\"},{\"@type\":\"ListItem\",\"position\":3,\"name\":\"HP DIGITAL PLUS\"}]},{\"@type\":\"WebSite\",\"@id\":\"https:\/\/www.meliconi.com\/pt-pt\/#website\",\"url\":\"https:\/\/www.meliconi.com\/pt-pt\/\",\"name\":\"Meliconi\",\"description\":\"Lo specialista dell&#039;accessorio\",\"publisher\":{\"@id\":\"https:\/\/www.meliconi.com\/pt-pt\/#organization\"},\"potentialAction\":[{\"@type\":\"SearchAction\",\"target\":{\"@type\":\"EntryPoint\",\"urlTemplate\":\"https:\/\/www.meliconi.com\/pt-pt\/?s={search_term_string}\"},\"query-input\":{\"@type\":\"PropertyValueSpecification\",\"valueRequired\":true,\"valueName\":\"search_term_string\"}}],\"inLanguage\":\"pt-PT\"},{\"@type\":\"Organization\",\"@id\":\"https:\/\/www.meliconi.com\/pt-pt\/#organization\",\"name\":\"Meliconi\",\"url\":\"https:\/\/www.meliconi.com\/pt-pt\/\",\"logo\":{\"@type\":\"ImageObject\",\"inLanguage\":\"pt-PT\",\"@id\":\"https:\/\/www.meliconi.com\/pt-pt\/#\/schema\/logo\/image\/\",\"url\":\"https:\/\/www.meliconi.com\/wp-content\/uploads\/2021\/06\/logo-meliconi.png\",\"contentUrl\":\"https:\/\/www.meliconi.com\/wp-content\/uploads\/2021\/06\/logo-meliconi.png\",\"width\":338,\"height\":102,\"caption\":\"Meliconi\"},\"image\":{\"@id\":\"https:\/\/www.meliconi.com\/pt-pt\/#\/schema\/logo\/image\/\"}}]}<\/script>\n<!-- \/ Yoast SEO plugin. -->","yoast_head_json":{"title":"HP DIGITAL PLUS - Meliconi","robots":{"index":"index","follow":"follow","max-snippet":"max-snippet:-1","max-image-preview":"max-image-preview:large","max-video-preview":"max-video-preview:-1"},"canonical":"https:\/\/www.meliconi.com\/pt-pt\/produto\/hp-digital-plus\/","og_locale":"pt_PT","og_type":"article","og_title":"HP DIGITAL PLUS - Meliconi","og_description":"Auscultadores sem fios universais para TV com base de carregamento e entrada de \u00e1udio anal\u00f3gica (conector 3,5 mm) e digital (Toslink + digital coaxial)","og_url":"https:\/\/www.meliconi.com\/pt-pt\/produto\/hp-digital-plus\/","og_site_name":"Meliconi","og_image":[{"width":865,"height":1024,"url":"https:\/\/www.meliconi.com\/wp-content\/uploads\/2024\/08\/497335_HP_DIGITAL_PLUS-2-865x1024.png","type":"image\/png"}],"twitter_card":"summary_large_image","twitter_misc":{"Tempo estimado de leitura":"1 minuto"},"schema":{"@context":"https:\/\/schema.org","@graph":[{"@type":"WebPage","@id":"https:\/\/www.meliconi.com\/pt-pt\/produto\/hp-digital-plus\/","url":"https:\/\/www.meliconi.com\/pt-pt\/produto\/hp-digital-plus\/","name":"HP DIGITAL PLUS - Meliconi","isPartOf":{"@id":"https:\/\/www.meliconi.com\/pt-pt\/#website"},"primaryImageOfPage":{"@id":"https:\/\/www.meliconi.com\/pt-pt\/produto\/hp-digital-plus\/#primaryimage"},"image":{"@id":"https:\/\/www.meliconi.com\/pt-pt\/produto\/hp-digital-plus\/#primaryimage"},"thumbnailUrl":"https:\/\/www.meliconi.com\/wp-content\/uploads\/2024\/08\/497335_HP_DIGITAL_PLUS-2.png","datePublished":"2025-12-09T14:40:43+00:00","breadcrumb":{"@id":"https:\/\/www.meliconi.com\/pt-pt\/produto\/hp-digital-plus\/#breadcrumb"},"inLanguage":"pt-PT","potentialAction":[{"@type":"ReadAction","target":["https:\/\/www.meliconi.com\/pt-pt\/produto\/hp-digital-plus\/"]}]},{"@type":"ImageObject","inLanguage":"pt-PT","@id":"https:\/\/www.meliconi.com\/pt-pt\/produto\/hp-digital-plus\/#primaryimage","url":"https:\/\/www.meliconi.com\/wp-content\/uploads\/2024\/08\/497335_HP_DIGITAL_PLUS-2.png","contentUrl":"https:\/\/www.meliconi.com\/wp-content\/uploads\/2024\/08\/497335_HP_DIGITAL_PLUS-2.png","width":3543,"height":4192},{"@type":"BreadcrumbList","@id":"https:\/\/www.meliconi.com\/pt-pt\/produto\/hp-digital-plus\/#breadcrumb","itemListElement":[{"@type":"ListItem","position":1,"name":"Home","item":"https:\/\/www.meliconi.com\/pt-pt\/"},{"@type":"ListItem","position":2,"name":"Shop","item":"https:\/\/www.meliconi.com\/pt-pt\/shop-pt\/"},{"@type":"ListItem","position":3,"name":"HP DIGITAL PLUS"}]},{"@type":"WebSite","@id":"https:\/\/www.meliconi.com\/pt-pt\/#website","url":"https:\/\/www.meliconi.com\/pt-pt\/","name":"Meliconi","description":"Lo specialista dell&#039;accessorio","publisher":{"@id":"https:\/\/www.meliconi.com\/pt-pt\/#organization"},"potentialAction":[{"@type":"SearchAction","target":{"@type":"EntryPoint","urlTemplate":"https:\/\/www.meliconi.com\/pt-pt\/?s={search_term_string}"},"query-input":{"@type":"PropertyValueSpecification","valueRequired":true,"valueName":"search_term_string"}}],"inLanguage":"pt-PT"},{"@type":"Organization","@id":"https:\/\/www.meliconi.com\/pt-pt\/#organization","name":"Meliconi","url":"https:\/\/www.meliconi.com\/pt-pt\/","logo":{"@type":"ImageObject","inLanguage":"pt-PT","@id":"https:\/\/www.meliconi.com\/pt-pt\/#\/schema\/logo\/image\/","url":"https:\/\/www.meliconi.com\/wp-content\/uploads\/2021\/06\/logo-meliconi.png","contentUrl":"https:\/\/www.meliconi.com\/wp-content\/uploads\/2021\/06\/logo-meliconi.png","width":338,"height":102,"caption":"Meliconi"},"image":{"@id":"https:\/\/www.meliconi.com\/pt-pt\/#\/schema\/logo\/image\/"}}]}},"_links":{"self":[{"href":"https:\/\/www.meliconi.com\/pt-pt\/wp-json\/wp\/v2\/product\/67647","targetHints":{"allow":["GET"]}}],"collection":[{"href":"https:\/\/www.meliconi.com\/pt-pt\/wp-json\/wp\/v2\/product"}],"about":[{"href":"https:\/\/www.meliconi.com\/pt-pt\/wp-json\/wp\/v2\/types\/product"}],"wp:featuredmedia":[{"embeddable":true,"href":"https:\/\/www.meliconi.com\/pt-pt\/wp-json\/wp\/v2\/media\/67648"}],"wp:attachment":[{"href":"https:\/\/www.meliconi.com\/pt-pt\/wp-json\/wp\/v2\/media?parent=67647"}],"wp:term":[{"taxonomy":"product_cat","embeddable":true,"href":"https:\/\/www.meliconi.com\/pt-pt\/wp-json\/wp\/v2\/product_cat?post=67647"},{"taxonomy":"product_tag","embeddable":true,"href":"https:\/\/www.meliconi.com\/pt-pt\/wp-json\/wp\/v2\/product_tag?post=67647"}],"curies":[{"name":"wp","href":"https:\/\/api.w.org\/{rel}","templated":true}]}}