{"id":67640,"date":"2021-06-25T15:56:14","date_gmt":"2025-12-09T14:39:07","guid":{"rendered":"https:\/\/www.meliconi.com\/?post_type=product&#038;p=67640"},"modified":"2025-12-09T15:39:07","modified_gmt":"2025-12-09T14:39:07","slug":"hp-easy-digital-in-bundle","status":"publish","type":"product","link":"https:\/\/www.meliconi.com\/pt-pt\/produto\/hp-easy-digital-in-bundle\/","title":{"rendered":"HP EASY DIGITAL IN BUNDLE"},"content":{"rendered":"<ul>\n<li data-start=\"80\" data-end=\"213\">\n<p data-start=\"82\" data-end=\"213\">Sistema sem fios (863 MHz) que permite ouvir os programas sem o inc\u00f3modo dos cabos, proporcionando total liberdade de movimentos.<\/p>\n<\/li>\n<li data-start=\"214\" data-end=\"258\">\n<p data-start=\"216\" data-end=\"258\">Alcance m\u00e1ximo de 100 m em campo aberto.<\/p>\n<\/li>\n<li data-start=\"259\" data-end=\"309\">\n<p data-start=\"261\" data-end=\"309\">O pacote inclui dois auscultadores e uma base.<\/p>\n<\/li>\n<li data-start=\"310\" data-end=\"484\">\n<p data-start=\"312\" data-end=\"484\">Liga\u00e7\u00e3o r\u00e1pida \u00e0 TV e a outras fontes de \u00e1udio digitais atrav\u00e9s de cabo \u00f3ptico (Toslink) e a fontes de \u00e1udio anal\u00f3gicas atrav\u00e9s de cabo AUX (conector de 3,5 mm) inclu\u00eddo.<\/p>\n<\/li>\n<li data-start=\"485\" data-end=\"573\">\n<p data-start=\"487\" data-end=\"573\">Base transmissora de tamanho reduzido, alimentada por porta USB (cabo USB inclu\u00eddo).<\/p>\n<\/li>\n<li data-start=\"574\" data-end=\"795\">\n<p data-start=\"576\" data-end=\"795\">Os auscultadores possuem uma bateria de pol\u00edmero de l\u00edtio incorporada, que se recarrega muito rapidamente atrav\u00e9s do cabo USB (2 horas para carga completa). Aproximadamente 8 horas de uso cont\u00ednuo com uma \u00fanica carga.<\/p>\n<\/li>\n<li data-start=\"796\" data-end=\"862\">\n<p data-start=\"798\" data-end=\"862\">Bateria de l\u00edtio refor\u00e7ada: +70% em rela\u00e7\u00e3o \u00e0 vers\u00e3o anterior.<\/p>\n<\/li>\n<li data-start=\"863\" data-end=\"906\">\n<p data-start=\"865\" data-end=\"906\">Excelente isolamento do ru\u00eddo ambiente.<\/p>\n<\/li>\n<li data-start=\"907\" data-end=\"999\">\n<p data-start=\"909\" data-end=\"999\">Leves, ergon\u00f3micos e confort\u00e1veis, com conchas ovais que se adaptam \u00e0 forma das orelhas.<\/p>\n<\/li>\n<li data-start=\"1000\" data-end=\"1070\">\n<p data-start=\"1002\" data-end=\"1070\">Dois canais de transmiss\u00e3o dispon\u00edveis para evitar interfer\u00eancias.<\/p>\n<\/li>\n<li data-start=\"1071\" data-end=\"1154\" data-is-last-node=\"\">\n<p data-start=\"1073\" data-end=\"1154\" data-is-last-node=\"\">Os auscultadores tamb\u00e9m podem ser utilizados como auscultadores normais com cabo.<\/p>\n<\/li>\n<\/ul>\n","protected":false},"excerpt":{"rendered":"<p>2 auscultadores sem fios para TV com entradas de \u00e1udio anal\u00f3gicas (conector 3,5 mm ou AUX) e digitais \u00f3pticas (Toslink). Alcance m\u00e1ximo de 100 m<\/p>\n","protected":false},"featured_media":67641,"template":"","meta":{"_acf_changed":false},"product_cat":[1691],"product_tag":[],"class_list":{"0":"post-67640","1":"product","2":"type-product","3":"status-publish","4":"has-post-thumbnail","6":"product_cat-auscultadores-tv-sem-fio","8":"first","9":"instock","10":"taxable","11":"shipping-taxable","12":"purchasable","13":"product-type-simple"},"acf":[],"yoast_head":"<!-- This site is optimized with the Yoast SEO plugin v26.1.1 - https:\/\/yoast.com\/wordpress\/plugins\/seo\/ -->\n<title>HP EASY DIGITAL IN BUNDLE - Meliconi<\/title>\n<meta name=\"robots\" content=\"index, follow, max-snippet:-1, max-image-preview:large, max-video-preview:-1\" \/>\n<link rel=\"canonical\" href=\"https:\/\/www.meliconi.com\/pt-pt\/produto\/hp-easy-digital-in-bundle\/\" \/>\n<meta property=\"og:locale\" content=\"pt_PT\" \/>\n<meta property=\"og:type\" content=\"article\" \/>\n<meta property=\"og:title\" content=\"HP EASY DIGITAL IN BUNDLE - Meliconi\" \/>\n<meta property=\"og:description\" content=\"2 auscultadores sem fios para TV com entradas de \u00e1udio anal\u00f3gicas (conector 3,5 mm ou AUX) e digitais \u00f3pticas (Toslink). Alcance m\u00e1ximo de 100 m\" \/>\n<meta property=\"og:url\" content=\"https:\/\/www.meliconi.com\/pt-pt\/produto\/hp-easy-digital-in-bundle\/\" \/>\n<meta property=\"og:site_name\" content=\"Meliconi\" \/>\n<meta property=\"og:image\" content=\"https:\/\/www.meliconi.com\/wp-content\/uploads\/2021\/06\/bundle_hp_easy_digital.jpg\" \/>\n\t<meta property=\"og:image:width\" content=\"1459\" \/>\n\t<meta property=\"og:image:height\" content=\"1000\" \/>\n\t<meta property=\"og:image:type\" content=\"image\/jpeg\" \/>\n<meta name=\"twitter:card\" content=\"summary_large_image\" \/>\n<meta name=\"twitter:label1\" content=\"Tempo estimado de leitura\" \/>\n\t<meta name=\"twitter:data1\" content=\"1 minuto\" \/>\n<script type=\"application\/ld+json\" class=\"yoast-schema-graph\">{\"@context\":\"https:\/\/schema.org\",\"@graph\":[{\"@type\":\"WebPage\",\"@id\":\"https:\/\/www.meliconi.com\/pt-pt\/produto\/hp-easy-digital-in-bundle\/\",\"url\":\"https:\/\/www.meliconi.com\/pt-pt\/produto\/hp-easy-digital-in-bundle\/\",\"name\":\"HP EASY DIGITAL IN BUNDLE - Meliconi\",\"isPartOf\":{\"@id\":\"https:\/\/www.meliconi.com\/pt-pt\/#website\"},\"primaryImageOfPage\":{\"@id\":\"https:\/\/www.meliconi.com\/pt-pt\/produto\/hp-easy-digital-in-bundle\/#primaryimage\"},\"image\":{\"@id\":\"https:\/\/www.meliconi.com\/pt-pt\/produto\/hp-easy-digital-in-bundle\/#primaryimage\"},\"thumbnailUrl\":\"https:\/\/www.meliconi.com\/wp-content\/uploads\/2021\/06\/bundle_hp_easy_digital.jpg\",\"datePublished\":\"2025-12-09T14:39:07+00:00\",\"breadcrumb\":{\"@id\":\"https:\/\/www.meliconi.com\/pt-pt\/produto\/hp-easy-digital-in-bundle\/#breadcrumb\"},\"inLanguage\":\"pt-PT\",\"potentialAction\":[{\"@type\":\"ReadAction\",\"target\":[\"https:\/\/www.meliconi.com\/pt-pt\/produto\/hp-easy-digital-in-bundle\/\"]}]},{\"@type\":\"ImageObject\",\"inLanguage\":\"pt-PT\",\"@id\":\"https:\/\/www.meliconi.com\/pt-pt\/produto\/hp-easy-digital-in-bundle\/#primaryimage\",\"url\":\"https:\/\/www.meliconi.com\/wp-content\/uploads\/2021\/06\/bundle_hp_easy_digital.jpg\",\"contentUrl\":\"https:\/\/www.meliconi.com\/wp-content\/uploads\/2021\/06\/bundle_hp_easy_digital.jpg\",\"width\":1459,\"height\":1000},{\"@type\":\"BreadcrumbList\",\"@id\":\"https:\/\/www.meliconi.com\/pt-pt\/produto\/hp-easy-digital-in-bundle\/#breadcrumb\",\"itemListElement\":[{\"@type\":\"ListItem\",\"position\":1,\"name\":\"Home\",\"item\":\"https:\/\/www.meliconi.com\/pt-pt\/\"},{\"@type\":\"ListItem\",\"position\":2,\"name\":\"Shop\",\"item\":\"https:\/\/www.meliconi.com\/pt-pt\/shop-pt\/\"},{\"@type\":\"ListItem\",\"position\":3,\"name\":\"HP EASY DIGITAL IN BUNDLE\"}]},{\"@type\":\"WebSite\",\"@id\":\"https:\/\/www.meliconi.com\/pt-pt\/#website\",\"url\":\"https:\/\/www.meliconi.com\/pt-pt\/\",\"name\":\"Meliconi\",\"description\":\"Lo specialista dell&#039;accessorio\",\"publisher\":{\"@id\":\"https:\/\/www.meliconi.com\/pt-pt\/#organization\"},\"potentialAction\":[{\"@type\":\"SearchAction\",\"target\":{\"@type\":\"EntryPoint\",\"urlTemplate\":\"https:\/\/www.meliconi.com\/pt-pt\/?s={search_term_string}\"},\"query-input\":{\"@type\":\"PropertyValueSpecification\",\"valueRequired\":true,\"valueName\":\"search_term_string\"}}],\"inLanguage\":\"pt-PT\"},{\"@type\":\"Organization\",\"@id\":\"https:\/\/www.meliconi.com\/pt-pt\/#organization\",\"name\":\"Meliconi\",\"url\":\"https:\/\/www.meliconi.com\/pt-pt\/\",\"logo\":{\"@type\":\"ImageObject\",\"inLanguage\":\"pt-PT\",\"@id\":\"https:\/\/www.meliconi.com\/pt-pt\/#\/schema\/logo\/image\/\",\"url\":\"https:\/\/www.meliconi.com\/wp-content\/uploads\/2021\/06\/logo-meliconi.png\",\"contentUrl\":\"https:\/\/www.meliconi.com\/wp-content\/uploads\/2021\/06\/logo-meliconi.png\",\"width\":338,\"height\":102,\"caption\":\"Meliconi\"},\"image\":{\"@id\":\"https:\/\/www.meliconi.com\/pt-pt\/#\/schema\/logo\/image\/\"}}]}<\/script>\n<!-- \/ Yoast SEO plugin. -->","yoast_head_json":{"title":"HP EASY DIGITAL IN BUNDLE - Meliconi","robots":{"index":"index","follow":"follow","max-snippet":"max-snippet:-1","max-image-preview":"max-image-preview:large","max-video-preview":"max-video-preview:-1"},"canonical":"https:\/\/www.meliconi.com\/pt-pt\/produto\/hp-easy-digital-in-bundle\/","og_locale":"pt_PT","og_type":"article","og_title":"HP EASY DIGITAL IN BUNDLE - Meliconi","og_description":"2 auscultadores sem fios para TV com entradas de \u00e1udio anal\u00f3gicas (conector 3,5 mm ou AUX) e digitais \u00f3pticas (Toslink). Alcance m\u00e1ximo de 100 m","og_url":"https:\/\/www.meliconi.com\/pt-pt\/produto\/hp-easy-digital-in-bundle\/","og_site_name":"Meliconi","og_image":[{"width":1459,"height":1000,"url":"https:\/\/www.meliconi.com\/wp-content\/uploads\/2021\/06\/bundle_hp_easy_digital.jpg","type":"image\/jpeg"}],"twitter_card":"summary_large_image","twitter_misc":{"Tempo estimado de leitura":"1 minuto"},"schema":{"@context":"https:\/\/schema.org","@graph":[{"@type":"WebPage","@id":"https:\/\/www.meliconi.com\/pt-pt\/produto\/hp-easy-digital-in-bundle\/","url":"https:\/\/www.meliconi.com\/pt-pt\/produto\/hp-easy-digital-in-bundle\/","name":"HP EASY DIGITAL IN BUNDLE - Meliconi","isPartOf":{"@id":"https:\/\/www.meliconi.com\/pt-pt\/#website"},"primaryImageOfPage":{"@id":"https:\/\/www.meliconi.com\/pt-pt\/produto\/hp-easy-digital-in-bundle\/#primaryimage"},"image":{"@id":"https:\/\/www.meliconi.com\/pt-pt\/produto\/hp-easy-digital-in-bundle\/#primaryimage"},"thumbnailUrl":"https:\/\/www.meliconi.com\/wp-content\/uploads\/2021\/06\/bundle_hp_easy_digital.jpg","datePublished":"2025-12-09T14:39:07+00:00","breadcrumb":{"@id":"https:\/\/www.meliconi.com\/pt-pt\/produto\/hp-easy-digital-in-bundle\/#breadcrumb"},"inLanguage":"pt-PT","potentialAction":[{"@type":"ReadAction","target":["https:\/\/www.meliconi.com\/pt-pt\/produto\/hp-easy-digital-in-bundle\/"]}]},{"@type":"ImageObject","inLanguage":"pt-PT","@id":"https:\/\/www.meliconi.com\/pt-pt\/produto\/hp-easy-digital-in-bundle\/#primaryimage","url":"https:\/\/www.meliconi.com\/wp-content\/uploads\/2021\/06\/bundle_hp_easy_digital.jpg","contentUrl":"https:\/\/www.meliconi.com\/wp-content\/uploads\/2021\/06\/bundle_hp_easy_digital.jpg","width":1459,"height":1000},{"@type":"BreadcrumbList","@id":"https:\/\/www.meliconi.com\/pt-pt\/produto\/hp-easy-digital-in-bundle\/#breadcrumb","itemListElement":[{"@type":"ListItem","position":1,"name":"Home","item":"https:\/\/www.meliconi.com\/pt-pt\/"},{"@type":"ListItem","position":2,"name":"Shop","item":"https:\/\/www.meliconi.com\/pt-pt\/shop-pt\/"},{"@type":"ListItem","position":3,"name":"HP EASY DIGITAL IN BUNDLE"}]},{"@type":"WebSite","@id":"https:\/\/www.meliconi.com\/pt-pt\/#website","url":"https:\/\/www.meliconi.com\/pt-pt\/","name":"Meliconi","description":"Lo specialista dell&#039;accessorio","publisher":{"@id":"https:\/\/www.meliconi.com\/pt-pt\/#organization"},"potentialAction":[{"@type":"SearchAction","target":{"@type":"EntryPoint","urlTemplate":"https:\/\/www.meliconi.com\/pt-pt\/?s={search_term_string}"},"query-input":{"@type":"PropertyValueSpecification","valueRequired":true,"valueName":"search_term_string"}}],"inLanguage":"pt-PT"},{"@type":"Organization","@id":"https:\/\/www.meliconi.com\/pt-pt\/#organization","name":"Meliconi","url":"https:\/\/www.meliconi.com\/pt-pt\/","logo":{"@type":"ImageObject","inLanguage":"pt-PT","@id":"https:\/\/www.meliconi.com\/pt-pt\/#\/schema\/logo\/image\/","url":"https:\/\/www.meliconi.com\/wp-content\/uploads\/2021\/06\/logo-meliconi.png","contentUrl":"https:\/\/www.meliconi.com\/wp-content\/uploads\/2021\/06\/logo-meliconi.png","width":338,"height":102,"caption":"Meliconi"},"image":{"@id":"https:\/\/www.meliconi.com\/pt-pt\/#\/schema\/logo\/image\/"}}]}},"_links":{"self":[{"href":"https:\/\/www.meliconi.com\/pt-pt\/wp-json\/wp\/v2\/product\/67640","targetHints":{"allow":["GET"]}}],"collection":[{"href":"https:\/\/www.meliconi.com\/pt-pt\/wp-json\/wp\/v2\/product"}],"about":[{"href":"https:\/\/www.meliconi.com\/pt-pt\/wp-json\/wp\/v2\/types\/product"}],"wp:featuredmedia":[{"embeddable":true,"href":"https:\/\/www.meliconi.com\/pt-pt\/wp-json\/wp\/v2\/media\/67641"}],"wp:attachment":[{"href":"https:\/\/www.meliconi.com\/pt-pt\/wp-json\/wp\/v2\/media?parent=67640"}],"wp:term":[{"taxonomy":"product_cat","embeddable":true,"href":"https:\/\/www.meliconi.com\/pt-pt\/wp-json\/wp\/v2\/product_cat?post=67640"},{"taxonomy":"product_tag","embeddable":true,"href":"https:\/\/www.meliconi.com\/pt-pt\/wp-json\/wp\/v2\/product_tag?post=67640"}],"curies":[{"name":"wp","href":"https:\/\/api.w.org\/{rel}","templated":true}]}}