{"id":67631,"date":"2024-06-21T08:47:50","date_gmt":"2025-12-09T14:36:53","guid":{"rendered":"https:\/\/www.meliconi.com\/?post_type=product&#038;p=67631"},"modified":"2025-12-09T15:36:54","modified_gmt":"2025-12-09T14:36:54","slug":"hp-digital-smart","status":"publish","type":"product","link":"https:\/\/www.meliconi.com\/pt-pt\/produto\/hp-digital-smart\/","title":{"rendered":"HP DIGITAL SMART"},"content":{"rendered":"<ul>\n<li data-start=\"80\" data-end=\"209\">\n<p data-start=\"82\" data-end=\"209\">Sistema sem fios (863 MHz) que permite ouvir os programas sem o inc\u00f3modo dos cabos, oferecendo total liberdade de movimentos.<\/p>\n<\/li>\n<li data-start=\"210\" data-end=\"254\">\n<p data-start=\"212\" data-end=\"254\">Alcance m\u00e1ximo de 100 m em campo aberto.<\/p>\n<\/li>\n<li data-start=\"255\" data-end=\"429\">\n<p data-start=\"257\" data-end=\"429\">Liga\u00e7\u00e3o r\u00e1pida \u00e0 TV e a outras fontes de \u00e1udio digitais atrav\u00e9s de cabo \u00f3ptico (Toslink) e a fontes de \u00e1udio anal\u00f3gicas atrav\u00e9s de cabo AUX (conector de 3,5 mm) inclu\u00eddo.<\/p>\n<\/li>\n<li data-start=\"430\" data-end=\"518\">\n<p data-start=\"432\" data-end=\"518\">Base transmissora de tamanho reduzido, alimentada por porta USB (cabo USB inclu\u00eddo).<\/p>\n<\/li>\n<li data-start=\"519\" data-end=\"740\">\n<p data-start=\"521\" data-end=\"740\">Os auscultadores possuem uma bateria de pol\u00edmero de l\u00edtio incorporada, que se recarrega muito rapidamente atrav\u00e9s do cabo USB (2 horas para carga completa). Aproximadamente 8 horas de uso cont\u00ednuo com uma \u00fanica carga.<\/p>\n<\/li>\n<li data-start=\"741\" data-end=\"807\">\n<p data-start=\"743\" data-end=\"807\">Bateria de l\u00edtio refor\u00e7ada: +70% em rela\u00e7\u00e3o \u00e0 vers\u00e3o anterior.<\/p>\n<\/li>\n<li data-start=\"808\" data-end=\"851\">\n<p data-start=\"810\" data-end=\"851\">Excelente isolamento do ru\u00eddo ambiente.<\/p>\n<\/li>\n<li data-start=\"852\" data-end=\"944\">\n<p data-start=\"854\" data-end=\"944\">Leves, ergon\u00f3micos e confort\u00e1veis, com conchas ovais que se adaptam \u00e0 forma das orelhas.<\/p>\n<\/li>\n<li data-start=\"945\" data-end=\"1015\">\n<p data-start=\"947\" data-end=\"1015\">Dois canais de transmiss\u00e3o dispon\u00edveis para evitar interfer\u00eancias.<\/p>\n<\/li>\n<li data-start=\"1016\" data-end=\"1099\" data-is-last-node=\"\">\n<p data-start=\"1018\" data-end=\"1099\" data-is-last-node=\"\">Os auscultadores tamb\u00e9m podem ser utilizados como auscultadores normais com cabo.<\/p>\n<\/li>\n<\/ul>\n","protected":false},"excerpt":{"rendered":"<p>Auscultadores sem fios para TV com entradas de \u00e1udio anal\u00f3gicas (jack 3,5 mm ou AUX) e digitais \u00f3pticas (Toslink). Alcance m\u00e1ximo de 100 m<\/p>\n","protected":false},"featured_media":67639,"template":"","meta":{"_acf_changed":false},"product_cat":[1691],"product_tag":[],"class_list":{"0":"post-67631","1":"product","2":"type-product","3":"status-publish","4":"has-post-thumbnail","6":"product_cat-auscultadores-tv-sem-fio","8":"first","9":"instock","10":"taxable","11":"shipping-taxable","12":"purchasable","13":"product-type-simple"},"acf":[],"yoast_head":"<!-- This site is optimized with the Yoast SEO plugin v26.1.1 - https:\/\/yoast.com\/wordpress\/plugins\/seo\/ -->\n<title>HP DIGITAL SMART - Meliconi<\/title>\n<meta name=\"robots\" content=\"index, follow, max-snippet:-1, max-image-preview:large, max-video-preview:-1\" \/>\n<link rel=\"canonical\" href=\"https:\/\/www.meliconi.com\/pt-pt\/produto\/hp-digital-smart\/\" \/>\n<meta property=\"og:locale\" content=\"pt_PT\" \/>\n<meta property=\"og:type\" content=\"article\" \/>\n<meta property=\"og:title\" content=\"HP DIGITAL SMART - Meliconi\" \/>\n<meta property=\"og:description\" content=\"Auscultadores sem fios para TV com entradas de \u00e1udio anal\u00f3gicas (jack 3,5 mm ou AUX) e digitais \u00f3pticas (Toslink). Alcance m\u00e1ximo de 100 m\" \/>\n<meta property=\"og:url\" content=\"https:\/\/www.meliconi.com\/pt-pt\/produto\/hp-digital-smart\/\" \/>\n<meta property=\"og:site_name\" content=\"Meliconi\" \/>\n<meta property=\"article:modified_time\" content=\"2025-12-09T14:36:54+00:00\" \/>\n<meta property=\"og:image\" content=\"https:\/\/www.meliconi.com\/wp-content\/uploads\/2024\/06\/497337_HP_DIGITAL_SMART-1-779x1024.png\" \/>\n\t<meta property=\"og:image:width\" content=\"779\" \/>\n\t<meta property=\"og:image:height\" content=\"1024\" \/>\n\t<meta property=\"og:image:type\" content=\"image\/png\" \/>\n<meta name=\"twitter:card\" content=\"summary_large_image\" \/>\n<meta name=\"twitter:label1\" content=\"Tempo estimado de leitura\" \/>\n\t<meta name=\"twitter:data1\" content=\"1 minuto\" \/>\n<script type=\"application\/ld+json\" class=\"yoast-schema-graph\">{\"@context\":\"https:\/\/schema.org\",\"@graph\":[{\"@type\":\"WebPage\",\"@id\":\"https:\/\/www.meliconi.com\/pt-pt\/produto\/hp-digital-smart\/\",\"url\":\"https:\/\/www.meliconi.com\/pt-pt\/produto\/hp-digital-smart\/\",\"name\":\"HP DIGITAL SMART - Meliconi\",\"isPartOf\":{\"@id\":\"https:\/\/www.meliconi.com\/pt-pt\/#website\"},\"primaryImageOfPage\":{\"@id\":\"https:\/\/www.meliconi.com\/pt-pt\/produto\/hp-digital-smart\/#primaryimage\"},\"image\":{\"@id\":\"https:\/\/www.meliconi.com\/pt-pt\/produto\/hp-digital-smart\/#primaryimage\"},\"thumbnailUrl\":\"https:\/\/www.meliconi.com\/wp-content\/uploads\/2024\/06\/497337_HP_DIGITAL_SMART-1.png\",\"datePublished\":\"2025-12-09T14:36:53+00:00\",\"dateModified\":\"2025-12-09T14:36:54+00:00\",\"breadcrumb\":{\"@id\":\"https:\/\/www.meliconi.com\/pt-pt\/produto\/hp-digital-smart\/#breadcrumb\"},\"inLanguage\":\"pt-PT\",\"potentialAction\":[{\"@type\":\"ReadAction\",\"target\":[\"https:\/\/www.meliconi.com\/pt-pt\/produto\/hp-digital-smart\/\"]}]},{\"@type\":\"ImageObject\",\"inLanguage\":\"pt-PT\",\"@id\":\"https:\/\/www.meliconi.com\/pt-pt\/produto\/hp-digital-smart\/#primaryimage\",\"url\":\"https:\/\/www.meliconi.com\/wp-content\/uploads\/2024\/06\/497337_HP_DIGITAL_SMART-1.png\",\"contentUrl\":\"https:\/\/www.meliconi.com\/wp-content\/uploads\/2024\/06\/497337_HP_DIGITAL_SMART-1.png\",\"width\":2694,\"height\":3543},{\"@type\":\"BreadcrumbList\",\"@id\":\"https:\/\/www.meliconi.com\/pt-pt\/produto\/hp-digital-smart\/#breadcrumb\",\"itemListElement\":[{\"@type\":\"ListItem\",\"position\":1,\"name\":\"Home\",\"item\":\"https:\/\/www.meliconi.com\/pt-pt\/\"},{\"@type\":\"ListItem\",\"position\":2,\"name\":\"Shop\",\"item\":\"https:\/\/www.meliconi.com\/pt-pt\/shop-pt\/\"},{\"@type\":\"ListItem\",\"position\":3,\"name\":\"HP DIGITAL SMART\"}]},{\"@type\":\"WebSite\",\"@id\":\"https:\/\/www.meliconi.com\/pt-pt\/#website\",\"url\":\"https:\/\/www.meliconi.com\/pt-pt\/\",\"name\":\"Meliconi\",\"description\":\"Lo specialista dell&#039;accessorio\",\"publisher\":{\"@id\":\"https:\/\/www.meliconi.com\/pt-pt\/#organization\"},\"potentialAction\":[{\"@type\":\"SearchAction\",\"target\":{\"@type\":\"EntryPoint\",\"urlTemplate\":\"https:\/\/www.meliconi.com\/pt-pt\/?s={search_term_string}\"},\"query-input\":{\"@type\":\"PropertyValueSpecification\",\"valueRequired\":true,\"valueName\":\"search_term_string\"}}],\"inLanguage\":\"pt-PT\"},{\"@type\":\"Organization\",\"@id\":\"https:\/\/www.meliconi.com\/pt-pt\/#organization\",\"name\":\"Meliconi\",\"url\":\"https:\/\/www.meliconi.com\/pt-pt\/\",\"logo\":{\"@type\":\"ImageObject\",\"inLanguage\":\"pt-PT\",\"@id\":\"https:\/\/www.meliconi.com\/pt-pt\/#\/schema\/logo\/image\/\",\"url\":\"https:\/\/www.meliconi.com\/wp-content\/uploads\/2021\/06\/logo-meliconi.png\",\"contentUrl\":\"https:\/\/www.meliconi.com\/wp-content\/uploads\/2021\/06\/logo-meliconi.png\",\"width\":338,\"height\":102,\"caption\":\"Meliconi\"},\"image\":{\"@id\":\"https:\/\/www.meliconi.com\/pt-pt\/#\/schema\/logo\/image\/\"}}]}<\/script>\n<!-- \/ Yoast SEO plugin. -->","yoast_head_json":{"title":"HP DIGITAL SMART - Meliconi","robots":{"index":"index","follow":"follow","max-snippet":"max-snippet:-1","max-image-preview":"max-image-preview:large","max-video-preview":"max-video-preview:-1"},"canonical":"https:\/\/www.meliconi.com\/pt-pt\/produto\/hp-digital-smart\/","og_locale":"pt_PT","og_type":"article","og_title":"HP DIGITAL SMART - Meliconi","og_description":"Auscultadores sem fios para TV com entradas de \u00e1udio anal\u00f3gicas (jack 3,5 mm ou AUX) e digitais \u00f3pticas (Toslink). Alcance m\u00e1ximo de 100 m","og_url":"https:\/\/www.meliconi.com\/pt-pt\/produto\/hp-digital-smart\/","og_site_name":"Meliconi","article_modified_time":"2025-12-09T14:36:54+00:00","og_image":[{"width":779,"height":1024,"url":"https:\/\/www.meliconi.com\/wp-content\/uploads\/2024\/06\/497337_HP_DIGITAL_SMART-1-779x1024.png","type":"image\/png"}],"twitter_card":"summary_large_image","twitter_misc":{"Tempo estimado de leitura":"1 minuto"},"schema":{"@context":"https:\/\/schema.org","@graph":[{"@type":"WebPage","@id":"https:\/\/www.meliconi.com\/pt-pt\/produto\/hp-digital-smart\/","url":"https:\/\/www.meliconi.com\/pt-pt\/produto\/hp-digital-smart\/","name":"HP DIGITAL SMART - Meliconi","isPartOf":{"@id":"https:\/\/www.meliconi.com\/pt-pt\/#website"},"primaryImageOfPage":{"@id":"https:\/\/www.meliconi.com\/pt-pt\/produto\/hp-digital-smart\/#primaryimage"},"image":{"@id":"https:\/\/www.meliconi.com\/pt-pt\/produto\/hp-digital-smart\/#primaryimage"},"thumbnailUrl":"https:\/\/www.meliconi.com\/wp-content\/uploads\/2024\/06\/497337_HP_DIGITAL_SMART-1.png","datePublished":"2025-12-09T14:36:53+00:00","dateModified":"2025-12-09T14:36:54+00:00","breadcrumb":{"@id":"https:\/\/www.meliconi.com\/pt-pt\/produto\/hp-digital-smart\/#breadcrumb"},"inLanguage":"pt-PT","potentialAction":[{"@type":"ReadAction","target":["https:\/\/www.meliconi.com\/pt-pt\/produto\/hp-digital-smart\/"]}]},{"@type":"ImageObject","inLanguage":"pt-PT","@id":"https:\/\/www.meliconi.com\/pt-pt\/produto\/hp-digital-smart\/#primaryimage","url":"https:\/\/www.meliconi.com\/wp-content\/uploads\/2024\/06\/497337_HP_DIGITAL_SMART-1.png","contentUrl":"https:\/\/www.meliconi.com\/wp-content\/uploads\/2024\/06\/497337_HP_DIGITAL_SMART-1.png","width":2694,"height":3543},{"@type":"BreadcrumbList","@id":"https:\/\/www.meliconi.com\/pt-pt\/produto\/hp-digital-smart\/#breadcrumb","itemListElement":[{"@type":"ListItem","position":1,"name":"Home","item":"https:\/\/www.meliconi.com\/pt-pt\/"},{"@type":"ListItem","position":2,"name":"Shop","item":"https:\/\/www.meliconi.com\/pt-pt\/shop-pt\/"},{"@type":"ListItem","position":3,"name":"HP DIGITAL SMART"}]},{"@type":"WebSite","@id":"https:\/\/www.meliconi.com\/pt-pt\/#website","url":"https:\/\/www.meliconi.com\/pt-pt\/","name":"Meliconi","description":"Lo specialista dell&#039;accessorio","publisher":{"@id":"https:\/\/www.meliconi.com\/pt-pt\/#organization"},"potentialAction":[{"@type":"SearchAction","target":{"@type":"EntryPoint","urlTemplate":"https:\/\/www.meliconi.com\/pt-pt\/?s={search_term_string}"},"query-input":{"@type":"PropertyValueSpecification","valueRequired":true,"valueName":"search_term_string"}}],"inLanguage":"pt-PT"},{"@type":"Organization","@id":"https:\/\/www.meliconi.com\/pt-pt\/#organization","name":"Meliconi","url":"https:\/\/www.meliconi.com\/pt-pt\/","logo":{"@type":"ImageObject","inLanguage":"pt-PT","@id":"https:\/\/www.meliconi.com\/pt-pt\/#\/schema\/logo\/image\/","url":"https:\/\/www.meliconi.com\/wp-content\/uploads\/2021\/06\/logo-meliconi.png","contentUrl":"https:\/\/www.meliconi.com\/wp-content\/uploads\/2021\/06\/logo-meliconi.png","width":338,"height":102,"caption":"Meliconi"},"image":{"@id":"https:\/\/www.meliconi.com\/pt-pt\/#\/schema\/logo\/image\/"}}]}},"_links":{"self":[{"href":"https:\/\/www.meliconi.com\/pt-pt\/wp-json\/wp\/v2\/product\/67631","targetHints":{"allow":["GET"]}}],"collection":[{"href":"https:\/\/www.meliconi.com\/pt-pt\/wp-json\/wp\/v2\/product"}],"about":[{"href":"https:\/\/www.meliconi.com\/pt-pt\/wp-json\/wp\/v2\/types\/product"}],"wp:featuredmedia":[{"embeddable":true,"href":"https:\/\/www.meliconi.com\/pt-pt\/wp-json\/wp\/v2\/media\/67639"}],"wp:attachment":[{"href":"https:\/\/www.meliconi.com\/pt-pt\/wp-json\/wp\/v2\/media?parent=67631"}],"wp:term":[{"taxonomy":"product_cat","embeddable":true,"href":"https:\/\/www.meliconi.com\/pt-pt\/wp-json\/wp\/v2\/product_cat?post=67631"},{"taxonomy":"product_tag","embeddable":true,"href":"https:\/\/www.meliconi.com\/pt-pt\/wp-json\/wp\/v2\/product_tag?post=67631"}],"curies":[{"name":"wp","href":"https:\/\/api.w.org\/{rel}","templated":true}]}}