{"id":67606,"date":"2021-06-25T17:55:39","date_gmt":"2025-12-09T14:34:02","guid":{"rendered":"https:\/\/www.meliconi.com\/?post_type=product&#038;p=67606"},"modified":"2025-12-09T15:34:02","modified_gmt":"2025-12-09T14:34:02","slug":"flag-tv","status":"publish","type":"product","link":"https:\/\/www.meliconi.com\/pt-pt\/produto\/flag-tv\/","title":{"rendered":"Flag TV"},"content":{"rendered":"<p>FLAG TV \u00e9 um suporte de TV de design inovador que pode satisfazer as necessidades de diferentes ambientes.<br \/>\nDe facto, gra\u00e7as \u00e0 sua estrutura em forma de bandeira, permite girar 90\u00b0 qualquer televisor de 55&#8221; a 82&#8221;. No entanto, quando est\u00e1 fechado, gra\u00e7as ao \u00edman fornecido, fica bem fixo com uma dist\u00e2ncia \u00e0 parede de apenas 2 cm.<\/p>\n<p>FLAG TV \u00e9 ideal para situa\u00e7\u00f5es em que precisa de ver a televis\u00e3o de diferentes \u00e2ngulos da divis\u00e3o e para dar um toque de design \u00e0 sua sala ou espa\u00e7o aberto.<br \/>\nAl\u00e9m disso, a capacidade de carga de at\u00e9 70 kg e a compatibilidade com os orif\u00edcios VESA (600* &#8211; 400-300-200) tornam-no um suporte universal.<\/p>\n<p>Para permitir uma montagem mais r\u00e1pida e f\u00e1cil, o produto vem com um modelo de instala\u00e7\u00e3o.<br \/>\n100% Made in Italy<\/p>\n<p>*Televisores de 55&#8221; a 82&#8221; apenas compat\u00edveis com VESA 200-300-400<\/p>\n","protected":false},"excerpt":{"rendered":"<p>Suporte de TV em forma de bandeira com rota\u00e7\u00e3o at\u00e9 90\u00b0<\/p>\n","protected":false},"featured_media":67607,"template":"","meta":{"_acf_changed":false},"product_cat":[1712,1700],"product_tag":[],"class_list":{"0":"post-67606","1":"product","2":"type-product","3":"status-publish","4":"has-post-thumbnail","6":"product_cat-extra-pt-pt","7":"product_cat-promocoes","8":"pa_movimento-supporto-rotation-pt-pt","10":"first","11":"instock","12":"sale","13":"taxable","14":"shipping-taxable","15":"purchasable","16":"product-type-simple"},"acf":[],"yoast_head":"<!-- This site is optimized with the Yoast SEO plugin v26.1.1 - https:\/\/yoast.com\/wordpress\/plugins\/seo\/ -->\n<title>Flag TV - Meliconi<\/title>\n<meta name=\"robots\" content=\"index, follow, max-snippet:-1, max-image-preview:large, max-video-preview:-1\" \/>\n<link rel=\"canonical\" href=\"https:\/\/www.meliconi.com\/pt-pt\/produto\/flag-tv\/\" \/>\n<meta property=\"og:locale\" content=\"pt_PT\" \/>\n<meta property=\"og:type\" content=\"article\" \/>\n<meta property=\"og:title\" content=\"Flag TV - Meliconi\" \/>\n<meta property=\"og:description\" content=\"Suporte de TV em forma de bandeira com rota\u00e7\u00e3o at\u00e9 90\u00b0\" \/>\n<meta property=\"og:url\" content=\"https:\/\/www.meliconi.com\/pt-pt\/produto\/flag-tv\/\" \/>\n<meta property=\"og:site_name\" content=\"Meliconi\" \/>\n<meta property=\"og:image\" content=\"https:\/\/www.meliconi.com\/wp-content\/uploads\/2021\/06\/STILL-A-scaled.jpg\" \/>\n\t<meta property=\"og:image:width\" content=\"2560\" \/>\n\t<meta property=\"og:image:height\" content=\"1600\" \/>\n\t<meta property=\"og:image:type\" content=\"image\/jpeg\" \/>\n<meta name=\"twitter:card\" content=\"summary_large_image\" \/>\n<meta name=\"twitter:label1\" content=\"Tempo estimado de leitura\" \/>\n\t<meta name=\"twitter:data1\" content=\"1 minuto\" \/>\n<script type=\"application\/ld+json\" class=\"yoast-schema-graph\">{\"@context\":\"https:\/\/schema.org\",\"@graph\":[{\"@type\":\"WebPage\",\"@id\":\"https:\/\/www.meliconi.com\/pt-pt\/produto\/flag-tv\/\",\"url\":\"https:\/\/www.meliconi.com\/pt-pt\/produto\/flag-tv\/\",\"name\":\"Flag TV - Meliconi\",\"isPartOf\":{\"@id\":\"https:\/\/www.meliconi.com\/pt-pt\/#website\"},\"primaryImageOfPage\":{\"@id\":\"https:\/\/www.meliconi.com\/pt-pt\/produto\/flag-tv\/#primaryimage\"},\"image\":{\"@id\":\"https:\/\/www.meliconi.com\/pt-pt\/produto\/flag-tv\/#primaryimage\"},\"thumbnailUrl\":\"https:\/\/www.meliconi.com\/wp-content\/uploads\/2021\/06\/STILL-A-scaled.jpg\",\"datePublished\":\"2025-12-09T14:34:02+00:00\",\"breadcrumb\":{\"@id\":\"https:\/\/www.meliconi.com\/pt-pt\/produto\/flag-tv\/#breadcrumb\"},\"inLanguage\":\"pt-PT\",\"potentialAction\":[{\"@type\":\"ReadAction\",\"target\":[\"https:\/\/www.meliconi.com\/pt-pt\/produto\/flag-tv\/\"]}]},{\"@type\":\"ImageObject\",\"inLanguage\":\"pt-PT\",\"@id\":\"https:\/\/www.meliconi.com\/pt-pt\/produto\/flag-tv\/#primaryimage\",\"url\":\"https:\/\/www.meliconi.com\/wp-content\/uploads\/2021\/06\/STILL-A-scaled.jpg\",\"contentUrl\":\"https:\/\/www.meliconi.com\/wp-content\/uploads\/2021\/06\/STILL-A-scaled.jpg\",\"width\":2560,\"height\":1600},{\"@type\":\"BreadcrumbList\",\"@id\":\"https:\/\/www.meliconi.com\/pt-pt\/produto\/flag-tv\/#breadcrumb\",\"itemListElement\":[{\"@type\":\"ListItem\",\"position\":1,\"name\":\"Home\",\"item\":\"https:\/\/www.meliconi.com\/pt-pt\/\"},{\"@type\":\"ListItem\",\"position\":2,\"name\":\"Shop\",\"item\":\"https:\/\/www.meliconi.com\/pt-pt\/shop-pt\/\"},{\"@type\":\"ListItem\",\"position\":3,\"name\":\"Flag TV\"}]},{\"@type\":\"WebSite\",\"@id\":\"https:\/\/www.meliconi.com\/pt-pt\/#website\",\"url\":\"https:\/\/www.meliconi.com\/pt-pt\/\",\"name\":\"Meliconi\",\"description\":\"Lo specialista dell&#039;accessorio\",\"publisher\":{\"@id\":\"https:\/\/www.meliconi.com\/pt-pt\/#organization\"},\"potentialAction\":[{\"@type\":\"SearchAction\",\"target\":{\"@type\":\"EntryPoint\",\"urlTemplate\":\"https:\/\/www.meliconi.com\/pt-pt\/?s={search_term_string}\"},\"query-input\":{\"@type\":\"PropertyValueSpecification\",\"valueRequired\":true,\"valueName\":\"search_term_string\"}}],\"inLanguage\":\"pt-PT\"},{\"@type\":\"Organization\",\"@id\":\"https:\/\/www.meliconi.com\/pt-pt\/#organization\",\"name\":\"Meliconi\",\"url\":\"https:\/\/www.meliconi.com\/pt-pt\/\",\"logo\":{\"@type\":\"ImageObject\",\"inLanguage\":\"pt-PT\",\"@id\":\"https:\/\/www.meliconi.com\/pt-pt\/#\/schema\/logo\/image\/\",\"url\":\"https:\/\/www.meliconi.com\/wp-content\/uploads\/2021\/06\/logo-meliconi.png\",\"contentUrl\":\"https:\/\/www.meliconi.com\/wp-content\/uploads\/2021\/06\/logo-meliconi.png\",\"width\":338,\"height\":102,\"caption\":\"Meliconi\"},\"image\":{\"@id\":\"https:\/\/www.meliconi.com\/pt-pt\/#\/schema\/logo\/image\/\"}}]}<\/script>\n<!-- \/ Yoast SEO plugin. -->","yoast_head_json":{"title":"Flag TV - Meliconi","robots":{"index":"index","follow":"follow","max-snippet":"max-snippet:-1","max-image-preview":"max-image-preview:large","max-video-preview":"max-video-preview:-1"},"canonical":"https:\/\/www.meliconi.com\/pt-pt\/produto\/flag-tv\/","og_locale":"pt_PT","og_type":"article","og_title":"Flag TV - Meliconi","og_description":"Suporte de TV em forma de bandeira com rota\u00e7\u00e3o at\u00e9 90\u00b0","og_url":"https:\/\/www.meliconi.com\/pt-pt\/produto\/flag-tv\/","og_site_name":"Meliconi","og_image":[{"width":2560,"height":1600,"url":"https:\/\/www.meliconi.com\/wp-content\/uploads\/2021\/06\/STILL-A-scaled.jpg","type":"image\/jpeg"}],"twitter_card":"summary_large_image","twitter_misc":{"Tempo estimado de leitura":"1 minuto"},"schema":{"@context":"https:\/\/schema.org","@graph":[{"@type":"WebPage","@id":"https:\/\/www.meliconi.com\/pt-pt\/produto\/flag-tv\/","url":"https:\/\/www.meliconi.com\/pt-pt\/produto\/flag-tv\/","name":"Flag TV - Meliconi","isPartOf":{"@id":"https:\/\/www.meliconi.com\/pt-pt\/#website"},"primaryImageOfPage":{"@id":"https:\/\/www.meliconi.com\/pt-pt\/produto\/flag-tv\/#primaryimage"},"image":{"@id":"https:\/\/www.meliconi.com\/pt-pt\/produto\/flag-tv\/#primaryimage"},"thumbnailUrl":"https:\/\/www.meliconi.com\/wp-content\/uploads\/2021\/06\/STILL-A-scaled.jpg","datePublished":"2025-12-09T14:34:02+00:00","breadcrumb":{"@id":"https:\/\/www.meliconi.com\/pt-pt\/produto\/flag-tv\/#breadcrumb"},"inLanguage":"pt-PT","potentialAction":[{"@type":"ReadAction","target":["https:\/\/www.meliconi.com\/pt-pt\/produto\/flag-tv\/"]}]},{"@type":"ImageObject","inLanguage":"pt-PT","@id":"https:\/\/www.meliconi.com\/pt-pt\/produto\/flag-tv\/#primaryimage","url":"https:\/\/www.meliconi.com\/wp-content\/uploads\/2021\/06\/STILL-A-scaled.jpg","contentUrl":"https:\/\/www.meliconi.com\/wp-content\/uploads\/2021\/06\/STILL-A-scaled.jpg","width":2560,"height":1600},{"@type":"BreadcrumbList","@id":"https:\/\/www.meliconi.com\/pt-pt\/produto\/flag-tv\/#breadcrumb","itemListElement":[{"@type":"ListItem","position":1,"name":"Home","item":"https:\/\/www.meliconi.com\/pt-pt\/"},{"@type":"ListItem","position":2,"name":"Shop","item":"https:\/\/www.meliconi.com\/pt-pt\/shop-pt\/"},{"@type":"ListItem","position":3,"name":"Flag TV"}]},{"@type":"WebSite","@id":"https:\/\/www.meliconi.com\/pt-pt\/#website","url":"https:\/\/www.meliconi.com\/pt-pt\/","name":"Meliconi","description":"Lo specialista dell&#039;accessorio","publisher":{"@id":"https:\/\/www.meliconi.com\/pt-pt\/#organization"},"potentialAction":[{"@type":"SearchAction","target":{"@type":"EntryPoint","urlTemplate":"https:\/\/www.meliconi.com\/pt-pt\/?s={search_term_string}"},"query-input":{"@type":"PropertyValueSpecification","valueRequired":true,"valueName":"search_term_string"}}],"inLanguage":"pt-PT"},{"@type":"Organization","@id":"https:\/\/www.meliconi.com\/pt-pt\/#organization","name":"Meliconi","url":"https:\/\/www.meliconi.com\/pt-pt\/","logo":{"@type":"ImageObject","inLanguage":"pt-PT","@id":"https:\/\/www.meliconi.com\/pt-pt\/#\/schema\/logo\/image\/","url":"https:\/\/www.meliconi.com\/wp-content\/uploads\/2021\/06\/logo-meliconi.png","contentUrl":"https:\/\/www.meliconi.com\/wp-content\/uploads\/2021\/06\/logo-meliconi.png","width":338,"height":102,"caption":"Meliconi"},"image":{"@id":"https:\/\/www.meliconi.com\/pt-pt\/#\/schema\/logo\/image\/"}}]}},"_links":{"self":[{"href":"https:\/\/www.meliconi.com\/pt-pt\/wp-json\/wp\/v2\/product\/67606","targetHints":{"allow":["GET"]}}],"collection":[{"href":"https:\/\/www.meliconi.com\/pt-pt\/wp-json\/wp\/v2\/product"}],"about":[{"href":"https:\/\/www.meliconi.com\/pt-pt\/wp-json\/wp\/v2\/types\/product"}],"wp:featuredmedia":[{"embeddable":true,"href":"https:\/\/www.meliconi.com\/pt-pt\/wp-json\/wp\/v2\/media\/67607"}],"wp:attachment":[{"href":"https:\/\/www.meliconi.com\/pt-pt\/wp-json\/wp\/v2\/media?parent=67606"}],"wp:term":[{"taxonomy":"product_cat","embeddable":true,"href":"https:\/\/www.meliconi.com\/pt-pt\/wp-json\/wp\/v2\/product_cat?post=67606"},{"taxonomy":"product_tag","embeddable":true,"href":"https:\/\/www.meliconi.com\/pt-pt\/wp-json\/wp\/v2\/product_tag?post=67606"}],"curies":[{"name":"wp","href":"https:\/\/api.w.org\/{rel}","templated":true}]}}