{"id":67572,"date":"2024-05-13T17:28:40","date_gmt":"2025-12-09T14:30:33","guid":{"rendered":"https:\/\/www.meliconi.com\/?post_type=product&#038;p=67572"},"modified":"2025-12-09T15:30:34","modified_gmt":"2025-12-09T14:30:34","slug":"xdr200-400","status":"publish","type":"product","link":"https:\/\/www.meliconi.com\/pt-pt\/produto\/xdr200-400\/","title":{"rendered":"XDR200 400"},"content":{"rendered":"<p>Extra \u00e9 a nova linha de suportes para TV da Meliconi, ideal para todas as necessidades, que combina tecnologia de ponta, materiais de \u00faltima gera\u00e7\u00e3o e design inovador. Estes produtos est\u00e3o concebidos para os televisores maiores: descubra as nossas op\u00e7\u00f5es e encontre a que melhor se adapta \u00e0s suas necessidades. Como todos os suportes Meliconi, distingue-se pela sua qualidade Made in Italy, garantindo os mais elevados padr\u00f5es e uma instala\u00e7\u00e3o f\u00e1cil com o m\u00ednimo esfor\u00e7o.<\/p>\n<p>O XDR200 400 \u00e9 um suporte para TV com dupla rota\u00e7\u00e3o, especificamente para placa de gesso cartonado, ideal para TVs com perfura\u00e7\u00f5es VESA de 200-300-400. Est\u00e1 equipado com barras duplas (200 e 400) para facilitar a instala\u00e7\u00e3o mesmo em TVs com montagem VESA 200. Al\u00e9m disso, conta com o sistema Fast Block e est\u00e1 certificado pela TUV. Este suporte para TV em placa de gesso \u00e9 adequado para televisores com espessura de 12,5 mm a 25 mm, permitindo a instala\u00e7\u00e3o em qualquer posi\u00e7\u00e3o, e tem uma capacidade de carga de 30 kg.<\/p>\n<p>O exclusivo sistema de bloqueio inteligente das barras, FASTBLOCK, permite montar a TV na parede em 3 simples passos:<\/p>\n<ol>\n<li>Fixe a placa \u00e0 parede.<\/li>\n<li>Aparafuse as barras na parte traseira da TV.<\/li>\n<li>Instale a TV na placa de parede.<\/li>\n<\/ol>\n<p><strong>Caracter\u00edsticas:<\/strong><\/p>\n<ul>\n<li><strong>Suportes com dupla rota\u00e7\u00e3o:<\/strong> O XDR200 400 \u00e9 o seu suporte Meliconi para TV com rota\u00e7\u00e3o, para uma visualiza\u00e7\u00e3o \u00f3tima de qualquer \u00e2ngulo.<\/li>\n<li><strong>Made in Italy:<\/strong> Alta qualidade garantida.<\/li>\n<li><strong>F\u00e1cil instala\u00e7\u00e3o:<\/strong> Montagem simples e r\u00e1pida com o sistema FASTBLOCK.<\/li>\n<li><strong>Adequado para placa de gesso:<\/strong> Especificamente concebido para instala\u00e7\u00f5es em placa de gesso com espessura de 12,5 mm a 25 mm.<\/li>\n<li><strong>Certificado TUV:<\/strong> M\u00e1xima seguran\u00e7a e fiabilidade.<\/li>\n<li><strong>Capacidade de carga:<\/strong> Suporta at\u00e9 30 kg.<\/li>\n<\/ul>\n","protected":false},"excerpt":{"rendered":"<p>Suporte de parede para TV de bra\u00e7o duplo e rota\u00e7\u00e3o<\/p>\n","protected":false},"featured_media":67581,"template":"","meta":{"_acf_changed":false},"product_cat":[1712],"product_tag":[],"class_list":{"0":"post-67572","1":"product","2":"type-product","3":"status-publish","4":"has-post-thumbnail","6":"product_cat-extra-pt-pt","7":"pa_movimento-supporto-double-rotation-pt-pt","9":"first","10":"instock","11":"taxable","12":"shipping-taxable","13":"product-type-simple"},"acf":[],"yoast_head":"<!-- This site is optimized with the Yoast SEO plugin v26.1.1 - https:\/\/yoast.com\/wordpress\/plugins\/seo\/ -->\n<title>XDR200 400 - Meliconi<\/title>\n<meta name=\"robots\" content=\"index, follow, max-snippet:-1, max-image-preview:large, max-video-preview:-1\" \/>\n<link rel=\"canonical\" href=\"https:\/\/www.meliconi.com\/pt-pt\/produto\/xdr200-400\/\" \/>\n<meta property=\"og:locale\" content=\"pt_PT\" \/>\n<meta property=\"og:type\" content=\"article\" \/>\n<meta property=\"og:title\" content=\"XDR200 400 - Meliconi\" \/>\n<meta property=\"og:description\" content=\"Suporte de parede para TV de bra\u00e7o duplo e rota\u00e7\u00e3o\" \/>\n<meta property=\"og:url\" content=\"https:\/\/www.meliconi.com\/pt-pt\/produto\/xdr200-400\/\" \/>\n<meta property=\"og:site_name\" content=\"Meliconi\" \/>\n<meta property=\"article:modified_time\" content=\"2025-12-09T14:30:34+00:00\" \/>\n<meta property=\"og:image\" content=\"https:\/\/www.meliconi.com\/wp-content\/uploads\/2024\/05\/480879_XDR200400_UNITE-2-1024x724.png\" \/>\n\t<meta property=\"og:image:width\" content=\"1024\" \/>\n\t<meta property=\"og:image:height\" content=\"724\" \/>\n\t<meta property=\"og:image:type\" content=\"image\/png\" \/>\n<meta name=\"twitter:card\" content=\"summary_large_image\" \/>\n<meta name=\"twitter:label1\" content=\"Tempo estimado de leitura\" \/>\n\t<meta name=\"twitter:data1\" content=\"1 minuto\" \/>\n<script type=\"application\/ld+json\" class=\"yoast-schema-graph\">{\"@context\":\"https:\/\/schema.org\",\"@graph\":[{\"@type\":\"WebPage\",\"@id\":\"https:\/\/www.meliconi.com\/pt-pt\/produto\/xdr200-400\/\",\"url\":\"https:\/\/www.meliconi.com\/pt-pt\/produto\/xdr200-400\/\",\"name\":\"XDR200 400 - Meliconi\",\"isPartOf\":{\"@id\":\"https:\/\/www.meliconi.com\/pt-pt\/#website\"},\"primaryImageOfPage\":{\"@id\":\"https:\/\/www.meliconi.com\/pt-pt\/produto\/xdr200-400\/#primaryimage\"},\"image\":{\"@id\":\"https:\/\/www.meliconi.com\/pt-pt\/produto\/xdr200-400\/#primaryimage\"},\"thumbnailUrl\":\"https:\/\/www.meliconi.com\/wp-content\/uploads\/2024\/05\/480879_XDR200400_UNITE-2.png\",\"datePublished\":\"2025-12-09T14:30:33+00:00\",\"dateModified\":\"2025-12-09T14:30:34+00:00\",\"breadcrumb\":{\"@id\":\"https:\/\/www.meliconi.com\/pt-pt\/produto\/xdr200-400\/#breadcrumb\"},\"inLanguage\":\"pt-PT\",\"potentialAction\":[{\"@type\":\"ReadAction\",\"target\":[\"https:\/\/www.meliconi.com\/pt-pt\/produto\/xdr200-400\/\"]}]},{\"@type\":\"ImageObject\",\"inLanguage\":\"pt-PT\",\"@id\":\"https:\/\/www.meliconi.com\/pt-pt\/produto\/xdr200-400\/#primaryimage\",\"url\":\"https:\/\/www.meliconi.com\/wp-content\/uploads\/2024\/05\/480879_XDR200400_UNITE-2.png\",\"contentUrl\":\"https:\/\/www.meliconi.com\/wp-content\/uploads\/2024\/05\/480879_XDR200400_UNITE-2.png\",\"width\":6000,\"height\":4242},{\"@type\":\"BreadcrumbList\",\"@id\":\"https:\/\/www.meliconi.com\/pt-pt\/produto\/xdr200-400\/#breadcrumb\",\"itemListElement\":[{\"@type\":\"ListItem\",\"position\":1,\"name\":\"Home\",\"item\":\"https:\/\/www.meliconi.com\/pt-pt\/\"},{\"@type\":\"ListItem\",\"position\":2,\"name\":\"Shop\",\"item\":\"https:\/\/www.meliconi.com\/pt-pt\/shop-pt\/\"},{\"@type\":\"ListItem\",\"position\":3,\"name\":\"XDR200 400\"}]},{\"@type\":\"WebSite\",\"@id\":\"https:\/\/www.meliconi.com\/pt-pt\/#website\",\"url\":\"https:\/\/www.meliconi.com\/pt-pt\/\",\"name\":\"Meliconi\",\"description\":\"Lo specialista dell&#039;accessorio\",\"publisher\":{\"@id\":\"https:\/\/www.meliconi.com\/pt-pt\/#organization\"},\"potentialAction\":[{\"@type\":\"SearchAction\",\"target\":{\"@type\":\"EntryPoint\",\"urlTemplate\":\"https:\/\/www.meliconi.com\/pt-pt\/?s={search_term_string}\"},\"query-input\":{\"@type\":\"PropertyValueSpecification\",\"valueRequired\":true,\"valueName\":\"search_term_string\"}}],\"inLanguage\":\"pt-PT\"},{\"@type\":\"Organization\",\"@id\":\"https:\/\/www.meliconi.com\/pt-pt\/#organization\",\"name\":\"Meliconi\",\"url\":\"https:\/\/www.meliconi.com\/pt-pt\/\",\"logo\":{\"@type\":\"ImageObject\",\"inLanguage\":\"pt-PT\",\"@id\":\"https:\/\/www.meliconi.com\/pt-pt\/#\/schema\/logo\/image\/\",\"url\":\"https:\/\/www.meliconi.com\/wp-content\/uploads\/2021\/06\/logo-meliconi.png\",\"contentUrl\":\"https:\/\/www.meliconi.com\/wp-content\/uploads\/2021\/06\/logo-meliconi.png\",\"width\":338,\"height\":102,\"caption\":\"Meliconi\"},\"image\":{\"@id\":\"https:\/\/www.meliconi.com\/pt-pt\/#\/schema\/logo\/image\/\"}}]}<\/script>\n<!-- \/ Yoast SEO plugin. -->","yoast_head_json":{"title":"XDR200 400 - Meliconi","robots":{"index":"index","follow":"follow","max-snippet":"max-snippet:-1","max-image-preview":"max-image-preview:large","max-video-preview":"max-video-preview:-1"},"canonical":"https:\/\/www.meliconi.com\/pt-pt\/produto\/xdr200-400\/","og_locale":"pt_PT","og_type":"article","og_title":"XDR200 400 - Meliconi","og_description":"Suporte de parede para TV de bra\u00e7o duplo e rota\u00e7\u00e3o","og_url":"https:\/\/www.meliconi.com\/pt-pt\/produto\/xdr200-400\/","og_site_name":"Meliconi","article_modified_time":"2025-12-09T14:30:34+00:00","og_image":[{"width":1024,"height":724,"url":"https:\/\/www.meliconi.com\/wp-content\/uploads\/2024\/05\/480879_XDR200400_UNITE-2-1024x724.png","type":"image\/png"}],"twitter_card":"summary_large_image","twitter_misc":{"Tempo estimado de leitura":"1 minuto"},"schema":{"@context":"https:\/\/schema.org","@graph":[{"@type":"WebPage","@id":"https:\/\/www.meliconi.com\/pt-pt\/produto\/xdr200-400\/","url":"https:\/\/www.meliconi.com\/pt-pt\/produto\/xdr200-400\/","name":"XDR200 400 - Meliconi","isPartOf":{"@id":"https:\/\/www.meliconi.com\/pt-pt\/#website"},"primaryImageOfPage":{"@id":"https:\/\/www.meliconi.com\/pt-pt\/produto\/xdr200-400\/#primaryimage"},"image":{"@id":"https:\/\/www.meliconi.com\/pt-pt\/produto\/xdr200-400\/#primaryimage"},"thumbnailUrl":"https:\/\/www.meliconi.com\/wp-content\/uploads\/2024\/05\/480879_XDR200400_UNITE-2.png","datePublished":"2025-12-09T14:30:33+00:00","dateModified":"2025-12-09T14:30:34+00:00","breadcrumb":{"@id":"https:\/\/www.meliconi.com\/pt-pt\/produto\/xdr200-400\/#breadcrumb"},"inLanguage":"pt-PT","potentialAction":[{"@type":"ReadAction","target":["https:\/\/www.meliconi.com\/pt-pt\/produto\/xdr200-400\/"]}]},{"@type":"ImageObject","inLanguage":"pt-PT","@id":"https:\/\/www.meliconi.com\/pt-pt\/produto\/xdr200-400\/#primaryimage","url":"https:\/\/www.meliconi.com\/wp-content\/uploads\/2024\/05\/480879_XDR200400_UNITE-2.png","contentUrl":"https:\/\/www.meliconi.com\/wp-content\/uploads\/2024\/05\/480879_XDR200400_UNITE-2.png","width":6000,"height":4242},{"@type":"BreadcrumbList","@id":"https:\/\/www.meliconi.com\/pt-pt\/produto\/xdr200-400\/#breadcrumb","itemListElement":[{"@type":"ListItem","position":1,"name":"Home","item":"https:\/\/www.meliconi.com\/pt-pt\/"},{"@type":"ListItem","position":2,"name":"Shop","item":"https:\/\/www.meliconi.com\/pt-pt\/shop-pt\/"},{"@type":"ListItem","position":3,"name":"XDR200 400"}]},{"@type":"WebSite","@id":"https:\/\/www.meliconi.com\/pt-pt\/#website","url":"https:\/\/www.meliconi.com\/pt-pt\/","name":"Meliconi","description":"Lo specialista dell&#039;accessorio","publisher":{"@id":"https:\/\/www.meliconi.com\/pt-pt\/#organization"},"potentialAction":[{"@type":"SearchAction","target":{"@type":"EntryPoint","urlTemplate":"https:\/\/www.meliconi.com\/pt-pt\/?s={search_term_string}"},"query-input":{"@type":"PropertyValueSpecification","valueRequired":true,"valueName":"search_term_string"}}],"inLanguage":"pt-PT"},{"@type":"Organization","@id":"https:\/\/www.meliconi.com\/pt-pt\/#organization","name":"Meliconi","url":"https:\/\/www.meliconi.com\/pt-pt\/","logo":{"@type":"ImageObject","inLanguage":"pt-PT","@id":"https:\/\/www.meliconi.com\/pt-pt\/#\/schema\/logo\/image\/","url":"https:\/\/www.meliconi.com\/wp-content\/uploads\/2021\/06\/logo-meliconi.png","contentUrl":"https:\/\/www.meliconi.com\/wp-content\/uploads\/2021\/06\/logo-meliconi.png","width":338,"height":102,"caption":"Meliconi"},"image":{"@id":"https:\/\/www.meliconi.com\/pt-pt\/#\/schema\/logo\/image\/"}}]}},"_links":{"self":[{"href":"https:\/\/www.meliconi.com\/pt-pt\/wp-json\/wp\/v2\/product\/67572","targetHints":{"allow":["GET"]}}],"collection":[{"href":"https:\/\/www.meliconi.com\/pt-pt\/wp-json\/wp\/v2\/product"}],"about":[{"href":"https:\/\/www.meliconi.com\/pt-pt\/wp-json\/wp\/v2\/types\/product"}],"wp:featuredmedia":[{"embeddable":true,"href":"https:\/\/www.meliconi.com\/pt-pt\/wp-json\/wp\/v2\/media\/67581"}],"wp:attachment":[{"href":"https:\/\/www.meliconi.com\/pt-pt\/wp-json\/wp\/v2\/media?parent=67572"}],"wp:term":[{"taxonomy":"product_cat","embeddable":true,"href":"https:\/\/www.meliconi.com\/pt-pt\/wp-json\/wp\/v2\/product_cat?post=67572"},{"taxonomy":"product_tag","embeddable":true,"href":"https:\/\/www.meliconi.com\/pt-pt\/wp-json\/wp\/v2\/product_tag?post=67572"}],"curies":[{"name":"wp","href":"https:\/\/api.w.org\/{rel}","templated":true}]}}