{"id":67516,"date":"2023-11-28T10:09:36","date_gmt":"2025-12-09T14:21:05","guid":{"rendered":"https:\/\/www.meliconi.com\/?post_type=product&#038;p=67516"},"modified":"2025-12-09T15:21:06","modified_gmt":"2025-12-09T14:21:06","slug":"400-sdrp-plus","status":"publish","type":"product","link":"https:\/\/www.meliconi.com\/pt-pt\/produto\/400-sdrp-plus\/","title":{"rendered":"400 SDRP PLUS"},"content":{"rendered":"<p>EXTRA \u00e9 a nova linha de suportes de parede ultrafinos para TV da Meliconi S.p.A., a combina\u00e7\u00e3o perfeita de tecnologia avan\u00e7ada, materiais de \u00faltima gera\u00e7\u00e3o e design atraente. Gra\u00e7as \u00e0s inovadoras fun\u00e7\u00f5es FAST BLOCK e EASY FIX UP&amp;DOWN, instalar a sua TV nunca foi t\u00e3o simples e preciso. A adi\u00e7\u00e3o de um revestimento protetor de borracha em todos os suportes protege a TV ao longo do tempo, sem sacrificar o m\u00ednimo espa\u00e7o (at\u00e9 10,5 cm da parede) e garantindo total seguran\u00e7a. Todos os suportes EXTRA s\u00e3o 100% Made in Italy, com qualidade certificada TUV e 10 anos de garantia.<\/p>\n<p>O 400 SDRP PLUS \u00e9 um suporte orient\u00e1vel com dois bra\u00e7os e duas articula\u00e7\u00f5es para TVs com furos VESA de 200 \u2013 300 \u2013 400 mm. Permite inclinar a tela vertical e horizontalmente, adequado para TVs de m\u00e9dio e grande formato. A fun\u00e7\u00e3o EASY FIX UP&amp;DOWN n\u00e3o s\u00f3 permite alterar livremente a inclina\u00e7\u00e3o vertical da TV, como tamb\u00e9m garante que o televisor fique nivelado vertical e horizontalmente mesmo ap\u00f3s fixar o suporte \u00e0 parede, sem necessidade de usar qualquer chave de fendas.<\/p>\n","protected":false},"excerpt":{"rendered":"<p>Suporte de parede para TV com dupla rota\u00e7\u00e3o.<\/p>\n","protected":false},"featured_media":67517,"template":"","meta":{"_acf_changed":false},"product_brand":[],"product_cat":[1710],"product_tag":[],"class_list":{"0":"post-67516","1":"product","2":"type-product","3":"status-publish","4":"has-post-thumbnail","6":"product_cat-cat-suportes-tv","7":"pa_movimento-supporto-double-rotation-pt-pt","9":"first","10":"instock","11":"taxable","12":"shipping-taxable","13":"product-type-simple"},"acf":[],"yoast_head":"<!-- This site is optimized with the Yoast SEO plugin v27.4 - https:\/\/yoast.com\/product\/yoast-seo-wordpress\/ -->\n<title>400 SDRP PLUS - Meliconi<\/title>\n<meta name=\"robots\" content=\"index, follow, max-snippet:-1, max-image-preview:large, max-video-preview:-1\" \/>\n<link rel=\"canonical\" href=\"https:\/\/www.meliconi.com\/pt-pt\/produto\/400-sdrp-plus\/\" \/>\n<meta property=\"og:locale\" content=\"pt_PT\" \/>\n<meta property=\"og:type\" content=\"article\" \/>\n<meta property=\"og:title\" content=\"400 SDRP PLUS - Meliconi\" \/>\n<meta property=\"og:description\" content=\"Suporte de parede para TV com dupla rota\u00e7\u00e3o.\" \/>\n<meta property=\"og:url\" content=\"https:\/\/www.meliconi.com\/pt-pt\/produto\/400-sdrp-plus\/\" \/>\n<meta property=\"og:site_name\" content=\"Meliconi\" \/>\n<meta property=\"article:modified_time\" content=\"2025-12-09T14:21:06+00:00\" \/>\n<meta property=\"og:image\" content=\"https:\/\/www.meliconi.com\/wp-content\/uploads\/2023\/11\/480874_EXTRA-400-SDRP-Plus-2023-ok-2-1024x724.png\" \/>\n\t<meta property=\"og:image:width\" content=\"1024\" \/>\n\t<meta property=\"og:image:height\" content=\"724\" \/>\n\t<meta property=\"og:image:type\" content=\"image\/png\" \/>\n<meta name=\"twitter:card\" content=\"summary_large_image\" \/>\n<meta name=\"twitter:label1\" content=\"Tempo estimado de leitura\" \/>\n\t<meta name=\"twitter:data1\" content=\"1 minuto\" \/>\n<script type=\"application\/ld+json\" class=\"yoast-schema-graph\">{\"@context\":\"https:\\\/\\\/schema.org\",\"@graph\":[{\"@type\":\"WebPage\",\"@id\":\"https:\\\/\\\/www.meliconi.com\\\/pt-pt\\\/produto\\\/400-sdrp-plus\\\/\",\"url\":\"https:\\\/\\\/www.meliconi.com\\\/pt-pt\\\/produto\\\/400-sdrp-plus\\\/\",\"name\":\"400 SDRP PLUS - Meliconi\",\"isPartOf\":{\"@id\":\"https:\\\/\\\/www.meliconi.com\\\/pt-pt\\\/#website\"},\"primaryImageOfPage\":{\"@id\":\"https:\\\/\\\/www.meliconi.com\\\/pt-pt\\\/produto\\\/400-sdrp-plus\\\/#primaryimage\"},\"image\":{\"@id\":\"https:\\\/\\\/www.meliconi.com\\\/pt-pt\\\/produto\\\/400-sdrp-plus\\\/#primaryimage\"},\"thumbnailUrl\":\"https:\\\/\\\/www.meliconi.com\\\/wp-content\\\/uploads\\\/2023\\\/11\\\/480874_EXTRA-400-SDRP-Plus-2023-ok-2.png\",\"datePublished\":\"2025-12-09T14:21:05+00:00\",\"dateModified\":\"2025-12-09T14:21:06+00:00\",\"breadcrumb\":{\"@id\":\"https:\\\/\\\/www.meliconi.com\\\/pt-pt\\\/produto\\\/400-sdrp-plus\\\/#breadcrumb\"},\"inLanguage\":\"pt-PT\",\"potentialAction\":[{\"@type\":\"ReadAction\",\"target\":[\"https:\\\/\\\/www.meliconi.com\\\/pt-pt\\\/produto\\\/400-sdrp-plus\\\/\"]}]},{\"@type\":\"ImageObject\",\"inLanguage\":\"pt-PT\",\"@id\":\"https:\\\/\\\/www.meliconi.com\\\/pt-pt\\\/produto\\\/400-sdrp-plus\\\/#primaryimage\",\"url\":\"https:\\\/\\\/www.meliconi.com\\\/wp-content\\\/uploads\\\/2023\\\/11\\\/480874_EXTRA-400-SDRP-Plus-2023-ok-2.png\",\"contentUrl\":\"https:\\\/\\\/www.meliconi.com\\\/wp-content\\\/uploads\\\/2023\\\/11\\\/480874_EXTRA-400-SDRP-Plus-2023-ok-2.png\",\"width\":5000,\"height\":3535},{\"@type\":\"BreadcrumbList\",\"@id\":\"https:\\\/\\\/www.meliconi.com\\\/pt-pt\\\/produto\\\/400-sdrp-plus\\\/#breadcrumb\",\"itemListElement\":[{\"@type\":\"ListItem\",\"position\":1,\"name\":\"Home\",\"item\":\"https:\\\/\\\/www.meliconi.com\\\/pt-pt\\\/\"},{\"@type\":\"ListItem\",\"position\":2,\"name\":\"Shop\",\"item\":\"https:\\\/\\\/www.meliconi.com\\\/pt-pt\\\/shop-pt\\\/\"},{\"@type\":\"ListItem\",\"position\":3,\"name\":\"400 SDRP PLUS\"}]},{\"@type\":\"WebSite\",\"@id\":\"https:\\\/\\\/www.meliconi.com\\\/pt-pt\\\/#website\",\"url\":\"https:\\\/\\\/www.meliconi.com\\\/pt-pt\\\/\",\"name\":\"Meliconi\",\"description\":\"Lo specialista dell&#039;accessorio\",\"publisher\":{\"@id\":\"https:\\\/\\\/www.meliconi.com\\\/pt-pt\\\/#organization\"},\"potentialAction\":[{\"@type\":\"SearchAction\",\"target\":{\"@type\":\"EntryPoint\",\"urlTemplate\":\"https:\\\/\\\/www.meliconi.com\\\/pt-pt\\\/?s={search_term_string}\"},\"query-input\":{\"@type\":\"PropertyValueSpecification\",\"valueRequired\":true,\"valueName\":\"search_term_string\"}}],\"inLanguage\":\"pt-PT\"},{\"@type\":\"Organization\",\"@id\":\"https:\\\/\\\/www.meliconi.com\\\/pt-pt\\\/#organization\",\"name\":\"Meliconi\",\"url\":\"https:\\\/\\\/www.meliconi.com\\\/pt-pt\\\/\",\"logo\":{\"@type\":\"ImageObject\",\"inLanguage\":\"pt-PT\",\"@id\":\"https:\\\/\\\/www.meliconi.com\\\/pt-pt\\\/#\\\/schema\\\/logo\\\/image\\\/\",\"url\":\"https:\\\/\\\/www.meliconi.com\\\/wp-content\\\/uploads\\\/2021\\\/06\\\/logo-meliconi.png\",\"contentUrl\":\"https:\\\/\\\/www.meliconi.com\\\/wp-content\\\/uploads\\\/2021\\\/06\\\/logo-meliconi.png\",\"width\":338,\"height\":102,\"caption\":\"Meliconi\"},\"image\":{\"@id\":\"https:\\\/\\\/www.meliconi.com\\\/pt-pt\\\/#\\\/schema\\\/logo\\\/image\\\/\"}}]}<\/script>\n<!-- \/ Yoast SEO plugin. -->","yoast_head_json":{"title":"400 SDRP PLUS - Meliconi","robots":{"index":"index","follow":"follow","max-snippet":"max-snippet:-1","max-image-preview":"max-image-preview:large","max-video-preview":"max-video-preview:-1"},"canonical":"https:\/\/www.meliconi.com\/pt-pt\/produto\/400-sdrp-plus\/","og_locale":"pt_PT","og_type":"article","og_title":"400 SDRP PLUS - Meliconi","og_description":"Suporte de parede para TV com dupla rota\u00e7\u00e3o.","og_url":"https:\/\/www.meliconi.com\/pt-pt\/produto\/400-sdrp-plus\/","og_site_name":"Meliconi","article_modified_time":"2025-12-09T14:21:06+00:00","og_image":[{"width":1024,"height":724,"url":"https:\/\/www.meliconi.com\/wp-content\/uploads\/2023\/11\/480874_EXTRA-400-SDRP-Plus-2023-ok-2-1024x724.png","type":"image\/png"}],"twitter_card":"summary_large_image","twitter_misc":{"Tempo estimado de leitura":"1 minuto"},"schema":{"@context":"https:\/\/schema.org","@graph":[{"@type":"WebPage","@id":"https:\/\/www.meliconi.com\/pt-pt\/produto\/400-sdrp-plus\/","url":"https:\/\/www.meliconi.com\/pt-pt\/produto\/400-sdrp-plus\/","name":"400 SDRP PLUS - Meliconi","isPartOf":{"@id":"https:\/\/www.meliconi.com\/pt-pt\/#website"},"primaryImageOfPage":{"@id":"https:\/\/www.meliconi.com\/pt-pt\/produto\/400-sdrp-plus\/#primaryimage"},"image":{"@id":"https:\/\/www.meliconi.com\/pt-pt\/produto\/400-sdrp-plus\/#primaryimage"},"thumbnailUrl":"https:\/\/www.meliconi.com\/wp-content\/uploads\/2023\/11\/480874_EXTRA-400-SDRP-Plus-2023-ok-2.png","datePublished":"2025-12-09T14:21:05+00:00","dateModified":"2025-12-09T14:21:06+00:00","breadcrumb":{"@id":"https:\/\/www.meliconi.com\/pt-pt\/produto\/400-sdrp-plus\/#breadcrumb"},"inLanguage":"pt-PT","potentialAction":[{"@type":"ReadAction","target":["https:\/\/www.meliconi.com\/pt-pt\/produto\/400-sdrp-plus\/"]}]},{"@type":"ImageObject","inLanguage":"pt-PT","@id":"https:\/\/www.meliconi.com\/pt-pt\/produto\/400-sdrp-plus\/#primaryimage","url":"https:\/\/www.meliconi.com\/wp-content\/uploads\/2023\/11\/480874_EXTRA-400-SDRP-Plus-2023-ok-2.png","contentUrl":"https:\/\/www.meliconi.com\/wp-content\/uploads\/2023\/11\/480874_EXTRA-400-SDRP-Plus-2023-ok-2.png","width":5000,"height":3535},{"@type":"BreadcrumbList","@id":"https:\/\/www.meliconi.com\/pt-pt\/produto\/400-sdrp-plus\/#breadcrumb","itemListElement":[{"@type":"ListItem","position":1,"name":"Home","item":"https:\/\/www.meliconi.com\/pt-pt\/"},{"@type":"ListItem","position":2,"name":"Shop","item":"https:\/\/www.meliconi.com\/pt-pt\/shop-pt\/"},{"@type":"ListItem","position":3,"name":"400 SDRP PLUS"}]},{"@type":"WebSite","@id":"https:\/\/www.meliconi.com\/pt-pt\/#website","url":"https:\/\/www.meliconi.com\/pt-pt\/","name":"Meliconi","description":"Lo specialista dell&#039;accessorio","publisher":{"@id":"https:\/\/www.meliconi.com\/pt-pt\/#organization"},"potentialAction":[{"@type":"SearchAction","target":{"@type":"EntryPoint","urlTemplate":"https:\/\/www.meliconi.com\/pt-pt\/?s={search_term_string}"},"query-input":{"@type":"PropertyValueSpecification","valueRequired":true,"valueName":"search_term_string"}}],"inLanguage":"pt-PT"},{"@type":"Organization","@id":"https:\/\/www.meliconi.com\/pt-pt\/#organization","name":"Meliconi","url":"https:\/\/www.meliconi.com\/pt-pt\/","logo":{"@type":"ImageObject","inLanguage":"pt-PT","@id":"https:\/\/www.meliconi.com\/pt-pt\/#\/schema\/logo\/image\/","url":"https:\/\/www.meliconi.com\/wp-content\/uploads\/2021\/06\/logo-meliconi.png","contentUrl":"https:\/\/www.meliconi.com\/wp-content\/uploads\/2021\/06\/logo-meliconi.png","width":338,"height":102,"caption":"Meliconi"},"image":{"@id":"https:\/\/www.meliconi.com\/pt-pt\/#\/schema\/logo\/image\/"}}]}},"_links":{"self":[{"href":"https:\/\/www.meliconi.com\/pt-pt\/wp-json\/wp\/v2\/product\/67516","targetHints":{"allow":["GET"]}}],"collection":[{"href":"https:\/\/www.meliconi.com\/pt-pt\/wp-json\/wp\/v2\/product"}],"about":[{"href":"https:\/\/www.meliconi.com\/pt-pt\/wp-json\/wp\/v2\/types\/product"}],"wp:featuredmedia":[{"embeddable":true,"href":"https:\/\/www.meliconi.com\/pt-pt\/wp-json\/wp\/v2\/media\/67517"}],"wp:attachment":[{"href":"https:\/\/www.meliconi.com\/pt-pt\/wp-json\/wp\/v2\/media?parent=67516"}],"wp:term":[{"taxonomy":"product_brand","embeddable":true,"href":"https:\/\/www.meliconi.com\/pt-pt\/wp-json\/wp\/v2\/product_brand?post=67516"},{"taxonomy":"product_cat","embeddable":true,"href":"https:\/\/www.meliconi.com\/pt-pt\/wp-json\/wp\/v2\/product_cat?post=67516"},{"taxonomy":"product_tag","embeddable":true,"href":"https:\/\/www.meliconi.com\/pt-pt\/wp-json\/wp\/v2\/product_tag?post=67516"}],"curies":[{"name":"wp","href":"https:\/\/api.w.org\/{rel}","templated":true}]}}