{"id":67484,"date":"2024-05-22T16:07:37","date_gmt":"2025-12-09T14:17:57","guid":{"rendered":"https:\/\/www.meliconi.com\/?post_type=product&#038;p=67484"},"modified":"2025-12-09T15:17:57","modified_gmt":"2025-12-09T14:17:57","slug":"moving-tower","status":"publish","type":"product","link":"https:\/\/www.meliconi.com\/pt-pt\/produto\/moving-tower\/","title":{"rendered":"Moving Tower"},"content":{"rendered":"<p>Moving Tower, o kit de sobreposi\u00e7\u00e3o para m\u00e1quina de lavar e secadora 2 em 1 da Meliconi, \u00e9 a solu\u00e7\u00e3o perfeita para criar uma torre de m\u00e1quina de lavar e secadora e facilitar o seu transporte. Este kit inclui o Tower Style e a Base Wash Evo, oferecendo praticidade e estabilidade para os seus eletrodom\u00e9sticos.<\/p>\n<p>Universal e compat\u00edvel com todas as m\u00e1quinas de lavar e secadoras de carga frontal de 60 cm de largura, com uma dist\u00e2ncia m\u00e1xima entre os p\u00e9s dianteiros e traseiros de 54,5 cm. Tamb\u00e9m \u00e9 compat\u00edvel com secadoras de at\u00e9 70 cm de profundidade. O kit de sobreposi\u00e7\u00e3o para lavadora e secadora vem pr\u00e9-montado e \u00e9 muito f\u00e1cil de instalar, incluindo uma cinta de seguran\u00e7a para maior estabilidade.<\/p>\n<p>Em linha com o compromisso da Meliconi com o meio ambiente, a Base Wash Evo \u00e9 fabricada com 30% de pl\u00e1stico reciclado, reduzindo o impacto ambiental sem comprometer a resist\u00eancia e estabilidade.<\/p>\n<p>O certificado T\u00dcV S\u00dcD garante uma capacidade m\u00e1xima de carga de 250 kg para o Tower Style, assegurando seguran\u00e7a e fiabilidade.<\/p>\n","protected":false},"excerpt":{"rendered":"<p>\u2022 Kit 2 em 1: uma base pr\u00e1tica com rodas para mover facilmente a lavadora e um kit de sobreposi\u00e7\u00e3o Meliconi para empilhar a secadora, criando mais espa\u00e7o e organiza\u00e7\u00e3o na sua lavandaria.<\/p>\n<p>\u2022 Compatibilidade da base: para todas as m\u00e1quinas de lavar de carga frontal com profundidade m\u00ednima de 45 cm e secadoras de carga frontal com profundidade m\u00e1xima de 70 cm.<\/p>\n<p>\u2022 Compatibilidade para empilhamento: para todas as m\u00e1quinas de lavar e secadoras de carga frontal de 60 cm de largura e at\u00e9 61 cm de profundidade; dist\u00e2ncia m\u00e1xima entre os p\u00e9s dianteiros e traseiros: 54,5 cm. Secadoras com profundidade m\u00e1xima de 70 cm.<\/p>\n<p>\u2022 Capacidade m\u00e1xima: 250 kg.<\/p>\n","protected":false},"featured_media":67494,"template":"","meta":{"_acf_changed":false},"product_cat":[1681],"product_tag":[],"class_list":{"0":"post-67484","1":"product","2":"type-product","3":"status-publish","4":"has-post-thumbnail","6":"product_cat-kit-de-sobreposicao","8":"first","9":"instock","10":"taxable","11":"shipping-taxable","12":"purchasable","13":"product-type-simple"},"acf":[],"yoast_head":"<!-- This site is optimized with the Yoast SEO plugin v26.1.1 - https:\/\/yoast.com\/wordpress\/plugins\/seo\/ -->\n<title>Moving Tower - Meliconi<\/title>\n<meta name=\"robots\" content=\"index, follow, max-snippet:-1, max-image-preview:large, max-video-preview:-1\" \/>\n<link rel=\"canonical\" href=\"https:\/\/www.meliconi.com\/pt-pt\/produto\/moving-tower\/\" \/>\n<meta property=\"og:locale\" content=\"pt_PT\" \/>\n<meta property=\"og:type\" content=\"article\" \/>\n<meta property=\"og:title\" content=\"Moving Tower - Meliconi\" \/>\n<meta property=\"og:description\" content=\"\u2022 Kit 2 em 1: uma base pr\u00e1tica com rodas para mover facilmente a lavadora e um kit de sobreposi\u00e7\u00e3o Meliconi para empilhar a secadora, criando mais espa\u00e7o e organiza\u00e7\u00e3o na sua lavandaria.  \u2022 Compatibilidade da base: para todas as m\u00e1quinas de lavar de carga frontal com profundidade m\u00ednima de 45 cm e secadoras de carga frontal com profundidade m\u00e1xima de 70 cm.  \u2022 Compatibilidade para empilhamento: para todas as m\u00e1quinas de lavar e secadoras de carga frontal de 60 cm de largura e at\u00e9 61 cm de profundidade; dist\u00e2ncia m\u00e1xima entre os p\u00e9s dianteiros e traseiros: 54,5 cm. Secadoras com profundidade m\u00e1xima de 70 cm.  \u2022 Capacidade m\u00e1xima: 250 kg.\" \/>\n<meta property=\"og:url\" content=\"https:\/\/www.meliconi.com\/pt-pt\/produto\/moving-tower\/\" \/>\n<meta property=\"og:site_name\" content=\"Meliconi\" \/>\n<meta property=\"og:image\" content=\"https:\/\/www.meliconi.com\/wp-content\/uploads\/2024\/05\/656147_MT2024-livelli_CMYK_mod-copia-724x1024.png\" \/>\n\t<meta property=\"og:image:width\" content=\"724\" \/>\n\t<meta property=\"og:image:height\" content=\"1024\" \/>\n\t<meta property=\"og:image:type\" content=\"image\/png\" \/>\n<meta name=\"twitter:card\" content=\"summary_large_image\" \/>\n<meta name=\"twitter:label1\" content=\"Tempo estimado de leitura\" \/>\n\t<meta name=\"twitter:data1\" content=\"1 minuto\" \/>\n<script type=\"application\/ld+json\" class=\"yoast-schema-graph\">{\"@context\":\"https:\/\/schema.org\",\"@graph\":[{\"@type\":\"WebPage\",\"@id\":\"https:\/\/www.meliconi.com\/pt-pt\/produto\/moving-tower\/\",\"url\":\"https:\/\/www.meliconi.com\/pt-pt\/produto\/moving-tower\/\",\"name\":\"Moving Tower - Meliconi\",\"isPartOf\":{\"@id\":\"https:\/\/www.meliconi.com\/pt-pt\/#website\"},\"primaryImageOfPage\":{\"@id\":\"https:\/\/www.meliconi.com\/pt-pt\/produto\/moving-tower\/#primaryimage\"},\"image\":{\"@id\":\"https:\/\/www.meliconi.com\/pt-pt\/produto\/moving-tower\/#primaryimage\"},\"thumbnailUrl\":\"https:\/\/www.meliconi.com\/wp-content\/uploads\/2024\/05\/656147_MT2024-livelli_CMYK_mod-copia.png\",\"datePublished\":\"2025-12-09T14:17:57+00:00\",\"breadcrumb\":{\"@id\":\"https:\/\/www.meliconi.com\/pt-pt\/produto\/moving-tower\/#breadcrumb\"},\"inLanguage\":\"pt-PT\",\"potentialAction\":[{\"@type\":\"ReadAction\",\"target\":[\"https:\/\/www.meliconi.com\/pt-pt\/produto\/moving-tower\/\"]}]},{\"@type\":\"ImageObject\",\"inLanguage\":\"pt-PT\",\"@id\":\"https:\/\/www.meliconi.com\/pt-pt\/produto\/moving-tower\/#primaryimage\",\"url\":\"https:\/\/www.meliconi.com\/wp-content\/uploads\/2024\/05\/656147_MT2024-livelli_CMYK_mod-copia.png\",\"contentUrl\":\"https:\/\/www.meliconi.com\/wp-content\/uploads\/2024\/05\/656147_MT2024-livelli_CMYK_mod-copia.png\",\"width\":5000,\"height\":7072},{\"@type\":\"BreadcrumbList\",\"@id\":\"https:\/\/www.meliconi.com\/pt-pt\/produto\/moving-tower\/#breadcrumb\",\"itemListElement\":[{\"@type\":\"ListItem\",\"position\":1,\"name\":\"Home\",\"item\":\"https:\/\/www.meliconi.com\/pt-pt\/\"},{\"@type\":\"ListItem\",\"position\":2,\"name\":\"Shop\",\"item\":\"https:\/\/www.meliconi.com\/pt-pt\/shop-pt\/\"},{\"@type\":\"ListItem\",\"position\":3,\"name\":\"Moving Tower\"}]},{\"@type\":\"WebSite\",\"@id\":\"https:\/\/www.meliconi.com\/pt-pt\/#website\",\"url\":\"https:\/\/www.meliconi.com\/pt-pt\/\",\"name\":\"Meliconi\",\"description\":\"Lo specialista dell&#039;accessorio\",\"publisher\":{\"@id\":\"https:\/\/www.meliconi.com\/pt-pt\/#organization\"},\"potentialAction\":[{\"@type\":\"SearchAction\",\"target\":{\"@type\":\"EntryPoint\",\"urlTemplate\":\"https:\/\/www.meliconi.com\/pt-pt\/?s={search_term_string}\"},\"query-input\":{\"@type\":\"PropertyValueSpecification\",\"valueRequired\":true,\"valueName\":\"search_term_string\"}}],\"inLanguage\":\"pt-PT\"},{\"@type\":\"Organization\",\"@id\":\"https:\/\/www.meliconi.com\/pt-pt\/#organization\",\"name\":\"Meliconi\",\"url\":\"https:\/\/www.meliconi.com\/pt-pt\/\",\"logo\":{\"@type\":\"ImageObject\",\"inLanguage\":\"pt-PT\",\"@id\":\"https:\/\/www.meliconi.com\/pt-pt\/#\/schema\/logo\/image\/\",\"url\":\"https:\/\/www.meliconi.com\/wp-content\/uploads\/2021\/06\/logo-meliconi.png\",\"contentUrl\":\"https:\/\/www.meliconi.com\/wp-content\/uploads\/2021\/06\/logo-meliconi.png\",\"width\":338,\"height\":102,\"caption\":\"Meliconi\"},\"image\":{\"@id\":\"https:\/\/www.meliconi.com\/pt-pt\/#\/schema\/logo\/image\/\"}}]}<\/script>\n<!-- \/ Yoast SEO plugin. -->","yoast_head_json":{"title":"Moving Tower - Meliconi","robots":{"index":"index","follow":"follow","max-snippet":"max-snippet:-1","max-image-preview":"max-image-preview:large","max-video-preview":"max-video-preview:-1"},"canonical":"https:\/\/www.meliconi.com\/pt-pt\/produto\/moving-tower\/","og_locale":"pt_PT","og_type":"article","og_title":"Moving Tower - Meliconi","og_description":"\u2022 Kit 2 em 1: uma base pr\u00e1tica com rodas para mover facilmente a lavadora e um kit de sobreposi\u00e7\u00e3o Meliconi para empilhar a secadora, criando mais espa\u00e7o e organiza\u00e7\u00e3o na sua lavandaria.  \u2022 Compatibilidade da base: para todas as m\u00e1quinas de lavar de carga frontal com profundidade m\u00ednima de 45 cm e secadoras de carga frontal com profundidade m\u00e1xima de 70 cm.  \u2022 Compatibilidade para empilhamento: para todas as m\u00e1quinas de lavar e secadoras de carga frontal de 60 cm de largura e at\u00e9 61 cm de profundidade; dist\u00e2ncia m\u00e1xima entre os p\u00e9s dianteiros e traseiros: 54,5 cm. Secadoras com profundidade m\u00e1xima de 70 cm.  \u2022 Capacidade m\u00e1xima: 250 kg.","og_url":"https:\/\/www.meliconi.com\/pt-pt\/produto\/moving-tower\/","og_site_name":"Meliconi","og_image":[{"width":724,"height":1024,"url":"https:\/\/www.meliconi.com\/wp-content\/uploads\/2024\/05\/656147_MT2024-livelli_CMYK_mod-copia-724x1024.png","type":"image\/png"}],"twitter_card":"summary_large_image","twitter_misc":{"Tempo estimado de leitura":"1 minuto"},"schema":{"@context":"https:\/\/schema.org","@graph":[{"@type":"WebPage","@id":"https:\/\/www.meliconi.com\/pt-pt\/produto\/moving-tower\/","url":"https:\/\/www.meliconi.com\/pt-pt\/produto\/moving-tower\/","name":"Moving Tower - Meliconi","isPartOf":{"@id":"https:\/\/www.meliconi.com\/pt-pt\/#website"},"primaryImageOfPage":{"@id":"https:\/\/www.meliconi.com\/pt-pt\/produto\/moving-tower\/#primaryimage"},"image":{"@id":"https:\/\/www.meliconi.com\/pt-pt\/produto\/moving-tower\/#primaryimage"},"thumbnailUrl":"https:\/\/www.meliconi.com\/wp-content\/uploads\/2024\/05\/656147_MT2024-livelli_CMYK_mod-copia.png","datePublished":"2025-12-09T14:17:57+00:00","breadcrumb":{"@id":"https:\/\/www.meliconi.com\/pt-pt\/produto\/moving-tower\/#breadcrumb"},"inLanguage":"pt-PT","potentialAction":[{"@type":"ReadAction","target":["https:\/\/www.meliconi.com\/pt-pt\/produto\/moving-tower\/"]}]},{"@type":"ImageObject","inLanguage":"pt-PT","@id":"https:\/\/www.meliconi.com\/pt-pt\/produto\/moving-tower\/#primaryimage","url":"https:\/\/www.meliconi.com\/wp-content\/uploads\/2024\/05\/656147_MT2024-livelli_CMYK_mod-copia.png","contentUrl":"https:\/\/www.meliconi.com\/wp-content\/uploads\/2024\/05\/656147_MT2024-livelli_CMYK_mod-copia.png","width":5000,"height":7072},{"@type":"BreadcrumbList","@id":"https:\/\/www.meliconi.com\/pt-pt\/produto\/moving-tower\/#breadcrumb","itemListElement":[{"@type":"ListItem","position":1,"name":"Home","item":"https:\/\/www.meliconi.com\/pt-pt\/"},{"@type":"ListItem","position":2,"name":"Shop","item":"https:\/\/www.meliconi.com\/pt-pt\/shop-pt\/"},{"@type":"ListItem","position":3,"name":"Moving Tower"}]},{"@type":"WebSite","@id":"https:\/\/www.meliconi.com\/pt-pt\/#website","url":"https:\/\/www.meliconi.com\/pt-pt\/","name":"Meliconi","description":"Lo specialista dell&#039;accessorio","publisher":{"@id":"https:\/\/www.meliconi.com\/pt-pt\/#organization"},"potentialAction":[{"@type":"SearchAction","target":{"@type":"EntryPoint","urlTemplate":"https:\/\/www.meliconi.com\/pt-pt\/?s={search_term_string}"},"query-input":{"@type":"PropertyValueSpecification","valueRequired":true,"valueName":"search_term_string"}}],"inLanguage":"pt-PT"},{"@type":"Organization","@id":"https:\/\/www.meliconi.com\/pt-pt\/#organization","name":"Meliconi","url":"https:\/\/www.meliconi.com\/pt-pt\/","logo":{"@type":"ImageObject","inLanguage":"pt-PT","@id":"https:\/\/www.meliconi.com\/pt-pt\/#\/schema\/logo\/image\/","url":"https:\/\/www.meliconi.com\/wp-content\/uploads\/2021\/06\/logo-meliconi.png","contentUrl":"https:\/\/www.meliconi.com\/wp-content\/uploads\/2021\/06\/logo-meliconi.png","width":338,"height":102,"caption":"Meliconi"},"image":{"@id":"https:\/\/www.meliconi.com\/pt-pt\/#\/schema\/logo\/image\/"}}]}},"_links":{"self":[{"href":"https:\/\/www.meliconi.com\/pt-pt\/wp-json\/wp\/v2\/product\/67484","targetHints":{"allow":["GET"]}}],"collection":[{"href":"https:\/\/www.meliconi.com\/pt-pt\/wp-json\/wp\/v2\/product"}],"about":[{"href":"https:\/\/www.meliconi.com\/pt-pt\/wp-json\/wp\/v2\/types\/product"}],"wp:featuredmedia":[{"embeddable":true,"href":"https:\/\/www.meliconi.com\/pt-pt\/wp-json\/wp\/v2\/media\/67494"}],"wp:attachment":[{"href":"https:\/\/www.meliconi.com\/pt-pt\/wp-json\/wp\/v2\/media?parent=67484"}],"wp:term":[{"taxonomy":"product_cat","embeddable":true,"href":"https:\/\/www.meliconi.com\/pt-pt\/wp-json\/wp\/v2\/product_cat?post=67484"},{"taxonomy":"product_tag","embeddable":true,"href":"https:\/\/www.meliconi.com\/pt-pt\/wp-json\/wp\/v2\/product_tag?post=67484"}],"curies":[{"name":"wp","href":"https:\/\/api.w.org\/{rel}","templated":true}]}}