{"id":67467,"date":"2023-12-22T13:58:53","date_gmt":"2025-12-09T14:14:02","guid":{"rendered":"https:\/\/www.meliconi.com\/?post_type=product&#038;p=67467"},"modified":"2025-12-09T15:14:03","modified_gmt":"2025-12-09T14:14:03","slug":"algo-2","status":"publish","type":"product","link":"https:\/\/www.meliconi.com\/pt-pt\/produto\/algo-2\/","title":{"rendered":"Algo 2+"},"content":{"rendered":"<p>\u2022 Comando de substitui\u00e7\u00e3o para televisores e outros dispositivos AV, podendo agrupar at\u00e9 2 comandos num s\u00f3.<\/p>\n<p>\u2022 Compat\u00edvel com os seguintes tipos de dispositivos: televisores, decodificadores externos (terrestres digitais e sat\u00e9lite), Blu-ray\/DVD, soundbars, sistemas de Home Theater e outros dispositivos AV.<\/p>\n<p>\u2022 Todas as fun\u00e7\u00f5es originais de infravermelho acess\u00edveis diretamente (as fun\u00e7\u00f5es adicionais, n\u00e3o indicadas no teclado, s\u00e3o acess\u00edveis atrav\u00e9s da tecla especial M). Programa\u00e7\u00e3o realizada apenas via cabo especial fornecido separadamente (acessando o site <a href=\"http:\/\/www.cme.it\/\">www.cme.it<\/a>).<\/p>\n<p>\u2022 Pode adquirir sinais de outros comandos (fun\u00e7\u00e3o LEARN): ideal para controlar, juntamente com o televisor, tamb\u00e9m o volume de soundbars e sistemas de \u00e1udio dom\u00e9stico conectados.<\/p>\n<p>\u2022 Suporte web completo em portugu\u00eas em <a href=\"http:\/\/www.cme.it\/\">www.cme.it<\/a> (software de pesquisa de c\u00f3digos, tabelas de correspond\u00eancia de teclas\/fun\u00e7\u00f5es, pesquisa de imagens, manual de instru\u00e7\u00f5es, video-guia e mais).<\/p>\n","protected":false},"excerpt":{"rendered":"<p>Comando de substitui\u00e7\u00e3o 2 em 1, compat\u00edvel com TV, decodificador, SKY, Blu-ray\/DVD e outros. Pode ser programado via web usando o cabo 497201. Todas as fun\u00e7\u00f5es originais de infravermelho est\u00e3o dispon\u00edveis. Acesso direto \u00e0s fun\u00e7\u00f5es Smart Home, Netflix e Prime Video. Fun\u00e7\u00e3o de aprendizado. Suporte web completo.<\/p>\n","protected":false},"featured_media":67468,"template":"","meta":{"_acf_changed":false},"product_brand":[],"product_cat":[1716],"product_tag":[],"class_list":{"0":"post-67467","1":"product","2":"type-product","3":"status-publish","4":"has-post-thumbnail","6":"product_cat-cat-telecomandos","7":"pa_tipo-telecomando-universali-pt","9":"first","10":"outofstock","11":"taxable","12":"shipping-taxable","13":"product-type-simple"},"acf":[],"yoast_head":"<!-- This site is optimized with the Yoast SEO plugin v27.4 - https:\/\/yoast.com\/product\/yoast-seo-wordpress\/ -->\n<title>Algo 2+ - Meliconi<\/title>\n<meta name=\"robots\" content=\"index, follow, max-snippet:-1, max-image-preview:large, max-video-preview:-1\" \/>\n<link rel=\"canonical\" href=\"https:\/\/www.meliconi.com\/pt-pt\/produto\/algo-2\/\" \/>\n<meta property=\"og:locale\" content=\"pt_PT\" \/>\n<meta property=\"og:type\" content=\"article\" \/>\n<meta property=\"og:title\" content=\"Algo 2+ - Meliconi\" \/>\n<meta property=\"og:description\" content=\"Comando de substitui\u00e7\u00e3o 2 em 1, compat\u00edvel com TV, decodificador, SKY, Blu-ray\/DVD e outros. Pode ser programado via web usando o cabo 497201. Todas as fun\u00e7\u00f5es originais de infravermelho est\u00e3o dispon\u00edveis. Acesso direto \u00e0s fun\u00e7\u00f5es Smart Home, Netflix e Prime Video. Fun\u00e7\u00e3o de aprendizado. Suporte web completo.\" \/>\n<meta property=\"og:url\" content=\"https:\/\/www.meliconi.com\/pt-pt\/produto\/algo-2\/\" \/>\n<meta property=\"og:site_name\" content=\"Meliconi\" \/>\n<meta property=\"article:modified_time\" content=\"2025-12-09T14:14:03+00:00\" \/>\n<meta property=\"og:image\" content=\"https:\/\/www.meliconi.com\/wp-content\/uploads\/2023\/12\/868005_ITAEXP-868006-FRA_ALGO-2-723x1024.png\" \/>\n\t<meta property=\"og:image:width\" content=\"723\" \/>\n\t<meta property=\"og:image:height\" content=\"1024\" \/>\n\t<meta property=\"og:image:type\" content=\"image\/png\" \/>\n<meta name=\"twitter:card\" content=\"summary_large_image\" \/>\n<meta name=\"twitter:label1\" content=\"Tempo estimado de leitura\" \/>\n\t<meta name=\"twitter:data1\" content=\"1 minuto\" \/>\n<script type=\"application\/ld+json\" class=\"yoast-schema-graph\">{\"@context\":\"https:\\\/\\\/schema.org\",\"@graph\":[{\"@type\":\"WebPage\",\"@id\":\"https:\\\/\\\/www.meliconi.com\\\/pt-pt\\\/produto\\\/algo-2\\\/\",\"url\":\"https:\\\/\\\/www.meliconi.com\\\/pt-pt\\\/produto\\\/algo-2\\\/\",\"name\":\"Algo 2+ - Meliconi\",\"isPartOf\":{\"@id\":\"https:\\\/\\\/www.meliconi.com\\\/pt-pt\\\/#website\"},\"primaryImageOfPage\":{\"@id\":\"https:\\\/\\\/www.meliconi.com\\\/pt-pt\\\/produto\\\/algo-2\\\/#primaryimage\"},\"image\":{\"@id\":\"https:\\\/\\\/www.meliconi.com\\\/pt-pt\\\/produto\\\/algo-2\\\/#primaryimage\"},\"thumbnailUrl\":\"https:\\\/\\\/www.meliconi.com\\\/wp-content\\\/uploads\\\/2023\\\/12\\\/868005_ITAEXP-868006-FRA_ALGO-2.png\",\"datePublished\":\"2025-12-09T14:14:02+00:00\",\"dateModified\":\"2025-12-09T14:14:03+00:00\",\"breadcrumb\":{\"@id\":\"https:\\\/\\\/www.meliconi.com\\\/pt-pt\\\/produto\\\/algo-2\\\/#breadcrumb\"},\"inLanguage\":\"pt-PT\",\"potentialAction\":[{\"@type\":\"ReadAction\",\"target\":[\"https:\\\/\\\/www.meliconi.com\\\/pt-pt\\\/produto\\\/algo-2\\\/\"]}]},{\"@type\":\"ImageObject\",\"inLanguage\":\"pt-PT\",\"@id\":\"https:\\\/\\\/www.meliconi.com\\\/pt-pt\\\/produto\\\/algo-2\\\/#primaryimage\",\"url\":\"https:\\\/\\\/www.meliconi.com\\\/wp-content\\\/uploads\\\/2023\\\/12\\\/868005_ITAEXP-868006-FRA_ALGO-2.png\",\"contentUrl\":\"https:\\\/\\\/www.meliconi.com\\\/wp-content\\\/uploads\\\/2023\\\/12\\\/868005_ITAEXP-868006-FRA_ALGO-2.png\",\"width\":4236,\"height\":6000},{\"@type\":\"BreadcrumbList\",\"@id\":\"https:\\\/\\\/www.meliconi.com\\\/pt-pt\\\/produto\\\/algo-2\\\/#breadcrumb\",\"itemListElement\":[{\"@type\":\"ListItem\",\"position\":1,\"name\":\"Home\",\"item\":\"https:\\\/\\\/www.meliconi.com\\\/pt-pt\\\/\"},{\"@type\":\"ListItem\",\"position\":2,\"name\":\"Shop\",\"item\":\"https:\\\/\\\/www.meliconi.com\\\/pt-pt\\\/shop-pt\\\/\"},{\"@type\":\"ListItem\",\"position\":3,\"name\":\"Algo 2+\"}]},{\"@type\":\"WebSite\",\"@id\":\"https:\\\/\\\/www.meliconi.com\\\/pt-pt\\\/#website\",\"url\":\"https:\\\/\\\/www.meliconi.com\\\/pt-pt\\\/\",\"name\":\"Meliconi\",\"description\":\"Lo specialista dell&#039;accessorio\",\"publisher\":{\"@id\":\"https:\\\/\\\/www.meliconi.com\\\/pt-pt\\\/#organization\"},\"potentialAction\":[{\"@type\":\"SearchAction\",\"target\":{\"@type\":\"EntryPoint\",\"urlTemplate\":\"https:\\\/\\\/www.meliconi.com\\\/pt-pt\\\/?s={search_term_string}\"},\"query-input\":{\"@type\":\"PropertyValueSpecification\",\"valueRequired\":true,\"valueName\":\"search_term_string\"}}],\"inLanguage\":\"pt-PT\"},{\"@type\":\"Organization\",\"@id\":\"https:\\\/\\\/www.meliconi.com\\\/pt-pt\\\/#organization\",\"name\":\"Meliconi\",\"url\":\"https:\\\/\\\/www.meliconi.com\\\/pt-pt\\\/\",\"logo\":{\"@type\":\"ImageObject\",\"inLanguage\":\"pt-PT\",\"@id\":\"https:\\\/\\\/www.meliconi.com\\\/pt-pt\\\/#\\\/schema\\\/logo\\\/image\\\/\",\"url\":\"https:\\\/\\\/www.meliconi.com\\\/wp-content\\\/uploads\\\/2021\\\/06\\\/logo-meliconi.png\",\"contentUrl\":\"https:\\\/\\\/www.meliconi.com\\\/wp-content\\\/uploads\\\/2021\\\/06\\\/logo-meliconi.png\",\"width\":338,\"height\":102,\"caption\":\"Meliconi\"},\"image\":{\"@id\":\"https:\\\/\\\/www.meliconi.com\\\/pt-pt\\\/#\\\/schema\\\/logo\\\/image\\\/\"}}]}<\/script>\n<!-- \/ Yoast SEO plugin. -->","yoast_head_json":{"title":"Algo 2+ - Meliconi","robots":{"index":"index","follow":"follow","max-snippet":"max-snippet:-1","max-image-preview":"max-image-preview:large","max-video-preview":"max-video-preview:-1"},"canonical":"https:\/\/www.meliconi.com\/pt-pt\/produto\/algo-2\/","og_locale":"pt_PT","og_type":"article","og_title":"Algo 2+ - Meliconi","og_description":"Comando de substitui\u00e7\u00e3o 2 em 1, compat\u00edvel com TV, decodificador, SKY, Blu-ray\/DVD e outros. Pode ser programado via web usando o cabo 497201. Todas as fun\u00e7\u00f5es originais de infravermelho est\u00e3o dispon\u00edveis. Acesso direto \u00e0s fun\u00e7\u00f5es Smart Home, Netflix e Prime Video. Fun\u00e7\u00e3o de aprendizado. Suporte web completo.","og_url":"https:\/\/www.meliconi.com\/pt-pt\/produto\/algo-2\/","og_site_name":"Meliconi","article_modified_time":"2025-12-09T14:14:03+00:00","og_image":[{"width":723,"height":1024,"url":"https:\/\/www.meliconi.com\/wp-content\/uploads\/2023\/12\/868005_ITAEXP-868006-FRA_ALGO-2-723x1024.png","type":"image\/png"}],"twitter_card":"summary_large_image","twitter_misc":{"Tempo estimado de leitura":"1 minuto"},"schema":{"@context":"https:\/\/schema.org","@graph":[{"@type":"WebPage","@id":"https:\/\/www.meliconi.com\/pt-pt\/produto\/algo-2\/","url":"https:\/\/www.meliconi.com\/pt-pt\/produto\/algo-2\/","name":"Algo 2+ - Meliconi","isPartOf":{"@id":"https:\/\/www.meliconi.com\/pt-pt\/#website"},"primaryImageOfPage":{"@id":"https:\/\/www.meliconi.com\/pt-pt\/produto\/algo-2\/#primaryimage"},"image":{"@id":"https:\/\/www.meliconi.com\/pt-pt\/produto\/algo-2\/#primaryimage"},"thumbnailUrl":"https:\/\/www.meliconi.com\/wp-content\/uploads\/2023\/12\/868005_ITAEXP-868006-FRA_ALGO-2.png","datePublished":"2025-12-09T14:14:02+00:00","dateModified":"2025-12-09T14:14:03+00:00","breadcrumb":{"@id":"https:\/\/www.meliconi.com\/pt-pt\/produto\/algo-2\/#breadcrumb"},"inLanguage":"pt-PT","potentialAction":[{"@type":"ReadAction","target":["https:\/\/www.meliconi.com\/pt-pt\/produto\/algo-2\/"]}]},{"@type":"ImageObject","inLanguage":"pt-PT","@id":"https:\/\/www.meliconi.com\/pt-pt\/produto\/algo-2\/#primaryimage","url":"https:\/\/www.meliconi.com\/wp-content\/uploads\/2023\/12\/868005_ITAEXP-868006-FRA_ALGO-2.png","contentUrl":"https:\/\/www.meliconi.com\/wp-content\/uploads\/2023\/12\/868005_ITAEXP-868006-FRA_ALGO-2.png","width":4236,"height":6000},{"@type":"BreadcrumbList","@id":"https:\/\/www.meliconi.com\/pt-pt\/produto\/algo-2\/#breadcrumb","itemListElement":[{"@type":"ListItem","position":1,"name":"Home","item":"https:\/\/www.meliconi.com\/pt-pt\/"},{"@type":"ListItem","position":2,"name":"Shop","item":"https:\/\/www.meliconi.com\/pt-pt\/shop-pt\/"},{"@type":"ListItem","position":3,"name":"Algo 2+"}]},{"@type":"WebSite","@id":"https:\/\/www.meliconi.com\/pt-pt\/#website","url":"https:\/\/www.meliconi.com\/pt-pt\/","name":"Meliconi","description":"Lo specialista dell&#039;accessorio","publisher":{"@id":"https:\/\/www.meliconi.com\/pt-pt\/#organization"},"potentialAction":[{"@type":"SearchAction","target":{"@type":"EntryPoint","urlTemplate":"https:\/\/www.meliconi.com\/pt-pt\/?s={search_term_string}"},"query-input":{"@type":"PropertyValueSpecification","valueRequired":true,"valueName":"search_term_string"}}],"inLanguage":"pt-PT"},{"@type":"Organization","@id":"https:\/\/www.meliconi.com\/pt-pt\/#organization","name":"Meliconi","url":"https:\/\/www.meliconi.com\/pt-pt\/","logo":{"@type":"ImageObject","inLanguage":"pt-PT","@id":"https:\/\/www.meliconi.com\/pt-pt\/#\/schema\/logo\/image\/","url":"https:\/\/www.meliconi.com\/wp-content\/uploads\/2021\/06\/logo-meliconi.png","contentUrl":"https:\/\/www.meliconi.com\/wp-content\/uploads\/2021\/06\/logo-meliconi.png","width":338,"height":102,"caption":"Meliconi"},"image":{"@id":"https:\/\/www.meliconi.com\/pt-pt\/#\/schema\/logo\/image\/"}}]}},"_links":{"self":[{"href":"https:\/\/www.meliconi.com\/pt-pt\/wp-json\/wp\/v2\/product\/67467","targetHints":{"allow":["GET"]}}],"collection":[{"href":"https:\/\/www.meliconi.com\/pt-pt\/wp-json\/wp\/v2\/product"}],"about":[{"href":"https:\/\/www.meliconi.com\/pt-pt\/wp-json\/wp\/v2\/types\/product"}],"wp:featuredmedia":[{"embeddable":true,"href":"https:\/\/www.meliconi.com\/pt-pt\/wp-json\/wp\/v2\/media\/67468"}],"wp:attachment":[{"href":"https:\/\/www.meliconi.com\/pt-pt\/wp-json\/wp\/v2\/media?parent=67467"}],"wp:term":[{"taxonomy":"product_brand","embeddable":true,"href":"https:\/\/www.meliconi.com\/pt-pt\/wp-json\/wp\/v2\/product_brand?post=67467"},{"taxonomy":"product_cat","embeddable":true,"href":"https:\/\/www.meliconi.com\/pt-pt\/wp-json\/wp\/v2\/product_cat?post=67467"},{"taxonomy":"product_tag","embeddable":true,"href":"https:\/\/www.meliconi.com\/pt-pt\/wp-json\/wp\/v2\/product_tag?post=67467"}],"curies":[{"name":"wp","href":"https:\/\/api.w.org\/{rel}","templated":true}]}}