{"id":67437,"date":"2025-03-18T10:24:15","date_gmt":"2025-07-25T07:52:09","guid":{"rendered":"https:\/\/www.meliconi.com\/prodotto\/tlc-evo-3-para-tv-sony\/"},"modified":"2025-12-09T15:00:34","modified_gmt":"2025-12-09T14:00:34","slug":"tlc-evo-3-para-tv-sony","status":"publish","type":"product","link":"https:\/\/www.meliconi.com\/pt-pt\/produto\/tlc-evo-3-para-tv-sony\/","title":{"rendered":"TLC evo 3 para TV SONY"},"content":{"rendered":"<p>\u2022 Comando de substitui\u00e7\u00e3o para TV digital SONY.<\/p>\n<p>\u2022 J\u00e1 programado para televisores SONY (n\u00e3o requer c\u00f3digo de programa\u00e7\u00e3o; pode necessitar de um simples ajuste inicial para funcionar de forma ideal).<\/p>\n<p>\u2022 Todas as fun\u00e7\u00f5es dos comandos originais est\u00e3o dispon\u00edveis. Gra\u00e7as \u00e0s tabelas dispon\u00edveis em <a href=\"http:\/\/www.cme.it\/\">www.cme.it<\/a>, \u00e9 poss\u00edvel verificar exatamente a quais teclas correspondem as fun\u00e7\u00f5es originais desejadas.<\/p>\n<p>\u2022 Teclado completo (50 teclas). Outras fun\u00e7\u00f5es originais de infravermelhos dispon\u00edveis atrav\u00e9s da tecla M.<\/p>\n<p>\u2022 Acesso direto \u00e0s fun\u00e7\u00f5es Home, Netflix, Prime Video e YouTube nos televisores Smart.<\/p>\n<p>\u2022 Suporte web espec\u00edfico em portugu\u00eas em <a href=\"http:\/\/www.cme.it\/\">www.cme.it<\/a> (tabelas de correspond\u00eancia de teclas\/fun\u00e7\u00f5es, manual de utiliza\u00e7\u00e3o completo, video-guia das fun\u00e7\u00f5es avan\u00e7adas).<\/p>\n","protected":false},"excerpt":{"rendered":"<p>Comando de substitui\u00e7\u00e3o para TV SONY. Pronto a usar. Todas as fun\u00e7\u00f5es originais dispon\u00edveis. Suporte web completo.<\/p>\n","protected":false},"featured_media":67438,"template":"","meta":{"_acf_changed":false},"product_brand":[],"product_cat":[1716],"product_tag":[],"class_list":{"0":"post-67437","1":"product","2":"type-product","3":"status-publish","4":"has-post-thumbnail","6":"product_cat-cat-telecomandos","7":"pa_tipo-telecomando-por-marca","9":"first","10":"instock","11":"taxable","12":"shipping-taxable","13":"product-type-simple"},"acf":[],"yoast_head":"<!-- This site is optimized with the Yoast SEO plugin v27.4 - https:\/\/yoast.com\/product\/yoast-seo-wordpress\/ -->\n<title>TLC evo 3 para TV SONY - Meliconi<\/title>\n<meta name=\"robots\" content=\"index, follow, max-snippet:-1, max-image-preview:large, max-video-preview:-1\" \/>\n<link rel=\"canonical\" href=\"https:\/\/www.meliconi.com\/pt-pt\/produto\/tlc-evo-3-para-tv-sony\/\" \/>\n<meta property=\"og:locale\" content=\"pt_PT\" \/>\n<meta property=\"og:type\" content=\"article\" \/>\n<meta property=\"og:title\" content=\"TLC evo 3 para TV SONY - Meliconi\" \/>\n<meta property=\"og:description\" content=\"Comando de substitui\u00e7\u00e3o para TV SONY. Pronto a usar. Todas as fun\u00e7\u00f5es originais dispon\u00edveis. Suporte web completo.\" \/>\n<meta property=\"og:url\" content=\"https:\/\/www.meliconi.com\/pt-pt\/produto\/tlc-evo-3-para-tv-sony\/\" \/>\n<meta property=\"og:site_name\" content=\"Meliconi\" \/>\n<meta property=\"article:modified_time\" content=\"2025-12-09T14:00:34+00:00\" \/>\n<meta property=\"og:image\" content=\"https:\/\/www.meliconi.com\/wp-content\/uploads\/2025\/03\/808043_TLC-evo-3.4572-724x1024.png\" \/>\n\t<meta property=\"og:image:width\" content=\"724\" \/>\n\t<meta property=\"og:image:height\" content=\"1024\" \/>\n\t<meta property=\"og:image:type\" content=\"image\/png\" \/>\n<meta name=\"twitter:card\" content=\"summary_large_image\" \/>\n<meta name=\"twitter:label1\" content=\"Tempo estimado de leitura\" \/>\n\t<meta name=\"twitter:data1\" content=\"1 minuto\" \/>\n<script type=\"application\/ld+json\" class=\"yoast-schema-graph\">{\"@context\":\"https:\\\/\\\/schema.org\",\"@graph\":[{\"@type\":\"WebPage\",\"@id\":\"https:\\\/\\\/www.meliconi.com\\\/pt-pt\\\/produto\\\/tlc-evo-3-para-tv-sony\\\/\",\"url\":\"https:\\\/\\\/www.meliconi.com\\\/pt-pt\\\/produto\\\/tlc-evo-3-para-tv-sony\\\/\",\"name\":\"TLC evo 3 para TV SONY - Meliconi\",\"isPartOf\":{\"@id\":\"https:\\\/\\\/www.meliconi.com\\\/pt-pt\\\/#website\"},\"primaryImageOfPage\":{\"@id\":\"https:\\\/\\\/www.meliconi.com\\\/pt-pt\\\/produto\\\/tlc-evo-3-para-tv-sony\\\/#primaryimage\"},\"image\":{\"@id\":\"https:\\\/\\\/www.meliconi.com\\\/pt-pt\\\/produto\\\/tlc-evo-3-para-tv-sony\\\/#primaryimage\"},\"thumbnailUrl\":\"https:\\\/\\\/www.meliconi.com\\\/wp-content\\\/uploads\\\/2025\\\/03\\\/808043_TLC-evo-3.4572.png\",\"datePublished\":\"2025-07-25T07:52:09+00:00\",\"dateModified\":\"2025-12-09T14:00:34+00:00\",\"breadcrumb\":{\"@id\":\"https:\\\/\\\/www.meliconi.com\\\/pt-pt\\\/produto\\\/tlc-evo-3-para-tv-sony\\\/#breadcrumb\"},\"inLanguage\":\"pt-PT\",\"potentialAction\":[{\"@type\":\"ReadAction\",\"target\":[\"https:\\\/\\\/www.meliconi.com\\\/pt-pt\\\/produto\\\/tlc-evo-3-para-tv-sony\\\/\"]}]},{\"@type\":\"ImageObject\",\"inLanguage\":\"pt-PT\",\"@id\":\"https:\\\/\\\/www.meliconi.com\\\/pt-pt\\\/produto\\\/tlc-evo-3-para-tv-sony\\\/#primaryimage\",\"url\":\"https:\\\/\\\/www.meliconi.com\\\/wp-content\\\/uploads\\\/2025\\\/03\\\/808043_TLC-evo-3.4572.png\",\"contentUrl\":\"https:\\\/\\\/www.meliconi.com\\\/wp-content\\\/uploads\\\/2025\\\/03\\\/808043_TLC-evo-3.4572.png\",\"width\":4240,\"height\":6000},{\"@type\":\"BreadcrumbList\",\"@id\":\"https:\\\/\\\/www.meliconi.com\\\/pt-pt\\\/produto\\\/tlc-evo-3-para-tv-sony\\\/#breadcrumb\",\"itemListElement\":[{\"@type\":\"ListItem\",\"position\":1,\"name\":\"Home\",\"item\":\"https:\\\/\\\/www.meliconi.com\\\/pt-pt\\\/\"},{\"@type\":\"ListItem\",\"position\":2,\"name\":\"Shop\",\"item\":\"https:\\\/\\\/www.meliconi.com\\\/pt-pt\\\/shop-pt\\\/\"},{\"@type\":\"ListItem\",\"position\":3,\"name\":\"TLC evo 3 para TV SONY\"}]},{\"@type\":\"WebSite\",\"@id\":\"https:\\\/\\\/www.meliconi.com\\\/pt-pt\\\/#website\",\"url\":\"https:\\\/\\\/www.meliconi.com\\\/pt-pt\\\/\",\"name\":\"Meliconi\",\"description\":\"Lo specialista dell&#039;accessorio\",\"publisher\":{\"@id\":\"https:\\\/\\\/www.meliconi.com\\\/pt-pt\\\/#organization\"},\"potentialAction\":[{\"@type\":\"SearchAction\",\"target\":{\"@type\":\"EntryPoint\",\"urlTemplate\":\"https:\\\/\\\/www.meliconi.com\\\/pt-pt\\\/?s={search_term_string}\"},\"query-input\":{\"@type\":\"PropertyValueSpecification\",\"valueRequired\":true,\"valueName\":\"search_term_string\"}}],\"inLanguage\":\"pt-PT\"},{\"@type\":\"Organization\",\"@id\":\"https:\\\/\\\/www.meliconi.com\\\/pt-pt\\\/#organization\",\"name\":\"Meliconi\",\"url\":\"https:\\\/\\\/www.meliconi.com\\\/pt-pt\\\/\",\"logo\":{\"@type\":\"ImageObject\",\"inLanguage\":\"pt-PT\",\"@id\":\"https:\\\/\\\/www.meliconi.com\\\/pt-pt\\\/#\\\/schema\\\/logo\\\/image\\\/\",\"url\":\"https:\\\/\\\/www.meliconi.com\\\/wp-content\\\/uploads\\\/2021\\\/06\\\/logo-meliconi.png\",\"contentUrl\":\"https:\\\/\\\/www.meliconi.com\\\/wp-content\\\/uploads\\\/2021\\\/06\\\/logo-meliconi.png\",\"width\":338,\"height\":102,\"caption\":\"Meliconi\"},\"image\":{\"@id\":\"https:\\\/\\\/www.meliconi.com\\\/pt-pt\\\/#\\\/schema\\\/logo\\\/image\\\/\"}}]}<\/script>\n<!-- \/ Yoast SEO plugin. -->","yoast_head_json":{"title":"TLC evo 3 para TV SONY - Meliconi","robots":{"index":"index","follow":"follow","max-snippet":"max-snippet:-1","max-image-preview":"max-image-preview:large","max-video-preview":"max-video-preview:-1"},"canonical":"https:\/\/www.meliconi.com\/pt-pt\/produto\/tlc-evo-3-para-tv-sony\/","og_locale":"pt_PT","og_type":"article","og_title":"TLC evo 3 para TV SONY - Meliconi","og_description":"Comando de substitui\u00e7\u00e3o para TV SONY. Pronto a usar. Todas as fun\u00e7\u00f5es originais dispon\u00edveis. Suporte web completo.","og_url":"https:\/\/www.meliconi.com\/pt-pt\/produto\/tlc-evo-3-para-tv-sony\/","og_site_name":"Meliconi","article_modified_time":"2025-12-09T14:00:34+00:00","og_image":[{"width":724,"height":1024,"url":"https:\/\/www.meliconi.com\/wp-content\/uploads\/2025\/03\/808043_TLC-evo-3.4572-724x1024.png","type":"image\/png"}],"twitter_card":"summary_large_image","twitter_misc":{"Tempo estimado de leitura":"1 minuto"},"schema":{"@context":"https:\/\/schema.org","@graph":[{"@type":"WebPage","@id":"https:\/\/www.meliconi.com\/pt-pt\/produto\/tlc-evo-3-para-tv-sony\/","url":"https:\/\/www.meliconi.com\/pt-pt\/produto\/tlc-evo-3-para-tv-sony\/","name":"TLC evo 3 para TV SONY - Meliconi","isPartOf":{"@id":"https:\/\/www.meliconi.com\/pt-pt\/#website"},"primaryImageOfPage":{"@id":"https:\/\/www.meliconi.com\/pt-pt\/produto\/tlc-evo-3-para-tv-sony\/#primaryimage"},"image":{"@id":"https:\/\/www.meliconi.com\/pt-pt\/produto\/tlc-evo-3-para-tv-sony\/#primaryimage"},"thumbnailUrl":"https:\/\/www.meliconi.com\/wp-content\/uploads\/2025\/03\/808043_TLC-evo-3.4572.png","datePublished":"2025-07-25T07:52:09+00:00","dateModified":"2025-12-09T14:00:34+00:00","breadcrumb":{"@id":"https:\/\/www.meliconi.com\/pt-pt\/produto\/tlc-evo-3-para-tv-sony\/#breadcrumb"},"inLanguage":"pt-PT","potentialAction":[{"@type":"ReadAction","target":["https:\/\/www.meliconi.com\/pt-pt\/produto\/tlc-evo-3-para-tv-sony\/"]}]},{"@type":"ImageObject","inLanguage":"pt-PT","@id":"https:\/\/www.meliconi.com\/pt-pt\/produto\/tlc-evo-3-para-tv-sony\/#primaryimage","url":"https:\/\/www.meliconi.com\/wp-content\/uploads\/2025\/03\/808043_TLC-evo-3.4572.png","contentUrl":"https:\/\/www.meliconi.com\/wp-content\/uploads\/2025\/03\/808043_TLC-evo-3.4572.png","width":4240,"height":6000},{"@type":"BreadcrumbList","@id":"https:\/\/www.meliconi.com\/pt-pt\/produto\/tlc-evo-3-para-tv-sony\/#breadcrumb","itemListElement":[{"@type":"ListItem","position":1,"name":"Home","item":"https:\/\/www.meliconi.com\/pt-pt\/"},{"@type":"ListItem","position":2,"name":"Shop","item":"https:\/\/www.meliconi.com\/pt-pt\/shop-pt\/"},{"@type":"ListItem","position":3,"name":"TLC evo 3 para TV SONY"}]},{"@type":"WebSite","@id":"https:\/\/www.meliconi.com\/pt-pt\/#website","url":"https:\/\/www.meliconi.com\/pt-pt\/","name":"Meliconi","description":"Lo specialista dell&#039;accessorio","publisher":{"@id":"https:\/\/www.meliconi.com\/pt-pt\/#organization"},"potentialAction":[{"@type":"SearchAction","target":{"@type":"EntryPoint","urlTemplate":"https:\/\/www.meliconi.com\/pt-pt\/?s={search_term_string}"},"query-input":{"@type":"PropertyValueSpecification","valueRequired":true,"valueName":"search_term_string"}}],"inLanguage":"pt-PT"},{"@type":"Organization","@id":"https:\/\/www.meliconi.com\/pt-pt\/#organization","name":"Meliconi","url":"https:\/\/www.meliconi.com\/pt-pt\/","logo":{"@type":"ImageObject","inLanguage":"pt-PT","@id":"https:\/\/www.meliconi.com\/pt-pt\/#\/schema\/logo\/image\/","url":"https:\/\/www.meliconi.com\/wp-content\/uploads\/2021\/06\/logo-meliconi.png","contentUrl":"https:\/\/www.meliconi.com\/wp-content\/uploads\/2021\/06\/logo-meliconi.png","width":338,"height":102,"caption":"Meliconi"},"image":{"@id":"https:\/\/www.meliconi.com\/pt-pt\/#\/schema\/logo\/image\/"}}]}},"_links":{"self":[{"href":"https:\/\/www.meliconi.com\/pt-pt\/wp-json\/wp\/v2\/product\/67437","targetHints":{"allow":["GET"]}}],"collection":[{"href":"https:\/\/www.meliconi.com\/pt-pt\/wp-json\/wp\/v2\/product"}],"about":[{"href":"https:\/\/www.meliconi.com\/pt-pt\/wp-json\/wp\/v2\/types\/product"}],"wp:featuredmedia":[{"embeddable":true,"href":"https:\/\/www.meliconi.com\/pt-pt\/wp-json\/wp\/v2\/media\/67438"}],"wp:attachment":[{"href":"https:\/\/www.meliconi.com\/pt-pt\/wp-json\/wp\/v2\/media?parent=67437"}],"wp:term":[{"taxonomy":"product_brand","embeddable":true,"href":"https:\/\/www.meliconi.com\/pt-pt\/wp-json\/wp\/v2\/product_brand?post=67437"},{"taxonomy":"product_cat","embeddable":true,"href":"https:\/\/www.meliconi.com\/pt-pt\/wp-json\/wp\/v2\/product_cat?post=67437"},{"taxonomy":"product_tag","embeddable":true,"href":"https:\/\/www.meliconi.com\/pt-pt\/wp-json\/wp\/v2\/product_tag?post=67437"}],"curies":[{"name":"wp","href":"https:\/\/api.w.org\/{rel}","templated":true}]}}