{"id":67344,"date":"2023-03-06T09:59:23","date_gmt":"2025-10-31T14:24:35","guid":{"rendered":"https:\/\/www.meliconi.com\/?post_type=product&#038;p=67344"},"modified":"2025-12-09T14:36:44","modified_gmt":"2025-12-09T13:36:44","slug":"gumbody-facile-5","status":"publish","type":"product","link":"https:\/\/www.meliconi.com\/pt-pt\/produto\/gumbody-facile-5\/","title":{"rendered":"Gumbody Facile 5+"},"content":{"rendered":"<p data-start=\"0\" data-end=\"88\">\u2022 Comando \u00e0 dist\u00e2ncia universal 5 em 1, substitui e agrupa at\u00e9 5 comandos \u00e0 dist\u00e2ncia.<\/p>\n<p data-start=\"90\" data-end=\"276\">\u2022 Compat\u00edvel com os seguintes tipos de equipamentos: TV, decodificadores externos (terrestre digital e sat\u00e9lite), TV Box, Blu-Ray\/DVD, Soundbars e outros equipamentos de \u00e1udio e v\u00eddeo.<\/p>\n<p data-start=\"278\" data-end=\"311\">\u2022 Ideal para televisores Smart.<\/p>\n<p data-start=\"313\" data-end=\"512\">\u2022 Todas as fun\u00e7\u00f5es dos comandos originais est\u00e3o dispon\u00edveis. Gra\u00e7as \u00e0s tabelas dispon\u00edveis em <a class=\"decorated-link\" href=\"http:\/\/www.cme.it\" target=\"_new\" rel=\"noopener\" data-start=\"407\" data-end=\"417\">www.cme.it<\/a>, \u00e9 poss\u00edvel verificar exatamente a quais teclas correspondem as fun\u00e7\u00f5es originais desejadas.<\/p>\n<p data-start=\"514\" data-end=\"624\">\u2022 Forma ergon\u00f3mica e corpo em borracha macia favorecem a pega e protegem o comando contra impactos e quedas.<\/p>\n<p data-start=\"626\" data-end=\"709\">\u2022 Teclado retroiluminado para reconhecer os s\u00edmbolos das fun\u00e7\u00f5es mesmo no escuro.<\/p>\n<p data-start=\"711\" data-end=\"814\">\u2022 Pode ser atualizado via web no futuro (cabo inclu\u00eddo). O comando \u00e0 dist\u00e2ncia nunca ficar\u00e1 obsoleto!<\/p>\n<p data-start=\"816\" data-end=\"878\">\u2022 Fun\u00e7\u00e3o de Aprendizagem (Learn) e outras fun\u00e7\u00f5es avan\u00e7adas.<\/p>\n<p data-start=\"880\" data-end=\"957\">\u2022 Acesso direto \u00e0s fun\u00e7\u00f5es Home, Netflix, Prime Video em televisores Smart.<\/p>\n<p data-start=\"959\" data-end=\"1152\" data-is-last-node=\"\" data-is-only-node=\"\">\u2022 Suporte web completo em portugu\u00eas em <a class=\"decorated-link\" href=\"http:\/\/www.cme.it\" target=\"_new\" rel=\"noopener\" data-start=\"998\" data-end=\"1008\">www.cme.it<\/a> (software de pesquisa de c\u00f3digos, tabelas de correspond\u00eancia de teclas\/fun\u00e7\u00f5es, pesquisa por imagens, manual de instru\u00e7\u00f5es, v\u00eddeo-guia e mais).<\/p>\n","protected":false},"excerpt":{"rendered":"<p>Comando \u00e0 dist\u00e2ncia universal 5 em 1 com corpo em borracha, compat\u00edvel com TV, decodificador, SKY, Blu-Ray\/DVD e outros. Todas as fun\u00e7\u00f5es originais dispon\u00edveis. Atualiz\u00e1vel via web. Fun\u00e7\u00e3o Learn. Suporte web completo.<\/p>\n","protected":false},"featured_media":67350,"template":"","meta":{"_acf_changed":false},"product_brand":[],"product_cat":[1716],"product_tag":[],"class_list":{"0":"post-67344","1":"product","2":"type-product","3":"status-publish","4":"has-post-thumbnail","6":"product_cat-cat-telecomandos","7":"pa_tipo-telecomando-universali-pt","9":"first","10":"instock","11":"sale","12":"taxable","13":"shipping-taxable","14":"purchasable","15":"product-type-simple"},"acf":[],"yoast_head":"<!-- This site is optimized with the Yoast SEO plugin v27.4 - https:\/\/yoast.com\/product\/yoast-seo-wordpress\/ -->\n<title>Gumbody Facile 5+ - Meliconi<\/title>\n<meta name=\"robots\" content=\"index, follow, max-snippet:-1, max-image-preview:large, max-video-preview:-1\" \/>\n<link rel=\"canonical\" href=\"https:\/\/www.meliconi.com\/pt-pt\/produto\/gumbody-facile-5\/\" \/>\n<meta property=\"og:locale\" content=\"pt_PT\" \/>\n<meta property=\"og:type\" content=\"article\" \/>\n<meta property=\"og:title\" content=\"Gumbody Facile 5+ - Meliconi\" \/>\n<meta property=\"og:description\" content=\"Comando \u00e0 dist\u00e2ncia universal 5 em 1 com corpo em borracha, compat\u00edvel com TV, decodificador, SKY, Blu-Ray\/DVD e outros. Todas as fun\u00e7\u00f5es originais dispon\u00edveis. Atualiz\u00e1vel via web. Fun\u00e7\u00e3o Learn. Suporte web completo.\" \/>\n<meta property=\"og:url\" content=\"https:\/\/www.meliconi.com\/pt-pt\/produto\/gumbody-facile-5\/\" \/>\n<meta property=\"og:site_name\" content=\"Meliconi\" \/>\n<meta property=\"article:modified_time\" content=\"2025-12-09T13:36:44+00:00\" \/>\n<meta property=\"og:image\" content=\"https:\/\/www.meliconi.com\/wp-content\/uploads\/2023\/03\/806080_FACILE-5-2-723x1024.png\" \/>\n\t<meta property=\"og:image:width\" content=\"723\" \/>\n\t<meta property=\"og:image:height\" content=\"1024\" \/>\n\t<meta property=\"og:image:type\" content=\"image\/png\" \/>\n<meta name=\"twitter:card\" content=\"summary_large_image\" \/>\n<meta name=\"twitter:label1\" content=\"Tempo estimado de leitura\" \/>\n\t<meta name=\"twitter:data1\" content=\"1 minuto\" \/>\n<script type=\"application\/ld+json\" class=\"yoast-schema-graph\">{\"@context\":\"https:\\\/\\\/schema.org\",\"@graph\":[{\"@type\":\"WebPage\",\"@id\":\"https:\\\/\\\/www.meliconi.com\\\/pt-pt\\\/produto\\\/gumbody-facile-5\\\/\",\"url\":\"https:\\\/\\\/www.meliconi.com\\\/pt-pt\\\/produto\\\/gumbody-facile-5\\\/\",\"name\":\"Gumbody Facile 5+ - Meliconi\",\"isPartOf\":{\"@id\":\"https:\\\/\\\/www.meliconi.com\\\/pt-pt\\\/#website\"},\"primaryImageOfPage\":{\"@id\":\"https:\\\/\\\/www.meliconi.com\\\/pt-pt\\\/produto\\\/gumbody-facile-5\\\/#primaryimage\"},\"image\":{\"@id\":\"https:\\\/\\\/www.meliconi.com\\\/pt-pt\\\/produto\\\/gumbody-facile-5\\\/#primaryimage\"},\"thumbnailUrl\":\"https:\\\/\\\/www.meliconi.com\\\/wp-content\\\/uploads\\\/2023\\\/03\\\/806080_FACILE-5-2.png\",\"datePublished\":\"2025-10-31T14:24:35+00:00\",\"dateModified\":\"2025-12-09T13:36:44+00:00\",\"breadcrumb\":{\"@id\":\"https:\\\/\\\/www.meliconi.com\\\/pt-pt\\\/produto\\\/gumbody-facile-5\\\/#breadcrumb\"},\"inLanguage\":\"pt-PT\",\"potentialAction\":[{\"@type\":\"ReadAction\",\"target\":[\"https:\\\/\\\/www.meliconi.com\\\/pt-pt\\\/produto\\\/gumbody-facile-5\\\/\"]}]},{\"@type\":\"ImageObject\",\"inLanguage\":\"pt-PT\",\"@id\":\"https:\\\/\\\/www.meliconi.com\\\/pt-pt\\\/produto\\\/gumbody-facile-5\\\/#primaryimage\",\"url\":\"https:\\\/\\\/www.meliconi.com\\\/wp-content\\\/uploads\\\/2023\\\/03\\\/806080_FACILE-5-2.png\",\"contentUrl\":\"https:\\\/\\\/www.meliconi.com\\\/wp-content\\\/uploads\\\/2023\\\/03\\\/806080_FACILE-5-2.png\",\"width\":7059,\"height\":10000},{\"@type\":\"BreadcrumbList\",\"@id\":\"https:\\\/\\\/www.meliconi.com\\\/pt-pt\\\/produto\\\/gumbody-facile-5\\\/#breadcrumb\",\"itemListElement\":[{\"@type\":\"ListItem\",\"position\":1,\"name\":\"Home\",\"item\":\"https:\\\/\\\/www.meliconi.com\\\/pt-pt\\\/\"},{\"@type\":\"ListItem\",\"position\":2,\"name\":\"Shop\",\"item\":\"https:\\\/\\\/www.meliconi.com\\\/pt-pt\\\/shop-pt\\\/\"},{\"@type\":\"ListItem\",\"position\":3,\"name\":\"Gumbody Facile 5+\"}]},{\"@type\":\"WebSite\",\"@id\":\"https:\\\/\\\/www.meliconi.com\\\/pt-pt\\\/#website\",\"url\":\"https:\\\/\\\/www.meliconi.com\\\/pt-pt\\\/\",\"name\":\"Meliconi\",\"description\":\"Lo specialista dell&#039;accessorio\",\"publisher\":{\"@id\":\"https:\\\/\\\/www.meliconi.com\\\/pt-pt\\\/#organization\"},\"potentialAction\":[{\"@type\":\"SearchAction\",\"target\":{\"@type\":\"EntryPoint\",\"urlTemplate\":\"https:\\\/\\\/www.meliconi.com\\\/pt-pt\\\/?s={search_term_string}\"},\"query-input\":{\"@type\":\"PropertyValueSpecification\",\"valueRequired\":true,\"valueName\":\"search_term_string\"}}],\"inLanguage\":\"pt-PT\"},{\"@type\":\"Organization\",\"@id\":\"https:\\\/\\\/www.meliconi.com\\\/pt-pt\\\/#organization\",\"name\":\"Meliconi\",\"url\":\"https:\\\/\\\/www.meliconi.com\\\/pt-pt\\\/\",\"logo\":{\"@type\":\"ImageObject\",\"inLanguage\":\"pt-PT\",\"@id\":\"https:\\\/\\\/www.meliconi.com\\\/pt-pt\\\/#\\\/schema\\\/logo\\\/image\\\/\",\"url\":\"https:\\\/\\\/www.meliconi.com\\\/wp-content\\\/uploads\\\/2021\\\/06\\\/logo-meliconi.png\",\"contentUrl\":\"https:\\\/\\\/www.meliconi.com\\\/wp-content\\\/uploads\\\/2021\\\/06\\\/logo-meliconi.png\",\"width\":338,\"height\":102,\"caption\":\"Meliconi\"},\"image\":{\"@id\":\"https:\\\/\\\/www.meliconi.com\\\/pt-pt\\\/#\\\/schema\\\/logo\\\/image\\\/\"}}]}<\/script>\n<!-- \/ Yoast SEO plugin. -->","yoast_head_json":{"title":"Gumbody Facile 5+ - Meliconi","robots":{"index":"index","follow":"follow","max-snippet":"max-snippet:-1","max-image-preview":"max-image-preview:large","max-video-preview":"max-video-preview:-1"},"canonical":"https:\/\/www.meliconi.com\/pt-pt\/produto\/gumbody-facile-5\/","og_locale":"pt_PT","og_type":"article","og_title":"Gumbody Facile 5+ - Meliconi","og_description":"Comando \u00e0 dist\u00e2ncia universal 5 em 1 com corpo em borracha, compat\u00edvel com TV, decodificador, SKY, Blu-Ray\/DVD e outros. Todas as fun\u00e7\u00f5es originais dispon\u00edveis. Atualiz\u00e1vel via web. Fun\u00e7\u00e3o Learn. Suporte web completo.","og_url":"https:\/\/www.meliconi.com\/pt-pt\/produto\/gumbody-facile-5\/","og_site_name":"Meliconi","article_modified_time":"2025-12-09T13:36:44+00:00","og_image":[{"width":723,"height":1024,"url":"https:\/\/www.meliconi.com\/wp-content\/uploads\/2023\/03\/806080_FACILE-5-2-723x1024.png","type":"image\/png"}],"twitter_card":"summary_large_image","twitter_misc":{"Tempo estimado de leitura":"1 minuto"},"schema":{"@context":"https:\/\/schema.org","@graph":[{"@type":"WebPage","@id":"https:\/\/www.meliconi.com\/pt-pt\/produto\/gumbody-facile-5\/","url":"https:\/\/www.meliconi.com\/pt-pt\/produto\/gumbody-facile-5\/","name":"Gumbody Facile 5+ - Meliconi","isPartOf":{"@id":"https:\/\/www.meliconi.com\/pt-pt\/#website"},"primaryImageOfPage":{"@id":"https:\/\/www.meliconi.com\/pt-pt\/produto\/gumbody-facile-5\/#primaryimage"},"image":{"@id":"https:\/\/www.meliconi.com\/pt-pt\/produto\/gumbody-facile-5\/#primaryimage"},"thumbnailUrl":"https:\/\/www.meliconi.com\/wp-content\/uploads\/2023\/03\/806080_FACILE-5-2.png","datePublished":"2025-10-31T14:24:35+00:00","dateModified":"2025-12-09T13:36:44+00:00","breadcrumb":{"@id":"https:\/\/www.meliconi.com\/pt-pt\/produto\/gumbody-facile-5\/#breadcrumb"},"inLanguage":"pt-PT","potentialAction":[{"@type":"ReadAction","target":["https:\/\/www.meliconi.com\/pt-pt\/produto\/gumbody-facile-5\/"]}]},{"@type":"ImageObject","inLanguage":"pt-PT","@id":"https:\/\/www.meliconi.com\/pt-pt\/produto\/gumbody-facile-5\/#primaryimage","url":"https:\/\/www.meliconi.com\/wp-content\/uploads\/2023\/03\/806080_FACILE-5-2.png","contentUrl":"https:\/\/www.meliconi.com\/wp-content\/uploads\/2023\/03\/806080_FACILE-5-2.png","width":7059,"height":10000},{"@type":"BreadcrumbList","@id":"https:\/\/www.meliconi.com\/pt-pt\/produto\/gumbody-facile-5\/#breadcrumb","itemListElement":[{"@type":"ListItem","position":1,"name":"Home","item":"https:\/\/www.meliconi.com\/pt-pt\/"},{"@type":"ListItem","position":2,"name":"Shop","item":"https:\/\/www.meliconi.com\/pt-pt\/shop-pt\/"},{"@type":"ListItem","position":3,"name":"Gumbody Facile 5+"}]},{"@type":"WebSite","@id":"https:\/\/www.meliconi.com\/pt-pt\/#website","url":"https:\/\/www.meliconi.com\/pt-pt\/","name":"Meliconi","description":"Lo specialista dell&#039;accessorio","publisher":{"@id":"https:\/\/www.meliconi.com\/pt-pt\/#organization"},"potentialAction":[{"@type":"SearchAction","target":{"@type":"EntryPoint","urlTemplate":"https:\/\/www.meliconi.com\/pt-pt\/?s={search_term_string}"},"query-input":{"@type":"PropertyValueSpecification","valueRequired":true,"valueName":"search_term_string"}}],"inLanguage":"pt-PT"},{"@type":"Organization","@id":"https:\/\/www.meliconi.com\/pt-pt\/#organization","name":"Meliconi","url":"https:\/\/www.meliconi.com\/pt-pt\/","logo":{"@type":"ImageObject","inLanguage":"pt-PT","@id":"https:\/\/www.meliconi.com\/pt-pt\/#\/schema\/logo\/image\/","url":"https:\/\/www.meliconi.com\/wp-content\/uploads\/2021\/06\/logo-meliconi.png","contentUrl":"https:\/\/www.meliconi.com\/wp-content\/uploads\/2021\/06\/logo-meliconi.png","width":338,"height":102,"caption":"Meliconi"},"image":{"@id":"https:\/\/www.meliconi.com\/pt-pt\/#\/schema\/logo\/image\/"}}]}},"_links":{"self":[{"href":"https:\/\/www.meliconi.com\/pt-pt\/wp-json\/wp\/v2\/product\/67344","targetHints":{"allow":["GET"]}}],"collection":[{"href":"https:\/\/www.meliconi.com\/pt-pt\/wp-json\/wp\/v2\/product"}],"about":[{"href":"https:\/\/www.meliconi.com\/pt-pt\/wp-json\/wp\/v2\/types\/product"}],"wp:featuredmedia":[{"embeddable":true,"href":"https:\/\/www.meliconi.com\/pt-pt\/wp-json\/wp\/v2\/media\/67350"}],"wp:attachment":[{"href":"https:\/\/www.meliconi.com\/pt-pt\/wp-json\/wp\/v2\/media?parent=67344"}],"wp:term":[{"taxonomy":"product_brand","embeddable":true,"href":"https:\/\/www.meliconi.com\/pt-pt\/wp-json\/wp\/v2\/product_brand?post=67344"},{"taxonomy":"product_cat","embeddable":true,"href":"https:\/\/www.meliconi.com\/pt-pt\/wp-json\/wp\/v2\/product_cat?post=67344"},{"taxonomy":"product_tag","embeddable":true,"href":"https:\/\/www.meliconi.com\/pt-pt\/wp-json\/wp\/v2\/product_tag?post=67344"}],"curies":[{"name":"wp","href":"https:\/\/api.w.org\/{rel}","templated":true}]}}