{"id":67291,"date":"2021-08-04T08:34:03","date_gmt":"2025-12-09T13:28:46","guid":{"rendered":"https:\/\/www.meliconi.com\/?post_type=product&#038;p=67291"},"modified":"2025-12-09T14:28:46","modified_gmt":"2025-12-09T13:28:46","slug":"base-space-basket","status":"publish","type":"product","link":"https:\/\/www.meliconi.com\/pt-pt\/produto\/base-space-basket\/","title":{"rendered":"BASE SPACE BASKET"},"content":{"rendered":"<p data-start=\"0\" data-end=\"69\">PEDESTAL EM TECNOPOL\u00cdMERO PARA ELETRODOM\u00c9STICOS COM CESTO REMOV\u00cdVEL<\/p>\n<p data-start=\"71\" data-end=\"182\">O eletrodom\u00e9stico \u00e9 colocado a 31 cm do ch\u00e3o, tornando o seu uso mais c\u00f3modo e facilitando a limpeza do piso.<\/p>\n<p data-start=\"184\" data-end=\"355\">Adequado para m\u00e1quinas de lavar\/secadoras ou outros eletrodom\u00e9sticos com tamanho m\u00e1ximo de 60&#215;60 cm<br data-start=\"283\" data-end=\"286\" \/>(profundidade, dist\u00e2ncia m\u00e1xima de 55 cm entre os p\u00e9s do aparelho).<\/p>\n<p data-start=\"357\" data-end=\"401\">Estrutura em tecnopol\u00edmero. N\u00e3o enferruja.<\/p>\n<p data-start=\"403\" data-end=\"435\">Peso m\u00e1ximo suportado: 250 kg.<\/p>\n<p data-start=\"437\" data-end=\"496\">Cesto de arame remov\u00edvel com capacidade de at\u00e9 32 litros.<\/p>\n<p data-start=\"498\" data-end=\"586\">4 p\u00e9s ajust\u00e1veis em altura permitem nivelar o produto e, consequentemente, o aparelho.<\/p>\n<p data-start=\"588\" data-end=\"643\">Os p\u00e9s em borracha garantem m\u00e1xima ader\u00eancia ao ch\u00e3o.<\/p>\n<p data-start=\"645\" data-end=\"707\">Inclui correia de seguran\u00e7a de 6 metros com fivela met\u00e1lica.<\/p>\n<p data-start=\"709\" data-end=\"735\" data-is-last-node=\"\" data-is-only-node=\"\">Montagem r\u00e1pida e simples.<\/p>\n","protected":false},"excerpt":{"rendered":"<p>30 cm de altura para m\u00e1quinas de lavar ou secadoras com cesto remov\u00edvel. Inclui correia de seguran\u00e7a e 4 p\u00e9s ajust\u00e1veis.<\/p>\n","protected":false},"featured_media":67300,"template":"","meta":{"_acf_changed":false},"product_cat":[1680],"product_tag":[],"class_list":{"0":"post-67291","1":"product","2":"type-product","3":"status-publish","4":"has-post-thumbnail","6":"product_cat-bases-para-eletrodomesticos","8":"first","9":"instock","10":"sale","11":"taxable","12":"shipping-taxable","13":"purchasable","14":"product-type-simple"},"acf":[],"yoast_head":"<!-- This site is optimized with the Yoast SEO plugin v26.1.1 - https:\/\/yoast.com\/wordpress\/plugins\/seo\/ -->\n<title>BASE SPACE BASKET - Meliconi<\/title>\n<meta name=\"robots\" content=\"index, follow, max-snippet:-1, max-image-preview:large, max-video-preview:-1\" \/>\n<link rel=\"canonical\" href=\"https:\/\/www.meliconi.com\/pt-pt\/produto\/base-space-basket\/\" \/>\n<meta property=\"og:locale\" content=\"pt_PT\" \/>\n<meta property=\"og:type\" content=\"article\" \/>\n<meta property=\"og:title\" content=\"BASE SPACE BASKET - Meliconi\" \/>\n<meta property=\"og:description\" content=\"30 cm de altura para m\u00e1quinas de lavar ou secadoras com cesto remov\u00edvel. Inclui correia de seguran\u00e7a e 4 p\u00e9s ajust\u00e1veis.\" \/>\n<meta property=\"og:url\" content=\"https:\/\/www.meliconi.com\/pt-pt\/produto\/base-space-basket\/\" \/>\n<meta property=\"og:site_name\" content=\"Meliconi\" \/>\n<meta property=\"og:image\" content=\"https:\/\/www.meliconi.com\/wp-content\/uploads\/2021\/08\/base-space-plus-8-1024x885.png\" \/>\n\t<meta property=\"og:image:width\" content=\"1024\" \/>\n\t<meta property=\"og:image:height\" content=\"885\" \/>\n\t<meta property=\"og:image:type\" content=\"image\/png\" \/>\n<meta name=\"twitter:card\" content=\"summary_large_image\" \/>\n<meta name=\"twitter:label1\" content=\"Tempo estimado de leitura\" \/>\n\t<meta name=\"twitter:data1\" content=\"1 minuto\" \/>\n<script type=\"application\/ld+json\" class=\"yoast-schema-graph\">{\"@context\":\"https:\/\/schema.org\",\"@graph\":[{\"@type\":\"WebPage\",\"@id\":\"https:\/\/www.meliconi.com\/pt-pt\/produto\/base-space-basket\/\",\"url\":\"https:\/\/www.meliconi.com\/pt-pt\/produto\/base-space-basket\/\",\"name\":\"BASE SPACE BASKET - Meliconi\",\"isPartOf\":{\"@id\":\"https:\/\/www.meliconi.com\/pt-pt\/#website\"},\"primaryImageOfPage\":{\"@id\":\"https:\/\/www.meliconi.com\/pt-pt\/produto\/base-space-basket\/#primaryimage\"},\"image\":{\"@id\":\"https:\/\/www.meliconi.com\/pt-pt\/produto\/base-space-basket\/#primaryimage\"},\"thumbnailUrl\":\"https:\/\/www.meliconi.com\/wp-content\/uploads\/2021\/08\/base-space-plus-8.png\",\"datePublished\":\"2025-12-09T13:28:46+00:00\",\"breadcrumb\":{\"@id\":\"https:\/\/www.meliconi.com\/pt-pt\/produto\/base-space-basket\/#breadcrumb\"},\"inLanguage\":\"pt-PT\",\"potentialAction\":[{\"@type\":\"ReadAction\",\"target\":[\"https:\/\/www.meliconi.com\/pt-pt\/produto\/base-space-basket\/\"]}]},{\"@type\":\"ImageObject\",\"inLanguage\":\"pt-PT\",\"@id\":\"https:\/\/www.meliconi.com\/pt-pt\/produto\/base-space-basket\/#primaryimage\",\"url\":\"https:\/\/www.meliconi.com\/wp-content\/uploads\/2021\/08\/base-space-plus-8.png\",\"contentUrl\":\"https:\/\/www.meliconi.com\/wp-content\/uploads\/2021\/08\/base-space-plus-8.png\",\"width\":7680,\"height\":6637},{\"@type\":\"BreadcrumbList\",\"@id\":\"https:\/\/www.meliconi.com\/pt-pt\/produto\/base-space-basket\/#breadcrumb\",\"itemListElement\":[{\"@type\":\"ListItem\",\"position\":1,\"name\":\"Home\",\"item\":\"https:\/\/www.meliconi.com\/pt-pt\/\"},{\"@type\":\"ListItem\",\"position\":2,\"name\":\"Shop\",\"item\":\"https:\/\/www.meliconi.com\/pt-pt\/shop-pt\/\"},{\"@type\":\"ListItem\",\"position\":3,\"name\":\"BASE SPACE BASKET\"}]},{\"@type\":\"WebSite\",\"@id\":\"https:\/\/www.meliconi.com\/pt-pt\/#website\",\"url\":\"https:\/\/www.meliconi.com\/pt-pt\/\",\"name\":\"Meliconi\",\"description\":\"Lo specialista dell&#039;accessorio\",\"publisher\":{\"@id\":\"https:\/\/www.meliconi.com\/pt-pt\/#organization\"},\"potentialAction\":[{\"@type\":\"SearchAction\",\"target\":{\"@type\":\"EntryPoint\",\"urlTemplate\":\"https:\/\/www.meliconi.com\/pt-pt\/?s={search_term_string}\"},\"query-input\":{\"@type\":\"PropertyValueSpecification\",\"valueRequired\":true,\"valueName\":\"search_term_string\"}}],\"inLanguage\":\"pt-PT\"},{\"@type\":\"Organization\",\"@id\":\"https:\/\/www.meliconi.com\/pt-pt\/#organization\",\"name\":\"Meliconi\",\"url\":\"https:\/\/www.meliconi.com\/pt-pt\/\",\"logo\":{\"@type\":\"ImageObject\",\"inLanguage\":\"pt-PT\",\"@id\":\"https:\/\/www.meliconi.com\/pt-pt\/#\/schema\/logo\/image\/\",\"url\":\"https:\/\/www.meliconi.com\/wp-content\/uploads\/2021\/06\/logo-meliconi.png\",\"contentUrl\":\"https:\/\/www.meliconi.com\/wp-content\/uploads\/2021\/06\/logo-meliconi.png\",\"width\":338,\"height\":102,\"caption\":\"Meliconi\"},\"image\":{\"@id\":\"https:\/\/www.meliconi.com\/pt-pt\/#\/schema\/logo\/image\/\"}}]}<\/script>\n<!-- \/ Yoast SEO plugin. -->","yoast_head_json":{"title":"BASE SPACE BASKET - Meliconi","robots":{"index":"index","follow":"follow","max-snippet":"max-snippet:-1","max-image-preview":"max-image-preview:large","max-video-preview":"max-video-preview:-1"},"canonical":"https:\/\/www.meliconi.com\/pt-pt\/produto\/base-space-basket\/","og_locale":"pt_PT","og_type":"article","og_title":"BASE SPACE BASKET - Meliconi","og_description":"30 cm de altura para m\u00e1quinas de lavar ou secadoras com cesto remov\u00edvel. Inclui correia de seguran\u00e7a e 4 p\u00e9s ajust\u00e1veis.","og_url":"https:\/\/www.meliconi.com\/pt-pt\/produto\/base-space-basket\/","og_site_name":"Meliconi","og_image":[{"width":1024,"height":885,"url":"https:\/\/www.meliconi.com\/wp-content\/uploads\/2021\/08\/base-space-plus-8-1024x885.png","type":"image\/png"}],"twitter_card":"summary_large_image","twitter_misc":{"Tempo estimado de leitura":"1 minuto"},"schema":{"@context":"https:\/\/schema.org","@graph":[{"@type":"WebPage","@id":"https:\/\/www.meliconi.com\/pt-pt\/produto\/base-space-basket\/","url":"https:\/\/www.meliconi.com\/pt-pt\/produto\/base-space-basket\/","name":"BASE SPACE BASKET - Meliconi","isPartOf":{"@id":"https:\/\/www.meliconi.com\/pt-pt\/#website"},"primaryImageOfPage":{"@id":"https:\/\/www.meliconi.com\/pt-pt\/produto\/base-space-basket\/#primaryimage"},"image":{"@id":"https:\/\/www.meliconi.com\/pt-pt\/produto\/base-space-basket\/#primaryimage"},"thumbnailUrl":"https:\/\/www.meliconi.com\/wp-content\/uploads\/2021\/08\/base-space-plus-8.png","datePublished":"2025-12-09T13:28:46+00:00","breadcrumb":{"@id":"https:\/\/www.meliconi.com\/pt-pt\/produto\/base-space-basket\/#breadcrumb"},"inLanguage":"pt-PT","potentialAction":[{"@type":"ReadAction","target":["https:\/\/www.meliconi.com\/pt-pt\/produto\/base-space-basket\/"]}]},{"@type":"ImageObject","inLanguage":"pt-PT","@id":"https:\/\/www.meliconi.com\/pt-pt\/produto\/base-space-basket\/#primaryimage","url":"https:\/\/www.meliconi.com\/wp-content\/uploads\/2021\/08\/base-space-plus-8.png","contentUrl":"https:\/\/www.meliconi.com\/wp-content\/uploads\/2021\/08\/base-space-plus-8.png","width":7680,"height":6637},{"@type":"BreadcrumbList","@id":"https:\/\/www.meliconi.com\/pt-pt\/produto\/base-space-basket\/#breadcrumb","itemListElement":[{"@type":"ListItem","position":1,"name":"Home","item":"https:\/\/www.meliconi.com\/pt-pt\/"},{"@type":"ListItem","position":2,"name":"Shop","item":"https:\/\/www.meliconi.com\/pt-pt\/shop-pt\/"},{"@type":"ListItem","position":3,"name":"BASE SPACE BASKET"}]},{"@type":"WebSite","@id":"https:\/\/www.meliconi.com\/pt-pt\/#website","url":"https:\/\/www.meliconi.com\/pt-pt\/","name":"Meliconi","description":"Lo specialista dell&#039;accessorio","publisher":{"@id":"https:\/\/www.meliconi.com\/pt-pt\/#organization"},"potentialAction":[{"@type":"SearchAction","target":{"@type":"EntryPoint","urlTemplate":"https:\/\/www.meliconi.com\/pt-pt\/?s={search_term_string}"},"query-input":{"@type":"PropertyValueSpecification","valueRequired":true,"valueName":"search_term_string"}}],"inLanguage":"pt-PT"},{"@type":"Organization","@id":"https:\/\/www.meliconi.com\/pt-pt\/#organization","name":"Meliconi","url":"https:\/\/www.meliconi.com\/pt-pt\/","logo":{"@type":"ImageObject","inLanguage":"pt-PT","@id":"https:\/\/www.meliconi.com\/pt-pt\/#\/schema\/logo\/image\/","url":"https:\/\/www.meliconi.com\/wp-content\/uploads\/2021\/06\/logo-meliconi.png","contentUrl":"https:\/\/www.meliconi.com\/wp-content\/uploads\/2021\/06\/logo-meliconi.png","width":338,"height":102,"caption":"Meliconi"},"image":{"@id":"https:\/\/www.meliconi.com\/pt-pt\/#\/schema\/logo\/image\/"}}]}},"_links":{"self":[{"href":"https:\/\/www.meliconi.com\/pt-pt\/wp-json\/wp\/v2\/product\/67291","targetHints":{"allow":["GET"]}}],"collection":[{"href":"https:\/\/www.meliconi.com\/pt-pt\/wp-json\/wp\/v2\/product"}],"about":[{"href":"https:\/\/www.meliconi.com\/pt-pt\/wp-json\/wp\/v2\/types\/product"}],"wp:featuredmedia":[{"embeddable":true,"href":"https:\/\/www.meliconi.com\/pt-pt\/wp-json\/wp\/v2\/media\/67300"}],"wp:attachment":[{"href":"https:\/\/www.meliconi.com\/pt-pt\/wp-json\/wp\/v2\/media?parent=67291"}],"wp:term":[{"taxonomy":"product_cat","embeddable":true,"href":"https:\/\/www.meliconi.com\/pt-pt\/wp-json\/wp\/v2\/product_cat?post=67291"},{"taxonomy":"product_tag","embeddable":true,"href":"https:\/\/www.meliconi.com\/pt-pt\/wp-json\/wp\/v2\/product_tag?post=67291"}],"curies":[{"name":"wp","href":"https:\/\/api.w.org\/{rel}","templated":true}]}}