{"id":67280,"date":"2021-08-04T08:50:33","date_gmt":"2025-12-09T13:27:54","guid":{"rendered":"https:\/\/www.meliconi.com\/?post_type=product&#038;p=67280"},"modified":"2025-12-09T14:27:55","modified_gmt":"2025-12-09T13:27:55","slug":"base-space-extra","status":"publish","type":"product","link":"https:\/\/www.meliconi.com\/pt-pt\/produto\/base-space-extra\/","title":{"rendered":"BASE SPACE EXTRA"},"content":{"rendered":"<p data-start=\"0\" data-end=\"111\">O eletrodom\u00e9stico \u00e9 colocado a 31 cm do ch\u00e3o, tornando o seu uso mais c\u00f3modo e facilitando a limpeza do piso.<\/p>\n<p data-start=\"113\" data-end=\"282\">Adequado para m\u00e1quinas de lavar\/secadoras ou outros eletrodom\u00e9sticos com tamanho m\u00e1ximo de 60&#215;60 cm (profundidade, dist\u00e2ncia m\u00e1xima de 55 cm entre os p\u00e9s do aparelho).<\/p>\n<p data-start=\"284\" data-end=\"328\">Estrutura em tecnopol\u00edmero. N\u00e3o enferruja.<\/p>\n<p data-start=\"330\" data-end=\"362\">Peso m\u00e1ximo suportado: 250 kg.<\/p>\n<p data-start=\"364\" data-end=\"423\">Cesto de arame remov\u00edvel com capacidade de at\u00e9 28 litros.<\/p>\n<p data-start=\"425\" data-end=\"513\">4 p\u00e9s ajust\u00e1veis em altura permitem nivelar o produto e, consequentemente, o aparelho.<\/p>\n<p data-start=\"515\" data-end=\"570\">Os p\u00e9s em borracha garantem m\u00e1xima ader\u00eancia ao ch\u00e3o.<\/p>\n<p data-start=\"572\" data-end=\"634\">Inclui correia de seguran\u00e7a de 6 metros com fivela met\u00e1lica.<\/p>\n<p data-start=\"636\" data-end=\"662\" data-is-last-node=\"\" data-is-only-node=\"\">Montagem r\u00e1pida e simples.<\/p>\n","protected":false},"excerpt":{"rendered":"<p>30 cm de altura para m\u00e1quinas de lavar ou secadoras com gaveta remov\u00edvel. Inclui correia de seguran\u00e7a e 4 p\u00e9s ajust\u00e1veis.<\/p>\n","protected":false},"featured_media":67289,"template":"","meta":{"_acf_changed":false},"product_cat":[1680,1676,1700],"product_tag":[],"class_list":{"0":"post-67280","1":"product","2":"type-product","3":"status-publish","4":"has-post-thumbnail","6":"product_cat-bases-para-eletrodomesticos","7":"product_cat-cat-acessorios-eletrodomesticos","8":"product_cat-promocoes","10":"first","11":"instock","12":"sale","13":"taxable","14":"shipping-taxable","15":"purchasable","16":"product-type-simple"},"acf":[],"yoast_head":"<!-- This site is optimized with the Yoast SEO plugin v26.1.1 - https:\/\/yoast.com\/wordpress\/plugins\/seo\/ -->\n<title>BASE SPACE EXTRA - Meliconi<\/title>\n<meta name=\"robots\" content=\"index, follow, max-snippet:-1, max-image-preview:large, max-video-preview:-1\" \/>\n<link rel=\"canonical\" href=\"https:\/\/www.meliconi.com\/pt-pt\/produto\/base-space-extra\/\" \/>\n<meta property=\"og:locale\" content=\"pt_PT\" \/>\n<meta property=\"og:type\" content=\"article\" \/>\n<meta property=\"og:title\" content=\"BASE SPACE EXTRA - Meliconi\" \/>\n<meta property=\"og:description\" content=\"30 cm de altura para m\u00e1quinas de lavar ou secadoras com gaveta remov\u00edvel. Inclui correia de seguran\u00e7a e 4 p\u00e9s ajust\u00e1veis.\" \/>\n<meta property=\"og:url\" content=\"https:\/\/www.meliconi.com\/pt-pt\/produto\/base-space-extra\/\" \/>\n<meta property=\"og:site_name\" content=\"Meliconi\" \/>\n<meta property=\"article:modified_time\" content=\"2025-12-09T13:27:55+00:00\" \/>\n<meta property=\"og:image\" content=\"https:\/\/www.meliconi.com\/wp-content\/uploads\/2021\/08\/base-space-plus-5_grigio-1024x885.png\" \/>\n\t<meta property=\"og:image:width\" content=\"1024\" \/>\n\t<meta property=\"og:image:height\" content=\"885\" \/>\n\t<meta property=\"og:image:type\" content=\"image\/png\" \/>\n<meta name=\"twitter:card\" content=\"summary_large_image\" \/>\n<meta name=\"twitter:label1\" content=\"Tempo estimado de leitura\" \/>\n\t<meta name=\"twitter:data1\" content=\"1 minuto\" \/>\n<script type=\"application\/ld+json\" class=\"yoast-schema-graph\">{\"@context\":\"https:\/\/schema.org\",\"@graph\":[{\"@type\":\"WebPage\",\"@id\":\"https:\/\/www.meliconi.com\/pt-pt\/produto\/base-space-extra\/\",\"url\":\"https:\/\/www.meliconi.com\/pt-pt\/produto\/base-space-extra\/\",\"name\":\"BASE SPACE EXTRA - Meliconi\",\"isPartOf\":{\"@id\":\"https:\/\/www.meliconi.com\/pt-pt\/#website\"},\"primaryImageOfPage\":{\"@id\":\"https:\/\/www.meliconi.com\/pt-pt\/produto\/base-space-extra\/#primaryimage\"},\"image\":{\"@id\":\"https:\/\/www.meliconi.com\/pt-pt\/produto\/base-space-extra\/#primaryimage\"},\"thumbnailUrl\":\"https:\/\/www.meliconi.com\/wp-content\/uploads\/2021\/08\/base-space-plus-5_grigio.png\",\"datePublished\":\"2025-12-09T13:27:54+00:00\",\"dateModified\":\"2025-12-09T13:27:55+00:00\",\"breadcrumb\":{\"@id\":\"https:\/\/www.meliconi.com\/pt-pt\/produto\/base-space-extra\/#breadcrumb\"},\"inLanguage\":\"pt-PT\",\"potentialAction\":[{\"@type\":\"ReadAction\",\"target\":[\"https:\/\/www.meliconi.com\/pt-pt\/produto\/base-space-extra\/\"]}]},{\"@type\":\"ImageObject\",\"inLanguage\":\"pt-PT\",\"@id\":\"https:\/\/www.meliconi.com\/pt-pt\/produto\/base-space-extra\/#primaryimage\",\"url\":\"https:\/\/www.meliconi.com\/wp-content\/uploads\/2021\/08\/base-space-plus-5_grigio.png\",\"contentUrl\":\"https:\/\/www.meliconi.com\/wp-content\/uploads\/2021\/08\/base-space-plus-5_grigio.png\",\"width\":7680,\"height\":6637},{\"@type\":\"BreadcrumbList\",\"@id\":\"https:\/\/www.meliconi.com\/pt-pt\/produto\/base-space-extra\/#breadcrumb\",\"itemListElement\":[{\"@type\":\"ListItem\",\"position\":1,\"name\":\"Home\",\"item\":\"https:\/\/www.meliconi.com\/pt-pt\/\"},{\"@type\":\"ListItem\",\"position\":2,\"name\":\"Shop\",\"item\":\"https:\/\/www.meliconi.com\/pt-pt\/shop-pt\/\"},{\"@type\":\"ListItem\",\"position\":3,\"name\":\"BASE SPACE EXTRA\"}]},{\"@type\":\"WebSite\",\"@id\":\"https:\/\/www.meliconi.com\/pt-pt\/#website\",\"url\":\"https:\/\/www.meliconi.com\/pt-pt\/\",\"name\":\"Meliconi\",\"description\":\"Lo specialista dell&#039;accessorio\",\"publisher\":{\"@id\":\"https:\/\/www.meliconi.com\/pt-pt\/#organization\"},\"potentialAction\":[{\"@type\":\"SearchAction\",\"target\":{\"@type\":\"EntryPoint\",\"urlTemplate\":\"https:\/\/www.meliconi.com\/pt-pt\/?s={search_term_string}\"},\"query-input\":{\"@type\":\"PropertyValueSpecification\",\"valueRequired\":true,\"valueName\":\"search_term_string\"}}],\"inLanguage\":\"pt-PT\"},{\"@type\":\"Organization\",\"@id\":\"https:\/\/www.meliconi.com\/pt-pt\/#organization\",\"name\":\"Meliconi\",\"url\":\"https:\/\/www.meliconi.com\/pt-pt\/\",\"logo\":{\"@type\":\"ImageObject\",\"inLanguage\":\"pt-PT\",\"@id\":\"https:\/\/www.meliconi.com\/pt-pt\/#\/schema\/logo\/image\/\",\"url\":\"https:\/\/www.meliconi.com\/wp-content\/uploads\/2021\/06\/logo-meliconi.png\",\"contentUrl\":\"https:\/\/www.meliconi.com\/wp-content\/uploads\/2021\/06\/logo-meliconi.png\",\"width\":338,\"height\":102,\"caption\":\"Meliconi\"},\"image\":{\"@id\":\"https:\/\/www.meliconi.com\/pt-pt\/#\/schema\/logo\/image\/\"}}]}<\/script>\n<!-- \/ Yoast SEO plugin. -->","yoast_head_json":{"title":"BASE SPACE EXTRA - Meliconi","robots":{"index":"index","follow":"follow","max-snippet":"max-snippet:-1","max-image-preview":"max-image-preview:large","max-video-preview":"max-video-preview:-1"},"canonical":"https:\/\/www.meliconi.com\/pt-pt\/produto\/base-space-extra\/","og_locale":"pt_PT","og_type":"article","og_title":"BASE SPACE EXTRA - Meliconi","og_description":"30 cm de altura para m\u00e1quinas de lavar ou secadoras com gaveta remov\u00edvel. Inclui correia de seguran\u00e7a e 4 p\u00e9s ajust\u00e1veis.","og_url":"https:\/\/www.meliconi.com\/pt-pt\/produto\/base-space-extra\/","og_site_name":"Meliconi","article_modified_time":"2025-12-09T13:27:55+00:00","og_image":[{"width":1024,"height":885,"url":"https:\/\/www.meliconi.com\/wp-content\/uploads\/2021\/08\/base-space-plus-5_grigio-1024x885.png","type":"image\/png"}],"twitter_card":"summary_large_image","twitter_misc":{"Tempo estimado de leitura":"1 minuto"},"schema":{"@context":"https:\/\/schema.org","@graph":[{"@type":"WebPage","@id":"https:\/\/www.meliconi.com\/pt-pt\/produto\/base-space-extra\/","url":"https:\/\/www.meliconi.com\/pt-pt\/produto\/base-space-extra\/","name":"BASE SPACE EXTRA - Meliconi","isPartOf":{"@id":"https:\/\/www.meliconi.com\/pt-pt\/#website"},"primaryImageOfPage":{"@id":"https:\/\/www.meliconi.com\/pt-pt\/produto\/base-space-extra\/#primaryimage"},"image":{"@id":"https:\/\/www.meliconi.com\/pt-pt\/produto\/base-space-extra\/#primaryimage"},"thumbnailUrl":"https:\/\/www.meliconi.com\/wp-content\/uploads\/2021\/08\/base-space-plus-5_grigio.png","datePublished":"2025-12-09T13:27:54+00:00","dateModified":"2025-12-09T13:27:55+00:00","breadcrumb":{"@id":"https:\/\/www.meliconi.com\/pt-pt\/produto\/base-space-extra\/#breadcrumb"},"inLanguage":"pt-PT","potentialAction":[{"@type":"ReadAction","target":["https:\/\/www.meliconi.com\/pt-pt\/produto\/base-space-extra\/"]}]},{"@type":"ImageObject","inLanguage":"pt-PT","@id":"https:\/\/www.meliconi.com\/pt-pt\/produto\/base-space-extra\/#primaryimage","url":"https:\/\/www.meliconi.com\/wp-content\/uploads\/2021\/08\/base-space-plus-5_grigio.png","contentUrl":"https:\/\/www.meliconi.com\/wp-content\/uploads\/2021\/08\/base-space-plus-5_grigio.png","width":7680,"height":6637},{"@type":"BreadcrumbList","@id":"https:\/\/www.meliconi.com\/pt-pt\/produto\/base-space-extra\/#breadcrumb","itemListElement":[{"@type":"ListItem","position":1,"name":"Home","item":"https:\/\/www.meliconi.com\/pt-pt\/"},{"@type":"ListItem","position":2,"name":"Shop","item":"https:\/\/www.meliconi.com\/pt-pt\/shop-pt\/"},{"@type":"ListItem","position":3,"name":"BASE SPACE EXTRA"}]},{"@type":"WebSite","@id":"https:\/\/www.meliconi.com\/pt-pt\/#website","url":"https:\/\/www.meliconi.com\/pt-pt\/","name":"Meliconi","description":"Lo specialista dell&#039;accessorio","publisher":{"@id":"https:\/\/www.meliconi.com\/pt-pt\/#organization"},"potentialAction":[{"@type":"SearchAction","target":{"@type":"EntryPoint","urlTemplate":"https:\/\/www.meliconi.com\/pt-pt\/?s={search_term_string}"},"query-input":{"@type":"PropertyValueSpecification","valueRequired":true,"valueName":"search_term_string"}}],"inLanguage":"pt-PT"},{"@type":"Organization","@id":"https:\/\/www.meliconi.com\/pt-pt\/#organization","name":"Meliconi","url":"https:\/\/www.meliconi.com\/pt-pt\/","logo":{"@type":"ImageObject","inLanguage":"pt-PT","@id":"https:\/\/www.meliconi.com\/pt-pt\/#\/schema\/logo\/image\/","url":"https:\/\/www.meliconi.com\/wp-content\/uploads\/2021\/06\/logo-meliconi.png","contentUrl":"https:\/\/www.meliconi.com\/wp-content\/uploads\/2021\/06\/logo-meliconi.png","width":338,"height":102,"caption":"Meliconi"},"image":{"@id":"https:\/\/www.meliconi.com\/pt-pt\/#\/schema\/logo\/image\/"}}]}},"_links":{"self":[{"href":"https:\/\/www.meliconi.com\/pt-pt\/wp-json\/wp\/v2\/product\/67280","targetHints":{"allow":["GET"]}}],"collection":[{"href":"https:\/\/www.meliconi.com\/pt-pt\/wp-json\/wp\/v2\/product"}],"about":[{"href":"https:\/\/www.meliconi.com\/pt-pt\/wp-json\/wp\/v2\/types\/product"}],"wp:featuredmedia":[{"embeddable":true,"href":"https:\/\/www.meliconi.com\/pt-pt\/wp-json\/wp\/v2\/media\/67289"}],"wp:attachment":[{"href":"https:\/\/www.meliconi.com\/pt-pt\/wp-json\/wp\/v2\/media?parent=67280"}],"wp:term":[{"taxonomy":"product_cat","embeddable":true,"href":"https:\/\/www.meliconi.com\/pt-pt\/wp-json\/wp\/v2\/product_cat?post=67280"},{"taxonomy":"product_tag","embeddable":true,"href":"https:\/\/www.meliconi.com\/pt-pt\/wp-json\/wp\/v2\/product_tag?post=67280"}],"curies":[{"name":"wp","href":"https:\/\/api.w.org\/{rel}","templated":true}]}}