{"id":67189,"date":"2024-06-20T08:40:33","date_gmt":"2025-12-09T13:24:09","guid":{"rendered":"https:\/\/www.meliconi.com\/?post_type=product&#038;p=67189"},"modified":"2025-12-09T14:24:09","modified_gmt":"2025-12-09T13:24:09","slug":"400-duo-cg","status":"publish","type":"product","link":"https:\/\/www.meliconi.com\/pt-pt\/produto\/400-duo-cg\/","title":{"rendered":"400 DUO CG"},"content":{"rendered":"<p data-start=\"0\" data-end=\"64\"><strong data-start=\"0\" data-end=\"62\">Suporte de parede ultrafino para TV \u2013 Linha EXTRA Meliconi<\/strong><\/p>\n<p data-start=\"66\" data-end=\"506\">EXTRA \u00e9 a nova linha de suportes de parede ultrafinos para TV da Meliconi S.p.A., combinando tecnologia de ponta, materiais de \u00faltima gera\u00e7\u00e3o e design atraente. Todos os suportes incluem revestimento de borracha protetor, garantindo a seguran\u00e7a do seu televisor ao longo do tempo, mantendo um perfil m\u00ednimo (apenas 2 cm da parede) e total estabilidade. Todos os suportes EXTRA s\u00e3o <strong data-start=\"447\" data-end=\"469\">100% Made in Italy<\/strong> e v\u00eam com <strong data-start=\"480\" data-end=\"503\">garantia de 10 anos<\/strong>.<\/p>\n<p data-start=\"508\" data-end=\"718\"><strong data-start=\"508\" data-end=\"551\">Modelo 400 DUO \u2013 Inclin\u00e1vel e girat\u00f3rio<\/strong><br data-start=\"551\" data-end=\"554\" \/>Compat\u00edvel com TVs com fura\u00e7\u00e3o VESA 200-300-400 mm e 200-300-400&#215;200 mm, permitindo inclinar a tela <strong data-start=\"654\" data-end=\"684\">vertical e horizontalmente<\/strong>. Inclui dois pares de suportes:<\/p>\n<ul data-start=\"720\" data-end=\"899\">\n<li data-start=\"720\" data-end=\"828\">\n<p data-start=\"722\" data-end=\"828\"><strong data-start=\"722\" data-end=\"745\">VESA 200-300-400 mm<\/strong>: adequado para TVs modernas como QLED, Neo QLED, QNED, Nanocell, Mini-LED e LED.<\/p>\n<\/li>\n<li data-start=\"829\" data-end=\"899\">\n<p data-start=\"831\" data-end=\"899\"><strong data-start=\"831\" data-end=\"858\">VESA 200-300-400&#215;200 mm<\/strong>: adequado para TVs LG OLED e OLED Evo.<\/p>\n<\/li>\n<\/ul>\n<p data-start=\"901\" data-end=\"1017\">O exclusivo sistema de bloqueio inteligente <strong data-start=\"945\" data-end=\"958\">FASTBLOCK<\/strong> permite instalar a TV na parede em <strong data-start=\"994\" data-end=\"1014\">3 passos simples<\/strong>:<\/p>\n<ol data-start=\"1018\" data-end=\"1136\" data-is-last-node=\"\" data-is-only-node=\"\">\n<li data-start=\"1018\" data-end=\"1047\">\n<p data-start=\"1021\" data-end=\"1047\">Fixar a placa na parede.<\/p>\n<\/li>\n<li data-start=\"1048\" data-end=\"1099\">\n<p data-start=\"1051\" data-end=\"1099\">Parafusar os suportes na parte traseira da TV.<\/p>\n<\/li>\n<li data-start=\"1100\" data-end=\"1136\" data-is-last-node=\"\">\n<p data-start=\"1103\" data-end=\"1136\" data-is-last-node=\"\">Instalar a TV na placa de parede.<\/p>\n<\/li>\n<\/ol>\n","protected":false},"excerpt":{"rendered":"<p><strong>Suporte de parede para TV \u2013 Duplo bra\u00e7o com rota\u00e7\u00e3o<\/strong><\/p>\n<p>Suporte de parede com <strong>bra\u00e7o duplo<\/strong> que permite inclinar e girar a TV at\u00e9 90\u00b0, oferecendo m\u00e1xima flexibilidade de visualiza\u00e7\u00e3o. Compat\u00edvel com TVs com fura\u00e7\u00e3o <strong>VESA 200 \u2013 300 \u2013 400 mm<\/strong>. Ideal para criar o \u00e2ngulo de vis\u00e3o perfeito, mantendo os cabos organizados e escondidos.<\/p>\n","protected":false},"featured_media":67190,"template":"","meta":{"_acf_changed":false},"product_brand":[],"product_cat":[1710],"product_tag":[],"class_list":{"0":"post-67189","1":"product","2":"type-product","3":"status-publish","4":"has-post-thumbnail","6":"product_cat-cat-suportes-tv","7":"pa_movimento-supporto-tilted-pt-pt","9":"first","10":"instock","11":"taxable","12":"shipping-taxable","13":"purchasable","14":"product-type-simple"},"acf":[],"yoast_head":"<!-- This site is optimized with the Yoast SEO plugin v27.4 - https:\/\/yoast.com\/product\/yoast-seo-wordpress\/ -->\n<title>400 DUO CG - Meliconi<\/title>\n<meta name=\"robots\" content=\"index, follow, max-snippet:-1, max-image-preview:large, max-video-preview:-1\" \/>\n<link rel=\"canonical\" href=\"https:\/\/www.meliconi.com\/pt-pt\/produto\/400-duo-cg\/\" \/>\n<meta property=\"og:locale\" content=\"pt_PT\" \/>\n<meta property=\"og:type\" content=\"article\" \/>\n<meta property=\"og:title\" content=\"400 DUO CG - Meliconi\" \/>\n<meta property=\"og:description\" content=\"Suporte de parede para TV \u2013 Duplo bra\u00e7o com rota\u00e7\u00e3o  Suporte de parede com bra\u00e7o duplo que permite inclinar e girar a TV at\u00e9 90\u00b0, oferecendo m\u00e1xima flexibilidade de visualiza\u00e7\u00e3o. Compat\u00edvel com TVs com fura\u00e7\u00e3o VESA 200 \u2013 300 \u2013 400 mm. Ideal para criar o \u00e2ngulo de vis\u00e3o perfeito, mantendo os cabos organizados e escondidos.\" \/>\n<meta property=\"og:url\" content=\"https:\/\/www.meliconi.com\/pt-pt\/produto\/400-duo-cg\/\" \/>\n<meta property=\"og:site_name\" content=\"Meliconi\" \/>\n<meta property=\"og:image\" content=\"https:\/\/www.meliconi.com\/wp-content\/uploads\/2022\/09\/Extra-400-Duo-3-4-400x400-1-763x1024.png\" \/>\n\t<meta property=\"og:image:width\" content=\"763\" \/>\n\t<meta property=\"og:image:height\" content=\"1024\" \/>\n\t<meta property=\"og:image:type\" content=\"image\/png\" \/>\n<meta name=\"twitter:card\" content=\"summary_large_image\" \/>\n<meta name=\"twitter:label1\" content=\"Tempo estimado de leitura\" \/>\n\t<meta name=\"twitter:data1\" content=\"1 minuto\" \/>\n<script type=\"application\/ld+json\" class=\"yoast-schema-graph\">{\"@context\":\"https:\\\/\\\/schema.org\",\"@graph\":[{\"@type\":\"WebPage\",\"@id\":\"https:\\\/\\\/www.meliconi.com\\\/pt-pt\\\/produto\\\/400-duo-cg\\\/\",\"url\":\"https:\\\/\\\/www.meliconi.com\\\/pt-pt\\\/produto\\\/400-duo-cg\\\/\",\"name\":\"400 DUO CG - Meliconi\",\"isPartOf\":{\"@id\":\"https:\\\/\\\/www.meliconi.com\\\/pt-pt\\\/#website\"},\"primaryImageOfPage\":{\"@id\":\"https:\\\/\\\/www.meliconi.com\\\/pt-pt\\\/produto\\\/400-duo-cg\\\/#primaryimage\"},\"image\":{\"@id\":\"https:\\\/\\\/www.meliconi.com\\\/pt-pt\\\/produto\\\/400-duo-cg\\\/#primaryimage\"},\"thumbnailUrl\":\"https:\\\/\\\/www.meliconi.com\\\/wp-content\\\/uploads\\\/2022\\\/09\\\/Extra-400-Duo-3-4-400x400-1.png\",\"datePublished\":\"2025-12-09T13:24:09+00:00\",\"breadcrumb\":{\"@id\":\"https:\\\/\\\/www.meliconi.com\\\/pt-pt\\\/produto\\\/400-duo-cg\\\/#breadcrumb\"},\"inLanguage\":\"pt-PT\",\"potentialAction\":[{\"@type\":\"ReadAction\",\"target\":[\"https:\\\/\\\/www.meliconi.com\\\/pt-pt\\\/produto\\\/400-duo-cg\\\/\"]}]},{\"@type\":\"ImageObject\",\"inLanguage\":\"pt-PT\",\"@id\":\"https:\\\/\\\/www.meliconi.com\\\/pt-pt\\\/produto\\\/400-duo-cg\\\/#primaryimage\",\"url\":\"https:\\\/\\\/www.meliconi.com\\\/wp-content\\\/uploads\\\/2022\\\/09\\\/Extra-400-Duo-3-4-400x400-1.png\",\"contentUrl\":\"https:\\\/\\\/www.meliconi.com\\\/wp-content\\\/uploads\\\/2022\\\/09\\\/Extra-400-Duo-3-4-400x400-1.png\",\"width\":2632,\"height\":3533},{\"@type\":\"BreadcrumbList\",\"@id\":\"https:\\\/\\\/www.meliconi.com\\\/pt-pt\\\/produto\\\/400-duo-cg\\\/#breadcrumb\",\"itemListElement\":[{\"@type\":\"ListItem\",\"position\":1,\"name\":\"Home\",\"item\":\"https:\\\/\\\/www.meliconi.com\\\/pt-pt\\\/\"},{\"@type\":\"ListItem\",\"position\":2,\"name\":\"Shop\",\"item\":\"https:\\\/\\\/www.meliconi.com\\\/pt-pt\\\/shop-pt\\\/\"},{\"@type\":\"ListItem\",\"position\":3,\"name\":\"400 DUO CG\"}]},{\"@type\":\"WebSite\",\"@id\":\"https:\\\/\\\/www.meliconi.com\\\/pt-pt\\\/#website\",\"url\":\"https:\\\/\\\/www.meliconi.com\\\/pt-pt\\\/\",\"name\":\"Meliconi\",\"description\":\"Lo specialista dell&#039;accessorio\",\"publisher\":{\"@id\":\"https:\\\/\\\/www.meliconi.com\\\/pt-pt\\\/#organization\"},\"potentialAction\":[{\"@type\":\"SearchAction\",\"target\":{\"@type\":\"EntryPoint\",\"urlTemplate\":\"https:\\\/\\\/www.meliconi.com\\\/pt-pt\\\/?s={search_term_string}\"},\"query-input\":{\"@type\":\"PropertyValueSpecification\",\"valueRequired\":true,\"valueName\":\"search_term_string\"}}],\"inLanguage\":\"pt-PT\"},{\"@type\":\"Organization\",\"@id\":\"https:\\\/\\\/www.meliconi.com\\\/pt-pt\\\/#organization\",\"name\":\"Meliconi\",\"url\":\"https:\\\/\\\/www.meliconi.com\\\/pt-pt\\\/\",\"logo\":{\"@type\":\"ImageObject\",\"inLanguage\":\"pt-PT\",\"@id\":\"https:\\\/\\\/www.meliconi.com\\\/pt-pt\\\/#\\\/schema\\\/logo\\\/image\\\/\",\"url\":\"https:\\\/\\\/www.meliconi.com\\\/wp-content\\\/uploads\\\/2021\\\/06\\\/logo-meliconi.png\",\"contentUrl\":\"https:\\\/\\\/www.meliconi.com\\\/wp-content\\\/uploads\\\/2021\\\/06\\\/logo-meliconi.png\",\"width\":338,\"height\":102,\"caption\":\"Meliconi\"},\"image\":{\"@id\":\"https:\\\/\\\/www.meliconi.com\\\/pt-pt\\\/#\\\/schema\\\/logo\\\/image\\\/\"}}]}<\/script>\n<!-- \/ Yoast SEO plugin. -->","yoast_head_json":{"title":"400 DUO CG - Meliconi","robots":{"index":"index","follow":"follow","max-snippet":"max-snippet:-1","max-image-preview":"max-image-preview:large","max-video-preview":"max-video-preview:-1"},"canonical":"https:\/\/www.meliconi.com\/pt-pt\/produto\/400-duo-cg\/","og_locale":"pt_PT","og_type":"article","og_title":"400 DUO CG - Meliconi","og_description":"Suporte de parede para TV \u2013 Duplo bra\u00e7o com rota\u00e7\u00e3o  Suporte de parede com bra\u00e7o duplo que permite inclinar e girar a TV at\u00e9 90\u00b0, oferecendo m\u00e1xima flexibilidade de visualiza\u00e7\u00e3o. Compat\u00edvel com TVs com fura\u00e7\u00e3o VESA 200 \u2013 300 \u2013 400 mm. Ideal para criar o \u00e2ngulo de vis\u00e3o perfeito, mantendo os cabos organizados e escondidos.","og_url":"https:\/\/www.meliconi.com\/pt-pt\/produto\/400-duo-cg\/","og_site_name":"Meliconi","og_image":[{"width":763,"height":1024,"url":"https:\/\/www.meliconi.com\/wp-content\/uploads\/2022\/09\/Extra-400-Duo-3-4-400x400-1-763x1024.png","type":"image\/png"}],"twitter_card":"summary_large_image","twitter_misc":{"Tempo estimado de leitura":"1 minuto"},"schema":{"@context":"https:\/\/schema.org","@graph":[{"@type":"WebPage","@id":"https:\/\/www.meliconi.com\/pt-pt\/produto\/400-duo-cg\/","url":"https:\/\/www.meliconi.com\/pt-pt\/produto\/400-duo-cg\/","name":"400 DUO CG - Meliconi","isPartOf":{"@id":"https:\/\/www.meliconi.com\/pt-pt\/#website"},"primaryImageOfPage":{"@id":"https:\/\/www.meliconi.com\/pt-pt\/produto\/400-duo-cg\/#primaryimage"},"image":{"@id":"https:\/\/www.meliconi.com\/pt-pt\/produto\/400-duo-cg\/#primaryimage"},"thumbnailUrl":"https:\/\/www.meliconi.com\/wp-content\/uploads\/2022\/09\/Extra-400-Duo-3-4-400x400-1.png","datePublished":"2025-12-09T13:24:09+00:00","breadcrumb":{"@id":"https:\/\/www.meliconi.com\/pt-pt\/produto\/400-duo-cg\/#breadcrumb"},"inLanguage":"pt-PT","potentialAction":[{"@type":"ReadAction","target":["https:\/\/www.meliconi.com\/pt-pt\/produto\/400-duo-cg\/"]}]},{"@type":"ImageObject","inLanguage":"pt-PT","@id":"https:\/\/www.meliconi.com\/pt-pt\/produto\/400-duo-cg\/#primaryimage","url":"https:\/\/www.meliconi.com\/wp-content\/uploads\/2022\/09\/Extra-400-Duo-3-4-400x400-1.png","contentUrl":"https:\/\/www.meliconi.com\/wp-content\/uploads\/2022\/09\/Extra-400-Duo-3-4-400x400-1.png","width":2632,"height":3533},{"@type":"BreadcrumbList","@id":"https:\/\/www.meliconi.com\/pt-pt\/produto\/400-duo-cg\/#breadcrumb","itemListElement":[{"@type":"ListItem","position":1,"name":"Home","item":"https:\/\/www.meliconi.com\/pt-pt\/"},{"@type":"ListItem","position":2,"name":"Shop","item":"https:\/\/www.meliconi.com\/pt-pt\/shop-pt\/"},{"@type":"ListItem","position":3,"name":"400 DUO CG"}]},{"@type":"WebSite","@id":"https:\/\/www.meliconi.com\/pt-pt\/#website","url":"https:\/\/www.meliconi.com\/pt-pt\/","name":"Meliconi","description":"Lo specialista dell&#039;accessorio","publisher":{"@id":"https:\/\/www.meliconi.com\/pt-pt\/#organization"},"potentialAction":[{"@type":"SearchAction","target":{"@type":"EntryPoint","urlTemplate":"https:\/\/www.meliconi.com\/pt-pt\/?s={search_term_string}"},"query-input":{"@type":"PropertyValueSpecification","valueRequired":true,"valueName":"search_term_string"}}],"inLanguage":"pt-PT"},{"@type":"Organization","@id":"https:\/\/www.meliconi.com\/pt-pt\/#organization","name":"Meliconi","url":"https:\/\/www.meliconi.com\/pt-pt\/","logo":{"@type":"ImageObject","inLanguage":"pt-PT","@id":"https:\/\/www.meliconi.com\/pt-pt\/#\/schema\/logo\/image\/","url":"https:\/\/www.meliconi.com\/wp-content\/uploads\/2021\/06\/logo-meliconi.png","contentUrl":"https:\/\/www.meliconi.com\/wp-content\/uploads\/2021\/06\/logo-meliconi.png","width":338,"height":102,"caption":"Meliconi"},"image":{"@id":"https:\/\/www.meliconi.com\/pt-pt\/#\/schema\/logo\/image\/"}}]}},"_links":{"self":[{"href":"https:\/\/www.meliconi.com\/pt-pt\/wp-json\/wp\/v2\/product\/67189","targetHints":{"allow":["GET"]}}],"collection":[{"href":"https:\/\/www.meliconi.com\/pt-pt\/wp-json\/wp\/v2\/product"}],"about":[{"href":"https:\/\/www.meliconi.com\/pt-pt\/wp-json\/wp\/v2\/types\/product"}],"wp:featuredmedia":[{"embeddable":true,"href":"https:\/\/www.meliconi.com\/pt-pt\/wp-json\/wp\/v2\/media\/67190"}],"wp:attachment":[{"href":"https:\/\/www.meliconi.com\/pt-pt\/wp-json\/wp\/v2\/media?parent=67189"}],"wp:term":[{"taxonomy":"product_brand","embeddable":true,"href":"https:\/\/www.meliconi.com\/pt-pt\/wp-json\/wp\/v2\/product_brand?post=67189"},{"taxonomy":"product_cat","embeddable":true,"href":"https:\/\/www.meliconi.com\/pt-pt\/wp-json\/wp\/v2\/product_cat?post=67189"},{"taxonomy":"product_tag","embeddable":true,"href":"https:\/\/www.meliconi.com\/pt-pt\/wp-json\/wp\/v2\/product_tag?post=67189"}],"curies":[{"name":"wp","href":"https:\/\/api.w.org\/{rel}","templated":true}]}}