{"id":67151,"date":"2024-10-18T09:32:21","date_gmt":"2025-12-09T13:21:09","guid":{"rendered":"https:\/\/www.meliconi.com\/?post_type=product&#038;p=67151"},"modified":"2025-12-09T14:21:09","modified_gmt":"2025-12-09T13:21:09","slug":"eco-spray-pure-air","status":"publish","type":"product","link":"https:\/\/www.meliconi.com\/pt-pt\/produto\/eco-spray-pure-air\/","title":{"rendered":"Eco Spray Pure Air"},"content":{"rendered":"<p data-start=\"0\" data-end=\"59\"><strong data-start=\"0\" data-end=\"57\">Detergente espec\u00edfico para limpeza de ar-condicionado<\/strong><\/p>\n<p data-start=\"61\" data-end=\"449\">O novo <strong data-start=\"68\" data-end=\"90\">Eco Spray Pure Air<\/strong>, gra\u00e7as \u00e0 sua f\u00f3rmula com <strong data-start=\"117\" data-end=\"145\">etanol de origem vegetal<\/strong>, <strong data-start=\"147\" data-end=\"158\">SEM OGM<\/strong> e sem componentes \u00e0 base de f\u00f3sforo ou EDTA, elimina poeira e res\u00edduos, proporcionando um <strong data-start=\"249\" data-end=\"266\">ar mais limpo<\/strong> e respeitando o meio ambiente.<br data-start=\"297\" data-end=\"300\" \/>Limpa filtros e unidades internas (splits) <strong data-start=\"343\" data-end=\"373\">sem necessidade de enxaguar<\/strong>, podendo tamb\u00e9m ser usado em <strong data-start=\"403\" data-end=\"422\">bombas de calor<\/strong> e <strong data-start=\"425\" data-end=\"446\">desumidificadores<\/strong>.<\/p>\n<p data-start=\"451\" data-end=\"475\"><strong data-start=\"451\" data-end=\"473\">Instru\u00e7\u00f5es de uso:<\/strong><\/p>\n<ol data-start=\"476\" data-end=\"836\" data-is-last-node=\"\" data-is-only-node=\"\">\n<li data-start=\"476\" data-end=\"501\">\n<p data-start=\"479\" data-end=\"501\">Desligar o aparelho.<\/p>\n<\/li>\n<li data-start=\"502\" data-end=\"588\">\n<p data-start=\"505\" data-end=\"588\">Pulverizar o produto sobre a parte do split e sobre os filtros que deseja limpar.<\/p>\n<\/li>\n<li data-start=\"589\" data-end=\"630\">\n<p data-start=\"592\" data-end=\"630\">Deixar atuar durante alguns minutos.<\/p>\n<\/li>\n<li data-start=\"631\" data-end=\"676\">\n<p data-start=\"634\" data-end=\"676\">Remover a sujidade com um pano ou papel.<\/p>\n<\/li>\n<li data-start=\"677\" data-end=\"766\">\n<p data-start=\"680\" data-end=\"766\">Em caso de sujidade persistente, repetir o tratamento e deixar atuar por mais tempo.<\/p>\n<\/li>\n<li data-start=\"767\" data-end=\"836\" data-is-last-node=\"\">\n<p data-start=\"770\" data-end=\"836\" data-is-last-node=\"\">Consultar o manual de instru\u00e7\u00f5es do fabricante do eletrodom\u00e9stico.<\/p>\n<\/li>\n<\/ol>\n","protected":false},"excerpt":{"rendered":"<p data-start=\"0\" data-end=\"12\"><strong data-start=\"0\" data-end=\"10\">500 ml<\/strong><\/p>\n<ul data-start=\"14\" data-end=\"290\" data-is-last-node=\"\" data-is-only-node=\"\">\n<li data-start=\"14\" data-end=\"130\">\n<p data-start=\"16\" data-end=\"130\"><strong data-start=\"16\" data-end=\"30\">Universal:<\/strong> pode ser usado em <strong data-start=\"49\" data-end=\"109\" data-is-only-node=\"\">aires condicionados, bombas de calor e desumidificadores<\/strong> de todas as marcas<\/p>\n<\/li>\n<li data-start=\"131\" data-end=\"186\">\n<p data-start=\"133\" data-end=\"186\"><strong data-start=\"133\" data-end=\"146\">Ar limpo:<\/strong> refresca e higieniza o ar da sua casa<\/p>\n<\/li>\n<li data-start=\"187\" data-end=\"232\">\n<p data-start=\"189\" data-end=\"232\"><strong data-start=\"189\" data-end=\"201\">Perfume:<\/strong> fresco, delicado e duradouro<\/p>\n<\/li>\n<li data-start=\"233\" data-end=\"290\" data-is-last-node=\"\">\n<p data-start=\"235\" data-end=\"290\" data-is-last-node=\"\"><strong data-start=\"235\" data-end=\"253\">Made in Italy:<\/strong> produto fabricado <strong data-start=\"272\" data-end=\"290\" data-is-last-node=\"\" data-is-only-node=\"\">100% em It\u00e1lia<\/strong><\/p>\n<\/li>\n<\/ul>\n","protected":false},"featured_media":67156,"template":"","meta":{"_acf_changed":false},"product_brand":[],"product_cat":[1699],"product_tag":[],"class_list":{"0":"post-67151","1":"product","2":"type-product","3":"status-publish","4":"has-post-thumbnail","6":"product_cat-linha-green-pt-pt","8":"first","9":"instock","10":"taxable","11":"shipping-taxable","12":"purchasable","13":"product-type-simple"},"acf":[],"yoast_head":"<!-- This site is optimized with the Yoast SEO plugin v27.4 - https:\/\/yoast.com\/product\/yoast-seo-wordpress\/ -->\n<title>Eco Spray Pure Air - Meliconi<\/title>\n<meta name=\"robots\" content=\"index, follow, max-snippet:-1, max-image-preview:large, max-video-preview:-1\" \/>\n<link rel=\"canonical\" href=\"https:\/\/www.meliconi.com\/pt-pt\/produto\/eco-spray-pure-air\/\" \/>\n<meta property=\"og:locale\" content=\"pt_PT\" \/>\n<meta property=\"og:type\" content=\"article\" \/>\n<meta property=\"og:title\" content=\"Eco Spray Pure Air - Meliconi\" \/>\n<meta property=\"og:description\" content=\"500 ml     Universal: pode ser usado em aires condicionados, bombas de calor e desumidificadores de todas as marcas    Ar limpo: refresca e higieniza o ar da sua casa    Perfume: fresco, delicado e duradouro    Made in Italy: produto fabricado 100% em It\u00e1lia\" \/>\n<meta property=\"og:url\" content=\"https:\/\/www.meliconi.com\/pt-pt\/produto\/eco-spray-pure-air\/\" \/>\n<meta property=\"og:site_name\" content=\"Meliconi\" \/>\n<meta property=\"og:image\" content=\"https:\/\/www.meliconi.com\/wp-content\/uploads\/2024\/10\/621028_ECO_SPRAY_PURE_AIR_5-scaled.jpg\" \/>\n\t<meta property=\"og:image:width\" content=\"1321\" \/>\n\t<meta property=\"og:image:height\" content=\"2560\" \/>\n\t<meta property=\"og:image:type\" content=\"image\/jpeg\" \/>\n<meta name=\"twitter:card\" content=\"summary_large_image\" \/>\n<meta name=\"twitter:label1\" content=\"Tempo estimado de leitura\" \/>\n\t<meta name=\"twitter:data1\" content=\"1 minuto\" \/>\n<script type=\"application\/ld+json\" class=\"yoast-schema-graph\">{\"@context\":\"https:\\\/\\\/schema.org\",\"@graph\":[{\"@type\":\"WebPage\",\"@id\":\"https:\\\/\\\/www.meliconi.com\\\/pt-pt\\\/produto\\\/eco-spray-pure-air\\\/\",\"url\":\"https:\\\/\\\/www.meliconi.com\\\/pt-pt\\\/produto\\\/eco-spray-pure-air\\\/\",\"name\":\"Eco Spray Pure Air - Meliconi\",\"isPartOf\":{\"@id\":\"https:\\\/\\\/www.meliconi.com\\\/pt-pt\\\/#website\"},\"primaryImageOfPage\":{\"@id\":\"https:\\\/\\\/www.meliconi.com\\\/pt-pt\\\/produto\\\/eco-spray-pure-air\\\/#primaryimage\"},\"image\":{\"@id\":\"https:\\\/\\\/www.meliconi.com\\\/pt-pt\\\/produto\\\/eco-spray-pure-air\\\/#primaryimage\"},\"thumbnailUrl\":\"https:\\\/\\\/www.meliconi.com\\\/wp-content\\\/uploads\\\/2024\\\/10\\\/621028_ECO_SPRAY_PURE_AIR_5-scaled.jpg\",\"datePublished\":\"2025-12-09T13:21:09+00:00\",\"breadcrumb\":{\"@id\":\"https:\\\/\\\/www.meliconi.com\\\/pt-pt\\\/produto\\\/eco-spray-pure-air\\\/#breadcrumb\"},\"inLanguage\":\"pt-PT\",\"potentialAction\":[{\"@type\":\"ReadAction\",\"target\":[\"https:\\\/\\\/www.meliconi.com\\\/pt-pt\\\/produto\\\/eco-spray-pure-air\\\/\"]}]},{\"@type\":\"ImageObject\",\"inLanguage\":\"pt-PT\",\"@id\":\"https:\\\/\\\/www.meliconi.com\\\/pt-pt\\\/produto\\\/eco-spray-pure-air\\\/#primaryimage\",\"url\":\"https:\\\/\\\/www.meliconi.com\\\/wp-content\\\/uploads\\\/2024\\\/10\\\/621028_ECO_SPRAY_PURE_AIR_5-scaled.jpg\",\"contentUrl\":\"https:\\\/\\\/www.meliconi.com\\\/wp-content\\\/uploads\\\/2024\\\/10\\\/621028_ECO_SPRAY_PURE_AIR_5-scaled.jpg\",\"width\":1321,\"height\":2560},{\"@type\":\"BreadcrumbList\",\"@id\":\"https:\\\/\\\/www.meliconi.com\\\/pt-pt\\\/produto\\\/eco-spray-pure-air\\\/#breadcrumb\",\"itemListElement\":[{\"@type\":\"ListItem\",\"position\":1,\"name\":\"Home\",\"item\":\"https:\\\/\\\/www.meliconi.com\\\/pt-pt\\\/\"},{\"@type\":\"ListItem\",\"position\":2,\"name\":\"Shop\",\"item\":\"https:\\\/\\\/www.meliconi.com\\\/pt-pt\\\/shop-pt\\\/\"},{\"@type\":\"ListItem\",\"position\":3,\"name\":\"Eco Spray Pure Air\"}]},{\"@type\":\"WebSite\",\"@id\":\"https:\\\/\\\/www.meliconi.com\\\/pt-pt\\\/#website\",\"url\":\"https:\\\/\\\/www.meliconi.com\\\/pt-pt\\\/\",\"name\":\"Meliconi\",\"description\":\"Lo specialista dell&#039;accessorio\",\"publisher\":{\"@id\":\"https:\\\/\\\/www.meliconi.com\\\/pt-pt\\\/#organization\"},\"potentialAction\":[{\"@type\":\"SearchAction\",\"target\":{\"@type\":\"EntryPoint\",\"urlTemplate\":\"https:\\\/\\\/www.meliconi.com\\\/pt-pt\\\/?s={search_term_string}\"},\"query-input\":{\"@type\":\"PropertyValueSpecification\",\"valueRequired\":true,\"valueName\":\"search_term_string\"}}],\"inLanguage\":\"pt-PT\"},{\"@type\":\"Organization\",\"@id\":\"https:\\\/\\\/www.meliconi.com\\\/pt-pt\\\/#organization\",\"name\":\"Meliconi\",\"url\":\"https:\\\/\\\/www.meliconi.com\\\/pt-pt\\\/\",\"logo\":{\"@type\":\"ImageObject\",\"inLanguage\":\"pt-PT\",\"@id\":\"https:\\\/\\\/www.meliconi.com\\\/pt-pt\\\/#\\\/schema\\\/logo\\\/image\\\/\",\"url\":\"https:\\\/\\\/www.meliconi.com\\\/wp-content\\\/uploads\\\/2021\\\/06\\\/logo-meliconi.png\",\"contentUrl\":\"https:\\\/\\\/www.meliconi.com\\\/wp-content\\\/uploads\\\/2021\\\/06\\\/logo-meliconi.png\",\"width\":338,\"height\":102,\"caption\":\"Meliconi\"},\"image\":{\"@id\":\"https:\\\/\\\/www.meliconi.com\\\/pt-pt\\\/#\\\/schema\\\/logo\\\/image\\\/\"}}]}<\/script>\n<!-- \/ Yoast SEO plugin. -->","yoast_head_json":{"title":"Eco Spray Pure Air - Meliconi","robots":{"index":"index","follow":"follow","max-snippet":"max-snippet:-1","max-image-preview":"max-image-preview:large","max-video-preview":"max-video-preview:-1"},"canonical":"https:\/\/www.meliconi.com\/pt-pt\/produto\/eco-spray-pure-air\/","og_locale":"pt_PT","og_type":"article","og_title":"Eco Spray Pure Air - Meliconi","og_description":"500 ml     Universal: pode ser usado em aires condicionados, bombas de calor e desumidificadores de todas as marcas    Ar limpo: refresca e higieniza o ar da sua casa    Perfume: fresco, delicado e duradouro    Made in Italy: produto fabricado 100% em It\u00e1lia","og_url":"https:\/\/www.meliconi.com\/pt-pt\/produto\/eco-spray-pure-air\/","og_site_name":"Meliconi","og_image":[{"width":1321,"height":2560,"url":"https:\/\/www.meliconi.com\/wp-content\/uploads\/2024\/10\/621028_ECO_SPRAY_PURE_AIR_5-scaled.jpg","type":"image\/jpeg"}],"twitter_card":"summary_large_image","twitter_misc":{"Tempo estimado de leitura":"1 minuto"},"schema":{"@context":"https:\/\/schema.org","@graph":[{"@type":"WebPage","@id":"https:\/\/www.meliconi.com\/pt-pt\/produto\/eco-spray-pure-air\/","url":"https:\/\/www.meliconi.com\/pt-pt\/produto\/eco-spray-pure-air\/","name":"Eco Spray Pure Air - Meliconi","isPartOf":{"@id":"https:\/\/www.meliconi.com\/pt-pt\/#website"},"primaryImageOfPage":{"@id":"https:\/\/www.meliconi.com\/pt-pt\/produto\/eco-spray-pure-air\/#primaryimage"},"image":{"@id":"https:\/\/www.meliconi.com\/pt-pt\/produto\/eco-spray-pure-air\/#primaryimage"},"thumbnailUrl":"https:\/\/www.meliconi.com\/wp-content\/uploads\/2024\/10\/621028_ECO_SPRAY_PURE_AIR_5-scaled.jpg","datePublished":"2025-12-09T13:21:09+00:00","breadcrumb":{"@id":"https:\/\/www.meliconi.com\/pt-pt\/produto\/eco-spray-pure-air\/#breadcrumb"},"inLanguage":"pt-PT","potentialAction":[{"@type":"ReadAction","target":["https:\/\/www.meliconi.com\/pt-pt\/produto\/eco-spray-pure-air\/"]}]},{"@type":"ImageObject","inLanguage":"pt-PT","@id":"https:\/\/www.meliconi.com\/pt-pt\/produto\/eco-spray-pure-air\/#primaryimage","url":"https:\/\/www.meliconi.com\/wp-content\/uploads\/2024\/10\/621028_ECO_SPRAY_PURE_AIR_5-scaled.jpg","contentUrl":"https:\/\/www.meliconi.com\/wp-content\/uploads\/2024\/10\/621028_ECO_SPRAY_PURE_AIR_5-scaled.jpg","width":1321,"height":2560},{"@type":"BreadcrumbList","@id":"https:\/\/www.meliconi.com\/pt-pt\/produto\/eco-spray-pure-air\/#breadcrumb","itemListElement":[{"@type":"ListItem","position":1,"name":"Home","item":"https:\/\/www.meliconi.com\/pt-pt\/"},{"@type":"ListItem","position":2,"name":"Shop","item":"https:\/\/www.meliconi.com\/pt-pt\/shop-pt\/"},{"@type":"ListItem","position":3,"name":"Eco Spray Pure Air"}]},{"@type":"WebSite","@id":"https:\/\/www.meliconi.com\/pt-pt\/#website","url":"https:\/\/www.meliconi.com\/pt-pt\/","name":"Meliconi","description":"Lo specialista dell&#039;accessorio","publisher":{"@id":"https:\/\/www.meliconi.com\/pt-pt\/#organization"},"potentialAction":[{"@type":"SearchAction","target":{"@type":"EntryPoint","urlTemplate":"https:\/\/www.meliconi.com\/pt-pt\/?s={search_term_string}"},"query-input":{"@type":"PropertyValueSpecification","valueRequired":true,"valueName":"search_term_string"}}],"inLanguage":"pt-PT"},{"@type":"Organization","@id":"https:\/\/www.meliconi.com\/pt-pt\/#organization","name":"Meliconi","url":"https:\/\/www.meliconi.com\/pt-pt\/","logo":{"@type":"ImageObject","inLanguage":"pt-PT","@id":"https:\/\/www.meliconi.com\/pt-pt\/#\/schema\/logo\/image\/","url":"https:\/\/www.meliconi.com\/wp-content\/uploads\/2021\/06\/logo-meliconi.png","contentUrl":"https:\/\/www.meliconi.com\/wp-content\/uploads\/2021\/06\/logo-meliconi.png","width":338,"height":102,"caption":"Meliconi"},"image":{"@id":"https:\/\/www.meliconi.com\/pt-pt\/#\/schema\/logo\/image\/"}}]}},"_links":{"self":[{"href":"https:\/\/www.meliconi.com\/pt-pt\/wp-json\/wp\/v2\/product\/67151","targetHints":{"allow":["GET"]}}],"collection":[{"href":"https:\/\/www.meliconi.com\/pt-pt\/wp-json\/wp\/v2\/product"}],"about":[{"href":"https:\/\/www.meliconi.com\/pt-pt\/wp-json\/wp\/v2\/types\/product"}],"wp:featuredmedia":[{"embeddable":true,"href":"https:\/\/www.meliconi.com\/pt-pt\/wp-json\/wp\/v2\/media\/67156"}],"wp:attachment":[{"href":"https:\/\/www.meliconi.com\/pt-pt\/wp-json\/wp\/v2\/media?parent=67151"}],"wp:term":[{"taxonomy":"product_brand","embeddable":true,"href":"https:\/\/www.meliconi.com\/pt-pt\/wp-json\/wp\/v2\/product_brand?post=67151"},{"taxonomy":"product_cat","embeddable":true,"href":"https:\/\/www.meliconi.com\/pt-pt\/wp-json\/wp\/v2\/product_cat?post=67151"},{"taxonomy":"product_tag","embeddable":true,"href":"https:\/\/www.meliconi.com\/pt-pt\/wp-json\/wp\/v2\/product_tag?post=67151"}],"curies":[{"name":"wp","href":"https:\/\/api.w.org\/{rel}","templated":true}]}}