{"id":67121,"date":"2021-06-25T15:57:34","date_gmt":"2025-12-09T13:03:49","guid":{"rendered":"https:\/\/www.meliconi.com\/?post_type=product&#038;p=67121"},"modified":"2025-12-09T14:03:50","modified_gmt":"2025-12-09T13:03:50","slug":"ad-professional-r1-usb","status":"publish","type":"product","link":"https:\/\/www.meliconi.com\/pt-pt\/produto\/ad-professional-r1-usb\/","title":{"rendered":"AD Professional R1 USB"},"content":{"rendered":"<ul>\n<li data-start=\"0\" data-end=\"196\">\n<p data-start=\"2\" data-end=\"196\"><strong data-start=\"2\" data-end=\"30\" data-is-only-node=\"\">Preparada para o futuro:<\/strong> a antena, compat\u00edvel com sinais digitais terrestres DVB-T, est\u00e1 equipada com filtros contra interfer\u00eancias 4G e 5G, e j\u00e1 preparada para receber sinais DVB-T2 HEVC.<\/p>\n<\/li>\n<li data-start=\"197\" data-end=\"299\">\n<p data-start=\"199\" data-end=\"299\"><strong data-start=\"199\" data-end=\"221\" data-is-only-node=\"\">Alcance da antena:<\/strong> ideal para receber sinais de repetidores situados a at\u00e9 20 km de dist\u00e2ncia.<\/p>\n<\/li>\n<li data-start=\"300\" data-end=\"429\">\n<p data-start=\"302\" data-end=\"429\"><strong data-start=\"302\" data-end=\"332\" data-is-only-node=\"\">Qualidade do amplificador:<\/strong> circuito de amplifica\u00e7\u00e3o interno de <strong data-start=\"369\" data-end=\"401\">ganho fixo de alta qualidade<\/strong> (figura de ru\u00eddo = 1 dB).<\/p>\n<\/li>\n<li data-start=\"430\" data-end=\"531\">\n<p data-start=\"432\" data-end=\"531\"><strong data-start=\"432\" data-end=\"447\" data-is-only-node=\"\">Orient\u00e1vel:<\/strong> pode ser ajustada horizontal e verticalmente para uma <strong data-start=\"502\" data-end=\"528\">rece\u00e7\u00e3o \u00f3tima do sinal<\/strong>.<\/p>\n<\/li>\n<li data-start=\"532\" data-end=\"714\">\n<p data-start=\"534\" data-end=\"714\"><strong data-start=\"534\" data-end=\"550\" data-is-only-node=\"\">Alimenta\u00e7\u00e3o:<\/strong> 5V atrav\u00e9s de <strong data-start=\"565\" data-end=\"586\">cabo USB inclu\u00eddo<\/strong> (deve ser conectado \u00e0 entrada USB da TV ou do descodificador). Tamb\u00e9m pode ser usada em f\u00e9rias (autocaravana, camper, barco).<\/p>\n<\/li>\n<li data-start=\"715\" data-end=\"846\" data-is-last-node=\"\">\n<p data-start=\"717\" data-end=\"846\" data-is-last-node=\"\"><strong data-start=\"717\" data-end=\"737\" data-is-only-node=\"\">Compatibilidade:<\/strong> sinais DVB-T, DVB-T HD, DVB-T2 HEVC, R\u00e1dio DAB+.<\/p>\n<\/li>\n<li data-start=\"715\" data-end=\"846\" data-is-last-node=\"\">\n<p data-start=\"717\" data-end=\"846\" data-is-last-node=\"\"><strong data-start=\"787\" data-end=\"808\">Faixa de rece\u00e7\u00e3o:<\/strong> VHF + UHF (174~230 MHz, 470~694 MHz).<\/p>\n<\/li>\n<\/ul>\n","protected":false},"excerpt":{"rendered":"<article class=\"text-token-text-primary w-full focus:outline-none scroll-mt-[calc(var(--header-height)+min(200px,max(70px,20svh)))]\" dir=\"auto\" data-turn-id=\"request-WEB:b49f3bb3-fefe-4e25-a848-b8dbc54125b5-81\" data-testid=\"conversation-turn-164\" data-scroll-anchor=\"true\" data-turn=\"assistant\">\n<div class=\"text-base my-auto mx-auto pb-10 [--thread-content-margin:--spacing(4)] thread-sm:[--thread-content-margin:--spacing(6)] thread-lg:[--thread-content-margin:--spacing(16)] px-(--thread-content-margin)\">\n<div class=\"[--thread-content-max-width:40rem] thread-lg:[--thread-content-max-width:48rem] mx-auto max-w-(--thread-content-max-width) flex-1 group\/turn-messages focus-visible:outline-hidden relative flex w-full min-w-0 flex-col agent-turn\">\n<div class=\"flex max-w-full flex-col grow\">\n<div class=\"min-h-8 text-message relative flex w-full flex-col items-end gap-2 text-start break-words whitespace-normal [.text-message+&amp;]:mt-5\" dir=\"auto\" data-message-author-role=\"assistant\" data-message-id=\"4a41d1e3-0a5a-441f-ac60-1bf3aa819a10\" data-message-model-slug=\"gpt-5-mini\">\n<div class=\"flex w-full flex-col gap-1 empty:hidden first:pt-[1px]\">\n<div class=\"markdown prose dark:prose-invert w-full break-words light markdown-new-styling\">\n<p data-start=\"0\" data-end=\"88\" data-is-last-node=\"\" data-is-only-node=\"\">Antena de TV de <strong data-start=\"16\" data-end=\"28\">interior<\/strong>, <strong data-start=\"30\" data-end=\"58\">preparada para 5G\/DVB-T2<\/strong>, com <strong data-start=\"64\" data-end=\"87\">alimenta\u00e7\u00e3o via USB<\/strong>.<\/p>\n<\/div>\n<\/div>\n<\/div>\n<\/div>\n<div class=\"z-0 flex min-h-[46px] justify-start\"><\/div>\n<div class=\"mt-3 w-full empty:hidden\">\n<div class=\"text-center\"><\/div>\n<\/div>\n<\/div>\n<\/div>\n<\/article>\n<div class=\"pointer-events-none h-px w-px\" aria-hidden=\"true\" data-edge=\"true\"><\/div>\n","protected":false},"featured_media":67122,"template":"","meta":{"_acf_changed":false},"product_brand":[],"product_cat":[1702],"product_tag":[],"class_list":{"0":"post-67121","1":"product","2":"type-product","3":"status-publish","4":"has-post-thumbnail","6":"product_cat-antenas-e-amplificadores-tv","8":"first","9":"instock","10":"taxable","11":"shipping-taxable","12":"purchasable","13":"product-type-simple"},"acf":[],"yoast_head":"<!-- This site is optimized with the Yoast SEO plugin v27.4 - https:\/\/yoast.com\/product\/yoast-seo-wordpress\/ -->\n<title>AD Professional R1 USB - Meliconi<\/title>\n<meta name=\"robots\" content=\"index, follow, max-snippet:-1, max-image-preview:large, max-video-preview:-1\" \/>\n<link rel=\"canonical\" href=\"https:\/\/www.meliconi.com\/pt-pt\/produto\/ad-professional-r1-usb\/\" \/>\n<meta property=\"og:locale\" content=\"pt_PT\" \/>\n<meta property=\"og:type\" content=\"article\" \/>\n<meta property=\"og:title\" content=\"AD Professional R1 USB - Meliconi\" \/>\n<meta property=\"og:description\" content=\"Antena de TV de interior, preparada para 5G\/DVB-T2, com alimenta\u00e7\u00e3o via USB.\" \/>\n<meta property=\"og:url\" content=\"https:\/\/www.meliconi.com\/pt-pt\/produto\/ad-professional-r1-usb\/\" \/>\n<meta property=\"og:site_name\" content=\"Meliconi\" \/>\n<meta property=\"article:modified_time\" content=\"2025-12-09T13:03:50+00:00\" \/>\n<meta property=\"og:image\" content=\"https:\/\/www.meliconi.com\/wp-content\/uploads\/2021\/06\/881031-AD-Professional-R1-USB.jpg\" \/>\n\t<meta property=\"og:image:width\" content=\"1368\" \/>\n\t<meta property=\"og:image:height\" content=\"2442\" \/>\n\t<meta property=\"og:image:type\" content=\"image\/jpeg\" \/>\n<meta name=\"twitter:card\" content=\"summary_large_image\" \/>\n<meta name=\"twitter:label1\" content=\"Tempo estimado de leitura\" \/>\n\t<meta name=\"twitter:data1\" content=\"1 minuto\" \/>\n<script type=\"application\/ld+json\" class=\"yoast-schema-graph\">{\"@context\":\"https:\\\/\\\/schema.org\",\"@graph\":[{\"@type\":\"WebPage\",\"@id\":\"https:\\\/\\\/www.meliconi.com\\\/pt-pt\\\/produto\\\/ad-professional-r1-usb\\\/\",\"url\":\"https:\\\/\\\/www.meliconi.com\\\/pt-pt\\\/produto\\\/ad-professional-r1-usb\\\/\",\"name\":\"AD Professional R1 USB - Meliconi\",\"isPartOf\":{\"@id\":\"https:\\\/\\\/www.meliconi.com\\\/pt-pt\\\/#website\"},\"primaryImageOfPage\":{\"@id\":\"https:\\\/\\\/www.meliconi.com\\\/pt-pt\\\/produto\\\/ad-professional-r1-usb\\\/#primaryimage\"},\"image\":{\"@id\":\"https:\\\/\\\/www.meliconi.com\\\/pt-pt\\\/produto\\\/ad-professional-r1-usb\\\/#primaryimage\"},\"thumbnailUrl\":\"https:\\\/\\\/www.meliconi.com\\\/wp-content\\\/uploads\\\/2021\\\/06\\\/881031-AD-Professional-R1-USB.jpg\",\"datePublished\":\"2025-12-09T13:03:49+00:00\",\"dateModified\":\"2025-12-09T13:03:50+00:00\",\"breadcrumb\":{\"@id\":\"https:\\\/\\\/www.meliconi.com\\\/pt-pt\\\/produto\\\/ad-professional-r1-usb\\\/#breadcrumb\"},\"inLanguage\":\"pt-PT\",\"potentialAction\":[{\"@type\":\"ReadAction\",\"target\":[\"https:\\\/\\\/www.meliconi.com\\\/pt-pt\\\/produto\\\/ad-professional-r1-usb\\\/\"]}]},{\"@type\":\"ImageObject\",\"inLanguage\":\"pt-PT\",\"@id\":\"https:\\\/\\\/www.meliconi.com\\\/pt-pt\\\/produto\\\/ad-professional-r1-usb\\\/#primaryimage\",\"url\":\"https:\\\/\\\/www.meliconi.com\\\/wp-content\\\/uploads\\\/2021\\\/06\\\/881031-AD-Professional-R1-USB.jpg\",\"contentUrl\":\"https:\\\/\\\/www.meliconi.com\\\/wp-content\\\/uploads\\\/2021\\\/06\\\/881031-AD-Professional-R1-USB.jpg\",\"width\":1368,\"height\":2442},{\"@type\":\"BreadcrumbList\",\"@id\":\"https:\\\/\\\/www.meliconi.com\\\/pt-pt\\\/produto\\\/ad-professional-r1-usb\\\/#breadcrumb\",\"itemListElement\":[{\"@type\":\"ListItem\",\"position\":1,\"name\":\"Home\",\"item\":\"https:\\\/\\\/www.meliconi.com\\\/pt-pt\\\/\"},{\"@type\":\"ListItem\",\"position\":2,\"name\":\"Shop\",\"item\":\"https:\\\/\\\/www.meliconi.com\\\/pt-pt\\\/shop-pt\\\/\"},{\"@type\":\"ListItem\",\"position\":3,\"name\":\"AD Professional R1 USB\"}]},{\"@type\":\"WebSite\",\"@id\":\"https:\\\/\\\/www.meliconi.com\\\/pt-pt\\\/#website\",\"url\":\"https:\\\/\\\/www.meliconi.com\\\/pt-pt\\\/\",\"name\":\"Meliconi\",\"description\":\"Lo specialista dell&#039;accessorio\",\"publisher\":{\"@id\":\"https:\\\/\\\/www.meliconi.com\\\/pt-pt\\\/#organization\"},\"potentialAction\":[{\"@type\":\"SearchAction\",\"target\":{\"@type\":\"EntryPoint\",\"urlTemplate\":\"https:\\\/\\\/www.meliconi.com\\\/pt-pt\\\/?s={search_term_string}\"},\"query-input\":{\"@type\":\"PropertyValueSpecification\",\"valueRequired\":true,\"valueName\":\"search_term_string\"}}],\"inLanguage\":\"pt-PT\"},{\"@type\":\"Organization\",\"@id\":\"https:\\\/\\\/www.meliconi.com\\\/pt-pt\\\/#organization\",\"name\":\"Meliconi\",\"url\":\"https:\\\/\\\/www.meliconi.com\\\/pt-pt\\\/\",\"logo\":{\"@type\":\"ImageObject\",\"inLanguage\":\"pt-PT\",\"@id\":\"https:\\\/\\\/www.meliconi.com\\\/pt-pt\\\/#\\\/schema\\\/logo\\\/image\\\/\",\"url\":\"https:\\\/\\\/www.meliconi.com\\\/wp-content\\\/uploads\\\/2021\\\/06\\\/logo-meliconi.png\",\"contentUrl\":\"https:\\\/\\\/www.meliconi.com\\\/wp-content\\\/uploads\\\/2021\\\/06\\\/logo-meliconi.png\",\"width\":338,\"height\":102,\"caption\":\"Meliconi\"},\"image\":{\"@id\":\"https:\\\/\\\/www.meliconi.com\\\/pt-pt\\\/#\\\/schema\\\/logo\\\/image\\\/\"}}]}<\/script>\n<!-- \/ Yoast SEO plugin. -->","yoast_head_json":{"title":"AD Professional R1 USB - Meliconi","robots":{"index":"index","follow":"follow","max-snippet":"max-snippet:-1","max-image-preview":"max-image-preview:large","max-video-preview":"max-video-preview:-1"},"canonical":"https:\/\/www.meliconi.com\/pt-pt\/produto\/ad-professional-r1-usb\/","og_locale":"pt_PT","og_type":"article","og_title":"AD Professional R1 USB - Meliconi","og_description":"Antena de TV de interior, preparada para 5G\/DVB-T2, com alimenta\u00e7\u00e3o via USB.","og_url":"https:\/\/www.meliconi.com\/pt-pt\/produto\/ad-professional-r1-usb\/","og_site_name":"Meliconi","article_modified_time":"2025-12-09T13:03:50+00:00","og_image":[{"width":1368,"height":2442,"url":"https:\/\/www.meliconi.com\/wp-content\/uploads\/2021\/06\/881031-AD-Professional-R1-USB.jpg","type":"image\/jpeg"}],"twitter_card":"summary_large_image","twitter_misc":{"Tempo estimado de leitura":"1 minuto"},"schema":{"@context":"https:\/\/schema.org","@graph":[{"@type":"WebPage","@id":"https:\/\/www.meliconi.com\/pt-pt\/produto\/ad-professional-r1-usb\/","url":"https:\/\/www.meliconi.com\/pt-pt\/produto\/ad-professional-r1-usb\/","name":"AD Professional R1 USB - Meliconi","isPartOf":{"@id":"https:\/\/www.meliconi.com\/pt-pt\/#website"},"primaryImageOfPage":{"@id":"https:\/\/www.meliconi.com\/pt-pt\/produto\/ad-professional-r1-usb\/#primaryimage"},"image":{"@id":"https:\/\/www.meliconi.com\/pt-pt\/produto\/ad-professional-r1-usb\/#primaryimage"},"thumbnailUrl":"https:\/\/www.meliconi.com\/wp-content\/uploads\/2021\/06\/881031-AD-Professional-R1-USB.jpg","datePublished":"2025-12-09T13:03:49+00:00","dateModified":"2025-12-09T13:03:50+00:00","breadcrumb":{"@id":"https:\/\/www.meliconi.com\/pt-pt\/produto\/ad-professional-r1-usb\/#breadcrumb"},"inLanguage":"pt-PT","potentialAction":[{"@type":"ReadAction","target":["https:\/\/www.meliconi.com\/pt-pt\/produto\/ad-professional-r1-usb\/"]}]},{"@type":"ImageObject","inLanguage":"pt-PT","@id":"https:\/\/www.meliconi.com\/pt-pt\/produto\/ad-professional-r1-usb\/#primaryimage","url":"https:\/\/www.meliconi.com\/wp-content\/uploads\/2021\/06\/881031-AD-Professional-R1-USB.jpg","contentUrl":"https:\/\/www.meliconi.com\/wp-content\/uploads\/2021\/06\/881031-AD-Professional-R1-USB.jpg","width":1368,"height":2442},{"@type":"BreadcrumbList","@id":"https:\/\/www.meliconi.com\/pt-pt\/produto\/ad-professional-r1-usb\/#breadcrumb","itemListElement":[{"@type":"ListItem","position":1,"name":"Home","item":"https:\/\/www.meliconi.com\/pt-pt\/"},{"@type":"ListItem","position":2,"name":"Shop","item":"https:\/\/www.meliconi.com\/pt-pt\/shop-pt\/"},{"@type":"ListItem","position":3,"name":"AD Professional R1 USB"}]},{"@type":"WebSite","@id":"https:\/\/www.meliconi.com\/pt-pt\/#website","url":"https:\/\/www.meliconi.com\/pt-pt\/","name":"Meliconi","description":"Lo specialista dell&#039;accessorio","publisher":{"@id":"https:\/\/www.meliconi.com\/pt-pt\/#organization"},"potentialAction":[{"@type":"SearchAction","target":{"@type":"EntryPoint","urlTemplate":"https:\/\/www.meliconi.com\/pt-pt\/?s={search_term_string}"},"query-input":{"@type":"PropertyValueSpecification","valueRequired":true,"valueName":"search_term_string"}}],"inLanguage":"pt-PT"},{"@type":"Organization","@id":"https:\/\/www.meliconi.com\/pt-pt\/#organization","name":"Meliconi","url":"https:\/\/www.meliconi.com\/pt-pt\/","logo":{"@type":"ImageObject","inLanguage":"pt-PT","@id":"https:\/\/www.meliconi.com\/pt-pt\/#\/schema\/logo\/image\/","url":"https:\/\/www.meliconi.com\/wp-content\/uploads\/2021\/06\/logo-meliconi.png","contentUrl":"https:\/\/www.meliconi.com\/wp-content\/uploads\/2021\/06\/logo-meliconi.png","width":338,"height":102,"caption":"Meliconi"},"image":{"@id":"https:\/\/www.meliconi.com\/pt-pt\/#\/schema\/logo\/image\/"}}]}},"_links":{"self":[{"href":"https:\/\/www.meliconi.com\/pt-pt\/wp-json\/wp\/v2\/product\/67121","targetHints":{"allow":["GET"]}}],"collection":[{"href":"https:\/\/www.meliconi.com\/pt-pt\/wp-json\/wp\/v2\/product"}],"about":[{"href":"https:\/\/www.meliconi.com\/pt-pt\/wp-json\/wp\/v2\/types\/product"}],"wp:featuredmedia":[{"embeddable":true,"href":"https:\/\/www.meliconi.com\/pt-pt\/wp-json\/wp\/v2\/media\/67122"}],"wp:attachment":[{"href":"https:\/\/www.meliconi.com\/pt-pt\/wp-json\/wp\/v2\/media?parent=67121"}],"wp:term":[{"taxonomy":"product_brand","embeddable":true,"href":"https:\/\/www.meliconi.com\/pt-pt\/wp-json\/wp\/v2\/product_brand?post=67121"},{"taxonomy":"product_cat","embeddable":true,"href":"https:\/\/www.meliconi.com\/pt-pt\/wp-json\/wp\/v2\/product_cat?post=67121"},{"taxonomy":"product_tag","embeddable":true,"href":"https:\/\/www.meliconi.com\/pt-pt\/wp-json\/wp\/v2\/product_tag?post=67121"}],"curies":[{"name":"wp","href":"https:\/\/api.w.org\/{rel}","templated":true}]}}