{"id":67116,"date":"2022-04-05T09:48:59","date_gmt":"2025-12-09T13:02:32","guid":{"rendered":"https:\/\/www.meliconi.com\/?post_type=product&#038;p=67116"},"modified":"2025-12-09T14:02:32","modified_gmt":"2025-12-09T13:02:32","slug":"at-380-usb","status":"publish","type":"product","link":"https:\/\/www.meliconi.com\/pt-pt\/produto\/at-380-usb\/","title":{"rendered":"AT 380 USB"},"content":{"rendered":"<p><strong data-start=\"2\" data-end=\"46\" data-is-only-node=\"\">ANTENA DE TV AMPLIFICADA PARA INTERIORES<\/strong><br data-start=\"46\" data-end=\"49\" \/>\u2022 Preparada para o futuro: a antena, compat\u00edvel com sinais digitais terrestres DVB-T, est\u00e1 equipada com filtros contra interfer\u00eancias 4G e 5G, e j\u00e1 preparada para receber sinais DVB-T2 HEVC.<br data-start=\"239\" data-end=\"242\" \/>\u2022 Alcance da antena: ideal para receber sinais de repetidores situados at\u00e9 20 km de dist\u00e2ncia.<br data-start=\"336\" data-end=\"339\" \/>\u2022 Orient\u00e1vel: elemento de capta\u00e7\u00e3o ajust\u00e1vel horizontalmente a 340\u00b0 e verticalmente a 180\u00b0 para uma rece\u00e7\u00e3o ideal do sinal.<br data-start=\"462\" data-end=\"465\" \/>\u2022 Alimenta\u00e7\u00e3o: 5V atrav\u00e9s de cabo USB inclu\u00eddo (deve ser conectado \u00e0 entrada USB da TV ou do descodificador).<br data-start=\"574\" data-end=\"577\" \/>\u2022 Compatibilidade: sinais DVB-T, DVB-T HD, DVB-T2 HEVC, R\u00e1dio DAB+.<\/p>\n<p><strong data-start=\"645\" data-end=\"666\">Faixa de rece\u00e7\u00e3o:<\/strong> VHF + UHF (174~230 MHz, 470~694 MHz).<\/p>\n","protected":false},"excerpt":{"rendered":"<p>ANTENA DE TV AMPLIFICADA PARA INTERIORES\u2022 Preparada para o futuro: a antena, compat\u00edvel com sinais digitais terrestres DVB-T, est\u00e1 equipada com filtros contra interfer\u00eancias 4G e 5G, e j\u00e1 preparada para receber sinais DVB-T2 HEVC.\u2022 Alcance da antena: ideal para receber sinais de repetidores situados at\u00e9 20 km de dist\u00e2ncia.\u2022 Orient\u00e1vel: elemento de capta\u00e7\u00e3o ajust\u00e1vel [&hellip;]<\/p>\n","protected":false},"featured_media":67117,"template":"","meta":{"_acf_changed":false},"product_cat":[1702],"product_tag":[],"class_list":{"0":"post-67116","1":"product","2":"type-product","3":"status-publish","4":"has-post-thumbnail","6":"product_cat-antenas-e-amplificadores-tv","8":"first","9":"instock","10":"taxable","11":"shipping-taxable","12":"purchasable","13":"product-type-simple"},"acf":[],"yoast_head":"<!-- This site is optimized with the Yoast SEO plugin v26.1.1 - https:\/\/yoast.com\/wordpress\/plugins\/seo\/ -->\n<title>AT 380 USB - Meliconi<\/title>\n<meta name=\"robots\" content=\"index, follow, max-snippet:-1, max-image-preview:large, max-video-preview:-1\" \/>\n<link rel=\"canonical\" href=\"https:\/\/www.meliconi.com\/pt-pt\/produto\/at-380-usb\/\" \/>\n<meta property=\"og:locale\" content=\"pt_PT\" \/>\n<meta property=\"og:type\" content=\"article\" \/>\n<meta property=\"og:title\" content=\"AT 380 USB - Meliconi\" \/>\n<meta property=\"og:description\" content=\"ANTENA DE TV AMPLIFICADA PARA INTERIORES\u2022 Preparada para o futuro: a antena, compat\u00edvel com sinais digitais terrestres DVB-T, est\u00e1 equipada com filtros contra interfer\u00eancias 4G e 5G, e j\u00e1 preparada para receber sinais DVB-T2 HEVC.\u2022 Alcance da antena: ideal para receber sinais de repetidores situados at\u00e9 20 km de dist\u00e2ncia.\u2022 Orient\u00e1vel: elemento de capta\u00e7\u00e3o ajust\u00e1vel [&hellip;]\" \/>\n<meta property=\"og:url\" content=\"https:\/\/www.meliconi.com\/pt-pt\/produto\/at-380-usb\/\" \/>\n<meta property=\"og:site_name\" content=\"Meliconi\" \/>\n<meta property=\"og:image\" content=\"https:\/\/www.meliconi.com\/wp-content\/uploads\/2022\/04\/881001_AT380-USB-scaled.jpg\" \/>\n\t<meta property=\"og:image:width\" content=\"1896\" \/>\n\t<meta property=\"og:image:height\" content=\"2560\" \/>\n\t<meta property=\"og:image:type\" content=\"image\/jpeg\" \/>\n<meta name=\"twitter:card\" content=\"summary_large_image\" \/>\n<meta name=\"twitter:label1\" content=\"Tempo estimado de leitura\" \/>\n\t<meta name=\"twitter:data1\" content=\"1 minuto\" \/>\n<script type=\"application\/ld+json\" class=\"yoast-schema-graph\">{\"@context\":\"https:\/\/schema.org\",\"@graph\":[{\"@type\":\"WebPage\",\"@id\":\"https:\/\/www.meliconi.com\/pt-pt\/produto\/at-380-usb\/\",\"url\":\"https:\/\/www.meliconi.com\/pt-pt\/produto\/at-380-usb\/\",\"name\":\"AT 380 USB - Meliconi\",\"isPartOf\":{\"@id\":\"https:\/\/www.meliconi.com\/pt-pt\/#website\"},\"primaryImageOfPage\":{\"@id\":\"https:\/\/www.meliconi.com\/pt-pt\/produto\/at-380-usb\/#primaryimage\"},\"image\":{\"@id\":\"https:\/\/www.meliconi.com\/pt-pt\/produto\/at-380-usb\/#primaryimage\"},\"thumbnailUrl\":\"https:\/\/www.meliconi.com\/wp-content\/uploads\/2022\/04\/881001_AT380-USB-scaled.jpg\",\"datePublished\":\"2025-12-09T13:02:32+00:00\",\"breadcrumb\":{\"@id\":\"https:\/\/www.meliconi.com\/pt-pt\/produto\/at-380-usb\/#breadcrumb\"},\"inLanguage\":\"pt-PT\",\"potentialAction\":[{\"@type\":\"ReadAction\",\"target\":[\"https:\/\/www.meliconi.com\/pt-pt\/produto\/at-380-usb\/\"]}]},{\"@type\":\"ImageObject\",\"inLanguage\":\"pt-PT\",\"@id\":\"https:\/\/www.meliconi.com\/pt-pt\/produto\/at-380-usb\/#primaryimage\",\"url\":\"https:\/\/www.meliconi.com\/wp-content\/uploads\/2022\/04\/881001_AT380-USB-scaled.jpg\",\"contentUrl\":\"https:\/\/www.meliconi.com\/wp-content\/uploads\/2022\/04\/881001_AT380-USB-scaled.jpg\",\"width\":1896,\"height\":2560},{\"@type\":\"BreadcrumbList\",\"@id\":\"https:\/\/www.meliconi.com\/pt-pt\/produto\/at-380-usb\/#breadcrumb\",\"itemListElement\":[{\"@type\":\"ListItem\",\"position\":1,\"name\":\"Home\",\"item\":\"https:\/\/www.meliconi.com\/pt-pt\/\"},{\"@type\":\"ListItem\",\"position\":2,\"name\":\"Shop\",\"item\":\"https:\/\/www.meliconi.com\/pt-pt\/shop-pt\/\"},{\"@type\":\"ListItem\",\"position\":3,\"name\":\"AT 380 USB\"}]},{\"@type\":\"WebSite\",\"@id\":\"https:\/\/www.meliconi.com\/pt-pt\/#website\",\"url\":\"https:\/\/www.meliconi.com\/pt-pt\/\",\"name\":\"Meliconi\",\"description\":\"Lo specialista dell&#039;accessorio\",\"publisher\":{\"@id\":\"https:\/\/www.meliconi.com\/pt-pt\/#organization\"},\"potentialAction\":[{\"@type\":\"SearchAction\",\"target\":{\"@type\":\"EntryPoint\",\"urlTemplate\":\"https:\/\/www.meliconi.com\/pt-pt\/?s={search_term_string}\"},\"query-input\":{\"@type\":\"PropertyValueSpecification\",\"valueRequired\":true,\"valueName\":\"search_term_string\"}}],\"inLanguage\":\"pt-PT\"},{\"@type\":\"Organization\",\"@id\":\"https:\/\/www.meliconi.com\/pt-pt\/#organization\",\"name\":\"Meliconi\",\"url\":\"https:\/\/www.meliconi.com\/pt-pt\/\",\"logo\":{\"@type\":\"ImageObject\",\"inLanguage\":\"pt-PT\",\"@id\":\"https:\/\/www.meliconi.com\/pt-pt\/#\/schema\/logo\/image\/\",\"url\":\"https:\/\/www.meliconi.com\/wp-content\/uploads\/2021\/06\/logo-meliconi.png\",\"contentUrl\":\"https:\/\/www.meliconi.com\/wp-content\/uploads\/2021\/06\/logo-meliconi.png\",\"width\":338,\"height\":102,\"caption\":\"Meliconi\"},\"image\":{\"@id\":\"https:\/\/www.meliconi.com\/pt-pt\/#\/schema\/logo\/image\/\"}}]}<\/script>\n<!-- \/ Yoast SEO plugin. -->","yoast_head_json":{"title":"AT 380 USB - Meliconi","robots":{"index":"index","follow":"follow","max-snippet":"max-snippet:-1","max-image-preview":"max-image-preview:large","max-video-preview":"max-video-preview:-1"},"canonical":"https:\/\/www.meliconi.com\/pt-pt\/produto\/at-380-usb\/","og_locale":"pt_PT","og_type":"article","og_title":"AT 380 USB - Meliconi","og_description":"ANTENA DE TV AMPLIFICADA PARA INTERIORES\u2022 Preparada para o futuro: a antena, compat\u00edvel com sinais digitais terrestres DVB-T, est\u00e1 equipada com filtros contra interfer\u00eancias 4G e 5G, e j\u00e1 preparada para receber sinais DVB-T2 HEVC.\u2022 Alcance da antena: ideal para receber sinais de repetidores situados at\u00e9 20 km de dist\u00e2ncia.\u2022 Orient\u00e1vel: elemento de capta\u00e7\u00e3o ajust\u00e1vel [&hellip;]","og_url":"https:\/\/www.meliconi.com\/pt-pt\/produto\/at-380-usb\/","og_site_name":"Meliconi","og_image":[{"width":1896,"height":2560,"url":"https:\/\/www.meliconi.com\/wp-content\/uploads\/2022\/04\/881001_AT380-USB-scaled.jpg","type":"image\/jpeg"}],"twitter_card":"summary_large_image","twitter_misc":{"Tempo estimado de leitura":"1 minuto"},"schema":{"@context":"https:\/\/schema.org","@graph":[{"@type":"WebPage","@id":"https:\/\/www.meliconi.com\/pt-pt\/produto\/at-380-usb\/","url":"https:\/\/www.meliconi.com\/pt-pt\/produto\/at-380-usb\/","name":"AT 380 USB - Meliconi","isPartOf":{"@id":"https:\/\/www.meliconi.com\/pt-pt\/#website"},"primaryImageOfPage":{"@id":"https:\/\/www.meliconi.com\/pt-pt\/produto\/at-380-usb\/#primaryimage"},"image":{"@id":"https:\/\/www.meliconi.com\/pt-pt\/produto\/at-380-usb\/#primaryimage"},"thumbnailUrl":"https:\/\/www.meliconi.com\/wp-content\/uploads\/2022\/04\/881001_AT380-USB-scaled.jpg","datePublished":"2025-12-09T13:02:32+00:00","breadcrumb":{"@id":"https:\/\/www.meliconi.com\/pt-pt\/produto\/at-380-usb\/#breadcrumb"},"inLanguage":"pt-PT","potentialAction":[{"@type":"ReadAction","target":["https:\/\/www.meliconi.com\/pt-pt\/produto\/at-380-usb\/"]}]},{"@type":"ImageObject","inLanguage":"pt-PT","@id":"https:\/\/www.meliconi.com\/pt-pt\/produto\/at-380-usb\/#primaryimage","url":"https:\/\/www.meliconi.com\/wp-content\/uploads\/2022\/04\/881001_AT380-USB-scaled.jpg","contentUrl":"https:\/\/www.meliconi.com\/wp-content\/uploads\/2022\/04\/881001_AT380-USB-scaled.jpg","width":1896,"height":2560},{"@type":"BreadcrumbList","@id":"https:\/\/www.meliconi.com\/pt-pt\/produto\/at-380-usb\/#breadcrumb","itemListElement":[{"@type":"ListItem","position":1,"name":"Home","item":"https:\/\/www.meliconi.com\/pt-pt\/"},{"@type":"ListItem","position":2,"name":"Shop","item":"https:\/\/www.meliconi.com\/pt-pt\/shop-pt\/"},{"@type":"ListItem","position":3,"name":"AT 380 USB"}]},{"@type":"WebSite","@id":"https:\/\/www.meliconi.com\/pt-pt\/#website","url":"https:\/\/www.meliconi.com\/pt-pt\/","name":"Meliconi","description":"Lo specialista dell&#039;accessorio","publisher":{"@id":"https:\/\/www.meliconi.com\/pt-pt\/#organization"},"potentialAction":[{"@type":"SearchAction","target":{"@type":"EntryPoint","urlTemplate":"https:\/\/www.meliconi.com\/pt-pt\/?s={search_term_string}"},"query-input":{"@type":"PropertyValueSpecification","valueRequired":true,"valueName":"search_term_string"}}],"inLanguage":"pt-PT"},{"@type":"Organization","@id":"https:\/\/www.meliconi.com\/pt-pt\/#organization","name":"Meliconi","url":"https:\/\/www.meliconi.com\/pt-pt\/","logo":{"@type":"ImageObject","inLanguage":"pt-PT","@id":"https:\/\/www.meliconi.com\/pt-pt\/#\/schema\/logo\/image\/","url":"https:\/\/www.meliconi.com\/wp-content\/uploads\/2021\/06\/logo-meliconi.png","contentUrl":"https:\/\/www.meliconi.com\/wp-content\/uploads\/2021\/06\/logo-meliconi.png","width":338,"height":102,"caption":"Meliconi"},"image":{"@id":"https:\/\/www.meliconi.com\/pt-pt\/#\/schema\/logo\/image\/"}}]}},"_links":{"self":[{"href":"https:\/\/www.meliconi.com\/pt-pt\/wp-json\/wp\/v2\/product\/67116","targetHints":{"allow":["GET"]}}],"collection":[{"href":"https:\/\/www.meliconi.com\/pt-pt\/wp-json\/wp\/v2\/product"}],"about":[{"href":"https:\/\/www.meliconi.com\/pt-pt\/wp-json\/wp\/v2\/types\/product"}],"wp:featuredmedia":[{"embeddable":true,"href":"https:\/\/www.meliconi.com\/pt-pt\/wp-json\/wp\/v2\/media\/67117"}],"wp:attachment":[{"href":"https:\/\/www.meliconi.com\/pt-pt\/wp-json\/wp\/v2\/media?parent=67116"}],"wp:term":[{"taxonomy":"product_cat","embeddable":true,"href":"https:\/\/www.meliconi.com\/pt-pt\/wp-json\/wp\/v2\/product_cat?post=67116"},{"taxonomy":"product_tag","embeddable":true,"href":"https:\/\/www.meliconi.com\/pt-pt\/wp-json\/wp\/v2\/product_tag?post=67116"}],"curies":[{"name":"wp","href":"https:\/\/api.w.org\/{rel}","templated":true}]}}