{"id":67060,"date":"2024-10-18T10:20:24","date_gmt":"2025-12-09T12:56:32","guid":{"rendered":"https:\/\/www.meliconi.com\/?post_type=product&#038;p=67060"},"modified":"2025-12-09T13:56:32","modified_gmt":"2025-12-09T12:56:32","slug":"torre-up","status":"publish","type":"product","link":"https:\/\/www.meliconi.com\/pt-pt\/produto\/torre-up\/","title":{"rendered":"Torre Up"},"content":{"rendered":"<p data-start=\"0\" data-end=\"151\">O <strong data-start=\"2\" data-end=\"39\">novo kit de empilhamento Torre Up<\/strong> permite organizar a lavanderia ao <strong data-start=\"74\" data-end=\"122\">empilhar a secadora sobre a m\u00e1quina de lavar<\/strong>, economizando espa\u00e7o \u00fatil.<\/p>\n<p data-start=\"153\" data-end=\"311\"><strong data-start=\"153\" data-end=\"166\">Universal<\/strong>, compat\u00edvel com a maioria das <strong data-start=\"197\" data-end=\"247\">m\u00e1quinas de lavar e secadoras de carga frontal<\/strong> com <strong data-start=\"252\" data-end=\"272\">60 cm de largura<\/strong> e mais de <strong data-start=\"283\" data-end=\"308\">70 cm de profundidade<\/strong>.<\/p>\n<p data-start=\"313\" data-end=\"510\">Confirmando o compromisso da Meliconi com o planeta, a <strong data-start=\"368\" data-end=\"380\">Torre Up<\/strong> foi desenvolvida com <strong data-start=\"402\" data-end=\"431\">30% de pl\u00e1stico reciclado<\/strong>, reduzindo o impacto ambiental sem comprometer a resist\u00eancia e estabilidade.<\/p>\n<p data-start=\"512\" data-end=\"759\">Os kits de empilhamento <strong data-start=\"536\" data-end=\"550\">EASY LEVEL<\/strong> da Meliconi s\u00e3o os \u00fanicos com <strong data-start=\"581\" data-end=\"625\">duas bolhas de alinhamento em dois eixos<\/strong>, permitindo <strong data-start=\"638\" data-end=\"668\">nivelar a m\u00e1quina de lavar<\/strong> antes de empilhar a secadora, garantindo uma <strong data-start=\"714\" data-end=\"756\">coluna de roupa perfeitamente alinhada<\/strong>.<\/p>\n<p data-start=\"761\" data-end=\"990\">Compat\u00edvel com todas as <strong data-start=\"785\" data-end=\"823\">m\u00e1quinas de lavar de carga frontal<\/strong> com profundidade m\u00ednima de 45 cm e <strong data-start=\"859\" data-end=\"889\">secadoras de carga frontal<\/strong> com mais de 60 cm de profundidade (a dist\u00e2ncia entre os p\u00e9s da secadora deve ser no m\u00e1ximo 54 cm).<\/p>\n<ul data-start=\"992\" data-end=\"1141\" data-is-last-node=\"\" data-is-only-node=\"\">\n<li data-start=\"992\" data-end=\"1029\">\n<p data-start=\"994\" data-end=\"1029\"><strong data-start=\"994\" data-end=\"1020\">Peso m\u00e1ximo suportado:<\/strong> 250 kg<\/p>\n<\/li>\n<li data-start=\"1030\" data-end=\"1095\">\n<p data-start=\"1032\" data-end=\"1095\">Inclui <strong data-start=\"1039\" data-end=\"1073\">cinta de seguran\u00e7a de 6 metros<\/strong> com fivela met\u00e1lica<\/p>\n<\/li>\n<li data-start=\"1096\" data-end=\"1141\" data-is-last-node=\"\">\n<p data-start=\"1098\" data-end=\"1141\" data-is-last-node=\"\"><strong data-start=\"1098\" data-end=\"1113\">Pr\u00e9-montado<\/strong>, f\u00e1cil e r\u00e1pido de instalar<\/p>\n<\/li>\n<\/ul>\n<div style=\"width: 1920px;\" class=\"wp-video\"><!--[if lt IE 9]><script>document.createElement('video');<\/script><![endif]-->\n<video class=\"wp-video-shortcode\" id=\"video-67060-1\" width=\"1920\" height=\"1080\" preload=\"metadata\" controls=\"controls\"><source type=\"video\/mp4\" src=\"https:\/\/www.meliconi.com\/wp-content\/uploads\/2024\/10\/TORRE-UP-L60-ITA.mp4?_=1\" \/><a href=\"https:\/\/www.meliconi.com\/wp-content\/uploads\/2024\/10\/TORRE-UP-L60-ITA.mp4\">https:\/\/www.meliconi.com\/wp-content\/uploads\/2024\/10\/TORRE-UP-L60-ITA.mp4<\/a><\/video><\/div>\n","protected":false},"excerpt":{"rendered":"<ul>\n<li><strong>Universal:<\/strong> compat\u00edvel com a maioria das m\u00e1quinas de lavar e secadoras de carga frontal com <strong>60 cm de largura<\/strong> e mais de <strong>70 cm de profundidade<\/strong><\/li>\n<li><strong>Peso m\u00e1ximo suportado:<\/strong> 250 kg<\/li>\n<li>Permite <strong>ganhar espa\u00e7o<\/strong> ao colocar a secadora sobre a m\u00e1quina de lavar<\/li>\n<li>Estrutura em <strong>tecnopol\u00edmero refor\u00e7ado de alta resist\u00eancia<\/strong>, garantindo a <strong>estabilidade dos eletrodom\u00e9sticos<\/strong><\/li>\n<li>Inclui <strong>cinta de seguran\u00e7a de 6 metros<\/strong> com fivela met\u00e1lica<\/li>\n<li><strong>Pr\u00e9-montado<\/strong>, r\u00e1pido de instalar<\/li>\n<\/ul>\n","protected":false},"featured_media":67068,"template":"","meta":{"_acf_changed":false},"product_cat":[1681],"product_tag":[],"class_list":{"0":"post-67060","1":"product","2":"type-product","3":"status-publish","4":"has-post-thumbnail","6":"product_cat-kit-de-sobreposicao","8":"first","9":"instock","10":"taxable","11":"shipping-taxable","12":"purchasable","13":"product-type-simple"},"acf":[],"yoast_head":"<!-- This site is optimized with the Yoast SEO plugin v26.1.1 - https:\/\/yoast.com\/wordpress\/plugins\/seo\/ -->\n<title>Torre Up - Meliconi<\/title>\n<meta name=\"robots\" content=\"index, follow, max-snippet:-1, max-image-preview:large, max-video-preview:-1\" \/>\n<link rel=\"canonical\" href=\"https:\/\/www.meliconi.com\/pt-pt\/produto\/torre-up\/\" \/>\n<meta property=\"og:locale\" content=\"pt_PT\" \/>\n<meta property=\"og:type\" content=\"article\" \/>\n<meta property=\"og:title\" content=\"Torre Up - Meliconi\" \/>\n<meta property=\"og:description\" content=\"Universal: compat\u00edvel com a maioria das m\u00e1quinas de lavar e secadoras de carga frontal com 60 cm de largura e mais de 70 cm de profundidade  Peso m\u00e1ximo suportado: 250 kg  Permite ganhar espa\u00e7o ao colocar a secadora sobre a m\u00e1quina de lavar  Estrutura em tecnopol\u00edmero refor\u00e7ado de alta resist\u00eancia, garantindo a estabilidade dos eletrodom\u00e9sticos  Inclui cinta de seguran\u00e7a de 6 metros com fivela met\u00e1lica  Pr\u00e9-montado, r\u00e1pido de instalar\" \/>\n<meta property=\"og:url\" content=\"https:\/\/www.meliconi.com\/pt-pt\/produto\/torre-up\/\" \/>\n<meta property=\"og:site_name\" content=\"Meliconi\" \/>\n<meta property=\"og:image\" content=\"https:\/\/www.meliconi.com\/wp-content\/uploads\/2024\/10\/656131_TORRE_UP_con_ombra-1024x724.png\" \/>\n\t<meta property=\"og:image:width\" content=\"1024\" \/>\n\t<meta property=\"og:image:height\" content=\"724\" \/>\n\t<meta property=\"og:image:type\" content=\"image\/png\" \/>\n<meta name=\"twitter:card\" content=\"summary_large_image\" \/>\n<meta name=\"twitter:label1\" content=\"Tempo estimado de leitura\" \/>\n\t<meta name=\"twitter:data1\" content=\"1 minuto\" \/>\n<script type=\"application\/ld+json\" class=\"yoast-schema-graph\">{\"@context\":\"https:\/\/schema.org\",\"@graph\":[{\"@type\":\"WebPage\",\"@id\":\"https:\/\/www.meliconi.com\/pt-pt\/produto\/torre-up\/\",\"url\":\"https:\/\/www.meliconi.com\/pt-pt\/produto\/torre-up\/\",\"name\":\"Torre Up - Meliconi\",\"isPartOf\":{\"@id\":\"https:\/\/www.meliconi.com\/pt-pt\/#website\"},\"primaryImageOfPage\":{\"@id\":\"https:\/\/www.meliconi.com\/pt-pt\/produto\/torre-up\/#primaryimage\"},\"image\":{\"@id\":\"https:\/\/www.meliconi.com\/pt-pt\/produto\/torre-up\/#primaryimage\"},\"thumbnailUrl\":\"https:\/\/www.meliconi.com\/wp-content\/uploads\/2024\/10\/656131_TORRE_UP_con_ombra.png\",\"datePublished\":\"2025-12-09T12:56:32+00:00\",\"breadcrumb\":{\"@id\":\"https:\/\/www.meliconi.com\/pt-pt\/produto\/torre-up\/#breadcrumb\"},\"inLanguage\":\"pt-PT\",\"potentialAction\":[{\"@type\":\"ReadAction\",\"target\":[\"https:\/\/www.meliconi.com\/pt-pt\/produto\/torre-up\/\"]}]},{\"@type\":\"ImageObject\",\"inLanguage\":\"pt-PT\",\"@id\":\"https:\/\/www.meliconi.com\/pt-pt\/produto\/torre-up\/#primaryimage\",\"url\":\"https:\/\/www.meliconi.com\/wp-content\/uploads\/2024\/10\/656131_TORRE_UP_con_ombra.png\",\"contentUrl\":\"https:\/\/www.meliconi.com\/wp-content\/uploads\/2024\/10\/656131_TORRE_UP_con_ombra.png\",\"width\":5000,\"height\":3535},{\"@type\":\"BreadcrumbList\",\"@id\":\"https:\/\/www.meliconi.com\/pt-pt\/produto\/torre-up\/#breadcrumb\",\"itemListElement\":[{\"@type\":\"ListItem\",\"position\":1,\"name\":\"Home\",\"item\":\"https:\/\/www.meliconi.com\/pt-pt\/\"},{\"@type\":\"ListItem\",\"position\":2,\"name\":\"Shop\",\"item\":\"https:\/\/www.meliconi.com\/pt-pt\/shop-pt\/\"},{\"@type\":\"ListItem\",\"position\":3,\"name\":\"Torre Up\"}]},{\"@type\":\"WebSite\",\"@id\":\"https:\/\/www.meliconi.com\/pt-pt\/#website\",\"url\":\"https:\/\/www.meliconi.com\/pt-pt\/\",\"name\":\"Meliconi\",\"description\":\"Lo specialista dell&#039;accessorio\",\"publisher\":{\"@id\":\"https:\/\/www.meliconi.com\/pt-pt\/#organization\"},\"potentialAction\":[{\"@type\":\"SearchAction\",\"target\":{\"@type\":\"EntryPoint\",\"urlTemplate\":\"https:\/\/www.meliconi.com\/pt-pt\/?s={search_term_string}\"},\"query-input\":{\"@type\":\"PropertyValueSpecification\",\"valueRequired\":true,\"valueName\":\"search_term_string\"}}],\"inLanguage\":\"pt-PT\"},{\"@type\":\"Organization\",\"@id\":\"https:\/\/www.meliconi.com\/pt-pt\/#organization\",\"name\":\"Meliconi\",\"url\":\"https:\/\/www.meliconi.com\/pt-pt\/\",\"logo\":{\"@type\":\"ImageObject\",\"inLanguage\":\"pt-PT\",\"@id\":\"https:\/\/www.meliconi.com\/pt-pt\/#\/schema\/logo\/image\/\",\"url\":\"https:\/\/www.meliconi.com\/wp-content\/uploads\/2021\/06\/logo-meliconi.png\",\"contentUrl\":\"https:\/\/www.meliconi.com\/wp-content\/uploads\/2021\/06\/logo-meliconi.png\",\"width\":338,\"height\":102,\"caption\":\"Meliconi\"},\"image\":{\"@id\":\"https:\/\/www.meliconi.com\/pt-pt\/#\/schema\/logo\/image\/\"}}]}<\/script>\n<!-- \/ Yoast SEO plugin. -->","yoast_head_json":{"title":"Torre Up - Meliconi","robots":{"index":"index","follow":"follow","max-snippet":"max-snippet:-1","max-image-preview":"max-image-preview:large","max-video-preview":"max-video-preview:-1"},"canonical":"https:\/\/www.meliconi.com\/pt-pt\/produto\/torre-up\/","og_locale":"pt_PT","og_type":"article","og_title":"Torre Up - Meliconi","og_description":"Universal: compat\u00edvel com a maioria das m\u00e1quinas de lavar e secadoras de carga frontal com 60 cm de largura e mais de 70 cm de profundidade  Peso m\u00e1ximo suportado: 250 kg  Permite ganhar espa\u00e7o ao colocar a secadora sobre a m\u00e1quina de lavar  Estrutura em tecnopol\u00edmero refor\u00e7ado de alta resist\u00eancia, garantindo a estabilidade dos eletrodom\u00e9sticos  Inclui cinta de seguran\u00e7a de 6 metros com fivela met\u00e1lica  Pr\u00e9-montado, r\u00e1pido de instalar","og_url":"https:\/\/www.meliconi.com\/pt-pt\/produto\/torre-up\/","og_site_name":"Meliconi","og_image":[{"width":1024,"height":724,"url":"https:\/\/www.meliconi.com\/wp-content\/uploads\/2024\/10\/656131_TORRE_UP_con_ombra-1024x724.png","type":"image\/png"}],"twitter_card":"summary_large_image","twitter_misc":{"Tempo estimado de leitura":"1 minuto"},"schema":{"@context":"https:\/\/schema.org","@graph":[{"@type":"WebPage","@id":"https:\/\/www.meliconi.com\/pt-pt\/produto\/torre-up\/","url":"https:\/\/www.meliconi.com\/pt-pt\/produto\/torre-up\/","name":"Torre Up - Meliconi","isPartOf":{"@id":"https:\/\/www.meliconi.com\/pt-pt\/#website"},"primaryImageOfPage":{"@id":"https:\/\/www.meliconi.com\/pt-pt\/produto\/torre-up\/#primaryimage"},"image":{"@id":"https:\/\/www.meliconi.com\/pt-pt\/produto\/torre-up\/#primaryimage"},"thumbnailUrl":"https:\/\/www.meliconi.com\/wp-content\/uploads\/2024\/10\/656131_TORRE_UP_con_ombra.png","datePublished":"2025-12-09T12:56:32+00:00","breadcrumb":{"@id":"https:\/\/www.meliconi.com\/pt-pt\/produto\/torre-up\/#breadcrumb"},"inLanguage":"pt-PT","potentialAction":[{"@type":"ReadAction","target":["https:\/\/www.meliconi.com\/pt-pt\/produto\/torre-up\/"]}]},{"@type":"ImageObject","inLanguage":"pt-PT","@id":"https:\/\/www.meliconi.com\/pt-pt\/produto\/torre-up\/#primaryimage","url":"https:\/\/www.meliconi.com\/wp-content\/uploads\/2024\/10\/656131_TORRE_UP_con_ombra.png","contentUrl":"https:\/\/www.meliconi.com\/wp-content\/uploads\/2024\/10\/656131_TORRE_UP_con_ombra.png","width":5000,"height":3535},{"@type":"BreadcrumbList","@id":"https:\/\/www.meliconi.com\/pt-pt\/produto\/torre-up\/#breadcrumb","itemListElement":[{"@type":"ListItem","position":1,"name":"Home","item":"https:\/\/www.meliconi.com\/pt-pt\/"},{"@type":"ListItem","position":2,"name":"Shop","item":"https:\/\/www.meliconi.com\/pt-pt\/shop-pt\/"},{"@type":"ListItem","position":3,"name":"Torre Up"}]},{"@type":"WebSite","@id":"https:\/\/www.meliconi.com\/pt-pt\/#website","url":"https:\/\/www.meliconi.com\/pt-pt\/","name":"Meliconi","description":"Lo specialista dell&#039;accessorio","publisher":{"@id":"https:\/\/www.meliconi.com\/pt-pt\/#organization"},"potentialAction":[{"@type":"SearchAction","target":{"@type":"EntryPoint","urlTemplate":"https:\/\/www.meliconi.com\/pt-pt\/?s={search_term_string}"},"query-input":{"@type":"PropertyValueSpecification","valueRequired":true,"valueName":"search_term_string"}}],"inLanguage":"pt-PT"},{"@type":"Organization","@id":"https:\/\/www.meliconi.com\/pt-pt\/#organization","name":"Meliconi","url":"https:\/\/www.meliconi.com\/pt-pt\/","logo":{"@type":"ImageObject","inLanguage":"pt-PT","@id":"https:\/\/www.meliconi.com\/pt-pt\/#\/schema\/logo\/image\/","url":"https:\/\/www.meliconi.com\/wp-content\/uploads\/2021\/06\/logo-meliconi.png","contentUrl":"https:\/\/www.meliconi.com\/wp-content\/uploads\/2021\/06\/logo-meliconi.png","width":338,"height":102,"caption":"Meliconi"},"image":{"@id":"https:\/\/www.meliconi.com\/pt-pt\/#\/schema\/logo\/image\/"}}]}},"_links":{"self":[{"href":"https:\/\/www.meliconi.com\/pt-pt\/wp-json\/wp\/v2\/product\/67060","targetHints":{"allow":["GET"]}}],"collection":[{"href":"https:\/\/www.meliconi.com\/pt-pt\/wp-json\/wp\/v2\/product"}],"about":[{"href":"https:\/\/www.meliconi.com\/pt-pt\/wp-json\/wp\/v2\/types\/product"}],"wp:featuredmedia":[{"embeddable":true,"href":"https:\/\/www.meliconi.com\/pt-pt\/wp-json\/wp\/v2\/media\/67068"}],"wp:attachment":[{"href":"https:\/\/www.meliconi.com\/pt-pt\/wp-json\/wp\/v2\/media?parent=67060"}],"wp:term":[{"taxonomy":"product_cat","embeddable":true,"href":"https:\/\/www.meliconi.com\/pt-pt\/wp-json\/wp\/v2\/product_cat?post=67060"},{"taxonomy":"product_tag","embeddable":true,"href":"https:\/\/www.meliconi.com\/pt-pt\/wp-json\/wp\/v2\/product_tag?post=67060"}],"curies":[{"name":"wp","href":"https:\/\/api.w.org\/{rel}","templated":true}]}}