{"id":66992,"date":"2024-10-18T16:36:16","date_gmt":"2025-12-09T12:53:04","guid":{"rendered":"https:\/\/www.meliconi.com\/?post_type=product&#038;p=66992"},"modified":"2025-12-09T13:53:04","modified_gmt":"2025-12-09T12:53:04","slug":"torre-green","status":"publish","type":"product","link":"https:\/\/www.meliconi.com\/pt-pt\/produto\/torre-green\/","title":{"rendered":"Torre Green+"},"content":{"rendered":"<p data-start=\"0\" data-end=\"358\">Permite <strong data-start=\"8\" data-end=\"25\">ganhar espa\u00e7o<\/strong> ao colocar a secadora sobre a m\u00e1quina de lavar.<br data-start=\"73\" data-end=\"76\" \/>O novo <strong data-start=\"83\" data-end=\"127\">estante em madeira com certifica\u00e7\u00e3o FSC\u00ae<\/strong>, que apoia a gest\u00e3o respons\u00e1vel das florestas, proporciona um <strong data-start=\"190\" data-end=\"213\" data-is-only-node=\"\">suporte confort\u00e1vel<\/strong> para a rotina de lavagem.<br data-start=\"239\" data-end=\"242\" \/><strong data-start=\"242\" data-end=\"255\">Nova cor:<\/strong> cinza prateado, com novo puxador em <strong data-start=\"292\" data-end=\"311\">design de folha<\/strong>, ideal para uma torre de lavandaria moderna.<\/p>\n<p data-start=\"360\" data-end=\"603\">Os kits de empilhamento <strong data-start=\"384\" data-end=\"398\">EASY LEVEL<\/strong> da Meliconi s\u00e3o os \u00fanicos com <strong data-start=\"429\" data-end=\"473\">duas bolhas de alinhamento em dois eixos<\/strong>, permitindo nivelar a m\u00e1quina de lavar antes de empilhar a secadora, garantindo uma <strong data-start=\"558\" data-end=\"600\">coluna de roupa perfeitamente alinhada<\/strong>.<\/p>\n<p data-start=\"605\" data-end=\"834\">Compat\u00edvel com todas as <strong data-start=\"629\" data-end=\"667\">m\u00e1quinas de lavar de carga frontal<\/strong> com profundidade m\u00ednima de 45 cm e <strong data-start=\"703\" data-end=\"733\">secadoras de carga frontal<\/strong> com profundidade superior a 60 cm (a dist\u00e2ncia entre os p\u00e9s da secadora deve ser no m\u00e1ximo 54 cm).<\/p>\n<ul data-start=\"836\" data-end=\"1262\">\n<li data-start=\"836\" data-end=\"873\">\n<p data-start=\"838\" data-end=\"873\"><strong data-start=\"838\" data-end=\"864\">Peso m\u00e1ximo suportado:<\/strong> 250 kg<\/p>\n<\/li>\n<li data-start=\"874\" data-end=\"1017\">\n<p data-start=\"876\" data-end=\"1017\">O <strong data-start=\"878\" data-end=\"899\">estante extra\u00edvel<\/strong>, situado a uma altura conveniente, oferece <strong data-start=\"943\" data-end=\"960\">apoio pr\u00e1tico<\/strong> e ampla <strong data-start=\"969\" data-end=\"995\">superf\u00edcie de trabalho<\/strong> para dobrar a roupa<\/p>\n<\/li>\n<li data-start=\"1018\" data-end=\"1059\">\n<p data-start=\"1020\" data-end=\"1059\"><strong data-start=\"1020\" data-end=\"1051\">Capacidade m\u00e1xima de carga:<\/strong> 10 kg<\/p>\n<\/li>\n<li data-start=\"1060\" data-end=\"1154\">\n<p data-start=\"1062\" data-end=\"1154\">Inclui <strong data-start=\"1069\" data-end=\"1103\">cinta de seguran\u00e7a de 6 metros<\/strong> com fivela met\u00e1lica, com passagem externa ao kit<\/p>\n<\/li>\n<li data-start=\"1155\" data-end=\"1214\">\n<p data-start=\"1157\" data-end=\"1214\"><strong data-start=\"1157\" data-end=\"1184\">Tratamento antioxidante<\/strong> em todas as pe\u00e7as met\u00e1licas<\/p>\n<\/li>\n<li data-start=\"1215\" data-end=\"1262\">\n<p data-start=\"1217\" data-end=\"1262\"><strong data-start=\"1217\" data-end=\"1232\">Pr\u00e9-montado<\/strong>, f\u00e1cil e r\u00e1pido de instalar<\/p>\n<\/li>\n<\/ul>\n<p data-start=\"1264\" data-end=\"1280\" data-is-last-node=\"\" data-is-only-node=\"\"><strong data-start=\"1264\" data-end=\"1280\" data-is-last-node=\"\">FSC\u00ae C190330<\/strong><\/p>\n","protected":false},"excerpt":{"rendered":"<article class=\"text-token-text-primary w-full focus:outline-none scroll-mt-[calc(var(--header-height)+min(200px,max(70px,20svh)))]\" dir=\"auto\" data-turn-id=\"request-WEB:b49f3bb3-fefe-4e25-a848-b8dbc54125b5-66\" data-testid=\"conversation-turn-134\" data-scroll-anchor=\"true\" data-turn=\"assistant\">\n<div class=\"text-base my-auto mx-auto pb-10 [--thread-content-margin:--spacing(4)] thread-sm:[--thread-content-margin:--spacing(6)] thread-lg:[--thread-content-margin:--spacing(16)] px-(--thread-content-margin)\">\n<div class=\"[--thread-content-max-width:40rem] thread-lg:[--thread-content-max-width:48rem] mx-auto max-w-(--thread-content-max-width) flex-1 group\/turn-messages focus-visible:outline-hidden relative flex w-full min-w-0 flex-col agent-turn\">\n<div class=\"flex max-w-full flex-col grow\">\n<div class=\"min-h-8 text-message relative flex w-full flex-col items-end gap-2 text-start break-words whitespace-normal [.text-message+&amp;]:mt-5\" dir=\"auto\" data-message-author-role=\"assistant\" data-message-id=\"66b3ac41-0e66-4c83-97e3-95d04b0d8fa4\" data-message-model-slug=\"gpt-5-mini\">\n<div class=\"flex w-full flex-col gap-1 empty:hidden first:pt-[1px]\">\n<div class=\"markdown prose dark:prose-invert w-full break-words light markdown-new-styling\">\n<ul data-start=\"0\" data-end=\"632\" data-is-last-node=\"\" data-is-only-node=\"\">\n<li data-start=\"0\" data-end=\"76\">\n<p data-start=\"2\" data-end=\"76\">Permite <strong data-start=\"10\" data-end=\"27\">ganhar espa\u00e7o<\/strong> ao colocar a secadora sobre a m\u00e1quina de lavar<\/p>\n<\/li>\n<li data-start=\"77\" data-end=\"216\">\n<p data-start=\"79\" data-end=\"216\">Compat\u00edvel com todas as <strong data-start=\"103\" data-end=\"153\">m\u00e1quinas de lavar e secadoras de carga frontal<\/strong> com <strong data-start=\"158\" data-end=\"178\">60 cm de largura<\/strong> e mais de <strong data-start=\"189\" data-end=\"214\">70 cm de profundidade<\/strong><\/p>\n<\/li>\n<li data-start=\"217\" data-end=\"254\">\n<p data-start=\"219\" data-end=\"254\"><strong data-start=\"219\" data-end=\"245\" data-is-only-node=\"\">Peso m\u00e1ximo suportado:<\/strong> 250 kg<\/p>\n<\/li>\n<li data-start=\"255\" data-end=\"451\">\n<p data-start=\"257\" data-end=\"451\">A <strong data-start=\"259\" data-end=\"303\">prateleira extra\u00edvel em madeira laminada<\/strong>, situada a uma altura conveniente, oferece <strong data-start=\"347\" data-end=\"364\">apoio pr\u00e1tico<\/strong> e ampla <strong data-start=\"373\" data-end=\"399\">superf\u00edcie de trabalho<\/strong> para dobrar a roupa. <strong data-start=\"421\" data-end=\"443\">Capacidade m\u00e1xima:<\/strong> 10 kg<\/p>\n<\/li>\n<li data-start=\"452\" data-end=\"558\">\n<p data-start=\"454\" data-end=\"558\">Estrutura em <strong data-start=\"467\" data-end=\"504\">tecnopol\u00edmero de alta resist\u00eancia<\/strong>, garantindo a <strong data-start=\"519\" data-end=\"556\">estabilidade dos eletrodom\u00e9sticos<\/strong><\/p>\n<\/li>\n<li data-start=\"559\" data-end=\"599\">\n<p data-start=\"561\" data-end=\"599\">Inclui <strong data-start=\"568\" data-end=\"597\">cinta de seguran\u00e7a de 6 m<\/strong><\/p>\n<\/li>\n<li data-start=\"600\" data-end=\"632\" data-is-last-node=\"\">\n<p data-start=\"602\" data-end=\"632\" data-is-last-node=\"\"><strong data-start=\"602\" data-end=\"632\" data-is-last-node=\"\" data-is-only-node=\"\">F\u00e1cil e r\u00e1pido de instalar<\/strong><\/p>\n<\/li>\n<\/ul>\n<\/div>\n<\/div>\n<\/div>\n<\/div>\n<\/div>\n<\/div>\n<\/article>\n","protected":false},"featured_media":67001,"template":"","meta":{"_acf_changed":false},"product_cat":[1676,1681],"product_tag":[],"class_list":{"0":"post-66992","1":"product","2":"type-product","3":"status-publish","4":"has-post-thumbnail","6":"product_cat-cat-acessorios-eletrodomesticos","7":"product_cat-kit-de-sobreposicao","9":"first","10":"instock","11":"taxable","12":"shipping-taxable","13":"purchasable","14":"product-type-simple"},"acf":[],"yoast_head":"<!-- This site is optimized with the Yoast SEO plugin v26.1.1 - https:\/\/yoast.com\/wordpress\/plugins\/seo\/ -->\n<title>Torre Green+ - Meliconi<\/title>\n<meta name=\"robots\" content=\"index, follow, max-snippet:-1, max-image-preview:large, max-video-preview:-1\" \/>\n<link rel=\"canonical\" href=\"https:\/\/www.meliconi.com\/pt-pt\/produto\/torre-green\/\" \/>\n<meta property=\"og:locale\" content=\"pt_PT\" \/>\n<meta property=\"og:type\" content=\"article\" \/>\n<meta property=\"og:title\" content=\"Torre Green+ - Meliconi\" \/>\n<meta property=\"og:description\" content=\"Permite ganhar espa\u00e7o ao colocar a secadora sobre a m\u00e1quina de lavar    Compat\u00edvel com todas as m\u00e1quinas de lavar e secadoras de carga frontal com 60 cm de largura e mais de 70 cm de profundidade    Peso m\u00e1ximo suportado: 250 kg    A prateleira extra\u00edvel em madeira laminada, situada a uma altura conveniente, oferece apoio pr\u00e1tico e ampla superf\u00edcie de trabalho para dobrar a roupa. Capacidade m\u00e1xima: 10 kg    Estrutura em tecnopol\u00edmero de alta resist\u00eancia, garantindo a estabilidade dos eletrodom\u00e9sticos    Inclui cinta de seguran\u00e7a de 6 m    F\u00e1cil e r\u00e1pido de instalar\" \/>\n<meta property=\"og:url\" content=\"https:\/\/www.meliconi.com\/pt-pt\/produto\/torre-green\/\" \/>\n<meta property=\"og:site_name\" content=\"Meliconi\" \/>\n<meta property=\"og:image\" content=\"https:\/\/www.meliconi.com\/wp-content\/uploads\/2024\/10\/656129_TORRE-GREEN-1-1024x724.png\" \/>\n\t<meta property=\"og:image:width\" content=\"1024\" \/>\n\t<meta property=\"og:image:height\" content=\"724\" \/>\n\t<meta property=\"og:image:type\" content=\"image\/png\" \/>\n<meta name=\"twitter:card\" content=\"summary_large_image\" \/>\n<meta name=\"twitter:label1\" content=\"Tempo estimado de leitura\" \/>\n\t<meta name=\"twitter:data1\" content=\"1 minuto\" \/>\n<script type=\"application\/ld+json\" class=\"yoast-schema-graph\">{\"@context\":\"https:\/\/schema.org\",\"@graph\":[{\"@type\":\"WebPage\",\"@id\":\"https:\/\/www.meliconi.com\/pt-pt\/produto\/torre-green\/\",\"url\":\"https:\/\/www.meliconi.com\/pt-pt\/produto\/torre-green\/\",\"name\":\"Torre Green+ - Meliconi\",\"isPartOf\":{\"@id\":\"https:\/\/www.meliconi.com\/pt-pt\/#website\"},\"primaryImageOfPage\":{\"@id\":\"https:\/\/www.meliconi.com\/pt-pt\/produto\/torre-green\/#primaryimage\"},\"image\":{\"@id\":\"https:\/\/www.meliconi.com\/pt-pt\/produto\/torre-green\/#primaryimage\"},\"thumbnailUrl\":\"https:\/\/www.meliconi.com\/wp-content\/uploads\/2024\/10\/656129_TORRE-GREEN-1.png\",\"datePublished\":\"2025-12-09T12:53:04+00:00\",\"breadcrumb\":{\"@id\":\"https:\/\/www.meliconi.com\/pt-pt\/produto\/torre-green\/#breadcrumb\"},\"inLanguage\":\"pt-PT\",\"potentialAction\":[{\"@type\":\"ReadAction\",\"target\":[\"https:\/\/www.meliconi.com\/pt-pt\/produto\/torre-green\/\"]}]},{\"@type\":\"ImageObject\",\"inLanguage\":\"pt-PT\",\"@id\":\"https:\/\/www.meliconi.com\/pt-pt\/produto\/torre-green\/#primaryimage\",\"url\":\"https:\/\/www.meliconi.com\/wp-content\/uploads\/2024\/10\/656129_TORRE-GREEN-1.png\",\"contentUrl\":\"https:\/\/www.meliconi.com\/wp-content\/uploads\/2024\/10\/656129_TORRE-GREEN-1.png\",\"width\":5000,\"height\":3535},{\"@type\":\"BreadcrumbList\",\"@id\":\"https:\/\/www.meliconi.com\/pt-pt\/produto\/torre-green\/#breadcrumb\",\"itemListElement\":[{\"@type\":\"ListItem\",\"position\":1,\"name\":\"Home\",\"item\":\"https:\/\/www.meliconi.com\/pt-pt\/\"},{\"@type\":\"ListItem\",\"position\":2,\"name\":\"Shop\",\"item\":\"https:\/\/www.meliconi.com\/pt-pt\/shop-pt\/\"},{\"@type\":\"ListItem\",\"position\":3,\"name\":\"Torre Green+\"}]},{\"@type\":\"WebSite\",\"@id\":\"https:\/\/www.meliconi.com\/pt-pt\/#website\",\"url\":\"https:\/\/www.meliconi.com\/pt-pt\/\",\"name\":\"Meliconi\",\"description\":\"Lo specialista dell&#039;accessorio\",\"publisher\":{\"@id\":\"https:\/\/www.meliconi.com\/pt-pt\/#organization\"},\"potentialAction\":[{\"@type\":\"SearchAction\",\"target\":{\"@type\":\"EntryPoint\",\"urlTemplate\":\"https:\/\/www.meliconi.com\/pt-pt\/?s={search_term_string}\"},\"query-input\":{\"@type\":\"PropertyValueSpecification\",\"valueRequired\":true,\"valueName\":\"search_term_string\"}}],\"inLanguage\":\"pt-PT\"},{\"@type\":\"Organization\",\"@id\":\"https:\/\/www.meliconi.com\/pt-pt\/#organization\",\"name\":\"Meliconi\",\"url\":\"https:\/\/www.meliconi.com\/pt-pt\/\",\"logo\":{\"@type\":\"ImageObject\",\"inLanguage\":\"pt-PT\",\"@id\":\"https:\/\/www.meliconi.com\/pt-pt\/#\/schema\/logo\/image\/\",\"url\":\"https:\/\/www.meliconi.com\/wp-content\/uploads\/2021\/06\/logo-meliconi.png\",\"contentUrl\":\"https:\/\/www.meliconi.com\/wp-content\/uploads\/2021\/06\/logo-meliconi.png\",\"width\":338,\"height\":102,\"caption\":\"Meliconi\"},\"image\":{\"@id\":\"https:\/\/www.meliconi.com\/pt-pt\/#\/schema\/logo\/image\/\"}}]}<\/script>\n<!-- \/ Yoast SEO plugin. -->","yoast_head_json":{"title":"Torre Green+ - Meliconi","robots":{"index":"index","follow":"follow","max-snippet":"max-snippet:-1","max-image-preview":"max-image-preview:large","max-video-preview":"max-video-preview:-1"},"canonical":"https:\/\/www.meliconi.com\/pt-pt\/produto\/torre-green\/","og_locale":"pt_PT","og_type":"article","og_title":"Torre Green+ - Meliconi","og_description":"Permite ganhar espa\u00e7o ao colocar a secadora sobre a m\u00e1quina de lavar    Compat\u00edvel com todas as m\u00e1quinas de lavar e secadoras de carga frontal com 60 cm de largura e mais de 70 cm de profundidade    Peso m\u00e1ximo suportado: 250 kg    A prateleira extra\u00edvel em madeira laminada, situada a uma altura conveniente, oferece apoio pr\u00e1tico e ampla superf\u00edcie de trabalho para dobrar a roupa. Capacidade m\u00e1xima: 10 kg    Estrutura em tecnopol\u00edmero de alta resist\u00eancia, garantindo a estabilidade dos eletrodom\u00e9sticos    Inclui cinta de seguran\u00e7a de 6 m    F\u00e1cil e r\u00e1pido de instalar","og_url":"https:\/\/www.meliconi.com\/pt-pt\/produto\/torre-green\/","og_site_name":"Meliconi","og_image":[{"width":1024,"height":724,"url":"https:\/\/www.meliconi.com\/wp-content\/uploads\/2024\/10\/656129_TORRE-GREEN-1-1024x724.png","type":"image\/png"}],"twitter_card":"summary_large_image","twitter_misc":{"Tempo estimado de leitura":"1 minuto"},"schema":{"@context":"https:\/\/schema.org","@graph":[{"@type":"WebPage","@id":"https:\/\/www.meliconi.com\/pt-pt\/produto\/torre-green\/","url":"https:\/\/www.meliconi.com\/pt-pt\/produto\/torre-green\/","name":"Torre Green+ - Meliconi","isPartOf":{"@id":"https:\/\/www.meliconi.com\/pt-pt\/#website"},"primaryImageOfPage":{"@id":"https:\/\/www.meliconi.com\/pt-pt\/produto\/torre-green\/#primaryimage"},"image":{"@id":"https:\/\/www.meliconi.com\/pt-pt\/produto\/torre-green\/#primaryimage"},"thumbnailUrl":"https:\/\/www.meliconi.com\/wp-content\/uploads\/2024\/10\/656129_TORRE-GREEN-1.png","datePublished":"2025-12-09T12:53:04+00:00","breadcrumb":{"@id":"https:\/\/www.meliconi.com\/pt-pt\/produto\/torre-green\/#breadcrumb"},"inLanguage":"pt-PT","potentialAction":[{"@type":"ReadAction","target":["https:\/\/www.meliconi.com\/pt-pt\/produto\/torre-green\/"]}]},{"@type":"ImageObject","inLanguage":"pt-PT","@id":"https:\/\/www.meliconi.com\/pt-pt\/produto\/torre-green\/#primaryimage","url":"https:\/\/www.meliconi.com\/wp-content\/uploads\/2024\/10\/656129_TORRE-GREEN-1.png","contentUrl":"https:\/\/www.meliconi.com\/wp-content\/uploads\/2024\/10\/656129_TORRE-GREEN-1.png","width":5000,"height":3535},{"@type":"BreadcrumbList","@id":"https:\/\/www.meliconi.com\/pt-pt\/produto\/torre-green\/#breadcrumb","itemListElement":[{"@type":"ListItem","position":1,"name":"Home","item":"https:\/\/www.meliconi.com\/pt-pt\/"},{"@type":"ListItem","position":2,"name":"Shop","item":"https:\/\/www.meliconi.com\/pt-pt\/shop-pt\/"},{"@type":"ListItem","position":3,"name":"Torre Green+"}]},{"@type":"WebSite","@id":"https:\/\/www.meliconi.com\/pt-pt\/#website","url":"https:\/\/www.meliconi.com\/pt-pt\/","name":"Meliconi","description":"Lo specialista dell&#039;accessorio","publisher":{"@id":"https:\/\/www.meliconi.com\/pt-pt\/#organization"},"potentialAction":[{"@type":"SearchAction","target":{"@type":"EntryPoint","urlTemplate":"https:\/\/www.meliconi.com\/pt-pt\/?s={search_term_string}"},"query-input":{"@type":"PropertyValueSpecification","valueRequired":true,"valueName":"search_term_string"}}],"inLanguage":"pt-PT"},{"@type":"Organization","@id":"https:\/\/www.meliconi.com\/pt-pt\/#organization","name":"Meliconi","url":"https:\/\/www.meliconi.com\/pt-pt\/","logo":{"@type":"ImageObject","inLanguage":"pt-PT","@id":"https:\/\/www.meliconi.com\/pt-pt\/#\/schema\/logo\/image\/","url":"https:\/\/www.meliconi.com\/wp-content\/uploads\/2021\/06\/logo-meliconi.png","contentUrl":"https:\/\/www.meliconi.com\/wp-content\/uploads\/2021\/06\/logo-meliconi.png","width":338,"height":102,"caption":"Meliconi"},"image":{"@id":"https:\/\/www.meliconi.com\/pt-pt\/#\/schema\/logo\/image\/"}}]}},"_links":{"self":[{"href":"https:\/\/www.meliconi.com\/pt-pt\/wp-json\/wp\/v2\/product\/66992","targetHints":{"allow":["GET"]}}],"collection":[{"href":"https:\/\/www.meliconi.com\/pt-pt\/wp-json\/wp\/v2\/product"}],"about":[{"href":"https:\/\/www.meliconi.com\/pt-pt\/wp-json\/wp\/v2\/types\/product"}],"wp:featuredmedia":[{"embeddable":true,"href":"https:\/\/www.meliconi.com\/pt-pt\/wp-json\/wp\/v2\/media\/67001"}],"wp:attachment":[{"href":"https:\/\/www.meliconi.com\/pt-pt\/wp-json\/wp\/v2\/media?parent=66992"}],"wp:term":[{"taxonomy":"product_cat","embeddable":true,"href":"https:\/\/www.meliconi.com\/pt-pt\/wp-json\/wp\/v2\/product_cat?post=66992"},{"taxonomy":"product_tag","embeddable":true,"href":"https:\/\/www.meliconi.com\/pt-pt\/wp-json\/wp\/v2\/product_tag?post=66992"}],"curies":[{"name":"wp","href":"https:\/\/api.w.org\/{rel}","templated":true}]}}