{"id":66929,"date":"2021-06-25T15:56:57","date_gmt":"2025-12-09T12:51:11","guid":{"rendered":"https:\/\/www.meliconi.com\/?post_type=product&#038;p=66929"},"modified":"2025-12-09T13:51:11","modified_gmt":"2025-12-09T12:51:11","slug":"torre-extra-l60","status":"publish","type":"product","link":"https:\/\/www.meliconi.com\/pt-pt\/produto\/torre-extra-l60\/","title":{"rendered":"Torre Extra L60"},"content":{"rendered":"<p>Estrutura em <strong data-start=\"13\" data-end=\"57\">tecnopol\u00edmero refor\u00e7ado ultrarresistente<\/strong> com <strong data-start=\"62\" data-end=\"82\">gaveta extra\u00edvel<\/strong>.<br data-start=\"83\" data-end=\"86\" \/><strong data-start=\"86\" data-end=\"120\">Capacidade de carga da gaveta:<\/strong> 10 kg<br data-start=\"126\" data-end=\"129\" \/><strong data-start=\"129\" data-end=\"140\">Volume:<\/strong> 28 litros<br data-start=\"150\" data-end=\"153\" \/>Inclui <strong data-start=\"160\" data-end=\"194\">cinta de seguran\u00e7a de 6 metros<\/strong> com fivela met\u00e1lica (<strong data-start=\"216\" data-end=\"249\">n\u00e3o s\u00e3o necess\u00e1rios parafusos<\/strong>)<br data-start=\"250\" data-end=\"253\" \/>Inclui <strong data-start=\"260\" data-end=\"289\">prote\u00e7\u00f5es de espuma macia<\/strong><br data-start=\"289\" data-end=\"292\" \/><strong data-start=\"292\" data-end=\"307\">Pr\u00e9-montado<\/strong> e f\u00e1cil de instalar<br data-start=\"327\" data-end=\"330\" \/>Compat\u00edvel com todas as <strong data-start=\"354\" data-end=\"392\">m\u00e1quinas de lavar de carga frontal<\/strong> (profundidade m\u00ednima de 45 cm e largura m\u00e1xima de 60 cm) e com todas as <strong data-start=\"465\" data-end=\"495\">secadoras de carga frontal<\/strong>, mesmo que excedam 60 cm de profundidade (dependendo do modelo)<\/p>\n","protected":false},"excerpt":{"rendered":"<p>Kit de empilhamento para secadora e m\u00e1quina de lavar com <strong data-start=\"57\" data-end=\"77\">gaveta extra\u00edvel<\/strong> de <strong data-start=\"81\" data-end=\"108\">28 litros de capacidade<\/strong>. <strong data-start=\"110\" data-end=\"141\">Cinto de seguran\u00e7a inclu\u00eddo<\/strong>.<\/p>\n","protected":false},"featured_media":12188,"template":"","meta":{"_acf_changed":false},"product_cat":[1676,1681],"product_tag":[],"class_list":{"0":"post-66929","1":"product","2":"type-product","3":"status-publish","4":"has-post-thumbnail","6":"product_cat-cat-acessorios-eletrodomesticos","7":"product_cat-kit-de-sobreposicao","9":"first","10":"instock","11":"sale","12":"taxable","13":"shipping-taxable","14":"purchasable","15":"product-type-simple"},"acf":[],"yoast_head":"<!-- This site is optimized with the Yoast SEO plugin v26.1.1 - https:\/\/yoast.com\/wordpress\/plugins\/seo\/ -->\n<title>Torre Extra L60 - Meliconi<\/title>\n<meta name=\"robots\" content=\"index, follow, max-snippet:-1, max-image-preview:large, max-video-preview:-1\" \/>\n<link rel=\"canonical\" href=\"https:\/\/www.meliconi.com\/pt-pt\/produto\/torre-extra-l60\/\" \/>\n<meta property=\"og:locale\" content=\"pt_PT\" \/>\n<meta property=\"og:type\" content=\"article\" \/>\n<meta property=\"og:title\" content=\"Torre Extra L60 - Meliconi\" \/>\n<meta property=\"og:description\" content=\"Kit de empilhamento para secadora e m\u00e1quina de lavar com gaveta extra\u00edvel de 28 litros de capacidade. Cinto de seguran\u00e7a inclu\u00eddo.\" \/>\n<meta property=\"og:url\" content=\"https:\/\/www.meliconi.com\/pt-pt\/produto\/torre-extra-l60\/\" \/>\n<meta property=\"og:site_name\" content=\"Meliconi\" \/>\n<meta name=\"twitter:card\" content=\"summary_large_image\" \/>\n<script type=\"application\/ld+json\" class=\"yoast-schema-graph\">{\"@context\":\"https:\/\/schema.org\",\"@graph\":[{\"@type\":\"WebPage\",\"@id\":\"https:\/\/www.meliconi.com\/pt-pt\/produto\/torre-extra-l60\/\",\"url\":\"https:\/\/www.meliconi.com\/pt-pt\/produto\/torre-extra-l60\/\",\"name\":\"Torre Extra L60 - Meliconi\",\"isPartOf\":{\"@id\":\"https:\/\/www.meliconi.com\/pt-pt\/#website\"},\"primaryImageOfPage\":{\"@id\":\"https:\/\/www.meliconi.com\/pt-pt\/produto\/torre-extra-l60\/#primaryimage\"},\"image\":{\"@id\":\"https:\/\/www.meliconi.com\/pt-pt\/produto\/torre-extra-l60\/#primaryimage\"},\"thumbnailUrl\":\"https:\/\/www.meliconi.com\/wp-content\/uploads\/2021\/06\/IMM_BaseTorreExtra_L60.jpeg\",\"datePublished\":\"2025-12-09T12:51:11+00:00\",\"breadcrumb\":{\"@id\":\"https:\/\/www.meliconi.com\/pt-pt\/produto\/torre-extra-l60\/#breadcrumb\"},\"inLanguage\":\"pt-PT\",\"potentialAction\":[{\"@type\":\"ReadAction\",\"target\":[\"https:\/\/www.meliconi.com\/pt-pt\/produto\/torre-extra-l60\/\"]}]},{\"@type\":\"ImageObject\",\"inLanguage\":\"pt-PT\",\"@id\":\"https:\/\/www.meliconi.com\/pt-pt\/produto\/torre-extra-l60\/#primaryimage\",\"url\":\"https:\/\/www.meliconi.com\/wp-content\/uploads\/2021\/06\/IMM_BaseTorreExtra_L60.jpeg\",\"contentUrl\":\"https:\/\/www.meliconi.com\/wp-content\/uploads\/2021\/06\/IMM_BaseTorreExtra_L60.jpeg\",\"width\":572,\"height\":405},{\"@type\":\"BreadcrumbList\",\"@id\":\"https:\/\/www.meliconi.com\/pt-pt\/produto\/torre-extra-l60\/#breadcrumb\",\"itemListElement\":[{\"@type\":\"ListItem\",\"position\":1,\"name\":\"Home\",\"item\":\"https:\/\/www.meliconi.com\/pt-pt\/\"},{\"@type\":\"ListItem\",\"position\":2,\"name\":\"Shop\",\"item\":\"https:\/\/www.meliconi.com\/pt-pt\/shop-pt\/\"},{\"@type\":\"ListItem\",\"position\":3,\"name\":\"Torre Extra L60\"}]},{\"@type\":\"WebSite\",\"@id\":\"https:\/\/www.meliconi.com\/pt-pt\/#website\",\"url\":\"https:\/\/www.meliconi.com\/pt-pt\/\",\"name\":\"Meliconi\",\"description\":\"Lo specialista dell&#039;accessorio\",\"publisher\":{\"@id\":\"https:\/\/www.meliconi.com\/pt-pt\/#organization\"},\"potentialAction\":[{\"@type\":\"SearchAction\",\"target\":{\"@type\":\"EntryPoint\",\"urlTemplate\":\"https:\/\/www.meliconi.com\/pt-pt\/?s={search_term_string}\"},\"query-input\":{\"@type\":\"PropertyValueSpecification\",\"valueRequired\":true,\"valueName\":\"search_term_string\"}}],\"inLanguage\":\"pt-PT\"},{\"@type\":\"Organization\",\"@id\":\"https:\/\/www.meliconi.com\/pt-pt\/#organization\",\"name\":\"Meliconi\",\"url\":\"https:\/\/www.meliconi.com\/pt-pt\/\",\"logo\":{\"@type\":\"ImageObject\",\"inLanguage\":\"pt-PT\",\"@id\":\"https:\/\/www.meliconi.com\/pt-pt\/#\/schema\/logo\/image\/\",\"url\":\"https:\/\/www.meliconi.com\/wp-content\/uploads\/2021\/06\/logo-meliconi.png\",\"contentUrl\":\"https:\/\/www.meliconi.com\/wp-content\/uploads\/2021\/06\/logo-meliconi.png\",\"width\":338,\"height\":102,\"caption\":\"Meliconi\"},\"image\":{\"@id\":\"https:\/\/www.meliconi.com\/pt-pt\/#\/schema\/logo\/image\/\"}}]}<\/script>\n<!-- \/ Yoast SEO plugin. -->","yoast_head_json":{"title":"Torre Extra L60 - Meliconi","robots":{"index":"index","follow":"follow","max-snippet":"max-snippet:-1","max-image-preview":"max-image-preview:large","max-video-preview":"max-video-preview:-1"},"canonical":"https:\/\/www.meliconi.com\/pt-pt\/produto\/torre-extra-l60\/","og_locale":"pt_PT","og_type":"article","og_title":"Torre Extra L60 - Meliconi","og_description":"Kit de empilhamento para secadora e m\u00e1quina de lavar com gaveta extra\u00edvel de 28 litros de capacidade. Cinto de seguran\u00e7a inclu\u00eddo.","og_url":"https:\/\/www.meliconi.com\/pt-pt\/produto\/torre-extra-l60\/","og_site_name":"Meliconi","twitter_card":"summary_large_image","schema":{"@context":"https:\/\/schema.org","@graph":[{"@type":"WebPage","@id":"https:\/\/www.meliconi.com\/pt-pt\/produto\/torre-extra-l60\/","url":"https:\/\/www.meliconi.com\/pt-pt\/produto\/torre-extra-l60\/","name":"Torre Extra L60 - Meliconi","isPartOf":{"@id":"https:\/\/www.meliconi.com\/pt-pt\/#website"},"primaryImageOfPage":{"@id":"https:\/\/www.meliconi.com\/pt-pt\/produto\/torre-extra-l60\/#primaryimage"},"image":{"@id":"https:\/\/www.meliconi.com\/pt-pt\/produto\/torre-extra-l60\/#primaryimage"},"thumbnailUrl":"https:\/\/www.meliconi.com\/wp-content\/uploads\/2021\/06\/IMM_BaseTorreExtra_L60.jpeg","datePublished":"2025-12-09T12:51:11+00:00","breadcrumb":{"@id":"https:\/\/www.meliconi.com\/pt-pt\/produto\/torre-extra-l60\/#breadcrumb"},"inLanguage":"pt-PT","potentialAction":[{"@type":"ReadAction","target":["https:\/\/www.meliconi.com\/pt-pt\/produto\/torre-extra-l60\/"]}]},{"@type":"ImageObject","inLanguage":"pt-PT","@id":"https:\/\/www.meliconi.com\/pt-pt\/produto\/torre-extra-l60\/#primaryimage","url":"https:\/\/www.meliconi.com\/wp-content\/uploads\/2021\/06\/IMM_BaseTorreExtra_L60.jpeg","contentUrl":"https:\/\/www.meliconi.com\/wp-content\/uploads\/2021\/06\/IMM_BaseTorreExtra_L60.jpeg","width":572,"height":405},{"@type":"BreadcrumbList","@id":"https:\/\/www.meliconi.com\/pt-pt\/produto\/torre-extra-l60\/#breadcrumb","itemListElement":[{"@type":"ListItem","position":1,"name":"Home","item":"https:\/\/www.meliconi.com\/pt-pt\/"},{"@type":"ListItem","position":2,"name":"Shop","item":"https:\/\/www.meliconi.com\/pt-pt\/shop-pt\/"},{"@type":"ListItem","position":3,"name":"Torre Extra L60"}]},{"@type":"WebSite","@id":"https:\/\/www.meliconi.com\/pt-pt\/#website","url":"https:\/\/www.meliconi.com\/pt-pt\/","name":"Meliconi","description":"Lo specialista dell&#039;accessorio","publisher":{"@id":"https:\/\/www.meliconi.com\/pt-pt\/#organization"},"potentialAction":[{"@type":"SearchAction","target":{"@type":"EntryPoint","urlTemplate":"https:\/\/www.meliconi.com\/pt-pt\/?s={search_term_string}"},"query-input":{"@type":"PropertyValueSpecification","valueRequired":true,"valueName":"search_term_string"}}],"inLanguage":"pt-PT"},{"@type":"Organization","@id":"https:\/\/www.meliconi.com\/pt-pt\/#organization","name":"Meliconi","url":"https:\/\/www.meliconi.com\/pt-pt\/","logo":{"@type":"ImageObject","inLanguage":"pt-PT","@id":"https:\/\/www.meliconi.com\/pt-pt\/#\/schema\/logo\/image\/","url":"https:\/\/www.meliconi.com\/wp-content\/uploads\/2021\/06\/logo-meliconi.png","contentUrl":"https:\/\/www.meliconi.com\/wp-content\/uploads\/2021\/06\/logo-meliconi.png","width":338,"height":102,"caption":"Meliconi"},"image":{"@id":"https:\/\/www.meliconi.com\/pt-pt\/#\/schema\/logo\/image\/"}}]}},"_links":{"self":[{"href":"https:\/\/www.meliconi.com\/pt-pt\/wp-json\/wp\/v2\/product\/66929","targetHints":{"allow":["GET"]}}],"collection":[{"href":"https:\/\/www.meliconi.com\/pt-pt\/wp-json\/wp\/v2\/product"}],"about":[{"href":"https:\/\/www.meliconi.com\/pt-pt\/wp-json\/wp\/v2\/types\/product"}],"wp:featuredmedia":[{"embeddable":true,"href":"https:\/\/www.meliconi.com\/pt-pt\/wp-json\/wp\/v2\/media\/12188"}],"wp:attachment":[{"href":"https:\/\/www.meliconi.com\/pt-pt\/wp-json\/wp\/v2\/media?parent=66929"}],"wp:term":[{"taxonomy":"product_cat","embeddable":true,"href":"https:\/\/www.meliconi.com\/pt-pt\/wp-json\/wp\/v2\/product_cat?post=66929"},{"taxonomy":"product_tag","embeddable":true,"href":"https:\/\/www.meliconi.com\/pt-pt\/wp-json\/wp\/v2\/product_tag?post=66929"}],"curies":[{"name":"wp","href":"https:\/\/api.w.org\/{rel}","templated":true}]}}