{"id":66919,"date":"2025-04-04T15:38:59","date_gmt":"2025-12-09T12:50:07","guid":{"rendered":"https:\/\/www.meliconi.com\/?post_type=product&#038;p=66919"},"modified":"2025-12-09T13:50:07","modified_gmt":"2025-12-09T12:50:07","slug":"torre-square-l60","status":"publish","type":"product","link":"https:\/\/www.meliconi.com\/pt-pt\/produto\/torre-square-l60\/","title":{"rendered":"Torre Square L60"},"content":{"rendered":"<p data-start=\"0\" data-end=\"281\">O <strong data-start=\"2\" data-end=\"42\">kit de empilhamento Torre Square L60<\/strong> otimiza o espa\u00e7o na lavandaria, permitindo colocar a secadora sobre a m\u00e1quina de lavar de forma <strong data-start=\"139\" data-end=\"157\">f\u00e1cil e segura<\/strong>. Equipado com uma <strong data-start=\"176\" data-end=\"208\">prateleira extra\u00edvel pr\u00e1tica<\/strong>, proporciona uma base funcional durante a rotina de lavagem e secagem.<\/p>\n<p data-start=\"283\" data-end=\"441\"><strong data-start=\"283\" data-end=\"296\">Universal<\/strong>, compat\u00edvel com a maioria das <strong data-start=\"327\" data-end=\"377\">m\u00e1quinas de lavar e secadoras de carga frontal<\/strong> com <strong data-start=\"382\" data-end=\"402\" data-is-only-node=\"\">60 cm de largura<\/strong> e mais de <strong data-start=\"413\" data-end=\"438\">60 cm de profundidade<\/strong>.<\/p>\n<ul data-start=\"443\" data-end=\"810\" data-is-last-node=\"\" data-is-only-node=\"\">\n<li data-start=\"443\" data-end=\"480\">\n<p data-start=\"445\" data-end=\"480\"><strong data-start=\"445\" data-end=\"471\">Peso m\u00e1ximo suportado:<\/strong> 250 kg<\/p>\n<\/li>\n<li data-start=\"481\" data-end=\"627\">\n<p data-start=\"483\" data-end=\"627\">A <strong data-start=\"485\" data-end=\"509\">prateleira extra\u00edvel<\/strong>, situada a uma altura conveniente, oferece <strong data-start=\"553\" data-end=\"570\">apoio pr\u00e1tico<\/strong> e ampla <strong data-start=\"579\" data-end=\"605\">superf\u00edcie de trabalho<\/strong> para dobrar a roupa<\/p>\n<\/li>\n<li data-start=\"628\" data-end=\"669\">\n<p data-start=\"630\" data-end=\"669\"><strong data-start=\"630\" data-end=\"661\">Capacidade m\u00e1xima de carga:<\/strong> 10 kg<\/p>\n<\/li>\n<li data-start=\"670\" data-end=\"764\">\n<p data-start=\"672\" data-end=\"764\">Inclui <strong data-start=\"679\" data-end=\"713\">cinta de seguran\u00e7a de 6 metros<\/strong> com fivela met\u00e1lica, com passagem externa ao kit<\/p>\n<\/li>\n<li data-start=\"765\" data-end=\"810\" data-is-last-node=\"\">\n<p data-start=\"767\" data-end=\"810\" data-is-last-node=\"\"><strong data-start=\"767\" data-end=\"782\">Pr\u00e9-montado<\/strong>, f\u00e1cil e r\u00e1pido de instalar<\/p>\n<\/li>\n<\/ul>\n","protected":false},"excerpt":{"rendered":"<article class=\"text-token-text-primary w-full focus:outline-none scroll-mt-[calc(var(--header-height)+min(200px,max(70px,20svh)))]\" dir=\"auto\" data-turn-id=\"request-WEB:b49f3bb3-fefe-4e25-a848-b8dbc54125b5-60\" data-testid=\"conversation-turn-122\" data-scroll-anchor=\"true\" data-turn=\"assistant\">\n<div class=\"text-base my-auto mx-auto pb-10 [--thread-content-margin:--spacing(4)] thread-sm:[--thread-content-margin:--spacing(6)] thread-lg:[--thread-content-margin:--spacing(16)] px-(--thread-content-margin)\">\n<div class=\"[--thread-content-max-width:40rem] thread-lg:[--thread-content-max-width:48rem] mx-auto max-w-(--thread-content-max-width) flex-1 group\/turn-messages focus-visible:outline-hidden relative flex w-full min-w-0 flex-col agent-turn\">\n<div class=\"flex max-w-full flex-col grow\">\n<div class=\"min-h-8 text-message relative flex w-full flex-col items-end gap-2 text-start break-words whitespace-normal [.text-message+&amp;]:mt-5\" dir=\"auto\" data-message-author-role=\"assistant\" data-message-id=\"48933462-28af-4eb5-84dd-4fc559e913ee\" data-message-model-slug=\"gpt-5-mini\">\n<div class=\"flex w-full flex-col gap-1 empty:hidden first:pt-[1px]\">\n<div class=\"markdown prose dark:prose-invert w-full break-words light markdown-new-styling\">\n<ul data-start=\"0\" data-end=\"549\" data-is-last-node=\"\" data-is-only-node=\"\">\n<li data-start=\"0\" data-end=\"156\">\n<p data-start=\"2\" data-end=\"156\"><strong data-start=\"2\" data-end=\"16\" data-is-only-node=\"\">Universal:<\/strong> compat\u00edvel com quase todas as m\u00e1quinas de lavar e secadoras de carga frontal com <strong data-start=\"98\" data-end=\"118\">60 cm de largura<\/strong> e mais de <strong data-start=\"129\" data-end=\"154\">60 cm de profundidade<\/strong><\/p>\n<\/li>\n<li data-start=\"157\" data-end=\"194\">\n<p data-start=\"159\" data-end=\"194\"><strong data-start=\"159\" data-end=\"185\" data-is-only-node=\"\">Peso m\u00e1ximo suportado:<\/strong> 250 kg<\/p>\n<\/li>\n<li data-start=\"195\" data-end=\"271\">\n<p data-start=\"197\" data-end=\"271\">Permite <strong data-start=\"205\" data-end=\"222\">ganhar espa\u00e7o<\/strong> ao colocar a secadora sobre a m\u00e1quina de lavar<\/p>\n<\/li>\n<li data-start=\"272\" data-end=\"445\">\n<p data-start=\"274\" data-end=\"445\">A <strong data-start=\"276\" data-end=\"317\">prateleira extra\u00edvel em tecnopol\u00edmero<\/strong>, situada a uma altura conveniente, oferece ampla <strong data-start=\"367\" data-end=\"393\">superf\u00edcie de trabalho<\/strong> para dobrar a roupa. <strong data-start=\"415\" data-end=\"437\">Capacidade m\u00e1xima:<\/strong> 10 kg<\/p>\n<\/li>\n<li data-start=\"446\" data-end=\"511\">\n<p data-start=\"448\" data-end=\"511\">Inclui <strong data-start=\"455\" data-end=\"489\">cinta de seguran\u00e7a de 6 metros<\/strong> com fivela met\u00e1lica<\/p>\n<\/li>\n<li data-start=\"512\" data-end=\"549\" data-is-last-node=\"\">\n<p data-start=\"514\" data-end=\"549\" data-is-last-node=\"\"><strong data-start=\"514\" data-end=\"529\" data-is-only-node=\"\">Pr\u00e9-montado<\/strong> e f\u00e1cil de instalar<\/p>\n<\/li>\n<\/ul>\n<\/div>\n<\/div>\n<\/div>\n<\/div>\n<\/div>\n<\/div>\n<\/article>\n","protected":false},"featured_media":66928,"template":"","meta":{"_acf_changed":false},"product_cat":[1681],"product_tag":[],"class_list":{"0":"post-66919","1":"product","2":"type-product","3":"status-publish","4":"has-post-thumbnail","6":"product_cat-kit-de-sobreposicao","8":"first","9":"instock","10":"taxable","11":"shipping-taxable","12":"product-type-simple"},"acf":[],"yoast_head":"<!-- This site is optimized with the Yoast SEO plugin v26.1.1 - https:\/\/yoast.com\/wordpress\/plugins\/seo\/ -->\n<title>Torre Square L60 - Meliconi<\/title>\n<meta name=\"robots\" content=\"index, follow, max-snippet:-1, max-image-preview:large, max-video-preview:-1\" \/>\n<link rel=\"canonical\" href=\"https:\/\/www.meliconi.com\/pt-pt\/produto\/torre-square-l60\/\" \/>\n<meta property=\"og:locale\" content=\"pt_PT\" \/>\n<meta property=\"og:type\" content=\"article\" \/>\n<meta property=\"og:title\" content=\"Torre Square L60 - Meliconi\" \/>\n<meta property=\"og:description\" content=\"Universal: compat\u00edvel com quase todas as m\u00e1quinas de lavar e secadoras de carga frontal com 60 cm de largura e mais de 60 cm de profundidade    Peso m\u00e1ximo suportado: 250 kg    Permite ganhar espa\u00e7o ao colocar a secadora sobre a m\u00e1quina de lavar    A prateleira extra\u00edvel em tecnopol\u00edmero, situada a uma altura conveniente, oferece ampla superf\u00edcie de trabalho para dobrar a roupa. Capacidade m\u00e1xima: 10 kg    Inclui cinta de seguran\u00e7a de 6 metros com fivela met\u00e1lica    Pr\u00e9-montado e f\u00e1cil de instalar\" \/>\n<meta property=\"og:url\" content=\"https:\/\/www.meliconi.com\/pt-pt\/produto\/torre-square-l60\/\" \/>\n<meta property=\"og:site_name\" content=\"Meliconi\" \/>\n<meta property=\"og:image\" content=\"https:\/\/www.meliconi.com\/wp-content\/uploads\/2025\/04\/656118BC_TORRE-SQUARE-still-close-1024x724.png\" \/>\n\t<meta property=\"og:image:width\" content=\"1024\" \/>\n\t<meta property=\"og:image:height\" content=\"724\" \/>\n\t<meta property=\"og:image:type\" content=\"image\/png\" \/>\n<meta name=\"twitter:card\" content=\"summary_large_image\" \/>\n<meta name=\"twitter:label1\" content=\"Tempo estimado de leitura\" \/>\n\t<meta name=\"twitter:data1\" content=\"1 minuto\" \/>\n<script type=\"application\/ld+json\" class=\"yoast-schema-graph\">{\"@context\":\"https:\/\/schema.org\",\"@graph\":[{\"@type\":\"WebPage\",\"@id\":\"https:\/\/www.meliconi.com\/pt-pt\/produto\/torre-square-l60\/\",\"url\":\"https:\/\/www.meliconi.com\/pt-pt\/produto\/torre-square-l60\/\",\"name\":\"Torre Square L60 - Meliconi\",\"isPartOf\":{\"@id\":\"https:\/\/www.meliconi.com\/pt-pt\/#website\"},\"primaryImageOfPage\":{\"@id\":\"https:\/\/www.meliconi.com\/pt-pt\/produto\/torre-square-l60\/#primaryimage\"},\"image\":{\"@id\":\"https:\/\/www.meliconi.com\/pt-pt\/produto\/torre-square-l60\/#primaryimage\"},\"thumbnailUrl\":\"https:\/\/www.meliconi.com\/wp-content\/uploads\/2025\/04\/656118BC_TORRE-SQUARE-still-close.png\",\"datePublished\":\"2025-12-09T12:50:07+00:00\",\"breadcrumb\":{\"@id\":\"https:\/\/www.meliconi.com\/pt-pt\/produto\/torre-square-l60\/#breadcrumb\"},\"inLanguage\":\"pt-PT\",\"potentialAction\":[{\"@type\":\"ReadAction\",\"target\":[\"https:\/\/www.meliconi.com\/pt-pt\/produto\/torre-square-l60\/\"]}]},{\"@type\":\"ImageObject\",\"inLanguage\":\"pt-PT\",\"@id\":\"https:\/\/www.meliconi.com\/pt-pt\/produto\/torre-square-l60\/#primaryimage\",\"url\":\"https:\/\/www.meliconi.com\/wp-content\/uploads\/2025\/04\/656118BC_TORRE-SQUARE-still-close.png\",\"contentUrl\":\"https:\/\/www.meliconi.com\/wp-content\/uploads\/2025\/04\/656118BC_TORRE-SQUARE-still-close.png\",\"width\":10000,\"height\":7070},{\"@type\":\"BreadcrumbList\",\"@id\":\"https:\/\/www.meliconi.com\/pt-pt\/produto\/torre-square-l60\/#breadcrumb\",\"itemListElement\":[{\"@type\":\"ListItem\",\"position\":1,\"name\":\"Home\",\"item\":\"https:\/\/www.meliconi.com\/pt-pt\/\"},{\"@type\":\"ListItem\",\"position\":2,\"name\":\"Shop\",\"item\":\"https:\/\/www.meliconi.com\/pt-pt\/shop-pt\/\"},{\"@type\":\"ListItem\",\"position\":3,\"name\":\"Torre Square L60\"}]},{\"@type\":\"WebSite\",\"@id\":\"https:\/\/www.meliconi.com\/pt-pt\/#website\",\"url\":\"https:\/\/www.meliconi.com\/pt-pt\/\",\"name\":\"Meliconi\",\"description\":\"Lo specialista dell&#039;accessorio\",\"publisher\":{\"@id\":\"https:\/\/www.meliconi.com\/pt-pt\/#organization\"},\"potentialAction\":[{\"@type\":\"SearchAction\",\"target\":{\"@type\":\"EntryPoint\",\"urlTemplate\":\"https:\/\/www.meliconi.com\/pt-pt\/?s={search_term_string}\"},\"query-input\":{\"@type\":\"PropertyValueSpecification\",\"valueRequired\":true,\"valueName\":\"search_term_string\"}}],\"inLanguage\":\"pt-PT\"},{\"@type\":\"Organization\",\"@id\":\"https:\/\/www.meliconi.com\/pt-pt\/#organization\",\"name\":\"Meliconi\",\"url\":\"https:\/\/www.meliconi.com\/pt-pt\/\",\"logo\":{\"@type\":\"ImageObject\",\"inLanguage\":\"pt-PT\",\"@id\":\"https:\/\/www.meliconi.com\/pt-pt\/#\/schema\/logo\/image\/\",\"url\":\"https:\/\/www.meliconi.com\/wp-content\/uploads\/2021\/06\/logo-meliconi.png\",\"contentUrl\":\"https:\/\/www.meliconi.com\/wp-content\/uploads\/2021\/06\/logo-meliconi.png\",\"width\":338,\"height\":102,\"caption\":\"Meliconi\"},\"image\":{\"@id\":\"https:\/\/www.meliconi.com\/pt-pt\/#\/schema\/logo\/image\/\"}}]}<\/script>\n<!-- \/ Yoast SEO plugin. -->","yoast_head_json":{"title":"Torre Square L60 - Meliconi","robots":{"index":"index","follow":"follow","max-snippet":"max-snippet:-1","max-image-preview":"max-image-preview:large","max-video-preview":"max-video-preview:-1"},"canonical":"https:\/\/www.meliconi.com\/pt-pt\/produto\/torre-square-l60\/","og_locale":"pt_PT","og_type":"article","og_title":"Torre Square L60 - Meliconi","og_description":"Universal: compat\u00edvel com quase todas as m\u00e1quinas de lavar e secadoras de carga frontal com 60 cm de largura e mais de 60 cm de profundidade    Peso m\u00e1ximo suportado: 250 kg    Permite ganhar espa\u00e7o ao colocar a secadora sobre a m\u00e1quina de lavar    A prateleira extra\u00edvel em tecnopol\u00edmero, situada a uma altura conveniente, oferece ampla superf\u00edcie de trabalho para dobrar a roupa. Capacidade m\u00e1xima: 10 kg    Inclui cinta de seguran\u00e7a de 6 metros com fivela met\u00e1lica    Pr\u00e9-montado e f\u00e1cil de instalar","og_url":"https:\/\/www.meliconi.com\/pt-pt\/produto\/torre-square-l60\/","og_site_name":"Meliconi","og_image":[{"width":1024,"height":724,"url":"https:\/\/www.meliconi.com\/wp-content\/uploads\/2025\/04\/656118BC_TORRE-SQUARE-still-close-1024x724.png","type":"image\/png"}],"twitter_card":"summary_large_image","twitter_misc":{"Tempo estimado de leitura":"1 minuto"},"schema":{"@context":"https:\/\/schema.org","@graph":[{"@type":"WebPage","@id":"https:\/\/www.meliconi.com\/pt-pt\/produto\/torre-square-l60\/","url":"https:\/\/www.meliconi.com\/pt-pt\/produto\/torre-square-l60\/","name":"Torre Square L60 - Meliconi","isPartOf":{"@id":"https:\/\/www.meliconi.com\/pt-pt\/#website"},"primaryImageOfPage":{"@id":"https:\/\/www.meliconi.com\/pt-pt\/produto\/torre-square-l60\/#primaryimage"},"image":{"@id":"https:\/\/www.meliconi.com\/pt-pt\/produto\/torre-square-l60\/#primaryimage"},"thumbnailUrl":"https:\/\/www.meliconi.com\/wp-content\/uploads\/2025\/04\/656118BC_TORRE-SQUARE-still-close.png","datePublished":"2025-12-09T12:50:07+00:00","breadcrumb":{"@id":"https:\/\/www.meliconi.com\/pt-pt\/produto\/torre-square-l60\/#breadcrumb"},"inLanguage":"pt-PT","potentialAction":[{"@type":"ReadAction","target":["https:\/\/www.meliconi.com\/pt-pt\/produto\/torre-square-l60\/"]}]},{"@type":"ImageObject","inLanguage":"pt-PT","@id":"https:\/\/www.meliconi.com\/pt-pt\/produto\/torre-square-l60\/#primaryimage","url":"https:\/\/www.meliconi.com\/wp-content\/uploads\/2025\/04\/656118BC_TORRE-SQUARE-still-close.png","contentUrl":"https:\/\/www.meliconi.com\/wp-content\/uploads\/2025\/04\/656118BC_TORRE-SQUARE-still-close.png","width":10000,"height":7070},{"@type":"BreadcrumbList","@id":"https:\/\/www.meliconi.com\/pt-pt\/produto\/torre-square-l60\/#breadcrumb","itemListElement":[{"@type":"ListItem","position":1,"name":"Home","item":"https:\/\/www.meliconi.com\/pt-pt\/"},{"@type":"ListItem","position":2,"name":"Shop","item":"https:\/\/www.meliconi.com\/pt-pt\/shop-pt\/"},{"@type":"ListItem","position":3,"name":"Torre Square L60"}]},{"@type":"WebSite","@id":"https:\/\/www.meliconi.com\/pt-pt\/#website","url":"https:\/\/www.meliconi.com\/pt-pt\/","name":"Meliconi","description":"Lo specialista dell&#039;accessorio","publisher":{"@id":"https:\/\/www.meliconi.com\/pt-pt\/#organization"},"potentialAction":[{"@type":"SearchAction","target":{"@type":"EntryPoint","urlTemplate":"https:\/\/www.meliconi.com\/pt-pt\/?s={search_term_string}"},"query-input":{"@type":"PropertyValueSpecification","valueRequired":true,"valueName":"search_term_string"}}],"inLanguage":"pt-PT"},{"@type":"Organization","@id":"https:\/\/www.meliconi.com\/pt-pt\/#organization","name":"Meliconi","url":"https:\/\/www.meliconi.com\/pt-pt\/","logo":{"@type":"ImageObject","inLanguage":"pt-PT","@id":"https:\/\/www.meliconi.com\/pt-pt\/#\/schema\/logo\/image\/","url":"https:\/\/www.meliconi.com\/wp-content\/uploads\/2021\/06\/logo-meliconi.png","contentUrl":"https:\/\/www.meliconi.com\/wp-content\/uploads\/2021\/06\/logo-meliconi.png","width":338,"height":102,"caption":"Meliconi"},"image":{"@id":"https:\/\/www.meliconi.com\/pt-pt\/#\/schema\/logo\/image\/"}}]}},"_links":{"self":[{"href":"https:\/\/www.meliconi.com\/pt-pt\/wp-json\/wp\/v2\/product\/66919","targetHints":{"allow":["GET"]}}],"collection":[{"href":"https:\/\/www.meliconi.com\/pt-pt\/wp-json\/wp\/v2\/product"}],"about":[{"href":"https:\/\/www.meliconi.com\/pt-pt\/wp-json\/wp\/v2\/types\/product"}],"wp:featuredmedia":[{"embeddable":true,"href":"https:\/\/www.meliconi.com\/pt-pt\/wp-json\/wp\/v2\/media\/66928"}],"wp:attachment":[{"href":"https:\/\/www.meliconi.com\/pt-pt\/wp-json\/wp\/v2\/media?parent=66919"}],"wp:term":[{"taxonomy":"product_cat","embeddable":true,"href":"https:\/\/www.meliconi.com\/pt-pt\/wp-json\/wp\/v2\/product_cat?post=66919"},{"taxonomy":"product_tag","embeddable":true,"href":"https:\/\/www.meliconi.com\/pt-pt\/wp-json\/wp\/v2\/product_tag?post=66919"}],"curies":[{"name":"wp","href":"https:\/\/api.w.org\/{rel}","templated":true}]}}