{"id":66902,"date":"2025-04-03T15:31:44","date_gmt":"2025-12-09T12:48:32","guid":{"rendered":"https:\/\/www.meliconi.com\/?post_type=product&#038;p=66902"},"modified":"2025-12-09T13:48:33","modified_gmt":"2025-12-09T12:48:33","slug":"torre-pro-l60","status":"publish","type":"product","link":"https:\/\/www.meliconi.com\/pt-pt\/produto\/torre-pro-l60\/","title":{"rendered":"Torre Pro L60"},"content":{"rendered":"<p data-start=\"0\" data-end=\"278\">O <strong data-start=\"2\" data-end=\"39\">kit de empilhamento Torre Pro L60<\/strong> otimiza o espa\u00e7o na lavandaria, permitindo colocar a secadora sobre a m\u00e1quina de lavar de forma <strong data-start=\"136\" data-end=\"154\">f\u00e1cil e segura<\/strong>. Equipado com uma <strong data-start=\"173\" data-end=\"205\">prateleira extra\u00edvel pr\u00e1tica<\/strong>, proporciona uma base funcional durante a rotina de lavagem e secagem.<\/p>\n<p data-start=\"280\" data-end=\"438\"><strong data-start=\"280\" data-end=\"293\">Universal<\/strong>, compat\u00edvel com a maioria das <strong data-start=\"324\" data-end=\"374\">m\u00e1quinas de lavar e secadoras de carga frontal<\/strong> com <strong data-start=\"379\" data-end=\"399\" data-is-only-node=\"\">60 cm de largura<\/strong> e mais de <strong data-start=\"410\" data-end=\"435\">70 cm de profundidade<\/strong>.<\/p>\n<ul data-start=\"440\" data-end=\"811\" data-is-last-node=\"\" data-is-only-node=\"\">\n<li data-start=\"440\" data-end=\"477\">\n<p data-start=\"442\" data-end=\"477\"><strong data-start=\"442\" data-end=\"468\">Peso m\u00e1ximo suportado:<\/strong> 250 kg<\/p>\n<\/li>\n<li data-start=\"478\" data-end=\"628\">\n<p data-start=\"480\" data-end=\"628\">A <strong data-start=\"482\" data-end=\"506\">prateleira extra\u00edvel<\/strong>, situada a uma altura conveniente, oferece <strong data-start=\"550\" data-end=\"567\">apoio pr\u00e1tico<\/strong> e uma ampla <strong data-start=\"580\" data-end=\"606\">superf\u00edcie de trabalho<\/strong> para dobrar a roupa<\/p>\n<\/li>\n<li data-start=\"629\" data-end=\"670\">\n<p data-start=\"631\" data-end=\"670\"><strong data-start=\"631\" data-end=\"662\">Capacidade m\u00e1xima de carga:<\/strong> 10 kg<\/p>\n<\/li>\n<li data-start=\"671\" data-end=\"765\">\n<p data-start=\"673\" data-end=\"765\">Inclui <strong data-start=\"680\" data-end=\"714\">cinta de seguran\u00e7a de 6 metros<\/strong> com fivela met\u00e1lica, com passagem externa ao kit<\/p>\n<\/li>\n<li data-start=\"766\" data-end=\"811\" data-is-last-node=\"\">\n<p data-start=\"768\" data-end=\"811\" data-is-last-node=\"\"><strong data-start=\"768\" data-end=\"783\">Pr\u00e9-montado<\/strong>, f\u00e1cil e r\u00e1pido de instalar<\/p>\n<\/li>\n<\/ul>\n","protected":false},"excerpt":{"rendered":"<ul>\n<li data-start=\"0\" data-end=\"77\">\n<p data-start=\"2\" data-end=\"77\">Permite <strong data-start=\"10\" data-end=\"27\">ganhar espa\u00e7o<\/strong> ao colocar a secadora sobre a m\u00e1quina de lavar.<\/p>\n<\/li>\n<li data-start=\"78\" data-end=\"218\">\n<p data-start=\"80\" data-end=\"218\">Compat\u00edvel com todas as <strong data-start=\"104\" data-end=\"154\">m\u00e1quinas de lavar e secadoras de carga frontal<\/strong> com <strong data-start=\"159\" data-end=\"179\">60 cm de largura<\/strong> e mais de <strong data-start=\"190\" data-end=\"215\">70 cm de profundidade<\/strong>.<\/p>\n<\/li>\n<li data-start=\"219\" data-end=\"256\">\n<p data-start=\"221\" data-end=\"256\"><strong data-start=\"221\" data-end=\"247\" data-is-only-node=\"\">Peso m\u00e1ximo suportado:<\/strong> 250 kg<\/p>\n<\/li>\n<li data-start=\"257\" data-end=\"453\">\n<p data-start=\"259\" data-end=\"453\">A <strong data-start=\"261\" data-end=\"305\">prateleira extra\u00edvel em madeira laminada<\/strong>, situada a uma altura conveniente, oferece <strong data-start=\"349\" data-end=\"366\">apoio pr\u00e1tico<\/strong> e ampla <strong data-start=\"375\" data-end=\"401\">superf\u00edcie de trabalho<\/strong> para dobrar a roupa. <strong data-start=\"423\" data-end=\"445\">Capacidade m\u00e1xima:<\/strong> 10 kg<\/p>\n<\/li>\n<li data-start=\"454\" data-end=\"560\">\n<p data-start=\"456\" data-end=\"560\">Estrutura em <strong data-start=\"469\" data-end=\"506\">tecnopol\u00edmero de alta resist\u00eancia<\/strong>, garantindo a <strong data-start=\"521\" data-end=\"558\">estabilidade dos eletrodom\u00e9sticos<\/strong><\/p>\n<\/li>\n<li data-start=\"561\" data-end=\"601\">\n<p data-start=\"563\" data-end=\"601\">Inclui <strong data-start=\"570\" data-end=\"599\">cinta de seguran\u00e7a de 6 m<\/strong><\/p>\n<\/li>\n<li data-start=\"602\" data-end=\"634\" data-is-last-node=\"\">\n<p data-start=\"604\" data-end=\"634\" data-is-last-node=\"\"><strong data-start=\"604\" data-end=\"634\" data-is-last-node=\"\" data-is-only-node=\"\">F\u00e1cil e r\u00e1pida de instalar<\/strong><\/p>\n<\/li>\n<\/ul>\n","protected":false},"featured_media":67095,"template":"","meta":{"_acf_changed":false},"product_cat":[1681],"product_tag":[],"class_list":{"0":"post-66902","1":"product","2":"type-product","3":"status-publish","4":"has-post-thumbnail","6":"product_cat-kit-de-sobreposicao","8":"first","9":"instock","10":"taxable","11":"shipping-taxable","12":"product-type-simple"},"acf":[],"yoast_head":"<!-- This site is optimized with the Yoast SEO plugin v26.1.1 - https:\/\/yoast.com\/wordpress\/plugins\/seo\/ -->\n<title>Torre Pro L60 - Meliconi<\/title>\n<meta name=\"robots\" content=\"index, follow, max-snippet:-1, max-image-preview:large, max-video-preview:-1\" \/>\n<link rel=\"canonical\" href=\"https:\/\/www.meliconi.com\/pt-pt\/produto\/torre-pro-l60\/\" \/>\n<meta property=\"og:locale\" content=\"pt_PT\" \/>\n<meta property=\"og:type\" content=\"article\" \/>\n<meta property=\"og:title\" content=\"Torre Pro L60 - Meliconi\" \/>\n<meta property=\"og:description\" content=\"Permite ganhar espa\u00e7o ao colocar a secadora sobre a m\u00e1quina de lavar.    Compat\u00edvel com todas as m\u00e1quinas de lavar e secadoras de carga frontal com 60 cm de largura e mais de 70 cm de profundidade.    Peso m\u00e1ximo suportado: 250 kg    A prateleira extra\u00edvel em madeira laminada, situada a uma altura conveniente, oferece apoio pr\u00e1tico e ampla superf\u00edcie de trabalho para dobrar a roupa. Capacidade m\u00e1xima: 10 kg    Estrutura em tecnopol\u00edmero de alta resist\u00eancia, garantindo a estabilidade dos eletrodom\u00e9sticos    Inclui cinta de seguran\u00e7a de 6 m    F\u00e1cil e r\u00e1pida de instalar\" \/>\n<meta property=\"og:url\" content=\"https:\/\/www.meliconi.com\/pt-pt\/produto\/torre-pro-l60\/\" \/>\n<meta property=\"og:site_name\" content=\"Meliconi\" \/>\n<meta property=\"article:modified_time\" content=\"2025-12-09T12:48:33+00:00\" \/>\n<meta property=\"og:image\" content=\"https:\/\/www.meliconi.com\/wp-content\/uploads\/2022\/05\/TORRE-EVO-CLOSED-1024x586.png\" \/>\n\t<meta property=\"og:image:width\" content=\"1024\" \/>\n\t<meta property=\"og:image:height\" content=\"586\" \/>\n\t<meta property=\"og:image:type\" content=\"image\/png\" \/>\n<meta name=\"twitter:card\" content=\"summary_large_image\" \/>\n<meta name=\"twitter:label1\" content=\"Tempo estimado de leitura\" \/>\n\t<meta name=\"twitter:data1\" content=\"1 minuto\" \/>\n<script type=\"application\/ld+json\" class=\"yoast-schema-graph\">{\"@context\":\"https:\/\/schema.org\",\"@graph\":[{\"@type\":\"WebPage\",\"@id\":\"https:\/\/www.meliconi.com\/pt-pt\/produto\/torre-pro-l60\/\",\"url\":\"https:\/\/www.meliconi.com\/pt-pt\/produto\/torre-pro-l60\/\",\"name\":\"Torre Pro L60 - Meliconi\",\"isPartOf\":{\"@id\":\"https:\/\/www.meliconi.com\/pt-pt\/#website\"},\"primaryImageOfPage\":{\"@id\":\"https:\/\/www.meliconi.com\/pt-pt\/produto\/torre-pro-l60\/#primaryimage\"},\"image\":{\"@id\":\"https:\/\/www.meliconi.com\/pt-pt\/produto\/torre-pro-l60\/#primaryimage\"},\"thumbnailUrl\":\"https:\/\/www.meliconi.com\/wp-content\/uploads\/2022\/05\/TORRE-EVO-CLOSED.png\",\"datePublished\":\"2025-12-09T12:48:32+00:00\",\"dateModified\":\"2025-12-09T12:48:33+00:00\",\"breadcrumb\":{\"@id\":\"https:\/\/www.meliconi.com\/pt-pt\/produto\/torre-pro-l60\/#breadcrumb\"},\"inLanguage\":\"pt-PT\",\"potentialAction\":[{\"@type\":\"ReadAction\",\"target\":[\"https:\/\/www.meliconi.com\/pt-pt\/produto\/torre-pro-l60\/\"]}]},{\"@type\":\"ImageObject\",\"inLanguage\":\"pt-PT\",\"@id\":\"https:\/\/www.meliconi.com\/pt-pt\/produto\/torre-pro-l60\/#primaryimage\",\"url\":\"https:\/\/www.meliconi.com\/wp-content\/uploads\/2022\/05\/TORRE-EVO-CLOSED.png\",\"contentUrl\":\"https:\/\/www.meliconi.com\/wp-content\/uploads\/2022\/05\/TORRE-EVO-CLOSED.png\",\"width\":6536,\"height\":3742},{\"@type\":\"BreadcrumbList\",\"@id\":\"https:\/\/www.meliconi.com\/pt-pt\/produto\/torre-pro-l60\/#breadcrumb\",\"itemListElement\":[{\"@type\":\"ListItem\",\"position\":1,\"name\":\"Home\",\"item\":\"https:\/\/www.meliconi.com\/pt-pt\/\"},{\"@type\":\"ListItem\",\"position\":2,\"name\":\"Shop\",\"item\":\"https:\/\/www.meliconi.com\/pt-pt\/shop-pt\/\"},{\"@type\":\"ListItem\",\"position\":3,\"name\":\"Torre Pro L60\"}]},{\"@type\":\"WebSite\",\"@id\":\"https:\/\/www.meliconi.com\/pt-pt\/#website\",\"url\":\"https:\/\/www.meliconi.com\/pt-pt\/\",\"name\":\"Meliconi\",\"description\":\"Lo specialista dell&#039;accessorio\",\"publisher\":{\"@id\":\"https:\/\/www.meliconi.com\/pt-pt\/#organization\"},\"potentialAction\":[{\"@type\":\"SearchAction\",\"target\":{\"@type\":\"EntryPoint\",\"urlTemplate\":\"https:\/\/www.meliconi.com\/pt-pt\/?s={search_term_string}\"},\"query-input\":{\"@type\":\"PropertyValueSpecification\",\"valueRequired\":true,\"valueName\":\"search_term_string\"}}],\"inLanguage\":\"pt-PT\"},{\"@type\":\"Organization\",\"@id\":\"https:\/\/www.meliconi.com\/pt-pt\/#organization\",\"name\":\"Meliconi\",\"url\":\"https:\/\/www.meliconi.com\/pt-pt\/\",\"logo\":{\"@type\":\"ImageObject\",\"inLanguage\":\"pt-PT\",\"@id\":\"https:\/\/www.meliconi.com\/pt-pt\/#\/schema\/logo\/image\/\",\"url\":\"https:\/\/www.meliconi.com\/wp-content\/uploads\/2021\/06\/logo-meliconi.png\",\"contentUrl\":\"https:\/\/www.meliconi.com\/wp-content\/uploads\/2021\/06\/logo-meliconi.png\",\"width\":338,\"height\":102,\"caption\":\"Meliconi\"},\"image\":{\"@id\":\"https:\/\/www.meliconi.com\/pt-pt\/#\/schema\/logo\/image\/\"}}]}<\/script>\n<!-- \/ Yoast SEO plugin. -->","yoast_head_json":{"title":"Torre Pro L60 - Meliconi","robots":{"index":"index","follow":"follow","max-snippet":"max-snippet:-1","max-image-preview":"max-image-preview:large","max-video-preview":"max-video-preview:-1"},"canonical":"https:\/\/www.meliconi.com\/pt-pt\/produto\/torre-pro-l60\/","og_locale":"pt_PT","og_type":"article","og_title":"Torre Pro L60 - Meliconi","og_description":"Permite ganhar espa\u00e7o ao colocar a secadora sobre a m\u00e1quina de lavar.    Compat\u00edvel com todas as m\u00e1quinas de lavar e secadoras de carga frontal com 60 cm de largura e mais de 70 cm de profundidade.    Peso m\u00e1ximo suportado: 250 kg    A prateleira extra\u00edvel em madeira laminada, situada a uma altura conveniente, oferece apoio pr\u00e1tico e ampla superf\u00edcie de trabalho para dobrar a roupa. Capacidade m\u00e1xima: 10 kg    Estrutura em tecnopol\u00edmero de alta resist\u00eancia, garantindo a estabilidade dos eletrodom\u00e9sticos    Inclui cinta de seguran\u00e7a de 6 m    F\u00e1cil e r\u00e1pida de instalar","og_url":"https:\/\/www.meliconi.com\/pt-pt\/produto\/torre-pro-l60\/","og_site_name":"Meliconi","article_modified_time":"2025-12-09T12:48:33+00:00","og_image":[{"width":1024,"height":586,"url":"https:\/\/www.meliconi.com\/wp-content\/uploads\/2022\/05\/TORRE-EVO-CLOSED-1024x586.png","type":"image\/png"}],"twitter_card":"summary_large_image","twitter_misc":{"Tempo estimado de leitura":"1 minuto"},"schema":{"@context":"https:\/\/schema.org","@graph":[{"@type":"WebPage","@id":"https:\/\/www.meliconi.com\/pt-pt\/produto\/torre-pro-l60\/","url":"https:\/\/www.meliconi.com\/pt-pt\/produto\/torre-pro-l60\/","name":"Torre Pro L60 - Meliconi","isPartOf":{"@id":"https:\/\/www.meliconi.com\/pt-pt\/#website"},"primaryImageOfPage":{"@id":"https:\/\/www.meliconi.com\/pt-pt\/produto\/torre-pro-l60\/#primaryimage"},"image":{"@id":"https:\/\/www.meliconi.com\/pt-pt\/produto\/torre-pro-l60\/#primaryimage"},"thumbnailUrl":"https:\/\/www.meliconi.com\/wp-content\/uploads\/2022\/05\/TORRE-EVO-CLOSED.png","datePublished":"2025-12-09T12:48:32+00:00","dateModified":"2025-12-09T12:48:33+00:00","breadcrumb":{"@id":"https:\/\/www.meliconi.com\/pt-pt\/produto\/torre-pro-l60\/#breadcrumb"},"inLanguage":"pt-PT","potentialAction":[{"@type":"ReadAction","target":["https:\/\/www.meliconi.com\/pt-pt\/produto\/torre-pro-l60\/"]}]},{"@type":"ImageObject","inLanguage":"pt-PT","@id":"https:\/\/www.meliconi.com\/pt-pt\/produto\/torre-pro-l60\/#primaryimage","url":"https:\/\/www.meliconi.com\/wp-content\/uploads\/2022\/05\/TORRE-EVO-CLOSED.png","contentUrl":"https:\/\/www.meliconi.com\/wp-content\/uploads\/2022\/05\/TORRE-EVO-CLOSED.png","width":6536,"height":3742},{"@type":"BreadcrumbList","@id":"https:\/\/www.meliconi.com\/pt-pt\/produto\/torre-pro-l60\/#breadcrumb","itemListElement":[{"@type":"ListItem","position":1,"name":"Home","item":"https:\/\/www.meliconi.com\/pt-pt\/"},{"@type":"ListItem","position":2,"name":"Shop","item":"https:\/\/www.meliconi.com\/pt-pt\/shop-pt\/"},{"@type":"ListItem","position":3,"name":"Torre Pro L60"}]},{"@type":"WebSite","@id":"https:\/\/www.meliconi.com\/pt-pt\/#website","url":"https:\/\/www.meliconi.com\/pt-pt\/","name":"Meliconi","description":"Lo specialista dell&#039;accessorio","publisher":{"@id":"https:\/\/www.meliconi.com\/pt-pt\/#organization"},"potentialAction":[{"@type":"SearchAction","target":{"@type":"EntryPoint","urlTemplate":"https:\/\/www.meliconi.com\/pt-pt\/?s={search_term_string}"},"query-input":{"@type":"PropertyValueSpecification","valueRequired":true,"valueName":"search_term_string"}}],"inLanguage":"pt-PT"},{"@type":"Organization","@id":"https:\/\/www.meliconi.com\/pt-pt\/#organization","name":"Meliconi","url":"https:\/\/www.meliconi.com\/pt-pt\/","logo":{"@type":"ImageObject","inLanguage":"pt-PT","@id":"https:\/\/www.meliconi.com\/pt-pt\/#\/schema\/logo\/image\/","url":"https:\/\/www.meliconi.com\/wp-content\/uploads\/2021\/06\/logo-meliconi.png","contentUrl":"https:\/\/www.meliconi.com\/wp-content\/uploads\/2021\/06\/logo-meliconi.png","width":338,"height":102,"caption":"Meliconi"},"image":{"@id":"https:\/\/www.meliconi.com\/pt-pt\/#\/schema\/logo\/image\/"}}]}},"_links":{"self":[{"href":"https:\/\/www.meliconi.com\/pt-pt\/wp-json\/wp\/v2\/product\/66902","targetHints":{"allow":["GET"]}}],"collection":[{"href":"https:\/\/www.meliconi.com\/pt-pt\/wp-json\/wp\/v2\/product"}],"about":[{"href":"https:\/\/www.meliconi.com\/pt-pt\/wp-json\/wp\/v2\/types\/product"}],"wp:featuredmedia":[{"embeddable":true,"href":"https:\/\/www.meliconi.com\/pt-pt\/wp-json\/wp\/v2\/media\/67095"}],"wp:attachment":[{"href":"https:\/\/www.meliconi.com\/pt-pt\/wp-json\/wp\/v2\/media?parent=66902"}],"wp:term":[{"taxonomy":"product_cat","embeddable":true,"href":"https:\/\/www.meliconi.com\/pt-pt\/wp-json\/wp\/v2\/product_cat?post=66902"},{"taxonomy":"product_tag","embeddable":true,"href":"https:\/\/www.meliconi.com\/pt-pt\/wp-json\/wp\/v2\/product_tag?post=66902"}],"curies":[{"name":"wp","href":"https:\/\/api.w.org\/{rel}","templated":true}]}}