{"id":66630,"date":"2021-10-20T10:23:32","date_gmt":"2025-12-09T11:51:31","guid":{"rendered":"https:\/\/www.meliconi.com\/?post_type=product&#038;p=66630"},"modified":"2025-12-09T12:51:31","modified_gmt":"2025-12-09T11:51:31","slug":"flatstyle-fr200","status":"publish","type":"product","link":"https:\/\/www.meliconi.com\/pt-pt\/produto\/flatstyle-fr200\/","title":{"rendered":"Flatstyle FR200"},"content":{"rendered":"<p data-start=\"0\" data-end=\"346\">A <strong data-start=\"2\" data-end=\"14\">MELICONI<\/strong> apresenta os suportes de parede <strong data-start=\"47\" data-end=\"60\">FLATSTYLE<\/strong>, uma gama econ\u00f3mica de linhas essenciais focada na funcionalidade. Os suportes <strong data-start=\"140\" data-end=\"153\">FLATSTYLE<\/strong> satisfazem todo o tipo de necessidade: desde o suporte <strong data-start=\"209\" data-end=\"224\">ultra plano<\/strong> para TVs LED at\u00e9 ao articulado com rota\u00e7\u00e3o at\u00e9 90\u00b0, todos rigorosamente <strong data-start=\"297\" data-end=\"314\">Made in Italy<\/strong> e com <strong data-start=\"321\" data-end=\"343\">5 anos de garantia<\/strong>.<\/p>\n<p data-start=\"348\" data-end=\"518\" data-is-last-node=\"\" data-is-only-node=\"\">O modelo <strong data-start=\"357\" data-end=\"366\">FR200<\/strong> \u00e9 um <strong data-start=\"372\" data-end=\"419\">suporte de parede para TV com rota\u00e7\u00e3o \u00fanica<\/strong>, compat\u00edvel com <strong data-start=\"436\" data-end=\"461\">VESA 50-75-100-200 mm<\/strong>. Permite <strong data-start=\"471\" data-end=\"517\">inclinar a tela vertical e horizontalmente<\/strong>.<\/p>\n","protected":false},"excerpt":{"rendered":"<p>Suporte de TV com rota\u00e7\u00e3o \u00fanica<\/p>\n","protected":false},"featured_media":66632,"template":"","meta":{"_acf_changed":false},"product_brand":[],"product_cat":[1711],"product_tag":[],"class_list":{"0":"post-66630","1":"product","2":"type-product","3":"status-publish","4":"has-post-thumbnail","6":"product_cat-cme-pt-pt","7":"pa_movimento-supporto-rotation-pt-pt","9":"first","10":"instock","11":"product-type-simple"},"acf":[],"yoast_head":"<!-- This site is optimized with the Yoast SEO plugin v27.4 - https:\/\/yoast.com\/product\/yoast-seo-wordpress\/ -->\n<title>Flatstyle FR200 - Meliconi<\/title>\n<meta name=\"robots\" content=\"index, follow, max-snippet:-1, max-image-preview:large, max-video-preview:-1\" \/>\n<link rel=\"canonical\" href=\"https:\/\/www.meliconi.com\/pt-pt\/produto\/flatstyle-fr200\/\" \/>\n<meta property=\"og:locale\" content=\"pt_PT\" \/>\n<meta property=\"og:type\" content=\"article\" \/>\n<meta property=\"og:title\" content=\"Flatstyle FR200 - Meliconi\" \/>\n<meta property=\"og:description\" content=\"Suporte de TV com rota\u00e7\u00e3o \u00fanica\" \/>\n<meta property=\"og:url\" content=\"https:\/\/www.meliconi.com\/pt-pt\/produto\/flatstyle-fr200\/\" \/>\n<meta property=\"og:site_name\" content=\"Meliconi\" \/>\n<meta property=\"og:image\" content=\"https:\/\/www.meliconi.com\/wp-content\/uploads\/2021\/10\/FlatStyle-ER-200-1024x915.png\" \/>\n\t<meta property=\"og:image:width\" content=\"1024\" \/>\n\t<meta property=\"og:image:height\" content=\"915\" \/>\n\t<meta property=\"og:image:type\" content=\"image\/png\" \/>\n<meta name=\"twitter:card\" content=\"summary_large_image\" \/>\n<script type=\"application\/ld+json\" class=\"yoast-schema-graph\">{\"@context\":\"https:\\\/\\\/schema.org\",\"@graph\":[{\"@type\":\"WebPage\",\"@id\":\"https:\\\/\\\/www.meliconi.com\\\/pt-pt\\\/produto\\\/flatstyle-fr200\\\/\",\"url\":\"https:\\\/\\\/www.meliconi.com\\\/pt-pt\\\/produto\\\/flatstyle-fr200\\\/\",\"name\":\"Flatstyle FR200 - Meliconi\",\"isPartOf\":{\"@id\":\"https:\\\/\\\/www.meliconi.com\\\/pt-pt\\\/#website\"},\"primaryImageOfPage\":{\"@id\":\"https:\\\/\\\/www.meliconi.com\\\/pt-pt\\\/produto\\\/flatstyle-fr200\\\/#primaryimage\"},\"image\":{\"@id\":\"https:\\\/\\\/www.meliconi.com\\\/pt-pt\\\/produto\\\/flatstyle-fr200\\\/#primaryimage\"},\"thumbnailUrl\":\"https:\\\/\\\/www.meliconi.com\\\/wp-content\\\/uploads\\\/2021\\\/10\\\/FlatStyle-ER-200.png\",\"datePublished\":\"2025-12-09T11:51:31+00:00\",\"breadcrumb\":{\"@id\":\"https:\\\/\\\/www.meliconi.com\\\/pt-pt\\\/produto\\\/flatstyle-fr200\\\/#breadcrumb\"},\"inLanguage\":\"pt-PT\",\"potentialAction\":[{\"@type\":\"ReadAction\",\"target\":[\"https:\\\/\\\/www.meliconi.com\\\/pt-pt\\\/produto\\\/flatstyle-fr200\\\/\"]}]},{\"@type\":\"ImageObject\",\"inLanguage\":\"pt-PT\",\"@id\":\"https:\\\/\\\/www.meliconi.com\\\/pt-pt\\\/produto\\\/flatstyle-fr200\\\/#primaryimage\",\"url\":\"https:\\\/\\\/www.meliconi.com\\\/wp-content\\\/uploads\\\/2021\\\/10\\\/FlatStyle-ER-200.png\",\"contentUrl\":\"https:\\\/\\\/www.meliconi.com\\\/wp-content\\\/uploads\\\/2021\\\/10\\\/FlatStyle-ER-200.png\",\"width\":2980,\"height\":2663},{\"@type\":\"BreadcrumbList\",\"@id\":\"https:\\\/\\\/www.meliconi.com\\\/pt-pt\\\/produto\\\/flatstyle-fr200\\\/#breadcrumb\",\"itemListElement\":[{\"@type\":\"ListItem\",\"position\":1,\"name\":\"Home\",\"item\":\"https:\\\/\\\/www.meliconi.com\\\/pt-pt\\\/\"},{\"@type\":\"ListItem\",\"position\":2,\"name\":\"Shop\",\"item\":\"https:\\\/\\\/www.meliconi.com\\\/pt-pt\\\/shop-pt\\\/\"},{\"@type\":\"ListItem\",\"position\":3,\"name\":\"Flatstyle FR200\"}]},{\"@type\":\"WebSite\",\"@id\":\"https:\\\/\\\/www.meliconi.com\\\/pt-pt\\\/#website\",\"url\":\"https:\\\/\\\/www.meliconi.com\\\/pt-pt\\\/\",\"name\":\"Meliconi\",\"description\":\"Lo specialista dell&#039;accessorio\",\"publisher\":{\"@id\":\"https:\\\/\\\/www.meliconi.com\\\/pt-pt\\\/#organization\"},\"potentialAction\":[{\"@type\":\"SearchAction\",\"target\":{\"@type\":\"EntryPoint\",\"urlTemplate\":\"https:\\\/\\\/www.meliconi.com\\\/pt-pt\\\/?s={search_term_string}\"},\"query-input\":{\"@type\":\"PropertyValueSpecification\",\"valueRequired\":true,\"valueName\":\"search_term_string\"}}],\"inLanguage\":\"pt-PT\"},{\"@type\":\"Organization\",\"@id\":\"https:\\\/\\\/www.meliconi.com\\\/pt-pt\\\/#organization\",\"name\":\"Meliconi\",\"url\":\"https:\\\/\\\/www.meliconi.com\\\/pt-pt\\\/\",\"logo\":{\"@type\":\"ImageObject\",\"inLanguage\":\"pt-PT\",\"@id\":\"https:\\\/\\\/www.meliconi.com\\\/pt-pt\\\/#\\\/schema\\\/logo\\\/image\\\/\",\"url\":\"https:\\\/\\\/www.meliconi.com\\\/wp-content\\\/uploads\\\/2021\\\/06\\\/logo-meliconi.png\",\"contentUrl\":\"https:\\\/\\\/www.meliconi.com\\\/wp-content\\\/uploads\\\/2021\\\/06\\\/logo-meliconi.png\",\"width\":338,\"height\":102,\"caption\":\"Meliconi\"},\"image\":{\"@id\":\"https:\\\/\\\/www.meliconi.com\\\/pt-pt\\\/#\\\/schema\\\/logo\\\/image\\\/\"}}]}<\/script>\n<!-- \/ Yoast SEO plugin. -->","yoast_head_json":{"title":"Flatstyle FR200 - Meliconi","robots":{"index":"index","follow":"follow","max-snippet":"max-snippet:-1","max-image-preview":"max-image-preview:large","max-video-preview":"max-video-preview:-1"},"canonical":"https:\/\/www.meliconi.com\/pt-pt\/produto\/flatstyle-fr200\/","og_locale":"pt_PT","og_type":"article","og_title":"Flatstyle FR200 - Meliconi","og_description":"Suporte de TV com rota\u00e7\u00e3o \u00fanica","og_url":"https:\/\/www.meliconi.com\/pt-pt\/produto\/flatstyle-fr200\/","og_site_name":"Meliconi","og_image":[{"width":1024,"height":915,"url":"https:\/\/www.meliconi.com\/wp-content\/uploads\/2021\/10\/FlatStyle-ER-200-1024x915.png","type":"image\/png"}],"twitter_card":"summary_large_image","schema":{"@context":"https:\/\/schema.org","@graph":[{"@type":"WebPage","@id":"https:\/\/www.meliconi.com\/pt-pt\/produto\/flatstyle-fr200\/","url":"https:\/\/www.meliconi.com\/pt-pt\/produto\/flatstyle-fr200\/","name":"Flatstyle FR200 - Meliconi","isPartOf":{"@id":"https:\/\/www.meliconi.com\/pt-pt\/#website"},"primaryImageOfPage":{"@id":"https:\/\/www.meliconi.com\/pt-pt\/produto\/flatstyle-fr200\/#primaryimage"},"image":{"@id":"https:\/\/www.meliconi.com\/pt-pt\/produto\/flatstyle-fr200\/#primaryimage"},"thumbnailUrl":"https:\/\/www.meliconi.com\/wp-content\/uploads\/2021\/10\/FlatStyle-ER-200.png","datePublished":"2025-12-09T11:51:31+00:00","breadcrumb":{"@id":"https:\/\/www.meliconi.com\/pt-pt\/produto\/flatstyle-fr200\/#breadcrumb"},"inLanguage":"pt-PT","potentialAction":[{"@type":"ReadAction","target":["https:\/\/www.meliconi.com\/pt-pt\/produto\/flatstyle-fr200\/"]}]},{"@type":"ImageObject","inLanguage":"pt-PT","@id":"https:\/\/www.meliconi.com\/pt-pt\/produto\/flatstyle-fr200\/#primaryimage","url":"https:\/\/www.meliconi.com\/wp-content\/uploads\/2021\/10\/FlatStyle-ER-200.png","contentUrl":"https:\/\/www.meliconi.com\/wp-content\/uploads\/2021\/10\/FlatStyle-ER-200.png","width":2980,"height":2663},{"@type":"BreadcrumbList","@id":"https:\/\/www.meliconi.com\/pt-pt\/produto\/flatstyle-fr200\/#breadcrumb","itemListElement":[{"@type":"ListItem","position":1,"name":"Home","item":"https:\/\/www.meliconi.com\/pt-pt\/"},{"@type":"ListItem","position":2,"name":"Shop","item":"https:\/\/www.meliconi.com\/pt-pt\/shop-pt\/"},{"@type":"ListItem","position":3,"name":"Flatstyle FR200"}]},{"@type":"WebSite","@id":"https:\/\/www.meliconi.com\/pt-pt\/#website","url":"https:\/\/www.meliconi.com\/pt-pt\/","name":"Meliconi","description":"Lo specialista dell&#039;accessorio","publisher":{"@id":"https:\/\/www.meliconi.com\/pt-pt\/#organization"},"potentialAction":[{"@type":"SearchAction","target":{"@type":"EntryPoint","urlTemplate":"https:\/\/www.meliconi.com\/pt-pt\/?s={search_term_string}"},"query-input":{"@type":"PropertyValueSpecification","valueRequired":true,"valueName":"search_term_string"}}],"inLanguage":"pt-PT"},{"@type":"Organization","@id":"https:\/\/www.meliconi.com\/pt-pt\/#organization","name":"Meliconi","url":"https:\/\/www.meliconi.com\/pt-pt\/","logo":{"@type":"ImageObject","inLanguage":"pt-PT","@id":"https:\/\/www.meliconi.com\/pt-pt\/#\/schema\/logo\/image\/","url":"https:\/\/www.meliconi.com\/wp-content\/uploads\/2021\/06\/logo-meliconi.png","contentUrl":"https:\/\/www.meliconi.com\/wp-content\/uploads\/2021\/06\/logo-meliconi.png","width":338,"height":102,"caption":"Meliconi"},"image":{"@id":"https:\/\/www.meliconi.com\/pt-pt\/#\/schema\/logo\/image\/"}}]}},"_links":{"self":[{"href":"https:\/\/www.meliconi.com\/pt-pt\/wp-json\/wp\/v2\/product\/66630","targetHints":{"allow":["GET"]}}],"collection":[{"href":"https:\/\/www.meliconi.com\/pt-pt\/wp-json\/wp\/v2\/product"}],"about":[{"href":"https:\/\/www.meliconi.com\/pt-pt\/wp-json\/wp\/v2\/types\/product"}],"wp:featuredmedia":[{"embeddable":true,"href":"https:\/\/www.meliconi.com\/pt-pt\/wp-json\/wp\/v2\/media\/66632"}],"wp:attachment":[{"href":"https:\/\/www.meliconi.com\/pt-pt\/wp-json\/wp\/v2\/media?parent=66630"}],"wp:term":[{"taxonomy":"product_brand","embeddable":true,"href":"https:\/\/www.meliconi.com\/pt-pt\/wp-json\/wp\/v2\/product_brand?post=66630"},{"taxonomy":"product_cat","embeddable":true,"href":"https:\/\/www.meliconi.com\/pt-pt\/wp-json\/wp\/v2\/product_cat?post=66630"},{"taxonomy":"product_tag","embeddable":true,"href":"https:\/\/www.meliconi.com\/pt-pt\/wp-json\/wp\/v2\/product_tag?post=66630"}],"curies":[{"name":"wp","href":"https:\/\/api.w.org\/{rel}","templated":true}]}}