{"id":66484,"date":"2025-05-06T09:46:38","date_gmt":"2025-12-09T11:12:26","guid":{"rendered":"https:\/\/www.meliconi.com\/?post_type=product&#038;p=66484"},"modified":"2025-12-09T12:12:26","modified_gmt":"2025-12-09T11:12:26","slug":"easy-audio","status":"publish","type":"product","link":"https:\/\/www.meliconi.com\/pt-pt\/produto\/easy-audio\/","title":{"rendered":"EASY AUDIO"},"content":{"rendered":"<p><strong>Sistema digital sem fios (2,4 GHz)<\/strong> que permite ouvir programas, filmes ou m\u00fasica com auscultadores, sem a inconveni\u00eancia dos cabos e com total liberdade de movimento.<\/p>\n<p><strong>Sinal digital<\/strong> que atravessa paredes com um alcance m\u00e1ximo de <strong>20 m<\/strong>.<\/p>\n<p><strong>Microfone ambiental<\/strong> (interrompe momentaneamente o \u00e1udio do televisor e amplifica os sons circundantes) e <strong>controlo de volume nos auscultadores<\/strong> \u2014 ideal para pessoas idosas.<\/p>\n<p><strong>Ajuste independente do \u00e1udio<\/strong> nos auscultadores esquerdo e direito.<\/p>\n<p><strong>Compatibilidade universal \u2192<\/strong> Equipado com duas entradas de \u00e1udio: <strong>\u00f3ptica digital (Toslink)<\/strong> e <strong>anal\u00f3gica AUX (jack 3,5 mm)<\/strong>, compat\u00edveis com a maioria dos modelos de TV do mercado.<\/p>\n<p><strong>Design ergon\u00f3mico \u2192<\/strong> A haste passa por baixo do queixo, oferecendo uma solu\u00e7\u00e3o mais confort\u00e1vel e leve do que os auscultadores tradicionais.<\/p>\n<p><strong>Autonomia at\u00e9 15 horas<\/strong> gra\u00e7as \u00e0 <strong>bateria de l\u00edtio recarreg\u00e1vel.<\/strong><\/p>\n","protected":false},"excerpt":{"rendered":"<p>Auscultador sem fios digital completo de 2,4 GHz modelo <strong data-start=\"56\" data-end=\"67\">\u201cSTETO\u201d<\/strong>, com entrada de \u00e1udio <strong data-start=\"90\" data-end=\"108\">\u00f3ptica digital<\/strong> e <strong data-start=\"111\" data-end=\"135\">base de carregamento<\/strong>, com <strong data-start=\"141\" data-end=\"161\">alcance at\u00e9 20 m<\/strong>.<\/p>\n","protected":false},"featured_media":66490,"template":"","meta":{"_acf_changed":false},"product_cat":[1687,1689,1691],"product_tag":[],"class_list":{"0":"post-66484","1":"product","2":"type-product","3":"status-publish","4":"has-post-thumbnail","6":"product_cat-cat-audio-pt-pt","7":"product_cat-auscultadores-tv","8":"product_cat-auscultadores-tv-sem-fio","10":"first","11":"instock","12":"taxable","13":"shipping-taxable","14":"purchasable","15":"product-type-simple"},"acf":[],"yoast_head":"<!-- This site is optimized with the Yoast SEO plugin v26.1.1 - https:\/\/yoast.com\/wordpress\/plugins\/seo\/ -->\n<title>EASY AUDIO - Meliconi<\/title>\n<meta name=\"robots\" content=\"index, follow, max-snippet:-1, max-image-preview:large, max-video-preview:-1\" \/>\n<link rel=\"canonical\" href=\"https:\/\/www.meliconi.com\/pt-pt\/produto\/easy-audio\/\" \/>\n<meta property=\"og:locale\" content=\"pt_PT\" \/>\n<meta property=\"og:type\" content=\"article\" \/>\n<meta property=\"og:title\" content=\"EASY AUDIO - Meliconi\" \/>\n<meta property=\"og:description\" content=\"Auscultador sem fios digital completo de 2,4 GHz modelo \u201cSTETO\u201d, com entrada de \u00e1udio \u00f3ptica digital e base de carregamento, com alcance at\u00e9 20 m.\" \/>\n<meta property=\"og:url\" content=\"https:\/\/www.meliconi.com\/pt-pt\/produto\/easy-audio\/\" \/>\n<meta property=\"og:site_name\" content=\"Meliconi\" \/>\n<meta property=\"og:image\" content=\"https:\/\/www.meliconi.com\/wp-content\/uploads\/2025\/05\/497339_STETO-DH170J-still-_-2-724x1024.png\" \/>\n\t<meta property=\"og:image:width\" content=\"724\" \/>\n\t<meta property=\"og:image:height\" content=\"1024\" \/>\n\t<meta property=\"og:image:type\" content=\"image\/png\" \/>\n<meta name=\"twitter:card\" content=\"summary_large_image\" \/>\n<meta name=\"twitter:label1\" content=\"Tempo estimado de leitura\" \/>\n\t<meta name=\"twitter:data1\" content=\"1 minuto\" \/>\n<script type=\"application\/ld+json\" class=\"yoast-schema-graph\">{\"@context\":\"https:\/\/schema.org\",\"@graph\":[{\"@type\":\"WebPage\",\"@id\":\"https:\/\/www.meliconi.com\/pt-pt\/produto\/easy-audio\/\",\"url\":\"https:\/\/www.meliconi.com\/pt-pt\/produto\/easy-audio\/\",\"name\":\"EASY AUDIO - Meliconi\",\"isPartOf\":{\"@id\":\"https:\/\/www.meliconi.com\/pt-pt\/#website\"},\"primaryImageOfPage\":{\"@id\":\"https:\/\/www.meliconi.com\/pt-pt\/produto\/easy-audio\/#primaryimage\"},\"image\":{\"@id\":\"https:\/\/www.meliconi.com\/pt-pt\/produto\/easy-audio\/#primaryimage\"},\"thumbnailUrl\":\"https:\/\/www.meliconi.com\/wp-content\/uploads\/2025\/05\/497339_STETO-DH170J-still-_-2.png\",\"datePublished\":\"2025-12-09T11:12:26+00:00\",\"breadcrumb\":{\"@id\":\"https:\/\/www.meliconi.com\/pt-pt\/produto\/easy-audio\/#breadcrumb\"},\"inLanguage\":\"pt-PT\",\"potentialAction\":[{\"@type\":\"ReadAction\",\"target\":[\"https:\/\/www.meliconi.com\/pt-pt\/produto\/easy-audio\/\"]}]},{\"@type\":\"ImageObject\",\"inLanguage\":\"pt-PT\",\"@id\":\"https:\/\/www.meliconi.com\/pt-pt\/produto\/easy-audio\/#primaryimage\",\"url\":\"https:\/\/www.meliconi.com\/wp-content\/uploads\/2025\/05\/497339_STETO-DH170J-still-_-2.png\",\"contentUrl\":\"https:\/\/www.meliconi.com\/wp-content\/uploads\/2025\/05\/497339_STETO-DH170J-still-_-2.png\",\"width\":5892,\"height\":8333},{\"@type\":\"BreadcrumbList\",\"@id\":\"https:\/\/www.meliconi.com\/pt-pt\/produto\/easy-audio\/#breadcrumb\",\"itemListElement\":[{\"@type\":\"ListItem\",\"position\":1,\"name\":\"Home\",\"item\":\"https:\/\/www.meliconi.com\/pt-pt\/\"},{\"@type\":\"ListItem\",\"position\":2,\"name\":\"Shop\",\"item\":\"https:\/\/www.meliconi.com\/pt-pt\/shop-pt\/\"},{\"@type\":\"ListItem\",\"position\":3,\"name\":\"EASY AUDIO\"}]},{\"@type\":\"WebSite\",\"@id\":\"https:\/\/www.meliconi.com\/pt-pt\/#website\",\"url\":\"https:\/\/www.meliconi.com\/pt-pt\/\",\"name\":\"Meliconi\",\"description\":\"Lo specialista dell&#039;accessorio\",\"publisher\":{\"@id\":\"https:\/\/www.meliconi.com\/pt-pt\/#organization\"},\"potentialAction\":[{\"@type\":\"SearchAction\",\"target\":{\"@type\":\"EntryPoint\",\"urlTemplate\":\"https:\/\/www.meliconi.com\/pt-pt\/?s={search_term_string}\"},\"query-input\":{\"@type\":\"PropertyValueSpecification\",\"valueRequired\":true,\"valueName\":\"search_term_string\"}}],\"inLanguage\":\"pt-PT\"},{\"@type\":\"Organization\",\"@id\":\"https:\/\/www.meliconi.com\/pt-pt\/#organization\",\"name\":\"Meliconi\",\"url\":\"https:\/\/www.meliconi.com\/pt-pt\/\",\"logo\":{\"@type\":\"ImageObject\",\"inLanguage\":\"pt-PT\",\"@id\":\"https:\/\/www.meliconi.com\/pt-pt\/#\/schema\/logo\/image\/\",\"url\":\"https:\/\/www.meliconi.com\/wp-content\/uploads\/2021\/06\/logo-meliconi.png\",\"contentUrl\":\"https:\/\/www.meliconi.com\/wp-content\/uploads\/2021\/06\/logo-meliconi.png\",\"width\":338,\"height\":102,\"caption\":\"Meliconi\"},\"image\":{\"@id\":\"https:\/\/www.meliconi.com\/pt-pt\/#\/schema\/logo\/image\/\"}}]}<\/script>\n<!-- \/ Yoast SEO plugin. -->","yoast_head_json":{"title":"EASY AUDIO - Meliconi","robots":{"index":"index","follow":"follow","max-snippet":"max-snippet:-1","max-image-preview":"max-image-preview:large","max-video-preview":"max-video-preview:-1"},"canonical":"https:\/\/www.meliconi.com\/pt-pt\/produto\/easy-audio\/","og_locale":"pt_PT","og_type":"article","og_title":"EASY AUDIO - Meliconi","og_description":"Auscultador sem fios digital completo de 2,4 GHz modelo \u201cSTETO\u201d, com entrada de \u00e1udio \u00f3ptica digital e base de carregamento, com alcance at\u00e9 20 m.","og_url":"https:\/\/www.meliconi.com\/pt-pt\/produto\/easy-audio\/","og_site_name":"Meliconi","og_image":[{"width":724,"height":1024,"url":"https:\/\/www.meliconi.com\/wp-content\/uploads\/2025\/05\/497339_STETO-DH170J-still-_-2-724x1024.png","type":"image\/png"}],"twitter_card":"summary_large_image","twitter_misc":{"Tempo estimado de leitura":"1 minuto"},"schema":{"@context":"https:\/\/schema.org","@graph":[{"@type":"WebPage","@id":"https:\/\/www.meliconi.com\/pt-pt\/produto\/easy-audio\/","url":"https:\/\/www.meliconi.com\/pt-pt\/produto\/easy-audio\/","name":"EASY AUDIO - Meliconi","isPartOf":{"@id":"https:\/\/www.meliconi.com\/pt-pt\/#website"},"primaryImageOfPage":{"@id":"https:\/\/www.meliconi.com\/pt-pt\/produto\/easy-audio\/#primaryimage"},"image":{"@id":"https:\/\/www.meliconi.com\/pt-pt\/produto\/easy-audio\/#primaryimage"},"thumbnailUrl":"https:\/\/www.meliconi.com\/wp-content\/uploads\/2025\/05\/497339_STETO-DH170J-still-_-2.png","datePublished":"2025-12-09T11:12:26+00:00","breadcrumb":{"@id":"https:\/\/www.meliconi.com\/pt-pt\/produto\/easy-audio\/#breadcrumb"},"inLanguage":"pt-PT","potentialAction":[{"@type":"ReadAction","target":["https:\/\/www.meliconi.com\/pt-pt\/produto\/easy-audio\/"]}]},{"@type":"ImageObject","inLanguage":"pt-PT","@id":"https:\/\/www.meliconi.com\/pt-pt\/produto\/easy-audio\/#primaryimage","url":"https:\/\/www.meliconi.com\/wp-content\/uploads\/2025\/05\/497339_STETO-DH170J-still-_-2.png","contentUrl":"https:\/\/www.meliconi.com\/wp-content\/uploads\/2025\/05\/497339_STETO-DH170J-still-_-2.png","width":5892,"height":8333},{"@type":"BreadcrumbList","@id":"https:\/\/www.meliconi.com\/pt-pt\/produto\/easy-audio\/#breadcrumb","itemListElement":[{"@type":"ListItem","position":1,"name":"Home","item":"https:\/\/www.meliconi.com\/pt-pt\/"},{"@type":"ListItem","position":2,"name":"Shop","item":"https:\/\/www.meliconi.com\/pt-pt\/shop-pt\/"},{"@type":"ListItem","position":3,"name":"EASY AUDIO"}]},{"@type":"WebSite","@id":"https:\/\/www.meliconi.com\/pt-pt\/#website","url":"https:\/\/www.meliconi.com\/pt-pt\/","name":"Meliconi","description":"Lo specialista dell&#039;accessorio","publisher":{"@id":"https:\/\/www.meliconi.com\/pt-pt\/#organization"},"potentialAction":[{"@type":"SearchAction","target":{"@type":"EntryPoint","urlTemplate":"https:\/\/www.meliconi.com\/pt-pt\/?s={search_term_string}"},"query-input":{"@type":"PropertyValueSpecification","valueRequired":true,"valueName":"search_term_string"}}],"inLanguage":"pt-PT"},{"@type":"Organization","@id":"https:\/\/www.meliconi.com\/pt-pt\/#organization","name":"Meliconi","url":"https:\/\/www.meliconi.com\/pt-pt\/","logo":{"@type":"ImageObject","inLanguage":"pt-PT","@id":"https:\/\/www.meliconi.com\/pt-pt\/#\/schema\/logo\/image\/","url":"https:\/\/www.meliconi.com\/wp-content\/uploads\/2021\/06\/logo-meliconi.png","contentUrl":"https:\/\/www.meliconi.com\/wp-content\/uploads\/2021\/06\/logo-meliconi.png","width":338,"height":102,"caption":"Meliconi"},"image":{"@id":"https:\/\/www.meliconi.com\/pt-pt\/#\/schema\/logo\/image\/"}}]}},"_links":{"self":[{"href":"https:\/\/www.meliconi.com\/pt-pt\/wp-json\/wp\/v2\/product\/66484","targetHints":{"allow":["GET"]}}],"collection":[{"href":"https:\/\/www.meliconi.com\/pt-pt\/wp-json\/wp\/v2\/product"}],"about":[{"href":"https:\/\/www.meliconi.com\/pt-pt\/wp-json\/wp\/v2\/types\/product"}],"wp:featuredmedia":[{"embeddable":true,"href":"https:\/\/www.meliconi.com\/pt-pt\/wp-json\/wp\/v2\/media\/66490"}],"wp:attachment":[{"href":"https:\/\/www.meliconi.com\/pt-pt\/wp-json\/wp\/v2\/media?parent=66484"}],"wp:term":[{"taxonomy":"product_cat","embeddable":true,"href":"https:\/\/www.meliconi.com\/pt-pt\/wp-json\/wp\/v2\/product_cat?post=66484"},{"taxonomy":"product_tag","embeddable":true,"href":"https:\/\/www.meliconi.com\/pt-pt\/wp-json\/wp\/v2\/product_tag?post=66484"}],"curies":[{"name":"wp","href":"https:\/\/api.w.org\/{rel}","templated":true}]}}