{"id":66443,"date":"2025-06-05T14:11:10","date_gmt":"2025-12-09T11:16:28","guid":{"rendered":"https:\/\/www.meliconi.com\/?post_type=product&#038;p=66443"},"modified":"2025-12-09T12:16:29","modified_gmt":"2025-12-09T11:16:29","slug":"flexi","status":"publish","type":"product","link":"https:\/\/www.meliconi.com\/pt-pt\/produto\/flexi\/","title":{"rendered":"Flexi"},"content":{"rendered":"<p data-start=\"0\" data-end=\"53\"><strong data-start=\"0\" data-end=\"51\">ANTENA DE TV AMPLIFICADA PARA INTERIORES FLEXI:<\/strong><\/p>\n<p data-start=\"55\" data-end=\"234\">\u2022 Compat\u00edvel com todos os padr\u00f5es de sinal digital terrestre para TV (DVB-T2 HEVC, DVB-T) at\u00e9 resolu\u00e7\u00e3o 4K Ultra HD, al\u00e9m de r\u00e1dio DAB+. Faixa de rece\u00e7\u00e3o 174-230MHz, 470-694MHz.<\/p>\n<p data-start=\"236\" data-end=\"352\">\u2022 <strong data-start=\"238\" data-end=\"276\">Rece\u00e7\u00e3o e amplifica\u00e7\u00e3o otimizadas:<\/strong> minimiza interfer\u00eancias gra\u00e7as a filtros especiais integrados (3G\/4G\/5G).<\/p>\n<p data-start=\"354\" data-end=\"556\">\u2022 <strong data-start=\"356\" data-end=\"379\">Instala\u00e7\u00e3o simples:<\/strong> pode ser colocada na parede, sobre uma superf\u00edcie plana ou na janela mais pr\u00f3xima. Sem necessidade de instala\u00e7\u00e3o \u2014 basta lig\u00e1-la \u00e0 TV e estar\u00e1 pronta a funcionar de imediato.<\/p>\n<p data-start=\"558\" data-end=\"797\">\u2022 <strong data-start=\"560\" data-end=\"588\">Ultra Slim Transparente:<\/strong> compacta e pouco volumosa (apenas 320 x 160 x 1,2 mm), pode ser posicionada atr\u00e1s do televisor e alimentada diretamente por USB. O seu design elegante e discreto adapta-se perfeitamente a qualquer ambiente.<\/p>\n<p data-start=\"799\" data-end=\"876\">\u2022 <strong data-start=\"801\" data-end=\"825\">Dobr\u00e1vel e port\u00e1til:<\/strong> design compacto, f\u00e1cil de transportar e guardar.<\/p>\n<p data-start=\"878\" data-end=\"986\">\u2022 <strong data-start=\"880\" data-end=\"902\">Montagem flex\u00edvel:<\/strong> fixa-se na parede ou na janela com os adesivos de dupla face inclu\u00eddos no pacote.<\/p>\n<p data-start=\"988\" data-end=\"1159\" data-is-last-node=\"\" data-is-only-node=\"\">\u2022 <strong data-start=\"990\" data-end=\"1051\">O quarto das crian\u00e7as n\u00e3o tem tomada de antena na parede?<\/strong> Em vez de chamar o t\u00e9cnico, a Meliconi tem a solu\u00e7\u00e3o perfeita com a antena de TV para interiores <strong data-start=\"1149\" data-end=\"1159\" data-is-last-node=\"\">FLEXI!<\/strong><\/p>\n","protected":false},"excerpt":{"rendered":"<p>Antena de TV para interiores, plana e transparente, preparada para 5G\/DVB-T2, com alimenta\u00e7\u00e3o via USB. Dobr\u00e1vel e f\u00e1cil de transportar.<\/p>\n","protected":false},"featured_media":66448,"template":"","meta":{"_acf_changed":false},"product_cat":[1702],"product_tag":[],"class_list":{"0":"post-66443","1":"product","2":"type-product","3":"status-publish","4":"has-post-thumbnail","6":"product_cat-antenas-e-amplificadores-tv","8":"first","9":"instock","10":"taxable","11":"shipping-taxable","12":"purchasable","13":"product-type-simple"},"acf":[],"yoast_head":"<!-- This site is optimized with the Yoast SEO plugin v26.1.1 - https:\/\/yoast.com\/wordpress\/plugins\/seo\/ -->\n<title>Flexi - Meliconi<\/title>\n<meta name=\"robots\" content=\"index, follow, max-snippet:-1, max-image-preview:large, max-video-preview:-1\" \/>\n<link rel=\"canonical\" href=\"https:\/\/www.meliconi.com\/pt-pt\/produto\/flexi\/\" \/>\n<meta property=\"og:locale\" content=\"pt_PT\" \/>\n<meta property=\"og:type\" content=\"article\" \/>\n<meta property=\"og:title\" content=\"Flexi - Meliconi\" \/>\n<meta property=\"og:description\" content=\"Antena de TV para interiores, plana e transparente, preparada para 5G\/DVB-T2, com alimenta\u00e7\u00e3o via USB. Dobr\u00e1vel e f\u00e1cil de transportar.\" \/>\n<meta property=\"og:url\" content=\"https:\/\/www.meliconi.com\/pt-pt\/produto\/flexi\/\" \/>\n<meta property=\"og:site_name\" content=\"Meliconi\" \/>\n<meta property=\"article:modified_time\" content=\"2025-12-09T11:16:29+00:00\" \/>\n<meta property=\"og:image\" content=\"https:\/\/www.meliconi.com\/wp-content\/uploads\/2025\/05\/881018_FLEXI-copia-683x1024.png\" \/>\n\t<meta property=\"og:image:width\" content=\"683\" \/>\n\t<meta property=\"og:image:height\" content=\"1024\" \/>\n\t<meta property=\"og:image:type\" content=\"image\/png\" \/>\n<meta name=\"twitter:card\" content=\"summary_large_image\" \/>\n<meta name=\"twitter:label1\" content=\"Tempo estimado de leitura\" \/>\n\t<meta name=\"twitter:data1\" content=\"1 minuto\" \/>\n<script type=\"application\/ld+json\" class=\"yoast-schema-graph\">{\"@context\":\"https:\/\/schema.org\",\"@graph\":[{\"@type\":\"WebPage\",\"@id\":\"https:\/\/www.meliconi.com\/pt-pt\/produto\/flexi\/\",\"url\":\"https:\/\/www.meliconi.com\/pt-pt\/produto\/flexi\/\",\"name\":\"Flexi - Meliconi\",\"isPartOf\":{\"@id\":\"https:\/\/www.meliconi.com\/pt-pt\/#website\"},\"primaryImageOfPage\":{\"@id\":\"https:\/\/www.meliconi.com\/pt-pt\/produto\/flexi\/#primaryimage\"},\"image\":{\"@id\":\"https:\/\/www.meliconi.com\/pt-pt\/produto\/flexi\/#primaryimage\"},\"thumbnailUrl\":\"https:\/\/www.meliconi.com\/wp-content\/uploads\/2025\/05\/881018_FLEXI-copia.png\",\"datePublished\":\"2025-12-09T11:16:28+00:00\",\"dateModified\":\"2025-12-09T11:16:29+00:00\",\"breadcrumb\":{\"@id\":\"https:\/\/www.meliconi.com\/pt-pt\/produto\/flexi\/#breadcrumb\"},\"inLanguage\":\"pt-PT\",\"potentialAction\":[{\"@type\":\"ReadAction\",\"target\":[\"https:\/\/www.meliconi.com\/pt-pt\/produto\/flexi\/\"]}]},{\"@type\":\"ImageObject\",\"inLanguage\":\"pt-PT\",\"@id\":\"https:\/\/www.meliconi.com\/pt-pt\/produto\/flexi\/#primaryimage\",\"url\":\"https:\/\/www.meliconi.com\/wp-content\/uploads\/2025\/05\/881018_FLEXI-copia.png\",\"contentUrl\":\"https:\/\/www.meliconi.com\/wp-content\/uploads\/2025\/05\/881018_FLEXI-copia.png\",\"width\":2268,\"height\":3402},{\"@type\":\"BreadcrumbList\",\"@id\":\"https:\/\/www.meliconi.com\/pt-pt\/produto\/flexi\/#breadcrumb\",\"itemListElement\":[{\"@type\":\"ListItem\",\"position\":1,\"name\":\"Home\",\"item\":\"https:\/\/www.meliconi.com\/pt-pt\/\"},{\"@type\":\"ListItem\",\"position\":2,\"name\":\"Shop\",\"item\":\"https:\/\/www.meliconi.com\/pt-pt\/shop-pt\/\"},{\"@type\":\"ListItem\",\"position\":3,\"name\":\"Flexi\"}]},{\"@type\":\"WebSite\",\"@id\":\"https:\/\/www.meliconi.com\/pt-pt\/#website\",\"url\":\"https:\/\/www.meliconi.com\/pt-pt\/\",\"name\":\"Meliconi\",\"description\":\"Lo specialista dell&#039;accessorio\",\"publisher\":{\"@id\":\"https:\/\/www.meliconi.com\/pt-pt\/#organization\"},\"potentialAction\":[{\"@type\":\"SearchAction\",\"target\":{\"@type\":\"EntryPoint\",\"urlTemplate\":\"https:\/\/www.meliconi.com\/pt-pt\/?s={search_term_string}\"},\"query-input\":{\"@type\":\"PropertyValueSpecification\",\"valueRequired\":true,\"valueName\":\"search_term_string\"}}],\"inLanguage\":\"pt-PT\"},{\"@type\":\"Organization\",\"@id\":\"https:\/\/www.meliconi.com\/pt-pt\/#organization\",\"name\":\"Meliconi\",\"url\":\"https:\/\/www.meliconi.com\/pt-pt\/\",\"logo\":{\"@type\":\"ImageObject\",\"inLanguage\":\"pt-PT\",\"@id\":\"https:\/\/www.meliconi.com\/pt-pt\/#\/schema\/logo\/image\/\",\"url\":\"https:\/\/www.meliconi.com\/wp-content\/uploads\/2021\/06\/logo-meliconi.png\",\"contentUrl\":\"https:\/\/www.meliconi.com\/wp-content\/uploads\/2021\/06\/logo-meliconi.png\",\"width\":338,\"height\":102,\"caption\":\"Meliconi\"},\"image\":{\"@id\":\"https:\/\/www.meliconi.com\/pt-pt\/#\/schema\/logo\/image\/\"}}]}<\/script>\n<!-- \/ Yoast SEO plugin. -->","yoast_head_json":{"title":"Flexi - Meliconi","robots":{"index":"index","follow":"follow","max-snippet":"max-snippet:-1","max-image-preview":"max-image-preview:large","max-video-preview":"max-video-preview:-1"},"canonical":"https:\/\/www.meliconi.com\/pt-pt\/produto\/flexi\/","og_locale":"pt_PT","og_type":"article","og_title":"Flexi - Meliconi","og_description":"Antena de TV para interiores, plana e transparente, preparada para 5G\/DVB-T2, com alimenta\u00e7\u00e3o via USB. Dobr\u00e1vel e f\u00e1cil de transportar.","og_url":"https:\/\/www.meliconi.com\/pt-pt\/produto\/flexi\/","og_site_name":"Meliconi","article_modified_time":"2025-12-09T11:16:29+00:00","og_image":[{"width":683,"height":1024,"url":"https:\/\/www.meliconi.com\/wp-content\/uploads\/2025\/05\/881018_FLEXI-copia-683x1024.png","type":"image\/png"}],"twitter_card":"summary_large_image","twitter_misc":{"Tempo estimado de leitura":"1 minuto"},"schema":{"@context":"https:\/\/schema.org","@graph":[{"@type":"WebPage","@id":"https:\/\/www.meliconi.com\/pt-pt\/produto\/flexi\/","url":"https:\/\/www.meliconi.com\/pt-pt\/produto\/flexi\/","name":"Flexi - Meliconi","isPartOf":{"@id":"https:\/\/www.meliconi.com\/pt-pt\/#website"},"primaryImageOfPage":{"@id":"https:\/\/www.meliconi.com\/pt-pt\/produto\/flexi\/#primaryimage"},"image":{"@id":"https:\/\/www.meliconi.com\/pt-pt\/produto\/flexi\/#primaryimage"},"thumbnailUrl":"https:\/\/www.meliconi.com\/wp-content\/uploads\/2025\/05\/881018_FLEXI-copia.png","datePublished":"2025-12-09T11:16:28+00:00","dateModified":"2025-12-09T11:16:29+00:00","breadcrumb":{"@id":"https:\/\/www.meliconi.com\/pt-pt\/produto\/flexi\/#breadcrumb"},"inLanguage":"pt-PT","potentialAction":[{"@type":"ReadAction","target":["https:\/\/www.meliconi.com\/pt-pt\/produto\/flexi\/"]}]},{"@type":"ImageObject","inLanguage":"pt-PT","@id":"https:\/\/www.meliconi.com\/pt-pt\/produto\/flexi\/#primaryimage","url":"https:\/\/www.meliconi.com\/wp-content\/uploads\/2025\/05\/881018_FLEXI-copia.png","contentUrl":"https:\/\/www.meliconi.com\/wp-content\/uploads\/2025\/05\/881018_FLEXI-copia.png","width":2268,"height":3402},{"@type":"BreadcrumbList","@id":"https:\/\/www.meliconi.com\/pt-pt\/produto\/flexi\/#breadcrumb","itemListElement":[{"@type":"ListItem","position":1,"name":"Home","item":"https:\/\/www.meliconi.com\/pt-pt\/"},{"@type":"ListItem","position":2,"name":"Shop","item":"https:\/\/www.meliconi.com\/pt-pt\/shop-pt\/"},{"@type":"ListItem","position":3,"name":"Flexi"}]},{"@type":"WebSite","@id":"https:\/\/www.meliconi.com\/pt-pt\/#website","url":"https:\/\/www.meliconi.com\/pt-pt\/","name":"Meliconi","description":"Lo specialista dell&#039;accessorio","publisher":{"@id":"https:\/\/www.meliconi.com\/pt-pt\/#organization"},"potentialAction":[{"@type":"SearchAction","target":{"@type":"EntryPoint","urlTemplate":"https:\/\/www.meliconi.com\/pt-pt\/?s={search_term_string}"},"query-input":{"@type":"PropertyValueSpecification","valueRequired":true,"valueName":"search_term_string"}}],"inLanguage":"pt-PT"},{"@type":"Organization","@id":"https:\/\/www.meliconi.com\/pt-pt\/#organization","name":"Meliconi","url":"https:\/\/www.meliconi.com\/pt-pt\/","logo":{"@type":"ImageObject","inLanguage":"pt-PT","@id":"https:\/\/www.meliconi.com\/pt-pt\/#\/schema\/logo\/image\/","url":"https:\/\/www.meliconi.com\/wp-content\/uploads\/2021\/06\/logo-meliconi.png","contentUrl":"https:\/\/www.meliconi.com\/wp-content\/uploads\/2021\/06\/logo-meliconi.png","width":338,"height":102,"caption":"Meliconi"},"image":{"@id":"https:\/\/www.meliconi.com\/pt-pt\/#\/schema\/logo\/image\/"}}]}},"_links":{"self":[{"href":"https:\/\/www.meliconi.com\/pt-pt\/wp-json\/wp\/v2\/product\/66443","targetHints":{"allow":["GET"]}}],"collection":[{"href":"https:\/\/www.meliconi.com\/pt-pt\/wp-json\/wp\/v2\/product"}],"about":[{"href":"https:\/\/www.meliconi.com\/pt-pt\/wp-json\/wp\/v2\/types\/product"}],"wp:featuredmedia":[{"embeddable":true,"href":"https:\/\/www.meliconi.com\/pt-pt\/wp-json\/wp\/v2\/media\/66448"}],"wp:attachment":[{"href":"https:\/\/www.meliconi.com\/pt-pt\/wp-json\/wp\/v2\/media?parent=66443"}],"wp:term":[{"taxonomy":"product_cat","embeddable":true,"href":"https:\/\/www.meliconi.com\/pt-pt\/wp-json\/wp\/v2\/product_cat?post=66443"},{"taxonomy":"product_tag","embeddable":true,"href":"https:\/\/www.meliconi.com\/pt-pt\/wp-json\/wp\/v2\/product_tag?post=66443"}],"curies":[{"name":"wp","href":"https:\/\/api.w.org\/{rel}","templated":true}]}}