{"id":68738,"date":"2025-11-12T12:13:30","date_gmt":"2025-11-12T11:13:30","guid":{"rendered":"https:\/\/www.meliconi.com\/?page_id=68738"},"modified":"2025-12-09T11:31:39","modified_gmt":"2025-12-09T10:31:39","slug":"portugal","status":"publish","type":"page","link":"https:\/\/www.meliconi.com\/pt-pt\/garantias\/portugal\/","title":{"rendered":"PORTUGAL"},"content":{"rendered":"<a href=\"https:\/\/www.meliconi.com\/wp-content\/uploads\/2025\/11\/Conventional-Guarantee_-PT.pdf\" target=\"_blank\" class=\"uk-button uk-button-primary\">Download PDF<\/a>\n\n\n\n<h2 class=\"wp-block-heading has-text-align-center\"><strong>DECLARA\u00c7\u00c3O DE GARANTIA CONVENCIONAL DOS PRODUTOS MELICONI<\/strong><\/h2>\n\n\n\n<h3 class=\"wp-block-heading has-text-align-center\">Introdu\u00e7\u00e3o<\/h3>\n\n\n\n<p>Os produtos Meliconi vendidos aos consumidores est\u00e3o abrangidos pela garantia legal de conformidade dos bens prevista na lei (\u201cGarantia Legal\u201d), que pode ser ativada gratuitamente pelo consumidor junto do vendedor, conforme o art. *ver tabela legislativa abaixo e as suas posteriores altera\u00e7\u00f5es. Esta Garantia Legal cobre os defeitos de conformidade existentes no momento da entrega, desde que comunicados ao vendedor dentro dos prazos estabelecidos por essa legisla\u00e7\u00e3o.<\/p>\n\n\n\n<p>Al\u00e9m disso, a Meliconi oferece gratuitamente aos consumidores uma Garantia Convencional, nos termos e condi\u00e7\u00f5es indicados a seguir, a qual n\u00e3o prejudica, limita ou exclui, de forma alguma, o direito do consumidor de usufruir da Garantia Legal de conformidade, da qual \u00e9 respons\u00e1vel o vendedor.<\/p>\n\n\n\n<p>1.- Condi\u00e7\u00f5es da Garantia Convencional<\/p>\n\n\n\n<p>1.1 \u2013 O presente documento cont\u00e9m as condi\u00e7\u00f5es da Garantia Convencional oferecida gratuitamente aos consumidores pela Meliconi S.p.A., com sede em 40057 \u2013 Granarolo dell\u2019Emilia (Bolonha), Via Minghetti n.\u00ba 10, It\u00e1lia (doravante \u201cMeliconi\u201d), relativamente aos produtos Meliconi indicados na Tabela 1 abaixo (doravante \u201cProdutos Garantidos\u201d), durante o per\u00edodo de garantia tamb\u00e9m especificado na referida Tabela 1 (doravante \u201cPer\u00edodo de Garantia\u201d).<\/p>\n\n\n\n<p class=\"has-text-align-center\"><strong>Tabela 1<\/strong><\/p>\n\n\n\n<figure class=\"wp-block-table aligncenter is-style-stripes uk-table\"><table class=\"has-fixed-layout\"><thead><tr><th class=\"has-text-align-left\" data-align=\"left\">Produtos Garantidos \u2013 Descri\u00e7\u00e3o do produto<\/th><th class=\"has-text-align-center\" data-align=\"center\">Per\u00edodo de garantia<\/th><\/tr><\/thead><tbody><tr><td class=\"has-text-align-left\" data-align=\"left\">Kit de sobreposi\u00e7\u00e3o universal<\/td><td class=\"has-text-align-center\" data-align=\"center\">10 anos<\/td><\/tr><tr><td class=\"has-text-align-left\" data-align=\"left\">Kit base elevadora universal<\/td><td class=\"has-text-align-center\" data-align=\"center\">10 anos<\/td><\/tr><tr><td class=\"has-text-align-left\" data-align=\"left\">Suportes de parede para TV<\/td><td class=\"has-text-align-center\" data-align=\"center\">5 anos\/10 anos<\/td><\/tr><\/tbody><\/table><\/figure>\n\n\n\n<p>1.2 \u2013 Para efeitos do presente documento, entende-se por consumidor a pessoa singular que adquire os Produtos Garantidos para fins alheios \u00e0 sua atividade empresarial, comercial, artesanal ou profissional.<\/p>\n\n\n\n<p>2.- Condi\u00e7\u00f5es e termos da Garantia Convencional<\/p>\n\n\n\n<p>2.1 \u2013 A presente Garantia Convencional cobre os defeitos de fabrico originais dos Produtos Garantidos relativos a materiais e m\u00e3o de obra, que impe\u00e7am o correto funcionamento dos produtos de acordo com as especifica\u00e7\u00f5es fornecidas pela Meliconi nos manuais de utiliza\u00e7\u00e3o e instru\u00e7\u00f5es, tendo em conta o desempenho global dos produtos, e que se manifestem dentro do Per\u00edodo de Garantia a partir da data de entrega do produto.<\/p>\n\n\n\n<p>2.2 \u2013 Para ativar a presente Garantia Convencional, o consumidor dever\u00e1 enviar \u00e0 Meliconi um pedido escrito espec\u00edfico no prazo de 8 (oito) dias a contar da data da descoberta do defeito, incluindo os seus dados pessoais (nome, apelido, morada, n\u00famero de telefone e e-mail), juntamente com:<\/p>\n\n\n\n<p>\u2022 c\u00f3pia do comprovativo de compra emitido pelo vendedor (tal\u00e3o ou fatura)<\/p>\n\n\n\n<p>\u2022 descri\u00e7\u00e3o do produto e do defeito encontrado, com documenta\u00e7\u00e3o fotogr\u00e1fica sempre que poss\u00edvel.<\/p>\n\n\n\n<p>No assunto da mensagem deve constar a frase: \u201cPedido de ativa\u00e7\u00e3o de Garantia Convencional\u201d.<\/p>\n\n\n\n<p>3.- Cl\u00e1usulas de exclus\u00e3o da Garantia Convencional<\/p>\n\n\n\n<p>3.1 \u2013 A presente Garantia Convencional cobre apenas os produtos utilizados para fins dom\u00e9sticos e, em qualquer caso, n\u00e3o no \u00e2mbito de atividades empresariais ou profissionais.<\/p>\n\n\n\n<p>3.2 \u2013 A presente Garantia Convencional exclui situa\u00e7\u00f5es de uso inadequado, incumprimento das instru\u00e7\u00f5es, utiliza\u00e7\u00e3o de pe\u00e7as n\u00e3o originais, manuten\u00e7\u00e3o deficiente, causas externas ou modelos alterados.<\/p>\n\n\n\n<p>3.3 \u2013 A presente Garantia Convencional tamb\u00e9m n\u00e3o cobre: desgaste normal, consum\u00edveis, \u00edmanes e baterias.<\/p>\n\n\n\n<p>3.4 \u2013 N\u00e3o cobre danos diretos ou indiretos de qualquer tipo resultantes de uso indevido, acidentes, fen\u00f3menos naturais, tens\u00f5es incorretas, descargas el\u00e9tricas, etc.<\/p>\n\n\n\n<p>4.- Solu\u00e7\u00f5es para os defeitos cobertos<\/p>\n\n\n\n<p>Durante o Per\u00edodo de Garantia, caso a Meliconi confirme e reconhe\u00e7a a falta de conformidade do produto, compromete-se a reparar ou substituir o produto por outro id\u00eantico ou equivalente, sem custos para o consumidor. As pe\u00e7as substitu\u00eddas passam a ser propriedade da Meliconi. A garantia n\u00e3o \u00e9 prorrogada ap\u00f3s a repara\u00e7\u00e3o ou substitui\u00e7\u00e3o.<\/p>\n\n\n\n<p>5.- Extens\u00e3o da Garantia Convencional<\/p>\n\n\n\n<p>A presente Garantia Convencional \u00e9 v\u00e1lida para os Produtos Garantidos adquiridos e utilizados no territ\u00f3rio dos Estados-Membros da Uni\u00e3o Europeia.<\/p>\n\n\n\n<p>6.- Limita\u00e7\u00f5es de responsabilidade da Meliconi<\/p>\n\n\n\n<p>A Meliconi declina qualquer responsabilidade por danos que possam resultar, direta ou indirectamente, para pessoas, objetos ou animais, do incumprimento das instru\u00e7\u00f5es indicadas no Manual de Utiliza\u00e7\u00e3o, fichas t\u00e9cnicas, produtos ou embalagens.<\/p>\n\n\n\n<p><strong>Tabela legislativa<\/strong><\/p>\n\n\n\n<figure class=\"wp-block-table is-style-stripes uk-table\"><table class=\"has-fixed-layout\"><thead><tr><th class=\"has-text-align-left\" data-align=\"left\">Pa\u00eds<\/th><th class=\"has-text-align-left\" data-align=\"left\">Legisla\u00e7\u00e3o<\/th><\/tr><\/thead><tbody><tr><td class=\"has-text-align-left\" data-align=\"left\">Fran\u00e7a<\/td><td class=\"has-text-align-left\" data-align=\"left\">Code de la consommation, artigos L. 217-4 e seguintes<\/td><\/tr><tr><td class=\"has-text-align-left\" data-align=\"left\">Espanha<\/td><td class=\"has-text-align-left\" data-align=\"left\">Ley General para la Defensa de los Consumidores y Usuarios (Real Decreto Legislativo 1\/2007)<\/td><\/tr><tr><td class=\"has-text-align-left\" data-align=\"left\">Portugal<\/td><td class=\"has-text-align-left\" data-align=\"left\">Decreto-Lei n.\u00ba 67\/2003, de 8 de abril; Decreto-Lei n.\u00ba 84\/2021, de 18 de outubro<\/td><\/tr><tr><td class=\"has-text-align-left\" data-align=\"left\">B\u00e9lgica<\/td><td class=\"has-text-align-left\" data-align=\"left\">Artigos 1649bis a 1649octies do antigo C\u00f3digo Civil<\/td><\/tr><tr><td class=\"has-text-align-left\" data-align=\"left\">Rom\u00e9nia<\/td><td class=\"has-text-align-left\" data-align=\"left\">Ordonan\u0163a de urgen\u0163\u0103 nr. 140\/2021<\/td><\/tr><\/tbody><\/table><\/figure>\n\n\n\n<p><\/p>\n","protected":false},"excerpt":{"rendered":"<p>DECLARA\u00c7\u00c3O DE GARANTIA CONVENCIONAL DOS PRODUTOS MELICONI Introdu\u00e7\u00e3o Os produtos Meliconi vendidos aos consumidores est\u00e3o abrangidos pela garantia legal de conformidade dos bens prevista na lei (\u201cGarantia Legal\u201d), que pode ser ativada gratuitamente pelo consumidor junto do vendedor, conforme o art. *ver tabela legislativa abaixo e as suas posteriores altera\u00e7\u00f5es. Esta Garantia Legal cobre os [&hellip;]<\/p>\n","protected":false},"author":6,"featured_media":0,"parent":68735,"menu_order":0,"comment_status":"closed","ping_status":"closed","template":"","meta":{"_acf_changed":false,"footnotes":""},"class_list":["post-68738","page","type-page","status-publish","hentry"],"acf":[],"yoast_head":"<!-- This site is optimized with the Yoast SEO plugin v26.1.1 - https:\/\/yoast.com\/wordpress\/plugins\/seo\/ -->\n<title>PORTUGAL - Meliconi<\/title>\n<meta name=\"robots\" content=\"index, follow, max-snippet:-1, max-image-preview:large, max-video-preview:-1\" \/>\n<link rel=\"canonical\" href=\"https:\/\/www.meliconi.com\/pt-pt\/garantias\/portugal\/\" \/>\n<meta property=\"og:locale\" content=\"pt_PT\" \/>\n<meta property=\"og:type\" content=\"article\" \/>\n<meta property=\"og:title\" content=\"PORTUGAL - Meliconi\" \/>\n<meta property=\"og:description\" content=\"DECLARA\u00c7\u00c3O DE GARANTIA CONVENCIONAL DOS PRODUTOS MELICONI Introdu\u00e7\u00e3o Os produtos Meliconi vendidos aos consumidores est\u00e3o abrangidos pela garantia legal de conformidade dos bens prevista na lei (\u201cGarantia Legal\u201d), que pode ser ativada gratuitamente pelo consumidor junto do vendedor, conforme o art. *ver tabela legislativa abaixo e as suas posteriores altera\u00e7\u00f5es. Esta Garantia Legal cobre os [&hellip;]\" \/>\n<meta property=\"og:url\" content=\"https:\/\/www.meliconi.com\/pt-pt\/garantias\/portugal\/\" \/>\n<meta property=\"og:site_name\" content=\"Meliconi\" \/>\n<meta property=\"article:modified_time\" content=\"2025-12-09T10:31:39+00:00\" \/>\n<meta name=\"twitter:card\" content=\"summary_large_image\" \/>\n<meta name=\"twitter:label1\" content=\"Tempo estimado de leitura\" \/>\n\t<meta name=\"twitter:data1\" content=\"4 minutos\" \/>\n<script type=\"application\/ld+json\" class=\"yoast-schema-graph\">{\"@context\":\"https:\/\/schema.org\",\"@graph\":[{\"@type\":\"WebPage\",\"@id\":\"https:\/\/www.meliconi.com\/pt-pt\/garantias\/portugal\/\",\"url\":\"https:\/\/www.meliconi.com\/pt-pt\/garantias\/portugal\/\",\"name\":\"PORTUGAL - Meliconi\",\"isPartOf\":{\"@id\":\"https:\/\/www.meliconi.com\/pt-pt\/#website\"},\"datePublished\":\"2025-11-12T11:13:30+00:00\",\"dateModified\":\"2025-12-09T10:31:39+00:00\",\"breadcrumb\":{\"@id\":\"https:\/\/www.meliconi.com\/pt-pt\/garantias\/portugal\/#breadcrumb\"},\"inLanguage\":\"pt-PT\",\"potentialAction\":[{\"@type\":\"ReadAction\",\"target\":[\"https:\/\/www.meliconi.com\/pt-pt\/garantias\/portugal\/\"]}]},{\"@type\":\"BreadcrumbList\",\"@id\":\"https:\/\/www.meliconi.com\/pt-pt\/garantias\/portugal\/#breadcrumb\",\"itemListElement\":[{\"@type\":\"ListItem\",\"position\":1,\"name\":\"Home\",\"item\":\"https:\/\/www.meliconi.com\/pt-pt\/\"},{\"@type\":\"ListItem\",\"position\":2,\"name\":\"Informa\u00e7\u00e3o sobre a garantia\",\"item\":\"https:\/\/www.meliconi.com\/pt-pt\/garanzie\/\"},{\"@type\":\"ListItem\",\"position\":3,\"name\":\"PORTUGAL\"}]},{\"@type\":\"WebSite\",\"@id\":\"https:\/\/www.meliconi.com\/pt-pt\/#website\",\"url\":\"https:\/\/www.meliconi.com\/pt-pt\/\",\"name\":\"Meliconi\",\"description\":\"Lo specialista dell&#039;accessorio\",\"publisher\":{\"@id\":\"https:\/\/www.meliconi.com\/pt-pt\/#organization\"},\"potentialAction\":[{\"@type\":\"SearchAction\",\"target\":{\"@type\":\"EntryPoint\",\"urlTemplate\":\"https:\/\/www.meliconi.com\/pt-pt\/?s={search_term_string}\"},\"query-input\":{\"@type\":\"PropertyValueSpecification\",\"valueRequired\":true,\"valueName\":\"search_term_string\"}}],\"inLanguage\":\"pt-PT\"},{\"@type\":\"Organization\",\"@id\":\"https:\/\/www.meliconi.com\/pt-pt\/#organization\",\"name\":\"Meliconi\",\"url\":\"https:\/\/www.meliconi.com\/pt-pt\/\",\"logo\":{\"@type\":\"ImageObject\",\"inLanguage\":\"pt-PT\",\"@id\":\"https:\/\/www.meliconi.com\/pt-pt\/#\/schema\/logo\/image\/\",\"url\":\"https:\/\/www.meliconi.com\/wp-content\/uploads\/2021\/06\/logo-meliconi.png\",\"contentUrl\":\"https:\/\/www.meliconi.com\/wp-content\/uploads\/2021\/06\/logo-meliconi.png\",\"width\":338,\"height\":102,\"caption\":\"Meliconi\"},\"image\":{\"@id\":\"https:\/\/www.meliconi.com\/pt-pt\/#\/schema\/logo\/image\/\"}}]}<\/script>\n<!-- \/ Yoast SEO plugin. -->","yoast_head_json":{"title":"PORTUGAL - Meliconi","robots":{"index":"index","follow":"follow","max-snippet":"max-snippet:-1","max-image-preview":"max-image-preview:large","max-video-preview":"max-video-preview:-1"},"canonical":"https:\/\/www.meliconi.com\/pt-pt\/garantias\/portugal\/","og_locale":"pt_PT","og_type":"article","og_title":"PORTUGAL - Meliconi","og_description":"DECLARA\u00c7\u00c3O DE GARANTIA CONVENCIONAL DOS PRODUTOS MELICONI Introdu\u00e7\u00e3o Os produtos Meliconi vendidos aos consumidores est\u00e3o abrangidos pela garantia legal de conformidade dos bens prevista na lei (\u201cGarantia Legal\u201d), que pode ser ativada gratuitamente pelo consumidor junto do vendedor, conforme o art. *ver tabela legislativa abaixo e as suas posteriores altera\u00e7\u00f5es. Esta Garantia Legal cobre os [&hellip;]","og_url":"https:\/\/www.meliconi.com\/pt-pt\/garantias\/portugal\/","og_site_name":"Meliconi","article_modified_time":"2025-12-09T10:31:39+00:00","twitter_card":"summary_large_image","twitter_misc":{"Tempo estimado de leitura":"4 minutos"},"schema":{"@context":"https:\/\/schema.org","@graph":[{"@type":"WebPage","@id":"https:\/\/www.meliconi.com\/pt-pt\/garantias\/portugal\/","url":"https:\/\/www.meliconi.com\/pt-pt\/garantias\/portugal\/","name":"PORTUGAL - Meliconi","isPartOf":{"@id":"https:\/\/www.meliconi.com\/pt-pt\/#website"},"datePublished":"2025-11-12T11:13:30+00:00","dateModified":"2025-12-09T10:31:39+00:00","breadcrumb":{"@id":"https:\/\/www.meliconi.com\/pt-pt\/garantias\/portugal\/#breadcrumb"},"inLanguage":"pt-PT","potentialAction":[{"@type":"ReadAction","target":["https:\/\/www.meliconi.com\/pt-pt\/garantias\/portugal\/"]}]},{"@type":"BreadcrumbList","@id":"https:\/\/www.meliconi.com\/pt-pt\/garantias\/portugal\/#breadcrumb","itemListElement":[{"@type":"ListItem","position":1,"name":"Home","item":"https:\/\/www.meliconi.com\/pt-pt\/"},{"@type":"ListItem","position":2,"name":"Informa\u00e7\u00e3o sobre a garantia","item":"https:\/\/www.meliconi.com\/pt-pt\/garanzie\/"},{"@type":"ListItem","position":3,"name":"PORTUGAL"}]},{"@type":"WebSite","@id":"https:\/\/www.meliconi.com\/pt-pt\/#website","url":"https:\/\/www.meliconi.com\/pt-pt\/","name":"Meliconi","description":"Lo specialista dell&#039;accessorio","publisher":{"@id":"https:\/\/www.meliconi.com\/pt-pt\/#organization"},"potentialAction":[{"@type":"SearchAction","target":{"@type":"EntryPoint","urlTemplate":"https:\/\/www.meliconi.com\/pt-pt\/?s={search_term_string}"},"query-input":{"@type":"PropertyValueSpecification","valueRequired":true,"valueName":"search_term_string"}}],"inLanguage":"pt-PT"},{"@type":"Organization","@id":"https:\/\/www.meliconi.com\/pt-pt\/#organization","name":"Meliconi","url":"https:\/\/www.meliconi.com\/pt-pt\/","logo":{"@type":"ImageObject","inLanguage":"pt-PT","@id":"https:\/\/www.meliconi.com\/pt-pt\/#\/schema\/logo\/image\/","url":"https:\/\/www.meliconi.com\/wp-content\/uploads\/2021\/06\/logo-meliconi.png","contentUrl":"https:\/\/www.meliconi.com\/wp-content\/uploads\/2021\/06\/logo-meliconi.png","width":338,"height":102,"caption":"Meliconi"},"image":{"@id":"https:\/\/www.meliconi.com\/pt-pt\/#\/schema\/logo\/image\/"}}]}},"_links":{"self":[{"href":"https:\/\/www.meliconi.com\/pt-pt\/wp-json\/wp\/v2\/pages\/68738","targetHints":{"allow":["GET"]}}],"collection":[{"href":"https:\/\/www.meliconi.com\/pt-pt\/wp-json\/wp\/v2\/pages"}],"about":[{"href":"https:\/\/www.meliconi.com\/pt-pt\/wp-json\/wp\/v2\/types\/page"}],"author":[{"embeddable":true,"href":"https:\/\/www.meliconi.com\/pt-pt\/wp-json\/wp\/v2\/users\/6"}],"replies":[{"embeddable":true,"href":"https:\/\/www.meliconi.com\/pt-pt\/wp-json\/wp\/v2\/comments?post=68738"}],"version-history":[{"count":3,"href":"https:\/\/www.meliconi.com\/pt-pt\/wp-json\/wp\/v2\/pages\/68738\/revisions"}],"predecessor-version":[{"id":68913,"href":"https:\/\/www.meliconi.com\/pt-pt\/wp-json\/wp\/v2\/pages\/68738\/revisions\/68913"}],"up":[{"embeddable":true,"href":"https:\/\/www.meliconi.com\/pt-pt\/wp-json\/wp\/v2\/pages\/68735"}],"wp:attachment":[{"href":"https:\/\/www.meliconi.com\/pt-pt\/wp-json\/wp\/v2\/media?parent=68738"}],"curies":[{"name":"wp","href":"https:\/\/api.w.org\/{rel}","templated":true}]}}