{"id":66172,"date":"2021-08-10T14:27:16","date_gmt":"2021-08-10T14:27:16","guid":{"rendered":"https:\/\/www.meliconi.com\/otros-productos\/antenas-tv\/"},"modified":"2025-10-27T14:35:48","modified_gmt":"2025-10-27T13:35:48","slug":"antenas-de-tv","status":"publish","type":"page","link":"https:\/\/www.meliconi.com\/pt-pt\/outros-produtos\/antenas-de-tv\/","title":{"rendered":"Antenas de TV"},"content":{"rendered":"<div>\n<h1>Antenas de TV.<\/h1>\n<div>\n<p>As antenas internas para TV da Meliconi permitem uma recep\u00e7\u00e3o ideal do sinal digital terrestre (DVBT e DVBT2) por meio de um decodificador (integrado na televis\u00e3o ou externo).<\/p>\n<\/div>\n<p><a href=\"\/pt-pt\/shop\/tv-pt-pt\/antenas-e-amplificadores-tv\/\">Ver produtos<\/a><\/p>\n<\/div>\n<h2><strong>Ideais para uso em ambientes internos (em segundas resid\u00eancias n\u00e3o equipadas com antena externa, em estabelecimentos p\u00fablicos, ou em c\u00f4modos da casa onde os cabos da antena do condom\u00ednio n\u00e3o chegam), s\u00e3o oferecidas no mercado europeu pela Meliconi desde o in\u00edcio dos anos 2000, e caracterizam-se por:<\/strong><\/h2>\n<div>\n<ul>\n<li><span style=\"font-weight: 400;\">Qualidade garantida<\/span><\/li>\n<li><span style=\"font-weight: 400;\">Grande aten\u00e7\u00e3o ao design<\/span><\/li>\n<li><span style=\"font-weight: 400;\">Mais de dez anos de experi\u00eancia da Meliconi no setor (conhecimento de produto e mercado)<\/span><\/li>\n<li><span style=\"font-weight: 400;\">Ampla gama, com diversos n\u00edveis de pre\u00e7o<\/span><\/li>\n<li><span style=\"font-weight: 400;\">Assist\u00eancia telef\u00f3nica especializada<\/span><\/li>\n<li><span style=\"font-weight: 400;\">Ferramentas online de suporte ao consumidor (videoaulas, perguntas frequentes no site <a href=\"http:\/\/www.meliconi.com\">www.meliconi.com<\/a>)<\/span><\/li>\n<\/ul>\n<\/div>\n<h2><strong>A linha 2021 apresenta as seguintes caracter\u00edsticas, \u00fanicas no mercado:<\/strong><\/h2>\n<div>\n<ul>\n<li><span style=\"font-weight: 400;\">Quase todos os modelos est\u00e3o preparados para o desligamento da TV anal\u00f3gica (Switchoff) de 2021\/2022<\/span><\/li>\n<li><span style=\"font-weight: 400;\">Amplificador interno de alta qualidade<\/span><\/li>\n<li><span style=\"font-weight: 400;\">Alimenta\u00e7\u00e3o: atrav\u00e9s da rede el\u00e9trica tradicional e\/ou via porta USB, para facilitar o uso tanto em casa quanto nas f\u00e9rias<\/span><\/li>\n<li><span style=\"font-weight: 400;\">Filtros 4G\/5G para evitar interfer\u00eancias de sinais indesejados<\/span><\/li>\n<\/ul>\n<\/div>\n<p>\n    <a href=\"\/pt-pt\/shop\/tv-pt-pt\/antenas-e-amplificadores-tv\/\">Descubra mais<\/a>\n<\/p>\n<p><!--more--><br \/>\n<!-- {\"children\":[{\"type\":\"section\",\"props\":{\"animation\":\"slide-bottom-small\",\"animation_delay\":\"200\",\"class\":\"uk-animation-fade uk-margin-small-bottom\",\"image\":\"wp-content\\\/uploads\\\/2021\\\/05\\\/ANTENNE.jpg\",\"image_position\":\"center-right\",\"image_size\":\"cover\",\"overlap\":false,\"padding\":\"large\",\"style\":\"default\",\"text_color\":\"light\",\"title_breakpoint\":\"xl\",\"title_position\":\"top-left\",\"title_rotation\":\"left\",\"vertical_align\":\"middle\",\"width\":\"default\"},\"children\":[{\"type\":\"row\",\"children\":[{\"type\":\"column\",\"props\":{\"image_position\":\"center-center\",\"position_sticky_breakpoint\":\"m\"},\"children\":[{\"type\":\"panel\",\"props\":{\"content\":\"\n\n<p>As antenas internas para TV da Meliconi permitem uma recep\\u00e7\\u00e3o ideal do sinal digital terrestre (DVBT e DVBT2) por meio de um decodificador (integrado na televis\\u00e3o ou externo).<\\\/p>\",\"content_column_breakpoint\":\"m\",\"content_style\":\"text-lead\",\"icon_width\":80,\"image\":\"\",\"image_align\":\"top\",\"image_grid_breakpoint\":\"m\",\"image_grid_width\":\"1-2\",\"image_svg_color\":\"emphasis\",\"image_width\":\"200\",\"link\":\"pt-pt\\\/shop\\\/tv-pt-pt\\\/antenas-e-amplificadores-tv\\\/\",\"link_margin\":\"medium\",\"link_size\":\"large\",\"link_style\":\"primary\",\"link_text\":\"Ver produtos\",\"margin\":\"default\",\"maxwidth\":\"2xlarge\",\"meta_align\":\"below-title\",\"meta_element\":\"div\",\"meta_style\":\"text-meta\",\"title\":\"Antenas de TV.\",\"title_align\":\"top\",\"title_element\":\"h1\",\"title_grid_breakpoint\":\"m\",\"title_grid_width\":\"1-2\",\"title_hover_style\":\"reset\",\"title_style\":\"heading-medium\"}}]}]}],\"name\":\"Hero\"},{\"type\":\"section\",\"props\":{\"animation\":\"slide-bottom-small\",\"animation_delay\":\"200\",\"class\":\"uk-animation-fade uk-margin-small-bottom\",\"image\":\"wp-content\\\/uploads\\\/2021\\\/05\\\/AT49-1.jpg\",\"image_position\":\"center-right\",\"image_size\":\"cover\",\"media_overlay\":\"rgba(0, 0, 0, 0.19)\",\"media_overlay_gradient\":\"linear-gradient(90deg, rgba(0,0,0,0.5) 0%, rgba(255,255,255,0) 80%)\",\"padding\":\"large\",\"style\":\"default\",\"text_color\":\"light\",\"title_breakpoint\":\"xl\",\"title_position\":\"top-left\",\"title_rotation\":\"left\",\"vertical_align\":\"middle\",\"width\":\"default\"},\"children\":[{\"type\":\"row\",\"children\":[{\"type\":\"column\",\"props\":{\"image_position\":\"center-center\",\"position_sticky_breakpoint\":\"m\"},\"children\":[{\"type\":\"headline\",\"props\":{\"content\":\"<strong>Ideais para uso em ambientes internos (em segundas resid\\u00eancias n\\u00e3o equipadas com antena externa, em estabelecimentos p\\u00fablicos, ou em c\\u00f4modos da casa onde os cabos da antena do condom\\u00ednio n\\u00e3o chegam), s\\u00e3o oferecidas no mercado europeu pela Meliconi desde o in\\u00edcio dos anos 2000, e caracterizam-se por:<\\\/strong>\",\"maxwidth\":\"2xlarge\",\"title_element\":\"h2\",\"title_style\":\"h3\"}},{\"type\":\"text\",\"props\":{\"column_breakpoint\":\"m\",\"content\":\"\n\n<ul>\\n\n\n<li><span style=\\\"font-weight: 400;\\\">Qualidade garantida<\\\/span><\\\/li>\\n\n\n<li><span style=\\\"font-weight: 400;\\\">Grande aten\\u00e7\\u00e3o ao design<\\\/span><\\\/li>\\n\n\n<li><span style=\\\"font-weight: 400;\\\">Mais de dez anos de experi\\u00eancia da Meliconi no setor (conhecimento de produto e mercado)<\\\/span><\\\/li>\\n\n\n<li><span style=\\\"font-weight: 400;\\\">Ampla gama, com diversos n\\u00edveis de pre\\u00e7o<\\\/span><\\\/li>\\n\n\n<li><span style=\\\"font-weight: 400;\\\">Assist\\u00eancia telef\\u00f3nica especializada<\\\/span><\\\/li>\\n\n\n<li><span style=\\\"font-weight: 400;\\\">Ferramentas online de suporte ao consumidor (videoaulas, perguntas frequentes no site <a href=\\\"http:\\\/\\\/www.meliconi.com\\\">www.meliconi.com<\\\/a>)<\\\/span><\\\/li>\\n<\\\/ul>\",\"margin\":\"default\"}}]}]}],\"name\":\"Prodotti secondari\"},{\"type\":\"section\",\"props\":{\"animation\":\"slide-bottom-small\",\"animation_delay\":\"200\",\"class\":\"uk-animation-fade uk-margin-small-bottom\",\"image\":\"wp-content\\\/uploads\\\/2021\\\/05\\\/SCHEDA1.jpg\",\"image_position\":\"center-center\",\"image_size\":\"cover\",\"media_overlay\":\"rgba(9, 9, 9, 0.52)\",\"padding\":\"large\",\"style\":\"default\",\"text_color\":\"light\",\"title_breakpoint\":\"xl\",\"title_position\":\"top-left\",\"title_rotation\":\"left\",\"vertical_align\":\"middle\",\"width\":\"default\"},\"children\":[{\"type\":\"row\",\"children\":[{\"type\":\"column\",\"props\":{\"image_position\":\"center-center\",\"position_sticky_breakpoint\":\"m\"},\"children\":[{\"type\":\"headline\",\"props\":{\"block_align\":\"right\",\"content\":\"<strong>A linha 2021 apresenta as seguintes caracter\\u00edsticas, \\u00fanicas no mercado:<\\\/strong>\",\"maxwidth\":\"xlarge\",\"title_element\":\"h2\",\"title_style\":\"h3\"}},{\"type\":\"text\",\"props\":{\"block_align\":\"right\",\"block_align_breakpoint\":\"m\",\"column_breakpoint\":\"m\",\"content\":\"\n\n<ul>\\n\n\n<li><span style=\\\"font-weight: 400;\\\">Quase todos os modelos est\\u00e3o preparados para o desligamento da TV anal\\u00f3gica (Switchoff) de 2021\\\/2022<\\\/span><\\\/li>\\n\n\n<li><span style=\\\"font-weight: 400;\\\">Amplificador interno de alta qualidade<\\\/span><\\\/li>\\n\n\n<li><span style=\\\"font-weight: 400;\\\">Alimenta\\u00e7\\u00e3o: atrav\\u00e9s da rede el\\u00e9trica tradicional e\\\/ou via porta USB, para facilitar o uso tanto em casa quanto nas f\\u00e9rias<\\\/span><\\\/li>\\n\n\n<li><span style=\\\"font-weight: 400;\\\">Filtros 4G\\\/5G para evitar interfer\\u00eancias de sinais indesejados<\\\/span><\\\/li>\\n<\\\/ul>\",\"margin\":\"default\",\"maxwidth\":\"xlarge\"}},{\"type\":\"button\",\"props\":{\"block_align\":\"right\",\"button_size\":\"large\",\"class\":\"uk-margin-medium-top\",\"grid_column_gap\":\"small\",\"grid_row_gap\":\"small\",\"margin\":\"\",\"maxwidth\":\"xlarge\"},\"children\":[{\"type\":\"button_item\",\"props\":{\"button_style\":\"primary\",\"content\":\"Descubra mais\",\"icon_align\":\"left\",\"link\":\"pt-pt\\\/shop\\\/tv-pt-pt\\\/antenas-e-amplificadores-tv\\\/\"}}]}]}]}],\"name\":\"Prodotti secondari\"}],\"version\":\"4.3.5\",\"type\":\"layout\"} --><\/p>\n","protected":false},"excerpt":{"rendered":"<p>Antenas de TV. As antenas internas para TV da Meliconi permitem uma recep\u00e7\u00e3o ideal do sinal digital terrestre (DVBT e DVBT2) por meio de um decodificador (integrado na televis\u00e3o ou externo). Ver produtos Ideais para uso em ambientes internos (em segundas resid\u00eancias n\u00e3o equipadas com antena externa, em estabelecimentos p\u00fablicos, ou em c\u00f4modos da casa [&hellip;]<\/p>\n","protected":false},"author":4,"featured_media":0,"parent":66170,"menu_order":0,"comment_status":"closed","ping_status":"closed","template":"","meta":{"_acf_changed":false,"footnotes":""},"class_list":["post-66172","page","type-page","status-publish","hentry"],"acf":[],"yoast_head":"<!-- This site is optimized with the Yoast SEO plugin v27.4 - https:\/\/yoast.com\/product\/yoast-seo-wordpress\/ -->\n<title>Antenas de TV - Meliconi<\/title>\n<meta name=\"robots\" content=\"index, follow, max-snippet:-1, max-image-preview:large, max-video-preview:-1\" \/>\n<link rel=\"canonical\" href=\"https:\/\/www.meliconi.com\/pt-pt\/outros-produtos\/antenas-de-tv\/\" \/>\n<meta property=\"og:locale\" content=\"pt_PT\" \/>\n<meta property=\"og:type\" content=\"article\" \/>\n<meta property=\"og:title\" content=\"Antenas de TV - Meliconi\" \/>\n<meta property=\"og:description\" content=\"Antenas de TV. As antenas internas para TV da Meliconi permitem uma recep\u00e7\u00e3o ideal do sinal digital terrestre (DVBT e DVBT2) por meio de um decodificador (integrado na televis\u00e3o ou externo). Ver produtos Ideais para uso em ambientes internos (em segundas resid\u00eancias n\u00e3o equipadas com antena externa, em estabelecimentos p\u00fablicos, ou em c\u00f4modos da casa [&hellip;]\" \/>\n<meta property=\"og:url\" content=\"https:\/\/www.meliconi.com\/pt-pt\/outros-produtos\/antenas-de-tv\/\" \/>\n<meta property=\"og:site_name\" content=\"Meliconi\" \/>\n<meta property=\"article:modified_time\" content=\"2025-10-27T13:35:48+00:00\" \/>\n<meta name=\"twitter:card\" content=\"summary_large_image\" \/>\n<meta name=\"twitter:label1\" content=\"Tempo estimado de leitura\" \/>\n\t<meta name=\"twitter:data1\" content=\"1 minuto\" \/>\n<script type=\"application\/ld+json\" class=\"yoast-schema-graph\">{\"@context\":\"https:\\\/\\\/schema.org\",\"@graph\":[{\"@type\":\"WebPage\",\"@id\":\"https:\\\/\\\/www.meliconi.com\\\/pt-pt\\\/outros-produtos\\\/antenas-de-tv\\\/\",\"url\":\"https:\\\/\\\/www.meliconi.com\\\/pt-pt\\\/outros-produtos\\\/antenas-de-tv\\\/\",\"name\":\"Antenas de TV - Meliconi\",\"isPartOf\":{\"@id\":\"https:\\\/\\\/www.meliconi.com\\\/pt-pt\\\/#website\"},\"datePublished\":\"2021-08-10T14:27:16+00:00\",\"dateModified\":\"2025-10-27T13:35:48+00:00\",\"breadcrumb\":{\"@id\":\"https:\\\/\\\/www.meliconi.com\\\/pt-pt\\\/outros-produtos\\\/antenas-de-tv\\\/#breadcrumb\"},\"inLanguage\":\"pt-PT\",\"potentialAction\":[{\"@type\":\"ReadAction\",\"target\":[\"https:\\\/\\\/www.meliconi.com\\\/pt-pt\\\/outros-produtos\\\/antenas-de-tv\\\/\"]}]},{\"@type\":\"BreadcrumbList\",\"@id\":\"https:\\\/\\\/www.meliconi.com\\\/pt-pt\\\/outros-produtos\\\/antenas-de-tv\\\/#breadcrumb\",\"itemListElement\":[{\"@type\":\"ListItem\",\"position\":1,\"name\":\"Home\",\"item\":\"https:\\\/\\\/www.meliconi.com\\\/pt-pt\\\/\"},{\"@type\":\"ListItem\",\"position\":2,\"name\":\"Outros Produtos\",\"item\":\"https:\\\/\\\/www.meliconi.com\\\/pt-pt\\\/outros-produtos\\\/\"},{\"@type\":\"ListItem\",\"position\":3,\"name\":\"Antenas de TV\"}]},{\"@type\":\"WebSite\",\"@id\":\"https:\\\/\\\/www.meliconi.com\\\/pt-pt\\\/#website\",\"url\":\"https:\\\/\\\/www.meliconi.com\\\/pt-pt\\\/\",\"name\":\"Meliconi\",\"description\":\"Lo specialista dell&#039;accessorio\",\"publisher\":{\"@id\":\"https:\\\/\\\/www.meliconi.com\\\/pt-pt\\\/#organization\"},\"potentialAction\":[{\"@type\":\"SearchAction\",\"target\":{\"@type\":\"EntryPoint\",\"urlTemplate\":\"https:\\\/\\\/www.meliconi.com\\\/pt-pt\\\/?s={search_term_string}\"},\"query-input\":{\"@type\":\"PropertyValueSpecification\",\"valueRequired\":true,\"valueName\":\"search_term_string\"}}],\"inLanguage\":\"pt-PT\"},{\"@type\":\"Organization\",\"@id\":\"https:\\\/\\\/www.meliconi.com\\\/pt-pt\\\/#organization\",\"name\":\"Meliconi\",\"url\":\"https:\\\/\\\/www.meliconi.com\\\/pt-pt\\\/\",\"logo\":{\"@type\":\"ImageObject\",\"inLanguage\":\"pt-PT\",\"@id\":\"https:\\\/\\\/www.meliconi.com\\\/pt-pt\\\/#\\\/schema\\\/logo\\\/image\\\/\",\"url\":\"https:\\\/\\\/www.meliconi.com\\\/wp-content\\\/uploads\\\/2021\\\/06\\\/logo-meliconi.png\",\"contentUrl\":\"https:\\\/\\\/www.meliconi.com\\\/wp-content\\\/uploads\\\/2021\\\/06\\\/logo-meliconi.png\",\"width\":338,\"height\":102,\"caption\":\"Meliconi\"},\"image\":{\"@id\":\"https:\\\/\\\/www.meliconi.com\\\/pt-pt\\\/#\\\/schema\\\/logo\\\/image\\\/\"}}]}<\/script>\n<!-- \/ Yoast SEO plugin. -->","yoast_head_json":{"title":"Antenas de TV - Meliconi","robots":{"index":"index","follow":"follow","max-snippet":"max-snippet:-1","max-image-preview":"max-image-preview:large","max-video-preview":"max-video-preview:-1"},"canonical":"https:\/\/www.meliconi.com\/pt-pt\/outros-produtos\/antenas-de-tv\/","og_locale":"pt_PT","og_type":"article","og_title":"Antenas de TV - Meliconi","og_description":"Antenas de TV. As antenas internas para TV da Meliconi permitem uma recep\u00e7\u00e3o ideal do sinal digital terrestre (DVBT e DVBT2) por meio de um decodificador (integrado na televis\u00e3o ou externo). Ver produtos Ideais para uso em ambientes internos (em segundas resid\u00eancias n\u00e3o equipadas com antena externa, em estabelecimentos p\u00fablicos, ou em c\u00f4modos da casa [&hellip;]","og_url":"https:\/\/www.meliconi.com\/pt-pt\/outros-produtos\/antenas-de-tv\/","og_site_name":"Meliconi","article_modified_time":"2025-10-27T13:35:48+00:00","twitter_card":"summary_large_image","twitter_misc":{"Tempo estimado de leitura":"1 minuto"},"schema":{"@context":"https:\/\/schema.org","@graph":[{"@type":"WebPage","@id":"https:\/\/www.meliconi.com\/pt-pt\/outros-produtos\/antenas-de-tv\/","url":"https:\/\/www.meliconi.com\/pt-pt\/outros-produtos\/antenas-de-tv\/","name":"Antenas de TV - Meliconi","isPartOf":{"@id":"https:\/\/www.meliconi.com\/pt-pt\/#website"},"datePublished":"2021-08-10T14:27:16+00:00","dateModified":"2025-10-27T13:35:48+00:00","breadcrumb":{"@id":"https:\/\/www.meliconi.com\/pt-pt\/outros-produtos\/antenas-de-tv\/#breadcrumb"},"inLanguage":"pt-PT","potentialAction":[{"@type":"ReadAction","target":["https:\/\/www.meliconi.com\/pt-pt\/outros-produtos\/antenas-de-tv\/"]}]},{"@type":"BreadcrumbList","@id":"https:\/\/www.meliconi.com\/pt-pt\/outros-produtos\/antenas-de-tv\/#breadcrumb","itemListElement":[{"@type":"ListItem","position":1,"name":"Home","item":"https:\/\/www.meliconi.com\/pt-pt\/"},{"@type":"ListItem","position":2,"name":"Outros Produtos","item":"https:\/\/www.meliconi.com\/pt-pt\/outros-produtos\/"},{"@type":"ListItem","position":3,"name":"Antenas de TV"}]},{"@type":"WebSite","@id":"https:\/\/www.meliconi.com\/pt-pt\/#website","url":"https:\/\/www.meliconi.com\/pt-pt\/","name":"Meliconi","description":"Lo specialista dell&#039;accessorio","publisher":{"@id":"https:\/\/www.meliconi.com\/pt-pt\/#organization"},"potentialAction":[{"@type":"SearchAction","target":{"@type":"EntryPoint","urlTemplate":"https:\/\/www.meliconi.com\/pt-pt\/?s={search_term_string}"},"query-input":{"@type":"PropertyValueSpecification","valueRequired":true,"valueName":"search_term_string"}}],"inLanguage":"pt-PT"},{"@type":"Organization","@id":"https:\/\/www.meliconi.com\/pt-pt\/#organization","name":"Meliconi","url":"https:\/\/www.meliconi.com\/pt-pt\/","logo":{"@type":"ImageObject","inLanguage":"pt-PT","@id":"https:\/\/www.meliconi.com\/pt-pt\/#\/schema\/logo\/image\/","url":"https:\/\/www.meliconi.com\/wp-content\/uploads\/2021\/06\/logo-meliconi.png","contentUrl":"https:\/\/www.meliconi.com\/wp-content\/uploads\/2021\/06\/logo-meliconi.png","width":338,"height":102,"caption":"Meliconi"},"image":{"@id":"https:\/\/www.meliconi.com\/pt-pt\/#\/schema\/logo\/image\/"}}]}},"_links":{"self":[{"href":"https:\/\/www.meliconi.com\/pt-pt\/wp-json\/wp\/v2\/pages\/66172","targetHints":{"allow":["GET"]}}],"collection":[{"href":"https:\/\/www.meliconi.com\/pt-pt\/wp-json\/wp\/v2\/pages"}],"about":[{"href":"https:\/\/www.meliconi.com\/pt-pt\/wp-json\/wp\/v2\/types\/page"}],"author":[{"embeddable":true,"href":"https:\/\/www.meliconi.com\/pt-pt\/wp-json\/wp\/v2\/users\/4"}],"replies":[{"embeddable":true,"href":"https:\/\/www.meliconi.com\/pt-pt\/wp-json\/wp\/v2\/comments?post=66172"}],"version-history":[{"count":2,"href":"https:\/\/www.meliconi.com\/pt-pt\/wp-json\/wp\/v2\/pages\/66172\/revisions"}],"predecessor-version":[{"id":68497,"href":"https:\/\/www.meliconi.com\/pt-pt\/wp-json\/wp\/v2\/pages\/66172\/revisions\/68497"}],"up":[{"embeddable":true,"href":"https:\/\/www.meliconi.com\/pt-pt\/wp-json\/wp\/v2\/pages\/66170"}],"wp:attachment":[{"href":"https:\/\/www.meliconi.com\/pt-pt\/wp-json\/wp\/v2\/media?parent=66172"}],"curies":[{"name":"wp","href":"https:\/\/api.w.org\/{rel}","templated":true}]}}