{"id":66171,"date":"2022-07-21T08:34:39","date_gmt":"2022-07-21T08:34:39","guid":{"rendered":"https:\/\/www.meliconi.com\/otros-productos\/linea-green\/"},"modified":"2025-11-12T11:20:44","modified_gmt":"2025-11-12T10:20:44","slug":"linha-green","status":"publish","type":"page","link":"https:\/\/www.meliconi.com\/pt-pt\/outros-produtos\/linha-green\/","title":{"rendered":"Linha Green"},"content":{"rendered":"<div>\n<h1>Linha Green<\/h1>\n<div>\n<p>A nova Linha Green nasce do compromisso da Meliconi em reduzir o impacto ambiental dos seus produtos, garantindo ao mesmo tempo m\u00e1xima qualidade e efic\u00e1cia.<\/p>\n<\/div>\n<p><a href=\"\/pt-pt\/shop\/linha-green-pt-pt\/\">Conhe\u00e7a os produtos<\/a><\/p>\n<\/div>\n<h2>Linha Green \u00e9 uma linha de produtos de alta qualidade para limpeza e cuidado de superf\u00edcies e eletrodom\u00e9sticos, favorecendo a manuten\u00e7\u00e3o com benef\u00edcios em termos de economia de energia. Tamb\u00e9m asseguram uma limpeza profunda das superf\u00edcies dom\u00e9sticas sem enx\u00e1gue, promovendo assim a economia de \u00e1gua.<\/h2>\n<p>\n    <a href=\"\/pt-pt\/shop\/linha-green-pt-pt\/\">Conhe\u00e7a os produtos<\/a>\n<\/p>\n<p><!--more--><br \/>\n<!-- {\"children\":[{\"type\":\"section\",\"props\":{\"animation\":\"slide-bottom-small\",\"animation_delay\":\"200\",\"class\":\"uk-animation-fade uk-margin-small-bottom\",\"image\":\"wp-content\\\/uploads\\\/2022\\\/06\\\/meliconi-linea-green-hero.jpg\",\"image_effect\":\"parallax\",\"image_parallax_bgy\":\"0,-100\",\"image_parallax_easing\":\"1\",\"image_position\":\"center-center\",\"image_size\":\"cover\",\"media_overlay\":\"rgba(14, 14, 14, 0.48)\",\"overlap\":false,\"padding\":\"large\",\"style\":\"default\",\"text_color\":\"light\",\"title_breakpoint\":\"xl\",\"title_position\":\"top-left\",\"title_rotation\":\"left\",\"vertical_align\":\"middle\",\"width\":\"default\"},\"children\":[{\"type\":\"row\",\"children\":[{\"type\":\"column\",\"props\":{\"image_position\":\"center-center\",\"position_sticky_breakpoint\":\"m\"},\"children\":[{\"type\":\"panel\",\"props\":{\"content\":\"\n\n<p>A nova Linha Green nasce do compromisso da Meliconi em reduzir o impacto ambiental dos seus produtos, garantindo ao mesmo tempo m\\u00e1xima qualidade e efic\\u00e1cia.<\\\/p>\",\"content_column_breakpoint\":\"m\",\"content_style\":\"text-lead\",\"icon_width\":80,\"image\":\"\",\"image_align\":\"top\",\"image_grid_breakpoint\":\"m\",\"image_grid_width\":\"1-2\",\"image_svg_color\":\"emphasis\",\"image_width\":\"200\",\"link\":\"pt-pt\\\/shop\\\/linha-green-pt-pt\\\/\",\"link_margin\":\"medium\",\"link_size\":\"large\",\"link_style\":\"primary\",\"link_text\":\"Conhe\\u00e7a os produtos\",\"margin\":\"default\",\"maxwidth\":\"2xlarge\",\"meta_align\":\"below-title\",\"meta_element\":\"div\",\"meta_style\":\"text-meta\",\"title\":\"Linha Green\",\"title_align\":\"top\",\"title_element\":\"h1\",\"title_grid_breakpoint\":\"m\",\"title_grid_width\":\"1-2\",\"title_hover_style\":\"reset\",\"title_style\":\"heading-medium\"}}]}]}],\"name\":\"Hero\"},{\"type\":\"section\",\"props\":{\"animation\":\"slide-bottom-small\",\"animation_delay\":\"200\",\"class\":\"uk-animation-fade uk-margin-small-bottom\",\"css\":\"@media (max-width: 960px) {\\n    .el-section > div > div:first-child {\\n    \\tbackground-image: linear-gradient(90deg, rgba(25,25,25,.5) 20%, rgba(25,25,25,.3) 100%) !important;\\n    }\\n}\",\"height\":\"viewport\",\"height_offset_top\":true,\"height_viewport\":80,\"image\":\"wp-content\\\/uploads\\\/2022\\\/07\\\/2000x1000_altriProdotti_LINEAGREEN.jpg\",\"image_effect\":\"parallax\",\"image_parallax_bgx\":\"0,-50\",\"image_parallax_easing\":\"1\",\"image_position\":\"bottom-left\",\"image_size\":\"cover\",\"media_overlay\":\"rgba(9, 9, 9, 0)\",\"media_overlay_gradient\":\"linear-gradient(270deg, rgba(25,25,25,.7) 0%, rgba(255,255,255,0) 80%)\",\"padding\":\"large\",\"style\":\"default\",\"text_color\":\"light\",\"title_breakpoint\":\"xl\",\"title_position\":\"top-left\",\"title_rotation\":\"left\",\"vertical_align\":\"middle\",\"width\":\"default\"},\"children\":[{\"type\":\"row\",\"children\":[{\"type\":\"column\",\"props\":{\"image_position\":\"center-center\",\"position_sticky_breakpoint\":\"m\"},\"children\":[{\"type\":\"headline\",\"props\":{\"block_align\":\"right\",\"block_align_breakpoint\":\"m\",\"content\":\"Linha Green \\u00e9 uma linha de produtos de alta qualidade para limpeza e cuidado de superf\\u00edcies e eletrodom\\u00e9sticos, favorecendo a manuten\\u00e7\\u00e3o com benef\\u00edcios em termos de economia de energia. Tamb\\u00e9m asseguram uma limpeza profunda das superf\\u00edcies dom\\u00e9sticas sem enx\\u00e1gue, promovendo assim a economia de \\u00e1gua.\",\"maxwidth\":\"xlarge\",\"title_element\":\"h2\",\"title_style\":\"h3\"}},{\"type\":\"button\",\"props\":{\"block_align\":\"right\",\"button_size\":\"large\",\"class\":\"uk-margin-medium-top\",\"grid_column_gap\":\"small\",\"grid_row_gap\":\"small\",\"margin\":\"\",\"maxwidth\":\"xlarge\"},\"children\":[{\"type\":\"button_item\",\"props\":{\"button_style\":\"primary\",\"content\":\"Conhe\\u00e7a os produtos\",\"icon_align\":\"left\",\"link\":\"pt-pt\\\/shop\\\/linha-green-pt-pt\\\/\"}}]}]}]}],\"name\":\"Prodotti secondari\"}],\"version\":\"4.3.5\",\"type\":\"layout\"} --><\/p>\n","protected":false},"excerpt":{"rendered":"<p>Linha Green A nova Linha Green nasce do compromisso da Meliconi em reduzir o impacto ambiental dos seus produtos, garantindo ao mesmo tempo m\u00e1xima qualidade e efic\u00e1cia. Conhe\u00e7a os produtos Linha Green \u00e9 uma linha de produtos de alta qualidade para limpeza e cuidado de superf\u00edcies e eletrodom\u00e9sticos, favorecendo a manuten\u00e7\u00e3o com benef\u00edcios em termos [&hellip;]<\/p>\n","protected":false},"author":2,"featured_media":0,"parent":66170,"menu_order":0,"comment_status":"closed","ping_status":"closed","template":"","meta":{"_acf_changed":false,"footnotes":""},"class_list":["post-66171","page","type-page","status-publish","hentry"],"acf":[],"yoast_head":"<!-- This site is optimized with the Yoast SEO plugin v27.4 - https:\/\/yoast.com\/product\/yoast-seo-wordpress\/ -->\n<title>Linha Green - Meliconi<\/title>\n<meta name=\"robots\" content=\"index, follow, max-snippet:-1, max-image-preview:large, max-video-preview:-1\" \/>\n<link rel=\"canonical\" href=\"https:\/\/www.meliconi.com\/pt-pt\/outros-produtos\/linha-green\/\" \/>\n<meta property=\"og:locale\" content=\"pt_PT\" \/>\n<meta property=\"og:type\" content=\"article\" \/>\n<meta property=\"og:title\" content=\"Linha Green - Meliconi\" \/>\n<meta property=\"og:description\" content=\"Linha Green A nova Linha Green nasce do compromisso da Meliconi em reduzir o impacto ambiental dos seus produtos, garantindo ao mesmo tempo m\u00e1xima qualidade e efic\u00e1cia. Conhe\u00e7a os produtos Linha Green \u00e9 uma linha de produtos de alta qualidade para limpeza e cuidado de superf\u00edcies e eletrodom\u00e9sticos, favorecendo a manuten\u00e7\u00e3o com benef\u00edcios em termos [&hellip;]\" \/>\n<meta property=\"og:url\" content=\"https:\/\/www.meliconi.com\/pt-pt\/outros-produtos\/linha-green\/\" \/>\n<meta property=\"og:site_name\" content=\"Meliconi\" \/>\n<meta property=\"article:modified_time\" content=\"2025-11-12T10:20:44+00:00\" \/>\n<meta name=\"twitter:card\" content=\"summary_large_image\" \/>\n<script type=\"application\/ld+json\" class=\"yoast-schema-graph\">{\"@context\":\"https:\\\/\\\/schema.org\",\"@graph\":[{\"@type\":\"WebPage\",\"@id\":\"https:\\\/\\\/www.meliconi.com\\\/pt-pt\\\/outros-produtos\\\/linha-green\\\/\",\"url\":\"https:\\\/\\\/www.meliconi.com\\\/pt-pt\\\/outros-produtos\\\/linha-green\\\/\",\"name\":\"Linha Green - Meliconi\",\"isPartOf\":{\"@id\":\"https:\\\/\\\/www.meliconi.com\\\/pt-pt\\\/#website\"},\"datePublished\":\"2022-07-21T08:34:39+00:00\",\"dateModified\":\"2025-11-12T10:20:44+00:00\",\"breadcrumb\":{\"@id\":\"https:\\\/\\\/www.meliconi.com\\\/pt-pt\\\/outros-produtos\\\/linha-green\\\/#breadcrumb\"},\"inLanguage\":\"pt-PT\",\"potentialAction\":[{\"@type\":\"ReadAction\",\"target\":[\"https:\\\/\\\/www.meliconi.com\\\/pt-pt\\\/outros-produtos\\\/linha-green\\\/\"]}]},{\"@type\":\"BreadcrumbList\",\"@id\":\"https:\\\/\\\/www.meliconi.com\\\/pt-pt\\\/outros-produtos\\\/linha-green\\\/#breadcrumb\",\"itemListElement\":[{\"@type\":\"ListItem\",\"position\":1,\"name\":\"Home\",\"item\":\"https:\\\/\\\/www.meliconi.com\\\/pt-pt\\\/\"},{\"@type\":\"ListItem\",\"position\":2,\"name\":\"Outros Produtos\",\"item\":\"https:\\\/\\\/www.meliconi.com\\\/pt-pt\\\/outros-produtos\\\/\"},{\"@type\":\"ListItem\",\"position\":3,\"name\":\"Linha Green\"}]},{\"@type\":\"WebSite\",\"@id\":\"https:\\\/\\\/www.meliconi.com\\\/pt-pt\\\/#website\",\"url\":\"https:\\\/\\\/www.meliconi.com\\\/pt-pt\\\/\",\"name\":\"Meliconi\",\"description\":\"Lo specialista dell&#039;accessorio\",\"publisher\":{\"@id\":\"https:\\\/\\\/www.meliconi.com\\\/pt-pt\\\/#organization\"},\"potentialAction\":[{\"@type\":\"SearchAction\",\"target\":{\"@type\":\"EntryPoint\",\"urlTemplate\":\"https:\\\/\\\/www.meliconi.com\\\/pt-pt\\\/?s={search_term_string}\"},\"query-input\":{\"@type\":\"PropertyValueSpecification\",\"valueRequired\":true,\"valueName\":\"search_term_string\"}}],\"inLanguage\":\"pt-PT\"},{\"@type\":\"Organization\",\"@id\":\"https:\\\/\\\/www.meliconi.com\\\/pt-pt\\\/#organization\",\"name\":\"Meliconi\",\"url\":\"https:\\\/\\\/www.meliconi.com\\\/pt-pt\\\/\",\"logo\":{\"@type\":\"ImageObject\",\"inLanguage\":\"pt-PT\",\"@id\":\"https:\\\/\\\/www.meliconi.com\\\/pt-pt\\\/#\\\/schema\\\/logo\\\/image\\\/\",\"url\":\"https:\\\/\\\/www.meliconi.com\\\/wp-content\\\/uploads\\\/2021\\\/06\\\/logo-meliconi.png\",\"contentUrl\":\"https:\\\/\\\/www.meliconi.com\\\/wp-content\\\/uploads\\\/2021\\\/06\\\/logo-meliconi.png\",\"width\":338,\"height\":102,\"caption\":\"Meliconi\"},\"image\":{\"@id\":\"https:\\\/\\\/www.meliconi.com\\\/pt-pt\\\/#\\\/schema\\\/logo\\\/image\\\/\"}}]}<\/script>\n<!-- \/ Yoast SEO plugin. -->","yoast_head_json":{"title":"Linha Green - Meliconi","robots":{"index":"index","follow":"follow","max-snippet":"max-snippet:-1","max-image-preview":"max-image-preview:large","max-video-preview":"max-video-preview:-1"},"canonical":"https:\/\/www.meliconi.com\/pt-pt\/outros-produtos\/linha-green\/","og_locale":"pt_PT","og_type":"article","og_title":"Linha Green - Meliconi","og_description":"Linha Green A nova Linha Green nasce do compromisso da Meliconi em reduzir o impacto ambiental dos seus produtos, garantindo ao mesmo tempo m\u00e1xima qualidade e efic\u00e1cia. Conhe\u00e7a os produtos Linha Green \u00e9 uma linha de produtos de alta qualidade para limpeza e cuidado de superf\u00edcies e eletrodom\u00e9sticos, favorecendo a manuten\u00e7\u00e3o com benef\u00edcios em termos [&hellip;]","og_url":"https:\/\/www.meliconi.com\/pt-pt\/outros-produtos\/linha-green\/","og_site_name":"Meliconi","article_modified_time":"2025-11-12T10:20:44+00:00","twitter_card":"summary_large_image","schema":{"@context":"https:\/\/schema.org","@graph":[{"@type":"WebPage","@id":"https:\/\/www.meliconi.com\/pt-pt\/outros-produtos\/linha-green\/","url":"https:\/\/www.meliconi.com\/pt-pt\/outros-produtos\/linha-green\/","name":"Linha Green - Meliconi","isPartOf":{"@id":"https:\/\/www.meliconi.com\/pt-pt\/#website"},"datePublished":"2022-07-21T08:34:39+00:00","dateModified":"2025-11-12T10:20:44+00:00","breadcrumb":{"@id":"https:\/\/www.meliconi.com\/pt-pt\/outros-produtos\/linha-green\/#breadcrumb"},"inLanguage":"pt-PT","potentialAction":[{"@type":"ReadAction","target":["https:\/\/www.meliconi.com\/pt-pt\/outros-produtos\/linha-green\/"]}]},{"@type":"BreadcrumbList","@id":"https:\/\/www.meliconi.com\/pt-pt\/outros-produtos\/linha-green\/#breadcrumb","itemListElement":[{"@type":"ListItem","position":1,"name":"Home","item":"https:\/\/www.meliconi.com\/pt-pt\/"},{"@type":"ListItem","position":2,"name":"Outros Produtos","item":"https:\/\/www.meliconi.com\/pt-pt\/outros-produtos\/"},{"@type":"ListItem","position":3,"name":"Linha Green"}]},{"@type":"WebSite","@id":"https:\/\/www.meliconi.com\/pt-pt\/#website","url":"https:\/\/www.meliconi.com\/pt-pt\/","name":"Meliconi","description":"Lo specialista dell&#039;accessorio","publisher":{"@id":"https:\/\/www.meliconi.com\/pt-pt\/#organization"},"potentialAction":[{"@type":"SearchAction","target":{"@type":"EntryPoint","urlTemplate":"https:\/\/www.meliconi.com\/pt-pt\/?s={search_term_string}"},"query-input":{"@type":"PropertyValueSpecification","valueRequired":true,"valueName":"search_term_string"}}],"inLanguage":"pt-PT"},{"@type":"Organization","@id":"https:\/\/www.meliconi.com\/pt-pt\/#organization","name":"Meliconi","url":"https:\/\/www.meliconi.com\/pt-pt\/","logo":{"@type":"ImageObject","inLanguage":"pt-PT","@id":"https:\/\/www.meliconi.com\/pt-pt\/#\/schema\/logo\/image\/","url":"https:\/\/www.meliconi.com\/wp-content\/uploads\/2021\/06\/logo-meliconi.png","contentUrl":"https:\/\/www.meliconi.com\/wp-content\/uploads\/2021\/06\/logo-meliconi.png","width":338,"height":102,"caption":"Meliconi"},"image":{"@id":"https:\/\/www.meliconi.com\/pt-pt\/#\/schema\/logo\/image\/"}}]}},"_links":{"self":[{"href":"https:\/\/www.meliconi.com\/pt-pt\/wp-json\/wp\/v2\/pages\/66171","targetHints":{"allow":["GET"]}}],"collection":[{"href":"https:\/\/www.meliconi.com\/pt-pt\/wp-json\/wp\/v2\/pages"}],"about":[{"href":"https:\/\/www.meliconi.com\/pt-pt\/wp-json\/wp\/v2\/types\/page"}],"author":[{"embeddable":true,"href":"https:\/\/www.meliconi.com\/pt-pt\/wp-json\/wp\/v2\/users\/2"}],"replies":[{"embeddable":true,"href":"https:\/\/www.meliconi.com\/pt-pt\/wp-json\/wp\/v2\/comments?post=66171"}],"version-history":[{"count":4,"href":"https:\/\/www.meliconi.com\/pt-pt\/wp-json\/wp\/v2\/pages\/66171\/revisions"}],"predecessor-version":[{"id":68724,"href":"https:\/\/www.meliconi.com\/pt-pt\/wp-json\/wp\/v2\/pages\/66171\/revisions\/68724"}],"up":[{"embeddable":true,"href":"https:\/\/www.meliconi.com\/pt-pt\/wp-json\/wp\/v2\/pages\/66170"}],"wp:attachment":[{"href":"https:\/\/www.meliconi.com\/pt-pt\/wp-json\/wp\/v2\/media?parent=66171"}],"curies":[{"name":"wp","href":"https:\/\/api.w.org\/{rel}","templated":true}]}}