{"id":66170,"date":"2021-08-11T09:03:22","date_gmt":"2021-08-11T09:03:22","guid":{"rendered":"https:\/\/www.meliconi.com\/otros-productos\/"},"modified":"2025-11-12T11:19:57","modified_gmt":"2025-11-12T10:19:57","slug":"outros-produtos","status":"publish","type":"page","link":"https:\/\/www.meliconi.com\/pt-pt\/outros-produtos\/","title":{"rendered":"Outros Produtos"},"content":{"rendered":"<ul>\n<li>\n<p><img decoding=\"async\" src=\"\/wp-content\/uploads\/2021\/07\/secondary_menu_icon_antenne_tv.png\" alt=\"\"><\/p>\n<div>Antenas de TV<\/div>\n<p><a href=\"\/pt-pt\/shop\/tv-pt-pt\/antenas-e-amplificadores-tv\/\"><\/a><\/p>\n<\/li>\n<li>\n<p><img decoding=\"async\" src=\"\/wp-content\/uploads\/2021\/06\/secondary_menu_icon_cavi.png\" alt=\"\"><\/p>\n<div>Cabos<\/div>\n<p><a href=\"\/pt-pt\/shop\/tv-pt-pt\/cabos\/\"><\/a><\/p>\n<\/li>\n<li>\n<p><img decoding=\"async\" src=\"\/wp-content\/uploads\/2021\/07\/secondary_menu_icon_guscio-telecomando.png\" alt=\"\"><\/p>\n<div>Capa protetora para telecomandos<\/div>\n<p><a href=\"\/pt-pt\/shop\/cat-outros-acessorios\/capas-protetoras-telecomandos\/\"><\/a><\/p>\n<\/li>\n<\/ul>\n<h1>Outros acess\u00f3rios Meliconi<\/h1>\n<div>\n<h2>Antenas de TV<\/h2>\n<div>\n<p>As antenas internas para televis\u00e3o da Meliconi permitem uma recep\u00e7\u00e3o ideal do sinal digital terrestre (DVBT e DVBT2) por meio de um descodificador (integrado na TV ou externo).<\/p>\n<\/div>\n<p><a href=\"\/pt-pt\/outros-produtos\/antenas-tv\/\">Descubra mais<\/a><\/p>\n<\/div>\n<div>\n<h2>Cabos<\/h2>\n<div>\n<p>A linha de cabos da Meliconi oferece tudo o que precisa para conectar os seus dispositivos de \u00e1udio\/v\u00eddeo em casa, inclusive os de \u00faltima gera\u00e7\u00e3o, com a vantagem da alta qualidade garantida pela nossa marca.<\/p>\n<\/div>\n<p><a href=\"\/pt-pt\/shop\/tv-pt-pt\/cabos\/\">Todos os produtos<\/a><\/p>\n<\/div>\n<div>\n<h2>Capa protetora para controlos remotos<\/h2>\n<div>\n<p>Um produto ic\u00f4nico, representativo da empresa desde 1987 (ano de seu lan\u00e7amento no mercado), mesmo ap\u00f3s mais de 30 anos, a capa para telecomandos ainda \u00e9 conhecida e apreciada pelos consumidores.<\/p>\n<\/div>\n<p><a href=\"\/pt-pt\/shop\/cat-outros-acessorios\/capas-protetoras-telecomandos\/\">Descubra os produtos<\/a><\/p>\n<\/div>\n<p><!--more--><br \/>\n<!-- {\"type\":\"layout\",\"children\":[{\"type\":\"section\",\"props\":{\"image_position\":\"center-center\",\"padding\":\"none\",\"style\":\"default\",\"title_breakpoint\":\"xl\",\"title_position\":\"top-left\",\"title_rotation\":\"left\",\"vertical_align\":\"middle\",\"width\":\"\"},\"children\":[{\"type\":\"row\",\"children\":[{\"type\":\"column\",\"props\":{\"image_position\":\"center-center\",\"position_sticky_breakpoint\":\"m\"},\"children\":[{\"type\":\"panel-slider\",\"props\":{\"attributes\":\"uk-sticky=\\\"offset:60;media:960;\\\"\",\"class\":\"me-secondary-menu\",\"content_column_breakpoint\":\"m\",\"icon_width\":\"30\",\"image_align\":\"top\",\"image_grid_breakpoint\":\"m\",\"image_grid_width\":\"1-5\",\"image_link\":false,\"image_svg_color\":\"emphasis\",\"image_width\":\"75\",\"link_style\":\"default\",\"link_text\":\"\",\"margin\":\"\",\"meta_align\":\"below-title\",\"meta_element\":\"div\",\"meta_style\":\"text-meta\",\"nav\":\"\",\"nav_align\":\"center\",\"nav_breakpoint\":\"s\",\"panel_image_no_padding\":false,\"panel_link\":true,\"panel_match\":true,\"panel_padding\":\"small\",\"panel_style\":\"card-secondary\",\"show_content\":true,\"show_image\":true,\"show_link\":true,\"show_meta\":true,\"show_title\":true,\"slidenav\":\"default\",\"slidenav_breakpoint\":\"\",\"slidenav_color\":\"light\",\"slidenav_large\":false,\"slidenav_margin\":\"\",\"slidenav_outside_breakpoint\":\"xl\",\"slider_autoplay_pause\":true,\"slider_center\":false,\"slider_divider\":true,\"slider_finite\":true,\"slider_gap\":\"\",\"slider_width\":\"fixed\",\"slider_width_default\":\"3-5\",\"slider_width_large\":\"1-3\",\"slider_width_medium\":\"1-3\",\"slider_width_small\":\"1-3\",\"slider_width_xlarge\":\"1-3\",\"text_align\":\"center\",\"title_align\":\"top\",\"title_element\":\"div\",\"title_grid_breakpoint\":\"m\",\"title_grid_width\":\"1-2\",\"title_hover_style\":\"heading\",\"title_link\":true,\"title_style\":\"h6\"},\"children\":[{\"type\":\"panel-slider_item\",\"props\":{\"icon\":\"\",\"image\":\"wp-content\\\/uploads\\\/2021\\\/07\\\/secondary_menu_icon_antenne_tv.png\",\"link\":\"pt-pt\\\/shop\\\/tv-pt-pt\\\/antenas-e-amplificadores-tv\\\/\",\"title\":\"Antenas de TV\"}},{\"type\":\"panel-slider_item\",\"props\":{\"icon\":\"\",\"image\":\"wp-content\\\/uploads\\\/2021\\\/06\\\/secondary_menu_icon_cavi.png\",\"link\":\"pt-pt\\\/shop\\\/tv-pt-pt\\\/cabos\\\/\",\"title\":\"Cabos\"}},{\"type\":\"panel-slider_item\",\"props\":{\"icon\":\"\",\"image\":\"wp-content\\\/uploads\\\/2021\\\/07\\\/secondary_menu_icon_guscio-telecomando.png\",\"link\":\"pt-pt\\\/shop\\\/cat-outros-acessorios\\\/capas-protetoras-telecomandos\\\/\",\"title\":\"Capa protetora para telecomandos\"}},{\"type\":\"panel-slider_item\",\"props\":{\"icon\":\"\",\"image\":\"wp-content\\\/uploads\\\/2022\\\/07\\\/secondary_menu_icon_linea-green_3.png\",\"link\":\"shop\\\/cat-accessori-elettrodomestici\\\/altri-accessori-elettrodomestici\\\/linea-green\\\/\",\"status\":\"disabled\",\"title\":\"Linea Green\"}},{\"type\":\"panel-slider_item\",\"props\":{\"icon\":\"\",\"image\":\"wp-content\\\/uploads\\\/2021\\\/10\\\/secondary_menu_icon_prodotti-detergenza.png\",\"image_alt\":\"icon prodotti detergenza\",\"link\":\"shop\\\/cat-altri-accessori\\\/prodotti-detergenza\\\/\",\"status\":\"disabled\",\"title\":\"Prodotti detergenza\"}},{\"type\":\"panel-slider_item\",\"props\":{\"icon\":\"\",\"image\":\"wp-content\\\/uploads\\\/2021\\\/06\\\/secondary_menu_icon_cleaning_tower.png\",\"link\":\"prodotto\\\/cleaning-tower\",\"status\":\"disabled\",\"title\":\"Cleaning Tower\"}}],\"modified\":\"2021-05-05T12:19:20.663Z\",\"name\":\"Secondary Menu\"}]}]}]},{\"type\":\"section\",\"props\":{\"animation\":\"slide-bottom-medium\",\"animation_delay\":\"500\",\"image_position\":\"center-center\",\"style\":\"default\",\"title_breakpoint\":\"xl\",\"title_position\":\"top-left\",\"title_rotation\":\"left\",\"vertical_align\":\"middle\",\"width\":\"default\"},\"children\":[{\"type\":\"row\",\"children\":[{\"type\":\"column\",\"props\":{\"image_position\":\"center-center\",\"position_sticky_breakpoint\":\"m\"},\"children\":[{\"type\":\"headline\",\"props\":{\"content\":\"Outros acess\\u00f3rios Meliconi\",\"text_align\":\"center\",\"title_element\":\"h1\",\"title_style\":\"heading-medium\"}}]}]}]},{\"type\":\"section\",\"props\":{\"animation\":\"slide-bottom-small\",\"animation_delay\":\"200\",\"class\":\"uk-animation-fade uk-margin-small-bottom\",\"image\":\"wp-content\\\/uploads\\\/2021\\\/05\\\/ANTENNE.jpg\",\"image_position\":\"center-right\",\"image_size\":\"cover\",\"overlap\":false,\"padding\":\"large\",\"style\":\"default\",\"text_color\":\"light\",\"title_breakpoint\":\"xl\",\"title_position\":\"top-left\",\"title_rotation\":\"left\",\"vertical_align\":\"middle\",\"width\":\"default\"},\"children\":[{\"type\":\"row\",\"children\":[{\"type\":\"column\",\"props\":{\"image_position\":\"center-center\",\"position_sticky_breakpoint\":\"m\"},\"children\":[{\"type\":\"panel\",\"props\":{\"block_align\":\"right\",\"block_align_breakpoint\":\"m\",\"content\":\"\n\n<p>As antenas internas para televis\\u00e3o da Meliconi permitem uma recep\\u00e7\\u00e3o ideal do sinal digital terrestre (DVBT e DVBT2) por meio de um descodificador (integrado na TV ou externo).<\\\/p>\",\"content_column_breakpoint\":\"m\",\"content_style\":\"text-lead\",\"icon_width\":80,\"image\":\"\",\"image_align\":\"top\",\"image_grid_breakpoint\":\"m\",\"image_grid_width\":\"1-2\",\"image_svg_color\":\"emphasis\",\"image_width\":\"200\",\"link\":\"pt-pt\\\/outros-produtos\\\/antenas-tv\\\/\",\"link_margin\":\"medium\",\"link_size\":\"large\",\"link_style\":\"primary\",\"link_text\":\"Descubra mais\",\"margin\":\"default\",\"maxwidth\":\"xlarge\",\"meta_align\":\"below-title\",\"meta_element\":\"div\",\"meta_style\":\"text-meta\",\"title\":\"Antenas de TV\",\"title_align\":\"top\",\"title_element\":\"h2\",\"title_grid_breakpoint\":\"m\",\"title_grid_width\":\"1-2\",\"title_hover_style\":\"reset\",\"title_style\":\"heading-small\"}}]}]}],\"name\":\"Antenne banner\",\"modified\":\"2021-06-08T13:32:51.374Z\"},{\"type\":\"section\",\"props\":{\"animation\":\"slide-bottom-small\",\"animation_delay\":\"200\",\"class\":\"uk-animation-fade uk-margin-small-bottom\",\"image\":\"wp-content\\\/uploads\\\/2021\\\/05\\\/altri-accessori-cavi.jpg\",\"image_effect\":\"parallax\",\"image_parallax_bgy\":\"0,100\",\"image_parallax_easing\":\"1\",\"image_position\":\"center-center\",\"image_size\":\"cover\",\"media_overlay_gradient\":\"linear-gradient(90deg, rgba(0,0,0,0.75) 0%, rgba(255,255,255,0) 70%)\",\"padding\":\"large\",\"style\":\"default\",\"text_color\":\"light\",\"title_breakpoint\":\"xl\",\"title_position\":\"top-left\",\"title_rotation\":\"left\",\"vertical_align\":\"middle\",\"width\":\"default\"},\"children\":[{\"type\":\"row\",\"children\":[{\"type\":\"column\",\"props\":{\"image_position\":\"center-center\",\"position_sticky_breakpoint\":\"m\"},\"children\":[{\"type\":\"panel\",\"props\":{\"content\":\"\n\n<p>A linha de cabos da Meliconi oferece tudo o que precisa para conectar os seus dispositivos de \\u00e1udio\\\/v\\u00eddeo em casa, inclusive os de \\u00faltima gera\\u00e7\\u00e3o, com a vantagem da alta qualidade garantida pela nossa marca.<\\\/p>\",\"content_column_breakpoint\":\"m\",\"content_style\":\"text-lead\",\"icon_width\":80,\"image\":\"\",\"image_align\":\"top\",\"image_grid_breakpoint\":\"m\",\"image_grid_width\":\"1-2\",\"image_svg_color\":\"emphasis\",\"image_width\":\"200\",\"link\":\"pt-pt\\\/shop\\\/tv-pt-pt\\\/cabos\\\/\",\"link_margin\":\"medium\",\"link_size\":\"large\",\"link_style\":\"primary\",\"link_text\":\"Todos os produtos\",\"margin\":\"default\",\"maxwidth\":\"xlarge\",\"meta_align\":\"below-title\",\"meta_element\":\"div\",\"meta_style\":\"text-meta\",\"title\":\"Cabos\",\"title_align\":\"top\",\"title_element\":\"h2\",\"title_grid_breakpoint\":\"m\",\"title_grid_width\":\"1-2\",\"title_hover_style\":\"reset\",\"title_style\":\"heading-small\"}}]}]}],\"name\":\"Cavi\"},{\"type\":\"section\",\"props\":{\"animation\":\"slide-bottom-small\",\"animation_delay\":\"200\",\"class\":\"uk-animation-fade uk-margin-small-bottom\",\"css\":\"@media (max-width: 960px) {\\n    .el-section > div > div:first-child {\\n    \\tbackground-image: linear-gradient(90deg, rgba(25,25,25,0.5) 0%, rgba(0,0,0,0.3) 70%) !important;\\n    }\\n}\\n@media (max-width: 640px) {\\n    .el-section > div {background-position-x: 20%;}\\n}\",\"image\":\"wp-content\\\/uploads\\\/2022\\\/07\\\/2000x1000_altriProdotti_LINEAGREEN_foglia.jpg\",\"image_effect\":\"parallax\",\"image_parallax_bgy\":\"0,100\",\"image_parallax_easing\":\"1\",\"image_position\":\"center-left\",\"image_size\":\"cover\",\"media_overlay_gradient\":\"linear-gradient(90deg, rgba(255,255,255,0) 0%, rgba(0,0,0,0.5) 70%)\",\"padding\":\"large\",\"status\":\"disabled\",\"style\":\"default\",\"text_color\":\"light\",\"title_breakpoint\":\"xl\",\"title_position\":\"top-left\",\"title_rotation\":\"left\",\"vertical_align\":\"middle\",\"width\":\"default\"},\"children\":[{\"type\":\"row\",\"children\":[{\"type\":\"column\",\"props\":{\"image_position\":\"center-center\",\"position_sticky_breakpoint\":\"m\"},\"children\":[{\"type\":\"panel\",\"props\":{\"block_align\":\"right\",\"content\":\"\n\n<p>Meliconi para o meio ambiente \\u2014 a nova Linha Green oferece uma gama de produtos Made in Italy de alta qualidade para a limpeza e o cuidado de superf\\u00edcies e eletrodom\\u00e9sticos.<\\\/p>\",\"content_column_breakpoint\":\"m\",\"content_style\":\"text-lead\",\"icon_width\":80,\"image\":\"\",\"image_align\":\"top\",\"image_grid_breakpoint\":\"m\",\"image_grid_width\":\"1-2\",\"image_svg_color\":\"emphasis\",\"image_width\":\"200\",\"link\":\"pt-pt\\\/outros-produtos\\\/linea-green\\\/\",\"link_margin\":\"medium\",\"link_size\":\"large\",\"link_style\":\"primary\",\"link_text\":\"Mais informa\\u00e7\\u00f5es\",\"margin\":\"default\",\"maxwidth\":\"xlarge\",\"meta_align\":\"below-title\",\"meta_element\":\"div\",\"meta_style\":\"text-meta\",\"title\":\"Linha Green\",\"title_align\":\"top\",\"title_element\":\"h2\",\"title_grid_breakpoint\":\"m\",\"title_grid_width\":\"1-2\",\"title_hover_style\":\"reset\",\"title_style\":\"heading-small\"}}]}]}],\"name\":\"Linea green\"},{\"type\":\"section\",\"props\":{\"animation\":\"slide-bottom-small\",\"animation_delay\":\"200\",\"class\":\"uk-animation-fade uk-margin-small-bottom\",\"image\":\"wp-content\\\/uploads\\\/2021\\\/06\\\/441569_My-sky-2017-guscio-8-3-scaled.jpg\",\"image_effect\":\"parallax\",\"image_parallax_bgx\":\"0,0\",\"image_parallax_bgy\":\"-100,100\",\"image_parallax_easing\":\"1\",\"image_position\":\"center-left\",\"image_size\":\"contain\",\"media_overlay\":\"rgba(0, 0, 0, 0.44)\",\"padding\":\"large\",\"style\":\"default\",\"text_color\":\"light\",\"title_breakpoint\":\"xl\",\"title_position\":\"top-left\",\"title_rotation\":\"left\",\"vertical_align\":\"middle\",\"width\":\"default\"},\"children\":[{\"type\":\"row\",\"children\":[{\"type\":\"column\",\"props\":{\"image_position\":\"center-center\",\"position_sticky_breakpoint\":\"m\"},\"children\":[{\"type\":\"panel\",\"props\":{\"block_align\":\"right\",\"block_align_breakpoint\":\"m\",\"content\":\"\n\n<p>Um produto ic\\u00f4nico, representativo da empresa desde 1987 (ano de seu lan\\u00e7amento no mercado), mesmo ap\\u00f3s mais de 30 anos, a capa para telecomandos ainda \\u00e9 conhecida e apreciada pelos consumidores.<\\\/p>\",\"content_column_breakpoint\":\"m\",\"content_style\":\"text-lead\",\"icon_width\":80,\"image\":\"\",\"image_align\":\"top\",\"image_grid_breakpoint\":\"m\",\"image_grid_width\":\"1-2\",\"image_svg_color\":\"emphasis\",\"image_width\":\"200\",\"link\":\"pt-pt\\\/shop\\\/cat-outros-acessorios\\\/capas-protetoras-telecomandos\\\/\",\"link_margin\":\"medium\",\"link_size\":\"large\",\"link_style\":\"primary\",\"link_text\":\"Descubra os produtos\",\"margin\":\"default\",\"maxwidth\":\"xlarge\",\"meta_align\":\"below-title\",\"meta_element\":\"div\",\"meta_style\":\"text-meta\",\"title\":\"Capa protetora para controlos remotos\",\"title_align\":\"top\",\"title_element\":\"h2\",\"title_grid_breakpoint\":\"m\",\"title_grid_width\":\"1-2\",\"title_hover_style\":\"reset\",\"title_style\":\"heading-small\"}}]}]}],\"name\":\"Gusci salva telecomando\"},{\"type\":\"section\",\"props\":{\"animation\":\"slide-bottom-small\",\"animation_delay\":\"200\",\"class\":\"uk-animation-fade uk-margin-small-bottom\",\"image\":\"wp-content\\\/uploads\\\/2021\\\/05\\\/altri-accessori-cleaning-tower-sm.jpeg\",\"image_effect\":\"parallax\",\"image_parallax_bgy\":\"0,60\",\"image_parallax_easing\":\"1\",\"image_position\":\"center-center\",\"image_size\":\"cover\",\"media_overlay\":\"rgba(0, 0, 0, 0.44)\",\"padding\":\"large\",\"status\":\"disabled\",\"style\":\"default\",\"text_color\":\"light\",\"title_breakpoint\":\"xl\",\"title_position\":\"top-left\",\"title_rotation\":\"left\",\"vertical_align\":\"middle\",\"width\":\"default\"},\"children\":[{\"type\":\"row\",\"children\":[{\"type\":\"column\",\"props\":{\"image_position\":\"center-center\",\"position_sticky_breakpoint\":\"m\"},\"children\":[{\"type\":\"panel\",\"props\":{\"block_align\":\"right\",\"content\":\"\n\n<p>Supporto da terra compatibile con aspirapolvere Dyson senza necessit\\u00e0 di forare il muro e per avere l'aspirapolvere e i suoi accessori sempre a portata di mano.<\\\/p>\",\"content_column_breakpoint\":\"m\",\"content_style\":\"text-lead\",\"icon_width\":80,\"image\":\"\",\"image_align\":\"top\",\"image_grid_breakpoint\":\"m\",\"image_grid_width\":\"1-2\",\"image_svg_color\":\"emphasis\",\"image_width\":\"200\",\"link\":\"prodotto\\\/cleaning-tower\\\/\",\"link_margin\":\"medium\",\"link_size\":\"large\",\"link_style\":\"primary\",\"link_text\":\"Scopri il prodotto\",\"margin\":\"default\",\"maxwidth\":\"xlarge\",\"meta_align\":\"below-title\",\"meta_element\":\"div\",\"meta_style\":\"text-meta\",\"title\":\"Cleaning Tower\",\"title_align\":\"top\",\"title_element\":\"h2\",\"title_grid_breakpoint\":\"m\",\"title_grid_width\":\"1-2\",\"title_hover_style\":\"reset\",\"title_style\":\"heading-small\"}}]}]}],\"name\":\"Cleaning Tower\"}],\"version\":\"4.3.5\"} --><\/p>\n","protected":false},"excerpt":{"rendered":"<p>Antenas de TV Cabos Capa protetora para telecomandos Outros acess\u00f3rios Meliconi Antenas de TV As antenas internas para televis\u00e3o da Meliconi permitem uma recep\u00e7\u00e3o ideal do sinal digital terrestre (DVBT e DVBT2) por meio de um descodificador (integrado na TV ou externo). Descubra mais Cabos A linha de cabos da Meliconi oferece tudo o que [&hellip;]<\/p>\n","protected":false},"author":4,"featured_media":0,"parent":0,"menu_order":0,"comment_status":"closed","ping_status":"closed","template":"","meta":{"_acf_changed":false,"footnotes":""},"class_list":["post-66170","page","type-page","status-publish","hentry"],"acf":[],"yoast_head":"<!-- This site is optimized with the Yoast SEO plugin v27.4 - https:\/\/yoast.com\/product\/yoast-seo-wordpress\/ -->\n<title>Outros Produtos - Meliconi<\/title>\n<meta name=\"robots\" content=\"index, follow, max-snippet:-1, max-image-preview:large, max-video-preview:-1\" \/>\n<link rel=\"canonical\" href=\"https:\/\/www.meliconi.com\/pt-pt\/outros-produtos\/\" \/>\n<meta property=\"og:locale\" content=\"pt_PT\" \/>\n<meta property=\"og:type\" content=\"article\" \/>\n<meta property=\"og:title\" content=\"Outros Produtos - Meliconi\" \/>\n<meta property=\"og:description\" content=\"Antenas de TV Cabos Capa protetora para telecomandos Outros acess\u00f3rios Meliconi Antenas de TV As antenas internas para televis\u00e3o da Meliconi permitem uma recep\u00e7\u00e3o ideal do sinal digital terrestre (DVBT e DVBT2) por meio de um descodificador (integrado na TV ou externo). Descubra mais Cabos A linha de cabos da Meliconi oferece tudo o que [&hellip;]\" \/>\n<meta property=\"og:url\" content=\"https:\/\/www.meliconi.com\/pt-pt\/outros-produtos\/\" \/>\n<meta property=\"og:site_name\" content=\"Meliconi\" \/>\n<meta property=\"article:modified_time\" content=\"2025-11-12T10:19:57+00:00\" \/>\n<meta name=\"twitter:card\" content=\"summary_large_image\" \/>\n<meta name=\"twitter:label1\" content=\"Tempo estimado de leitura\" \/>\n\t<meta name=\"twitter:data1\" content=\"1 minuto\" \/>\n<script type=\"application\/ld+json\" class=\"yoast-schema-graph\">{\"@context\":\"https:\\\/\\\/schema.org\",\"@graph\":[{\"@type\":\"WebPage\",\"@id\":\"https:\\\/\\\/www.meliconi.com\\\/pt-pt\\\/outros-produtos\\\/\",\"url\":\"https:\\\/\\\/www.meliconi.com\\\/pt-pt\\\/outros-produtos\\\/\",\"name\":\"Outros Produtos - Meliconi\",\"isPartOf\":{\"@id\":\"https:\\\/\\\/www.meliconi.com\\\/pt-pt\\\/#website\"},\"datePublished\":\"2021-08-11T09:03:22+00:00\",\"dateModified\":\"2025-11-12T10:19:57+00:00\",\"breadcrumb\":{\"@id\":\"https:\\\/\\\/www.meliconi.com\\\/pt-pt\\\/outros-produtos\\\/#breadcrumb\"},\"inLanguage\":\"pt-PT\",\"potentialAction\":[{\"@type\":\"ReadAction\",\"target\":[\"https:\\\/\\\/www.meliconi.com\\\/pt-pt\\\/outros-produtos\\\/\"]}]},{\"@type\":\"BreadcrumbList\",\"@id\":\"https:\\\/\\\/www.meliconi.com\\\/pt-pt\\\/outros-produtos\\\/#breadcrumb\",\"itemListElement\":[{\"@type\":\"ListItem\",\"position\":1,\"name\":\"Home\",\"item\":\"https:\\\/\\\/www.meliconi.com\\\/pt-pt\\\/\"},{\"@type\":\"ListItem\",\"position\":2,\"name\":\"Outros Produtos\"}]},{\"@type\":\"WebSite\",\"@id\":\"https:\\\/\\\/www.meliconi.com\\\/pt-pt\\\/#website\",\"url\":\"https:\\\/\\\/www.meliconi.com\\\/pt-pt\\\/\",\"name\":\"Meliconi\",\"description\":\"Lo specialista dell&#039;accessorio\",\"publisher\":{\"@id\":\"https:\\\/\\\/www.meliconi.com\\\/pt-pt\\\/#organization\"},\"potentialAction\":[{\"@type\":\"SearchAction\",\"target\":{\"@type\":\"EntryPoint\",\"urlTemplate\":\"https:\\\/\\\/www.meliconi.com\\\/pt-pt\\\/?s={search_term_string}\"},\"query-input\":{\"@type\":\"PropertyValueSpecification\",\"valueRequired\":true,\"valueName\":\"search_term_string\"}}],\"inLanguage\":\"pt-PT\"},{\"@type\":\"Organization\",\"@id\":\"https:\\\/\\\/www.meliconi.com\\\/pt-pt\\\/#organization\",\"name\":\"Meliconi\",\"url\":\"https:\\\/\\\/www.meliconi.com\\\/pt-pt\\\/\",\"logo\":{\"@type\":\"ImageObject\",\"inLanguage\":\"pt-PT\",\"@id\":\"https:\\\/\\\/www.meliconi.com\\\/pt-pt\\\/#\\\/schema\\\/logo\\\/image\\\/\",\"url\":\"https:\\\/\\\/www.meliconi.com\\\/wp-content\\\/uploads\\\/2021\\\/06\\\/logo-meliconi.png\",\"contentUrl\":\"https:\\\/\\\/www.meliconi.com\\\/wp-content\\\/uploads\\\/2021\\\/06\\\/logo-meliconi.png\",\"width\":338,\"height\":102,\"caption\":\"Meliconi\"},\"image\":{\"@id\":\"https:\\\/\\\/www.meliconi.com\\\/pt-pt\\\/#\\\/schema\\\/logo\\\/image\\\/\"}}]}<\/script>\n<!-- \/ Yoast SEO plugin. -->","yoast_head_json":{"title":"Outros Produtos - Meliconi","robots":{"index":"index","follow":"follow","max-snippet":"max-snippet:-1","max-image-preview":"max-image-preview:large","max-video-preview":"max-video-preview:-1"},"canonical":"https:\/\/www.meliconi.com\/pt-pt\/outros-produtos\/","og_locale":"pt_PT","og_type":"article","og_title":"Outros Produtos - Meliconi","og_description":"Antenas de TV Cabos Capa protetora para telecomandos Outros acess\u00f3rios Meliconi Antenas de TV As antenas internas para televis\u00e3o da Meliconi permitem uma recep\u00e7\u00e3o ideal do sinal digital terrestre (DVBT e DVBT2) por meio de um descodificador (integrado na TV ou externo). Descubra mais Cabos A linha de cabos da Meliconi oferece tudo o que [&hellip;]","og_url":"https:\/\/www.meliconi.com\/pt-pt\/outros-produtos\/","og_site_name":"Meliconi","article_modified_time":"2025-11-12T10:19:57+00:00","twitter_card":"summary_large_image","twitter_misc":{"Tempo estimado de leitura":"1 minuto"},"schema":{"@context":"https:\/\/schema.org","@graph":[{"@type":"WebPage","@id":"https:\/\/www.meliconi.com\/pt-pt\/outros-produtos\/","url":"https:\/\/www.meliconi.com\/pt-pt\/outros-produtos\/","name":"Outros Produtos - Meliconi","isPartOf":{"@id":"https:\/\/www.meliconi.com\/pt-pt\/#website"},"datePublished":"2021-08-11T09:03:22+00:00","dateModified":"2025-11-12T10:19:57+00:00","breadcrumb":{"@id":"https:\/\/www.meliconi.com\/pt-pt\/outros-produtos\/#breadcrumb"},"inLanguage":"pt-PT","potentialAction":[{"@type":"ReadAction","target":["https:\/\/www.meliconi.com\/pt-pt\/outros-produtos\/"]}]},{"@type":"BreadcrumbList","@id":"https:\/\/www.meliconi.com\/pt-pt\/outros-produtos\/#breadcrumb","itemListElement":[{"@type":"ListItem","position":1,"name":"Home","item":"https:\/\/www.meliconi.com\/pt-pt\/"},{"@type":"ListItem","position":2,"name":"Outros Produtos"}]},{"@type":"WebSite","@id":"https:\/\/www.meliconi.com\/pt-pt\/#website","url":"https:\/\/www.meliconi.com\/pt-pt\/","name":"Meliconi","description":"Lo specialista dell&#039;accessorio","publisher":{"@id":"https:\/\/www.meliconi.com\/pt-pt\/#organization"},"potentialAction":[{"@type":"SearchAction","target":{"@type":"EntryPoint","urlTemplate":"https:\/\/www.meliconi.com\/pt-pt\/?s={search_term_string}"},"query-input":{"@type":"PropertyValueSpecification","valueRequired":true,"valueName":"search_term_string"}}],"inLanguage":"pt-PT"},{"@type":"Organization","@id":"https:\/\/www.meliconi.com\/pt-pt\/#organization","name":"Meliconi","url":"https:\/\/www.meliconi.com\/pt-pt\/","logo":{"@type":"ImageObject","inLanguage":"pt-PT","@id":"https:\/\/www.meliconi.com\/pt-pt\/#\/schema\/logo\/image\/","url":"https:\/\/www.meliconi.com\/wp-content\/uploads\/2021\/06\/logo-meliconi.png","contentUrl":"https:\/\/www.meliconi.com\/wp-content\/uploads\/2021\/06\/logo-meliconi.png","width":338,"height":102,"caption":"Meliconi"},"image":{"@id":"https:\/\/www.meliconi.com\/pt-pt\/#\/schema\/logo\/image\/"}}]}},"_links":{"self":[{"href":"https:\/\/www.meliconi.com\/pt-pt\/wp-json\/wp\/v2\/pages\/66170","targetHints":{"allow":["GET"]}}],"collection":[{"href":"https:\/\/www.meliconi.com\/pt-pt\/wp-json\/wp\/v2\/pages"}],"about":[{"href":"https:\/\/www.meliconi.com\/pt-pt\/wp-json\/wp\/v2\/types\/page"}],"author":[{"embeddable":true,"href":"https:\/\/www.meliconi.com\/pt-pt\/wp-json\/wp\/v2\/users\/4"}],"replies":[{"embeddable":true,"href":"https:\/\/www.meliconi.com\/pt-pt\/wp-json\/wp\/v2\/comments?post=66170"}],"version-history":[{"count":4,"href":"https:\/\/www.meliconi.com\/pt-pt\/wp-json\/wp\/v2\/pages\/66170\/revisions"}],"predecessor-version":[{"id":68723,"href":"https:\/\/www.meliconi.com\/pt-pt\/wp-json\/wp\/v2\/pages\/66170\/revisions\/68723"}],"wp:attachment":[{"href":"https:\/\/www.meliconi.com\/pt-pt\/wp-json\/wp\/v2\/media?parent=66170"}],"curies":[{"name":"wp","href":"https:\/\/api.w.org\/{rel}","templated":true}]}}