{"id":66167,"date":"2021-08-10T14:38:01","date_gmt":"2021-08-10T14:38:01","guid":{"rendered":"https:\/\/www.meliconi.com\/company\/"},"modified":"2025-11-24T10:34:42","modified_gmt":"2025-11-24T09:34:42","slug":"company","status":"publish","type":"page","link":"https:\/\/www.meliconi.com\/pt-pt\/company\/","title":{"rendered":"Empresa"},"content":{"rendered":"<ul>\n<li>\n        <a href=\"#historia\">Hist\u00f3ria<\/a>\n    <\/li>\n<li>\n        <a href=\"#visao\">Vis\u00e3o<\/a>\n    <\/li>\n<li>\n        <a href=\"#missao\">Miss\u00e3o<\/a>\n    <\/li>\n<li>\n        <a href=\"#sustentabilidade\">Sustentabilidade<\/a>\n    <\/li>\n<li>\n        <a href=\"#codigo-de-etica\">C\u00f3digo de \u00c9tica<\/a>\n    <\/li>\n<\/ul>\n<ul>\n<li>\n        <a href=\"#historia\">Hist\u00f3ria<\/a>\n    <\/li>\n<li>\n        <a href=\"#visao\">Vis\u00e3o<\/a>\n    <\/li>\n<li>\n        <a href=\"#missao\">Miss\u00e3o<\/a>\n    <\/li>\n<li>\n        <a href=\"#sustentabilidade\">Sustentabilidade<\/a>\n    <\/li>\n<li>\n        <a href=\"#codigo-de-etica\">C\u00f3digo de \u00c9tica<\/a>\n    <\/li>\n<\/ul>\n<div>\n<h2>Hist\u00f3ria<\/h2>\n<div>\n<p>Mais de 50 anos de ideias inteligentes<\/p>\n<\/div>\n<p><a href=\"\/pt-pt\/company\/historia\/\">Descubra todas as inova\u00e7\u00f5es<\/a><\/p>\n<\/div>\n<div>\n<h2>Vis\u00e3o<\/h2>\n<div>\n<p>Desde a sua funda\u00e7\u00e3o que a Meliconi introduz no mercado ideias originais e acess\u00edveis a todos, para simplificar o dia a dia.<\/p>\n<\/p>\n<p>Gra\u00e7as \u00e0 criatividade, \u00e0 paix\u00e3o e ao poder inoxid\u00e1vel das boas ideias de quem trabalha aqui, a Meliconi continua a inventar um futuro melhor e sustent\u00e1vel.<\/p>\n<\/div>\n<\/div>\n<div>\n<h2>Miss\u00e3o<\/h2>\n<div>\n<p>A Meliconi prop\u00f5e-se a antecipar e satisfazer os desejos e as necessidades das pessoas atrav\u00e9s de uma ampla gama de produtos de qualidade, seguros e certificados.<\/p>\n<\/p>\n<p>A empresa deseja continuar a crescer e a desenvolver-se na It\u00e1lia e no exterior, consolidando uma rede de sucesso com clientes e fornecedores para juntos criarem valor rec\u00edproco e duradouro.<\/p>\n<\/p>\n<p>A constante busca pela funcionalidade e a aten\u00e7\u00e3o \u00e0s necessidades do cliente permitiram \u00e0 empresa tornar-se l\u00edder na produ\u00e7\u00e3o de acess\u00f3rios de \u00e1udio e v\u00eddeo e de artigos para o lar.<\/p>\n<\/div>\n<\/div>\n<div>\n<h2>Sustentabilidade<\/h2>\n<div>\n<p style=\"text-align: center;\"><strong>Ideias inteligentes que respeitam o meio ambiente e o territ\u00f3rio<\/strong><\/p>\n<p>A sustentabilidade na Meliconi \u00e9 um modelo de neg\u00f3cio que orienta as decis\u00f5es institucionais e de inova\u00e7\u00e3o, confirmando um compromisso concreto no campo da responsabilidade social e ambiental.<\/p>\n<\/div>\n<p><a href=\"\/pt-pt\/company\/sustentabilidade\/\">Descubra todas as iniciativas<\/a><\/p>\n<\/div>\n<div>\n<h2>C\u00f3digo de \u00c9tica<\/h2>\n<div>\n<p>Os cen\u00e1rios com os quais lidamos diariamente e a r\u00e1pida evolu\u00e7\u00e3o dos contextos em que a Empresa est\u00e1 inserida levaram \u00e0 defini\u00e7\u00e3o clara dos valores com os quais a Meliconi S.p.A. se identifica e que deseja agora partilhar num documento essencial para o bom crescimento da sociedade.<\/p>\n<p>Em 19\/05\/2023 nasce, portanto, o C\u00f3digo de \u00c9tica, que pretende ser um guia para comportamentos respons\u00e1veis por parte de todos aqueles que atuam em nome e por conta da Empresa.<\/p>\n<\/div>\n<p><a href=\"\/wp-content\/uploads\/2025\/11\/codigo.etico_portugal.pdf\">Leia o c\u00f3digo de \u00e9tica<\/a><\/p>\n<\/div>\n<p><!--more--><br \/>\n<!-- {\"type\":\"layout\",\"children\":[{\"type\":\"section\",\"props\":{\"image\":\"wp-content\\\/uploads\\\/2021\\\/06\\\/meliconi-company-05-sede.jpg\",\"image_position\":\"center-center\",\"image_size\":\"cover\",\"media_overlay\":\"rgba(0, 0, 0, 0.5)\",\"padding\":\"large\",\"style\":\"secondary\",\"title_breakpoint\":\"xl\",\"title_position\":\"top-left\",\"title_rotation\":\"left\",\"vertical_align\":\"middle\",\"width\":\"default\"},\"children\":[{\"type\":\"row\",\"children\":[{\"type\":\"column\",\"props\":{\"image_position\":\"center-center\",\"position_sticky_breakpoint\":\"m\"},\"children\":[{\"type\":\"headline\",\"props\":{\"text_align\":\"center\",\"title_element\":\"h1\",\"title_style\":\"heading-medium\"},\"source\":{\"query\":{\"name\":\"pages.singlePage\"},\"props\":{\"content\":{\"filters\":{\"search\":\"\"},\"name\":\"title\"}}}}]}]}],\"name\":\"Hero\"},{\"type\":\"section\",\"props\":{\"animation\":\"slide-bottom-small\",\"animation_delay\":\"200\",\"image_position\":\"center-center\",\"padding\":\"small\",\"padding_remove_top\":false,\"style\":\"default\",\"title_breakpoint\":\"xl\",\"title_position\":\"top-left\",\"title_rotation\":\"left\",\"vertical_align\":\"middle\",\"width\":\"\"},\"children\":[{\"type\":\"row\",\"children\":[{\"type\":\"column\",\"props\":{\"image_position\":\"center-center\",\"position_sticky_breakpoint\":\"m\"},\"children\":[{\"type\":\"subnav\",\"props\":{\"attributes\":\"uk-sticky=\\\"offset:60; bottom:#mission\\\"\",\"class\":\"uk-background-default\",\"subnav_style\":\"tab\",\"text_align\":\"center\",\"visibility\":\"m\"},\"children\":[{\"type\":\"subnav_item\",\"props\":{\"content\":\"Hist\\u00f3ria\",\"link\":\"#historia\"}},{\"type\":\"subnav_item\",\"props\":{\"content\":\"Vis\\u00e3o\",\"link\":\"#visao\"}},{\"type\":\"subnav_item\",\"props\":{\"content\":\"Miss\\u00e3o\",\"link\":\"#missao\"}},{\"type\":\"subnav_item\",\"props\":{\"content\":\"Sustentabilidade\",\"link\":\"#sustentabilidade\"}},{\"type\":\"subnav_item\",\"props\":{\"content\":\"C\\u00f3digo de \\u00c9tica\",\"link\":\"#codigo-de-etica\"}},{\"type\":\"subnav_item\",\"props\":{\"content\":\"Comunica\\u00e7\\u00e3o\",\"link\":\"company\\\/storia-di-comunicazione\\\/\",\"status\":\"disabled\"}}],\"name\":\"Subnav desktop\"},{\"type\":\"subnav\",\"props\":{\"attributes\":\"uk-sticky=\\\"offset:50; bottom:#mission\\\"\",\"class\":\"uk-background-default\",\"subnav_style\":\"tab\",\"text_align\":\"center\",\"visibility\":\"hidden-m\"},\"children\":[{\"type\":\"subnav_item\",\"props\":{\"content\":\"Hist\\u00f3ria\",\"link\":\"#historia\"}},{\"type\":\"subnav_item\",\"props\":{\"content\":\"Vis\\u00e3o\",\"link\":\"#visao\"}},{\"type\":\"subnav_item\",\"props\":{\"content\":\"Miss\\u00e3o\",\"link\":\"#missao\"}},{\"type\":\"subnav_item\",\"props\":{\"content\":\"Sustentabilidade\",\"link\":\"#sustentabilidade\"}},{\"type\":\"subnav_item\",\"props\":{\"content\":\"C\\u00f3digo de \\u00c9tica\",\"link\":\"#codigo-de-etica\"}},{\"type\":\"subnav_item\",\"props\":{\"content\":\"Comunica\\u00e7\\u00e3o\",\"link\":\"company\\\/storia-di-comunicazione\\\/\",\"status\":\"disabled\"}}],\"name\":\"Subnav mobile\"}]}]}],\"name\":\"SubNav\"},{\"type\":\"section\",\"props\":{\"animation\":\"slide-bottom-small\",\"animation_delay\":\"200\",\"id\":\"historia\",\"image\":\"wp-content\\\/uploads\\\/2023\\\/10\\\/Meliconi-Loris-002-scaled.jpg\",\"image_effect\":\"parallax\",\"image_parallax_bgy\":\"0,60\",\"image_parallax_easing\":\"1\",\"image_position\":\"center-center\",\"image_size\":\"cover\",\"media_background\":\"rgba(0, 0, 0, 0.68)\",\"media_overlay\":\"rgba(0, 0, 0, 0.5)\",\"padding\":\"large\",\"style\":\"secondary\",\"title_breakpoint\":\"xl\",\"title_position\":\"top-left\",\"title_rotation\":\"left\",\"vertical_align\":\"middle\",\"width\":\"\"},\"children\":[{\"type\":\"row\",\"children\":[{\"type\":\"column\",\"props\":{\"image_position\":\"center-center\",\"position_sticky_breakpoint\":\"m\",\"vertical_align\":\"middle\"},\"children\":[{\"type\":\"panel\",\"props\":{\"block_align\":\"center\",\"class\":\"uk-padding\",\"content\":\"\n\n<p>Mais de 50 anos de ideias inteligentes<\\\/p>\",\"content_align\":false,\"content_column_breakpoint\":\"m\",\"content_style\":\"text-lead\",\"icon_width\":80,\"image\":\"\",\"image_align\":\"right\",\"image_alt\":\"company 1967 loris meliconi\",\"image_grid_breakpoint\":\"m\",\"image_grid_width\":\"1-2\",\"image_svg_color\":\"emphasis\",\"image_vertical_align\":true,\"link\":\"pt-pt\\\/company\\\/historia\\\/\",\"link_style\":\"primary\",\"link_target\":true,\"link_text\":\"Descubra todas as inova\\u00e7\\u00f5es\",\"margin\":\"large\",\"meta_align\":\"below-title\",\"meta_element\":\"div\",\"meta_style\":\"text-meta\",\"text_align\":\"center\",\"title\":\"Hist\\u00f3ria\",\"title_align\":\"top\",\"title_element\":\"h2\",\"title_grid_breakpoint\":\"m\",\"title_grid_column_gap\":\"collapse\",\"title_grid_width\":\"expand\",\"title_hover_style\":\"reset\",\"title_style\":\"heading-medium\"}}]}],\"props\":{\"margin\":\"remove-vertical\",\"margin_remove_bottom\":false,\"margin_remove_top\":false,\"width\":\"default\"}}],\"name\":\"Section - Company Storia\"},{\"type\":\"section\",\"props\":{\"animation\":\"slide-bottom-small\",\"animation_delay\":\"200\",\"id\":\"visao\",\"image_position\":\"center-center\",\"padding\":\"large\",\"padding_remove_bottom\":false,\"style\":\"secondary\",\"title_breakpoint\":\"xl\",\"title_position\":\"top-left\",\"title_rotation\":\"left\",\"vertical_align\":\"middle\",\"width\":\"\"},\"children\":[{\"type\":\"row\",\"children\":[{\"type\":\"column\",\"props\":{\"image_position\":\"center-center\",\"position_sticky_breakpoint\":\"m\",\"vertical_align\":\"middle\"},\"children\":[{\"type\":\"panel\",\"props\":{\"block_align\":\"center\",\"class\":\"uk-padding\",\"content\":\"\n\n<p>Desde a sua funda\\u00e7\\u00e3o que a Meliconi introduz no mercado ideias originais e acess\\u00edveis a todos, para simplificar o dia a dia.<\\\/p>\\n\n\n<p><\\\/p>\\n\n\n<p>Gra\\u00e7as \\u00e0 criatividade, \\u00e0 paix\\u00e3o e ao poder inoxid\\u00e1vel das boas ideias de quem trabalha aqui, a Meliconi continua a inventar um futuro melhor e sustent\\u00e1vel.<\\\/p>\",\"content_align\":true,\"content_column_breakpoint\":\"m\",\"content_style\":\"text-lead\",\"icon_width\":80,\"image_align\":\"top\",\"image_grid_breakpoint\":\"m\",\"image_grid_width\":\"1-2\",\"image_svg_color\":\"emphasis\",\"link_style\":\"default\",\"link_text\":\"Read more\",\"margin\":\"default\",\"maxwidth\":\"2xlarge\",\"meta_align\":\"below-title\",\"meta_element\":\"div\",\"meta_style\":\"text-meta\",\"text_align\":\"center\",\"title\":\"Vis\\u00e3o\",\"title_align\":\"top\",\"title_element\":\"h2\",\"title_grid_breakpoint\":\"m\",\"title_grid_width\":\"1-2\",\"title_hover_style\":\"reset\",\"title_style\":\"heading-small\"}}]}],\"props\":{\"margin\":\"remove-vertical\",\"margin_remove_bottom\":false,\"margin_remove_top\":false}}],\"name\":\"Vision\"},{\"type\":\"section\",\"props\":{\"animation\":\"slide-bottom-small\",\"animation_delay\":\"200\",\"id\":\"missao\",\"image\":\"wp-content\\\/uploads\\\/2021\\\/06\\\/meliconi-company-04-sede.jpg\",\"image_effect\":\"parallax\",\"image_parallax_bgy\":\"0,60\",\"image_parallax_easing\":\"1\",\"image_position\":\"center-center\",\"image_size\":\"cover\",\"media_background\":\"rgba(0, 0, 0, 0.68)\",\"media_overlay\":\"rgba(0, 0, 0, 0.5)\",\"padding\":\"large\",\"style\":\"secondary\",\"title_breakpoint\":\"xl\",\"title_position\":\"top-left\",\"title_rotation\":\"left\",\"vertical_align\":\"middle\",\"width\":\"\"},\"children\":[{\"type\":\"row\",\"children\":[{\"type\":\"column\",\"props\":{\"image_position\":\"center-center\",\"position_sticky_breakpoint\":\"m\",\"vertical_align\":\"middle\"},\"children\":[{\"type\":\"panel\",\"props\":{\"block_align\":\"center\",\"class\":\"uk-padding\",\"content\":\"\n\n<p>A Meliconi prop\\u00f5e-se a antecipar e satisfazer os desejos e as necessidades das pessoas atrav\\u00e9s de uma ampla gama de produtos de qualidade, seguros e certificados.<\\\/p>\\n\n\n<p><\\\/p>\\n\n\n<p>A empresa deseja continuar a crescer e a desenvolver-se na It\\u00e1lia e no exterior, consolidando uma rede de sucesso com clientes e fornecedores para juntos criarem valor rec\\u00edproco e duradouro.<\\\/p>\\n\n\n<p><\\\/p>\\n\n\n<p>A constante busca pela funcionalidade e a aten\\u00e7\\u00e3o \\u00e0s necessidades do cliente permitiram \\u00e0 empresa tornar-se l\\u00edder na produ\\u00e7\\u00e3o de acess\\u00f3rios de \\u00e1udio e v\\u00eddeo e de artigos para o lar.<\\\/p>\",\"content_align\":true,\"content_column_breakpoint\":\"m\",\"content_style\":\"text-lead\",\"icon_width\":80,\"image_align\":\"top\",\"image_grid_breakpoint\":\"m\",\"image_grid_width\":\"1-2\",\"image_svg_color\":\"emphasis\",\"link_style\":\"default\",\"link_text\":\"Read more\",\"margin\":\"large\",\"maxwidth\":\"2xlarge\",\"meta_align\":\"below-title\",\"meta_element\":\"div\",\"meta_style\":\"text-meta\",\"text_align\":\"center\",\"title\":\"Miss\\u00e3o\",\"title_align\":\"top\",\"title_element\":\"h2\",\"title_grid_breakpoint\":\"m\",\"title_grid_width\":\"1-2\",\"title_hover_style\":\"reset\",\"title_style\":\"heading-small\"}}]}],\"props\":{\"margin\":\"remove-vertical\",\"margin_remove_bottom\":false,\"margin_remove_top\":false}}],\"name\":\"Mission\"},{\"type\":\"section\",\"props\":{\"animation\":\"slide-bottom-small\",\"animation_delay\":\"200\",\"id\":\"sustentabilidade\",\"image\":\"wp-content\\\/uploads\\\/2023\\\/10\\\/IMM_Sostenibilita-scaled.jpg\",\"image_effect\":\"parallax\",\"image_parallax_bgy\":\"0,60\",\"image_parallax_easing\":\"1\",\"image_position\":\"center-center\",\"image_size\":\"cover\",\"media_background\":\"rgba(0, 0, 0, 0.68)\",\"media_overlay\":\"rgba(0, 0, 0, 0.5)\",\"padding\":\"large\",\"style\":\"secondary\",\"title_breakpoint\":\"xl\",\"title_position\":\"top-left\",\"title_rotation\":\"left\",\"vertical_align\":\"middle\",\"width\":\"\"},\"children\":[{\"type\":\"row\",\"children\":[{\"type\":\"column\",\"props\":{\"image_position\":\"center-center\",\"position_sticky_breakpoint\":\"m\",\"vertical_align\":\"middle\"},\"children\":[{\"type\":\"panel\",\"props\":{\"block_align\":\"center\",\"class\":\"uk-padding\",\"content\":\"\n\n<p style=\\\"text-align: center;\\\"><strong>Ideias inteligentes que respeitam o meio ambiente e o territ\\u00f3rio<\\\/strong><\\\/p>\\n\n\n<p>A sustentabilidade na Meliconi \\u00e9 um modelo de neg\\u00f3cio que orienta as decis\\u00f5es institucionais e de inova\\u00e7\\u00e3o, confirmando um compromisso concreto no campo da responsabilidade social e ambiental.<\\\/p>\",\"content_align\":true,\"content_column_breakpoint\":\"m\",\"content_style\":\"text-lead\",\"icon_width\":80,\"image\":\"\",\"image_align\":\"top\",\"image_grid_breakpoint\":\"m\",\"image_grid_width\":\"1-2\",\"image_svg_color\":\"emphasis\",\"image_width\":\"350\",\"link\":\"pt-pt\\\/company\\\/sustentabilidade\\\/\",\"link_style\":\"primary\",\"link_target\":false,\"link_text\":\"Descubra todas as iniciativas\",\"margin\":\"large\",\"maxwidth\":\"2xlarge\",\"meta_align\":\"below-title\",\"meta_element\":\"div\",\"meta_style\":\"text-meta\",\"text_align\":\"center\",\"title\":\"Sustentabilidade\",\"title_align\":\"top\",\"title_element\":\"h2\",\"title_grid_breakpoint\":\"m\",\"title_grid_width\":\"1-2\",\"title_hover_style\":\"reset\",\"title_style\":\"heading-small\"}}]}],\"props\":{\"margin\":\"remove-vertical\",\"margin_remove_bottom\":false,\"margin_remove_top\":false}}],\"name\":\"Section - Company Sostenibilita\"},{\"type\":\"section\",\"props\":{\"animation\":\"slide-bottom-small\",\"animation_delay\":\"200\",\"id\":\"codigo-de-etica\",\"image\":\"wp-content\\\/uploads\\\/2023\\\/06\\\/meliconi-codice-etico.jpg\",\"image_effect\":\"parallax\",\"image_parallax_bgy\":\"0,60\",\"image_parallax_easing\":\"1\",\"image_position\":\"center-center\",\"image_size\":\"cover\",\"media_background\":\"rgba(0, 0, 0, 0.68)\",\"media_overlay\":\"rgba(0, 0, 0, 0.5)\",\"padding\":\"large\",\"style\":\"secondary\",\"title_breakpoint\":\"xl\",\"title_position\":\"top-left\",\"title_rotation\":\"left\",\"vertical_align\":\"middle\",\"width\":\"\"},\"children\":[{\"type\":\"row\",\"children\":[{\"type\":\"column\",\"props\":{\"image_position\":\"center-center\",\"position_sticky_breakpoint\":\"m\",\"vertical_align\":\"middle\"},\"children\":[{\"type\":\"panel\",\"props\":{\"block_align\":\"center\",\"class\":\"uk-padding\",\"content\":\"\n\n<p>Os cen\\u00e1rios com os quais lidamos diariamente e a r\\u00e1pida evolu\\u00e7\\u00e3o dos contextos em que a Empresa est\\u00e1 inserida levaram \\u00e0 defini\\u00e7\\u00e3o clara dos valores com os quais a Meliconi S.p.A. se identifica e que deseja agora partilhar num documento essencial para o bom crescimento da sociedade.<\\\/p>\\n\n\n<p>Em 19\\\/05\\\/2023 nasce, portanto, o C\\u00f3digo de \\u00c9tica, que pretende ser um guia para comportamentos respons\\u00e1veis por parte de todos aqueles que atuam em nome e por conta da Empresa.<\\\/p>\",\"content_align\":true,\"content_column_breakpoint\":\"m\",\"content_style\":\"text-lead\",\"icon_width\":80,\"image_align\":\"top\",\"image_grid_breakpoint\":\"m\",\"image_grid_width\":\"1-2\",\"image_svg_color\":\"emphasis\",\"link\":\"wp-content\\\/uploads\\\/2025\\\/11\\\/codigo.etico_portugal.pdf\",\"link_style\":\"primary\",\"link_target\":true,\"link_text\":\"Leia o c\\u00f3digo de \\u00e9tica\",\"margin\":\"large\",\"maxwidth\":\"2xlarge\",\"meta_align\":\"below-title\",\"meta_element\":\"div\",\"meta_style\":\"text-meta\",\"text_align\":\"center\",\"title\":\"C\\u00f3digo de \\u00c9tica\",\"title_align\":\"top\",\"title_element\":\"h2\",\"title_grid_breakpoint\":\"m\",\"title_grid_width\":\"1-2\",\"title_hover_style\":\"reset\",\"title_style\":\"heading-small\"}}]}],\"props\":{\"margin\":\"remove-vertical\",\"margin_remove_bottom\":false,\"margin_remove_top\":false}}],\"name\":\"Codice etico\"}],\"version\":\"4.3.5\"} --><\/p>\n","protected":false},"excerpt":{"rendered":"<p>Hist\u00f3ria Vis\u00e3o Miss\u00e3o Sustentabilidade C\u00f3digo de \u00c9tica Hist\u00f3ria Vis\u00e3o Miss\u00e3o Sustentabilidade C\u00f3digo de \u00c9tica Hist\u00f3ria Mais de 50 anos de ideias inteligentes Descubra todas as inova\u00e7\u00f5es Vis\u00e3o Desde a sua funda\u00e7\u00e3o que a Meliconi introduz no mercado ideias originais e acess\u00edveis a todos, para simplificar o dia a dia. Gra\u00e7as \u00e0 criatividade, \u00e0 paix\u00e3o e [&hellip;]<\/p>\n","protected":false},"author":4,"featured_media":0,"parent":0,"menu_order":0,"comment_status":"closed","ping_status":"closed","template":"","meta":{"_acf_changed":false,"footnotes":""},"class_list":["post-66167","page","type-page","status-publish","hentry"],"acf":[],"yoast_head":"<!-- This site is optimized with the Yoast SEO plugin v27.4 - https:\/\/yoast.com\/product\/yoast-seo-wordpress\/ -->\n<title>Empresa - Meliconi<\/title>\n<meta name=\"description\" content=\"Na Meliconi acreditamos firmemente na import\u00e2ncia das certifica\u00e7\u00f5es de sistema e de produto para garantir elevados padr\u00f5es de gest\u00e3o, qualidade e sustentabilidade.\" \/>\n<meta name=\"robots\" content=\"index, follow, max-snippet:-1, max-image-preview:large, max-video-preview:-1\" \/>\n<link rel=\"canonical\" href=\"https:\/\/www.meliconi.com\/pt-pt\/company\/\" \/>\n<meta property=\"og:locale\" content=\"pt_PT\" \/>\n<meta property=\"og:type\" content=\"article\" \/>\n<meta property=\"og:title\" content=\"Empresa - Meliconi\" \/>\n<meta property=\"og:description\" content=\"Na Meliconi acreditamos firmemente na import\u00e2ncia das certifica\u00e7\u00f5es de sistema e de produto para garantir elevados padr\u00f5es de gest\u00e3o, qualidade e sustentabilidade.\" \/>\n<meta property=\"og:url\" content=\"https:\/\/www.meliconi.com\/pt-pt\/company\/\" \/>\n<meta property=\"og:site_name\" content=\"Meliconi\" \/>\n<meta property=\"article:modified_time\" content=\"2025-11-24T09:34:42+00:00\" \/>\n<meta name=\"twitter:card\" content=\"summary_large_image\" \/>\n<meta name=\"twitter:label1\" content=\"Tempo estimado de leitura\" \/>\n\t<meta name=\"twitter:data1\" content=\"2 minutos\" \/>\n<script type=\"application\/ld+json\" class=\"yoast-schema-graph\">{\"@context\":\"https:\\\/\\\/schema.org\",\"@graph\":[{\"@type\":\"WebPage\",\"@id\":\"https:\\\/\\\/www.meliconi.com\\\/pt-pt\\\/company\\\/\",\"url\":\"https:\\\/\\\/www.meliconi.com\\\/pt-pt\\\/company\\\/\",\"name\":\"Empresa - Meliconi\",\"isPartOf\":{\"@id\":\"https:\\\/\\\/www.meliconi.com\\\/pt-pt\\\/#website\"},\"datePublished\":\"2021-08-10T14:38:01+00:00\",\"dateModified\":\"2025-11-24T09:34:42+00:00\",\"description\":\"Na Meliconi acreditamos firmemente na import\u00e2ncia das certifica\u00e7\u00f5es de sistema e de produto para garantir elevados padr\u00f5es de gest\u00e3o, qualidade e sustentabilidade.\",\"breadcrumb\":{\"@id\":\"https:\\\/\\\/www.meliconi.com\\\/pt-pt\\\/company\\\/#breadcrumb\"},\"inLanguage\":\"pt-PT\",\"potentialAction\":[{\"@type\":\"ReadAction\",\"target\":[\"https:\\\/\\\/www.meliconi.com\\\/pt-pt\\\/company\\\/\"]}]},{\"@type\":\"BreadcrumbList\",\"@id\":\"https:\\\/\\\/www.meliconi.com\\\/pt-pt\\\/company\\\/#breadcrumb\",\"itemListElement\":[{\"@type\":\"ListItem\",\"position\":1,\"name\":\"Home\",\"item\":\"https:\\\/\\\/www.meliconi.com\\\/pt-pt\\\/\"},{\"@type\":\"ListItem\",\"position\":2,\"name\":\"Empresa\"}]},{\"@type\":\"WebSite\",\"@id\":\"https:\\\/\\\/www.meliconi.com\\\/pt-pt\\\/#website\",\"url\":\"https:\\\/\\\/www.meliconi.com\\\/pt-pt\\\/\",\"name\":\"Meliconi\",\"description\":\"Lo specialista dell&#039;accessorio\",\"publisher\":{\"@id\":\"https:\\\/\\\/www.meliconi.com\\\/pt-pt\\\/#organization\"},\"potentialAction\":[{\"@type\":\"SearchAction\",\"target\":{\"@type\":\"EntryPoint\",\"urlTemplate\":\"https:\\\/\\\/www.meliconi.com\\\/pt-pt\\\/?s={search_term_string}\"},\"query-input\":{\"@type\":\"PropertyValueSpecification\",\"valueRequired\":true,\"valueName\":\"search_term_string\"}}],\"inLanguage\":\"pt-PT\"},{\"@type\":\"Organization\",\"@id\":\"https:\\\/\\\/www.meliconi.com\\\/pt-pt\\\/#organization\",\"name\":\"Meliconi\",\"url\":\"https:\\\/\\\/www.meliconi.com\\\/pt-pt\\\/\",\"logo\":{\"@type\":\"ImageObject\",\"inLanguage\":\"pt-PT\",\"@id\":\"https:\\\/\\\/www.meliconi.com\\\/pt-pt\\\/#\\\/schema\\\/logo\\\/image\\\/\",\"url\":\"https:\\\/\\\/www.meliconi.com\\\/wp-content\\\/uploads\\\/2021\\\/06\\\/logo-meliconi.png\",\"contentUrl\":\"https:\\\/\\\/www.meliconi.com\\\/wp-content\\\/uploads\\\/2021\\\/06\\\/logo-meliconi.png\",\"width\":338,\"height\":102,\"caption\":\"Meliconi\"},\"image\":{\"@id\":\"https:\\\/\\\/www.meliconi.com\\\/pt-pt\\\/#\\\/schema\\\/logo\\\/image\\\/\"}}]}<\/script>\n<!-- \/ Yoast SEO plugin. -->","yoast_head_json":{"title":"Empresa - Meliconi","description":"Na Meliconi acreditamos firmemente na import\u00e2ncia das certifica\u00e7\u00f5es de sistema e de produto para garantir elevados padr\u00f5es de gest\u00e3o, qualidade e sustentabilidade.","robots":{"index":"index","follow":"follow","max-snippet":"max-snippet:-1","max-image-preview":"max-image-preview:large","max-video-preview":"max-video-preview:-1"},"canonical":"https:\/\/www.meliconi.com\/pt-pt\/company\/","og_locale":"pt_PT","og_type":"article","og_title":"Empresa - Meliconi","og_description":"Na Meliconi acreditamos firmemente na import\u00e2ncia das certifica\u00e7\u00f5es de sistema e de produto para garantir elevados padr\u00f5es de gest\u00e3o, qualidade e sustentabilidade.","og_url":"https:\/\/www.meliconi.com\/pt-pt\/company\/","og_site_name":"Meliconi","article_modified_time":"2025-11-24T09:34:42+00:00","twitter_card":"summary_large_image","twitter_misc":{"Tempo estimado de leitura":"2 minutos"},"schema":{"@context":"https:\/\/schema.org","@graph":[{"@type":"WebPage","@id":"https:\/\/www.meliconi.com\/pt-pt\/company\/","url":"https:\/\/www.meliconi.com\/pt-pt\/company\/","name":"Empresa - Meliconi","isPartOf":{"@id":"https:\/\/www.meliconi.com\/pt-pt\/#website"},"datePublished":"2021-08-10T14:38:01+00:00","dateModified":"2025-11-24T09:34:42+00:00","description":"Na Meliconi acreditamos firmemente na import\u00e2ncia das certifica\u00e7\u00f5es de sistema e de produto para garantir elevados padr\u00f5es de gest\u00e3o, qualidade e sustentabilidade.","breadcrumb":{"@id":"https:\/\/www.meliconi.com\/pt-pt\/company\/#breadcrumb"},"inLanguage":"pt-PT","potentialAction":[{"@type":"ReadAction","target":["https:\/\/www.meliconi.com\/pt-pt\/company\/"]}]},{"@type":"BreadcrumbList","@id":"https:\/\/www.meliconi.com\/pt-pt\/company\/#breadcrumb","itemListElement":[{"@type":"ListItem","position":1,"name":"Home","item":"https:\/\/www.meliconi.com\/pt-pt\/"},{"@type":"ListItem","position":2,"name":"Empresa"}]},{"@type":"WebSite","@id":"https:\/\/www.meliconi.com\/pt-pt\/#website","url":"https:\/\/www.meliconi.com\/pt-pt\/","name":"Meliconi","description":"Lo specialista dell&#039;accessorio","publisher":{"@id":"https:\/\/www.meliconi.com\/pt-pt\/#organization"},"potentialAction":[{"@type":"SearchAction","target":{"@type":"EntryPoint","urlTemplate":"https:\/\/www.meliconi.com\/pt-pt\/?s={search_term_string}"},"query-input":{"@type":"PropertyValueSpecification","valueRequired":true,"valueName":"search_term_string"}}],"inLanguage":"pt-PT"},{"@type":"Organization","@id":"https:\/\/www.meliconi.com\/pt-pt\/#organization","name":"Meliconi","url":"https:\/\/www.meliconi.com\/pt-pt\/","logo":{"@type":"ImageObject","inLanguage":"pt-PT","@id":"https:\/\/www.meliconi.com\/pt-pt\/#\/schema\/logo\/image\/","url":"https:\/\/www.meliconi.com\/wp-content\/uploads\/2021\/06\/logo-meliconi.png","contentUrl":"https:\/\/www.meliconi.com\/wp-content\/uploads\/2021\/06\/logo-meliconi.png","width":338,"height":102,"caption":"Meliconi"},"image":{"@id":"https:\/\/www.meliconi.com\/pt-pt\/#\/schema\/logo\/image\/"}}]}},"_links":{"self":[{"href":"https:\/\/www.meliconi.com\/pt-pt\/wp-json\/wp\/v2\/pages\/66167","targetHints":{"allow":["GET"]}}],"collection":[{"href":"https:\/\/www.meliconi.com\/pt-pt\/wp-json\/wp\/v2\/pages"}],"about":[{"href":"https:\/\/www.meliconi.com\/pt-pt\/wp-json\/wp\/v2\/types\/page"}],"author":[{"embeddable":true,"href":"https:\/\/www.meliconi.com\/pt-pt\/wp-json\/wp\/v2\/users\/4"}],"replies":[{"embeddable":true,"href":"https:\/\/www.meliconi.com\/pt-pt\/wp-json\/wp\/v2\/comments?post=66167"}],"version-history":[{"count":5,"href":"https:\/\/www.meliconi.com\/pt-pt\/wp-json\/wp\/v2\/pages\/66167\/revisions"}],"predecessor-version":[{"id":68901,"href":"https:\/\/www.meliconi.com\/pt-pt\/wp-json\/wp\/v2\/pages\/66167\/revisions\/68901"}],"wp:attachment":[{"href":"https:\/\/www.meliconi.com\/pt-pt\/wp-json\/wp\/v2\/media?parent=66167"}],"curies":[{"name":"wp","href":"https:\/\/api.w.org\/{rel}","templated":true}]}}