{"id":66161,"date":"2021-11-04T15:46:34","date_gmt":"2021-11-04T15:46:34","guid":{"rendered":"https:\/\/www.meliconi.com\/soportes-tv-de-pared\/slimstyle-plus\/"},"modified":"2025-10-29T14:28:37","modified_gmt":"2025-10-29T13:28:37","slug":"slimstyle-plus","status":"publish","type":"page","link":"https:\/\/www.meliconi.com\/pt-pt\/suportes-para-tv\/slimstyle-plus\/","title":{"rendered":"Slimstyle Plus"},"content":{"rendered":"<div>\n<h1>a \u00faltima gera\u00e7\u00e3o:<br \/> SLIMSTYLE Plus<\/h1>\n<p><a href=\"\/pt-pt\/shop\/tv-pt-pt\/cat-suportes-tv\/slimstyle-plus-pt-pt\/\">Todos os produtos<\/a><\/p>\n<\/div>\n<div>\n<p>SLIMSTYLE PLUS &eacute; a nova linha de suportes de parede ultrafinos para TV da Meliconi S.p.A., uma combina&ccedil;&atilde;o perfeita entre tecnologia de ponta, materiais de &uacute;ltima gera&ccedil;&atilde;o e design atraente. Gra&ccedil;as &agrave;s inovadoras fun&ccedil;&otilde;es EASY TILT e EASY TILT PRO, inclinar a sua TV nunca foi t&atilde;o f&aacute;cil e t&atilde;o preciso. <br \/>A inclus&atilde;o de um revestimento protetor de borracha em todos os suportes proteger&aacute; a sua TV ao longo do tempo, sem abrir m&atilde;o de um volume extremamente reduzido (at&eacute; um m&iacute;nimo de 2 cm da parede) e com total seguran&ccedil;a. <br \/>Todos os suportes SLIMSTYLE PLUS s&atilde;o 100% Made in Italy, com qualidade certificada T&Uuml;V e 10 anos de garantia.<\/p>\n<\/div>\n<div>Escolha a fun\u00e7\u00e3o mais adequada<\/div>\n<ul>\n<li>\n<p><img decoding=\"async\" src=\"\/wp-content\/uploads\/2021\/05\/slimstyle-plus-long-page-_0003_fisso.png\" alt=\"\"><\/p>\n<h3>Fixo<\/h3>\n<p><a href=\"\/pt-pt\/shop\/tv-pt-pt\/cat-suportes-tv\/slimstyle-plus-pt-pt\/#fixed-pt-pt\"><\/a><\/p>\n<\/li>\n<li>\n<p><img decoding=\"async\" src=\"\/wp-content\/uploads\/2021\/05\/slimstyle-plus-long-page-_0002_rotazione-verticale.png\" alt=\"\"><\/p>\n<h3>Inclina\u00e7\u00e3o<\/h3>\n<p><a href=\"\/pt-pt\/shop\/tv-pt-pt\/cat-suportes-tv\/slimstyle-plus-pt-pt\/#tilted-pt-pt\"><\/a><\/p>\n<\/li>\n<li>\n<p><img decoding=\"async\" src=\"\/wp-content\/uploads\/2021\/05\/slimstyle-plus-long-page-_0001_braccio-singolo.png\" alt=\"\"><\/p>\n<h3>Rota\u00e7\u00e3o<\/h3>\n<p><a href=\"\/pt-pt\/shop\/tv-pt-pt\/cat-suportes-tv\/slimstyle-plus-pt-pt\/#rotation-pt-pt\"><\/a><\/p>\n<\/li>\n<li>\n<p><img decoding=\"async\" src=\"\/wp-content\/uploads\/2021\/05\/slimstyle-plus-long-page-_0000_braccio-doppio.png\" alt=\"\"><\/p>\n<h3>Rota\u00e7\u00e3o dupla<\/h3>\n<p><a href=\"\/pt-pt\/shop\/tv-pt-pt\/cat-suportes-tv\/slimstyle-plus-pt-pt\/#double-rotation-pt-pt\"><\/a><\/p>\n<\/li>\n<\/ul>\n<p><!--more--><br \/>\n<!-- {\"name\":\"Long Page - Audio\",\"type\":\"layout\",\"children\":[{\"type\":\"section\",\"props\":{\"animation\":\"slide-bottom-small\",\"animation_delay\":\"200\",\"class\":\"uk-animation-fade\",\"height\":\"viewport\",\"height_offset_top\":true,\"height_viewport\":80,\"image\":\"wp-content\\\/uploads\\\/2021\\\/05\\\/supporti-tv-long-page-hero.jpg\",\"image_position\":\"center-center\",\"image_size\":\"cover\",\"media_overlay_gradient\":\"linear-gradient(90deg, rgba(0,0,0,0.75) 0%, rgba(255,255,255,0) 70%)\",\"padding\":\"large\",\"style\":\"default\",\"text_color\":\"light\",\"title_breakpoint\":\"xl\",\"title_position\":\"top-left\",\"title_rotation\":\"left\",\"vertical_align\":\"middle\",\"width\":\"default\"},\"children\":[{\"type\":\"row\",\"children\":[{\"type\":\"column\",\"props\":{\"image_position\":\"center-center\",\"position_sticky_breakpoint\":\"m\"},\"children\":[{\"type\":\"panel\",\"props\":{\"content\":\"\",\"content_column_breakpoint\":\"m\",\"content_style\":\"text-lead\",\"icon_width\":80,\"image\":\"\",\"image_align\":\"top\",\"image_grid_breakpoint\":\"m\",\"image_grid_width\":\"1-2\",\"image_svg_color\":\"emphasis\",\"image_width\":\"200\",\"link\":\"pt-pt\\\/shop\\\/tv-pt-pt\\\/cat-suportes-tv\\\/slimstyle-plus-pt-pt\\\/\",\"link_margin\":\"medium\",\"link_size\":\"large\",\"link_style\":\"primary\",\"link_text\":\"Todos os produtos\",\"margin\":\"default\",\"maxwidth\":\"2xlarge\",\"meta_align\":\"below-title\",\"meta_element\":\"div\",\"meta_style\":\"text-meta\",\"title\":\"a \\u00faltima gera\\u00e7\\u00e3o:<br \/> SLIMSTYLE Plus\",\"title_align\":\"top\",\"title_element\":\"h1\",\"title_grid_breakpoint\":\"m\",\"title_grid_width\":\"1-2\",\"title_hover_style\":\"reset\",\"title_style\":\"heading-medium\"}}]}]}],\"name\":\"Hero\"},{\"type\":\"section\",\"props\":{\"animation\":\"slide-bottom-small\",\"animation_delay\":\"200\",\"class\":\"uk-animation-fade\",\"image\":\"wp-content\\\/uploads\\\/2021\\\/07\\\/long-page-supporti-tv-slimstyle-plus2x.png\",\"image_effect\":\"parallax\",\"image_parallax_bgx\":\"-200,-200\",\"image_parallax_bgy\":\"0,100\",\"image_parallax_breakpoint\":\"m\",\"image_parallax_easing\":\"1\",\"image_position\":\"bottom-left\",\"media_overlay\":\"rgba(21, 25, 27, 0.7)\",\"media_visibility\":\"s\",\"padding\":\"large\",\"style\":\"secondary\",\"title_breakpoint\":\"xl\",\"title_position\":\"top-left\",\"title_rotation\":\"left\",\"vertical_align\":\"middle\",\"width\":\"default\"},\"children\":[{\"type\":\"row\",\"children\":[{\"type\":\"column\",\"props\":{\"image_position\":\"center-center\",\"position_sticky_breakpoint\":\"m\",\"width_medium\":\"1-3\"}},{\"type\":\"column\",\"props\":{\"image_position\":\"center-center\",\"position_sticky_breakpoint\":\"m\",\"vertical_align\":\"middle\",\"width_medium\":\"2-3\"},\"children\":[{\"type\":\"text\",\"props\":{\"animation\":\"parallax\",\"block_align\":\"center\",\"column_breakpoint\":\"m\",\"content\":\"\n\n<p>SLIMSTYLE PLUS &eacute; a nova linha de suportes de parede ultrafinos para TV da Meliconi S.p.A., uma combina&ccedil;&atilde;o perfeita entre tecnologia de ponta, materiais de &uacute;ltima gera&ccedil;&atilde;o e design atraente. Gra&ccedil;as &agrave;s inovadoras fun&ccedil;&otilde;es EASY TILT e EASY TILT PRO, inclinar a sua TV nunca foi t&atilde;o f&aacute;cil e t&atilde;o preciso. <br \\\/>A inclus&atilde;o de um revestimento protetor de borracha em todos os suportes proteger&aacute; a sua TV ao longo do tempo, sem abrir m&atilde;o de um volume extremamente reduzido (at&eacute; um m&iacute;nimo de 2 cm da parede) e com total seguran&ccedil;a. <br \\\/>Todos os suportes SLIMSTYLE PLUS s&atilde;o 100% Made in Italy, com qualidade certificada T&Uuml;V e 10 anos de garantia.<\\\/p>\",\"margin\":\"default\",\"maxwidth\":\"2xlarge\",\"parallax_easing\":\"1\",\"parallax_end\":\"70vh + 70%\",\"parallax_opacity\":\"0,1\",\"parallax_y\":\"50,0\",\"text_style\":\"lead\"}}]}],\"props\":{\"layout\":\"1-3,2-3\"}}],\"name\":\"Descrizione\"},{\"type\":\"section\",\"props\":{\"animation\":\"slide-bottom-small\",\"animation_delay\":\"200\",\"image_position\":\"center-center\",\"style\":\"muted\",\"title_breakpoint\":\"xl\",\"title_position\":\"top-left\",\"title_rotation\":\"left\",\"vertical_align\":\"middle\",\"width\":\"large\"},\"children\":[{\"type\":\"row\",\"children\":[{\"type\":\"column\",\"props\":{\"image_position\":\"center-center\",\"position_sticky_breakpoint\":\"m\"},\"children\":[{\"type\":\"headline\",\"props\":{\"content\":\"Escolha a fun\\u00e7\\u00e3o mais adequada\",\"text_align\":\"center\",\"title_element\":\"div\",\"title_style\":\"heading-small\"}},{\"type\":\"grid\",\"props\":{\"content_column_breakpoint\":\"m\",\"filter_align\":\"left\",\"filter_all\":true,\"filter_grid_breakpoint\":\"m\",\"filter_grid_width\":\"auto\",\"filter_position\":\"top\",\"filter_style\":\"tab\",\"grid_column_gap\":\"small\",\"grid_default\":\"1\",\"grid_medium\":\"4\",\"grid_row_gap\":\"small\",\"grid_small\":\"2\",\"icon_width\":80,\"image_align\":\"top\",\"image_grid_breakpoint\":\"m\",\"image_grid_width\":\"1-2\",\"image_svg_color\":\"emphasis\",\"image_transition\":\"scale-up\",\"item_animation\":true,\"link_style\":\"default\",\"link_text\":\"\",\"margin\":\"medium\",\"margin_remove_bottom\":true,\"meta_align\":\"below-title\",\"meta_element\":\"div\",\"meta_style\":\"text-meta\",\"panel_image_no_padding\":false,\"panel_link\":true,\"panel_padding\":\"default\",\"panel_style\":\"card-secondary\",\"parallax_easing\":\"1\",\"show_content\":true,\"show_image\":true,\"show_link\":true,\"show_meta\":true,\"show_title\":true,\"text_align\":\"center\",\"title_align\":\"top\",\"title_element\":\"h3\",\"title_grid_breakpoint\":\"m\",\"title_grid_width\":\"1-2\",\"title_hover_style\":\"reset\"},\"children\":[{\"type\":\"grid_item\",\"props\":{\"image\":\"wp-content\\\/uploads\\\/2021\\\/05\\\/slimstyle-plus-long-page-_0003_fisso.png\",\"link\":\"pt-pt\\\/shop\\\/tv-pt-pt\\\/cat-suportes-tv\\\/slimstyle-plus-pt-pt\\\/#fixed-pt-pt\",\"title\":\"Fixo\"}},{\"type\":\"grid_item\",\"props\":{\"image\":\"wp-content\\\/uploads\\\/2021\\\/05\\\/slimstyle-plus-long-page-_0002_rotazione-verticale.png\",\"link\":\"pt-pt\\\/shop\\\/tv-pt-pt\\\/cat-suportes-tv\\\/slimstyle-plus-pt-pt\\\/#tilted-pt-pt\",\"title\":\"Inclina\\u00e7\\u00e3o\"}},{\"type\":\"grid_item\",\"props\":{\"image\":\"wp-content\\\/uploads\\\/2021\\\/05\\\/slimstyle-plus-long-page-_0001_braccio-singolo.png\",\"link\":\"pt-pt\\\/shop\\\/tv-pt-pt\\\/cat-suportes-tv\\\/slimstyle-plus-pt-pt\\\/#rotation-pt-pt\",\"title\":\"Rota\\u00e7\\u00e3o\"}},{\"type\":\"grid_item\",\"props\":{\"image\":\"wp-content\\\/uploads\\\/2021\\\/05\\\/slimstyle-plus-long-page-_0000_braccio-doppio.png\",\"link\":\"pt-pt\\\/shop\\\/tv-pt-pt\\\/cat-suportes-tv\\\/slimstyle-plus-pt-pt\\\/#double-rotation-pt-pt\",\"title\":\"Rota\\u00e7\\u00e3o dupla\"}}]}]}]}]}],\"version\":\"4.3.5\"} --><\/p>\n","protected":false},"excerpt":{"rendered":"<p>a \u00faltima gera\u00e7\u00e3o: SLIMSTYLE Plus Todos os produtos SLIMSTYLE PLUS &eacute; a nova linha de suportes de parede ultrafinos para TV da Meliconi S.p.A., uma combina&ccedil;&atilde;o perfeita entre tecnologia de ponta, materiais de &uacute;ltima gera&ccedil;&atilde;o e design atraente. Gra&ccedil;as &agrave;s inovadoras fun&ccedil;&otilde;es EASY TILT e EASY TILT PRO, inclinar a sua TV nunca foi t&atilde;o [&hellip;]<\/p>\n","protected":false},"author":4,"featured_media":0,"parent":66160,"menu_order":0,"comment_status":"closed","ping_status":"closed","template":"","meta":{"_acf_changed":false,"footnotes":""},"class_list":["post-66161","page","type-page","status-publish","hentry"],"acf":[],"yoast_head":"<!-- This site is optimized with the Yoast SEO plugin v26.1.1 - https:\/\/yoast.com\/wordpress\/plugins\/seo\/ -->\n<title>Slimstyle Plus - Meliconi<\/title>\n<meta name=\"robots\" content=\"index, follow, max-snippet:-1, max-image-preview:large, max-video-preview:-1\" \/>\n<link rel=\"canonical\" href=\"https:\/\/www.meliconi.com\/pt-pt\/suportes-para-tv\/slimstyle-plus\/\" \/>\n<meta property=\"og:locale\" content=\"pt_PT\" \/>\n<meta property=\"og:type\" content=\"article\" \/>\n<meta property=\"og:title\" content=\"Slimstyle Plus - Meliconi\" \/>\n<meta property=\"og:description\" content=\"a \u00faltima gera\u00e7\u00e3o: SLIMSTYLE Plus Todos os produtos SLIMSTYLE PLUS &eacute; a nova linha de suportes de parede ultrafinos para TV da Meliconi S.p.A., uma combina&ccedil;&atilde;o perfeita entre tecnologia de ponta, materiais de &uacute;ltima gera&ccedil;&atilde;o e design atraente. Gra&ccedil;as &agrave;s inovadoras fun&ccedil;&otilde;es EASY TILT e EASY TILT PRO, inclinar a sua TV nunca foi t&atilde;o [&hellip;]\" \/>\n<meta property=\"og:url\" content=\"https:\/\/www.meliconi.com\/pt-pt\/suportes-para-tv\/slimstyle-plus\/\" \/>\n<meta property=\"og:site_name\" content=\"Meliconi\" \/>\n<meta property=\"article:modified_time\" content=\"2025-10-29T13:28:37+00:00\" \/>\n<meta name=\"twitter:card\" content=\"summary_large_image\" \/>\n<meta name=\"twitter:label1\" content=\"Tempo estimado de leitura\" \/>\n\t<meta name=\"twitter:data1\" content=\"1 minuto\" \/>\n<script type=\"application\/ld+json\" class=\"yoast-schema-graph\">{\"@context\":\"https:\/\/schema.org\",\"@graph\":[{\"@type\":\"WebPage\",\"@id\":\"https:\/\/www.meliconi.com\/pt-pt\/suportes-para-tv\/slimstyle-plus\/\",\"url\":\"https:\/\/www.meliconi.com\/pt-pt\/suportes-para-tv\/slimstyle-plus\/\",\"name\":\"Slimstyle Plus - Meliconi\",\"isPartOf\":{\"@id\":\"https:\/\/www.meliconi.com\/pt-pt\/#website\"},\"datePublished\":\"2021-11-04T15:46:34+00:00\",\"dateModified\":\"2025-10-29T13:28:37+00:00\",\"breadcrumb\":{\"@id\":\"https:\/\/www.meliconi.com\/pt-pt\/suportes-para-tv\/slimstyle-plus\/#breadcrumb\"},\"inLanguage\":\"pt-PT\",\"potentialAction\":[{\"@type\":\"ReadAction\",\"target\":[\"https:\/\/www.meliconi.com\/pt-pt\/suportes-para-tv\/slimstyle-plus\/\"]}]},{\"@type\":\"BreadcrumbList\",\"@id\":\"https:\/\/www.meliconi.com\/pt-pt\/suportes-para-tv\/slimstyle-plus\/#breadcrumb\",\"itemListElement\":[{\"@type\":\"ListItem\",\"position\":1,\"name\":\"Home\",\"item\":\"https:\/\/www.meliconi.com\/pt-pt\/\"},{\"@type\":\"ListItem\",\"position\":2,\"name\":\"Suportes para TV\",\"item\":\"https:\/\/www.meliconi.com\/pt-pt\/suportes-para-tv\/\"},{\"@type\":\"ListItem\",\"position\":3,\"name\":\"Slimstyle Plus\"}]},{\"@type\":\"WebSite\",\"@id\":\"https:\/\/www.meliconi.com\/pt-pt\/#website\",\"url\":\"https:\/\/www.meliconi.com\/pt-pt\/\",\"name\":\"Meliconi\",\"description\":\"Lo specialista dell&#039;accessorio\",\"publisher\":{\"@id\":\"https:\/\/www.meliconi.com\/pt-pt\/#organization\"},\"potentialAction\":[{\"@type\":\"SearchAction\",\"target\":{\"@type\":\"EntryPoint\",\"urlTemplate\":\"https:\/\/www.meliconi.com\/pt-pt\/?s={search_term_string}\"},\"query-input\":{\"@type\":\"PropertyValueSpecification\",\"valueRequired\":true,\"valueName\":\"search_term_string\"}}],\"inLanguage\":\"pt-PT\"},{\"@type\":\"Organization\",\"@id\":\"https:\/\/www.meliconi.com\/pt-pt\/#organization\",\"name\":\"Meliconi\",\"url\":\"https:\/\/www.meliconi.com\/pt-pt\/\",\"logo\":{\"@type\":\"ImageObject\",\"inLanguage\":\"pt-PT\",\"@id\":\"https:\/\/www.meliconi.com\/pt-pt\/#\/schema\/logo\/image\/\",\"url\":\"https:\/\/www.meliconi.com\/wp-content\/uploads\/2021\/06\/logo-meliconi.png\",\"contentUrl\":\"https:\/\/www.meliconi.com\/wp-content\/uploads\/2021\/06\/logo-meliconi.png\",\"width\":338,\"height\":102,\"caption\":\"Meliconi\"},\"image\":{\"@id\":\"https:\/\/www.meliconi.com\/pt-pt\/#\/schema\/logo\/image\/\"}}]}<\/script>\n<!-- \/ Yoast SEO plugin. -->","yoast_head_json":{"title":"Slimstyle Plus - Meliconi","robots":{"index":"index","follow":"follow","max-snippet":"max-snippet:-1","max-image-preview":"max-image-preview:large","max-video-preview":"max-video-preview:-1"},"canonical":"https:\/\/www.meliconi.com\/pt-pt\/suportes-para-tv\/slimstyle-plus\/","og_locale":"pt_PT","og_type":"article","og_title":"Slimstyle Plus - Meliconi","og_description":"a \u00faltima gera\u00e7\u00e3o: SLIMSTYLE Plus Todos os produtos SLIMSTYLE PLUS &eacute; a nova linha de suportes de parede ultrafinos para TV da Meliconi S.p.A., uma combina&ccedil;&atilde;o perfeita entre tecnologia de ponta, materiais de &uacute;ltima gera&ccedil;&atilde;o e design atraente. Gra&ccedil;as &agrave;s inovadoras fun&ccedil;&otilde;es EASY TILT e EASY TILT PRO, inclinar a sua TV nunca foi t&atilde;o [&hellip;]","og_url":"https:\/\/www.meliconi.com\/pt-pt\/suportes-para-tv\/slimstyle-plus\/","og_site_name":"Meliconi","article_modified_time":"2025-10-29T13:28:37+00:00","twitter_card":"summary_large_image","twitter_misc":{"Tempo estimado de leitura":"1 minuto"},"schema":{"@context":"https:\/\/schema.org","@graph":[{"@type":"WebPage","@id":"https:\/\/www.meliconi.com\/pt-pt\/suportes-para-tv\/slimstyle-plus\/","url":"https:\/\/www.meliconi.com\/pt-pt\/suportes-para-tv\/slimstyle-plus\/","name":"Slimstyle Plus - Meliconi","isPartOf":{"@id":"https:\/\/www.meliconi.com\/pt-pt\/#website"},"datePublished":"2021-11-04T15:46:34+00:00","dateModified":"2025-10-29T13:28:37+00:00","breadcrumb":{"@id":"https:\/\/www.meliconi.com\/pt-pt\/suportes-para-tv\/slimstyle-plus\/#breadcrumb"},"inLanguage":"pt-PT","potentialAction":[{"@type":"ReadAction","target":["https:\/\/www.meliconi.com\/pt-pt\/suportes-para-tv\/slimstyle-plus\/"]}]},{"@type":"BreadcrumbList","@id":"https:\/\/www.meliconi.com\/pt-pt\/suportes-para-tv\/slimstyle-plus\/#breadcrumb","itemListElement":[{"@type":"ListItem","position":1,"name":"Home","item":"https:\/\/www.meliconi.com\/pt-pt\/"},{"@type":"ListItem","position":2,"name":"Suportes para TV","item":"https:\/\/www.meliconi.com\/pt-pt\/suportes-para-tv\/"},{"@type":"ListItem","position":3,"name":"Slimstyle Plus"}]},{"@type":"WebSite","@id":"https:\/\/www.meliconi.com\/pt-pt\/#website","url":"https:\/\/www.meliconi.com\/pt-pt\/","name":"Meliconi","description":"Lo specialista dell&#039;accessorio","publisher":{"@id":"https:\/\/www.meliconi.com\/pt-pt\/#organization"},"potentialAction":[{"@type":"SearchAction","target":{"@type":"EntryPoint","urlTemplate":"https:\/\/www.meliconi.com\/pt-pt\/?s={search_term_string}"},"query-input":{"@type":"PropertyValueSpecification","valueRequired":true,"valueName":"search_term_string"}}],"inLanguage":"pt-PT"},{"@type":"Organization","@id":"https:\/\/www.meliconi.com\/pt-pt\/#organization","name":"Meliconi","url":"https:\/\/www.meliconi.com\/pt-pt\/","logo":{"@type":"ImageObject","inLanguage":"pt-PT","@id":"https:\/\/www.meliconi.com\/pt-pt\/#\/schema\/logo\/image\/","url":"https:\/\/www.meliconi.com\/wp-content\/uploads\/2021\/06\/logo-meliconi.png","contentUrl":"https:\/\/www.meliconi.com\/wp-content\/uploads\/2021\/06\/logo-meliconi.png","width":338,"height":102,"caption":"Meliconi"},"image":{"@id":"https:\/\/www.meliconi.com\/pt-pt\/#\/schema\/logo\/image\/"}}]}},"_links":{"self":[{"href":"https:\/\/www.meliconi.com\/pt-pt\/wp-json\/wp\/v2\/pages\/66161","targetHints":{"allow":["GET"]}}],"collection":[{"href":"https:\/\/www.meliconi.com\/pt-pt\/wp-json\/wp\/v2\/pages"}],"about":[{"href":"https:\/\/www.meliconi.com\/pt-pt\/wp-json\/wp\/v2\/types\/page"}],"author":[{"embeddable":true,"href":"https:\/\/www.meliconi.com\/pt-pt\/wp-json\/wp\/v2\/users\/4"}],"replies":[{"embeddable":true,"href":"https:\/\/www.meliconi.com\/pt-pt\/wp-json\/wp\/v2\/comments?post=66161"}],"version-history":[{"count":2,"href":"https:\/\/www.meliconi.com\/pt-pt\/wp-json\/wp\/v2\/pages\/66161\/revisions"}],"predecessor-version":[{"id":68573,"href":"https:\/\/www.meliconi.com\/pt-pt\/wp-json\/wp\/v2\/pages\/66161\/revisions\/68573"}],"up":[{"embeddable":true,"href":"https:\/\/www.meliconi.com\/pt-pt\/wp-json\/wp\/v2\/pages\/66160"}],"wp:attachment":[{"href":"https:\/\/www.meliconi.com\/pt-pt\/wp-json\/wp\/v2\/media?parent=66161"}],"curies":[{"name":"wp","href":"https:\/\/api.w.org\/{rel}","templated":true}]}}