{"id":66154,"date":"2021-04-20T08:37:16","date_gmt":"2021-04-20T08:37:16","guid":{"rendered":"https:\/\/www.meliconi.com\/programa-mando-a-distancia\/"},"modified":"2025-10-27T15:29:17","modified_gmt":"2025-10-27T14:29:17","slug":"programacao-de-telecomando","status":"publish","type":"page","link":"https:\/\/www.meliconi.com\/pt-pt\/programacao-de-telecomando\/","title":{"rendered":"Programa\u00e7\u00e3o de Telecomando"},"content":{"rendered":"<div>\n<p>Selecione o telecomando Meliconi a programar<\/p>\n<\/div>\n<ul>\n<li>\n<h3>Em produ\u00e7\u00e3o<\/h3>\n<div>\n<a class=\"uk-button uk-button-primary uk-width-1-1 uk-margin-top\"\n            id=\"me-programma-telecomando-btn\"\n            href=\"https:\/\/www.meliconiservice.com\/meliconi\/menu.php?idm=pt&#038;pag=a\"\n            target=\"_blank\"\n            rel=\"noopener\">Encontre c\u00f3digos<\/a>\n<\/div>\n<\/li>\n<li>\n<h3>Fora de produ\u00e7\u00e3o<\/h3>\n<div>\n<select class=\"uk-select\" id=\"me-programma-telecomando-old\">  <option selected=\"true\" disabled=\"disabled\">\n    Escolha o seu telecomando  <\/option>\n  <option value=\"https:\/\/www.cme.it\/cme6\/manuali\/ac100.pdf\">\n    AC100  <\/option>\n  <option value=\"https:\/\/www.cme.it\/\/cme5\/pag00.php?idm=gb&mtm=r5\">\n    Algo 2 RC  <\/option>\n  <option value=\"https:\/\/www.cme.it\/\/cme5\/pag01.php?idm=gb&mtm=r8\">\n    Algo 2  <\/option>\n  <option value=\"https:\/\/www.cme.it\/\/cme5\/pag01.php?idm=gb&mtm=r8&nbu=&dat=\">\n    Algo  <\/option>\n  <option value=\"https:\/\/www.cme.it\/\/cme5\/pag01.php?idm=gb&mtm=5c&nbu=&dat=\">\n    Control 5 Digital CME  <\/option>\n  <option value=\"http:\/\/www.cme.it\/meli2\/help0.php?mtm=d5&amp;idm=gb\">\n    Control 5-500 Plus  <\/option>\n  <option value=\"http:\/\/www.cme.it\/meli2\/help0.php?mtm=b5&amp;idm=gb\">\n    Control 5-500  <\/option>\n  <option value=\"http:\/\/www.cme.it\/meli1\/help1.php?idm=gb&mtm=c4\">\n    Control 4  <\/option>\n  <option value=\"http:\/\/www.cme.it\/meli2\/help0.php?mtm=d3&amp;idm=gb\">\n    Control 3-300 Plus  <\/option>\n  <option value=\"https:\/\/www.cme.it\/\/cme5\/pag00.php?mtm=2d&idm=gb\">\n    Control 2 digital  <\/option>\n  <option value=\"https:\/\/www.cme.it\/\/cme5\/pag01.php?idm=gb&mtm=2d&nbu=&dat=\">\n    Control 2 digital CME  <\/option>\n  <option value=\"https:\/\/www.cme.it\/\/cme5\/pag00.php?idm=gb&mtm=2n\">\n    Control 2 SIMPLE  <\/option>\n  <option value=\"http:\/\/www.cme.it\/meli1\/help1.php?idm=gb&mtm=c2\">\n    Control 2  <\/option>\n  <option value=\"https:\/\/www.cme.it\/\/cme5\/pag00.php?idm=gb&mtm=1b\">\n    Control TV Digital  <\/option>\n  <option value=\"http:\/\/www.cme.it\/meli2\/help0.php?mtm=e1&amp;idm=gb\">\n    Control TV 100  <\/option>\n  <option value=\"http:\/\/www.cme.it\/meli1\/help1.php?idm=gb&mtm=c1\">\n    Control TV  <\/option>\n  <option value=\"https:\/\/www.cme.it\/\/cme5\/pag00.php?mtm=5j&idm=gb\">\n    Digital 5 RC  <\/option>\n  <option value=\"http:\/\/www.cme.it\/meli2\/help0.php?mtm=f3&amp;idm=gb\">\n    Digital 3 Light  <\/option>\n  <option value=\"https:\/\/www.cme.it\/\/cme5\/pag00.php\">\n    Digital 5 web (versione francese)  <\/option>\n  <option value=\"http:\/\/www.cme.it\/meli1\/help1.php?idm=gb&amp;mtm=d4\">\n    Digital 4  <\/option>\n  <option value=\"http:\/\/www.cme.it\/meli2\/help0.php?mtm=a2&amp;idm=gb\">\n    Digital 2 Smart  <\/option>\n  <option value=\"https:\/\/www.cme.it\/meli2\/help0.php?mtm=b6&amp;idm=gb\">\n    Digital 6 light  <\/option>\n  <option value=\"http:\/\/www.cme.it\/meli2\/help0.php?mtm=d1&amp;idm=gb\">\n    Facile Smart  <\/option>\n  <option value=\"https:\/\/www.cme.it\/\/cme5\/pag00.php\">\n    Facile 3 web  <\/option>\n  <option value=\"https:\/\/www.cme.it\/\/cme5\/pag00.php?idm=gb&mtm=1j&nbu=&dat=\">\n    Facile 1 RC  <\/option>\n  <option value=\"https:\/\/www.cme.it\/\/cme5\/pag00.php\">\n    Facile 1 web  <\/option>\n  <option value=\"http:\/\/www.cme.it\/meli2\/help0.php?mtm=c1&amp;idm=gb\">\n    Facile 100  <\/option>\n  <option value=\"http:\/\/www.cme.it\/meli1\/help1.php?idm=gb&mtm=u1\">\n    Facile  <\/option>\n  <option value=\"http:\/\/www.cme.it\/meli2\/help0.php?mtm=a1&amp;idm=gb\">\n    Facile Light  <\/option>\n  <option value=\"https:\/\/www.cme.it\/\/cme5\/pag01.php?idm=gb&mtm=r6&nbu=&dat=\">\n    Flash 2 RC  <\/option>\n  <option value=\"https:\/\/www.cme.it\/\/cme5\/pag00.php?idm=gb&mtm=r9\">\n    Flash 4  <\/option>\n  <option value=\"https:\/\/www.cme.it\/\/cme5\/pag00.php\">\n    Flash 2  <\/option>\n  <option value=\"https:\/\/www.cme.it\/\/cme5\/pag00.php?idm=gb&mtm=8a\">\n    Fully 8 RC  <\/option>\n  <option value=\"http:\/\/www.cme.it\/meli2\/help1.php?mtm=a8&amp;idm=gb\">\n    Fully 8  <\/option>\n  <option value=\"https:\/\/www.cme.it\/\/cme5\/pag01.php?idm=gb&mtm=r7&nbu=&dat=\">\n    Guest Plus  <\/option>\n  <option value=\"https:\/\/www.cme.it\/\/cme5\/pag00.php\">\n    Guest  <\/option>\n  <option value=\"https:\/\/www.cme.it\/\/cme5\/pag0.php?mtm=1k&idm=gb\">\n    Hotel01  <\/option>\n  <option value=\"https:\/\/www.cme.it\/\/cme5\/pag0.php?mtm=r3&idm=gb\">\n    Hotel02  <\/option>\n  <option value=\"-\">\n    Hotel03  <\/option>\n  <option value=\"http:\/\/www.cme.it\/cme4\/pag01.php?idm=gb&amp;mtm=r1\">\n    Irweb  <\/option>\n  <option value=\"http:\/\/www.cme.it\/cme4\/pag01.php?idm=gb&amp;mtm=l9\">\n    Logic12  <\/option>\n  <option value=\"http:\/\/www.cme.it\/meli2\/help11.php?idm=gb&mtm=s6\">\n    Mycro  <\/option>\n  <option value=\"http:\/\/meliconi.s3.amazonaws.com\/it\/products\/manuals\/N0000089_Istruzioni_PERSONAL_1_ultima_versione.indd.pdf\">\n    Personal 1  <\/option>\n  <option value=\"http:\/\/meliconi.s3.amazonaws.com\/it\/products\/manuals\/N0000091_Istruzioni_Personal_2.indd.pdf\">\n    Personal 2  <\/option>\n  <option value=\"http:\/\/meliconi.s3.amazonaws.com\/it\/products\/manuals\/N0000085_Istruzioni_Personal_3.indd.pdf\">\n    Personal 3 per SONY  <\/option>\n  <option value=\"http:\/\/meliconi.s3.amazonaws.com\/it\/products\/manuals\/N0000107_Istruzioni_Gumbody_Personal_4_Philips.indd.pdf\">\n    Personal 4 per PHILIPS  <\/option>\n  <option value=\"http:\/\/www.cme.it\/meli1\/help1.php?idm=gb&mtm=p2\">\n    Personal  <\/option>\n  <option value=\"https:\/\/www.cme.it\/\/cme5\/pag00.php?mtm=2r&idm=gb\">\n    Pratico 2 Light RC  <\/option>\n  <option value=\"https:\/\/www.cme.it\/\/cme5\/pag00.php?idm=gb&mtm=2j\">\n    Pratico 2 Light  <\/option>\n  <option value=\"https:\/\/www.cme.it\/\/cme5\/pag00.php?idm=gb&mtm=4j\">\n    Pratico for SKY plus  <\/option>\n  <option value=\"https:\/\/www.cme.it\/\/cme5\/pag00.php\">\n    Pratico Digital for SKY RC  <\/option>\n  <option value=\"https:\/\/www.cme.it\/\/cme5\/pag01.php?idm=gb&mtm=2e&nbu=&dat=\">\n    Pratico for MEDIASET PREMIUM  <\/option>\n  <option value=\"https:\/\/www.cme.it\/\/cme5\/pag00.php?idm=gb&mtm=6j\">\n    Pratico 6 RC  <\/option>\n  <option value=\"https:\/\/www.cme.it\/\/cme5\/pag00.php\">\n    Pratico 6  <\/option>\n  <option value=\"https:\/\/www.cme.it\/\/cme5\/pag00.php?idm=gb&mtm=2l\">\n    Pratico 2 RC  <\/option>\n  <option value=\"https:\/\/www.cme.it\/\/cme5\/pag00.php?idm=gb&mtm=2b\">\n    Pratico 2  <\/option>\n  <option value=\"https:\/\/www.cme.it\/\/cme6\/pag00.php?idm=gb&mtm=7b\">\n    Senior 2.1  <\/option>\n  <option value=\"https:\/\/www.cme.it\/\/cme5\/pag00.php?mtm=2p&idm=gb\">\n    Senior 2 R5  <\/option>\n  <option value=\"https:\/\/www.cme.it\/\/cme5\/pag00.php\">\n    Senior 2 RC  <\/option>\n  <option value=\"https:\/\/www.cme.it\/\/cme5\/pag0.php?idm=gb&mtm=2a\">\n    Senior 2  <\/option>\n  <option value=\"https:\/\/www.cme.it\/\/cme5\/pag00.php?idm=gb&mtm=4k\">\n    Smart 4  <\/option>\n  <option value=\"https:\/\/www.cme.it\/\/cme5\/pag00.php?idm=gb&mtm=2m\">\n    Speedy 210 combo RC  <\/option>\n  <option value=\"http:\/\/www.cme.it\/cme5\/pag0.php?mtm=2c&idm=gb\">\n    Speedy 210 Combo  <\/option>\n  <option value=\"http:\/\/www.cme.it\/meli2\/help1.php?mtm=h1&amp;idm=gb\">\n    Speedy 110 Plus  <\/option>\n  <option value=\"http:\/\/www.cme.it\/meli2\/help1.php?mtm=j1&amp;idm=gb\">\n    Speedy 110 Fluo  <\/option>\n  <option value=\"http:\/\/www.cme.it\/meli2\/help1.php?idm=gb&mtm=s4\">\n    Speedy 110  <\/option>\n  <option value=\"http:\/\/www.cme.it\/meli2\/help1.php?idm=gb&mtm=b1\">\n    Speedy 100 Plus  <\/option>\n  <option value=\"http:\/\/www.cme.it\/meli2\/help0.php?mtm=s7&amp;idm=gb\">\n    Speedy Goal Plus  <\/option>\n  <option value=\"http:\/\/www.cme.it\/meli2\/help1.php?idm=gb&mtm=s5\">\n    Speedy Goal  <\/option>\n  <option value=\"http:\/\/www.cme.it\/meli2\/help1.php?idm=gb&mtm=c2\">\n    Speedy 2 Combo  <\/option>\n  <option value=\"http:\/\/www.cme.it\/meli1\/help1.php?idm=gb&mtm=n1\">\n    Speedy Plus  <\/option>\n  <option value=\"http:\/\/www.cme.it\/meli1\/help1.php?idm=gb&mtm=s2\">\n    Speedy 2  <\/option>\n  <option value=\"http:\/\/www.cme.it\/meli2\/help1.php?idm=gb&mtm=s1\">\n    Speedy  <\/option>\n  <option value=\"http:\/\/www.cme.it\/meli2\/help1.php?idm=gb&mtm=e5\">\n    Universal 5 Smart  <\/option>\n  <option value=\"http:\/\/guida.meliconi.com\/page.php?idpag=47&idtele=3&idlang=IT\">\n    Universal 5 web  <\/option>\n  <option value=\"http:\/\/www.cme.it\/meli2\/help0.php?mtm=a5&amp;idm=gb\">\n    Universal 5-500  <\/option>\n  <option value=\"https:\/\/www.cme.it\/\/cme5\/pag0.php?idm=gb&mtm=3b\">\n    Universal 3 web  <\/option>\n  <option value=\"http:\/\/www.cme.it\/meli2\/help0.php?mtm=c3&amp;idm=gb\">\n    Universal 3-300  <\/option>\n  <option value=\"http:\/\/www.cme.it\/meli1\/help1.php?idm=gb&mtm=u4\">\n    Universal 4  <\/option>\n  <option value=\"http:\/\/www.cme.it\/meli1\/help1.php?idm=gb&mtm=u3\">\n    Universal 3  <\/option>\n  <option value=\"http:\/\/www.cme.it\/meli1\/help1.php?idm=gb&mtm=u2\">\n    Universal 2  <\/option>\n  <option value=\"http:\/\/www.cme.it\/meli2\/help0.php?idm=gb&mtm=i5\">\n    URC 3  <\/option>\n<\/select>\n<a class=\"uk-button uk-button-primary uk-width-1-1 uk-margin-top disabled\" id=\"me-programma-telecomando-btn-old\" target=\"_blank\" disabled>Encontre c\u00f3digos<\/a>\n<\/div>\n<\/li>\n<\/ul>\n<hr>\n<div>\n<p>Suporte web completo para a nova linha em <strong class=\"uk-background-primary\"><a href=\"https:\/\/www.cme.it\" target=\"_blank\" rel=\"noopener\">www.cme.it<\/a><\/strong><\/p>\n<\/div>\n<p><!--more--><br \/>\n<!-- {\"type\":\"layout\",\"children\":[{\"type\":\"section\",\"props\":{\"animation\":\"fade\",\"animation_delay\":false,\"header_transparent\":true,\"header_transparent_noplaceholder\":true,\"header_transparent_text_color\":\"dark\",\"height\":\"viewport\",\"height_offset_top\":true,\"image\":\"wp-content\\\/uploads\\\/2021\\\/04\\\/telecomandi_bg.jpg\",\"image_parallax_bgy\":\"0,-130\",\"image_position\":\"center-center\",\"image_size\":\"cover\",\"media_overlay\":\"rgba(21, 25, 27, 0.7)\",\"style\":\"secondary\",\"title_breakpoint\":\"xl\",\"title_position\":\"top-left\",\"title_rotation\":\"left\",\"vertical_align\":\"middle\",\"width\":\"xsmall\"},\"children\":[{\"type\":\"row\",\"children\":[{\"type\":\"column\",\"props\":{\"image_position\":\"center-center\",\"position_sticky_breakpoint\":\"m\"},\"children\":[{\"type\":\"headline\",\"props\":{\"text_align\":\"center\",\"title_element\":\"h1\",\"title_style\":\"heading-small\"},\"source\":{\"query\":{\"name\":\"pages.singlePage\"},\"props\":{\"content\":{\"filters\":{\"search\":\"\"},\"name\":\"title\"}}}},{\"type\":\"text\",\"props\":{\"column_breakpoint\":\"m\",\"content\":\"\n\n<p>Selecione o telecomando Meliconi a programar<\\\/p>\",\"margin\":\"medium\",\"margin_remove_top\":true,\"text_align\":\"center\",\"text_style\":\"lead\"}},{\"type\":\"switcher\",\"props\":{\"content_column_breakpoint\":\"m\",\"image_align\":\"top\",\"image_grid_breakpoint\":\"m\",\"image_grid_width\":\"1-2\",\"image_svg_color\":\"emphasis\",\"link_style\":\"default\",\"link_text\":\"Read more\",\"margin\":\"default\",\"meta_align\":\"below-title\",\"meta_element\":\"div\",\"meta_style\":\"text-meta\",\"nav\":\"tab\",\"nav_align\":\"center\",\"nav_grid_breakpoint\":\"m\",\"nav_grid_width\":\"auto\",\"nav_position\":\"top\",\"show_content\":true,\"show_image\":false,\"show_label\":true,\"show_link\":false,\"show_meta\":false,\"show_thumbnail\":false,\"show_title\":false,\"switcher_animation\":\"fade\",\"switcher_height\":true,\"thumbnav_height\":\"75\",\"thumbnav_svg_color\":\"emphasis\",\"thumbnav_width\":\"100\",\"title_align\":\"top\",\"title_element\":\"h3\",\"title_grid_breakpoint\":\"m\",\"title_grid_width\":\"1-2\"},\"children\":[{\"type\":\"switcher_item\",\"props\":{\"content\":\"\n\n<p>[programma-telecomando]<\\\/p>\",\"title\":\"Em produ\\u00e7\\u00e3o\"}},{\"type\":\"switcher_item\",\"props\":{\"content\":\"\n\n<p>[programma-telecomando-old]<\\\/p>\",\"title\":\"Fora de produ\\u00e7\\u00e3o\"}}]},{\"type\":\"divider\",\"props\":{\"divider_element\":\"hr\",\"margin\":\"medium\"}},{\"type\":\"text\",\"props\":{\"column_breakpoint\":\"m\",\"content\":\"\n\n<p>Suporte web completo para a nova linha em <strong class=\\\"uk-background-primary\\\"><a href=\\\"https:\\\/\\\/www.cme.it\\\" target=\\\"_blank\\\" rel=\\\"noopener\\\">www.cme.it<\\\/a><\\\/strong><\\\/p>\",\"margin\":\"\",\"margin_remove_bottom\":false,\"text_align\":\"center\"}}]}]}]}],\"version\":\"4.3.5\"} --><\/p>\n","protected":false},"excerpt":{"rendered":"<p>Selecione o telecomando Meliconi a programar Em produ\u00e7\u00e3o Fora de produ\u00e7\u00e3o Suporte web completo para a nova linha em www.cme.it<\/p>\n","protected":false},"author":1,"featured_media":0,"parent":0,"menu_order":0,"comment_status":"closed","ping_status":"closed","template":"","meta":{"_acf_changed":false,"footnotes":""},"class_list":["post-66154","page","type-page","status-publish","hentry"],"acf":[],"yoast_head":"<!-- This site is optimized with the Yoast SEO plugin v26.1.1 - https:\/\/yoast.com\/wordpress\/plugins\/seo\/ -->\n<title>Programa\u00e7\u00e3o de Telecomando - Meliconi<\/title>\n<meta name=\"robots\" content=\"index, follow, max-snippet:-1, max-image-preview:large, max-video-preview:-1\" \/>\n<link rel=\"canonical\" href=\"https:\/\/www.meliconi.com\/pt-pt\/programacao-de-telecomando\/\" \/>\n<meta property=\"og:locale\" content=\"pt_PT\" \/>\n<meta property=\"og:type\" content=\"article\" \/>\n<meta property=\"og:title\" content=\"Programa\u00e7\u00e3o de Telecomando - Meliconi\" \/>\n<meta property=\"og:description\" content=\"Selecione o telecomando Meliconi a programar Em produ\u00e7\u00e3o Fora de produ\u00e7\u00e3o Suporte web completo para a nova linha em www.cme.it\" \/>\n<meta property=\"og:url\" content=\"https:\/\/www.meliconi.com\/pt-pt\/programacao-de-telecomando\/\" \/>\n<meta property=\"og:site_name\" content=\"Meliconi\" \/>\n<meta property=\"article:modified_time\" content=\"2025-10-27T14:29:17+00:00\" \/>\n<meta name=\"twitter:card\" content=\"summary_large_image\" \/>\n<script type=\"application\/ld+json\" class=\"yoast-schema-graph\">{\"@context\":\"https:\/\/schema.org\",\"@graph\":[{\"@type\":\"WebPage\",\"@id\":\"https:\/\/www.meliconi.com\/pt-pt\/programacao-de-telecomando\/\",\"url\":\"https:\/\/www.meliconi.com\/pt-pt\/programacao-de-telecomando\/\",\"name\":\"Programa\u00e7\u00e3o de Telecomando - Meliconi\",\"isPartOf\":{\"@id\":\"https:\/\/www.meliconi.com\/pt-pt\/#website\"},\"datePublished\":\"2021-04-20T08:37:16+00:00\",\"dateModified\":\"2025-10-27T14:29:17+00:00\",\"breadcrumb\":{\"@id\":\"https:\/\/www.meliconi.com\/pt-pt\/programacao-de-telecomando\/#breadcrumb\"},\"inLanguage\":\"pt-PT\",\"potentialAction\":[{\"@type\":\"ReadAction\",\"target\":[\"https:\/\/www.meliconi.com\/pt-pt\/programacao-de-telecomando\/\"]}]},{\"@type\":\"BreadcrumbList\",\"@id\":\"https:\/\/www.meliconi.com\/pt-pt\/programacao-de-telecomando\/#breadcrumb\",\"itemListElement\":[{\"@type\":\"ListItem\",\"position\":1,\"name\":\"Home\",\"item\":\"https:\/\/www.meliconi.com\/pt-pt\/\"},{\"@type\":\"ListItem\",\"position\":2,\"name\":\"Programa\u00e7\u00e3o de Telecomando\"}]},{\"@type\":\"WebSite\",\"@id\":\"https:\/\/www.meliconi.com\/pt-pt\/#website\",\"url\":\"https:\/\/www.meliconi.com\/pt-pt\/\",\"name\":\"Meliconi\",\"description\":\"Lo specialista dell&#039;accessorio\",\"publisher\":{\"@id\":\"https:\/\/www.meliconi.com\/pt-pt\/#organization\"},\"potentialAction\":[{\"@type\":\"SearchAction\",\"target\":{\"@type\":\"EntryPoint\",\"urlTemplate\":\"https:\/\/www.meliconi.com\/pt-pt\/?s={search_term_string}\"},\"query-input\":{\"@type\":\"PropertyValueSpecification\",\"valueRequired\":true,\"valueName\":\"search_term_string\"}}],\"inLanguage\":\"pt-PT\"},{\"@type\":\"Organization\",\"@id\":\"https:\/\/www.meliconi.com\/pt-pt\/#organization\",\"name\":\"Meliconi\",\"url\":\"https:\/\/www.meliconi.com\/pt-pt\/\",\"logo\":{\"@type\":\"ImageObject\",\"inLanguage\":\"pt-PT\",\"@id\":\"https:\/\/www.meliconi.com\/pt-pt\/#\/schema\/logo\/image\/\",\"url\":\"https:\/\/www.meliconi.com\/wp-content\/uploads\/2021\/06\/logo-meliconi.png\",\"contentUrl\":\"https:\/\/www.meliconi.com\/wp-content\/uploads\/2021\/06\/logo-meliconi.png\",\"width\":338,\"height\":102,\"caption\":\"Meliconi\"},\"image\":{\"@id\":\"https:\/\/www.meliconi.com\/pt-pt\/#\/schema\/logo\/image\/\"}}]}<\/script>\n<!-- \/ Yoast SEO plugin. -->","yoast_head_json":{"title":"Programa\u00e7\u00e3o de Telecomando - Meliconi","robots":{"index":"index","follow":"follow","max-snippet":"max-snippet:-1","max-image-preview":"max-image-preview:large","max-video-preview":"max-video-preview:-1"},"canonical":"https:\/\/www.meliconi.com\/pt-pt\/programacao-de-telecomando\/","og_locale":"pt_PT","og_type":"article","og_title":"Programa\u00e7\u00e3o de Telecomando - Meliconi","og_description":"Selecione o telecomando Meliconi a programar Em produ\u00e7\u00e3o Fora de produ\u00e7\u00e3o Suporte web completo para a nova linha em www.cme.it","og_url":"https:\/\/www.meliconi.com\/pt-pt\/programacao-de-telecomando\/","og_site_name":"Meliconi","article_modified_time":"2025-10-27T14:29:17+00:00","twitter_card":"summary_large_image","schema":{"@context":"https:\/\/schema.org","@graph":[{"@type":"WebPage","@id":"https:\/\/www.meliconi.com\/pt-pt\/programacao-de-telecomando\/","url":"https:\/\/www.meliconi.com\/pt-pt\/programacao-de-telecomando\/","name":"Programa\u00e7\u00e3o de Telecomando - Meliconi","isPartOf":{"@id":"https:\/\/www.meliconi.com\/pt-pt\/#website"},"datePublished":"2021-04-20T08:37:16+00:00","dateModified":"2025-10-27T14:29:17+00:00","breadcrumb":{"@id":"https:\/\/www.meliconi.com\/pt-pt\/programacao-de-telecomando\/#breadcrumb"},"inLanguage":"pt-PT","potentialAction":[{"@type":"ReadAction","target":["https:\/\/www.meliconi.com\/pt-pt\/programacao-de-telecomando\/"]}]},{"@type":"BreadcrumbList","@id":"https:\/\/www.meliconi.com\/pt-pt\/programacao-de-telecomando\/#breadcrumb","itemListElement":[{"@type":"ListItem","position":1,"name":"Home","item":"https:\/\/www.meliconi.com\/pt-pt\/"},{"@type":"ListItem","position":2,"name":"Programa\u00e7\u00e3o de Telecomando"}]},{"@type":"WebSite","@id":"https:\/\/www.meliconi.com\/pt-pt\/#website","url":"https:\/\/www.meliconi.com\/pt-pt\/","name":"Meliconi","description":"Lo specialista dell&#039;accessorio","publisher":{"@id":"https:\/\/www.meliconi.com\/pt-pt\/#organization"},"potentialAction":[{"@type":"SearchAction","target":{"@type":"EntryPoint","urlTemplate":"https:\/\/www.meliconi.com\/pt-pt\/?s={search_term_string}"},"query-input":{"@type":"PropertyValueSpecification","valueRequired":true,"valueName":"search_term_string"}}],"inLanguage":"pt-PT"},{"@type":"Organization","@id":"https:\/\/www.meliconi.com\/pt-pt\/#organization","name":"Meliconi","url":"https:\/\/www.meliconi.com\/pt-pt\/","logo":{"@type":"ImageObject","inLanguage":"pt-PT","@id":"https:\/\/www.meliconi.com\/pt-pt\/#\/schema\/logo\/image\/","url":"https:\/\/www.meliconi.com\/wp-content\/uploads\/2021\/06\/logo-meliconi.png","contentUrl":"https:\/\/www.meliconi.com\/wp-content\/uploads\/2021\/06\/logo-meliconi.png","width":338,"height":102,"caption":"Meliconi"},"image":{"@id":"https:\/\/www.meliconi.com\/pt-pt\/#\/schema\/logo\/image\/"}}]}},"_links":{"self":[{"href":"https:\/\/www.meliconi.com\/pt-pt\/wp-json\/wp\/v2\/pages\/66154","targetHints":{"allow":["GET"]}}],"collection":[{"href":"https:\/\/www.meliconi.com\/pt-pt\/wp-json\/wp\/v2\/pages"}],"about":[{"href":"https:\/\/www.meliconi.com\/pt-pt\/wp-json\/wp\/v2\/types\/page"}],"author":[{"embeddable":true,"href":"https:\/\/www.meliconi.com\/pt-pt\/wp-json\/wp\/v2\/users\/1"}],"replies":[{"embeddable":true,"href":"https:\/\/www.meliconi.com\/pt-pt\/wp-json\/wp\/v2\/comments?post=66154"}],"version-history":[{"count":2,"href":"https:\/\/www.meliconi.com\/pt-pt\/wp-json\/wp\/v2\/pages\/66154\/revisions"}],"predecessor-version":[{"id":68505,"href":"https:\/\/www.meliconi.com\/pt-pt\/wp-json\/wp\/v2\/pages\/66154\/revisions\/68505"}],"wp:attachment":[{"href":"https:\/\/www.meliconi.com\/pt-pt\/wp-json\/wp\/v2\/media?parent=66154"}],"curies":[{"name":"wp","href":"https:\/\/api.w.org\/{rel}","templated":true}]}}