{"id":66153,"date":"2021-04-16T14:25:42","date_gmt":"2021-04-16T14:25:42","guid":{"rendered":"https:\/\/www.meliconi.com\/faq\/"},"modified":"2025-10-31T14:22:36","modified_gmt":"2025-10-31T13:22:36","slug":"faq","status":"publish","type":"page","link":"https:\/\/www.meliconi.com\/pt-pt\/faq\/","title":{"rendered":"FAQ"},"content":{"rendered":"<ul>\n<li>\n<h3>Deseja saber a disponibilidade de uma pe\u00e7a de substitui\u00e7\u00e3o para um produto Meliconi?<\/h3>\n<div>\n<p>Envie o seu pedido para <a href=\"mailto:clientes@misterpuzzle.pt\">clientes@misterpuzzle.pt<\/a> com assunto &#8220;pedido de pe\u00e7as de substitui\u00e7\u00e3o&#8221;.<\/p>\n<\/div>\n<\/li>\n<li>\n<h3>Tem alguma d\u00favida ou problema t\u00e9cnico com o seu produto?<\/h3>\n<div>\n<p>Encontre a pessoa de contacto a quem ligar neste link: <a href=\"https:\/\/www.meliconi.com\/pt-pt\/atencao-ao-cliente\/\">https:\/\/www.meliconi.com\/pt-pt\/atencao-ao-cliente\/<\/a><\/p>\n<\/div>\n<\/li>\n<li>\n<h3>Deseja saber se pode utilizar um dos nossos kits de sobreposi\u00e7\u00e3o Linha Base com os seus eletrodom\u00e9sticos?<\/h3>\n<div>\n<p>Os nossos kits de sobreposi\u00e7\u00e3o podem ser utilizados com todas as m\u00e1quinas de lavar roupa de carga frontal com profundidade m\u00ednima de 45 cm e m\u00e1xima de 60 cm, e com as m\u00e1quinas de secar de carga frontal com profundidade at\u00e9 60 cm.<br \/>Para mais informa\u00e7\u00f5es, escreva para <a href=\"mailto:clientes@misterpuzzle.pt\">clientes@misterpuzzle.pt<\/a> com assunto do e-mail &#8220;linha base&#8221;.<\/p>\n<\/div>\n<\/li>\n<li>\n<h3>Tem d\u00favidas sobre a programa\u00e7\u00e3o do seu comando \u00e0 dist\u00e2ncia?<\/h3>\n<div>\n<p>Envie um e-mail para <a href=\"mailto:clientes@misterpuzzle.pt\">clientes@misterpuzzle.pt<\/a><\/p>\n<\/div>\n<\/li>\n<\/ul>\n<p><!--more--><br \/>\n<!-- {\"type\":\"layout\",\"children\":[{\"type\":\"section\",\"props\":{\"image_position\":\"center-center\",\"style\":\"secondary\",\"title_breakpoint\":\"xl\",\"title_position\":\"top-left\",\"title_rotation\":\"left\",\"vertical_align\":\"middle\",\"width\":\"default\"},\"children\":[{\"type\":\"row\",\"children\":[{\"type\":\"column\",\"props\":{\"image_position\":\"center-center\",\"position_sticky_breakpoint\":\"m\"},\"children\":[{\"type\":\"headline\",\"props\":{\"text_align\":\"center\",\"title_element\":\"h1\",\"title_style\":\"heading-medium\"},\"source\":{\"query\":{\"name\":\"pages.singlePage\"},\"props\":{\"content\":{\"filters\":{\"search\":\"\"},\"name\":\"title\"}}}}]}]}]},{\"type\":\"section\",\"props\":{\"animation\":\"slide-bottom-small\",\"animation_delay\":\"200\",\"image_position\":\"center-center\",\"style\":\"default\",\"title_breakpoint\":\"xl\",\"title_position\":\"top-left\",\"title_rotation\":\"left\",\"vertical_align\":\"middle\",\"width\":\"default\"},\"children\":[{\"type\":\"row\",\"children\":[{\"type\":\"column\",\"props\":{\"image_position\":\"center-center\",\"position_sticky_breakpoint\":\"m\"},\"children\":[{\"type\":\"accordion\",\"props\":{\"block_align\":\"center\",\"class\":\"me-faq-accordion\",\"collapsible\":true,\"content_column_breakpoint\":\"m\",\"content_margin\":\"medium\",\"image_align\":\"top\",\"image_grid_breakpoint\":\"m\",\"image_grid_width\":\"1-2\",\"image_svg_color\":\"emphasis\",\"link_style\":\"default\",\"link_text\":\"Read more\",\"maxwidth\":\"2xlarge\",\"multiple\":true,\"show_image\":true,\"show_link\":true},\"children\":[{\"type\":\"accordion_item\",\"props\":{\"content\":\"\n\n<p>Envie o seu pedido para <a href=\\\"mailto:clientes@misterpuzzle.pt\\\">clientes@misterpuzzle.pt<\\\/a> com assunto \\\"pedido de pe\\u00e7as de substitui\\u00e7\\u00e3o\\\".<\\\/p>\",\"title\":\"Deseja saber a disponibilidade de uma pe\\u00e7a de substitui\\u00e7\\u00e3o para um produto Meliconi?\"}},{\"type\":\"accordion_item\",\"props\":{\"content\":\"\n\n<p>Encontre a pessoa de contacto a quem ligar neste link: <a href=\\\"https:\\\/\\\/www.meliconi.com\\\/pt-pt\\\/atencao-ao-cliente\\\/\\\">https:\\\/\\\/www.meliconi.com\\\/pt-pt\\\/atencao-ao-cliente\\\/<\\\/a><\\\/p>\",\"title\":\"Tem alguma d\\u00favida ou problema t\\u00e9cnico com o seu produto?\"}},{\"type\":\"accordion_item\",\"props\":{\"content\":\"\n\n<p>Os nossos kits de sobreposi\\u00e7\\u00e3o podem ser utilizados com todas as m\\u00e1quinas de lavar roupa de carga frontal com profundidade m\\u00ednima de 45 cm e m\\u00e1xima de 60 cm, e com as m\\u00e1quinas de secar de carga frontal com profundidade at\\u00e9 60 cm.<br \\\/>Para mais informa\\u00e7\\u00f5es, escreva para <a href=\\\"mailto:clientes@misterpuzzle.pt\\\">clientes@misterpuzzle.pt<\\\/a> com assunto do e-mail \\\"linha base\\\".<\\\/p>\",\"title\":\"Deseja saber se pode utilizar um dos nossos kits de sobreposi\\u00e7\\u00e3o Linha Base com os seus eletrodom\\u00e9sticos?\"}},{\"type\":\"accordion_item\",\"props\":{\"content\":\"\n\n<p>Envie um e-mail para <a href=\\\"mailto:clientes@misterpuzzle.pt\\\">clientes@misterpuzzle.pt<\\\/a><\\\/p>\",\"title\":\"Tem d\\u00favidas sobre a programa\\u00e7\\u00e3o do seu comando \\u00e0 dist\\u00e2ncia?\"}}]}]}]}]}],\"version\":\"4.3.5\"} --><\/p>\n","protected":false},"excerpt":{"rendered":"<p>Deseja saber a disponibilidade de uma pe\u00e7a de substitui\u00e7\u00e3o para um produto Meliconi? Envie o seu pedido para clientes@misterpuzzle.pt com assunto &#8220;pedido de pe\u00e7as de substitui\u00e7\u00e3o&#8221;. Tem alguma d\u00favida ou problema t\u00e9cnico com o seu produto? Encontre a pessoa de contacto a quem ligar neste link: https:\/\/www.meliconi.com\/pt-pt\/atencao-ao-cliente\/ Deseja saber se pode utilizar um dos nossos [&hellip;]<\/p>\n","protected":false},"author":1,"featured_media":0,"parent":0,"menu_order":0,"comment_status":"closed","ping_status":"closed","template":"","meta":{"_acf_changed":false,"footnotes":""},"class_list":["post-66153","page","type-page","status-publish","hentry"],"acf":[],"yoast_head":"<!-- This site is optimized with the Yoast SEO plugin v27.4 - https:\/\/yoast.com\/product\/yoast-seo-wordpress\/ -->\n<title>FAQ - Meliconi<\/title>\n<meta name=\"robots\" content=\"index, follow, max-snippet:-1, max-image-preview:large, max-video-preview:-1\" \/>\n<link rel=\"canonical\" href=\"https:\/\/www.meliconi.com\/pt-pt\/faq\/\" \/>\n<meta property=\"og:locale\" content=\"pt_PT\" \/>\n<meta property=\"og:type\" content=\"article\" \/>\n<meta property=\"og:title\" content=\"FAQ - Meliconi\" \/>\n<meta property=\"og:description\" content=\"Deseja saber a disponibilidade de uma pe\u00e7a de substitui\u00e7\u00e3o para um produto Meliconi? Envie o seu pedido para clientes@misterpuzzle.pt com assunto &#8220;pedido de pe\u00e7as de substitui\u00e7\u00e3o&#8221;. Tem alguma d\u00favida ou problema t\u00e9cnico com o seu produto? Encontre a pessoa de contacto a quem ligar neste link: https:\/\/www.meliconi.com\/pt-pt\/atencao-ao-cliente\/ Deseja saber se pode utilizar um dos nossos [&hellip;]\" \/>\n<meta property=\"og:url\" content=\"https:\/\/www.meliconi.com\/pt-pt\/faq\/\" \/>\n<meta property=\"og:site_name\" content=\"Meliconi\" \/>\n<meta property=\"article:modified_time\" content=\"2025-10-31T13:22:36+00:00\" \/>\n<meta name=\"twitter:card\" content=\"summary_large_image\" \/>\n<meta name=\"twitter:label1\" content=\"Tempo estimado de leitura\" \/>\n\t<meta name=\"twitter:data1\" content=\"1 minuto\" \/>\n<script type=\"application\/ld+json\" class=\"yoast-schema-graph\">{\"@context\":\"https:\\\/\\\/schema.org\",\"@graph\":[{\"@type\":\"WebPage\",\"@id\":\"https:\\\/\\\/www.meliconi.com\\\/pt-pt\\\/faq\\\/\",\"url\":\"https:\\\/\\\/www.meliconi.com\\\/pt-pt\\\/faq\\\/\",\"name\":\"FAQ - Meliconi\",\"isPartOf\":{\"@id\":\"https:\\\/\\\/www.meliconi.com\\\/pt-pt\\\/#website\"},\"datePublished\":\"2021-04-16T14:25:42+00:00\",\"dateModified\":\"2025-10-31T13:22:36+00:00\",\"breadcrumb\":{\"@id\":\"https:\\\/\\\/www.meliconi.com\\\/pt-pt\\\/faq\\\/#breadcrumb\"},\"inLanguage\":\"pt-PT\",\"potentialAction\":[{\"@type\":\"ReadAction\",\"target\":[\"https:\\\/\\\/www.meliconi.com\\\/pt-pt\\\/faq\\\/\"]}]},{\"@type\":\"BreadcrumbList\",\"@id\":\"https:\\\/\\\/www.meliconi.com\\\/pt-pt\\\/faq\\\/#breadcrumb\",\"itemListElement\":[{\"@type\":\"ListItem\",\"position\":1,\"name\":\"Home\",\"item\":\"https:\\\/\\\/www.meliconi.com\\\/pt-pt\\\/\"},{\"@type\":\"ListItem\",\"position\":2,\"name\":\"FAQ\"}]},{\"@type\":\"WebSite\",\"@id\":\"https:\\\/\\\/www.meliconi.com\\\/pt-pt\\\/#website\",\"url\":\"https:\\\/\\\/www.meliconi.com\\\/pt-pt\\\/\",\"name\":\"Meliconi\",\"description\":\"Lo specialista dell&#039;accessorio\",\"publisher\":{\"@id\":\"https:\\\/\\\/www.meliconi.com\\\/pt-pt\\\/#organization\"},\"potentialAction\":[{\"@type\":\"SearchAction\",\"target\":{\"@type\":\"EntryPoint\",\"urlTemplate\":\"https:\\\/\\\/www.meliconi.com\\\/pt-pt\\\/?s={search_term_string}\"},\"query-input\":{\"@type\":\"PropertyValueSpecification\",\"valueRequired\":true,\"valueName\":\"search_term_string\"}}],\"inLanguage\":\"pt-PT\"},{\"@type\":\"Organization\",\"@id\":\"https:\\\/\\\/www.meliconi.com\\\/pt-pt\\\/#organization\",\"name\":\"Meliconi\",\"url\":\"https:\\\/\\\/www.meliconi.com\\\/pt-pt\\\/\",\"logo\":{\"@type\":\"ImageObject\",\"inLanguage\":\"pt-PT\",\"@id\":\"https:\\\/\\\/www.meliconi.com\\\/pt-pt\\\/#\\\/schema\\\/logo\\\/image\\\/\",\"url\":\"https:\\\/\\\/www.meliconi.com\\\/wp-content\\\/uploads\\\/2021\\\/06\\\/logo-meliconi.png\",\"contentUrl\":\"https:\\\/\\\/www.meliconi.com\\\/wp-content\\\/uploads\\\/2021\\\/06\\\/logo-meliconi.png\",\"width\":338,\"height\":102,\"caption\":\"Meliconi\"},\"image\":{\"@id\":\"https:\\\/\\\/www.meliconi.com\\\/pt-pt\\\/#\\\/schema\\\/logo\\\/image\\\/\"}}]}<\/script>\n<!-- \/ Yoast SEO plugin. -->","yoast_head_json":{"title":"FAQ - Meliconi","robots":{"index":"index","follow":"follow","max-snippet":"max-snippet:-1","max-image-preview":"max-image-preview:large","max-video-preview":"max-video-preview:-1"},"canonical":"https:\/\/www.meliconi.com\/pt-pt\/faq\/","og_locale":"pt_PT","og_type":"article","og_title":"FAQ - Meliconi","og_description":"Deseja saber a disponibilidade de uma pe\u00e7a de substitui\u00e7\u00e3o para um produto Meliconi? Envie o seu pedido para clientes@misterpuzzle.pt com assunto &#8220;pedido de pe\u00e7as de substitui\u00e7\u00e3o&#8221;. Tem alguma d\u00favida ou problema t\u00e9cnico com o seu produto? Encontre a pessoa de contacto a quem ligar neste link: https:\/\/www.meliconi.com\/pt-pt\/atencao-ao-cliente\/ Deseja saber se pode utilizar um dos nossos [&hellip;]","og_url":"https:\/\/www.meliconi.com\/pt-pt\/faq\/","og_site_name":"Meliconi","article_modified_time":"2025-10-31T13:22:36+00:00","twitter_card":"summary_large_image","twitter_misc":{"Tempo estimado de leitura":"1 minuto"},"schema":{"@context":"https:\/\/schema.org","@graph":[{"@type":"WebPage","@id":"https:\/\/www.meliconi.com\/pt-pt\/faq\/","url":"https:\/\/www.meliconi.com\/pt-pt\/faq\/","name":"FAQ - Meliconi","isPartOf":{"@id":"https:\/\/www.meliconi.com\/pt-pt\/#website"},"datePublished":"2021-04-16T14:25:42+00:00","dateModified":"2025-10-31T13:22:36+00:00","breadcrumb":{"@id":"https:\/\/www.meliconi.com\/pt-pt\/faq\/#breadcrumb"},"inLanguage":"pt-PT","potentialAction":[{"@type":"ReadAction","target":["https:\/\/www.meliconi.com\/pt-pt\/faq\/"]}]},{"@type":"BreadcrumbList","@id":"https:\/\/www.meliconi.com\/pt-pt\/faq\/#breadcrumb","itemListElement":[{"@type":"ListItem","position":1,"name":"Home","item":"https:\/\/www.meliconi.com\/pt-pt\/"},{"@type":"ListItem","position":2,"name":"FAQ"}]},{"@type":"WebSite","@id":"https:\/\/www.meliconi.com\/pt-pt\/#website","url":"https:\/\/www.meliconi.com\/pt-pt\/","name":"Meliconi","description":"Lo specialista dell&#039;accessorio","publisher":{"@id":"https:\/\/www.meliconi.com\/pt-pt\/#organization"},"potentialAction":[{"@type":"SearchAction","target":{"@type":"EntryPoint","urlTemplate":"https:\/\/www.meliconi.com\/pt-pt\/?s={search_term_string}"},"query-input":{"@type":"PropertyValueSpecification","valueRequired":true,"valueName":"search_term_string"}}],"inLanguage":"pt-PT"},{"@type":"Organization","@id":"https:\/\/www.meliconi.com\/pt-pt\/#organization","name":"Meliconi","url":"https:\/\/www.meliconi.com\/pt-pt\/","logo":{"@type":"ImageObject","inLanguage":"pt-PT","@id":"https:\/\/www.meliconi.com\/pt-pt\/#\/schema\/logo\/image\/","url":"https:\/\/www.meliconi.com\/wp-content\/uploads\/2021\/06\/logo-meliconi.png","contentUrl":"https:\/\/www.meliconi.com\/wp-content\/uploads\/2021\/06\/logo-meliconi.png","width":338,"height":102,"caption":"Meliconi"},"image":{"@id":"https:\/\/www.meliconi.com\/pt-pt\/#\/schema\/logo\/image\/"}}]}},"_links":{"self":[{"href":"https:\/\/www.meliconi.com\/pt-pt\/wp-json\/wp\/v2\/pages\/66153","targetHints":{"allow":["GET"]}}],"collection":[{"href":"https:\/\/www.meliconi.com\/pt-pt\/wp-json\/wp\/v2\/pages"}],"about":[{"href":"https:\/\/www.meliconi.com\/pt-pt\/wp-json\/wp\/v2\/types\/page"}],"author":[{"embeddable":true,"href":"https:\/\/www.meliconi.com\/pt-pt\/wp-json\/wp\/v2\/users\/1"}],"replies":[{"embeddable":true,"href":"https:\/\/www.meliconi.com\/pt-pt\/wp-json\/wp\/v2\/comments?post=66153"}],"version-history":[{"count":2,"href":"https:\/\/www.meliconi.com\/pt-pt\/wp-json\/wp\/v2\/pages\/66153\/revisions"}],"predecessor-version":[{"id":68594,"href":"https:\/\/www.meliconi.com\/pt-pt\/wp-json\/wp\/v2\/pages\/66153\/revisions\/68594"}],"wp:attachment":[{"href":"https:\/\/www.meliconi.com\/pt-pt\/wp-json\/wp\/v2\/media?parent=66153"}],"curies":[{"name":"wp","href":"https:\/\/api.w.org\/{rel}","templated":true}]}}