{"id":66147,"date":"2021-04-08T08:37:59","date_gmt":"2021-04-08T08:37:59","guid":{"rendered":"https:\/\/www.meliconi.com\/privacy-policy\/"},"modified":"2025-11-20T15:02:19","modified_gmt":"2025-11-20T14:02:19","slug":"privacy-policy","status":"publish","type":"page","link":"https:\/\/www.meliconi.com\/pt-pt\/privacy-policy\/","title":{"rendered":"Centro de Privacidade Meliconi"},"content":{"rendered":"<div>\n<h1>Centro de Privacidade Meliconi<\/h1>\n<div>\n<p>Caro cliente, este \u00e9 o portal reservado \u00e0 privacidade da Meliconi S.p.A.<br \/>Aqui poder\u00e1 encontrar todas as informa\u00e7\u00f5es sobre a forma como s\u00e3o geridos os seus dados pessoais no nosso site e nos servi\u00e7os a ele associados.<\/p>\n<\/div>\n<\/div>\n<ul>\n<li>\n<p><a href=\"\/pt-pt\/privacy-policy\/informacoes-sobre-o-tratamento-de-dados-pessoais\/\"><\/p>\n<p>Informa\u00e7\u00f5es sobre o tratamento de dados pessoais<\/p>\n<p><\/a><\/p>\n<\/li>\n<li>\n<p><a href=\"\/pt-pt\/privacy-policy\/politica-de-cookies\/\"><\/p>\n<p>Informa\u00e7\u00f5es sobre cookies<\/p>\n<p><\/a><\/p>\n<\/li>\n<\/ul>\n<p><!--more--><br \/>\n<!-- {\"type\":\"layout\",\"children\":[{\"type\":\"section\",\"props\":{\"height\":\"viewport\",\"height_offset_top\":true,\"image_position\":\"center-center\",\"style\":\"default\",\"title_breakpoint\":\"xl\",\"title_position\":\"top-left\",\"title_rotation\":\"left\",\"vertical_align\":\"\",\"width\":\"default\"},\"children\":[{\"type\":\"row\",\"children\":[{\"type\":\"column\",\"props\":{\"image_position\":\"center-center\",\"position_sticky_breakpoint\":\"m\"},\"children\":[{\"type\":\"panel\",\"props\":{\"content\":\"\n\n<p>Caro cliente, este \\u00e9 o portal reservado \\u00e0 privacidade da Meliconi S.p.A.<br \\\/>Aqui poder\\u00e1 encontrar todas as informa\\u00e7\\u00f5es sobre a forma como s\\u00e3o geridos os seus dados pessoais no nosso site e nos servi\\u00e7os a ele associados.<\\\/p>\",\"content_column_breakpoint\":\"m\",\"icon_width\":80,\"image_align\":\"top\",\"image_grid_breakpoint\":\"m\",\"image_grid_width\":\"1-2\",\"image_svg_color\":\"emphasis\",\"link_style\":\"default\",\"link_text\":\"Read more\",\"margin\":\"default\",\"meta_align\":\"below-title\",\"meta_element\":\"div\",\"meta_style\":\"text-meta\",\"text_align\":\"center\",\"text_align_breakpoint\":\"m\",\"text_align_fallback\":\"left\",\"title\":\"Centro de Privacidade Meliconi\",\"title_align\":\"top\",\"title_element\":\"h1\",\"title_grid_breakpoint\":\"m\",\"title_grid_width\":\"1-2\",\"title_hover_style\":\"reset\",\"title_style\":\"heading-small\"}},{\"type\":\"list\",\"props\":{\"block_align\":\"center\",\"block_align_breakpoint\":\"m\",\"column_breakpoint\":\"m\",\"icon\":\"triangle-right\",\"image_align\":\"left\",\"image_svg_color\":\"emphasis\",\"image_vertical_align\":true,\"link_style\":\"text\",\"list_element\":\"ul\",\"list_horizontal_separator\":\", \",\"list_size\":\"large\",\"list_type\":\"vertical\",\"maxwidth\":\"large\",\"maxwidth_breakpoint\":\"m\",\"show_image\":true,\"show_link\":true,\"status\":\"disabled\"},\"children\":[{\"type\":\"list_item\",\"props\":{\"content\":\"\n\n<p>Informativa per il trattamento dei dati personali<\\\/p>\",\"link\":\"privacy-policy\\\/informativa-trattamento\\\/\"}},{\"type\":\"list_item\",\"props\":{\"content\":\"\n\n<p>Informativa sui cookie<\\\/p>\",\"link\":\"privacy-policy\\\/informativa-cookie-2\\\/\"}},{\"type\":\"list_item\",\"props\":{\"content\":\"\n\n<p>Informativa sulla newsletter<\\\/p>\",\"link\":\"privacy-policy\\\/informativa-newsletter\\\/\"}},{\"type\":\"list_item\",\"props\":{\"content\":\"\n\n<p>Informativa ai clienti e fornitori<\\\/p>\",\"link\":\"privacy-policy\\\/informativa-clienti-fornitori\\\/\"}},{\"type\":\"list_item\",\"props\":{\"content\":\"\n\n<p>Informativa per la raccolta dei dati sul sito web<\\\/p>\",\"link\":\"privacy-policy\\\/informativa-raccolta-dati\\\/\"}}]},{\"type\":\"list\",\"props\":{\"block_align\":\"center\",\"block_align_breakpoint\":\"m\",\"column_breakpoint\":\"m\",\"icon\":\"triangle-right\",\"image_align\":\"left\",\"image_svg_color\":\"emphasis\",\"image_vertical_align\":true,\"link_style\":\"text\",\"list_element\":\"ul\",\"list_horizontal_separator\":\", \",\"list_size\":\"large\",\"list_type\":\"vertical\",\"maxwidth\":\"large\",\"maxwidth_breakpoint\":\"m\",\"show_image\":true,\"show_link\":true},\"children\":[{\"type\":\"list_item\",\"props\":{\"content\":\"\n\n<p>Informa\\u00e7\\u00f5es sobre o tratamento de dados pessoais<\\\/p>\",\"link\":\"pt-pt\\\/privacy-policy\\\/informacoes-sobre-o-tratamento-de-dados-pessoais\\\/\"}},{\"type\":\"list_item\",\"props\":{\"content\":\"\n\n<p>Informa\\u00e7\\u00f5es sobre cookies<\\\/p>\",\"link\":\"pt-pt\\\/privacy-policy\\\/politica-de-cookies\\\/\"}},{\"type\":\"list_item\",\"props\":{\"content\":\"\n\n<p>Informa\\u00e7\\u00e3o sobre o boletim informativo<\\\/p>\",\"link\":\"pt-pt\\\/privacy-policy\\\/informacao-para-clientes-e-fornecedores\\\/\",\"status\":\"disabled\"}},{\"type\":\"list_item\",\"props\":{\"content\":\"\n\n<p>Informa\\u00e7\\u00e3o para clientes e fornecedores <\\\/p>\",\"link\":\"pt-pt\\\/privacy-policy\\\/informacao-para-clientes-e-fornecedores\\\/\",\"status\":\"disabled\"}},{\"type\":\"list_item\",\"props\":{\"content\":\"\n\n<p>Pol\\u00edtica de recolha de dados do s\\u00edtio web<\\\/p>\",\"link\":\"pt-pt\\\/privacy-policy\\\/politica-de-recolha-de-dados-do-sitio-web\\\/\",\"status\":\"disabled\"}}]}]}]}]}],\"version\":\"4.3.5\"} --><\/p>\n","protected":false},"excerpt":{"rendered":"<p>Centro de Privacidade Meliconi Caro cliente, este \u00e9 o portal reservado \u00e0 privacidade da Meliconi S.p.A.Aqui poder\u00e1 encontrar todas as informa\u00e7\u00f5es sobre a forma como s\u00e3o geridos os seus dados pessoais no nosso site e nos servi\u00e7os a ele associados. Informa\u00e7\u00f5es sobre o tratamento de dados pessoais Informa\u00e7\u00f5es sobre cookies<\/p>\n","protected":false},"author":1,"featured_media":0,"parent":0,"menu_order":0,"comment_status":"closed","ping_status":"closed","template":"","meta":{"_acf_changed":false,"footnotes":""},"class_list":["post-66147","page","type-page","status-publish","hentry"],"acf":[],"yoast_head":"<!-- This site is optimized with the Yoast SEO plugin v26.1.1 - https:\/\/yoast.com\/wordpress\/plugins\/seo\/ -->\n<title>Centro de Privacidade Meliconi - Meliconi<\/title>\n<meta name=\"robots\" content=\"index, follow, max-snippet:-1, max-image-preview:large, max-video-preview:-1\" \/>\n<link rel=\"canonical\" href=\"https:\/\/www.meliconi.com\/pt-pt\/privacy-policy\/\" \/>\n<meta property=\"og:locale\" content=\"pt_PT\" \/>\n<meta property=\"og:type\" content=\"article\" \/>\n<meta property=\"og:title\" content=\"Centro de Privacidade Meliconi - Meliconi\" \/>\n<meta property=\"og:description\" content=\"Centro de Privacidade Meliconi Caro cliente, este \u00e9 o portal reservado \u00e0 privacidade da Meliconi S.p.A.Aqui poder\u00e1 encontrar todas as informa\u00e7\u00f5es sobre a forma como s\u00e3o geridos os seus dados pessoais no nosso site e nos servi\u00e7os a ele associados. Informa\u00e7\u00f5es sobre o tratamento de dados pessoais Informa\u00e7\u00f5es sobre cookies\" \/>\n<meta property=\"og:url\" content=\"https:\/\/www.meliconi.com\/pt-pt\/privacy-policy\/\" \/>\n<meta property=\"og:site_name\" content=\"Meliconi\" \/>\n<meta property=\"article:modified_time\" content=\"2025-11-20T14:02:19+00:00\" \/>\n<meta name=\"twitter:card\" content=\"summary_large_image\" \/>\n<script type=\"application\/ld+json\" class=\"yoast-schema-graph\">{\"@context\":\"https:\/\/schema.org\",\"@graph\":[{\"@type\":\"WebPage\",\"@id\":\"https:\/\/www.meliconi.com\/pt-pt\/privacy-policy\/\",\"url\":\"https:\/\/www.meliconi.com\/pt-pt\/privacy-policy\/\",\"name\":\"Centro de Privacidade Meliconi - Meliconi\",\"isPartOf\":{\"@id\":\"https:\/\/www.meliconi.com\/pt-pt\/#website\"},\"datePublished\":\"2021-04-08T08:37:59+00:00\",\"dateModified\":\"2025-11-20T14:02:19+00:00\",\"breadcrumb\":{\"@id\":\"https:\/\/www.meliconi.com\/pt-pt\/privacy-policy\/#breadcrumb\"},\"inLanguage\":\"pt-PT\",\"potentialAction\":[{\"@type\":\"ReadAction\",\"target\":[\"https:\/\/www.meliconi.com\/pt-pt\/privacy-policy\/\"]}]},{\"@type\":\"BreadcrumbList\",\"@id\":\"https:\/\/www.meliconi.com\/pt-pt\/privacy-policy\/#breadcrumb\",\"itemListElement\":[{\"@type\":\"ListItem\",\"position\":1,\"name\":\"Home\",\"item\":\"https:\/\/www.meliconi.com\/pt-pt\/\"},{\"@type\":\"ListItem\",\"position\":2,\"name\":\"Centro de Privacidade Meliconi\"}]},{\"@type\":\"WebSite\",\"@id\":\"https:\/\/www.meliconi.com\/pt-pt\/#website\",\"url\":\"https:\/\/www.meliconi.com\/pt-pt\/\",\"name\":\"Meliconi\",\"description\":\"Lo specialista dell&#039;accessorio\",\"publisher\":{\"@id\":\"https:\/\/www.meliconi.com\/pt-pt\/#organization\"},\"potentialAction\":[{\"@type\":\"SearchAction\",\"target\":{\"@type\":\"EntryPoint\",\"urlTemplate\":\"https:\/\/www.meliconi.com\/pt-pt\/?s={search_term_string}\"},\"query-input\":{\"@type\":\"PropertyValueSpecification\",\"valueRequired\":true,\"valueName\":\"search_term_string\"}}],\"inLanguage\":\"pt-PT\"},{\"@type\":\"Organization\",\"@id\":\"https:\/\/www.meliconi.com\/pt-pt\/#organization\",\"name\":\"Meliconi\",\"url\":\"https:\/\/www.meliconi.com\/pt-pt\/\",\"logo\":{\"@type\":\"ImageObject\",\"inLanguage\":\"pt-PT\",\"@id\":\"https:\/\/www.meliconi.com\/pt-pt\/#\/schema\/logo\/image\/\",\"url\":\"https:\/\/www.meliconi.com\/wp-content\/uploads\/2021\/06\/logo-meliconi.png\",\"contentUrl\":\"https:\/\/www.meliconi.com\/wp-content\/uploads\/2021\/06\/logo-meliconi.png\",\"width\":338,\"height\":102,\"caption\":\"Meliconi\"},\"image\":{\"@id\":\"https:\/\/www.meliconi.com\/pt-pt\/#\/schema\/logo\/image\/\"}}]}<\/script>\n<!-- \/ Yoast SEO plugin. -->","yoast_head_json":{"title":"Centro de Privacidade Meliconi - Meliconi","robots":{"index":"index","follow":"follow","max-snippet":"max-snippet:-1","max-image-preview":"max-image-preview:large","max-video-preview":"max-video-preview:-1"},"canonical":"https:\/\/www.meliconi.com\/pt-pt\/privacy-policy\/","og_locale":"pt_PT","og_type":"article","og_title":"Centro de Privacidade Meliconi - Meliconi","og_description":"Centro de Privacidade Meliconi Caro cliente, este \u00e9 o portal reservado \u00e0 privacidade da Meliconi S.p.A.Aqui poder\u00e1 encontrar todas as informa\u00e7\u00f5es sobre a forma como s\u00e3o geridos os seus dados pessoais no nosso site e nos servi\u00e7os a ele associados. Informa\u00e7\u00f5es sobre o tratamento de dados pessoais Informa\u00e7\u00f5es sobre cookies","og_url":"https:\/\/www.meliconi.com\/pt-pt\/privacy-policy\/","og_site_name":"Meliconi","article_modified_time":"2025-11-20T14:02:19+00:00","twitter_card":"summary_large_image","schema":{"@context":"https:\/\/schema.org","@graph":[{"@type":"WebPage","@id":"https:\/\/www.meliconi.com\/pt-pt\/privacy-policy\/","url":"https:\/\/www.meliconi.com\/pt-pt\/privacy-policy\/","name":"Centro de Privacidade Meliconi - Meliconi","isPartOf":{"@id":"https:\/\/www.meliconi.com\/pt-pt\/#website"},"datePublished":"2021-04-08T08:37:59+00:00","dateModified":"2025-11-20T14:02:19+00:00","breadcrumb":{"@id":"https:\/\/www.meliconi.com\/pt-pt\/privacy-policy\/#breadcrumb"},"inLanguage":"pt-PT","potentialAction":[{"@type":"ReadAction","target":["https:\/\/www.meliconi.com\/pt-pt\/privacy-policy\/"]}]},{"@type":"BreadcrumbList","@id":"https:\/\/www.meliconi.com\/pt-pt\/privacy-policy\/#breadcrumb","itemListElement":[{"@type":"ListItem","position":1,"name":"Home","item":"https:\/\/www.meliconi.com\/pt-pt\/"},{"@type":"ListItem","position":2,"name":"Centro de Privacidade Meliconi"}]},{"@type":"WebSite","@id":"https:\/\/www.meliconi.com\/pt-pt\/#website","url":"https:\/\/www.meliconi.com\/pt-pt\/","name":"Meliconi","description":"Lo specialista dell&#039;accessorio","publisher":{"@id":"https:\/\/www.meliconi.com\/pt-pt\/#organization"},"potentialAction":[{"@type":"SearchAction","target":{"@type":"EntryPoint","urlTemplate":"https:\/\/www.meliconi.com\/pt-pt\/?s={search_term_string}"},"query-input":{"@type":"PropertyValueSpecification","valueRequired":true,"valueName":"search_term_string"}}],"inLanguage":"pt-PT"},{"@type":"Organization","@id":"https:\/\/www.meliconi.com\/pt-pt\/#organization","name":"Meliconi","url":"https:\/\/www.meliconi.com\/pt-pt\/","logo":{"@type":"ImageObject","inLanguage":"pt-PT","@id":"https:\/\/www.meliconi.com\/pt-pt\/#\/schema\/logo\/image\/","url":"https:\/\/www.meliconi.com\/wp-content\/uploads\/2021\/06\/logo-meliconi.png","contentUrl":"https:\/\/www.meliconi.com\/wp-content\/uploads\/2021\/06\/logo-meliconi.png","width":338,"height":102,"caption":"Meliconi"},"image":{"@id":"https:\/\/www.meliconi.com\/pt-pt\/#\/schema\/logo\/image\/"}}]}},"_links":{"self":[{"href":"https:\/\/www.meliconi.com\/pt-pt\/wp-json\/wp\/v2\/pages\/66147","targetHints":{"allow":["GET"]}}],"collection":[{"href":"https:\/\/www.meliconi.com\/pt-pt\/wp-json\/wp\/v2\/pages"}],"about":[{"href":"https:\/\/www.meliconi.com\/pt-pt\/wp-json\/wp\/v2\/types\/page"}],"author":[{"embeddable":true,"href":"https:\/\/www.meliconi.com\/pt-pt\/wp-json\/wp\/v2\/users\/1"}],"replies":[{"embeddable":true,"href":"https:\/\/www.meliconi.com\/pt-pt\/wp-json\/wp\/v2\/comments?post=66147"}],"version-history":[{"count":6,"href":"https:\/\/www.meliconi.com\/pt-pt\/wp-json\/wp\/v2\/pages\/66147\/revisions"}],"predecessor-version":[{"id":68910,"href":"https:\/\/www.meliconi.com\/pt-pt\/wp-json\/wp\/v2\/pages\/66147\/revisions\/68910"}],"wp:attachment":[{"href":"https:\/\/www.meliconi.com\/pt-pt\/wp-json\/wp\/v2\/media?parent=66147"}],"curies":[{"name":"wp","href":"https:\/\/api.w.org\/{rel}","templated":true}]}}