{"id":68147,"date":"2025-10-03T15:43:56","date_gmt":"2025-10-03T13:43:56","guid":{"rendered":"https:\/\/www.meliconi.com\/?post_type=product&#038;p=68147"},"modified":"2025-10-03T17:11:29","modified_gmt":"2025-10-03T15:11:29","slug":"torre-black","status":"publish","type":"product","link":"https:\/\/www.meliconi.com\/es\/producto\/torre-black\/","title":{"rendered":"Torre Black"},"content":{"rendered":"<p>Kit de superposici\u00f3n Torre Black es compatible con la mayor\u00eda de lavadoras y secadoras de carga frontal de 60 cm de ancho y hasta 70 cm de profundidad, este soporte universal permite ahorrar espacio colocando la secadora encima de la lavadora.<\/p>\n<p>Soporta un peso m\u00e1ximo de 250 kg. Incluye una pr\u00e1ctica bandeja deslizante de tecnopol\u00edmero ultraresistente, ideal como superficie de trabajo para descargar y doblar la ropa, con una capacidad m\u00e1xima de 10 kg.<\/p>\n<p>La seguridad est\u00e1 garantizada gracias a una correa de 6 metros con hebilla met\u00e1lica.<\/p>\n<p>El producto viene premontado y se instala r\u00e1pidamente.<\/p>\n","protected":false},"excerpt":{"rendered":"<p>\u2022 Universal: compatible con casi todas las lavadoras y secadoras de carga frontal con un ancho de 60cm u m\u00e0s de 60 cm de profundidad.<br \/>\n\u2022 Portada m\u00e1xima 250 Kg<br \/>\n\u2022 Para ahorrar espacio colocando la secadora encima de la lavadora.<br \/>\n\u2022 La bandeja extra\u00edble en tecnopol\u00edmero situada a una comoda altura, ofrece una amplia superficie de trabajo para doblar la ropa. Capacidad m\u00e1xima: 10 kg.<br \/>\n\u2022 Incluye correa de seguridad de 6 metros con hebilla de metal.<br \/>\n\u2022 Premontado y facil de instalar<\/p>\n","protected":false},"featured_media":68204,"template":"","meta":{"_acf_changed":false},"product_brand":[],"product_cat":[267],"product_tag":[],"class_list":{"0":"post-68147","1":"product","2":"type-product","3":"status-publish","4":"has-post-thumbnail","6":"product_cat-kit-de-superposicion-es","8":"first","9":"instock","10":"taxable","11":"shipping-taxable","12":"product-type-simple"},"acf":[],"yoast_head":"<!-- This site is optimized with the Yoast SEO plugin v27.4 - https:\/\/yoast.com\/product\/yoast-seo-wordpress\/ -->\n<title>Torre Black - Meliconi<\/title>\n<meta name=\"robots\" content=\"index, follow, max-snippet:-1, max-image-preview:large, max-video-preview:-1\" \/>\n<link rel=\"canonical\" href=\"https:\/\/www.meliconi.com\/es\/producto\/torre-black\/\" \/>\n<meta property=\"og:locale\" content=\"es_ES\" \/>\n<meta property=\"og:type\" content=\"article\" \/>\n<meta property=\"og:title\" content=\"Torre Black - Meliconi\" \/>\n<meta property=\"og:description\" content=\"\u2022 Universal: compatible con casi todas las lavadoras y secadoras de carga frontal con un ancho de 60cm u m\u00e0s de 60 cm de profundidad. \u2022 Portada m\u00e1xima 250 Kg \u2022 Para ahorrar espacio colocando la secadora encima de la lavadora. \u2022 La bandeja extra\u00edble en tecnopol\u00edmero situada a una comoda altura, ofrece una amplia superficie de trabajo para doblar la ropa. Capacidad m\u00e1xima: 10 kg. \u2022 Incluye correa de seguridad de 6 metros con hebilla de metal. \u2022 Premontado y facil de instalar\" \/>\n<meta property=\"og:url\" content=\"https:\/\/www.meliconi.com\/es\/producto\/torre-black\/\" \/>\n<meta property=\"og:site_name\" content=\"Meliconi\" \/>\n<meta property=\"article:modified_time\" content=\"2025-10-03T15:11:29+00:00\" \/>\n<meta property=\"og:image\" content=\"https:\/\/www.meliconi.com\/wp-content\/uploads\/2025\/10\/656136_SMART-NERO-still-2-1-2-scaled.png\" \/>\n\t<meta property=\"og:image:width\" content=\"2560\" \/>\n\t<meta property=\"og:image:height\" content=\"1810\" \/>\n\t<meta property=\"og:image:type\" content=\"image\/png\" \/>\n<meta name=\"twitter:card\" content=\"summary_large_image\" \/>\n<meta name=\"twitter:label1\" content=\"Tiempo de lectura\" \/>\n\t<meta name=\"twitter:data1\" content=\"2 minutos\" \/>\n<script type=\"application\/ld+json\" class=\"yoast-schema-graph\">{\"@context\":\"https:\\\/\\\/schema.org\",\"@graph\":[{\"@type\":\"WebPage\",\"@id\":\"https:\\\/\\\/www.meliconi.com\\\/es\\\/producto\\\/torre-black\\\/\",\"url\":\"https:\\\/\\\/www.meliconi.com\\\/es\\\/producto\\\/torre-black\\\/\",\"name\":\"Torre Black - Meliconi\",\"isPartOf\":{\"@id\":\"https:\\\/\\\/www.meliconi.com\\\/es\\\/#website\"},\"primaryImageOfPage\":{\"@id\":\"https:\\\/\\\/www.meliconi.com\\\/es\\\/producto\\\/torre-black\\\/#primaryimage\"},\"image\":{\"@id\":\"https:\\\/\\\/www.meliconi.com\\\/es\\\/producto\\\/torre-black\\\/#primaryimage\"},\"thumbnailUrl\":\"https:\\\/\\\/www.meliconi.com\\\/wp-content\\\/uploads\\\/2025\\\/10\\\/656136_SMART-NERO-still-2-1-2-scaled.png\",\"datePublished\":\"2025-10-03T13:43:56+00:00\",\"dateModified\":\"2025-10-03T15:11:29+00:00\",\"breadcrumb\":{\"@id\":\"https:\\\/\\\/www.meliconi.com\\\/es\\\/producto\\\/torre-black\\\/#breadcrumb\"},\"inLanguage\":\"es\",\"potentialAction\":[{\"@type\":\"ReadAction\",\"target\":[\"https:\\\/\\\/www.meliconi.com\\\/es\\\/producto\\\/torre-black\\\/\"]}]},{\"@type\":\"ImageObject\",\"inLanguage\":\"es\",\"@id\":\"https:\\\/\\\/www.meliconi.com\\\/es\\\/producto\\\/torre-black\\\/#primaryimage\",\"url\":\"https:\\\/\\\/www.meliconi.com\\\/wp-content\\\/uploads\\\/2025\\\/10\\\/656136_SMART-NERO-still-2-1-2-scaled.png\",\"contentUrl\":\"https:\\\/\\\/www.meliconi.com\\\/wp-content\\\/uploads\\\/2025\\\/10\\\/656136_SMART-NERO-still-2-1-2-scaled.png\",\"width\":2560,\"height\":1810},{\"@type\":\"BreadcrumbList\",\"@id\":\"https:\\\/\\\/www.meliconi.com\\\/es\\\/producto\\\/torre-black\\\/#breadcrumb\",\"itemListElement\":[{\"@type\":\"ListItem\",\"position\":1,\"name\":\"Home\",\"item\":\"https:\\\/\\\/www.meliconi.com\\\/es\\\/\"},{\"@type\":\"ListItem\",\"position\":2,\"name\":\"Shop\",\"item\":\"https:\\\/\\\/www.meliconi.com\\\/es\\\/shop-es\\\/\"},{\"@type\":\"ListItem\",\"position\":3,\"name\":\"Torre Black\"}]},{\"@type\":\"WebSite\",\"@id\":\"https:\\\/\\\/www.meliconi.com\\\/es\\\/#website\",\"url\":\"https:\\\/\\\/www.meliconi.com\\\/es\\\/\",\"name\":\"Meliconi\",\"description\":\"El especialista en accesorios \",\"publisher\":{\"@id\":\"https:\\\/\\\/www.meliconi.com\\\/es\\\/#organization\"},\"potentialAction\":[{\"@type\":\"SearchAction\",\"target\":{\"@type\":\"EntryPoint\",\"urlTemplate\":\"https:\\\/\\\/www.meliconi.com\\\/es\\\/?s={search_term_string}\"},\"query-input\":{\"@type\":\"PropertyValueSpecification\",\"valueRequired\":true,\"valueName\":\"search_term_string\"}}],\"inLanguage\":\"es\"},{\"@type\":\"Organization\",\"@id\":\"https:\\\/\\\/www.meliconi.com\\\/es\\\/#organization\",\"name\":\"Meliconi\",\"url\":\"https:\\\/\\\/www.meliconi.com\\\/es\\\/\",\"logo\":{\"@type\":\"ImageObject\",\"inLanguage\":\"es\",\"@id\":\"https:\\\/\\\/www.meliconi.com\\\/es\\\/#\\\/schema\\\/logo\\\/image\\\/\",\"url\":\"https:\\\/\\\/www.meliconi.com\\\/wp-content\\\/uploads\\\/2021\\\/06\\\/logo-meliconi.png\",\"contentUrl\":\"https:\\\/\\\/www.meliconi.com\\\/wp-content\\\/uploads\\\/2021\\\/06\\\/logo-meliconi.png\",\"width\":338,\"height\":102,\"caption\":\"Meliconi\"},\"image\":{\"@id\":\"https:\\\/\\\/www.meliconi.com\\\/es\\\/#\\\/schema\\\/logo\\\/image\\\/\"}}]}<\/script>\n<!-- \/ Yoast SEO plugin. -->","yoast_head_json":{"title":"Torre Black - Meliconi","robots":{"index":"index","follow":"follow","max-snippet":"max-snippet:-1","max-image-preview":"max-image-preview:large","max-video-preview":"max-video-preview:-1"},"canonical":"https:\/\/www.meliconi.com\/es\/producto\/torre-black\/","og_locale":"es_ES","og_type":"article","og_title":"Torre Black - Meliconi","og_description":"\u2022 Universal: compatible con casi todas las lavadoras y secadoras de carga frontal con un ancho de 60cm u m\u00e0s de 60 cm de profundidad. \u2022 Portada m\u00e1xima 250 Kg \u2022 Para ahorrar espacio colocando la secadora encima de la lavadora. \u2022 La bandeja extra\u00edble en tecnopol\u00edmero situada a una comoda altura, ofrece una amplia superficie de trabajo para doblar la ropa. Capacidad m\u00e1xima: 10 kg. \u2022 Incluye correa de seguridad de 6 metros con hebilla de metal. \u2022 Premontado y facil de instalar","og_url":"https:\/\/www.meliconi.com\/es\/producto\/torre-black\/","og_site_name":"Meliconi","article_modified_time":"2025-10-03T15:11:29+00:00","og_image":[{"width":2560,"height":1810,"url":"https:\/\/www.meliconi.com\/wp-content\/uploads\/2025\/10\/656136_SMART-NERO-still-2-1-2-scaled.png","type":"image\/png"}],"twitter_card":"summary_large_image","twitter_misc":{"Tiempo de lectura":"2 minutos"},"schema":{"@context":"https:\/\/schema.org","@graph":[{"@type":"WebPage","@id":"https:\/\/www.meliconi.com\/es\/producto\/torre-black\/","url":"https:\/\/www.meliconi.com\/es\/producto\/torre-black\/","name":"Torre Black - Meliconi","isPartOf":{"@id":"https:\/\/www.meliconi.com\/es\/#website"},"primaryImageOfPage":{"@id":"https:\/\/www.meliconi.com\/es\/producto\/torre-black\/#primaryimage"},"image":{"@id":"https:\/\/www.meliconi.com\/es\/producto\/torre-black\/#primaryimage"},"thumbnailUrl":"https:\/\/www.meliconi.com\/wp-content\/uploads\/2025\/10\/656136_SMART-NERO-still-2-1-2-scaled.png","datePublished":"2025-10-03T13:43:56+00:00","dateModified":"2025-10-03T15:11:29+00:00","breadcrumb":{"@id":"https:\/\/www.meliconi.com\/es\/producto\/torre-black\/#breadcrumb"},"inLanguage":"es","potentialAction":[{"@type":"ReadAction","target":["https:\/\/www.meliconi.com\/es\/producto\/torre-black\/"]}]},{"@type":"ImageObject","inLanguage":"es","@id":"https:\/\/www.meliconi.com\/es\/producto\/torre-black\/#primaryimage","url":"https:\/\/www.meliconi.com\/wp-content\/uploads\/2025\/10\/656136_SMART-NERO-still-2-1-2-scaled.png","contentUrl":"https:\/\/www.meliconi.com\/wp-content\/uploads\/2025\/10\/656136_SMART-NERO-still-2-1-2-scaled.png","width":2560,"height":1810},{"@type":"BreadcrumbList","@id":"https:\/\/www.meliconi.com\/es\/producto\/torre-black\/#breadcrumb","itemListElement":[{"@type":"ListItem","position":1,"name":"Home","item":"https:\/\/www.meliconi.com\/es\/"},{"@type":"ListItem","position":2,"name":"Shop","item":"https:\/\/www.meliconi.com\/es\/shop-es\/"},{"@type":"ListItem","position":3,"name":"Torre Black"}]},{"@type":"WebSite","@id":"https:\/\/www.meliconi.com\/es\/#website","url":"https:\/\/www.meliconi.com\/es\/","name":"Meliconi","description":"El especialista en accesorios ","publisher":{"@id":"https:\/\/www.meliconi.com\/es\/#organization"},"potentialAction":[{"@type":"SearchAction","target":{"@type":"EntryPoint","urlTemplate":"https:\/\/www.meliconi.com\/es\/?s={search_term_string}"},"query-input":{"@type":"PropertyValueSpecification","valueRequired":true,"valueName":"search_term_string"}}],"inLanguage":"es"},{"@type":"Organization","@id":"https:\/\/www.meliconi.com\/es\/#organization","name":"Meliconi","url":"https:\/\/www.meliconi.com\/es\/","logo":{"@type":"ImageObject","inLanguage":"es","@id":"https:\/\/www.meliconi.com\/es\/#\/schema\/logo\/image\/","url":"https:\/\/www.meliconi.com\/wp-content\/uploads\/2021\/06\/logo-meliconi.png","contentUrl":"https:\/\/www.meliconi.com\/wp-content\/uploads\/2021\/06\/logo-meliconi.png","width":338,"height":102,"caption":"Meliconi"},"image":{"@id":"https:\/\/www.meliconi.com\/es\/#\/schema\/logo\/image\/"}}]}},"_links":{"self":[{"href":"https:\/\/www.meliconi.com\/es\/wp-json\/wp\/v2\/product\/68147","targetHints":{"allow":["GET"]}}],"collection":[{"href":"https:\/\/www.meliconi.com\/es\/wp-json\/wp\/v2\/product"}],"about":[{"href":"https:\/\/www.meliconi.com\/es\/wp-json\/wp\/v2\/types\/product"}],"wp:featuredmedia":[{"embeddable":true,"href":"https:\/\/www.meliconi.com\/es\/wp-json\/wp\/v2\/media\/68204"}],"wp:attachment":[{"href":"https:\/\/www.meliconi.com\/es\/wp-json\/wp\/v2\/media?parent=68147"}],"wp:term":[{"taxonomy":"product_brand","embeddable":true,"href":"https:\/\/www.meliconi.com\/es\/wp-json\/wp\/v2\/product_brand?post=68147"},{"taxonomy":"product_cat","embeddable":true,"href":"https:\/\/www.meliconi.com\/es\/wp-json\/wp\/v2\/product_cat?post=68147"},{"taxonomy":"product_tag","embeddable":true,"href":"https:\/\/www.meliconi.com\/es\/wp-json\/wp\/v2\/product_tag?post=68147"}],"curies":[{"name":"wp","href":"https:\/\/api.w.org\/{rel}","templated":true}]}}