{"id":68120,"date":"2025-03-31T14:19:54","date_gmt":"2025-03-31T12:19:54","guid":{"rendered":"https:\/\/www.meliconi.com\/prodotto\/base-move-slim\/"},"modified":"2025-10-02T17:11:28","modified_gmt":"2025-10-02T15:11:28","slug":"base-move-slim","status":"publish","type":"product","link":"https:\/\/www.meliconi.com\/es\/producto\/base-move-slim\/","title":{"rendered":"Base Move Slim"},"content":{"rendered":"<p>La base antivibraci\u00f3n con ruedas de Meliconi, Base Move Slim, es la soluci\u00f3n ideal para lavadoras y secadoras SLIM, dise\u00f1ada para facilitar el desplazamiento de los electrodom\u00e9sticos y garantizar su estabilidad. Esta base para lavadoras SLIM con ruedas permite mover f\u00e1cilmente los electrodom\u00e9sticos o mantenerlos frenados con total seguridad gracias al sistema de palancas de freno frontales.<\/p>\n<p>Fabricada en tecnopol\u00edmero ultrarresistente, la estructura incorpora un 30 % de material pl\u00e1stico reciclado, lo que confirma el compromiso de Meliconi con la sostenibilidad medioambiental. A pesar del uso de materiales reciclados, ofrece una resistencia y estabilidad excepcionales.<\/p>\n<p>Viene premontada y es muy f\u00e1cil de instalar, universal y compatible con todas las lavadoras y secadoras SLIM de carga frontal de 60 cm de ancho y hasta 47 cm de profundidad. Distancia m\u00e1xima entre las patas delanteras y traseras: 43 cm. Las palancas de freno delanteras la hacen ideal tambi\u00e9n en caso de empotrado o colocaci\u00f3n cerca de una pared. Tambi\u00e9n se puede utilizar con columnas de lavadora-secadora superpuestas, soporta hasta 250 kg.<\/p>\n<p>Fabricada en Italia y con 10 a\u00f1os de garant\u00eda, esta base para lavadora con ruedas est\u00e1 equipada con un sistema antivibraci\u00f3n. Cuando las palancas est\u00e1n bajadas, las gomas mantienen la base firme en el suelo absorbiendo las vibraciones. Cuando se accionan las palancas, las ruedas delanteras bajan, las gomas se levantan y la base permite mover f\u00e1cilmente el electrodom\u00e9stico hacia adelante y hacia atr\u00e1s.<\/p>\n<p>Elige la base para lavadora Meliconi Base Move Slim para una soluci\u00f3n pr\u00e1ctica, estable y respetuosa con el medio ambiente para tus electrodom\u00e9sticos.<\/p>\n<p>&nbsp;<\/p>\n","protected":false},"excerpt":{"rendered":"<p>BASE ANTIVIBRACIONES: base antivibraciones con ruedas espec\u00edfica para lavadoras o secadoras slim, tambi\u00e9n apta para columnas de lavander\u00eda slim (lavadora + secadora).<br \/>\nLISTA PARA USAR: Premontada y muy f\u00e1cil de instalar.<br \/>\nCON RUEDAS Y FRENOS: Permite mover los electrodom\u00e9sticos f\u00e1cilmente o mantenerlos frenados con total seguridad. Palancas de freno frontales ideales tambi\u00e9n en caso de empotrado o colocaci\u00f3n cerca de una pared.<br \/>\nCOMPATIBILIDAD: Universal y compatible con todas las lavadoras y secadoras SLIM de carga frontal de 60 cm de ancho y hasta 47 cm de profundidad. Distancia m\u00e1xima entre las patas delanteras y traseras: 43 cm. Soporta hasta 250 kg.<br \/>\nADAPTABLE A LA COLUMNA DE LAVADO: Tambi\u00e9n se puede utilizar con el kit de superposici\u00f3n Meliconi para crear una columna de lavadora y secadora superpuestas.<br \/>\nPL\u00c1STICO RECICLADO: La estructura es de tecnopol\u00edmero ultrarresistente, desarrollado con un 30 % de material pl\u00e1stico reciclado, lo que confirma el compromiso de Meliconi con el planeta. Este porcentaje permite reducir el impacto medioambiental, garantizando al mismo tiempo resistencia y estabilidad.<br \/>\nCALIDAD MELICONI: desde su fundaci\u00f3n, Meliconi introduce en el mercado ideas originales y asequibles para todos con el fin de simplificar la vida cotidiana; este kit Meliconi es 100 % Made in Italy y tiene una garant\u00eda de 10 a\u00f1os.<\/p>\n","protected":false},"featured_media":64877,"template":"","meta":{"_acf_changed":false},"product_cat":[269],"product_tag":[],"class_list":{"0":"post-68120","1":"product","2":"type-product","3":"status-publish","4":"has-post-thumbnail","6":"product_cat-pedestal-es","8":"first","9":"instock","10":"taxable","11":"shipping-taxable","12":"purchasable","13":"product-type-simple"},"acf":[],"yoast_head":"<!-- This site is optimized with the Yoast SEO plugin v26.1.1 - https:\/\/yoast.com\/wordpress\/plugins\/seo\/ -->\n<title>Base Move Slim - Meliconi<\/title>\n<meta name=\"robots\" content=\"index, follow, max-snippet:-1, max-image-preview:large, max-video-preview:-1\" \/>\n<link rel=\"canonical\" href=\"https:\/\/www.meliconi.com\/es\/producto\/base-move-slim\/\" \/>\n<meta property=\"og:locale\" content=\"es_ES\" \/>\n<meta property=\"og:type\" content=\"article\" \/>\n<meta property=\"og:title\" content=\"Base Move Slim - Meliconi\" \/>\n<meta property=\"og:description\" content=\"BASE ANTIVIBRACIONES: base antivibraciones con ruedas espec\u00edfica para lavadoras o secadoras slim, tambi\u00e9n apta para columnas de lavander\u00eda slim (lavadora + secadora). LISTA PARA USAR: Premontada y muy f\u00e1cil de instalar. CON RUEDAS Y FRENOS: Permite mover los electrodom\u00e9sticos f\u00e1cilmente o mantenerlos frenados con total seguridad. Palancas de freno frontales ideales tambi\u00e9n en caso de empotrado o colocaci\u00f3n cerca de una pared. COMPATIBILIDAD: Universal y compatible con todas las lavadoras y secadoras SLIM de carga frontal de 60 cm de ancho y hasta 47 cm de profundidad. Distancia m\u00e1xima entre las patas delanteras y traseras: 43 cm. Soporta hasta 250 kg. ADAPTABLE A LA COLUMNA DE LAVADO: Tambi\u00e9n se puede utilizar con el kit de superposici\u00f3n Meliconi para crear una columna de lavadora y secadora superpuestas. PL\u00c1STICO RECICLADO: La estructura es de tecnopol\u00edmero ultrarresistente, desarrollado con un 30 % de material pl\u00e1stico reciclado, lo que confirma el compromiso de Meliconi con el planeta. Este porcentaje permite reducir el impacto medioambiental, garantizando al mismo tiempo resistencia y estabilidad. CALIDAD MELICONI: desde su fundaci\u00f3n, Meliconi introduce en el mercado ideas originales y asequibles para todos con el fin de simplificar la vida cotidiana; este kit Meliconi es 100 % Made in Italy y tiene una garant\u00eda de 10 a\u00f1os.\" \/>\n<meta property=\"og:url\" content=\"https:\/\/www.meliconi.com\/es\/producto\/base-move-slim\/\" \/>\n<meta property=\"og:site_name\" content=\"Meliconi\" \/>\n<meta property=\"article:modified_time\" content=\"2025-10-02T15:11:28+00:00\" \/>\n<meta property=\"og:image\" content=\"https:\/\/www.meliconi.com\/wp-content\/uploads\/2025\/03\/656149_BMS-still-2-1024x576.png\" \/>\n\t<meta property=\"og:image:width\" content=\"1024\" \/>\n\t<meta property=\"og:image:height\" content=\"576\" \/>\n\t<meta property=\"og:image:type\" content=\"image\/png\" \/>\n<meta name=\"twitter:card\" content=\"summary_large_image\" \/>\n<meta name=\"twitter:label1\" content=\"Tiempo de lectura\" \/>\n\t<meta name=\"twitter:data1\" content=\"1 minuto\" \/>\n<script type=\"application\/ld+json\" class=\"yoast-schema-graph\">{\"@context\":\"https:\/\/schema.org\",\"@graph\":[{\"@type\":\"WebPage\",\"@id\":\"https:\/\/www.meliconi.com\/es\/producto\/base-move-slim\/\",\"url\":\"https:\/\/www.meliconi.com\/es\/producto\/base-move-slim\/\",\"name\":\"Base Move Slim - Meliconi\",\"isPartOf\":{\"@id\":\"https:\/\/www.meliconi.com\/es\/#website\"},\"primaryImageOfPage\":{\"@id\":\"https:\/\/www.meliconi.com\/es\/producto\/base-move-slim\/#primaryimage\"},\"image\":{\"@id\":\"https:\/\/www.meliconi.com\/es\/producto\/base-move-slim\/#primaryimage\"},\"thumbnailUrl\":\"https:\/\/www.meliconi.com\/wp-content\/uploads\/2025\/03\/656149_BMS-still-2.png\",\"datePublished\":\"2025-03-31T12:19:54+00:00\",\"dateModified\":\"2025-10-02T15:11:28+00:00\",\"breadcrumb\":{\"@id\":\"https:\/\/www.meliconi.com\/es\/producto\/base-move-slim\/#breadcrumb\"},\"inLanguage\":\"es\",\"potentialAction\":[{\"@type\":\"ReadAction\",\"target\":[\"https:\/\/www.meliconi.com\/es\/producto\/base-move-slim\/\"]}]},{\"@type\":\"ImageObject\",\"inLanguage\":\"es\",\"@id\":\"https:\/\/www.meliconi.com\/es\/producto\/base-move-slim\/#primaryimage\",\"url\":\"https:\/\/www.meliconi.com\/wp-content\/uploads\/2025\/03\/656149_BMS-still-2.png\",\"contentUrl\":\"https:\/\/www.meliconi.com\/wp-content\/uploads\/2025\/03\/656149_BMS-still-2.png\",\"width\":6000,\"height\":3375},{\"@type\":\"BreadcrumbList\",\"@id\":\"https:\/\/www.meliconi.com\/es\/producto\/base-move-slim\/#breadcrumb\",\"itemListElement\":[{\"@type\":\"ListItem\",\"position\":1,\"name\":\"Home\",\"item\":\"https:\/\/www.meliconi.com\/es\/\"},{\"@type\":\"ListItem\",\"position\":2,\"name\":\"Shop\",\"item\":\"https:\/\/www.meliconi.com\/es\/shop-es\/\"},{\"@type\":\"ListItem\",\"position\":3,\"name\":\"Base Move Slim\"}]},{\"@type\":\"WebSite\",\"@id\":\"https:\/\/www.meliconi.com\/es\/#website\",\"url\":\"https:\/\/www.meliconi.com\/es\/\",\"name\":\"Meliconi\",\"description\":\"El especialista en accesorios \",\"publisher\":{\"@id\":\"https:\/\/www.meliconi.com\/es\/#organization\"},\"potentialAction\":[{\"@type\":\"SearchAction\",\"target\":{\"@type\":\"EntryPoint\",\"urlTemplate\":\"https:\/\/www.meliconi.com\/es\/?s={search_term_string}\"},\"query-input\":{\"@type\":\"PropertyValueSpecification\",\"valueRequired\":true,\"valueName\":\"search_term_string\"}}],\"inLanguage\":\"es\"},{\"@type\":\"Organization\",\"@id\":\"https:\/\/www.meliconi.com\/es\/#organization\",\"name\":\"Meliconi\",\"url\":\"https:\/\/www.meliconi.com\/es\/\",\"logo\":{\"@type\":\"ImageObject\",\"inLanguage\":\"es\",\"@id\":\"https:\/\/www.meliconi.com\/es\/#\/schema\/logo\/image\/\",\"url\":\"https:\/\/www.meliconi.com\/wp-content\/uploads\/2021\/06\/logo-meliconi.png\",\"contentUrl\":\"https:\/\/www.meliconi.com\/wp-content\/uploads\/2021\/06\/logo-meliconi.png\",\"width\":338,\"height\":102,\"caption\":\"Meliconi\"},\"image\":{\"@id\":\"https:\/\/www.meliconi.com\/es\/#\/schema\/logo\/image\/\"}}]}<\/script>\n<!-- \/ Yoast SEO plugin. -->","yoast_head_json":{"title":"Base Move Slim - Meliconi","robots":{"index":"index","follow":"follow","max-snippet":"max-snippet:-1","max-image-preview":"max-image-preview:large","max-video-preview":"max-video-preview:-1"},"canonical":"https:\/\/www.meliconi.com\/es\/producto\/base-move-slim\/","og_locale":"es_ES","og_type":"article","og_title":"Base Move Slim - Meliconi","og_description":"BASE ANTIVIBRACIONES: base antivibraciones con ruedas espec\u00edfica para lavadoras o secadoras slim, tambi\u00e9n apta para columnas de lavander\u00eda slim (lavadora + secadora). LISTA PARA USAR: Premontada y muy f\u00e1cil de instalar. CON RUEDAS Y FRENOS: Permite mover los electrodom\u00e9sticos f\u00e1cilmente o mantenerlos frenados con total seguridad. Palancas de freno frontales ideales tambi\u00e9n en caso de empotrado o colocaci\u00f3n cerca de una pared. COMPATIBILIDAD: Universal y compatible con todas las lavadoras y secadoras SLIM de carga frontal de 60 cm de ancho y hasta 47 cm de profundidad. Distancia m\u00e1xima entre las patas delanteras y traseras: 43 cm. Soporta hasta 250 kg. ADAPTABLE A LA COLUMNA DE LAVADO: Tambi\u00e9n se puede utilizar con el kit de superposici\u00f3n Meliconi para crear una columna de lavadora y secadora superpuestas. PL\u00c1STICO RECICLADO: La estructura es de tecnopol\u00edmero ultrarresistente, desarrollado con un 30 % de material pl\u00e1stico reciclado, lo que confirma el compromiso de Meliconi con el planeta. Este porcentaje permite reducir el impacto medioambiental, garantizando al mismo tiempo resistencia y estabilidad. CALIDAD MELICONI: desde su fundaci\u00f3n, Meliconi introduce en el mercado ideas originales y asequibles para todos con el fin de simplificar la vida cotidiana; este kit Meliconi es 100 % Made in Italy y tiene una garant\u00eda de 10 a\u00f1os.","og_url":"https:\/\/www.meliconi.com\/es\/producto\/base-move-slim\/","og_site_name":"Meliconi","article_modified_time":"2025-10-02T15:11:28+00:00","og_image":[{"width":1024,"height":576,"url":"https:\/\/www.meliconi.com\/wp-content\/uploads\/2025\/03\/656149_BMS-still-2-1024x576.png","type":"image\/png"}],"twitter_card":"summary_large_image","twitter_misc":{"Tiempo de lectura":"1 minuto"},"schema":{"@context":"https:\/\/schema.org","@graph":[{"@type":"WebPage","@id":"https:\/\/www.meliconi.com\/es\/producto\/base-move-slim\/","url":"https:\/\/www.meliconi.com\/es\/producto\/base-move-slim\/","name":"Base Move Slim - Meliconi","isPartOf":{"@id":"https:\/\/www.meliconi.com\/es\/#website"},"primaryImageOfPage":{"@id":"https:\/\/www.meliconi.com\/es\/producto\/base-move-slim\/#primaryimage"},"image":{"@id":"https:\/\/www.meliconi.com\/es\/producto\/base-move-slim\/#primaryimage"},"thumbnailUrl":"https:\/\/www.meliconi.com\/wp-content\/uploads\/2025\/03\/656149_BMS-still-2.png","datePublished":"2025-03-31T12:19:54+00:00","dateModified":"2025-10-02T15:11:28+00:00","breadcrumb":{"@id":"https:\/\/www.meliconi.com\/es\/producto\/base-move-slim\/#breadcrumb"},"inLanguage":"es","potentialAction":[{"@type":"ReadAction","target":["https:\/\/www.meliconi.com\/es\/producto\/base-move-slim\/"]}]},{"@type":"ImageObject","inLanguage":"es","@id":"https:\/\/www.meliconi.com\/es\/producto\/base-move-slim\/#primaryimage","url":"https:\/\/www.meliconi.com\/wp-content\/uploads\/2025\/03\/656149_BMS-still-2.png","contentUrl":"https:\/\/www.meliconi.com\/wp-content\/uploads\/2025\/03\/656149_BMS-still-2.png","width":6000,"height":3375},{"@type":"BreadcrumbList","@id":"https:\/\/www.meliconi.com\/es\/producto\/base-move-slim\/#breadcrumb","itemListElement":[{"@type":"ListItem","position":1,"name":"Home","item":"https:\/\/www.meliconi.com\/es\/"},{"@type":"ListItem","position":2,"name":"Shop","item":"https:\/\/www.meliconi.com\/es\/shop-es\/"},{"@type":"ListItem","position":3,"name":"Base Move Slim"}]},{"@type":"WebSite","@id":"https:\/\/www.meliconi.com\/es\/#website","url":"https:\/\/www.meliconi.com\/es\/","name":"Meliconi","description":"El especialista en accesorios ","publisher":{"@id":"https:\/\/www.meliconi.com\/es\/#organization"},"potentialAction":[{"@type":"SearchAction","target":{"@type":"EntryPoint","urlTemplate":"https:\/\/www.meliconi.com\/es\/?s={search_term_string}"},"query-input":{"@type":"PropertyValueSpecification","valueRequired":true,"valueName":"search_term_string"}}],"inLanguage":"es"},{"@type":"Organization","@id":"https:\/\/www.meliconi.com\/es\/#organization","name":"Meliconi","url":"https:\/\/www.meliconi.com\/es\/","logo":{"@type":"ImageObject","inLanguage":"es","@id":"https:\/\/www.meliconi.com\/es\/#\/schema\/logo\/image\/","url":"https:\/\/www.meliconi.com\/wp-content\/uploads\/2021\/06\/logo-meliconi.png","contentUrl":"https:\/\/www.meliconi.com\/wp-content\/uploads\/2021\/06\/logo-meliconi.png","width":338,"height":102,"caption":"Meliconi"},"image":{"@id":"https:\/\/www.meliconi.com\/es\/#\/schema\/logo\/image\/"}}]}},"_links":{"self":[{"href":"https:\/\/www.meliconi.com\/es\/wp-json\/wp\/v2\/product\/68120","targetHints":{"allow":["GET"]}}],"collection":[{"href":"https:\/\/www.meliconi.com\/es\/wp-json\/wp\/v2\/product"}],"about":[{"href":"https:\/\/www.meliconi.com\/es\/wp-json\/wp\/v2\/types\/product"}],"wp:featuredmedia":[{"embeddable":true,"href":"https:\/\/www.meliconi.com\/es\/wp-json\/wp\/v2\/media\/64877"}],"wp:attachment":[{"href":"https:\/\/www.meliconi.com\/es\/wp-json\/wp\/v2\/media?parent=68120"}],"wp:term":[{"taxonomy":"product_cat","embeddable":true,"href":"https:\/\/www.meliconi.com\/es\/wp-json\/wp\/v2\/product_cat?post=68120"},{"taxonomy":"product_tag","embeddable":true,"href":"https:\/\/www.meliconi.com\/es\/wp-json\/wp\/v2\/product_tag?post=68120"}],"curies":[{"name":"wp","href":"https:\/\/api.w.org\/{rel}","templated":true}]}}