{"id":68118,"date":"2024-05-02T14:16:46","date_gmt":"2024-05-02T12:16:46","guid":{"rendered":"https:\/\/www.meliconi.com\/prodotto\/base-move-evo-con-ruote-base-per-lavatrice-con-ruote\/"},"modified":"2025-10-02T17:05:58","modified_gmt":"2025-10-02T15:05:58","slug":"base-move-evo-con-ruote-base-per-lavatrice-con-ruote","status":"publish","type":"product","link":"https:\/\/www.meliconi.com\/es\/producto\/base-move-evo-con-ruote-base-per-lavatrice-con-ruote\/","title":{"rendered":"Base Move Evo"},"content":{"rendered":"<p>Base Move Evo es la soluci\u00f3n ideal para lavadoras y secadoras, dise\u00f1ada para facilitar el desplazamiento de los electrodom\u00e9sticos y garantizar su estabilidad. Esta base con ruedas para lavadoras permite mover f\u00e1cilmente los electrodom\u00e9sticos o mantenerlos frenados con total seguridad gracias al sistema de palancas de freno frontales.<\/p>\n<p>Fabricada en tecnopol\u00edmero ultrarresistente, la estructura incorpora un 30 % de material pl\u00e1stico reciclado, lo que confirma el compromiso de Meliconi con la sostenibilidad medioambiental. A pesar del uso de materiales reciclados, ofrece una resistencia y estabilidad excepcionales.<\/p>\n<p>Viene premontada y es muy f\u00e1cil de instalar, universal y compatible con todas las lavadoras y secadoras de carga frontal de 60 cm de ancho, hasta 61 cm de profundidad y con una distancia m\u00e1xima entre las patas delanteras y traseras de 54,5 cm. Las palancas de freno delanteras la hacen ideal tambi\u00e9n en caso de empotrado o colocaci\u00f3n cerca de una pared. Se puede utilizar tambi\u00e9n con columnas de lavadora-secadora superpuestas, soporta hasta 250 kg.<\/p>\n<p>Fabricada en Italia y con 10 a\u00f1os de garant\u00eda, esta base para lavadora con ruedas est\u00e1 equipada con un sistema antivibraci\u00f3n. Cuando las palancas est\u00e1n bajadas, las gomas mantienen la base firme en el suelo absorbiendo las vibraciones. Cuando se accionan las palancas, las ruedas delanteras bajan, las gomas se levantan y la base permite mover f\u00e1cilmente el electrodom\u00e9stico hacia adelante y hacia atr\u00e1s.<\/p>\n<p>Elija la base para lavadora Meliconi Base Wash Evo para una soluci\u00f3n pr\u00e1ctica, estable y respetuosa con el medio ambiente para sus electrodom\u00e9sticos.<\/p>\n<p>&nbsp;<\/p>\n","protected":false},"excerpt":{"rendered":"<div id=\"featurebullets_feature_div\" class=\"celwidget\" data-feature-name=\"featurebullets\" data-csa-c-type=\"widget\" data-csa-c-content-id=\"featurebullets\" data-csa-c-slot-id=\"featurebullets_feature_div\" data-csa-c-asin=\"B0D5Y37F6V\" data-csa-c-is-in-initial-active-row=\"false\" data-csa-c-id=\"zal2g6-6bnoba-547aif-4inqhi\" data-cel-widget=\"featurebullets_feature_div\">\n<div id=\"feature-bullets\" class=\"a-section a-spacing-medium a-spacing-top-small\">\n<p>BASE ANTIVIBRACIONES: base antivibraciones con ruedas espec\u00edfica para lavadoras o secadoras. LISTA PARA USAR: Premontada y muy f\u00e1cil de instalar.<br \/>\nCON RUEDAS Y FRENOS: Permite mover los electrodom\u00e9sticos f\u00e1cilmente o mantenerlos frenados con total seguridad. Las palancas de freno frontales son ideales tambi\u00e9n en caso de empotrado o colocaci\u00f3n cerca de una pared.<br \/>\nCOMPATIBILIDAD: Universal y compatible con todas las lavadoras y secadoras de carga frontal de 60 cm de ancho y hasta 61 cm de profundidad. Distancia m\u00e1xima entre las patas delanteras y traseras: 54,5 cm. Tambi\u00e9n se puede utilizar con el kit de superposici\u00f3n Meliconi para crear la columna de lavander\u00eda. Soporta hasta 250 kg.<br \/>\nADAPTABLE A LA COLUMNA DE LAVADO: Tambi\u00e9n se puede utilizar con el kit de superposici\u00f3n Meliconi para crear una columna de lavadora y secadora superpuestas.<br \/>\nPL\u00c1STICO RECICLADO: La estructura es de tecnopol\u00edmero ultrarresistente, desarrollado con un 30 % de material pl\u00e1stico reciclado, lo que confirma el compromiso de Meliconi con el planeta. Este porcentaje permite reducir el impacto medioambiental, garantizando al mismo tiempo resistencia y estabilidad.<br \/>\nCALIDAD MELICONI: desde su fundaci\u00f3n, Meliconi introduce en el mercado ideas originales y asequibles para todos con el fin de simplificar la vida cotidiana; este kit Meliconi es 100 % Made in Italy y tiene una garant\u00eda de 10 a\u00f1os.<\/p>\n<\/div>\n<\/div>\n","protected":false},"featured_media":59251,"template":"","meta":{"_acf_changed":false},"product_brand":[],"product_cat":[269],"product_tag":[1728,1729,1730,1731,1732,1733,1734,1735,1736,1737,1738,1739,1740,1741,1742,1743,1744,1745,1746,1747,1748],"class_list":{"0":"post-68118","1":"product","2":"type-product","3":"status-publish","4":"has-post-thumbnail","6":"product_cat-pedestal-es","7":"product_tag-anti-vibrazione-es","8":"product_tag-base-alta-per-lavatrice-es","9":"product_tag-base-antivibrante-lavatrice-es","10":"product_tag-base-antivibrazione-per-lavatrice-es","11":"product_tag-base-appoggio-lavatrice-asciugatrice-es","12":"product_tag-base-appoggio-lavatrice-es","13":"product_tag-base-asciugatrice-lavatrice-es","14":"product_tag-base-lavatrice-es","15":"product_tag-base-lavatrice-asciugatrice-es","16":"product_tag-base-lavatrice-con-ruote-es","17":"product_tag-base-per-colonna-lavatrice-asciugatrice-es","18":"product_tag-base-per-lavatrice-es","19":"product_tag-base-per-lavatrice-e-asciugatrice-es","20":"product_tag-base-per-lavatrice-meliconi-es","21":"product_tag-base-porta-lavatrice-es","22":"product_tag-meliconi-base-lavatrice-es","23":"product_tag-mobile-base-per-lavatrice-es","24":"product_tag-supporto-lavatrice-anti-vibrazione-es","25":"product_tag-supporto-lavatrice-con-ruote-es","26":"product_tag-supporto-lavatrice-regolabile-es","27":"product_tag-supporto-per-asciugatrice-es","29":"first","30":"instock","31":"taxable","32":"shipping-taxable","33":"purchasable","34":"product-type-simple"},"acf":[],"yoast_head":"<!-- This site is optimized with the Yoast SEO plugin v27.4 - https:\/\/yoast.com\/product\/yoast-seo-wordpress\/ -->\n<title>Base Move Evo - Meliconi - base per lavatrice con ruote<\/title>\n<meta name=\"description\" content=\"base-move-evo-con-ruedas-base-para-lavadora-con-ruedas\" \/>\n<meta name=\"robots\" content=\"index, follow, max-snippet:-1, max-image-preview:large, max-video-preview:-1\" \/>\n<link rel=\"canonical\" href=\"https:\/\/www.meliconi.com\/es\/producto\/base-move-evo-con-ruote-base-per-lavatrice-con-ruote\/\" \/>\n<meta property=\"og:locale\" content=\"es_ES\" \/>\n<meta property=\"og:type\" content=\"article\" \/>\n<meta property=\"og:title\" content=\"Base Move Evo - Meliconi - base per lavatrice con ruote\" \/>\n<meta property=\"og:description\" content=\"base-move-evo-con-ruedas-base-para-lavadora-con-ruedas\" \/>\n<meta property=\"og:url\" content=\"https:\/\/www.meliconi.com\/es\/producto\/base-move-evo-con-ruote-base-per-lavatrice-con-ruote\/\" \/>\n<meta property=\"og:site_name\" content=\"Meliconi\" \/>\n<meta property=\"article:modified_time\" content=\"2025-10-02T15:05:58+00:00\" \/>\n<meta property=\"og:image\" content=\"https:\/\/www.meliconi.com\/wp-content\/uploads\/2024\/05\/656146_BASE-WASH-PRO-EVO-no-eva-STILL-1b-1024x724.png\" \/>\n\t<meta property=\"og:image:width\" content=\"1024\" \/>\n\t<meta property=\"og:image:height\" content=\"724\" \/>\n\t<meta property=\"og:image:type\" content=\"image\/png\" \/>\n<meta name=\"twitter:card\" content=\"summary_large_image\" \/>\n<meta name=\"twitter:label1\" content=\"Tiempo de lectura\" \/>\n\t<meta name=\"twitter:data1\" content=\"1 minuto\" \/>\n<script type=\"application\/ld+json\" class=\"yoast-schema-graph\">{\"@context\":\"https:\\\/\\\/schema.org\",\"@graph\":[{\"@type\":\"WebPage\",\"@id\":\"https:\\\/\\\/www.meliconi.com\\\/es\\\/producto\\\/base-move-evo-con-ruote-base-per-lavatrice-con-ruote\\\/\",\"url\":\"https:\\\/\\\/www.meliconi.com\\\/es\\\/producto\\\/base-move-evo-con-ruote-base-per-lavatrice-con-ruote\\\/\",\"name\":\"Base Move Evo - Meliconi - base per lavatrice con ruote\",\"isPartOf\":{\"@id\":\"https:\\\/\\\/www.meliconi.com\\\/es\\\/#website\"},\"primaryImageOfPage\":{\"@id\":\"https:\\\/\\\/www.meliconi.com\\\/es\\\/producto\\\/base-move-evo-con-ruote-base-per-lavatrice-con-ruote\\\/#primaryimage\"},\"image\":{\"@id\":\"https:\\\/\\\/www.meliconi.com\\\/es\\\/producto\\\/base-move-evo-con-ruote-base-per-lavatrice-con-ruote\\\/#primaryimage\"},\"thumbnailUrl\":\"https:\\\/\\\/www.meliconi.com\\\/wp-content\\\/uploads\\\/2024\\\/05\\\/656146_BASE-WASH-PRO-EVO-no-eva-STILL-1b.png\",\"datePublished\":\"2024-05-02T12:16:46+00:00\",\"dateModified\":\"2025-10-02T15:05:58+00:00\",\"description\":\"base-move-evo-con-ruedas-base-para-lavadora-con-ruedas\",\"breadcrumb\":{\"@id\":\"https:\\\/\\\/www.meliconi.com\\\/es\\\/producto\\\/base-move-evo-con-ruote-base-per-lavatrice-con-ruote\\\/#breadcrumb\"},\"inLanguage\":\"es\",\"potentialAction\":[{\"@type\":\"ReadAction\",\"target\":[\"https:\\\/\\\/www.meliconi.com\\\/es\\\/producto\\\/base-move-evo-con-ruote-base-per-lavatrice-con-ruote\\\/\"]}]},{\"@type\":\"ImageObject\",\"inLanguage\":\"es\",\"@id\":\"https:\\\/\\\/www.meliconi.com\\\/es\\\/producto\\\/base-move-evo-con-ruote-base-per-lavatrice-con-ruote\\\/#primaryimage\",\"url\":\"https:\\\/\\\/www.meliconi.com\\\/wp-content\\\/uploads\\\/2024\\\/05\\\/656146_BASE-WASH-PRO-EVO-no-eva-STILL-1b.png\",\"contentUrl\":\"https:\\\/\\\/www.meliconi.com\\\/wp-content\\\/uploads\\\/2024\\\/05\\\/656146_BASE-WASH-PRO-EVO-no-eva-STILL-1b.png\",\"width\":5000,\"height\":3535},{\"@type\":\"BreadcrumbList\",\"@id\":\"https:\\\/\\\/www.meliconi.com\\\/es\\\/producto\\\/base-move-evo-con-ruote-base-per-lavatrice-con-ruote\\\/#breadcrumb\",\"itemListElement\":[{\"@type\":\"ListItem\",\"position\":1,\"name\":\"Home\",\"item\":\"https:\\\/\\\/www.meliconi.com\\\/es\\\/\"},{\"@type\":\"ListItem\",\"position\":2,\"name\":\"Shop\",\"item\":\"https:\\\/\\\/www.meliconi.com\\\/es\\\/shop-es\\\/\"},{\"@type\":\"ListItem\",\"position\":3,\"name\":\"Base Move Evo\"}]},{\"@type\":\"WebSite\",\"@id\":\"https:\\\/\\\/www.meliconi.com\\\/es\\\/#website\",\"url\":\"https:\\\/\\\/www.meliconi.com\\\/es\\\/\",\"name\":\"Meliconi\",\"description\":\"El especialista en accesorios \",\"publisher\":{\"@id\":\"https:\\\/\\\/www.meliconi.com\\\/es\\\/#organization\"},\"potentialAction\":[{\"@type\":\"SearchAction\",\"target\":{\"@type\":\"EntryPoint\",\"urlTemplate\":\"https:\\\/\\\/www.meliconi.com\\\/es\\\/?s={search_term_string}\"},\"query-input\":{\"@type\":\"PropertyValueSpecification\",\"valueRequired\":true,\"valueName\":\"search_term_string\"}}],\"inLanguage\":\"es\"},{\"@type\":\"Organization\",\"@id\":\"https:\\\/\\\/www.meliconi.com\\\/es\\\/#organization\",\"name\":\"Meliconi\",\"url\":\"https:\\\/\\\/www.meliconi.com\\\/es\\\/\",\"logo\":{\"@type\":\"ImageObject\",\"inLanguage\":\"es\",\"@id\":\"https:\\\/\\\/www.meliconi.com\\\/es\\\/#\\\/schema\\\/logo\\\/image\\\/\",\"url\":\"https:\\\/\\\/www.meliconi.com\\\/wp-content\\\/uploads\\\/2021\\\/06\\\/logo-meliconi.png\",\"contentUrl\":\"https:\\\/\\\/www.meliconi.com\\\/wp-content\\\/uploads\\\/2021\\\/06\\\/logo-meliconi.png\",\"width\":338,\"height\":102,\"caption\":\"Meliconi\"},\"image\":{\"@id\":\"https:\\\/\\\/www.meliconi.com\\\/es\\\/#\\\/schema\\\/logo\\\/image\\\/\"}}]}<\/script>\n<!-- \/ Yoast SEO plugin. -->","yoast_head_json":{"title":"Base Move Evo - Meliconi - base per lavatrice con ruote","description":"base-move-evo-con-ruedas-base-para-lavadora-con-ruedas","robots":{"index":"index","follow":"follow","max-snippet":"max-snippet:-1","max-image-preview":"max-image-preview:large","max-video-preview":"max-video-preview:-1"},"canonical":"https:\/\/www.meliconi.com\/es\/producto\/base-move-evo-con-ruote-base-per-lavatrice-con-ruote\/","og_locale":"es_ES","og_type":"article","og_title":"Base Move Evo - Meliconi - base per lavatrice con ruote","og_description":"base-move-evo-con-ruedas-base-para-lavadora-con-ruedas","og_url":"https:\/\/www.meliconi.com\/es\/producto\/base-move-evo-con-ruote-base-per-lavatrice-con-ruote\/","og_site_name":"Meliconi","article_modified_time":"2025-10-02T15:05:58+00:00","og_image":[{"width":1024,"height":724,"url":"https:\/\/www.meliconi.com\/wp-content\/uploads\/2024\/05\/656146_BASE-WASH-PRO-EVO-no-eva-STILL-1b-1024x724.png","type":"image\/png"}],"twitter_card":"summary_large_image","twitter_misc":{"Tiempo de lectura":"1 minuto"},"schema":{"@context":"https:\/\/schema.org","@graph":[{"@type":"WebPage","@id":"https:\/\/www.meliconi.com\/es\/producto\/base-move-evo-con-ruote-base-per-lavatrice-con-ruote\/","url":"https:\/\/www.meliconi.com\/es\/producto\/base-move-evo-con-ruote-base-per-lavatrice-con-ruote\/","name":"Base Move Evo - Meliconi - base per lavatrice con ruote","isPartOf":{"@id":"https:\/\/www.meliconi.com\/es\/#website"},"primaryImageOfPage":{"@id":"https:\/\/www.meliconi.com\/es\/producto\/base-move-evo-con-ruote-base-per-lavatrice-con-ruote\/#primaryimage"},"image":{"@id":"https:\/\/www.meliconi.com\/es\/producto\/base-move-evo-con-ruote-base-per-lavatrice-con-ruote\/#primaryimage"},"thumbnailUrl":"https:\/\/www.meliconi.com\/wp-content\/uploads\/2024\/05\/656146_BASE-WASH-PRO-EVO-no-eva-STILL-1b.png","datePublished":"2024-05-02T12:16:46+00:00","dateModified":"2025-10-02T15:05:58+00:00","description":"base-move-evo-con-ruedas-base-para-lavadora-con-ruedas","breadcrumb":{"@id":"https:\/\/www.meliconi.com\/es\/producto\/base-move-evo-con-ruote-base-per-lavatrice-con-ruote\/#breadcrumb"},"inLanguage":"es","potentialAction":[{"@type":"ReadAction","target":["https:\/\/www.meliconi.com\/es\/producto\/base-move-evo-con-ruote-base-per-lavatrice-con-ruote\/"]}]},{"@type":"ImageObject","inLanguage":"es","@id":"https:\/\/www.meliconi.com\/es\/producto\/base-move-evo-con-ruote-base-per-lavatrice-con-ruote\/#primaryimage","url":"https:\/\/www.meliconi.com\/wp-content\/uploads\/2024\/05\/656146_BASE-WASH-PRO-EVO-no-eva-STILL-1b.png","contentUrl":"https:\/\/www.meliconi.com\/wp-content\/uploads\/2024\/05\/656146_BASE-WASH-PRO-EVO-no-eva-STILL-1b.png","width":5000,"height":3535},{"@type":"BreadcrumbList","@id":"https:\/\/www.meliconi.com\/es\/producto\/base-move-evo-con-ruote-base-per-lavatrice-con-ruote\/#breadcrumb","itemListElement":[{"@type":"ListItem","position":1,"name":"Home","item":"https:\/\/www.meliconi.com\/es\/"},{"@type":"ListItem","position":2,"name":"Shop","item":"https:\/\/www.meliconi.com\/es\/shop-es\/"},{"@type":"ListItem","position":3,"name":"Base Move Evo"}]},{"@type":"WebSite","@id":"https:\/\/www.meliconi.com\/es\/#website","url":"https:\/\/www.meliconi.com\/es\/","name":"Meliconi","description":"El especialista en accesorios ","publisher":{"@id":"https:\/\/www.meliconi.com\/es\/#organization"},"potentialAction":[{"@type":"SearchAction","target":{"@type":"EntryPoint","urlTemplate":"https:\/\/www.meliconi.com\/es\/?s={search_term_string}"},"query-input":{"@type":"PropertyValueSpecification","valueRequired":true,"valueName":"search_term_string"}}],"inLanguage":"es"},{"@type":"Organization","@id":"https:\/\/www.meliconi.com\/es\/#organization","name":"Meliconi","url":"https:\/\/www.meliconi.com\/es\/","logo":{"@type":"ImageObject","inLanguage":"es","@id":"https:\/\/www.meliconi.com\/es\/#\/schema\/logo\/image\/","url":"https:\/\/www.meliconi.com\/wp-content\/uploads\/2021\/06\/logo-meliconi.png","contentUrl":"https:\/\/www.meliconi.com\/wp-content\/uploads\/2021\/06\/logo-meliconi.png","width":338,"height":102,"caption":"Meliconi"},"image":{"@id":"https:\/\/www.meliconi.com\/es\/#\/schema\/logo\/image\/"}}]}},"_links":{"self":[{"href":"https:\/\/www.meliconi.com\/es\/wp-json\/wp\/v2\/product\/68118","targetHints":{"allow":["GET"]}}],"collection":[{"href":"https:\/\/www.meliconi.com\/es\/wp-json\/wp\/v2\/product"}],"about":[{"href":"https:\/\/www.meliconi.com\/es\/wp-json\/wp\/v2\/types\/product"}],"wp:featuredmedia":[{"embeddable":true,"href":"https:\/\/www.meliconi.com\/es\/wp-json\/wp\/v2\/media\/59251"}],"wp:attachment":[{"href":"https:\/\/www.meliconi.com\/es\/wp-json\/wp\/v2\/media?parent=68118"}],"wp:term":[{"taxonomy":"product_brand","embeddable":true,"href":"https:\/\/www.meliconi.com\/es\/wp-json\/wp\/v2\/product_brand?post=68118"},{"taxonomy":"product_cat","embeddable":true,"href":"https:\/\/www.meliconi.com\/es\/wp-json\/wp\/v2\/product_cat?post=68118"},{"taxonomy":"product_tag","embeddable":true,"href":"https:\/\/www.meliconi.com\/es\/wp-json\/wp\/v2\/product_tag?post=68118"}],"curies":[{"name":"wp","href":"https:\/\/api.w.org\/{rel}","templated":true}]}}