{"id":65938,"date":"2025-05-29T11:32:29","date_gmt":"2025-06-06T10:29:51","guid":{"rendered":"https:\/\/www.meliconi.com\/?post_type=product&#038;p=65938"},"modified":"2025-06-06T14:01:06","modified_gmt":"2025-06-06T12:01:06","slug":"easy-fit-2","status":"publish","type":"product","link":"https:\/\/www.meliconi.com\/es\/producto\/easy-fit-2\/","title":{"rendered":"Easy Fit"},"content":{"rendered":"<p><strong>ANTENA DE TV AMPLIFICADA PARA INTERIORES EASY FIT:<\/strong><\/p>\n<p>\u2022 Compatible con todos los est\u00e1ndares de se\u00f1al digital terrestre para TV (DVB-T2 HEVC, DVB-T) hasta resoluci\u00f3n 4K Ultra HD, adem\u00e1s de radio DAB+. Rango de recepci\u00f3n 174-230MHz, 470-694MHz.<\/p>\n<p>\u2022 Recepci\u00f3n y amplificaci\u00f3n \u00f3ptima: minimiza interferencias gracias a filtros especiales integrados (3G\/4G\/5G).<\/p>\n<p>\u2022 Instalaci\u00f3n ultra sencilla: se coloca f\u00e1cilmente en la pared, sobre una superficie plana o en la ventana m\u00e1s cercana. Sin necesidad de instalaci\u00f3n: solo con\u00e9ctala a la TV y estar\u00e1 lista al instante.<\/p>\n<p>\u2022 Dise\u00f1o Ultra Slim y discreto: compacta y poco voluminosa (solo 223 x 128 x 0,7 mm), puede colocarse detr\u00e1s del televisor y se alimenta directamente por USB. Ideal para cualquier entorno gracias a su dise\u00f1o elegante.<\/p>\n<p>\u2022 Montaje flexible: se fija en la pared o la ventana con adhesivos de doble cara incluidos en el paquete.<\/p>\n<p>\u2022 \u00bfLa habitaci\u00f3n de los ni\u00f1os no tiene una toma de antena en la pared? En lugar de llamar al t\u00e9cnico, \u00a1Meliconi tiene la soluci\u00f3n perfecta para ti con la antena de TV para interiores EASY FIT!<\/p>\n","protected":false},"excerpt":{"rendered":"<p>Antena de TV para interiores, plana y lista para 5G\/DVB-T2, con alimentaci\u00f3n v\u00eda USB.<\/p>\n","protected":false},"featured_media":65826,"template":"","meta":{"_acf_changed":false},"product_cat":[347],"product_tag":[],"class_list":{"0":"post-65938","1":"product","2":"type-product","3":"status-publish","4":"has-post-thumbnail","6":"product_cat-antenas-tv-y-amplificadores-es","8":"first","9":"instock","10":"taxable","11":"shipping-taxable","12":"purchasable","13":"product-type-simple"},"acf":[],"yoast_head":"<!-- This site is optimized with the Yoast SEO plugin v26.1.1 - https:\/\/yoast.com\/wordpress\/plugins\/seo\/ -->\n<title>Easy Fit - Meliconi<\/title>\n<meta name=\"robots\" content=\"index, follow, max-snippet:-1, max-image-preview:large, max-video-preview:-1\" \/>\n<link rel=\"canonical\" href=\"https:\/\/www.meliconi.com\/es\/producto\/easy-fit-2\/\" \/>\n<meta property=\"og:locale\" content=\"es_ES\" \/>\n<meta property=\"og:type\" content=\"article\" \/>\n<meta property=\"og:title\" content=\"Easy Fit - Meliconi\" \/>\n<meta property=\"og:description\" content=\"Antena de TV para interiores, plana y lista para 5G\/DVB-T2, con alimentaci\u00f3n v\u00eda USB.\" \/>\n<meta property=\"og:url\" content=\"https:\/\/www.meliconi.com\/es\/producto\/easy-fit-2\/\" \/>\n<meta property=\"og:site_name\" content=\"Meliconi\" \/>\n<meta property=\"article:modified_time\" content=\"2025-06-06T12:01:06+00:00\" \/>\n<meta property=\"og:image\" content=\"https:\/\/www.meliconi.com\/wp-content\/uploads\/2025\/05\/881032_EASY_FIT_ultimo-copia-683x1024.png\" \/>\n\t<meta property=\"og:image:width\" content=\"683\" \/>\n\t<meta property=\"og:image:height\" content=\"1024\" \/>\n\t<meta property=\"og:image:type\" content=\"image\/png\" \/>\n<meta name=\"twitter:card\" content=\"summary_large_image\" \/>\n<meta name=\"twitter:label1\" content=\"Tiempo de lectura\" \/>\n\t<meta name=\"twitter:data1\" content=\"2 minutos\" \/>\n<script type=\"application\/ld+json\" class=\"yoast-schema-graph\">{\"@context\":\"https:\/\/schema.org\",\"@graph\":[{\"@type\":\"WebPage\",\"@id\":\"https:\/\/www.meliconi.com\/es\/producto\/easy-fit-2\/\",\"url\":\"https:\/\/www.meliconi.com\/es\/producto\/easy-fit-2\/\",\"name\":\"Easy Fit - Meliconi\",\"isPartOf\":{\"@id\":\"https:\/\/www.meliconi.com\/es\/#website\"},\"primaryImageOfPage\":{\"@id\":\"https:\/\/www.meliconi.com\/es\/producto\/easy-fit-2\/#primaryimage\"},\"image\":{\"@id\":\"https:\/\/www.meliconi.com\/es\/producto\/easy-fit-2\/#primaryimage\"},\"thumbnailUrl\":\"https:\/\/www.meliconi.com\/wp-content\/uploads\/2025\/05\/881032_EASY_FIT_ultimo-copia.png\",\"datePublished\":\"2025-06-06T10:29:51+00:00\",\"dateModified\":\"2025-06-06T12:01:06+00:00\",\"breadcrumb\":{\"@id\":\"https:\/\/www.meliconi.com\/es\/producto\/easy-fit-2\/#breadcrumb\"},\"inLanguage\":\"es\",\"potentialAction\":[{\"@type\":\"ReadAction\",\"target\":[\"https:\/\/www.meliconi.com\/es\/producto\/easy-fit-2\/\"]}]},{\"@type\":\"ImageObject\",\"inLanguage\":\"es\",\"@id\":\"https:\/\/www.meliconi.com\/es\/producto\/easy-fit-2\/#primaryimage\",\"url\":\"https:\/\/www.meliconi.com\/wp-content\/uploads\/2025\/05\/881032_EASY_FIT_ultimo-copia.png\",\"contentUrl\":\"https:\/\/www.meliconi.com\/wp-content\/uploads\/2025\/05\/881032_EASY_FIT_ultimo-copia.png\",\"width\":4726,\"height\":7088},{\"@type\":\"BreadcrumbList\",\"@id\":\"https:\/\/www.meliconi.com\/es\/producto\/easy-fit-2\/#breadcrumb\",\"itemListElement\":[{\"@type\":\"ListItem\",\"position\":1,\"name\":\"Home\",\"item\":\"https:\/\/www.meliconi.com\/es\/\"},{\"@type\":\"ListItem\",\"position\":2,\"name\":\"Shop\",\"item\":\"https:\/\/www.meliconi.com\/es\/shop-es\/\"},{\"@type\":\"ListItem\",\"position\":3,\"name\":\"Easy Fit\"}]},{\"@type\":\"WebSite\",\"@id\":\"https:\/\/www.meliconi.com\/es\/#website\",\"url\":\"https:\/\/www.meliconi.com\/es\/\",\"name\":\"Meliconi\",\"description\":\"El especialista en accesorios \",\"publisher\":{\"@id\":\"https:\/\/www.meliconi.com\/es\/#organization\"},\"potentialAction\":[{\"@type\":\"SearchAction\",\"target\":{\"@type\":\"EntryPoint\",\"urlTemplate\":\"https:\/\/www.meliconi.com\/es\/?s={search_term_string}\"},\"query-input\":{\"@type\":\"PropertyValueSpecification\",\"valueRequired\":true,\"valueName\":\"search_term_string\"}}],\"inLanguage\":\"es\"},{\"@type\":\"Organization\",\"@id\":\"https:\/\/www.meliconi.com\/es\/#organization\",\"name\":\"Meliconi\",\"url\":\"https:\/\/www.meliconi.com\/es\/\",\"logo\":{\"@type\":\"ImageObject\",\"inLanguage\":\"es\",\"@id\":\"https:\/\/www.meliconi.com\/es\/#\/schema\/logo\/image\/\",\"url\":\"https:\/\/www.meliconi.com\/wp-content\/uploads\/2021\/06\/logo-meliconi.png\",\"contentUrl\":\"https:\/\/www.meliconi.com\/wp-content\/uploads\/2021\/06\/logo-meliconi.png\",\"width\":338,\"height\":102,\"caption\":\"Meliconi\"},\"image\":{\"@id\":\"https:\/\/www.meliconi.com\/es\/#\/schema\/logo\/image\/\"}}]}<\/script>\n<!-- \/ Yoast SEO plugin. -->","yoast_head_json":{"title":"Easy Fit - Meliconi","robots":{"index":"index","follow":"follow","max-snippet":"max-snippet:-1","max-image-preview":"max-image-preview:large","max-video-preview":"max-video-preview:-1"},"canonical":"https:\/\/www.meliconi.com\/es\/producto\/easy-fit-2\/","og_locale":"es_ES","og_type":"article","og_title":"Easy Fit - Meliconi","og_description":"Antena de TV para interiores, plana y lista para 5G\/DVB-T2, con alimentaci\u00f3n v\u00eda USB.","og_url":"https:\/\/www.meliconi.com\/es\/producto\/easy-fit-2\/","og_site_name":"Meliconi","article_modified_time":"2025-06-06T12:01:06+00:00","og_image":[{"width":683,"height":1024,"url":"https:\/\/www.meliconi.com\/wp-content\/uploads\/2025\/05\/881032_EASY_FIT_ultimo-copia-683x1024.png","type":"image\/png"}],"twitter_card":"summary_large_image","twitter_misc":{"Tiempo de lectura":"2 minutos"},"schema":{"@context":"https:\/\/schema.org","@graph":[{"@type":"WebPage","@id":"https:\/\/www.meliconi.com\/es\/producto\/easy-fit-2\/","url":"https:\/\/www.meliconi.com\/es\/producto\/easy-fit-2\/","name":"Easy Fit - Meliconi","isPartOf":{"@id":"https:\/\/www.meliconi.com\/es\/#website"},"primaryImageOfPage":{"@id":"https:\/\/www.meliconi.com\/es\/producto\/easy-fit-2\/#primaryimage"},"image":{"@id":"https:\/\/www.meliconi.com\/es\/producto\/easy-fit-2\/#primaryimage"},"thumbnailUrl":"https:\/\/www.meliconi.com\/wp-content\/uploads\/2025\/05\/881032_EASY_FIT_ultimo-copia.png","datePublished":"2025-06-06T10:29:51+00:00","dateModified":"2025-06-06T12:01:06+00:00","breadcrumb":{"@id":"https:\/\/www.meliconi.com\/es\/producto\/easy-fit-2\/#breadcrumb"},"inLanguage":"es","potentialAction":[{"@type":"ReadAction","target":["https:\/\/www.meliconi.com\/es\/producto\/easy-fit-2\/"]}]},{"@type":"ImageObject","inLanguage":"es","@id":"https:\/\/www.meliconi.com\/es\/producto\/easy-fit-2\/#primaryimage","url":"https:\/\/www.meliconi.com\/wp-content\/uploads\/2025\/05\/881032_EASY_FIT_ultimo-copia.png","contentUrl":"https:\/\/www.meliconi.com\/wp-content\/uploads\/2025\/05\/881032_EASY_FIT_ultimo-copia.png","width":4726,"height":7088},{"@type":"BreadcrumbList","@id":"https:\/\/www.meliconi.com\/es\/producto\/easy-fit-2\/#breadcrumb","itemListElement":[{"@type":"ListItem","position":1,"name":"Home","item":"https:\/\/www.meliconi.com\/es\/"},{"@type":"ListItem","position":2,"name":"Shop","item":"https:\/\/www.meliconi.com\/es\/shop-es\/"},{"@type":"ListItem","position":3,"name":"Easy Fit"}]},{"@type":"WebSite","@id":"https:\/\/www.meliconi.com\/es\/#website","url":"https:\/\/www.meliconi.com\/es\/","name":"Meliconi","description":"El especialista en accesorios ","publisher":{"@id":"https:\/\/www.meliconi.com\/es\/#organization"},"potentialAction":[{"@type":"SearchAction","target":{"@type":"EntryPoint","urlTemplate":"https:\/\/www.meliconi.com\/es\/?s={search_term_string}"},"query-input":{"@type":"PropertyValueSpecification","valueRequired":true,"valueName":"search_term_string"}}],"inLanguage":"es"},{"@type":"Organization","@id":"https:\/\/www.meliconi.com\/es\/#organization","name":"Meliconi","url":"https:\/\/www.meliconi.com\/es\/","logo":{"@type":"ImageObject","inLanguage":"es","@id":"https:\/\/www.meliconi.com\/es\/#\/schema\/logo\/image\/","url":"https:\/\/www.meliconi.com\/wp-content\/uploads\/2021\/06\/logo-meliconi.png","contentUrl":"https:\/\/www.meliconi.com\/wp-content\/uploads\/2021\/06\/logo-meliconi.png","width":338,"height":102,"caption":"Meliconi"},"image":{"@id":"https:\/\/www.meliconi.com\/es\/#\/schema\/logo\/image\/"}}]}},"_links":{"self":[{"href":"https:\/\/www.meliconi.com\/es\/wp-json\/wp\/v2\/product\/65938","targetHints":{"allow":["GET"]}}],"collection":[{"href":"https:\/\/www.meliconi.com\/es\/wp-json\/wp\/v2\/product"}],"about":[{"href":"https:\/\/www.meliconi.com\/es\/wp-json\/wp\/v2\/types\/product"}],"wp:featuredmedia":[{"embeddable":true,"href":"https:\/\/www.meliconi.com\/es\/wp-json\/wp\/v2\/media\/65826"}],"wp:attachment":[{"href":"https:\/\/www.meliconi.com\/es\/wp-json\/wp\/v2\/media?parent=65938"}],"wp:term":[{"taxonomy":"product_cat","embeddable":true,"href":"https:\/\/www.meliconi.com\/es\/wp-json\/wp\/v2\/product_cat?post=65938"},{"taxonomy":"product_tag","embeddable":true,"href":"https:\/\/www.meliconi.com\/es\/wp-json\/wp\/v2\/product_tag?post=65938"}],"curies":[{"name":"wp","href":"https:\/\/api.w.org\/{rel}","templated":true}]}}