{"id":65419,"date":"2024-06-20T08:36:50","date_gmt":"2024-06-20T06:36:50","guid":{"rendered":"https:\/\/www.meliconi.com\/prodotto\/400-tiltnturn-cg\/"},"modified":"2025-04-08T09:35:56","modified_gmt":"2025-04-08T07:35:56","slug":"400-tiltnturn-cg","status":"publish","type":"product","link":"https:\/\/www.meliconi.com\/es\/producto\/400-tiltnturn-cg\/","title":{"rendered":"400 TILT&#8217;N&#8217;TURN CG"},"content":{"rendered":"<p>SLIMSTYLE PLUS es la nueva l\u00ednea de soportes de pared ultraplanos para TV de Meliconi S.p.A., la combinaci\u00f3n perfecta de tecnolog\u00eda de vanguardia, materiales de \u00faltima generaci\u00f3n y dise\u00f1o atractivo. Gracias a las innovadoras funciones EASY TILT y EASY TILT PRO, inclinar el televisor nunca ha sido tan f\u00e1cil y preciso. La incorporaci\u00f3n de un revestimiento protector de goma en todos los soportes proteger\u00e1 su televisor a lo largo del tiempo, sin renunciar a un tama\u00f1o muy reducido (hasta un m\u00ednimo de 2 cm de la pared) y a una seguridad total. Todos los soportes SLIMSTYLE PLUS son 100% Made in Italy con 10 a\u00f1os de garant\u00eda.<\/p>\n<p>400 TILT&#8217;N&#8217;TURN es un soporte inclinable para televisores con orificios VESA 200-300-400 mm, que permite inclinar la pantalla verticalmente. El exclusivo sistema de bloqueo inteligente del soporte, FASTBLOCK, permite montar el televisor en la pared en 3 sencillos pasos:<\/p>\n<ol>\n<li>Fijar la placa a la pared<\/li>\n<li>Atornille los soportes en la parte posterior del televisor<\/li>\n<li>Instale el televisor en la placa de pared<\/li>\n<\/ol>\n","protected":false},"excerpt":{"rendered":"<p>Soporte de TV basculante<\/p>\n","protected":false},"featured_media":17756,"template":"","meta":{"_acf_changed":false},"product_cat":[335],"product_tag":[],"class_list":{"0":"post-65419","1":"product","2":"type-product","3":"status-publish","4":"has-post-thumbnail","6":"product_cat-soportes-tv-de-pared-es","7":"pa_movimento-supporto-tilted-es","9":"first","10":"instock","11":"taxable","12":"shipping-taxable","13":"purchasable","14":"product-type-simple"},"acf":[],"yoast_head":"<!-- This site is optimized with the Yoast SEO plugin v26.1.1 - https:\/\/yoast.com\/wordpress\/plugins\/seo\/ -->\n<title>400 TILT&#039;N&#039;TURN CG - Meliconi<\/title>\n<meta name=\"robots\" content=\"index, follow, max-snippet:-1, max-image-preview:large, max-video-preview:-1\" \/>\n<link rel=\"canonical\" href=\"https:\/\/www.meliconi.com\/es\/producto\/400-tiltnturn-cg\/\" \/>\n<meta property=\"og:locale\" content=\"es_ES\" \/>\n<meta property=\"og:type\" content=\"article\" \/>\n<meta property=\"og:title\" content=\"400 TILT&#039;N&#039;TURN CG - Meliconi\" \/>\n<meta property=\"og:description\" content=\"Soporte de TV basculante\" \/>\n<meta property=\"og:url\" content=\"https:\/\/www.meliconi.com\/es\/producto\/400-tiltnturn-cg\/\" \/>\n<meta property=\"og:site_name\" content=\"Meliconi\" \/>\n<meta property=\"article:modified_time\" content=\"2025-04-08T07:35:56+00:00\" \/>\n<meta property=\"og:image\" content=\"https:\/\/www.meliconi.com\/wp-content\/uploads\/2022\/09\/Extra-400-Tilt-n-Turn-3-4-866x1024.png\" \/>\n\t<meta property=\"og:image:width\" content=\"866\" \/>\n\t<meta property=\"og:image:height\" content=\"1024\" \/>\n\t<meta property=\"og:image:type\" content=\"image\/png\" \/>\n<meta name=\"twitter:card\" content=\"summary_large_image\" \/>\n<meta name=\"twitter:label1\" content=\"Tiempo de lectura\" \/>\n\t<meta name=\"twitter:data1\" content=\"2 minutos\" \/>\n<script type=\"application\/ld+json\" class=\"yoast-schema-graph\">{\"@context\":\"https:\/\/schema.org\",\"@graph\":[{\"@type\":\"WebPage\",\"@id\":\"https:\/\/www.meliconi.com\/es\/producto\/400-tiltnturn-cg\/\",\"url\":\"https:\/\/www.meliconi.com\/es\/producto\/400-tiltnturn-cg\/\",\"name\":\"400 TILT'N'TURN CG - Meliconi\",\"isPartOf\":{\"@id\":\"https:\/\/www.meliconi.com\/es\/#website\"},\"primaryImageOfPage\":{\"@id\":\"https:\/\/www.meliconi.com\/es\/producto\/400-tiltnturn-cg\/#primaryimage\"},\"image\":{\"@id\":\"https:\/\/www.meliconi.com\/es\/producto\/400-tiltnturn-cg\/#primaryimage\"},\"thumbnailUrl\":\"https:\/\/www.meliconi.com\/wp-content\/uploads\/2022\/09\/Extra-400-Tilt-n-Turn-3-4.png\",\"datePublished\":\"2024-06-20T06:36:50+00:00\",\"dateModified\":\"2025-04-08T07:35:56+00:00\",\"breadcrumb\":{\"@id\":\"https:\/\/www.meliconi.com\/es\/producto\/400-tiltnturn-cg\/#breadcrumb\"},\"inLanguage\":\"es\",\"potentialAction\":[{\"@type\":\"ReadAction\",\"target\":[\"https:\/\/www.meliconi.com\/es\/producto\/400-tiltnturn-cg\/\"]}]},{\"@type\":\"ImageObject\",\"inLanguage\":\"es\",\"@id\":\"https:\/\/www.meliconi.com\/es\/producto\/400-tiltnturn-cg\/#primaryimage\",\"url\":\"https:\/\/www.meliconi.com\/wp-content\/uploads\/2022\/09\/Extra-400-Tilt-n-Turn-3-4.png\",\"contentUrl\":\"https:\/\/www.meliconi.com\/wp-content\/uploads\/2022\/09\/Extra-400-Tilt-n-Turn-3-4.png\",\"width\":2914,\"height\":3447},{\"@type\":\"BreadcrumbList\",\"@id\":\"https:\/\/www.meliconi.com\/es\/producto\/400-tiltnturn-cg\/#breadcrumb\",\"itemListElement\":[{\"@type\":\"ListItem\",\"position\":1,\"name\":\"Home\",\"item\":\"https:\/\/www.meliconi.com\/es\/\"},{\"@type\":\"ListItem\",\"position\":2,\"name\":\"Shop\",\"item\":\"https:\/\/www.meliconi.com\/es\/shop-es\/\"},{\"@type\":\"ListItem\",\"position\":3,\"name\":\"400 TILT&#8217;N&#8217;TURN CG\"}]},{\"@type\":\"WebSite\",\"@id\":\"https:\/\/www.meliconi.com\/es\/#website\",\"url\":\"https:\/\/www.meliconi.com\/es\/\",\"name\":\"Meliconi\",\"description\":\"El especialista en accesorios \",\"publisher\":{\"@id\":\"https:\/\/www.meliconi.com\/es\/#organization\"},\"potentialAction\":[{\"@type\":\"SearchAction\",\"target\":{\"@type\":\"EntryPoint\",\"urlTemplate\":\"https:\/\/www.meliconi.com\/es\/?s={search_term_string}\"},\"query-input\":{\"@type\":\"PropertyValueSpecification\",\"valueRequired\":true,\"valueName\":\"search_term_string\"}}],\"inLanguage\":\"es\"},{\"@type\":\"Organization\",\"@id\":\"https:\/\/www.meliconi.com\/es\/#organization\",\"name\":\"Meliconi\",\"url\":\"https:\/\/www.meliconi.com\/es\/\",\"logo\":{\"@type\":\"ImageObject\",\"inLanguage\":\"es\",\"@id\":\"https:\/\/www.meliconi.com\/es\/#\/schema\/logo\/image\/\",\"url\":\"https:\/\/www.meliconi.com\/wp-content\/uploads\/2021\/06\/logo-meliconi.png\",\"contentUrl\":\"https:\/\/www.meliconi.com\/wp-content\/uploads\/2021\/06\/logo-meliconi.png\",\"width\":338,\"height\":102,\"caption\":\"Meliconi\"},\"image\":{\"@id\":\"https:\/\/www.meliconi.com\/es\/#\/schema\/logo\/image\/\"}}]}<\/script>\n<!-- \/ Yoast SEO plugin. -->","yoast_head_json":{"title":"400 TILT'N'TURN CG - Meliconi","robots":{"index":"index","follow":"follow","max-snippet":"max-snippet:-1","max-image-preview":"max-image-preview:large","max-video-preview":"max-video-preview:-1"},"canonical":"https:\/\/www.meliconi.com\/es\/producto\/400-tiltnturn-cg\/","og_locale":"es_ES","og_type":"article","og_title":"400 TILT'N'TURN CG - Meliconi","og_description":"Soporte de TV basculante","og_url":"https:\/\/www.meliconi.com\/es\/producto\/400-tiltnturn-cg\/","og_site_name":"Meliconi","article_modified_time":"2025-04-08T07:35:56+00:00","og_image":[{"width":866,"height":1024,"url":"https:\/\/www.meliconi.com\/wp-content\/uploads\/2022\/09\/Extra-400-Tilt-n-Turn-3-4-866x1024.png","type":"image\/png"}],"twitter_card":"summary_large_image","twitter_misc":{"Tiempo de lectura":"2 minutos"},"schema":{"@context":"https:\/\/schema.org","@graph":[{"@type":"WebPage","@id":"https:\/\/www.meliconi.com\/es\/producto\/400-tiltnturn-cg\/","url":"https:\/\/www.meliconi.com\/es\/producto\/400-tiltnturn-cg\/","name":"400 TILT'N'TURN CG - Meliconi","isPartOf":{"@id":"https:\/\/www.meliconi.com\/es\/#website"},"primaryImageOfPage":{"@id":"https:\/\/www.meliconi.com\/es\/producto\/400-tiltnturn-cg\/#primaryimage"},"image":{"@id":"https:\/\/www.meliconi.com\/es\/producto\/400-tiltnturn-cg\/#primaryimage"},"thumbnailUrl":"https:\/\/www.meliconi.com\/wp-content\/uploads\/2022\/09\/Extra-400-Tilt-n-Turn-3-4.png","datePublished":"2024-06-20T06:36:50+00:00","dateModified":"2025-04-08T07:35:56+00:00","breadcrumb":{"@id":"https:\/\/www.meliconi.com\/es\/producto\/400-tiltnturn-cg\/#breadcrumb"},"inLanguage":"es","potentialAction":[{"@type":"ReadAction","target":["https:\/\/www.meliconi.com\/es\/producto\/400-tiltnturn-cg\/"]}]},{"@type":"ImageObject","inLanguage":"es","@id":"https:\/\/www.meliconi.com\/es\/producto\/400-tiltnturn-cg\/#primaryimage","url":"https:\/\/www.meliconi.com\/wp-content\/uploads\/2022\/09\/Extra-400-Tilt-n-Turn-3-4.png","contentUrl":"https:\/\/www.meliconi.com\/wp-content\/uploads\/2022\/09\/Extra-400-Tilt-n-Turn-3-4.png","width":2914,"height":3447},{"@type":"BreadcrumbList","@id":"https:\/\/www.meliconi.com\/es\/producto\/400-tiltnturn-cg\/#breadcrumb","itemListElement":[{"@type":"ListItem","position":1,"name":"Home","item":"https:\/\/www.meliconi.com\/es\/"},{"@type":"ListItem","position":2,"name":"Shop","item":"https:\/\/www.meliconi.com\/es\/shop-es\/"},{"@type":"ListItem","position":3,"name":"400 TILT&#8217;N&#8217;TURN CG"}]},{"@type":"WebSite","@id":"https:\/\/www.meliconi.com\/es\/#website","url":"https:\/\/www.meliconi.com\/es\/","name":"Meliconi","description":"El especialista en accesorios ","publisher":{"@id":"https:\/\/www.meliconi.com\/es\/#organization"},"potentialAction":[{"@type":"SearchAction","target":{"@type":"EntryPoint","urlTemplate":"https:\/\/www.meliconi.com\/es\/?s={search_term_string}"},"query-input":{"@type":"PropertyValueSpecification","valueRequired":true,"valueName":"search_term_string"}}],"inLanguage":"es"},{"@type":"Organization","@id":"https:\/\/www.meliconi.com\/es\/#organization","name":"Meliconi","url":"https:\/\/www.meliconi.com\/es\/","logo":{"@type":"ImageObject","inLanguage":"es","@id":"https:\/\/www.meliconi.com\/es\/#\/schema\/logo\/image\/","url":"https:\/\/www.meliconi.com\/wp-content\/uploads\/2021\/06\/logo-meliconi.png","contentUrl":"https:\/\/www.meliconi.com\/wp-content\/uploads\/2021\/06\/logo-meliconi.png","width":338,"height":102,"caption":"Meliconi"},"image":{"@id":"https:\/\/www.meliconi.com\/es\/#\/schema\/logo\/image\/"}}]}},"_links":{"self":[{"href":"https:\/\/www.meliconi.com\/es\/wp-json\/wp\/v2\/product\/65419","targetHints":{"allow":["GET"]}}],"collection":[{"href":"https:\/\/www.meliconi.com\/es\/wp-json\/wp\/v2\/product"}],"about":[{"href":"https:\/\/www.meliconi.com\/es\/wp-json\/wp\/v2\/types\/product"}],"wp:featuredmedia":[{"embeddable":true,"href":"https:\/\/www.meliconi.com\/es\/wp-json\/wp\/v2\/media\/17756"}],"wp:attachment":[{"href":"https:\/\/www.meliconi.com\/es\/wp-json\/wp\/v2\/media?parent=65419"}],"wp:term":[{"taxonomy":"product_cat","embeddable":true,"href":"https:\/\/www.meliconi.com\/es\/wp-json\/wp\/v2\/product_cat?post=65419"},{"taxonomy":"product_tag","embeddable":true,"href":"https:\/\/www.meliconi.com\/es\/wp-json\/wp\/v2\/product_tag?post=65419"}],"curies":[{"name":"wp","href":"https:\/\/api.w.org\/{rel}","templated":true}]}}