{"id":65097,"date":"2024-10-18T10:20:24","date_gmt":"2024-10-18T08:20:24","guid":{"rendered":"https:\/\/www.meliconi.com\/prodotto\/torre-up\/"},"modified":"2025-04-04T16:10:44","modified_gmt":"2025-04-04T14:10:44","slug":"torre-up","status":"publish","type":"product","link":"https:\/\/www.meliconi.com\/es\/producto\/torre-up\/","title":{"rendered":"Torre Up"},"content":{"rendered":"<p>El nuevo kit de superposici\u00f3n Torre Up permite ordenar el lavadero apilando la secadora sobre la lavadora, ahorrando espacio \u00fatil.<br \/>\nUniversal, compatible con la mayor\u00eda de las lavadoras y secadoras de carga frontal de 60 cm de ancho y m\u00e1s de 70 cm de fondo.<br \/>\nConfirmando el compromiso de Meliconi con el planeta, Torre Up se ha desarrollado con un 30% de pl\u00e1stico reciclado. Este porcentaje permite reducir el impacto medioambiental sin dejar de garantizar resistencia y estabilidad.<\/p>\n<p>EASY LEVEL los nuevos kits de apilamiento Meliconi son los \u00fanicos con una combinaci\u00f3n de dos burbujas de alineaci\u00f3n en los dos ejes que permiten nivelar la lavadora antes de apilar la secadora, para obtener una columna de ropa perfectamente alineada.<\/p>\n<p>Compatible con todas las lavadoras de carga frontal que tengan un m\u00ednimo de 45 cm de profundidad, y con las secadoras de carga frontal que tambi\u00e9n tengan m\u00e1s de 60 cm de profundidad (la distancia entre las patas de la secadora debe ser de 54 cm como m\u00e1ximo).<\/p>\n<p>Peso m\u00e1ximo soportado: 250 kg.<br \/>\nSe incluye un cintur\u00f3n de seguridad de 6 metros con hebilla met\u00e1lica.<br \/>\nPremontado, f\u00e1cil y r\u00e1pido de instalar.<\/p>\n<div style=\"width: 1920px;\" class=\"wp-video\"><!--[if lt IE 9]><script>document.createElement('video');<\/script><![endif]-->\n<video class=\"wp-video-shortcode\" id=\"video-65097-1\" width=\"1920\" height=\"1080\" preload=\"metadata\" controls=\"controls\"><source type=\"video\/mp4\" src=\"https:\/\/www.meliconi.com\/wp-content\/uploads\/2024\/10\/TORRE-UP-L60-ITA.mp4?_=1\" \/><a href=\"https:\/\/www.meliconi.com\/wp-content\/uploads\/2024\/10\/TORRE-UP-L60-ITA.mp4\">https:\/\/www.meliconi.com\/wp-content\/uploads\/2024\/10\/TORRE-UP-L60-ITA.mp4<\/a><\/video><\/div>\n","protected":false},"excerpt":{"rendered":"<p>\u2022 Universal, compatible con la mayor\u00eda de las lavadoras y secadoras de carga frontal de 60 cm de ancho y m\u00e1s de 70 cm de profundidad.<br \/>\n\u2022 Portada m\u00e1xima 250 Kg<br \/>\n\u2022 Permite ganar espacio colocando la secadora sobre la lavadora.<br \/>\n\u2022 Estructura de tecnopol\u00edmero reforzado de alta resistencia que asegura la estabilidad de los electrodom\u00e9sticos.<br \/>\n\u2022 Incluye correa de seguridad de 6 metros con hebilla de metal.<br \/>\n\u2022 Premontado, r\u00e1pido de instala.<\/p>\n","protected":false},"featured_media":62180,"template":"","meta":{"_acf_changed":false},"product_cat":[267],"product_tag":[],"class_list":{"0":"post-65097","1":"product","2":"type-product","3":"status-publish","4":"has-post-thumbnail","6":"product_cat-kit-de-superposicion-es","8":"first","9":"instock","10":"taxable","11":"shipping-taxable","12":"purchasable","13":"product-type-simple"},"acf":[],"yoast_head":"<!-- This site is optimized with the Yoast SEO plugin v26.1.1 - https:\/\/yoast.com\/wordpress\/plugins\/seo\/ -->\n<title>Torre Up - Meliconi<\/title>\n<meta name=\"description\" content=\"Kit de solape para lavadora y secadora, universal y premontado. Fabricado en tecnopol\u00edmero s\u00f3lido, parcialmente reciclado. Certificado T\u00dcV S\u00dcD\" \/>\n<meta name=\"robots\" content=\"index, follow, max-snippet:-1, max-image-preview:large, max-video-preview:-1\" \/>\n<link rel=\"canonical\" href=\"https:\/\/www.meliconi.com\/es\/producto\/torre-up\/\" \/>\n<meta property=\"og:locale\" content=\"es_ES\" \/>\n<meta property=\"og:type\" content=\"article\" \/>\n<meta property=\"og:title\" content=\"Torre Up - Meliconi\" \/>\n<meta property=\"og:description\" content=\"Kit de solape para lavadora y secadora, universal y premontado. Fabricado en tecnopol\u00edmero s\u00f3lido, parcialmente reciclado. Certificado T\u00dcV S\u00dcD\" \/>\n<meta property=\"og:url\" content=\"https:\/\/www.meliconi.com\/es\/producto\/torre-up\/\" \/>\n<meta property=\"og:site_name\" content=\"Meliconi\" \/>\n<meta property=\"article:modified_time\" content=\"2025-04-04T14:10:44+00:00\" \/>\n<meta property=\"og:image\" content=\"https:\/\/www.meliconi.com\/wp-content\/uploads\/2024\/10\/656131_TORRE_UP_con_ombra-1024x724.png\" \/>\n\t<meta property=\"og:image:width\" content=\"1024\" \/>\n\t<meta property=\"og:image:height\" content=\"724\" \/>\n\t<meta property=\"og:image:type\" content=\"image\/png\" \/>\n<meta name=\"twitter:card\" content=\"summary_large_image\" \/>\n<meta name=\"twitter:label1\" content=\"Tiempo de lectura\" \/>\n\t<meta name=\"twitter:data1\" content=\"2 minutos\" \/>\n<script type=\"application\/ld+json\" class=\"yoast-schema-graph\">{\"@context\":\"https:\/\/schema.org\",\"@graph\":[{\"@type\":\"WebPage\",\"@id\":\"https:\/\/www.meliconi.com\/es\/producto\/torre-up\/\",\"url\":\"https:\/\/www.meliconi.com\/es\/producto\/torre-up\/\",\"name\":\"Torre Up - Meliconi\",\"isPartOf\":{\"@id\":\"https:\/\/www.meliconi.com\/es\/#website\"},\"primaryImageOfPage\":{\"@id\":\"https:\/\/www.meliconi.com\/es\/producto\/torre-up\/#primaryimage\"},\"image\":{\"@id\":\"https:\/\/www.meliconi.com\/es\/producto\/torre-up\/#primaryimage\"},\"thumbnailUrl\":\"https:\/\/www.meliconi.com\/wp-content\/uploads\/2024\/10\/656131_TORRE_UP_con_ombra.png\",\"datePublished\":\"2024-10-18T08:20:24+00:00\",\"dateModified\":\"2025-04-04T14:10:44+00:00\",\"description\":\"Kit de solape para lavadora y secadora, universal y premontado. Fabricado en tecnopol\u00edmero s\u00f3lido, parcialmente reciclado. Certificado T\u00dcV S\u00dcD\",\"breadcrumb\":{\"@id\":\"https:\/\/www.meliconi.com\/es\/producto\/torre-up\/#breadcrumb\"},\"inLanguage\":\"es\",\"potentialAction\":[{\"@type\":\"ReadAction\",\"target\":[\"https:\/\/www.meliconi.com\/es\/producto\/torre-up\/\"]}]},{\"@type\":\"ImageObject\",\"inLanguage\":\"es\",\"@id\":\"https:\/\/www.meliconi.com\/es\/producto\/torre-up\/#primaryimage\",\"url\":\"https:\/\/www.meliconi.com\/wp-content\/uploads\/2024\/10\/656131_TORRE_UP_con_ombra.png\",\"contentUrl\":\"https:\/\/www.meliconi.com\/wp-content\/uploads\/2024\/10\/656131_TORRE_UP_con_ombra.png\",\"width\":5000,\"height\":3535},{\"@type\":\"BreadcrumbList\",\"@id\":\"https:\/\/www.meliconi.com\/es\/producto\/torre-up\/#breadcrumb\",\"itemListElement\":[{\"@type\":\"ListItem\",\"position\":1,\"name\":\"Home\",\"item\":\"https:\/\/www.meliconi.com\/es\/\"},{\"@type\":\"ListItem\",\"position\":2,\"name\":\"Shop\",\"item\":\"https:\/\/www.meliconi.com\/es\/shop-es\/\"},{\"@type\":\"ListItem\",\"position\":3,\"name\":\"Torre Up\"}]},{\"@type\":\"WebSite\",\"@id\":\"https:\/\/www.meliconi.com\/es\/#website\",\"url\":\"https:\/\/www.meliconi.com\/es\/\",\"name\":\"Meliconi\",\"description\":\"El especialista en accesorios \",\"publisher\":{\"@id\":\"https:\/\/www.meliconi.com\/es\/#organization\"},\"potentialAction\":[{\"@type\":\"SearchAction\",\"target\":{\"@type\":\"EntryPoint\",\"urlTemplate\":\"https:\/\/www.meliconi.com\/es\/?s={search_term_string}\"},\"query-input\":{\"@type\":\"PropertyValueSpecification\",\"valueRequired\":true,\"valueName\":\"search_term_string\"}}],\"inLanguage\":\"es\"},{\"@type\":\"Organization\",\"@id\":\"https:\/\/www.meliconi.com\/es\/#organization\",\"name\":\"Meliconi\",\"url\":\"https:\/\/www.meliconi.com\/es\/\",\"logo\":{\"@type\":\"ImageObject\",\"inLanguage\":\"es\",\"@id\":\"https:\/\/www.meliconi.com\/es\/#\/schema\/logo\/image\/\",\"url\":\"https:\/\/www.meliconi.com\/wp-content\/uploads\/2021\/06\/logo-meliconi.png\",\"contentUrl\":\"https:\/\/www.meliconi.com\/wp-content\/uploads\/2021\/06\/logo-meliconi.png\",\"width\":338,\"height\":102,\"caption\":\"Meliconi\"},\"image\":{\"@id\":\"https:\/\/www.meliconi.com\/es\/#\/schema\/logo\/image\/\"}}]}<\/script>\n<!-- \/ Yoast SEO plugin. -->","yoast_head_json":{"title":"Torre Up - Meliconi","description":"Kit de solape para lavadora y secadora, universal y premontado. Fabricado en tecnopol\u00edmero s\u00f3lido, parcialmente reciclado. Certificado T\u00dcV S\u00dcD","robots":{"index":"index","follow":"follow","max-snippet":"max-snippet:-1","max-image-preview":"max-image-preview:large","max-video-preview":"max-video-preview:-1"},"canonical":"https:\/\/www.meliconi.com\/es\/producto\/torre-up\/","og_locale":"es_ES","og_type":"article","og_title":"Torre Up - Meliconi","og_description":"Kit de solape para lavadora y secadora, universal y premontado. Fabricado en tecnopol\u00edmero s\u00f3lido, parcialmente reciclado. Certificado T\u00dcV S\u00dcD","og_url":"https:\/\/www.meliconi.com\/es\/producto\/torre-up\/","og_site_name":"Meliconi","article_modified_time":"2025-04-04T14:10:44+00:00","og_image":[{"width":1024,"height":724,"url":"https:\/\/www.meliconi.com\/wp-content\/uploads\/2024\/10\/656131_TORRE_UP_con_ombra-1024x724.png","type":"image\/png"}],"twitter_card":"summary_large_image","twitter_misc":{"Tiempo de lectura":"2 minutos"},"schema":{"@context":"https:\/\/schema.org","@graph":[{"@type":"WebPage","@id":"https:\/\/www.meliconi.com\/es\/producto\/torre-up\/","url":"https:\/\/www.meliconi.com\/es\/producto\/torre-up\/","name":"Torre Up - Meliconi","isPartOf":{"@id":"https:\/\/www.meliconi.com\/es\/#website"},"primaryImageOfPage":{"@id":"https:\/\/www.meliconi.com\/es\/producto\/torre-up\/#primaryimage"},"image":{"@id":"https:\/\/www.meliconi.com\/es\/producto\/torre-up\/#primaryimage"},"thumbnailUrl":"https:\/\/www.meliconi.com\/wp-content\/uploads\/2024\/10\/656131_TORRE_UP_con_ombra.png","datePublished":"2024-10-18T08:20:24+00:00","dateModified":"2025-04-04T14:10:44+00:00","description":"Kit de solape para lavadora y secadora, universal y premontado. Fabricado en tecnopol\u00edmero s\u00f3lido, parcialmente reciclado. Certificado T\u00dcV S\u00dcD","breadcrumb":{"@id":"https:\/\/www.meliconi.com\/es\/producto\/torre-up\/#breadcrumb"},"inLanguage":"es","potentialAction":[{"@type":"ReadAction","target":["https:\/\/www.meliconi.com\/es\/producto\/torre-up\/"]}]},{"@type":"ImageObject","inLanguage":"es","@id":"https:\/\/www.meliconi.com\/es\/producto\/torre-up\/#primaryimage","url":"https:\/\/www.meliconi.com\/wp-content\/uploads\/2024\/10\/656131_TORRE_UP_con_ombra.png","contentUrl":"https:\/\/www.meliconi.com\/wp-content\/uploads\/2024\/10\/656131_TORRE_UP_con_ombra.png","width":5000,"height":3535},{"@type":"BreadcrumbList","@id":"https:\/\/www.meliconi.com\/es\/producto\/torre-up\/#breadcrumb","itemListElement":[{"@type":"ListItem","position":1,"name":"Home","item":"https:\/\/www.meliconi.com\/es\/"},{"@type":"ListItem","position":2,"name":"Shop","item":"https:\/\/www.meliconi.com\/es\/shop-es\/"},{"@type":"ListItem","position":3,"name":"Torre Up"}]},{"@type":"WebSite","@id":"https:\/\/www.meliconi.com\/es\/#website","url":"https:\/\/www.meliconi.com\/es\/","name":"Meliconi","description":"El especialista en accesorios ","publisher":{"@id":"https:\/\/www.meliconi.com\/es\/#organization"},"potentialAction":[{"@type":"SearchAction","target":{"@type":"EntryPoint","urlTemplate":"https:\/\/www.meliconi.com\/es\/?s={search_term_string}"},"query-input":{"@type":"PropertyValueSpecification","valueRequired":true,"valueName":"search_term_string"}}],"inLanguage":"es"},{"@type":"Organization","@id":"https:\/\/www.meliconi.com\/es\/#organization","name":"Meliconi","url":"https:\/\/www.meliconi.com\/es\/","logo":{"@type":"ImageObject","inLanguage":"es","@id":"https:\/\/www.meliconi.com\/es\/#\/schema\/logo\/image\/","url":"https:\/\/www.meliconi.com\/wp-content\/uploads\/2021\/06\/logo-meliconi.png","contentUrl":"https:\/\/www.meliconi.com\/wp-content\/uploads\/2021\/06\/logo-meliconi.png","width":338,"height":102,"caption":"Meliconi"},"image":{"@id":"https:\/\/www.meliconi.com\/es\/#\/schema\/logo\/image\/"}}]}},"_links":{"self":[{"href":"https:\/\/www.meliconi.com\/es\/wp-json\/wp\/v2\/product\/65097","targetHints":{"allow":["GET"]}}],"collection":[{"href":"https:\/\/www.meliconi.com\/es\/wp-json\/wp\/v2\/product"}],"about":[{"href":"https:\/\/www.meliconi.com\/es\/wp-json\/wp\/v2\/types\/product"}],"wp:featuredmedia":[{"embeddable":true,"href":"https:\/\/www.meliconi.com\/es\/wp-json\/wp\/v2\/media\/62180"}],"wp:attachment":[{"href":"https:\/\/www.meliconi.com\/es\/wp-json\/wp\/v2\/media?parent=65097"}],"wp:term":[{"taxonomy":"product_cat","embeddable":true,"href":"https:\/\/www.meliconi.com\/es\/wp-json\/wp\/v2\/product_cat?post=65097"},{"taxonomy":"product_tag","embeddable":true,"href":"https:\/\/www.meliconi.com\/es\/wp-json\/wp\/v2\/product_tag?post=65097"}],"curies":[{"name":"wp","href":"https:\/\/api.w.org\/{rel}","templated":true}]}}