{"id":64642,"date":"2025-03-18T10:42:03","date_gmt":"2025-03-18T09:42:03","guid":{"rendered":"https:\/\/www.meliconi.com\/?post_type=product&#038;p=64642"},"modified":"2025-04-29T15:58:36","modified_gmt":"2025-04-29T13:58:36","slug":"tlc-evo-9-para-tv-hisense","status":"publish","type":"product","link":"https:\/\/www.meliconi.com\/es\/producto\/tlc-evo-9-para-tv-hisense\/","title":{"rendered":"TLC evo 9 para TV HISENSE"},"content":{"rendered":"<p>\u2022 Mando a distancia de sustituci\u00f3n para tv digital HISENSE.<\/p>\n<p>\u2022 Ya programado para los televisores HISENSE (no requiere c\u00f3digo de programaci\u00f3n; puede requerir un simple ajuste inicial para funcionar de manera \u00f3ptima).<\/p>\n<p>\u2022 Todas las funciones de los mandos a distancia originales est\u00e1n disponibles. Gracias a las tablas disponibles en www.cme.it, es posible comprobar exactamente a cuales teclas corresponden las funciones originales deseadas.<\/p>\n<p>\u2022 Teclado completo (50 teclas). Otras funciones infrarrojas originales disponibles con la tecla M.<\/p>\n<p>\u2022 Acceso directo a las funciones Home, Netflix, Prime video, YouTube en los televisores Smart.<\/p>\n<p>\u2022 Soporte web espec\u00edfico en espa\u00f1ol en www.cme.it (tablas de correspondencia de teclas \/ funciones, manual de uso completo, videogu\u00eda de las funciones avanzadas).<\/p>\n","protected":false},"excerpt":{"rendered":"<p>Mando a distancia de repuesto para TV HISENSE. Listo para usar. Todas las funciones originales disponibles. Soporte web completo.<\/p>\n","protected":false},"featured_media":64643,"template":"","meta":{"_acf_changed":false},"product_cat":[346],"product_tag":[],"class_list":{"0":"post-64642","1":"product","2":"type-product","3":"status-publish","4":"has-post-thumbnail","6":"product_cat-mandos-a-distancia-es","7":"pa_tipo-telecomando-de-repuesto","9":"first","10":"instock","11":"taxable","12":"shipping-taxable","13":"product-type-simple"},"acf":[],"yoast_head":"<!-- This site is optimized with the Yoast SEO plugin v26.1.1 - https:\/\/yoast.com\/wordpress\/plugins\/seo\/ -->\n<title>TLC evo 9 para TV HISENSE - Meliconi<\/title>\n<meta name=\"robots\" content=\"index, follow, max-snippet:-1, max-image-preview:large, max-video-preview:-1\" \/>\n<link rel=\"canonical\" href=\"https:\/\/www.meliconi.com\/es\/producto\/tlc-evo-9-para-tv-hisense\/\" \/>\n<meta property=\"og:locale\" content=\"es_ES\" \/>\n<meta property=\"og:type\" content=\"article\" \/>\n<meta property=\"og:title\" content=\"TLC evo 9 para TV HISENSE - Meliconi\" \/>\n<meta property=\"og:description\" content=\"Mando a distancia de repuesto para TV HISENSE. Listo para usar. Todas las funciones originales disponibles. Soporte web completo.\" \/>\n<meta property=\"og:url\" content=\"https:\/\/www.meliconi.com\/es\/producto\/tlc-evo-9-para-tv-hisense\/\" \/>\n<meta property=\"og:site_name\" content=\"Meliconi\" \/>\n<meta property=\"article:modified_time\" content=\"2025-04-29T13:58:36+00:00\" \/>\n<meta property=\"og:image\" content=\"https:\/\/www.meliconi.com\/wp-content\/uploads\/2025\/03\/808047_TLC-evo-9-OK-724x1024.png\" \/>\n\t<meta property=\"og:image:width\" content=\"724\" \/>\n\t<meta property=\"og:image:height\" content=\"1024\" \/>\n\t<meta property=\"og:image:type\" content=\"image\/png\" \/>\n<meta name=\"twitter:card\" content=\"summary_large_image\" \/>\n<meta name=\"twitter:label1\" content=\"Tiempo de lectura\" \/>\n\t<meta name=\"twitter:data1\" content=\"1 minuto\" \/>\n<script type=\"application\/ld+json\" class=\"yoast-schema-graph\">{\"@context\":\"https:\/\/schema.org\",\"@graph\":[{\"@type\":\"WebPage\",\"@id\":\"https:\/\/www.meliconi.com\/es\/producto\/tlc-evo-9-para-tv-hisense\/\",\"url\":\"https:\/\/www.meliconi.com\/es\/producto\/tlc-evo-9-para-tv-hisense\/\",\"name\":\"TLC evo 9 para TV HISENSE - Meliconi\",\"isPartOf\":{\"@id\":\"https:\/\/www.meliconi.com\/es\/#website\"},\"primaryImageOfPage\":{\"@id\":\"https:\/\/www.meliconi.com\/es\/producto\/tlc-evo-9-para-tv-hisense\/#primaryimage\"},\"image\":{\"@id\":\"https:\/\/www.meliconi.com\/es\/producto\/tlc-evo-9-para-tv-hisense\/#primaryimage\"},\"thumbnailUrl\":\"https:\/\/www.meliconi.com\/wp-content\/uploads\/2025\/03\/808047_TLC-evo-9-OK.png\",\"datePublished\":\"2025-03-18T09:42:03+00:00\",\"dateModified\":\"2025-04-29T13:58:36+00:00\",\"breadcrumb\":{\"@id\":\"https:\/\/www.meliconi.com\/es\/producto\/tlc-evo-9-para-tv-hisense\/#breadcrumb\"},\"inLanguage\":\"es\",\"potentialAction\":[{\"@type\":\"ReadAction\",\"target\":[\"https:\/\/www.meliconi.com\/es\/producto\/tlc-evo-9-para-tv-hisense\/\"]}]},{\"@type\":\"ImageObject\",\"inLanguage\":\"es\",\"@id\":\"https:\/\/www.meliconi.com\/es\/producto\/tlc-evo-9-para-tv-hisense\/#primaryimage\",\"url\":\"https:\/\/www.meliconi.com\/wp-content\/uploads\/2025\/03\/808047_TLC-evo-9-OK.png\",\"contentUrl\":\"https:\/\/www.meliconi.com\/wp-content\/uploads\/2025\/03\/808047_TLC-evo-9-OK.png\",\"width\":4240,\"height\":6000},{\"@type\":\"BreadcrumbList\",\"@id\":\"https:\/\/www.meliconi.com\/es\/producto\/tlc-evo-9-para-tv-hisense\/#breadcrumb\",\"itemListElement\":[{\"@type\":\"ListItem\",\"position\":1,\"name\":\"Home\",\"item\":\"https:\/\/www.meliconi.com\/es\/\"},{\"@type\":\"ListItem\",\"position\":2,\"name\":\"Shop\",\"item\":\"https:\/\/www.meliconi.com\/es\/shop-es\/\"},{\"@type\":\"ListItem\",\"position\":3,\"name\":\"TLC evo 9 para TV HISENSE\"}]},{\"@type\":\"WebSite\",\"@id\":\"https:\/\/www.meliconi.com\/es\/#website\",\"url\":\"https:\/\/www.meliconi.com\/es\/\",\"name\":\"Meliconi\",\"description\":\"El especialista en accesorios \",\"publisher\":{\"@id\":\"https:\/\/www.meliconi.com\/es\/#organization\"},\"potentialAction\":[{\"@type\":\"SearchAction\",\"target\":{\"@type\":\"EntryPoint\",\"urlTemplate\":\"https:\/\/www.meliconi.com\/es\/?s={search_term_string}\"},\"query-input\":{\"@type\":\"PropertyValueSpecification\",\"valueRequired\":true,\"valueName\":\"search_term_string\"}}],\"inLanguage\":\"es\"},{\"@type\":\"Organization\",\"@id\":\"https:\/\/www.meliconi.com\/es\/#organization\",\"name\":\"Meliconi\",\"url\":\"https:\/\/www.meliconi.com\/es\/\",\"logo\":{\"@type\":\"ImageObject\",\"inLanguage\":\"es\",\"@id\":\"https:\/\/www.meliconi.com\/es\/#\/schema\/logo\/image\/\",\"url\":\"https:\/\/www.meliconi.com\/wp-content\/uploads\/2021\/06\/logo-meliconi.png\",\"contentUrl\":\"https:\/\/www.meliconi.com\/wp-content\/uploads\/2021\/06\/logo-meliconi.png\",\"width\":338,\"height\":102,\"caption\":\"Meliconi\"},\"image\":{\"@id\":\"https:\/\/www.meliconi.com\/es\/#\/schema\/logo\/image\/\"}}]}<\/script>\n<!-- \/ Yoast SEO plugin. -->","yoast_head_json":{"title":"TLC evo 9 para TV HISENSE - Meliconi","robots":{"index":"index","follow":"follow","max-snippet":"max-snippet:-1","max-image-preview":"max-image-preview:large","max-video-preview":"max-video-preview:-1"},"canonical":"https:\/\/www.meliconi.com\/es\/producto\/tlc-evo-9-para-tv-hisense\/","og_locale":"es_ES","og_type":"article","og_title":"TLC evo 9 para TV HISENSE - Meliconi","og_description":"Mando a distancia de repuesto para TV HISENSE. Listo para usar. Todas las funciones originales disponibles. Soporte web completo.","og_url":"https:\/\/www.meliconi.com\/es\/producto\/tlc-evo-9-para-tv-hisense\/","og_site_name":"Meliconi","article_modified_time":"2025-04-29T13:58:36+00:00","og_image":[{"width":724,"height":1024,"url":"https:\/\/www.meliconi.com\/wp-content\/uploads\/2025\/03\/808047_TLC-evo-9-OK-724x1024.png","type":"image\/png"}],"twitter_card":"summary_large_image","twitter_misc":{"Tiempo de lectura":"1 minuto"},"schema":{"@context":"https:\/\/schema.org","@graph":[{"@type":"WebPage","@id":"https:\/\/www.meliconi.com\/es\/producto\/tlc-evo-9-para-tv-hisense\/","url":"https:\/\/www.meliconi.com\/es\/producto\/tlc-evo-9-para-tv-hisense\/","name":"TLC evo 9 para TV HISENSE - Meliconi","isPartOf":{"@id":"https:\/\/www.meliconi.com\/es\/#website"},"primaryImageOfPage":{"@id":"https:\/\/www.meliconi.com\/es\/producto\/tlc-evo-9-para-tv-hisense\/#primaryimage"},"image":{"@id":"https:\/\/www.meliconi.com\/es\/producto\/tlc-evo-9-para-tv-hisense\/#primaryimage"},"thumbnailUrl":"https:\/\/www.meliconi.com\/wp-content\/uploads\/2025\/03\/808047_TLC-evo-9-OK.png","datePublished":"2025-03-18T09:42:03+00:00","dateModified":"2025-04-29T13:58:36+00:00","breadcrumb":{"@id":"https:\/\/www.meliconi.com\/es\/producto\/tlc-evo-9-para-tv-hisense\/#breadcrumb"},"inLanguage":"es","potentialAction":[{"@type":"ReadAction","target":["https:\/\/www.meliconi.com\/es\/producto\/tlc-evo-9-para-tv-hisense\/"]}]},{"@type":"ImageObject","inLanguage":"es","@id":"https:\/\/www.meliconi.com\/es\/producto\/tlc-evo-9-para-tv-hisense\/#primaryimage","url":"https:\/\/www.meliconi.com\/wp-content\/uploads\/2025\/03\/808047_TLC-evo-9-OK.png","contentUrl":"https:\/\/www.meliconi.com\/wp-content\/uploads\/2025\/03\/808047_TLC-evo-9-OK.png","width":4240,"height":6000},{"@type":"BreadcrumbList","@id":"https:\/\/www.meliconi.com\/es\/producto\/tlc-evo-9-para-tv-hisense\/#breadcrumb","itemListElement":[{"@type":"ListItem","position":1,"name":"Home","item":"https:\/\/www.meliconi.com\/es\/"},{"@type":"ListItem","position":2,"name":"Shop","item":"https:\/\/www.meliconi.com\/es\/shop-es\/"},{"@type":"ListItem","position":3,"name":"TLC evo 9 para TV HISENSE"}]},{"@type":"WebSite","@id":"https:\/\/www.meliconi.com\/es\/#website","url":"https:\/\/www.meliconi.com\/es\/","name":"Meliconi","description":"El especialista en accesorios ","publisher":{"@id":"https:\/\/www.meliconi.com\/es\/#organization"},"potentialAction":[{"@type":"SearchAction","target":{"@type":"EntryPoint","urlTemplate":"https:\/\/www.meliconi.com\/es\/?s={search_term_string}"},"query-input":{"@type":"PropertyValueSpecification","valueRequired":true,"valueName":"search_term_string"}}],"inLanguage":"es"},{"@type":"Organization","@id":"https:\/\/www.meliconi.com\/es\/#organization","name":"Meliconi","url":"https:\/\/www.meliconi.com\/es\/","logo":{"@type":"ImageObject","inLanguage":"es","@id":"https:\/\/www.meliconi.com\/es\/#\/schema\/logo\/image\/","url":"https:\/\/www.meliconi.com\/wp-content\/uploads\/2021\/06\/logo-meliconi.png","contentUrl":"https:\/\/www.meliconi.com\/wp-content\/uploads\/2021\/06\/logo-meliconi.png","width":338,"height":102,"caption":"Meliconi"},"image":{"@id":"https:\/\/www.meliconi.com\/es\/#\/schema\/logo\/image\/"}}]}},"_links":{"self":[{"href":"https:\/\/www.meliconi.com\/es\/wp-json\/wp\/v2\/product\/64642","targetHints":{"allow":["GET"]}}],"collection":[{"href":"https:\/\/www.meliconi.com\/es\/wp-json\/wp\/v2\/product"}],"about":[{"href":"https:\/\/www.meliconi.com\/es\/wp-json\/wp\/v2\/types\/product"}],"wp:featuredmedia":[{"embeddable":true,"href":"https:\/\/www.meliconi.com\/es\/wp-json\/wp\/v2\/media\/64643"}],"wp:attachment":[{"href":"https:\/\/www.meliconi.com\/es\/wp-json\/wp\/v2\/media?parent=64642"}],"wp:term":[{"taxonomy":"product_cat","embeddable":true,"href":"https:\/\/www.meliconi.com\/es\/wp-json\/wp\/v2\/product_cat?post=64642"},{"taxonomy":"product_tag","embeddable":true,"href":"https:\/\/www.meliconi.com\/es\/wp-json\/wp\/v2\/product_tag?post=64642"}],"curies":[{"name":"wp","href":"https:\/\/api.w.org\/{rel}","templated":true}]}}