{"id":64626,"date":"2025-03-18T10:36:32","date_gmt":"2025-03-18T09:36:32","guid":{"rendered":"https:\/\/www.meliconi.com\/?post_type=product&#038;p=64626"},"modified":"2025-03-20T12:02:28","modified_gmt":"2025-03-20T11:02:28","slug":"tlc-evo-6-para-tv","status":"publish","type":"product","link":"https:\/\/www.meliconi.com\/es\/producto\/tlc-evo-6-para-tv\/","title":{"rendered":"TLC evo 6 para TV"},"content":{"rendered":"<p>\u2022 Mando a distancia de recambio para 1 TV con sintonizador TDT integrado de las marcas indicadas a continuaci\u00f3n (*). Reemplaza el mando a distancia por infrarrojos original defectuoso, perdido o roto.<\/p>\n<p>\u2022 Ya programado, no requiere ingresar c\u00f3digo de programaci\u00f3n; sin embargo, es posible que sea necesario un simple ajuste inicial para un funcionamiento \u00f3ptimo.<\/p>\n<p>\u2022 Todas las funciones infrarrojas originales disponibles. Teclado completo (50 teclas), se puede accede a funciones secundarias mediante la tecla M.<\/p>\n<p>\u2022 Acceso directo a las funciones Home, Netflix, Prime Video y YouTube del Smart TV.<\/p>\n<p>\u2022 Soporte web completo en www.cme.it (tablas de asignaci\u00f3n de teclas\/funciones, b\u00fasqueda de im\u00e1genes, manual de instrucciones completo, tutoriales en v\u00eddeo, preguntas frecuentes y m\u00e1s).<\/p>\n<p>&nbsp;<\/p>\n<p>(*) AYA \u2022 CLAYTON \u2022 DIGIHOME \u2022 EDENWOOD \u2022 HARROW \u2022 LINETECH \u2022 MANHATTAN \u2022 ORMOND \u2022 TECHNICAL \u2022 TECHWOOD \u2022 TELEFUNKEN \u2022 TUCSON \u2022 WALTHAM \u2022 WELLINGTON \u2022 WESTWOOD \u2022 WINDSOR<\/p>\n","protected":false},"excerpt":{"rendered":"<p>Mando a distancia de repuesto para TV. Listo para usar. Todas las funciones originales disponibles. Soporte web completo.<\/p>\n","protected":false},"featured_media":64632,"template":"","meta":{"_acf_changed":false},"product_brand":[],"product_cat":[346],"product_tag":[],"class_list":{"0":"post-64626","1":"product","2":"type-product","3":"status-publish","4":"has-post-thumbnail","6":"product_cat-mandos-a-distancia-es","8":"first","9":"instock","10":"taxable","11":"shipping-taxable","12":"product-type-simple"},"acf":[],"yoast_head":"<!-- This site is optimized with the Yoast SEO plugin v27.4 - https:\/\/yoast.com\/product\/yoast-seo-wordpress\/ -->\n<title>TLC evo 6 para TV - Meliconi<\/title>\n<meta name=\"robots\" content=\"index, follow, max-snippet:-1, max-image-preview:large, max-video-preview:-1\" \/>\n<link rel=\"canonical\" href=\"https:\/\/www.meliconi.com\/es\/producto\/tlc-evo-6-para-tv\/\" \/>\n<meta property=\"og:locale\" content=\"es_ES\" \/>\n<meta property=\"og:type\" content=\"article\" \/>\n<meta property=\"og:title\" content=\"TLC evo 6 para TV - Meliconi\" \/>\n<meta property=\"og:description\" content=\"Mando a distancia de repuesto para TV. Listo para usar. Todas las funciones originales disponibles. Soporte web completo.\" \/>\n<meta property=\"og:url\" content=\"https:\/\/www.meliconi.com\/es\/producto\/tlc-evo-6-para-tv\/\" \/>\n<meta property=\"og:site_name\" content=\"Meliconi\" \/>\n<meta property=\"article:modified_time\" content=\"2025-03-20T11:02:28+00:00\" \/>\n<meta property=\"og:image\" content=\"https:\/\/www.meliconi.com\/wp-content\/uploads\/2025\/03\/TLC-evo-6.4569-724x1024.png\" \/>\n\t<meta property=\"og:image:width\" content=\"724\" \/>\n\t<meta property=\"og:image:height\" content=\"1024\" \/>\n\t<meta property=\"og:image:type\" content=\"image\/png\" \/>\n<meta name=\"twitter:card\" content=\"summary_large_image\" \/>\n<meta name=\"twitter:label1\" content=\"Tiempo de lectura\" \/>\n\t<meta name=\"twitter:data1\" content=\"1 minuto\" \/>\n<script type=\"application\/ld+json\" class=\"yoast-schema-graph\">{\"@context\":\"https:\\\/\\\/schema.org\",\"@graph\":[{\"@type\":\"WebPage\",\"@id\":\"https:\\\/\\\/www.meliconi.com\\\/es\\\/producto\\\/tlc-evo-6-para-tv\\\/\",\"url\":\"https:\\\/\\\/www.meliconi.com\\\/es\\\/producto\\\/tlc-evo-6-para-tv\\\/\",\"name\":\"TLC evo 6 para TV - Meliconi\",\"isPartOf\":{\"@id\":\"https:\\\/\\\/www.meliconi.com\\\/es\\\/#website\"},\"primaryImageOfPage\":{\"@id\":\"https:\\\/\\\/www.meliconi.com\\\/es\\\/producto\\\/tlc-evo-6-para-tv\\\/#primaryimage\"},\"image\":{\"@id\":\"https:\\\/\\\/www.meliconi.com\\\/es\\\/producto\\\/tlc-evo-6-para-tv\\\/#primaryimage\"},\"thumbnailUrl\":\"https:\\\/\\\/www.meliconi.com\\\/wp-content\\\/uploads\\\/2025\\\/03\\\/TLC-evo-6.4569.png\",\"datePublished\":\"2025-03-18T09:36:32+00:00\",\"dateModified\":\"2025-03-20T11:02:28+00:00\",\"breadcrumb\":{\"@id\":\"https:\\\/\\\/www.meliconi.com\\\/es\\\/producto\\\/tlc-evo-6-para-tv\\\/#breadcrumb\"},\"inLanguage\":\"es\",\"potentialAction\":[{\"@type\":\"ReadAction\",\"target\":[\"https:\\\/\\\/www.meliconi.com\\\/es\\\/producto\\\/tlc-evo-6-para-tv\\\/\"]}]},{\"@type\":\"ImageObject\",\"inLanguage\":\"es\",\"@id\":\"https:\\\/\\\/www.meliconi.com\\\/es\\\/producto\\\/tlc-evo-6-para-tv\\\/#primaryimage\",\"url\":\"https:\\\/\\\/www.meliconi.com\\\/wp-content\\\/uploads\\\/2025\\\/03\\\/TLC-evo-6.4569.png\",\"contentUrl\":\"https:\\\/\\\/www.meliconi.com\\\/wp-content\\\/uploads\\\/2025\\\/03\\\/TLC-evo-6.4569.png\",\"width\":4240,\"height\":6000},{\"@type\":\"BreadcrumbList\",\"@id\":\"https:\\\/\\\/www.meliconi.com\\\/es\\\/producto\\\/tlc-evo-6-para-tv\\\/#breadcrumb\",\"itemListElement\":[{\"@type\":\"ListItem\",\"position\":1,\"name\":\"Home\",\"item\":\"https:\\\/\\\/www.meliconi.com\\\/es\\\/\"},{\"@type\":\"ListItem\",\"position\":2,\"name\":\"Shop\",\"item\":\"https:\\\/\\\/www.meliconi.com\\\/es\\\/shop-es\\\/\"},{\"@type\":\"ListItem\",\"position\":3,\"name\":\"TLC evo 6 para TV\"}]},{\"@type\":\"WebSite\",\"@id\":\"https:\\\/\\\/www.meliconi.com\\\/es\\\/#website\",\"url\":\"https:\\\/\\\/www.meliconi.com\\\/es\\\/\",\"name\":\"Meliconi\",\"description\":\"El especialista en accesorios \",\"publisher\":{\"@id\":\"https:\\\/\\\/www.meliconi.com\\\/es\\\/#organization\"},\"potentialAction\":[{\"@type\":\"SearchAction\",\"target\":{\"@type\":\"EntryPoint\",\"urlTemplate\":\"https:\\\/\\\/www.meliconi.com\\\/es\\\/?s={search_term_string}\"},\"query-input\":{\"@type\":\"PropertyValueSpecification\",\"valueRequired\":true,\"valueName\":\"search_term_string\"}}],\"inLanguage\":\"es\"},{\"@type\":\"Organization\",\"@id\":\"https:\\\/\\\/www.meliconi.com\\\/es\\\/#organization\",\"name\":\"Meliconi\",\"url\":\"https:\\\/\\\/www.meliconi.com\\\/es\\\/\",\"logo\":{\"@type\":\"ImageObject\",\"inLanguage\":\"es\",\"@id\":\"https:\\\/\\\/www.meliconi.com\\\/es\\\/#\\\/schema\\\/logo\\\/image\\\/\",\"url\":\"https:\\\/\\\/www.meliconi.com\\\/wp-content\\\/uploads\\\/2021\\\/06\\\/logo-meliconi.png\",\"contentUrl\":\"https:\\\/\\\/www.meliconi.com\\\/wp-content\\\/uploads\\\/2021\\\/06\\\/logo-meliconi.png\",\"width\":338,\"height\":102,\"caption\":\"Meliconi\"},\"image\":{\"@id\":\"https:\\\/\\\/www.meliconi.com\\\/es\\\/#\\\/schema\\\/logo\\\/image\\\/\"}}]}<\/script>\n<!-- \/ Yoast SEO plugin. -->","yoast_head_json":{"title":"TLC evo 6 para TV - Meliconi","robots":{"index":"index","follow":"follow","max-snippet":"max-snippet:-1","max-image-preview":"max-image-preview:large","max-video-preview":"max-video-preview:-1"},"canonical":"https:\/\/www.meliconi.com\/es\/producto\/tlc-evo-6-para-tv\/","og_locale":"es_ES","og_type":"article","og_title":"TLC evo 6 para TV - Meliconi","og_description":"Mando a distancia de repuesto para TV. Listo para usar. Todas las funciones originales disponibles. Soporte web completo.","og_url":"https:\/\/www.meliconi.com\/es\/producto\/tlc-evo-6-para-tv\/","og_site_name":"Meliconi","article_modified_time":"2025-03-20T11:02:28+00:00","og_image":[{"width":724,"height":1024,"url":"https:\/\/www.meliconi.com\/wp-content\/uploads\/2025\/03\/TLC-evo-6.4569-724x1024.png","type":"image\/png"}],"twitter_card":"summary_large_image","twitter_misc":{"Tiempo de lectura":"1 minuto"},"schema":{"@context":"https:\/\/schema.org","@graph":[{"@type":"WebPage","@id":"https:\/\/www.meliconi.com\/es\/producto\/tlc-evo-6-para-tv\/","url":"https:\/\/www.meliconi.com\/es\/producto\/tlc-evo-6-para-tv\/","name":"TLC evo 6 para TV - Meliconi","isPartOf":{"@id":"https:\/\/www.meliconi.com\/es\/#website"},"primaryImageOfPage":{"@id":"https:\/\/www.meliconi.com\/es\/producto\/tlc-evo-6-para-tv\/#primaryimage"},"image":{"@id":"https:\/\/www.meliconi.com\/es\/producto\/tlc-evo-6-para-tv\/#primaryimage"},"thumbnailUrl":"https:\/\/www.meliconi.com\/wp-content\/uploads\/2025\/03\/TLC-evo-6.4569.png","datePublished":"2025-03-18T09:36:32+00:00","dateModified":"2025-03-20T11:02:28+00:00","breadcrumb":{"@id":"https:\/\/www.meliconi.com\/es\/producto\/tlc-evo-6-para-tv\/#breadcrumb"},"inLanguage":"es","potentialAction":[{"@type":"ReadAction","target":["https:\/\/www.meliconi.com\/es\/producto\/tlc-evo-6-para-tv\/"]}]},{"@type":"ImageObject","inLanguage":"es","@id":"https:\/\/www.meliconi.com\/es\/producto\/tlc-evo-6-para-tv\/#primaryimage","url":"https:\/\/www.meliconi.com\/wp-content\/uploads\/2025\/03\/TLC-evo-6.4569.png","contentUrl":"https:\/\/www.meliconi.com\/wp-content\/uploads\/2025\/03\/TLC-evo-6.4569.png","width":4240,"height":6000},{"@type":"BreadcrumbList","@id":"https:\/\/www.meliconi.com\/es\/producto\/tlc-evo-6-para-tv\/#breadcrumb","itemListElement":[{"@type":"ListItem","position":1,"name":"Home","item":"https:\/\/www.meliconi.com\/es\/"},{"@type":"ListItem","position":2,"name":"Shop","item":"https:\/\/www.meliconi.com\/es\/shop-es\/"},{"@type":"ListItem","position":3,"name":"TLC evo 6 para TV"}]},{"@type":"WebSite","@id":"https:\/\/www.meliconi.com\/es\/#website","url":"https:\/\/www.meliconi.com\/es\/","name":"Meliconi","description":"El especialista en accesorios ","publisher":{"@id":"https:\/\/www.meliconi.com\/es\/#organization"},"potentialAction":[{"@type":"SearchAction","target":{"@type":"EntryPoint","urlTemplate":"https:\/\/www.meliconi.com\/es\/?s={search_term_string}"},"query-input":{"@type":"PropertyValueSpecification","valueRequired":true,"valueName":"search_term_string"}}],"inLanguage":"es"},{"@type":"Organization","@id":"https:\/\/www.meliconi.com\/es\/#organization","name":"Meliconi","url":"https:\/\/www.meliconi.com\/es\/","logo":{"@type":"ImageObject","inLanguage":"es","@id":"https:\/\/www.meliconi.com\/es\/#\/schema\/logo\/image\/","url":"https:\/\/www.meliconi.com\/wp-content\/uploads\/2021\/06\/logo-meliconi.png","contentUrl":"https:\/\/www.meliconi.com\/wp-content\/uploads\/2021\/06\/logo-meliconi.png","width":338,"height":102,"caption":"Meliconi"},"image":{"@id":"https:\/\/www.meliconi.com\/es\/#\/schema\/logo\/image\/"}}]}},"_links":{"self":[{"href":"https:\/\/www.meliconi.com\/es\/wp-json\/wp\/v2\/product\/64626","targetHints":{"allow":["GET"]}}],"collection":[{"href":"https:\/\/www.meliconi.com\/es\/wp-json\/wp\/v2\/product"}],"about":[{"href":"https:\/\/www.meliconi.com\/es\/wp-json\/wp\/v2\/types\/product"}],"wp:featuredmedia":[{"embeddable":true,"href":"https:\/\/www.meliconi.com\/es\/wp-json\/wp\/v2\/media\/64632"}],"wp:attachment":[{"href":"https:\/\/www.meliconi.com\/es\/wp-json\/wp\/v2\/media?parent=64626"}],"wp:term":[{"taxonomy":"product_brand","embeddable":true,"href":"https:\/\/www.meliconi.com\/es\/wp-json\/wp\/v2\/product_brand?post=64626"},{"taxonomy":"product_cat","embeddable":true,"href":"https:\/\/www.meliconi.com\/es\/wp-json\/wp\/v2\/product_cat?post=64626"},{"taxonomy":"product_tag","embeddable":true,"href":"https:\/\/www.meliconi.com\/es\/wp-json\/wp\/v2\/product_tag?post=64626"}],"curies":[{"name":"wp","href":"https:\/\/api.w.org\/{rel}","templated":true}]}}