{"id":64323,"date":"2025-03-13T10:14:48","date_gmt":"2025-03-13T09:14:49","guid":{"rendered":"https:\/\/www.meliconi.com\/?post_type=product&#038;p=64323"},"modified":"2025-04-29T15:54:03","modified_gmt":"2025-04-29T13:54:03","slug":"gumbody-personal-9-para-tv-hisense","status":"publish","type":"product","link":"https:\/\/www.meliconi.com\/es\/producto\/gumbody-personal-9-para-tv-hisense\/","title":{"rendered":"Gumbody Personal 9+ para TV HISENSE"},"content":{"rendered":"<p>\u2022 Mando a distancia espec\u00edfico para 1 televisor marca HISENSE, sustituye al mando a distancia original que no funciona, est\u00e1 roto o se ha perdido.<\/p>\n<p>\u2022 Ya programado para televisores HISENSE (no requiere c\u00f3digo de programaci\u00f3n).<\/p>\n<p>\u2022 Todas las funciones de los mandos a distancia originales est\u00e1n disponibles. Gracias a las tablas disponibles en www.cme.it, es posible comprobar exactamente a cuales teclas corresponden las funciones originales deseadas.<\/p>\n<p>\u2022 La forma ergon\u00f3mica y el cuerpo de goma suave favorecen el agarre y protegen el mando a distancia de golpes y ca\u00eddas<\/p>\n<p>\u2022 Puede adquirir se\u00f1ales de otros mandos a distancia (funci\u00f3n LEARN): ideal para controlar, junto con el televisor, tambi\u00e9n la funci\u00f3n de volumen de las barras de sonido y de los sistemas de audio dom\u00e9stico conectados a \u00e9l.<\/p>\n<p>\u2022 Soporte web espec\u00edfico en espa\u00f1ol en www.cme.it (tablas de correspondencia de teclas \/ funciones, manual de uso completo, videogu\u00eda de las funciones avanzadas).<\/p>\n","protected":false},"excerpt":{"rendered":"<p>Mando a distancia de repuesto para televisores digitales HISENSE. Ya est\u00e1 preprogramado. Todas las funciones originales de infrarrojos disponibles. Cuerpo de goma antichoque. Soporte web completo.<\/p>\n","protected":false},"featured_media":64333,"template":"","meta":{"_acf_changed":false},"product_cat":[346],"product_tag":[],"class_list":{"0":"post-64323","1":"product","2":"type-product","3":"status-publish","4":"has-post-thumbnail","6":"product_cat-mandos-a-distancia-es","7":"pa_tipo-telecomando-de-repuesto","9":"first","10":"instock","11":"taxable","12":"shipping-taxable","13":"purchasable","14":"product-type-simple"},"acf":[],"yoast_head":"<!-- This site is optimized with the Yoast SEO plugin v26.1.1 - https:\/\/yoast.com\/wordpress\/plugins\/seo\/ -->\n<title>Gumbody Personal 9+ para TV HISENSE - Meliconi<\/title>\n<meta name=\"robots\" content=\"index, follow, max-snippet:-1, max-image-preview:large, max-video-preview:-1\" \/>\n<link rel=\"canonical\" href=\"https:\/\/www.meliconi.com\/es\/producto\/gumbody-personal-9-para-tv-hisense\/\" \/>\n<meta property=\"og:locale\" content=\"es_ES\" \/>\n<meta property=\"og:type\" content=\"article\" \/>\n<meta property=\"og:title\" content=\"Gumbody Personal 9+ para TV HISENSE - Meliconi\" \/>\n<meta property=\"og:description\" content=\"Mando a distancia de repuesto para televisores digitales HISENSE. Ya est\u00e1 preprogramado. Todas las funciones originales de infrarrojos disponibles. Cuerpo de goma antichoque. Soporte web completo.\" \/>\n<meta property=\"og:url\" content=\"https:\/\/www.meliconi.com\/es\/producto\/gumbody-personal-9-para-tv-hisense\/\" \/>\n<meta property=\"og:site_name\" content=\"Meliconi\" \/>\n<meta property=\"article:modified_time\" content=\"2025-04-29T13:54:03+00:00\" \/>\n<meta property=\"og:image\" content=\"https:\/\/www.meliconi.com\/wp-content\/uploads\/2025\/03\/806081_PERSONAL9-1-723x1024.png\" \/>\n\t<meta property=\"og:image:width\" content=\"723\" \/>\n\t<meta property=\"og:image:height\" content=\"1024\" \/>\n\t<meta property=\"og:image:type\" content=\"image\/png\" \/>\n<meta name=\"twitter:card\" content=\"summary_large_image\" \/>\n<meta name=\"twitter:label1\" content=\"Tiempo de lectura\" \/>\n\t<meta name=\"twitter:data1\" content=\"2 minutos\" \/>\n<script type=\"application\/ld+json\" class=\"yoast-schema-graph\">{\"@context\":\"https:\/\/schema.org\",\"@graph\":[{\"@type\":\"WebPage\",\"@id\":\"https:\/\/www.meliconi.com\/es\/producto\/gumbody-personal-9-para-tv-hisense\/\",\"url\":\"https:\/\/www.meliconi.com\/es\/producto\/gumbody-personal-9-para-tv-hisense\/\",\"name\":\"Gumbody Personal 9+ para TV HISENSE - Meliconi\",\"isPartOf\":{\"@id\":\"https:\/\/www.meliconi.com\/es\/#website\"},\"primaryImageOfPage\":{\"@id\":\"https:\/\/www.meliconi.com\/es\/producto\/gumbody-personal-9-para-tv-hisense\/#primaryimage\"},\"image\":{\"@id\":\"https:\/\/www.meliconi.com\/es\/producto\/gumbody-personal-9-para-tv-hisense\/#primaryimage\"},\"thumbnailUrl\":\"https:\/\/www.meliconi.com\/wp-content\/uploads\/2025\/03\/806081_PERSONAL9-1.png\",\"datePublished\":\"2025-03-13T09:14:49+00:00\",\"dateModified\":\"2025-04-29T13:54:03+00:00\",\"breadcrumb\":{\"@id\":\"https:\/\/www.meliconi.com\/es\/producto\/gumbody-personal-9-para-tv-hisense\/#breadcrumb\"},\"inLanguage\":\"es\",\"potentialAction\":[{\"@type\":\"ReadAction\",\"target\":[\"https:\/\/www.meliconi.com\/es\/producto\/gumbody-personal-9-para-tv-hisense\/\"]}]},{\"@type\":\"ImageObject\",\"inLanguage\":\"es\",\"@id\":\"https:\/\/www.meliconi.com\/es\/producto\/gumbody-personal-9-para-tv-hisense\/#primaryimage\",\"url\":\"https:\/\/www.meliconi.com\/wp-content\/uploads\/2025\/03\/806081_PERSONAL9-1.png\",\"contentUrl\":\"https:\/\/www.meliconi.com\/wp-content\/uploads\/2025\/03\/806081_PERSONAL9-1.png\",\"width\":4236,\"height\":6000},{\"@type\":\"BreadcrumbList\",\"@id\":\"https:\/\/www.meliconi.com\/es\/producto\/gumbody-personal-9-para-tv-hisense\/#breadcrumb\",\"itemListElement\":[{\"@type\":\"ListItem\",\"position\":1,\"name\":\"Home\",\"item\":\"https:\/\/www.meliconi.com\/es\/\"},{\"@type\":\"ListItem\",\"position\":2,\"name\":\"Shop\",\"item\":\"https:\/\/www.meliconi.com\/es\/shop-es\/\"},{\"@type\":\"ListItem\",\"position\":3,\"name\":\"Gumbody Personal 9+ para TV HISENSE\"}]},{\"@type\":\"WebSite\",\"@id\":\"https:\/\/www.meliconi.com\/es\/#website\",\"url\":\"https:\/\/www.meliconi.com\/es\/\",\"name\":\"Meliconi\",\"description\":\"El especialista en accesorios \",\"publisher\":{\"@id\":\"https:\/\/www.meliconi.com\/es\/#organization\"},\"potentialAction\":[{\"@type\":\"SearchAction\",\"target\":{\"@type\":\"EntryPoint\",\"urlTemplate\":\"https:\/\/www.meliconi.com\/es\/?s={search_term_string}\"},\"query-input\":{\"@type\":\"PropertyValueSpecification\",\"valueRequired\":true,\"valueName\":\"search_term_string\"}}],\"inLanguage\":\"es\"},{\"@type\":\"Organization\",\"@id\":\"https:\/\/www.meliconi.com\/es\/#organization\",\"name\":\"Meliconi\",\"url\":\"https:\/\/www.meliconi.com\/es\/\",\"logo\":{\"@type\":\"ImageObject\",\"inLanguage\":\"es\",\"@id\":\"https:\/\/www.meliconi.com\/es\/#\/schema\/logo\/image\/\",\"url\":\"https:\/\/www.meliconi.com\/wp-content\/uploads\/2021\/06\/logo-meliconi.png\",\"contentUrl\":\"https:\/\/www.meliconi.com\/wp-content\/uploads\/2021\/06\/logo-meliconi.png\",\"width\":338,\"height\":102,\"caption\":\"Meliconi\"},\"image\":{\"@id\":\"https:\/\/www.meliconi.com\/es\/#\/schema\/logo\/image\/\"}}]}<\/script>\n<!-- \/ Yoast SEO plugin. -->","yoast_head_json":{"title":"Gumbody Personal 9+ para TV HISENSE - Meliconi","robots":{"index":"index","follow":"follow","max-snippet":"max-snippet:-1","max-image-preview":"max-image-preview:large","max-video-preview":"max-video-preview:-1"},"canonical":"https:\/\/www.meliconi.com\/es\/producto\/gumbody-personal-9-para-tv-hisense\/","og_locale":"es_ES","og_type":"article","og_title":"Gumbody Personal 9+ para TV HISENSE - Meliconi","og_description":"Mando a distancia de repuesto para televisores digitales HISENSE. Ya est\u00e1 preprogramado. Todas las funciones originales de infrarrojos disponibles. Cuerpo de goma antichoque. Soporte web completo.","og_url":"https:\/\/www.meliconi.com\/es\/producto\/gumbody-personal-9-para-tv-hisense\/","og_site_name":"Meliconi","article_modified_time":"2025-04-29T13:54:03+00:00","og_image":[{"width":723,"height":1024,"url":"https:\/\/www.meliconi.com\/wp-content\/uploads\/2025\/03\/806081_PERSONAL9-1-723x1024.png","type":"image\/png"}],"twitter_card":"summary_large_image","twitter_misc":{"Tiempo de lectura":"2 minutos"},"schema":{"@context":"https:\/\/schema.org","@graph":[{"@type":"WebPage","@id":"https:\/\/www.meliconi.com\/es\/producto\/gumbody-personal-9-para-tv-hisense\/","url":"https:\/\/www.meliconi.com\/es\/producto\/gumbody-personal-9-para-tv-hisense\/","name":"Gumbody Personal 9+ para TV HISENSE - Meliconi","isPartOf":{"@id":"https:\/\/www.meliconi.com\/es\/#website"},"primaryImageOfPage":{"@id":"https:\/\/www.meliconi.com\/es\/producto\/gumbody-personal-9-para-tv-hisense\/#primaryimage"},"image":{"@id":"https:\/\/www.meliconi.com\/es\/producto\/gumbody-personal-9-para-tv-hisense\/#primaryimage"},"thumbnailUrl":"https:\/\/www.meliconi.com\/wp-content\/uploads\/2025\/03\/806081_PERSONAL9-1.png","datePublished":"2025-03-13T09:14:49+00:00","dateModified":"2025-04-29T13:54:03+00:00","breadcrumb":{"@id":"https:\/\/www.meliconi.com\/es\/producto\/gumbody-personal-9-para-tv-hisense\/#breadcrumb"},"inLanguage":"es","potentialAction":[{"@type":"ReadAction","target":["https:\/\/www.meliconi.com\/es\/producto\/gumbody-personal-9-para-tv-hisense\/"]}]},{"@type":"ImageObject","inLanguage":"es","@id":"https:\/\/www.meliconi.com\/es\/producto\/gumbody-personal-9-para-tv-hisense\/#primaryimage","url":"https:\/\/www.meliconi.com\/wp-content\/uploads\/2025\/03\/806081_PERSONAL9-1.png","contentUrl":"https:\/\/www.meliconi.com\/wp-content\/uploads\/2025\/03\/806081_PERSONAL9-1.png","width":4236,"height":6000},{"@type":"BreadcrumbList","@id":"https:\/\/www.meliconi.com\/es\/producto\/gumbody-personal-9-para-tv-hisense\/#breadcrumb","itemListElement":[{"@type":"ListItem","position":1,"name":"Home","item":"https:\/\/www.meliconi.com\/es\/"},{"@type":"ListItem","position":2,"name":"Shop","item":"https:\/\/www.meliconi.com\/es\/shop-es\/"},{"@type":"ListItem","position":3,"name":"Gumbody Personal 9+ para TV HISENSE"}]},{"@type":"WebSite","@id":"https:\/\/www.meliconi.com\/es\/#website","url":"https:\/\/www.meliconi.com\/es\/","name":"Meliconi","description":"El especialista en accesorios ","publisher":{"@id":"https:\/\/www.meliconi.com\/es\/#organization"},"potentialAction":[{"@type":"SearchAction","target":{"@type":"EntryPoint","urlTemplate":"https:\/\/www.meliconi.com\/es\/?s={search_term_string}"},"query-input":{"@type":"PropertyValueSpecification","valueRequired":true,"valueName":"search_term_string"}}],"inLanguage":"es"},{"@type":"Organization","@id":"https:\/\/www.meliconi.com\/es\/#organization","name":"Meliconi","url":"https:\/\/www.meliconi.com\/es\/","logo":{"@type":"ImageObject","inLanguage":"es","@id":"https:\/\/www.meliconi.com\/es\/#\/schema\/logo\/image\/","url":"https:\/\/www.meliconi.com\/wp-content\/uploads\/2021\/06\/logo-meliconi.png","contentUrl":"https:\/\/www.meliconi.com\/wp-content\/uploads\/2021\/06\/logo-meliconi.png","width":338,"height":102,"caption":"Meliconi"},"image":{"@id":"https:\/\/www.meliconi.com\/es\/#\/schema\/logo\/image\/"}}]}},"_links":{"self":[{"href":"https:\/\/www.meliconi.com\/es\/wp-json\/wp\/v2\/product\/64323","targetHints":{"allow":["GET"]}}],"collection":[{"href":"https:\/\/www.meliconi.com\/es\/wp-json\/wp\/v2\/product"}],"about":[{"href":"https:\/\/www.meliconi.com\/es\/wp-json\/wp\/v2\/types\/product"}],"wp:featuredmedia":[{"embeddable":true,"href":"https:\/\/www.meliconi.com\/es\/wp-json\/wp\/v2\/media\/64333"}],"wp:attachment":[{"href":"https:\/\/www.meliconi.com\/es\/wp-json\/wp\/v2\/media?parent=64323"}],"wp:term":[{"taxonomy":"product_cat","embeddable":true,"href":"https:\/\/www.meliconi.com\/es\/wp-json\/wp\/v2\/product_cat?post=64323"},{"taxonomy":"product_tag","embeddable":true,"href":"https:\/\/www.meliconi.com\/es\/wp-json\/wp\/v2\/product_tag?post=64323"}],"curies":[{"name":"wp","href":"https:\/\/api.w.org\/{rel}","templated":true}]}}