{"id":62577,"date":"2024-11-06T16:36:02","date_gmt":"2024-11-06T15:36:04","guid":{"rendered":"https:\/\/www.meliconi.com\/?post_type=product&#038;p=62577"},"modified":"2025-04-17T12:05:52","modified_gmt":"2025-04-17T10:05:52","slug":"solar-tv","status":"publish","type":"product","link":"https:\/\/www.meliconi.com\/es\/producto\/solar-tv\/","title":{"rendered":"SOLAR TV"},"content":{"rendered":"<p>\u2022 Mando a distancia de TV universal sin pilas: funciona con casi todas las marcas y modelos de TV del mercado<\/p>\n<p>\u2022 Carga superr\u00e1pida mediante el cable incluido (10 minutos para 2 meses de uso), mantenimiento de la carga mediante panel solar<\/p>\n<p>\u2022 Acceso directo a las funciones esenciales de smart TV (HOME \/ Netflix \/ Prime Video)<\/p>\n<p>\u2022 Todas las funciones infrarrojas originales disponibles. Gracias a las tablas en www.cme.it, puedes ver exactamente qu\u00e9 botones tienen las funciones originales que deseas.<\/p>\n<p>\u2022 Funci\u00f3n de aprendizaje<\/p>\n<p>\u2022 Modo infantil (bloqueo de teclas no esenciales) y funci\u00f3n de congelaci\u00f3n (bloqueo de ajustes) disponibles<\/p>\n<p>\u2022 F\u00e1cil de programar (gu\u00eda r\u00e1pida ilustrada incluida en el en el paquete).<\/p>\n<p>\u2022 Soporte web completo en www.cme.it (b\u00fasqueda de c\u00f3digos software, tablas de correspondencia entre teclas y funciones,\u00a0im\u00e1genes, manual de instrucciones, gu\u00edas en v\u00eddeo, preguntas frecuentes y mucho m\u00e1s).<\/p>\n","protected":false},"excerpt":{"rendered":"<p>Mando a distancia universal para 1 TV. Compatible con casi todos los televisores en circulaci\u00f3n. F\u00e1cil de usar y ahorra espacio. Soporte web completo.<\/p>\n","protected":false},"featured_media":62582,"template":"","meta":{"_acf_changed":false},"product_brand":[],"product_cat":[346],"product_tag":[455,797,801,428],"class_list":{"0":"post-62577","1":"product","2":"type-product","3":"status-publish","4":"has-post-thumbnail","6":"product_cat-mandos-a-distancia-es","7":"product_tag-remote-es","8":"product_tag-telecomando-es","9":"product_tag-telecomando-universale-es","10":"product_tag-universale-es","11":"pa_tipo-telecomando-universali-es","13":"first","14":"instock","15":"taxable","16":"shipping-taxable","17":"purchasable","18":"product-type-simple"},"acf":[],"yoast_head":"<!-- This site is optimized with the Yoast SEO plugin v27.4 - https:\/\/yoast.com\/product\/yoast-seo-wordpress\/ -->\n<title>SOLAR TV - Meliconi<\/title>\n<meta name=\"robots\" content=\"index, follow, max-snippet:-1, max-image-preview:large, max-video-preview:-1\" \/>\n<link rel=\"canonical\" href=\"https:\/\/www.meliconi.com\/es\/producto\/solar-tv\/\" \/>\n<meta property=\"og:locale\" content=\"es_ES\" \/>\n<meta property=\"og:type\" content=\"article\" \/>\n<meta property=\"og:title\" content=\"SOLAR TV - Meliconi\" \/>\n<meta property=\"og:description\" content=\"Mando a distancia universal para 1 TV. Compatible con casi todos los televisores en circulaci\u00f3n. F\u00e1cil de usar y ahorra espacio. Soporte web completo.\" \/>\n<meta property=\"og:url\" content=\"https:\/\/www.meliconi.com\/es\/producto\/solar-tv\/\" \/>\n<meta property=\"og:site_name\" content=\"Meliconi\" \/>\n<meta property=\"article:modified_time\" content=\"2025-04-17T10:05:52+00:00\" \/>\n<meta property=\"og:image\" content=\"https:\/\/www.meliconi.com\/wp-content\/uploads\/2024\/11\/800508_TLC-SOLAR-TV-front-768x1024.png\" \/>\n\t<meta property=\"og:image:width\" content=\"768\" \/>\n\t<meta property=\"og:image:height\" content=\"1024\" \/>\n\t<meta property=\"og:image:type\" content=\"image\/png\" \/>\n<meta name=\"twitter:card\" content=\"summary_large_image\" \/>\n<meta name=\"twitter:label1\" content=\"Tiempo de lectura\" \/>\n\t<meta name=\"twitter:data1\" content=\"1 minuto\" \/>\n<script type=\"application\/ld+json\" class=\"yoast-schema-graph\">{\"@context\":\"https:\\\/\\\/schema.org\",\"@graph\":[{\"@type\":\"WebPage\",\"@id\":\"https:\\\/\\\/www.meliconi.com\\\/es\\\/producto\\\/solar-tv\\\/\",\"url\":\"https:\\\/\\\/www.meliconi.com\\\/es\\\/producto\\\/solar-tv\\\/\",\"name\":\"SOLAR TV - Meliconi\",\"isPartOf\":{\"@id\":\"https:\\\/\\\/www.meliconi.com\\\/es\\\/#website\"},\"primaryImageOfPage\":{\"@id\":\"https:\\\/\\\/www.meliconi.com\\\/es\\\/producto\\\/solar-tv\\\/#primaryimage\"},\"image\":{\"@id\":\"https:\\\/\\\/www.meliconi.com\\\/es\\\/producto\\\/solar-tv\\\/#primaryimage\"},\"thumbnailUrl\":\"https:\\\/\\\/www.meliconi.com\\\/wp-content\\\/uploads\\\/2024\\\/11\\\/800508_TLC-SOLAR-TV-front.png\",\"datePublished\":\"2024-11-06T15:36:04+00:00\",\"dateModified\":\"2025-04-17T10:05:52+00:00\",\"breadcrumb\":{\"@id\":\"https:\\\/\\\/www.meliconi.com\\\/es\\\/producto\\\/solar-tv\\\/#breadcrumb\"},\"inLanguage\":\"es\",\"potentialAction\":[{\"@type\":\"ReadAction\",\"target\":[\"https:\\\/\\\/www.meliconi.com\\\/es\\\/producto\\\/solar-tv\\\/\"]}]},{\"@type\":\"ImageObject\",\"inLanguage\":\"es\",\"@id\":\"https:\\\/\\\/www.meliconi.com\\\/es\\\/producto\\\/solar-tv\\\/#primaryimage\",\"url\":\"https:\\\/\\\/www.meliconi.com\\\/wp-content\\\/uploads\\\/2024\\\/11\\\/800508_TLC-SOLAR-TV-front.png\",\"contentUrl\":\"https:\\\/\\\/www.meliconi.com\\\/wp-content\\\/uploads\\\/2024\\\/11\\\/800508_TLC-SOLAR-TV-front.png\",\"width\":4235,\"height\":5643},{\"@type\":\"BreadcrumbList\",\"@id\":\"https:\\\/\\\/www.meliconi.com\\\/es\\\/producto\\\/solar-tv\\\/#breadcrumb\",\"itemListElement\":[{\"@type\":\"ListItem\",\"position\":1,\"name\":\"Home\",\"item\":\"https:\\\/\\\/www.meliconi.com\\\/es\\\/\"},{\"@type\":\"ListItem\",\"position\":2,\"name\":\"Shop\",\"item\":\"https:\\\/\\\/www.meliconi.com\\\/es\\\/shop-es\\\/\"},{\"@type\":\"ListItem\",\"position\":3,\"name\":\"SOLAR TV\"}]},{\"@type\":\"WebSite\",\"@id\":\"https:\\\/\\\/www.meliconi.com\\\/es\\\/#website\",\"url\":\"https:\\\/\\\/www.meliconi.com\\\/es\\\/\",\"name\":\"Meliconi\",\"description\":\"El especialista en accesorios \",\"publisher\":{\"@id\":\"https:\\\/\\\/www.meliconi.com\\\/es\\\/#organization\"},\"potentialAction\":[{\"@type\":\"SearchAction\",\"target\":{\"@type\":\"EntryPoint\",\"urlTemplate\":\"https:\\\/\\\/www.meliconi.com\\\/es\\\/?s={search_term_string}\"},\"query-input\":{\"@type\":\"PropertyValueSpecification\",\"valueRequired\":true,\"valueName\":\"search_term_string\"}}],\"inLanguage\":\"es\"},{\"@type\":\"Organization\",\"@id\":\"https:\\\/\\\/www.meliconi.com\\\/es\\\/#organization\",\"name\":\"Meliconi\",\"url\":\"https:\\\/\\\/www.meliconi.com\\\/es\\\/\",\"logo\":{\"@type\":\"ImageObject\",\"inLanguage\":\"es\",\"@id\":\"https:\\\/\\\/www.meliconi.com\\\/es\\\/#\\\/schema\\\/logo\\\/image\\\/\",\"url\":\"https:\\\/\\\/www.meliconi.com\\\/wp-content\\\/uploads\\\/2021\\\/06\\\/logo-meliconi.png\",\"contentUrl\":\"https:\\\/\\\/www.meliconi.com\\\/wp-content\\\/uploads\\\/2021\\\/06\\\/logo-meliconi.png\",\"width\":338,\"height\":102,\"caption\":\"Meliconi\"},\"image\":{\"@id\":\"https:\\\/\\\/www.meliconi.com\\\/es\\\/#\\\/schema\\\/logo\\\/image\\\/\"}}]}<\/script>\n<!-- \/ Yoast SEO plugin. -->","yoast_head_json":{"title":"SOLAR TV - Meliconi","robots":{"index":"index","follow":"follow","max-snippet":"max-snippet:-1","max-image-preview":"max-image-preview:large","max-video-preview":"max-video-preview:-1"},"canonical":"https:\/\/www.meliconi.com\/es\/producto\/solar-tv\/","og_locale":"es_ES","og_type":"article","og_title":"SOLAR TV - Meliconi","og_description":"Mando a distancia universal para 1 TV. Compatible con casi todos los televisores en circulaci\u00f3n. F\u00e1cil de usar y ahorra espacio. Soporte web completo.","og_url":"https:\/\/www.meliconi.com\/es\/producto\/solar-tv\/","og_site_name":"Meliconi","article_modified_time":"2025-04-17T10:05:52+00:00","og_image":[{"width":768,"height":1024,"url":"https:\/\/www.meliconi.com\/wp-content\/uploads\/2024\/11\/800508_TLC-SOLAR-TV-front-768x1024.png","type":"image\/png"}],"twitter_card":"summary_large_image","twitter_misc":{"Tiempo de lectura":"1 minuto"},"schema":{"@context":"https:\/\/schema.org","@graph":[{"@type":"WebPage","@id":"https:\/\/www.meliconi.com\/es\/producto\/solar-tv\/","url":"https:\/\/www.meliconi.com\/es\/producto\/solar-tv\/","name":"SOLAR TV - Meliconi","isPartOf":{"@id":"https:\/\/www.meliconi.com\/es\/#website"},"primaryImageOfPage":{"@id":"https:\/\/www.meliconi.com\/es\/producto\/solar-tv\/#primaryimage"},"image":{"@id":"https:\/\/www.meliconi.com\/es\/producto\/solar-tv\/#primaryimage"},"thumbnailUrl":"https:\/\/www.meliconi.com\/wp-content\/uploads\/2024\/11\/800508_TLC-SOLAR-TV-front.png","datePublished":"2024-11-06T15:36:04+00:00","dateModified":"2025-04-17T10:05:52+00:00","breadcrumb":{"@id":"https:\/\/www.meliconi.com\/es\/producto\/solar-tv\/#breadcrumb"},"inLanguage":"es","potentialAction":[{"@type":"ReadAction","target":["https:\/\/www.meliconi.com\/es\/producto\/solar-tv\/"]}]},{"@type":"ImageObject","inLanguage":"es","@id":"https:\/\/www.meliconi.com\/es\/producto\/solar-tv\/#primaryimage","url":"https:\/\/www.meliconi.com\/wp-content\/uploads\/2024\/11\/800508_TLC-SOLAR-TV-front.png","contentUrl":"https:\/\/www.meliconi.com\/wp-content\/uploads\/2024\/11\/800508_TLC-SOLAR-TV-front.png","width":4235,"height":5643},{"@type":"BreadcrumbList","@id":"https:\/\/www.meliconi.com\/es\/producto\/solar-tv\/#breadcrumb","itemListElement":[{"@type":"ListItem","position":1,"name":"Home","item":"https:\/\/www.meliconi.com\/es\/"},{"@type":"ListItem","position":2,"name":"Shop","item":"https:\/\/www.meliconi.com\/es\/shop-es\/"},{"@type":"ListItem","position":3,"name":"SOLAR TV"}]},{"@type":"WebSite","@id":"https:\/\/www.meliconi.com\/es\/#website","url":"https:\/\/www.meliconi.com\/es\/","name":"Meliconi","description":"El especialista en accesorios ","publisher":{"@id":"https:\/\/www.meliconi.com\/es\/#organization"},"potentialAction":[{"@type":"SearchAction","target":{"@type":"EntryPoint","urlTemplate":"https:\/\/www.meliconi.com\/es\/?s={search_term_string}"},"query-input":{"@type":"PropertyValueSpecification","valueRequired":true,"valueName":"search_term_string"}}],"inLanguage":"es"},{"@type":"Organization","@id":"https:\/\/www.meliconi.com\/es\/#organization","name":"Meliconi","url":"https:\/\/www.meliconi.com\/es\/","logo":{"@type":"ImageObject","inLanguage":"es","@id":"https:\/\/www.meliconi.com\/es\/#\/schema\/logo\/image\/","url":"https:\/\/www.meliconi.com\/wp-content\/uploads\/2021\/06\/logo-meliconi.png","contentUrl":"https:\/\/www.meliconi.com\/wp-content\/uploads\/2021\/06\/logo-meliconi.png","width":338,"height":102,"caption":"Meliconi"},"image":{"@id":"https:\/\/www.meliconi.com\/es\/#\/schema\/logo\/image\/"}}]}},"_links":{"self":[{"href":"https:\/\/www.meliconi.com\/es\/wp-json\/wp\/v2\/product\/62577","targetHints":{"allow":["GET"]}}],"collection":[{"href":"https:\/\/www.meliconi.com\/es\/wp-json\/wp\/v2\/product"}],"about":[{"href":"https:\/\/www.meliconi.com\/es\/wp-json\/wp\/v2\/types\/product"}],"wp:featuredmedia":[{"embeddable":true,"href":"https:\/\/www.meliconi.com\/es\/wp-json\/wp\/v2\/media\/62582"}],"wp:attachment":[{"href":"https:\/\/www.meliconi.com\/es\/wp-json\/wp\/v2\/media?parent=62577"}],"wp:term":[{"taxonomy":"product_brand","embeddable":true,"href":"https:\/\/www.meliconi.com\/es\/wp-json\/wp\/v2\/product_brand?post=62577"},{"taxonomy":"product_cat","embeddable":true,"href":"https:\/\/www.meliconi.com\/es\/wp-json\/wp\/v2\/product_cat?post=62577"},{"taxonomy":"product_tag","embeddable":true,"href":"https:\/\/www.meliconi.com\/es\/wp-json\/wp\/v2\/product_tag?post=62577"}],"curies":[{"name":"wp","href":"https:\/\/api.w.org\/{rel}","templated":true}]}}