{"id":62204,"date":"2024-10-18T15:41:59","date_gmt":"2024-10-18T13:42:00","guid":{"rendered":"https:\/\/www.meliconi.com\/?post_type=product&#038;p=62204"},"modified":"2025-04-04T16:11:25","modified_gmt":"2025-04-04T14:11:25","slug":"torre-quick","status":"publish","type":"product","link":"https:\/\/www.meliconi.com\/es\/producto\/torre-quick\/","title":{"rendered":"Torre Quick"},"content":{"rendered":"<p>El nuevo kit de apilado Torre Quick optimiza el espacio en la lavander\u00eda, permitiendo apilar la secadora sobre la lavadora de forma f\u00e1cil y segura. Equipado con un pr\u00e1ctico estante extra\u00edble, proporciona una base funcional durante la rutina de lavado y secado.<br \/>\nUniversal, compatible con la mayor\u00eda de las lavadoras y secadoras de carga frontal de 60 cm de ancho y m\u00e1s de 60 cm de profundidad.<br \/>\nConfirmando el compromiso de Meliconi con el planeta, Torre Quick fue desarrollada con 30% de pl\u00e1stico reciclado. Este porcentaje permite reducir el impacto medioambiental sin dejar de garantizar resistencia y estabilidad.<\/p>\n<p>EASY LEVEL los nuevos kits de apilamiento Meliconi son los \u00fanicos con una combinaci\u00f3n de dos burbujas de alineaci\u00f3n en los dos ejes que permiten nivelar la lavadora antes de apilar la secadora, para obtener una columna de ropa perfectamente alineada.<\/p>\n<p>Peso m\u00e1ximo soportado: 250 kg.<br \/>\nEl estante extra\u00edble, situado a una altura conveniente, proporciona un apoyo pr\u00e1ctico y una amplia superficie de trabajo para doblar la ropa.<br \/>\nCapacidad m\u00e1xima de carga: 10 kg.<br \/>\nSe incluye una correa de seguridad de 6 metros con hebilla met\u00e1lica. El paso de la correa es externo al kit.<br \/>\nPremontado, f\u00e1cil y r\u00e1pido de instalar.<\/p>\n","protected":false},"excerpt":{"rendered":"<p>\u2022 Universal: compatible con casi todas las lavadoras y secadoras de carga frontal con un ancho de 60cm y m\u00e0s de 60 cm de profundidad.<br \/>\n\u2022 Portada m\u00e1xima 250 Kg<br \/>\n\u2022 Para ahorrar espacio colocando la secadora encima de la lavadora.<br \/>\n\u2022 La bandeja extra\u00edble en tecnopol\u00edmero situada a una comoda altura, ofrece una amplia superficie de trabajo para doblar la ropa. Capacidad m\u00e1xima: 10 kg.<br \/>\n\u2022 Incluye correa de seguridad de 6 metros con hebilla de metal.<br \/>\n\u2022 Premontado y facil de instalar.<\/p>\n","protected":false},"featured_media":62254,"template":"","meta":{"_acf_changed":false},"product_brand":[],"product_cat":[267],"product_tag":[],"class_list":{"0":"post-62204","1":"product","2":"type-product","3":"status-publish","4":"has-post-thumbnail","6":"product_cat-kit-de-superposicion-es","8":"first","9":"outofstock","10":"taxable","11":"shipping-taxable","12":"purchasable","13":"product-type-simple"},"acf":[],"yoast_head":"<!-- This site is optimized with the Yoast SEO plugin v27.4 - https:\/\/yoast.com\/product\/yoast-seo-wordpress\/ -->\n<title>Torre Quick - Meliconi<\/title>\n<meta name=\"robots\" content=\"index, follow, max-snippet:-1, max-image-preview:large, max-video-preview:-1\" \/>\n<link rel=\"canonical\" href=\"https:\/\/www.meliconi.com\/es\/producto\/torre-quick\/\" \/>\n<meta property=\"og:locale\" content=\"es_ES\" \/>\n<meta property=\"og:type\" content=\"article\" \/>\n<meta property=\"og:title\" content=\"Torre Quick - Meliconi\" \/>\n<meta property=\"og:description\" content=\"\u2022 Universal: compatible con casi todas las lavadoras y secadoras de carga frontal con un ancho de 60cm y m\u00e0s de 60 cm de profundidad. \u2022 Portada m\u00e1xima 250 Kg \u2022 Para ahorrar espacio colocando la secadora encima de la lavadora. \u2022 La bandeja extra\u00edble en tecnopol\u00edmero situada a una comoda altura, ofrece una amplia superficie de trabajo para doblar la ropa. Capacidad m\u00e1xima: 10 kg. \u2022 Incluye correa de seguridad de 6 metros con hebilla de metal. \u2022 Premontado y facil de instalar.\" \/>\n<meta property=\"og:url\" content=\"https:\/\/www.meliconi.com\/es\/producto\/torre-quick\/\" \/>\n<meta property=\"og:site_name\" content=\"Meliconi\" \/>\n<meta property=\"article:modified_time\" content=\"2025-04-04T14:11:25+00:00\" \/>\n<meta property=\"og:image\" content=\"https:\/\/www.meliconi.com\/wp-content\/uploads\/2024\/10\/656132_TORRE-QUICK-1-1024x724.png\" \/>\n\t<meta property=\"og:image:width\" content=\"1024\" \/>\n\t<meta property=\"og:image:height\" content=\"724\" \/>\n\t<meta property=\"og:image:type\" content=\"image\/png\" \/>\n<meta name=\"twitter:card\" content=\"summary_large_image\" \/>\n<meta name=\"twitter:label1\" content=\"Tiempo de lectura\" \/>\n\t<meta name=\"twitter:data1\" content=\"2 minutos\" \/>\n<script type=\"application\/ld+json\" class=\"yoast-schema-graph\">{\"@context\":\"https:\\\/\\\/schema.org\",\"@graph\":[{\"@type\":\"WebPage\",\"@id\":\"https:\\\/\\\/www.meliconi.com\\\/es\\\/producto\\\/torre-quick\\\/\",\"url\":\"https:\\\/\\\/www.meliconi.com\\\/es\\\/producto\\\/torre-quick\\\/\",\"name\":\"Torre Quick - Meliconi\",\"isPartOf\":{\"@id\":\"https:\\\/\\\/www.meliconi.com\\\/es\\\/#website\"},\"primaryImageOfPage\":{\"@id\":\"https:\\\/\\\/www.meliconi.com\\\/es\\\/producto\\\/torre-quick\\\/#primaryimage\"},\"image\":{\"@id\":\"https:\\\/\\\/www.meliconi.com\\\/es\\\/producto\\\/torre-quick\\\/#primaryimage\"},\"thumbnailUrl\":\"https:\\\/\\\/www.meliconi.com\\\/wp-content\\\/uploads\\\/2024\\\/10\\\/656132_TORRE-QUICK-1.png\",\"datePublished\":\"2024-10-18T13:42:00+00:00\",\"dateModified\":\"2025-04-04T14:11:25+00:00\",\"breadcrumb\":{\"@id\":\"https:\\\/\\\/www.meliconi.com\\\/es\\\/producto\\\/torre-quick\\\/#breadcrumb\"},\"inLanguage\":\"es\",\"potentialAction\":[{\"@type\":\"ReadAction\",\"target\":[\"https:\\\/\\\/www.meliconi.com\\\/es\\\/producto\\\/torre-quick\\\/\"]}]},{\"@type\":\"ImageObject\",\"inLanguage\":\"es\",\"@id\":\"https:\\\/\\\/www.meliconi.com\\\/es\\\/producto\\\/torre-quick\\\/#primaryimage\",\"url\":\"https:\\\/\\\/www.meliconi.com\\\/wp-content\\\/uploads\\\/2024\\\/10\\\/656132_TORRE-QUICK-1.png\",\"contentUrl\":\"https:\\\/\\\/www.meliconi.com\\\/wp-content\\\/uploads\\\/2024\\\/10\\\/656132_TORRE-QUICK-1.png\",\"width\":5000,\"height\":3535},{\"@type\":\"BreadcrumbList\",\"@id\":\"https:\\\/\\\/www.meliconi.com\\\/es\\\/producto\\\/torre-quick\\\/#breadcrumb\",\"itemListElement\":[{\"@type\":\"ListItem\",\"position\":1,\"name\":\"Home\",\"item\":\"https:\\\/\\\/www.meliconi.com\\\/es\\\/\"},{\"@type\":\"ListItem\",\"position\":2,\"name\":\"Shop\",\"item\":\"https:\\\/\\\/www.meliconi.com\\\/es\\\/shop-es\\\/\"},{\"@type\":\"ListItem\",\"position\":3,\"name\":\"Torre Quick\"}]},{\"@type\":\"WebSite\",\"@id\":\"https:\\\/\\\/www.meliconi.com\\\/es\\\/#website\",\"url\":\"https:\\\/\\\/www.meliconi.com\\\/es\\\/\",\"name\":\"Meliconi\",\"description\":\"El especialista en accesorios \",\"publisher\":{\"@id\":\"https:\\\/\\\/www.meliconi.com\\\/es\\\/#organization\"},\"potentialAction\":[{\"@type\":\"SearchAction\",\"target\":{\"@type\":\"EntryPoint\",\"urlTemplate\":\"https:\\\/\\\/www.meliconi.com\\\/es\\\/?s={search_term_string}\"},\"query-input\":{\"@type\":\"PropertyValueSpecification\",\"valueRequired\":true,\"valueName\":\"search_term_string\"}}],\"inLanguage\":\"es\"},{\"@type\":\"Organization\",\"@id\":\"https:\\\/\\\/www.meliconi.com\\\/es\\\/#organization\",\"name\":\"Meliconi\",\"url\":\"https:\\\/\\\/www.meliconi.com\\\/es\\\/\",\"logo\":{\"@type\":\"ImageObject\",\"inLanguage\":\"es\",\"@id\":\"https:\\\/\\\/www.meliconi.com\\\/es\\\/#\\\/schema\\\/logo\\\/image\\\/\",\"url\":\"https:\\\/\\\/www.meliconi.com\\\/wp-content\\\/uploads\\\/2021\\\/06\\\/logo-meliconi.png\",\"contentUrl\":\"https:\\\/\\\/www.meliconi.com\\\/wp-content\\\/uploads\\\/2021\\\/06\\\/logo-meliconi.png\",\"width\":338,\"height\":102,\"caption\":\"Meliconi\"},\"image\":{\"@id\":\"https:\\\/\\\/www.meliconi.com\\\/es\\\/#\\\/schema\\\/logo\\\/image\\\/\"}}]}<\/script>\n<!-- \/ Yoast SEO plugin. -->","yoast_head_json":{"title":"Torre Quick - Meliconi","robots":{"index":"index","follow":"follow","max-snippet":"max-snippet:-1","max-image-preview":"max-image-preview:large","max-video-preview":"max-video-preview:-1"},"canonical":"https:\/\/www.meliconi.com\/es\/producto\/torre-quick\/","og_locale":"es_ES","og_type":"article","og_title":"Torre Quick - Meliconi","og_description":"\u2022 Universal: compatible con casi todas las lavadoras y secadoras de carga frontal con un ancho de 60cm y m\u00e0s de 60 cm de profundidad. \u2022 Portada m\u00e1xima 250 Kg \u2022 Para ahorrar espacio colocando la secadora encima de la lavadora. \u2022 La bandeja extra\u00edble en tecnopol\u00edmero situada a una comoda altura, ofrece una amplia superficie de trabajo para doblar la ropa. Capacidad m\u00e1xima: 10 kg. \u2022 Incluye correa de seguridad de 6 metros con hebilla de metal. \u2022 Premontado y facil de instalar.","og_url":"https:\/\/www.meliconi.com\/es\/producto\/torre-quick\/","og_site_name":"Meliconi","article_modified_time":"2025-04-04T14:11:25+00:00","og_image":[{"width":1024,"height":724,"url":"https:\/\/www.meliconi.com\/wp-content\/uploads\/2024\/10\/656132_TORRE-QUICK-1-1024x724.png","type":"image\/png"}],"twitter_card":"summary_large_image","twitter_misc":{"Tiempo de lectura":"2 minutos"},"schema":{"@context":"https:\/\/schema.org","@graph":[{"@type":"WebPage","@id":"https:\/\/www.meliconi.com\/es\/producto\/torre-quick\/","url":"https:\/\/www.meliconi.com\/es\/producto\/torre-quick\/","name":"Torre Quick - Meliconi","isPartOf":{"@id":"https:\/\/www.meliconi.com\/es\/#website"},"primaryImageOfPage":{"@id":"https:\/\/www.meliconi.com\/es\/producto\/torre-quick\/#primaryimage"},"image":{"@id":"https:\/\/www.meliconi.com\/es\/producto\/torre-quick\/#primaryimage"},"thumbnailUrl":"https:\/\/www.meliconi.com\/wp-content\/uploads\/2024\/10\/656132_TORRE-QUICK-1.png","datePublished":"2024-10-18T13:42:00+00:00","dateModified":"2025-04-04T14:11:25+00:00","breadcrumb":{"@id":"https:\/\/www.meliconi.com\/es\/producto\/torre-quick\/#breadcrumb"},"inLanguage":"es","potentialAction":[{"@type":"ReadAction","target":["https:\/\/www.meliconi.com\/es\/producto\/torre-quick\/"]}]},{"@type":"ImageObject","inLanguage":"es","@id":"https:\/\/www.meliconi.com\/es\/producto\/torre-quick\/#primaryimage","url":"https:\/\/www.meliconi.com\/wp-content\/uploads\/2024\/10\/656132_TORRE-QUICK-1.png","contentUrl":"https:\/\/www.meliconi.com\/wp-content\/uploads\/2024\/10\/656132_TORRE-QUICK-1.png","width":5000,"height":3535},{"@type":"BreadcrumbList","@id":"https:\/\/www.meliconi.com\/es\/producto\/torre-quick\/#breadcrumb","itemListElement":[{"@type":"ListItem","position":1,"name":"Home","item":"https:\/\/www.meliconi.com\/es\/"},{"@type":"ListItem","position":2,"name":"Shop","item":"https:\/\/www.meliconi.com\/es\/shop-es\/"},{"@type":"ListItem","position":3,"name":"Torre Quick"}]},{"@type":"WebSite","@id":"https:\/\/www.meliconi.com\/es\/#website","url":"https:\/\/www.meliconi.com\/es\/","name":"Meliconi","description":"El especialista en accesorios ","publisher":{"@id":"https:\/\/www.meliconi.com\/es\/#organization"},"potentialAction":[{"@type":"SearchAction","target":{"@type":"EntryPoint","urlTemplate":"https:\/\/www.meliconi.com\/es\/?s={search_term_string}"},"query-input":{"@type":"PropertyValueSpecification","valueRequired":true,"valueName":"search_term_string"}}],"inLanguage":"es"},{"@type":"Organization","@id":"https:\/\/www.meliconi.com\/es\/#organization","name":"Meliconi","url":"https:\/\/www.meliconi.com\/es\/","logo":{"@type":"ImageObject","inLanguage":"es","@id":"https:\/\/www.meliconi.com\/es\/#\/schema\/logo\/image\/","url":"https:\/\/www.meliconi.com\/wp-content\/uploads\/2021\/06\/logo-meliconi.png","contentUrl":"https:\/\/www.meliconi.com\/wp-content\/uploads\/2021\/06\/logo-meliconi.png","width":338,"height":102,"caption":"Meliconi"},"image":{"@id":"https:\/\/www.meliconi.com\/es\/#\/schema\/logo\/image\/"}}]}},"_links":{"self":[{"href":"https:\/\/www.meliconi.com\/es\/wp-json\/wp\/v2\/product\/62204","targetHints":{"allow":["GET"]}}],"collection":[{"href":"https:\/\/www.meliconi.com\/es\/wp-json\/wp\/v2\/product"}],"about":[{"href":"https:\/\/www.meliconi.com\/es\/wp-json\/wp\/v2\/types\/product"}],"wp:featuredmedia":[{"embeddable":true,"href":"https:\/\/www.meliconi.com\/es\/wp-json\/wp\/v2\/media\/62254"}],"wp:attachment":[{"href":"https:\/\/www.meliconi.com\/es\/wp-json\/wp\/v2\/media?parent=62204"}],"wp:term":[{"taxonomy":"product_brand","embeddable":true,"href":"https:\/\/www.meliconi.com\/es\/wp-json\/wp\/v2\/product_brand?post=62204"},{"taxonomy":"product_cat","embeddable":true,"href":"https:\/\/www.meliconi.com\/es\/wp-json\/wp\/v2\/product_cat?post=62204"},{"taxonomy":"product_tag","embeddable":true,"href":"https:\/\/www.meliconi.com\/es\/wp-json\/wp\/v2\/product_tag?post=62204"}],"curies":[{"name":"wp","href":"https:\/\/api.w.org\/{rel}","templated":true}]}}