{"id":62136,"date":"2024-10-15T14:24:44","date_gmt":"2024-10-15T12:24:44","guid":{"rendered":"https:\/\/www.meliconi.com\/?post_type=product&#038;p=62136"},"modified":"2025-07-10T16:55:49","modified_gmt":"2025-07-10T14:55:49","slug":"eco-clean-suelos","status":"publish","type":"product","link":"https:\/\/www.meliconi.com\/es\/producto\/eco-clean-suelos\/","title":{"rendered":"Eco Clean Suelos"},"content":{"rendered":"<p data-start=\"79\" data-end=\"579\">El nuevo detergente multisuperficie <strong data-start=\"115\" data-end=\"144\">Meliconi Eco Clean Suelos<\/strong> est\u00e1 dise\u00f1ado para ser utilizado con fregonas pulverizadoras y robots de limpieza.<br data-start=\"227\" data-end=\"230\" \/>Gracias a su f\u00f3rmula sin espuma, con etanol de origen vegetal y SIN OGM, sin componentes a base de f\u00f3sforo ni EDTA, limpia en profundidad todas las superficies respetando el medioambiente.<br data-start=\"418\" data-end=\"421\" \/>Eficaz sobre suelos de madera, baldosas, laminados y otros, deja una fragancia fresca y delicada, asegurando un hogar brillante y seguro para toda la familia.<\/p>\n<p data-start=\"581\" data-end=\"698\">Cuenta con un c\u00f3modo tap\u00f3n dosificador y una tapa <strong data-start=\"631\" data-end=\"643\">flip top<\/strong>, ideal para el uso con todo tipo de electrodom\u00e9sticos.<\/p>\n<p data-start=\"700\" data-end=\"721\"><strong data-start=\"700\" data-end=\"721\">Envase de 1 litro<\/strong><\/p>\n<h3 data-start=\"723\" data-end=\"751\">Instrucciones de uso:<\/h3>\n<p data-start=\"753\" data-end=\"1219\">A\u00f1adir 1 tap\u00f3n del producto (aprox. 30 ml) al dep\u00f3sito de agua limpia.<br data-start=\"823\" data-end=\"826\" \/>En caso de limpieza profunda o intensiva, a\u00f1adir 2 tapones.<br data-start=\"885\" data-end=\"888\" \/>Rellenar con agua hasta el nivel m\u00e1ximo indicado en el dep\u00f3sito.<br data-start=\"952\" data-end=\"955\" \/>Consultar siempre las instrucciones del fabricante del electrodom\u00e9stico.<br data-start=\"1027\" data-end=\"1030\" \/>Si hay dudas sobre el tipo de superficie, realizar una prueba en una zona poco visible.<br data-start=\"1117\" data-end=\"1120\" \/>El producto podr\u00eda eliminar ceras u otros tratamientos aplicados previamente sobre las superficies.<\/p>\n","protected":false},"excerpt":{"rendered":"<p>MULTI SUPERFICIE<br \/>\nUNIVERSAL: se puede utilizar con escobas el\u00e9ctricas y robots con funci\u00f3n de fregado de todas las marcas<br \/>\nSIN ESPUMA<br \/>\nPROFUMO: fresco delicado y duradero<br \/>\nMADE IN ITALY: este producto est\u00e1 fabricado 100% en Italia<\/p>\n","protected":false},"featured_media":62141,"template":"","meta":{"_acf_changed":false},"product_brand":[],"product_cat":[431],"product_tag":[],"class_list":{"0":"post-62136","1":"product","2":"type-product","3":"status-publish","4":"has-post-thumbnail","6":"product_cat-linea-green-es","8":"first","9":"instock","10":"taxable","11":"shipping-taxable","12":"purchasable","13":"product-type-simple"},"acf":[],"yoast_head":"<!-- This site is optimized with the Yoast SEO plugin v27.4 - https:\/\/yoast.com\/product\/yoast-seo-wordpress\/ -->\n<title>Eco Clean Suelos - Meliconi<\/title>\n<meta name=\"robots\" content=\"index, follow, max-snippet:-1, max-image-preview:large, max-video-preview:-1\" \/>\n<link rel=\"canonical\" href=\"https:\/\/www.meliconi.com\/es\/producto\/eco-clean-suelos\/\" \/>\n<meta property=\"og:locale\" content=\"es_ES\" \/>\n<meta property=\"og:type\" content=\"article\" \/>\n<meta property=\"og:title\" content=\"Eco Clean Suelos - Meliconi\" \/>\n<meta property=\"og:description\" content=\"MULTI SUPERFICIE UNIVERSAL: se puede utilizar con escobas el\u00e9ctricas y robots con funci\u00f3n de fregado de todas las marcas SIN ESPUMA PROFUMO: fresco delicado y duradero MADE IN ITALY: este producto est\u00e1 fabricado 100% en Italia\" \/>\n<meta property=\"og:url\" content=\"https:\/\/www.meliconi.com\/es\/producto\/eco-clean-suelos\/\" \/>\n<meta property=\"og:site_name\" content=\"Meliconi\" \/>\n<meta property=\"article:modified_time\" content=\"2025-07-10T14:55:49+00:00\" \/>\n<meta property=\"og:image\" content=\"https:\/\/www.meliconi.com\/wp-content\/uploads\/2024\/10\/621029_ECO_CLEAN_pavimenti_ok-437x1024.png\" \/>\n\t<meta property=\"og:image:width\" content=\"437\" \/>\n\t<meta property=\"og:image:height\" content=\"1024\" \/>\n\t<meta property=\"og:image:type\" content=\"image\/png\" \/>\n<meta name=\"twitter:card\" content=\"summary_large_image\" \/>\n<meta name=\"twitter:label1\" content=\"Tiempo de lectura\" \/>\n\t<meta name=\"twitter:data1\" content=\"2 minutos\" \/>\n<script type=\"application\/ld+json\" class=\"yoast-schema-graph\">{\"@context\":\"https:\\\/\\\/schema.org\",\"@graph\":[{\"@type\":\"WebPage\",\"@id\":\"https:\\\/\\\/www.meliconi.com\\\/es\\\/producto\\\/eco-clean-suelos\\\/\",\"url\":\"https:\\\/\\\/www.meliconi.com\\\/es\\\/producto\\\/eco-clean-suelos\\\/\",\"name\":\"Eco Clean Suelos - Meliconi\",\"isPartOf\":{\"@id\":\"https:\\\/\\\/www.meliconi.com\\\/es\\\/#website\"},\"primaryImageOfPage\":{\"@id\":\"https:\\\/\\\/www.meliconi.com\\\/es\\\/producto\\\/eco-clean-suelos\\\/#primaryimage\"},\"image\":{\"@id\":\"https:\\\/\\\/www.meliconi.com\\\/es\\\/producto\\\/eco-clean-suelos\\\/#primaryimage\"},\"thumbnailUrl\":\"https:\\\/\\\/www.meliconi.com\\\/wp-content\\\/uploads\\\/2024\\\/10\\\/621029_ECO_CLEAN_pavimenti_ok.png\",\"datePublished\":\"2024-10-15T12:24:44+00:00\",\"dateModified\":\"2025-07-10T14:55:49+00:00\",\"breadcrumb\":{\"@id\":\"https:\\\/\\\/www.meliconi.com\\\/es\\\/producto\\\/eco-clean-suelos\\\/#breadcrumb\"},\"inLanguage\":\"es\",\"potentialAction\":[{\"@type\":\"ReadAction\",\"target\":[\"https:\\\/\\\/www.meliconi.com\\\/es\\\/producto\\\/eco-clean-suelos\\\/\"]}]},{\"@type\":\"ImageObject\",\"inLanguage\":\"es\",\"@id\":\"https:\\\/\\\/www.meliconi.com\\\/es\\\/producto\\\/eco-clean-suelos\\\/#primaryimage\",\"url\":\"https:\\\/\\\/www.meliconi.com\\\/wp-content\\\/uploads\\\/2024\\\/10\\\/621029_ECO_CLEAN_pavimenti_ok.png\",\"contentUrl\":\"https:\\\/\\\/www.meliconi.com\\\/wp-content\\\/uploads\\\/2024\\\/10\\\/621029_ECO_CLEAN_pavimenti_ok.png\",\"width\":1496,\"height\":3508},{\"@type\":\"BreadcrumbList\",\"@id\":\"https:\\\/\\\/www.meliconi.com\\\/es\\\/producto\\\/eco-clean-suelos\\\/#breadcrumb\",\"itemListElement\":[{\"@type\":\"ListItem\",\"position\":1,\"name\":\"Home\",\"item\":\"https:\\\/\\\/www.meliconi.com\\\/es\\\/\"},{\"@type\":\"ListItem\",\"position\":2,\"name\":\"Shop\",\"item\":\"https:\\\/\\\/www.meliconi.com\\\/es\\\/shop-es\\\/\"},{\"@type\":\"ListItem\",\"position\":3,\"name\":\"Eco Clean Suelos\"}]},{\"@type\":\"WebSite\",\"@id\":\"https:\\\/\\\/www.meliconi.com\\\/es\\\/#website\",\"url\":\"https:\\\/\\\/www.meliconi.com\\\/es\\\/\",\"name\":\"Meliconi\",\"description\":\"El especialista en accesorios \",\"publisher\":{\"@id\":\"https:\\\/\\\/www.meliconi.com\\\/es\\\/#organization\"},\"potentialAction\":[{\"@type\":\"SearchAction\",\"target\":{\"@type\":\"EntryPoint\",\"urlTemplate\":\"https:\\\/\\\/www.meliconi.com\\\/es\\\/?s={search_term_string}\"},\"query-input\":{\"@type\":\"PropertyValueSpecification\",\"valueRequired\":true,\"valueName\":\"search_term_string\"}}],\"inLanguage\":\"es\"},{\"@type\":\"Organization\",\"@id\":\"https:\\\/\\\/www.meliconi.com\\\/es\\\/#organization\",\"name\":\"Meliconi\",\"url\":\"https:\\\/\\\/www.meliconi.com\\\/es\\\/\",\"logo\":{\"@type\":\"ImageObject\",\"inLanguage\":\"es\",\"@id\":\"https:\\\/\\\/www.meliconi.com\\\/es\\\/#\\\/schema\\\/logo\\\/image\\\/\",\"url\":\"https:\\\/\\\/www.meliconi.com\\\/wp-content\\\/uploads\\\/2021\\\/06\\\/logo-meliconi.png\",\"contentUrl\":\"https:\\\/\\\/www.meliconi.com\\\/wp-content\\\/uploads\\\/2021\\\/06\\\/logo-meliconi.png\",\"width\":338,\"height\":102,\"caption\":\"Meliconi\"},\"image\":{\"@id\":\"https:\\\/\\\/www.meliconi.com\\\/es\\\/#\\\/schema\\\/logo\\\/image\\\/\"}}]}<\/script>\n<!-- \/ Yoast SEO plugin. -->","yoast_head_json":{"title":"Eco Clean Suelos - Meliconi","robots":{"index":"index","follow":"follow","max-snippet":"max-snippet:-1","max-image-preview":"max-image-preview:large","max-video-preview":"max-video-preview:-1"},"canonical":"https:\/\/www.meliconi.com\/es\/producto\/eco-clean-suelos\/","og_locale":"es_ES","og_type":"article","og_title":"Eco Clean Suelos - Meliconi","og_description":"MULTI SUPERFICIE UNIVERSAL: se puede utilizar con escobas el\u00e9ctricas y robots con funci\u00f3n de fregado de todas las marcas SIN ESPUMA PROFUMO: fresco delicado y duradero MADE IN ITALY: este producto est\u00e1 fabricado 100% en Italia","og_url":"https:\/\/www.meliconi.com\/es\/producto\/eco-clean-suelos\/","og_site_name":"Meliconi","article_modified_time":"2025-07-10T14:55:49+00:00","og_image":[{"width":437,"height":1024,"url":"https:\/\/www.meliconi.com\/wp-content\/uploads\/2024\/10\/621029_ECO_CLEAN_pavimenti_ok-437x1024.png","type":"image\/png"}],"twitter_card":"summary_large_image","twitter_misc":{"Tiempo de lectura":"2 minutos"},"schema":{"@context":"https:\/\/schema.org","@graph":[{"@type":"WebPage","@id":"https:\/\/www.meliconi.com\/es\/producto\/eco-clean-suelos\/","url":"https:\/\/www.meliconi.com\/es\/producto\/eco-clean-suelos\/","name":"Eco Clean Suelos - Meliconi","isPartOf":{"@id":"https:\/\/www.meliconi.com\/es\/#website"},"primaryImageOfPage":{"@id":"https:\/\/www.meliconi.com\/es\/producto\/eco-clean-suelos\/#primaryimage"},"image":{"@id":"https:\/\/www.meliconi.com\/es\/producto\/eco-clean-suelos\/#primaryimage"},"thumbnailUrl":"https:\/\/www.meliconi.com\/wp-content\/uploads\/2024\/10\/621029_ECO_CLEAN_pavimenti_ok.png","datePublished":"2024-10-15T12:24:44+00:00","dateModified":"2025-07-10T14:55:49+00:00","breadcrumb":{"@id":"https:\/\/www.meliconi.com\/es\/producto\/eco-clean-suelos\/#breadcrumb"},"inLanguage":"es","potentialAction":[{"@type":"ReadAction","target":["https:\/\/www.meliconi.com\/es\/producto\/eco-clean-suelos\/"]}]},{"@type":"ImageObject","inLanguage":"es","@id":"https:\/\/www.meliconi.com\/es\/producto\/eco-clean-suelos\/#primaryimage","url":"https:\/\/www.meliconi.com\/wp-content\/uploads\/2024\/10\/621029_ECO_CLEAN_pavimenti_ok.png","contentUrl":"https:\/\/www.meliconi.com\/wp-content\/uploads\/2024\/10\/621029_ECO_CLEAN_pavimenti_ok.png","width":1496,"height":3508},{"@type":"BreadcrumbList","@id":"https:\/\/www.meliconi.com\/es\/producto\/eco-clean-suelos\/#breadcrumb","itemListElement":[{"@type":"ListItem","position":1,"name":"Home","item":"https:\/\/www.meliconi.com\/es\/"},{"@type":"ListItem","position":2,"name":"Shop","item":"https:\/\/www.meliconi.com\/es\/shop-es\/"},{"@type":"ListItem","position":3,"name":"Eco Clean Suelos"}]},{"@type":"WebSite","@id":"https:\/\/www.meliconi.com\/es\/#website","url":"https:\/\/www.meliconi.com\/es\/","name":"Meliconi","description":"El especialista en accesorios ","publisher":{"@id":"https:\/\/www.meliconi.com\/es\/#organization"},"potentialAction":[{"@type":"SearchAction","target":{"@type":"EntryPoint","urlTemplate":"https:\/\/www.meliconi.com\/es\/?s={search_term_string}"},"query-input":{"@type":"PropertyValueSpecification","valueRequired":true,"valueName":"search_term_string"}}],"inLanguage":"es"},{"@type":"Organization","@id":"https:\/\/www.meliconi.com\/es\/#organization","name":"Meliconi","url":"https:\/\/www.meliconi.com\/es\/","logo":{"@type":"ImageObject","inLanguage":"es","@id":"https:\/\/www.meliconi.com\/es\/#\/schema\/logo\/image\/","url":"https:\/\/www.meliconi.com\/wp-content\/uploads\/2021\/06\/logo-meliconi.png","contentUrl":"https:\/\/www.meliconi.com\/wp-content\/uploads\/2021\/06\/logo-meliconi.png","width":338,"height":102,"caption":"Meliconi"},"image":{"@id":"https:\/\/www.meliconi.com\/es\/#\/schema\/logo\/image\/"}}]}},"_links":{"self":[{"href":"https:\/\/www.meliconi.com\/es\/wp-json\/wp\/v2\/product\/62136","targetHints":{"allow":["GET"]}}],"collection":[{"href":"https:\/\/www.meliconi.com\/es\/wp-json\/wp\/v2\/product"}],"about":[{"href":"https:\/\/www.meliconi.com\/es\/wp-json\/wp\/v2\/types\/product"}],"wp:featuredmedia":[{"embeddable":true,"href":"https:\/\/www.meliconi.com\/es\/wp-json\/wp\/v2\/media\/62141"}],"wp:attachment":[{"href":"https:\/\/www.meliconi.com\/es\/wp-json\/wp\/v2\/media?parent=62136"}],"wp:term":[{"taxonomy":"product_brand","embeddable":true,"href":"https:\/\/www.meliconi.com\/es\/wp-json\/wp\/v2\/product_brand?post=62136"},{"taxonomy":"product_cat","embeddable":true,"href":"https:\/\/www.meliconi.com\/es\/wp-json\/wp\/v2\/product_cat?post=62136"},{"taxonomy":"product_tag","embeddable":true,"href":"https:\/\/www.meliconi.com\/es\/wp-json\/wp\/v2\/product_tag?post=62136"}],"curies":[{"name":"wp","href":"https:\/\/api.w.org\/{rel}","templated":true}]}}