{"id":59649,"date":"2024-06-20T07:38:31","date_gmt":"2024-06-20T05:38:31","guid":{"rendered":"https:\/\/www.meliconi.com\/prodotto\/flatstyle-ftr400-cg\/"},"modified":"2025-04-15T10:45:08","modified_gmt":"2025-04-15T08:45:08","slug":"flatstyle-ftr400-cg","status":"publish","type":"product","link":"https:\/\/www.meliconi.com\/es\/producto\/flatstyle-ftr400-cg\/","title":{"rendered":"FLATSTYLE FTR400"},"content":{"rendered":"<div class=\"flex flex-grow flex-col max-w-full\">\n<div class=\"min-h-[20px] text-message flex w-full flex-col items-end gap-2 whitespace-pre-wrap break-words [.text-message+&amp;]:mt-5 overflow-x-auto\" dir=\"auto\" data-message-author-role=\"assistant\" data-message-id=\"533efa49-f597-4bc1-93ee-7983d9a4fc0e\">\n<div class=\"flex w-full flex-col gap-1 empty:hidden first:pt-[3px]\">\n<div class=\"markdown prose w-full break-words dark:prose-invert light\">\n<p>Soporte de TV con rotaci\u00f3n verticalFlatstyle Meliconi es sin\u00f3nimo de tecnolog\u00edas de vanguardia a un precio accesible. Nuestros soportes de TV, 100% Made in Italy, son f\u00e1ciles de instalar y duraderos (5 a\u00f1os de garant\u00eda). Elige la calidad italiana de Meliconi y disfruta de una experiencia de visualizaci\u00f3n de TV sin compromisos.<\/p>\n<p>Gracias al innovador sistema TILT&amp;TURN de Meliconi, puedes inclinar y girar tu TV, incluso las de gran tama\u00f1o, sin utilizar herramientas, de manera segura y sin esfuerzo.<\/p>\n<p>Gracias a la tecnolog\u00eda FASTBLOCK, el soporte es f\u00e1cil, seguro y r\u00e1pido de instalar. Instala la TV en pocos pasos: atornilla los soportes en la parte posterior de la TV, eng\u00e1nchala a la placa y, con un \u00abclic,\u00bb \u00a1la TV estar\u00e1 correctamente posicionada!<\/p>\n<p>Flatstyle FTR400 es un soporte adecuado para todos los televisores con perforaciones VESA de 200-300-400 mm, desde 40 hasta 75 pulgadas, con una capacidad m\u00e1xima de carga de 45 kg (30 kg en cart\u00f3n yeso) y una distancia m\u00ednima de la pared de 10 c<\/p>\n<\/div>\n<\/div>\n<\/div>\n<\/div>\n<div class=\"mt-1 flex gap-3 empty:hidden -ml-2\">\n<div class=\"items-center justify-start rounded-xl p-1 flex\">\n<div class=\"flex items-center\"><button class=\"rounded-lg text-token-text-secondary hover:bg-token-main-surface-secondary\">\u00a0<\/button><\/div>\n<\/div>\n<\/div>\n<div style=\"width: 1920px;\" class=\"wp-video\"><video class=\"wp-video-shortcode\" id=\"video-59649-1\" width=\"1920\" height=\"1080\" preload=\"metadata\" controls=\"controls\"><source type=\"video\/mp4\" src=\"https:\/\/www.meliconi.com\/wp-content\/uploads\/2024\/01\/MELICONI-TiltTurnvsTilting.mp4?_=1\" \/><a href=\"https:\/\/www.meliconi.com\/wp-content\/uploads\/2024\/01\/MELICONI-TiltTurnvsTilting.mp4\">https:\/\/www.meliconi.com\/wp-content\/uploads\/2024\/01\/MELICONI-TiltTurnvsTilting.mp4<\/a><\/video><\/div>\n","protected":false},"excerpt":{"rendered":"<p>Soporte de TV con rotaci\u00f3n vertical<\/p>\n","protected":false},"featured_media":34051,"template":"","meta":{"_acf_changed":false},"product_brand":[],"product_cat":[26],"product_tag":[],"class_list":{"0":"post-59649","1":"product","2":"type-product","3":"status-publish","4":"has-post-thumbnail","6":"product_cat-cat-audio","7":"pa_movimento-supporto-tilted-es","9":"first","10":"instock","11":"taxable","12":"shipping-taxable","13":"purchasable","14":"product-type-simple"},"acf":[],"yoast_head":"<!-- This site is optimized with the Yoast SEO plugin v27.4 - https:\/\/yoast.com\/product\/yoast-seo-wordpress\/ -->\n<title>FLATSTYLE FTR400 - Meliconi<\/title>\n<meta name=\"robots\" content=\"index, follow, max-snippet:-1, max-image-preview:large, max-video-preview:-1\" \/>\n<link rel=\"canonical\" href=\"https:\/\/www.meliconi.com\/es\/producto\/flatstyle-ftr400-cg\/\" \/>\n<meta property=\"og:locale\" content=\"es_ES\" \/>\n<meta property=\"og:type\" content=\"article\" \/>\n<meta property=\"og:title\" content=\"FLATSTYLE FTR400 - Meliconi\" \/>\n<meta property=\"og:description\" content=\"Soporte de TV con rotaci\u00f3n vertical\" \/>\n<meta property=\"og:url\" content=\"https:\/\/www.meliconi.com\/es\/producto\/flatstyle-ftr400-cg\/\" \/>\n<meta property=\"og:site_name\" content=\"Meliconi\" \/>\n<meta property=\"article:modified_time\" content=\"2025-04-15T08:45:08+00:00\" \/>\n<meta property=\"og:image\" content=\"https:\/\/www.meliconi.com\/wp-content\/uploads\/2024\/01\/580470_FLATSTYLE_FTR400-tre-quarti-916x1024.png\" \/>\n\t<meta property=\"og:image:width\" content=\"916\" \/>\n\t<meta property=\"og:image:height\" content=\"1024\" \/>\n\t<meta property=\"og:image:type\" content=\"image\/png\" \/>\n<meta name=\"twitter:card\" content=\"summary_large_image\" \/>\n<meta name=\"twitter:label1\" content=\"Tiempo de lectura\" \/>\n\t<meta name=\"twitter:data1\" content=\"2 minutos\" \/>\n<script type=\"application\/ld+json\" class=\"yoast-schema-graph\">{\"@context\":\"https:\\\/\\\/schema.org\",\"@graph\":[{\"@type\":\"WebPage\",\"@id\":\"https:\\\/\\\/www.meliconi.com\\\/es\\\/producto\\\/flatstyle-ftr400-cg\\\/\",\"url\":\"https:\\\/\\\/www.meliconi.com\\\/es\\\/producto\\\/flatstyle-ftr400-cg\\\/\",\"name\":\"FLATSTYLE FTR400 - Meliconi\",\"isPartOf\":{\"@id\":\"https:\\\/\\\/www.meliconi.com\\\/es\\\/#website\"},\"primaryImageOfPage\":{\"@id\":\"https:\\\/\\\/www.meliconi.com\\\/es\\\/producto\\\/flatstyle-ftr400-cg\\\/#primaryimage\"},\"image\":{\"@id\":\"https:\\\/\\\/www.meliconi.com\\\/es\\\/producto\\\/flatstyle-ftr400-cg\\\/#primaryimage\"},\"thumbnailUrl\":\"https:\\\/\\\/www.meliconi.com\\\/wp-content\\\/uploads\\\/2024\\\/01\\\/580470_FLATSTYLE_FTR400-tre-quarti.png\",\"datePublished\":\"2024-06-20T05:38:31+00:00\",\"dateModified\":\"2025-04-15T08:45:08+00:00\",\"breadcrumb\":{\"@id\":\"https:\\\/\\\/www.meliconi.com\\\/es\\\/producto\\\/flatstyle-ftr400-cg\\\/#breadcrumb\"},\"inLanguage\":\"es\",\"potentialAction\":[{\"@type\":\"ReadAction\",\"target\":[\"https:\\\/\\\/www.meliconi.com\\\/es\\\/producto\\\/flatstyle-ftr400-cg\\\/\"]}]},{\"@type\":\"ImageObject\",\"inLanguage\":\"es\",\"@id\":\"https:\\\/\\\/www.meliconi.com\\\/es\\\/producto\\\/flatstyle-ftr400-cg\\\/#primaryimage\",\"url\":\"https:\\\/\\\/www.meliconi.com\\\/wp-content\\\/uploads\\\/2024\\\/01\\\/580470_FLATSTYLE_FTR400-tre-quarti.png\",\"contentUrl\":\"https:\\\/\\\/www.meliconi.com\\\/wp-content\\\/uploads\\\/2024\\\/01\\\/580470_FLATSTYLE_FTR400-tre-quarti.png\",\"width\":3163,\"height\":3536},{\"@type\":\"BreadcrumbList\",\"@id\":\"https:\\\/\\\/www.meliconi.com\\\/es\\\/producto\\\/flatstyle-ftr400-cg\\\/#breadcrumb\",\"itemListElement\":[{\"@type\":\"ListItem\",\"position\":1,\"name\":\"Home\",\"item\":\"https:\\\/\\\/www.meliconi.com\\\/es\\\/\"},{\"@type\":\"ListItem\",\"position\":2,\"name\":\"Shop\",\"item\":\"https:\\\/\\\/www.meliconi.com\\\/es\\\/shop-es\\\/\"},{\"@type\":\"ListItem\",\"position\":3,\"name\":\"FLATSTYLE FTR400\"}]},{\"@type\":\"WebSite\",\"@id\":\"https:\\\/\\\/www.meliconi.com\\\/es\\\/#website\",\"url\":\"https:\\\/\\\/www.meliconi.com\\\/es\\\/\",\"name\":\"Meliconi\",\"description\":\"El especialista en accesorios \",\"publisher\":{\"@id\":\"https:\\\/\\\/www.meliconi.com\\\/es\\\/#organization\"},\"potentialAction\":[{\"@type\":\"SearchAction\",\"target\":{\"@type\":\"EntryPoint\",\"urlTemplate\":\"https:\\\/\\\/www.meliconi.com\\\/es\\\/?s={search_term_string}\"},\"query-input\":{\"@type\":\"PropertyValueSpecification\",\"valueRequired\":true,\"valueName\":\"search_term_string\"}}],\"inLanguage\":\"es\"},{\"@type\":\"Organization\",\"@id\":\"https:\\\/\\\/www.meliconi.com\\\/es\\\/#organization\",\"name\":\"Meliconi\",\"url\":\"https:\\\/\\\/www.meliconi.com\\\/es\\\/\",\"logo\":{\"@type\":\"ImageObject\",\"inLanguage\":\"es\",\"@id\":\"https:\\\/\\\/www.meliconi.com\\\/es\\\/#\\\/schema\\\/logo\\\/image\\\/\",\"url\":\"https:\\\/\\\/www.meliconi.com\\\/wp-content\\\/uploads\\\/2021\\\/06\\\/logo-meliconi.png\",\"contentUrl\":\"https:\\\/\\\/www.meliconi.com\\\/wp-content\\\/uploads\\\/2021\\\/06\\\/logo-meliconi.png\",\"width\":338,\"height\":102,\"caption\":\"Meliconi\"},\"image\":{\"@id\":\"https:\\\/\\\/www.meliconi.com\\\/es\\\/#\\\/schema\\\/logo\\\/image\\\/\"}}]}<\/script>\n<!-- \/ Yoast SEO plugin. -->","yoast_head_json":{"title":"FLATSTYLE FTR400 - Meliconi","robots":{"index":"index","follow":"follow","max-snippet":"max-snippet:-1","max-image-preview":"max-image-preview:large","max-video-preview":"max-video-preview:-1"},"canonical":"https:\/\/www.meliconi.com\/es\/producto\/flatstyle-ftr400-cg\/","og_locale":"es_ES","og_type":"article","og_title":"FLATSTYLE FTR400 - Meliconi","og_description":"Soporte de TV con rotaci\u00f3n vertical","og_url":"https:\/\/www.meliconi.com\/es\/producto\/flatstyle-ftr400-cg\/","og_site_name":"Meliconi","article_modified_time":"2025-04-15T08:45:08+00:00","og_image":[{"width":916,"height":1024,"url":"https:\/\/www.meliconi.com\/wp-content\/uploads\/2024\/01\/580470_FLATSTYLE_FTR400-tre-quarti-916x1024.png","type":"image\/png"}],"twitter_card":"summary_large_image","twitter_misc":{"Tiempo de lectura":"2 minutos"},"schema":{"@context":"https:\/\/schema.org","@graph":[{"@type":"WebPage","@id":"https:\/\/www.meliconi.com\/es\/producto\/flatstyle-ftr400-cg\/","url":"https:\/\/www.meliconi.com\/es\/producto\/flatstyle-ftr400-cg\/","name":"FLATSTYLE FTR400 - Meliconi","isPartOf":{"@id":"https:\/\/www.meliconi.com\/es\/#website"},"primaryImageOfPage":{"@id":"https:\/\/www.meliconi.com\/es\/producto\/flatstyle-ftr400-cg\/#primaryimage"},"image":{"@id":"https:\/\/www.meliconi.com\/es\/producto\/flatstyle-ftr400-cg\/#primaryimage"},"thumbnailUrl":"https:\/\/www.meliconi.com\/wp-content\/uploads\/2024\/01\/580470_FLATSTYLE_FTR400-tre-quarti.png","datePublished":"2024-06-20T05:38:31+00:00","dateModified":"2025-04-15T08:45:08+00:00","breadcrumb":{"@id":"https:\/\/www.meliconi.com\/es\/producto\/flatstyle-ftr400-cg\/#breadcrumb"},"inLanguage":"es","potentialAction":[{"@type":"ReadAction","target":["https:\/\/www.meliconi.com\/es\/producto\/flatstyle-ftr400-cg\/"]}]},{"@type":"ImageObject","inLanguage":"es","@id":"https:\/\/www.meliconi.com\/es\/producto\/flatstyle-ftr400-cg\/#primaryimage","url":"https:\/\/www.meliconi.com\/wp-content\/uploads\/2024\/01\/580470_FLATSTYLE_FTR400-tre-quarti.png","contentUrl":"https:\/\/www.meliconi.com\/wp-content\/uploads\/2024\/01\/580470_FLATSTYLE_FTR400-tre-quarti.png","width":3163,"height":3536},{"@type":"BreadcrumbList","@id":"https:\/\/www.meliconi.com\/es\/producto\/flatstyle-ftr400-cg\/#breadcrumb","itemListElement":[{"@type":"ListItem","position":1,"name":"Home","item":"https:\/\/www.meliconi.com\/es\/"},{"@type":"ListItem","position":2,"name":"Shop","item":"https:\/\/www.meliconi.com\/es\/shop-es\/"},{"@type":"ListItem","position":3,"name":"FLATSTYLE FTR400"}]},{"@type":"WebSite","@id":"https:\/\/www.meliconi.com\/es\/#website","url":"https:\/\/www.meliconi.com\/es\/","name":"Meliconi","description":"El especialista en accesorios ","publisher":{"@id":"https:\/\/www.meliconi.com\/es\/#organization"},"potentialAction":[{"@type":"SearchAction","target":{"@type":"EntryPoint","urlTemplate":"https:\/\/www.meliconi.com\/es\/?s={search_term_string}"},"query-input":{"@type":"PropertyValueSpecification","valueRequired":true,"valueName":"search_term_string"}}],"inLanguage":"es"},{"@type":"Organization","@id":"https:\/\/www.meliconi.com\/es\/#organization","name":"Meliconi","url":"https:\/\/www.meliconi.com\/es\/","logo":{"@type":"ImageObject","inLanguage":"es","@id":"https:\/\/www.meliconi.com\/es\/#\/schema\/logo\/image\/","url":"https:\/\/www.meliconi.com\/wp-content\/uploads\/2021\/06\/logo-meliconi.png","contentUrl":"https:\/\/www.meliconi.com\/wp-content\/uploads\/2021\/06\/logo-meliconi.png","width":338,"height":102,"caption":"Meliconi"},"image":{"@id":"https:\/\/www.meliconi.com\/es\/#\/schema\/logo\/image\/"}}]}},"_links":{"self":[{"href":"https:\/\/www.meliconi.com\/es\/wp-json\/wp\/v2\/product\/59649","targetHints":{"allow":["GET"]}}],"collection":[{"href":"https:\/\/www.meliconi.com\/es\/wp-json\/wp\/v2\/product"}],"about":[{"href":"https:\/\/www.meliconi.com\/es\/wp-json\/wp\/v2\/types\/product"}],"wp:featuredmedia":[{"embeddable":true,"href":"https:\/\/www.meliconi.com\/es\/wp-json\/wp\/v2\/media\/34051"}],"wp:attachment":[{"href":"https:\/\/www.meliconi.com\/es\/wp-json\/wp\/v2\/media?parent=59649"}],"wp:term":[{"taxonomy":"product_brand","embeddable":true,"href":"https:\/\/www.meliconi.com\/es\/wp-json\/wp\/v2\/product_brand?post=59649"},{"taxonomy":"product_cat","embeddable":true,"href":"https:\/\/www.meliconi.com\/es\/wp-json\/wp\/v2\/product_cat?post=59649"},{"taxonomy":"product_tag","embeddable":true,"href":"https:\/\/www.meliconi.com\/es\/wp-json\/wp\/v2\/product_tag?post=59649"}],"curies":[{"name":"wp","href":"https:\/\/api.w.org\/{rel}","templated":true}]}}